{"id":9138,"date":"2023-03-07T13:16:30","date_gmt":"2023-03-07T12:16:30","guid":{"rendered":"https:\/\/www.scandbook.com\/om-oss\/esg\/code-of-conduct\/"},"modified":"2024-04-30T08:57:45","modified_gmt":"2024-04-30T07:57:45","slug":"scandbook-policy","status":"publish","type":"page","link":"https:\/\/www.scandbook.com\/sv\/esg\/scandbook-policy\/","title":{"rendered":"ScandBook policy"},"content":{"rendered":"\n<div  class='tabcontainer av-lfjn3epz-8ea0aeac949fe1b748cb5f1c518405f6 top_tab  avia-builder-el-1  el_after_av_codeblock  avia-builder-el-last '>\n<section class='av_tab_section av_tab_section av-lfjn0pmz-31db981dc3fe2ccba6fe872c3c4df2dc'  itemscope=\"itemscope\" itemtype=\"https:\/\/schema.org\/CreativeWork\" ><div id='tab-id-1-tab' class='tab active_tab' role='tab' aria-selected=\"true\" tabindex=\"0\" data-fake-id='#tab-id-1' aria-controls='tab-id-1-content'  itemprop=\"headline\" >Kvalitets- och Milj\u00f6policy<\/div><div id='tab-id-1-content' class='tab_content active_tab_content' role='tabpanel' aria-labelledby='tab-id-1-tab' aria-hidden=\"false\"><div class='tab_inner_content invers-color'  itemprop=\"text\" ><h2>Kvalitets- och Milj\u00f6policy<\/h2>\n<p>ScandBook skall ses som en professionell strategisk bokproducent och partner i syfte att f\u00f6rst\u00e4rka kundens varum\u00e4rke och aff\u00e4rer.<\/p>\n<p>Vi verkar f\u00f6r l\u00e5ngsiktiga samarbeten med v\u00e5ra kunder och ser varje uppdrag som ett m\u00f6jligt referensuppdrag f\u00f6r nya uppdrag.<\/p>\n<p>Vi tillhandah\u00e5ller produkter och tj\u00e4nster som svarar upp mot kundens krav och f\u00f6rv\u00e4ntningar och levereras i r\u00e4tt tid. Vi arbetar f\u00f6r att produkterna ska vara s\u00e5 skonsamma som m\u00f6jligt f\u00f6r h\u00e4lsa och milj\u00f6.<\/p>\n<p>Vi verkar inom de etiska regler som g\u00e4ller inom branschen samtidigt som vi uppfyller lagar, avtal och myndighetskrav inom milj\u00f6omr\u00e5det.<\/p>\n<p>Vi str\u00e4var kontinuerligt efter att f\u00f6rb\u00e4ttra v\u00e5ra m\u00e4tbara resultat inom kvalitets- och milj\u00f6omr\u00e5det.<\/p>\n<p>Vi m\u00e4ter \u00e5rligen v\u00e5rt CO2-utsl\u00e4pp och \u00e4r sedan 2022 medlem av SBTI.<\/p>\n<p>Alla medarbetare ska k\u00e4nna delaktighet i v\u00e5rt kvalitets- och milj\u00f6arbete.<\/p>\n<\/div><\/div><\/section>\n<section class='av_tab_section av_tab_section av-lfjn1sgh-80ea400020aea7fa0de19a89ede47585'  itemscope=\"itemscope\" itemtype=\"https:\/\/schema.org\/CreativeWork\" ><div id='tab-id-2-tab' class='tab' role='tab' aria-selected=\"false\" tabindex=\"0\" data-fake-id='#tab-id-2' aria-controls='tab-id-2-content'  itemprop=\"headline\" >Integritetspolicy<\/div><div id='tab-id-2-content' class='tab_content' role='tabpanel' aria-labelledby='tab-id-2-tab' aria-hidden=\"true\"><div class='tab_inner_content invers-color'  itemprop=\"text\" ><h2>Integritetspolicy<\/h2>\n<p><em>2024-01-03<\/em><\/p>\n<h3>Inledning och syfte<\/h3>\n<p>Din integritet \u00e4r viktig f\u00f6r oss, d\u00e4rf\u00f6r har vi uppr\u00e4ttat den h\u00e4r policyn f\u00f6r att tydligg\u00f6ra hur vi arbetar f\u00f6r att tillvara ta dina r\u00e4ttigheter och din integritet.<\/p>\n<p>Syftet \u00e4r att ge en \u00f6verblick i hur vi behandlar dina personuppgifter och vad vi anv\u00e4nder dem till.<br \/>\nDen nya dataskyddslagstiftningen GDPR (<em>General Data Protection Regulation) <\/em>ligger till grund f\u00f6r v\u00e5ran policy. F\u00f6rordningen g\u00e4ller fr\u00e5n och med 25 maj 2018 och ers\u00e4tter personuppgiftslagen (PuL). F\u00f6r mer information om dataskyddsf\u00f6rordningen, se datainspektionens hemsida:\u00a0<a href=\"http:\/\/www.datainspektionen.se\/dataskyddsreformen\">www.datainspektionen.se\/dataskyddsreformen<\/a><\/p>\n<h3>Behandling av personuppgifter<\/h3>\n<p>Vi behandlar f\u00f6rst och fr\u00e4mst personuppgifter f\u00f6r att fullf\u00f6lja v\u00e5ra f\u00f6rpliktelser gentemot dig. Vi str\u00e4var efter att inte behandla fler personuppgifter \u00e4n n\u00f6dv\u00e4ndigt f\u00f6r \u00e4ndam\u00e5let.<\/p>\n<p>Vi beh\u00f6ver ocks\u00e5 dina personuppgifter f\u00f6r att ge dig bra service exempelvis vad g\u00e4ller aff\u00e4rer, uppf\u00f6ljning och information. Vi kan ocks\u00e5 beh\u00f6va dina personuppgifter f\u00f6r att uppfylla lagar samt utf\u00f6ra kund- och marknadsanalyser.<\/p>\n<p>Personuppgifter behandlas endast n\u00e4r vi har laglig grund (f\u00f6r att fullg\u00f6ra f\u00f6rpliktelser enligt avtal och lag). Personuppgifter som l\u00e4mnas in av dig kan komma att anv\u00e4ndas intern av oss eller till kommunikation och marknadsf\u00f6ring.<\/p>\n<ul>\n<li>Nyhetsbrev<\/li>\n<li>Tryckta utskick<\/li>\n<li>Best\u00e4lla varor<\/li>\n<li>Leverera varor<\/li>\n<\/ul>\n<p>Exempel p\u00e5 personuppgifter vi behandlar:<\/p>\n<ul>\n<li>Namn<\/li>\n<li>Adress<\/li>\n<li>E-postadress<\/li>\n<li>Telefonnummer<\/li>\n<li>Faxnummer<\/li>\n<li>Befattning<\/li>\n<li>Organisationsnummer<\/li>\n<\/ul>\n<h3>Dina r\u00e4ttigheter<\/h3>\n<p>Du har som person r\u00e4tt till f\u00f6ljande:<\/p>\n<ul>\n<li>Tillg\u00e5ng till dina personuppgifter<\/li>\n<li>F\u00e5 felaktiga personuppgifter r\u00e4ttade<\/li>\n<li>F\u00e5 dina personuppgifter raderade<\/li>\n<li>Flytta dina personuppgifter (dataportabilitet)<\/li>\n<\/ul>\n<p>Enligt bokf\u00f6ringslagen skall persondata lagras i minst 7 \u00e5r s\u00e5 h\u00e4r g\u00e4ller inte \u201dF\u00e5 dina personuppgifter raderade\u201d. Om relation mellan ScandBook och kund, prospekt eller leverant\u00f6r upph\u00f6r skall data raderas eller anonymiseras vid \u00e5rlig revision. Vid beg\u00e4ran om borttagning av personuppgift skall detta ske inom 3 m\u00e5nader. Du kan \u00e4ven beg\u00e4ra ett registerutdrag f\u00f6r att f\u00e5 tillg\u00e5ng till de personuppgifter vi behandlar om dig.<\/p>\n<h3>Insamling av personuppgifter<\/h3>\n<p>Vi f\u00f6r tillg\u00e5ng till dina personuppgifter n\u00e4r:<\/p>\n<ul>\n<li>Du bes\u00f6ker oss eller p\u00e5 annat s\u00e4tt kontaktar oss<\/li>\n<li>Du beg\u00e4r en offert eller kontaktar oss via v\u00e5ran hemsida<\/li>\n<li>Vi s\u00f6ker i offentliga register<\/li>\n<li>Du anlitar en av v\u00e5ra medarbetare<\/li>\n<li>Du anm\u00e4ler dig till v\u00e5ra events eller seminarier<\/li>\n<li>Du anm\u00e4ler dig till nyhetsbrev och andra utskick<\/li>\n<li>Du svara p\u00e5 enk\u00e4ter och unders\u00f6kningar<\/li>\n<\/ul>\n<h3>S\u00e4kerhet vid behandling av personuppgifter<\/h3>\n<p>F\u00f6r att dina personuppgifter skall behandlas p\u00e5 ett s\u00e4kert s\u00e4tt utarbetar vi regler och rutiner f\u00f6r detta. Vi kartl\u00e4gger och specificerar vem som har tillg\u00e5ng till vad i v\u00e5ra register. Grundregeln \u00e4r att man inte skall ha tillg\u00e5ng till mer \u00e4n vad man beh\u00f6ver f\u00f6r att klara sin arbetsuppgift.<\/p>\n<p>V\u00e5ra s\u00e4kerhetssystem och regelverk \u00e4r utformade efter samma princip och skyddar mot intr\u00e5ng och ofrivillig f\u00f6rst\u00f6ring av data.<\/p>\n<h3>Utl\u00e4mning av personuppgifter<\/h3>\n<p>V\u00e5r grundl\u00e4ggande regel \u00e4r att inte l\u00e4mna ut dina personuppgifter till tredje part utan ditt samtycke eller om det inte \u00e4r n\u00f6dv\u00e4ndigt f\u00f6r att uppfylla v\u00e5ra f\u00f6rpliktelser enligt avtal eller lag.<\/p>\n<p>ScandBook Holding\/AB\/UAB \u00e4r personuppgiftsansvarig dvs ansvariga f\u00f6r hur dina personuppgifter behandlas.<\/p>\n<h3>Cookies p\u00e5 scandbook.com<\/h3>\n<p>En cookie \u00e4r en kort textfil som lagras i din dator. Webbsidor anv\u00e4nder cookies f\u00f6r att komma ih\u00e5g dig och spara val du har gjort.<br \/>\n\u00c4ven utan att vara inloggad kan d\u00e4rf\u00f6r en webbplats komma ih\u00e5g saker om dig n\u00e4sta g\u00e5ng du bes\u00f6ker webbplatsen och automatiskt fylla i formul\u00e4r med de svar du givit tidigare. Cookies kan inte inneh\u00e5lla kod och leder d\u00e4rf\u00f6r inte till s\u00e4kerhetshot som virus eller spionprogram.<\/p>\n<h3>Vad har vi registrerat hos oss?<\/h3>\n<p><a href=\"mailto:it@scandbook.se?subject=GDPR\">Kontakta oss f\u00f6r mer information<\/a><\/p>\n<\/div><\/div><\/section>\n<section class='av_tab_section av_tab_section av-lfjn3ad3-dda696dfea6934f6567cc22f187635ff'  itemscope=\"itemscope\" itemtype=\"https:\/\/schema.org\/CreativeWork\" ><div id='tab-id-3-tab' class='tab' role='tab' aria-selected=\"false\" tabindex=\"0\" data-fake-id='#tab-id-3' aria-controls='tab-id-3-content'  itemprop=\"headline\" >Code of conduct<\/div><div id='tab-id-3-content' class='tab_content' role='tabpanel' aria-labelledby='tab-id-3-tab' aria-hidden=\"true\"><div class='tab_inner_content invers-color'  itemprop=\"text\" ><h2>Code of conduct<\/h2>\n<p>Ladda ner v\u00e5ran Code of conduct i PDF-format<\/p>\n<hr \/>\n<p><a href=\"https:\/\/www.scandbook.com\/wp-content\/uploads\/2023\/03\/SB_Code_of_Conduct-1.pdf\" target=\"_blank\" rel=\"noopener\">\u00bb\u00a0ScandBook Code Of Conduct<\/a><\/p>\n<p><a href=\"https:\/\/www.scandbook.com\/wp-content\/uploads\/2023\/03\/SB_Suppliers_code_of_conduct-1.pdf\" target=\"_blank\" rel=\"noopener\">\u00bb\u00a0ScandBook Suppliers Code Of Conduct<\/a><\/p>\n<p><!--<a href=\"https:\/\/www.scandbook.com\/wp-content\/uploads\/2023\/03\/Quality-Environmental-and-Employee-safety-policy.pdf\" target=\"_blank\" rel=\"noopener\">&#091;icon name=\"file-pdf\" style=\"regular\" class=\"\" unprefixed_class=\"\"&#093; Quality Environmental And Employee Safety Policy<\/a>--><\/p>\n<\/div><\/div><\/section>\n<\/div>\n","protected":false},"excerpt":{"rendered":"","protected":false},"author":9,"featured_media":0,"parent":1610,"menu_order":0,"comment_status":"closed","ping_status":"closed","template":"","meta":{"footnotes":""},"class_list":["post-9138","page","type-page","status-publish","hentry"],"yoast_head":"<!-- This site is optimized with the Yoast SEO Premium plugin v27.5 (Yoast SEO v27.5) - https:\/\/yoast.com\/product\/yoast-seo-premium-wordpress\/ -->\n<title>ScandBook policy - ScandBook<\/title>\n<meta name=\"description\" content=\"Om v\u00e5ran Kvalitets- och Milj\u00f6policy, Integritetspolicy och Code of conduct.\" \/>\n<meta name=\"robots\" content=\"index, follow, max-snippet:-1, max-image-preview:large, max-video-preview:-1\" \/>\n<link rel=\"canonical\" href=\"https:\/\/www.scandbook.com\/sv\/esg\/scandbook-policy\/\" \/>\n<meta property=\"og:locale\" content=\"sv_SE\" \/>\n<meta property=\"og:type\" content=\"article\" \/>\n<meta property=\"og:title\" content=\"ScandBook policy\" \/>\n<meta property=\"og:description\" content=\"Om v\u00e5ran Kvalitets- och Milj\u00f6policy, Integritetspolicy och Code of conduct.\" \/>\n<meta property=\"og:url\" content=\"https:\/\/www.scandbook.com\/sv\/esg\/scandbook-policy\/\" \/>\n<meta property=\"og:site_name\" content=\"ScandBook\" \/>\n<meta property=\"article:publisher\" content=\"https:\/\/www.facebook.com\/profile.php?id=100063569394878&amp;sk=about&amp;locale=sv_SE\" \/>\n<meta property=\"article:modified_time\" content=\"2024-04-30T07:57:45+00:00\" \/>\n<meta name=\"twitter:card\" content=\"summary_large_image\" \/>\n<meta name=\"twitter:label1\" content=\"Ber\u00e4knad l\u00e4stid\" \/>\n\t<meta name=\"twitter:data1\" content=\"4 minuter\" \/>\n<script type=\"application\/ld+json\" class=\"yoast-schema-graph\">{\"@context\":\"https:\\\/\\\/schema.org\",\"@graph\":[{\"@type\":\"WebPage\",\"@id\":\"https:\\\/\\\/www.scandbook.com\\\/sv\\\/esg\\\/scandbook-policy\\\/\",\"url\":\"https:\\\/\\\/www.scandbook.com\\\/sv\\\/esg\\\/scandbook-policy\\\/\",\"name\":\"ScandBook policy - ScandBook\",\"isPartOf\":{\"@id\":\"https:\\\/\\\/www.scandbook.com\\\/sv\\\/#website\"},\"datePublished\":\"2023-03-07T12:16:30+00:00\",\"dateModified\":\"2024-04-30T07:57:45+00:00\",\"description\":\"Om v\u00e5ran Kvalitets- och Milj\u00f6policy, Integritetspolicy och Code of conduct.\",\"breadcrumb\":{\"@id\":\"https:\\\/\\\/www.scandbook.com\\\/sv\\\/esg\\\/scandbook-policy\\\/#breadcrumb\"},\"inLanguage\":\"sv-SE\",\"potentialAction\":[{\"@type\":\"ReadAction\",\"target\":[\"https:\\\/\\\/www.scandbook.com\\\/sv\\\/esg\\\/scandbook-policy\\\/\"]}]},{\"@type\":\"BreadcrumbList\",\"@id\":\"https:\\\/\\\/www.scandbook.com\\\/sv\\\/esg\\\/scandbook-policy\\\/#breadcrumb\",\"itemListElement\":[{\"@type\":\"ListItem\",\"position\":1,\"name\":\"Home\",\"item\":\"https:\\\/\\\/www.scandbook.com\\\/sv\\\/\"},{\"@type\":\"ListItem\",\"position\":2,\"name\":\"ESG\",\"item\":\"https:\\\/\\\/www.scandbook.com\\\/sv\\\/esg\\\/?lang=sv\"},{\"@type\":\"ListItem\",\"position\":3,\"name\":\"ScandBook policy\"}]},{\"@type\":\"WebSite\",\"@id\":\"https:\\\/\\\/www.scandbook.com\\\/sv\\\/#website\",\"url\":\"https:\\\/\\\/www.scandbook.com\\\/sv\\\/\",\"name\":\"ScandBook\",\"description\":\"Skandinaviens ledande bokproducent\",\"publisher\":{\"@id\":\"https:\\\/\\\/www.scandbook.com\\\/sv\\\/#organization\"},\"potentialAction\":[{\"@type\":\"SearchAction\",\"target\":{\"@type\":\"EntryPoint\",\"urlTemplate\":\"https:\\\/\\\/www.scandbook.com\\\/sv\\\/?s={search_term_string}\"},\"query-input\":{\"@type\":\"PropertyValueSpecification\",\"valueRequired\":true,\"valueName\":\"search_term_string\"}}],\"inLanguage\":\"sv-SE\"},{\"@type\":\"Organization\",\"@id\":\"https:\\\/\\\/www.scandbook.com\\\/sv\\\/#organization\",\"name\":\"ScandBook\",\"url\":\"https:\\\/\\\/www.scandbook.com\\\/sv\\\/\",\"logo\":{\"@type\":\"ImageObject\",\"inLanguage\":\"sv-SE\",\"@id\":\"https:\\\/\\\/www.scandbook.com\\\/sv\\\/#\\\/schema\\\/logo\\\/image\\\/\",\"url\":\"https:\\\/\\\/www.scandbook.com\\\/wp-content\\\/uploads\\\/2023\\\/05\\\/scandbook-funding-climate-action.webp\",\"contentUrl\":\"https:\\\/\\\/www.scandbook.com\\\/wp-content\\\/uploads\\\/2023\\\/05\\\/scandbook-funding-climate-action.webp\",\"width\":256,\"height\":88,\"caption\":\"ScandBook\"},\"image\":{\"@id\":\"https:\\\/\\\/www.scandbook.com\\\/sv\\\/#\\\/schema\\\/logo\\\/image\\\/\"},\"sameAs\":[\"https:\\\/\\\/www.facebook.com\\\/profile.php?id=100063569394878&sk=about&locale=sv_SE\",\"https:\\\/\\\/www.linkedin.com\\\/company\\\/scandbook-ab\\\/\"]}]}<\/script>\n<!-- \/ Yoast SEO Premium plugin. -->","yoast_head_json":{"title":"ScandBook policy - ScandBook","description":"Om v\u00e5ran Kvalitets- och Milj\u00f6policy, Integritetspolicy och Code of conduct.","robots":{"index":"index","follow":"follow","max-snippet":"max-snippet:-1","max-image-preview":"max-image-preview:large","max-video-preview":"max-video-preview:-1"},"canonical":"https:\/\/www.scandbook.com\/sv\/esg\/scandbook-policy\/","og_locale":"sv_SE","og_type":"article","og_title":"ScandBook policy","og_description":"Om v\u00e5ran Kvalitets- och Milj\u00f6policy, Integritetspolicy och Code of conduct.","og_url":"https:\/\/www.scandbook.com\/sv\/esg\/scandbook-policy\/","og_site_name":"ScandBook","article_publisher":"https:\/\/www.facebook.com\/profile.php?id=100063569394878&sk=about&locale=sv_SE","article_modified_time":"2024-04-30T07:57:45+00:00","twitter_card":"summary_large_image","twitter_misc":{"Ber\u00e4knad l\u00e4stid":"4 minuter"},"schema":{"@context":"https:\/\/schema.org","@graph":[{"@type":"WebPage","@id":"https:\/\/www.scandbook.com\/sv\/esg\/scandbook-policy\/","url":"https:\/\/www.scandbook.com\/sv\/esg\/scandbook-policy\/","name":"ScandBook policy - ScandBook","isPartOf":{"@id":"https:\/\/www.scandbook.com\/sv\/#website"},"datePublished":"2023-03-07T12:16:30+00:00","dateModified":"2024-04-30T07:57:45+00:00","description":"Om v\u00e5ran Kvalitets- och Milj\u00f6policy, Integritetspolicy och Code of conduct.","breadcrumb":{"@id":"https:\/\/www.scandbook.com\/sv\/esg\/scandbook-policy\/#breadcrumb"},"inLanguage":"sv-SE","potentialAction":[{"@type":"ReadAction","target":["https:\/\/www.scandbook.com\/sv\/esg\/scandbook-policy\/"]}]},{"@type":"BreadcrumbList","@id":"https:\/\/www.scandbook.com\/sv\/esg\/scandbook-policy\/#breadcrumb","itemListElement":[{"@type":"ListItem","position":1,"name":"Home","item":"https:\/\/www.scandbook.com\/sv\/"},{"@type":"ListItem","position":2,"name":"ESG","item":"https:\/\/www.scandbook.com\/sv\/esg\/?lang=sv"},{"@type":"ListItem","position":3,"name":"ScandBook policy"}]},{"@type":"WebSite","@id":"https:\/\/www.scandbook.com\/sv\/#website","url":"https:\/\/www.scandbook.com\/sv\/","name":"ScandBook","description":"Skandinaviens ledande bokproducent","publisher":{"@id":"https:\/\/www.scandbook.com\/sv\/#organization"},"potentialAction":[{"@type":"SearchAction","target":{"@type":"EntryPoint","urlTemplate":"https:\/\/www.scandbook.com\/sv\/?s={search_term_string}"},"query-input":{"@type":"PropertyValueSpecification","valueRequired":true,"valueName":"search_term_string"}}],"inLanguage":"sv-SE"},{"@type":"Organization","@id":"https:\/\/www.scandbook.com\/sv\/#organization","name":"ScandBook","url":"https:\/\/www.scandbook.com\/sv\/","logo":{"@type":"ImageObject","inLanguage":"sv-SE","@id":"https:\/\/www.scandbook.com\/sv\/#\/schema\/logo\/image\/","url":"https:\/\/www.scandbook.com\/wp-content\/uploads\/2023\/05\/scandbook-funding-climate-action.webp","contentUrl":"https:\/\/www.scandbook.com\/wp-content\/uploads\/2023\/05\/scandbook-funding-climate-action.webp","width":256,"height":88,"caption":"ScandBook"},"image":{"@id":"https:\/\/www.scandbook.com\/sv\/#\/schema\/logo\/image\/"},"sameAs":["https:\/\/www.facebook.com\/profile.php?id=100063569394878&sk=about&locale=sv_SE","https:\/\/www.linkedin.com\/company\/scandbook-ab\/"]}]}},"_links":{"self":[{"href":"https:\/\/www.scandbook.com\/sv\/wp-json\/wp\/v2\/pages\/9138","targetHints":{"allow":["GET"]}}],"collection":[{"href":"https:\/\/www.scandbook.com\/sv\/wp-json\/wp\/v2\/pages"}],"about":[{"href":"https:\/\/www.scandbook.com\/sv\/wp-json\/wp\/v2\/types\/page"}],"author":[{"embeddable":true,"href":"https:\/\/www.scandbook.com\/sv\/wp-json\/wp\/v2\/users\/9"}],"replies":[{"embeddable":true,"href":"https:\/\/www.scandbook.com\/sv\/wp-json\/wp\/v2\/comments?post=9138"}],"version-history":[{"count":17,"href":"https:\/\/www.scandbook.com\/sv\/wp-json\/wp\/v2\/pages\/9138\/revisions"}],"predecessor-version":[{"id":13089,"href":"https:\/\/www.scandbook.com\/sv\/wp-json\/wp\/v2\/pages\/9138\/revisions\/13089"}],"up":[{"embeddable":true,"href":"https:\/\/www.scandbook.com\/sv\/wp-json\/wp\/v2\/pages\/1610"}],"wp:attachment":[{"href":"https:\/\/www.scandbook.com\/sv\/wp-json\/wp\/v2\/media?parent=9138"}],"curies":[{"name":"wp","href":"https:\/\/api.w.org\/{rel}","templated":true}]}}