{"id":89,"date":"2015-11-12T13:08:41","date_gmt":"2015-11-12T12:08:41","guid":{"rendered":"http:\/\/development.scandbook-internt.se\/?page_id=89&#038;lang=sv"},"modified":"2024-09-04T08:50:27","modified_gmt":"2024-09-04T07:50:27","slug":"prepress","status":"publish","type":"page","link":"https:\/\/www.scandbook.com\/sv\/produkter-tjanster\/prepress\/","title":{"rendered":"Prepress"},"content":{"rendered":"\n\n<style type=\"text\/css\" data-created_by=\"avia_inline_auto\" id=\"style-css-av-3x4e5-7528d624552100e93653905ca3102943\">\n.avia-image-container.av-3x4e5-7528d624552100e93653905ca3102943 img.avia_image{\nbox-shadow:none;\n}\n.avia-image-container.av-3x4e5-7528d624552100e93653905ca3102943 .av-image-caption-overlay-center{\ncolor:#ffffff;\n}\n<\/style>\n<div  class='avia-image-container av-3x4e5-7528d624552100e93653905ca3102943 av-styling- avia-align-center  avia-builder-el-1  el_after_av_codeblock  el_before_av_one_full '   itemprop=\"image\" itemscope=\"itemscope\" itemtype=\"https:\/\/schema.org\/ImageObject\" ><div class=\"avia-image-container-inner\"><div class=\"avia-image-overlay-wrap\"><img decoding=\"async\" fetchpriority=\"high\" class='wp-image-4796 avia-img-lazy-loading-not-4796 avia_image ' src=\"https:\/\/www.scandbook.com\/wp-content\/uploads\/2015\/11\/prepress-vit-bg-1.jpg\" alt='' title='prepress'  height=\"306\" width=\"1024\"  itemprop=\"thumbnailUrl\" srcset=\"https:\/\/www.scandbook.com\/wp-content\/uploads\/2015\/11\/prepress-vit-bg-1.jpg 1024w, https:\/\/www.scandbook.com\/wp-content\/uploads\/2015\/11\/prepress-vit-bg-1-300x90.jpg 300w, https:\/\/www.scandbook.com\/wp-content\/uploads\/2015\/11\/prepress-vit-bg-1-768x230.jpg 768w, https:\/\/www.scandbook.com\/wp-content\/uploads\/2015\/11\/prepress-vit-bg-1-705x211.jpg 705w, https:\/\/www.scandbook.com\/wp-content\/uploads\/2015\/11\/prepress-vit-bg-1-450x134.jpg 450w\" sizes=\"(max-width: 1024px) 100vw, 1024px\" \/><\/div><\/div><\/div>\n\n<style type=\"text\/css\" data-created_by=\"avia_inline_auto\" id=\"style-css-av-39g01-0b2bf3d389c46abc9c07e62ef6ef3897\">\n.flex_column.av-39g01-0b2bf3d389c46abc9c07e62ef6ef3897{\nborder-radius:0px 0px 0px 0px;\npadding:0px 0px 0px 0px;\n}\n<\/style>\n<div  class='flex_column av-39g01-0b2bf3d389c46abc9c07e62ef6ef3897 av_one_full  avia-builder-el-2  el_after_av_image  el_before_av_hr  first flex_column_div av-zero-column-padding  '     ><section  class='av_textblock_section av-2l6md-d96e2cdc05091cc3adc00daf4834695a '   itemscope=\"itemscope\" itemtype=\"https:\/\/schema.org\/CreativeWork\" ><div class='avia_textblock'  itemprop=\"text\" ><h1>Prepress<\/h1>\n<p>F\u00f6r att f\u00e5 korrekt prepress information om ICC- och jobbfiler samt hur du laddar upp dina filer &#8211; var v\u00e4nlig v\u00e4lj &#8221;<a href=\"http:\/\/www.scandbook.com\/sv\/produkter-tjanster\/prepress\/prepress-i-falun\">Prepress i Falun&#8221;<\/a> eller &#8221;<a href=\"http:\/\/www.scandbook.com\/sv\/kontakt\/kundtjanst\/klaipeda-litauen\">Prepress i Klaipeda, Litauen&#8221;<\/a> i menyn.<\/p>\n<\/div><\/section><\/div><div  class='hr av-qfot-6a6e830d50a0d6898dc4a84f71fe28c7 hr-default  avia-builder-el-4  el_after_av_one_full  el_before_av_one_full '><span class='hr-inner '><span class=\"hr-inner-style\"><\/span><\/span><\/div><\/p>\n\n<style type=\"text\/css\" data-created_by=\"avia_inline_auto\" id=\"style-css-av-sn5x-2cf4a8e9d820967eddaf25af18053f28\">\n.flex_column.av-sn5x-2cf4a8e9d820967eddaf25af18053f28{\nborder-radius:0px 0px 0px 0px;\npadding:0px 0px 0px 0px;\n}\n<\/style>\n<div  class='flex_column av-sn5x-2cf4a8e9d820967eddaf25af18053f28 av_one_full  avia-builder-el-5  el_after_av_hr  el_before_av_one_half  first flex_column_div av-zero-column-padding  '     ><section  class='av_textblock_section av-ldlmlw8i-9ebe274d06b5d1581bd85c4c44af84cd '   itemscope=\"itemscope\" itemtype=\"https:\/\/schema.org\/CreativeWork\" ><div class='avia_textblock'  itemprop=\"text\" ><h3>Ladda upp filer<\/h3>\n<p>Beroende p\u00e5 om du skall trycka din bok i Falun, Sverige eller Klaipeda, Litauen skall du v\u00e4lja s\u00e4tt att skicka dina filer. Om du \u00e4r os\u00e4ker p\u00e5 hur du skall skicka dina filer, s\u00e5 kontakta din projektledare.<\/p>\n<\/div><\/section><\/div>\n<div class='flex_column_table av-88ip-f18f77b83c455448d86c40417f10c59a sc-av_one_half av-equal-height-column-flextable'>\n<style type=\"text\/css\" data-created_by=\"avia_inline_auto\" id=\"style-css-av-88ip-f18f77b83c455448d86c40417f10c59a\">\n.flex_column.av-88ip-f18f77b83c455448d86c40417f10c59a{\nborder-width:1px;\nborder-style:solid;\nborder-radius:2px 2px 2px 2px;\npadding:20px 20px 20px 20px;\nbackground-color:#ffffff;\n}\n<\/style>\n<div  class='flex_column av-88ip-f18f77b83c455448d86c40417f10c59a av_one_half  avia-builder-el-7  el_after_av_one_full  el_before_av_one_half  first flex_column_table_cell av-equal-height-column av-align-top  column-top-margin'     ><section  class='av_textblock_section av-lfs4oekk-9b0589464630110374da9e423149f200 '   itemscope=\"itemscope\" itemtype=\"https:\/\/schema.org\/CreativeWork\" ><div class='avia_textblock'  itemprop=\"text\" ><h2>Om din bok ska tryckas i Falun, Sverige<\/h2>\n<p>Skicka dina filer p\u00e5 valfritt s\u00e4tt. Vi rekommenderar att du anv\u00e4nder till exempel \u201dSprend\u201d eller \u201dWeTransfer\u201d, som b\u00e5da har gratistj\u00e4nster f\u00f6r att skicka filer.<\/p>\n<p>Om du \u00e4r os\u00e4ker s\u00e5 kontakta din <a href=\"https:\/\/www.scandbook.com\/kontakt\/kundtjanst\/falun-sverige\/?lang=sv\">projektledare<\/a> f\u00f6r instruktioner.<\/p>\n<\/div><\/section><br \/>\n<div  class='avia-buttonrow-wrap av-lfs4tynm-e57ffb41fd8d59d63bb0714b23cd0ad5 avia-buttonrow-center  avia-builder-el-9  el_after_av_textblock  avia-builder-el-last '>\n\n<style type=\"text\/css\" data-created_by=\"avia_inline_auto\" id=\"style-css-av-lfs4sqof-32cccefd404b0cd3fa56fa3e93d8ecb6\">\n#top #wrap_all .avia-button.av-lfs4sqof-32cccefd404b0cd3fa56fa3e93d8ecb6{\nmargin-bottom:5px;\nmargin-right:3px;\nmargin-left:3px;\n}\n<\/style>\n<a href='https:\/\/sprend.com\/sv'  class='avia-button av-lfs4sqof-32cccefd404b0cd3fa56fa3e93d8ecb6 avia-icon_select-yes-right-icon avia-size-large av-icon-on-hover avia-color-theme-color'  target=\"_blank\"  rel=\"noopener noreferrer\"  aria-label=\"Sprend \"><span class='avia_iconbox_title' >Sprend <\/span><span class='avia_button_icon avia_button_icon_right avia-iconfont avia-font-entypo-fontello' data-av_icon='\ue875' data-av_iconfont='entypo-fontello' ><\/span><\/a>\n\n<style type=\"text\/css\" data-created_by=\"avia_inline_auto\" id=\"style-css-av-lfs4tocm-4ba3d093907fd49cfd5597deaba9ec92\">\n#top #wrap_all .avia-button.av-lfs4tocm-4ba3d093907fd49cfd5597deaba9ec92{\nmargin-bottom:5px;\nmargin-right:3px;\nmargin-left:3px;\n}\n<\/style>\n<a href='https:\/\/wetransfer.com\/'  class='avia-button av-lfs4tocm-4ba3d093907fd49cfd5597deaba9ec92 avia-icon_select-yes-right-icon avia-size-large av-icon-on-hover avia-color-theme-color'  target=\"_blank\"  rel=\"noopener noreferrer\"  aria-label=\"WeTransfer \"><span class='avia_iconbox_title' >WeTransfer <\/span><span class='avia_button_icon avia_button_icon_right avia-iconfont avia-font-entypo-fontello' data-av_icon='\ue875' data-av_iconfont='entypo-fontello' ><\/span><\/a>\n<\/div><\/p><\/div>\n<div class='av-flex-placeholder'><\/div>\n<style type=\"text\/css\" data-created_by=\"avia_inline_auto\" id=\"style-css-av-1lyy9-034d8742f19ab88105720942ad9c3709\">\n.flex_column.av-1lyy9-034d8742f19ab88105720942ad9c3709{\nborder-width:1px;\nborder-style:solid;\nborder-radius:2px 2px 2px 2px;\npadding:20px 20px 20px 20px;\nbackground-color:#ffffff;\n}\n<\/style>\n<div  class='flex_column av-1lyy9-034d8742f19ab88105720942ad9c3709 av_one_half  avia-builder-el-10  el_after_av_one_half  avia-builder-el-last  flex_column_table_cell av-equal-height-column av-align-top  column-top-margin'     ><section  class='av_textblock_section av-lfs4qow9-404dc674ce698a9bcd021df4488cde39 '   itemscope=\"itemscope\" itemtype=\"https:\/\/schema.org\/CreativeWork\" ><div class='avia_textblock'  itemprop=\"text\" ><h2>Om din bok ska tryckas i Klaipeda, Litauen<\/h2>\n<p>Anv\u00e4nd knappen \u201dLadda upp till ScandBook UAB\u201d nedan.<\/p>\n<\/div><\/section><br \/>\n<div  class='avia-button-wrap av-lfs4vhf4-f4f76a8f573aa89dab67d9263c6ebbcb-wrap avia-button-center  avia-builder-el-12  el_after_av_textblock  avia-builder-el-last '><a href='https:\/\/www.scandbook.com\/forms\/upload.html'  class='avia-button av-lfs4vhf4-f4f76a8f573aa89dab67d9263c6ebbcb av-link-btn avia-icon_select-yes-right-icon avia-size-large avia-position-center av-icon-on-hover avia-color-theme-color'  target=\"_blank\"  rel=\"noopener noreferrer\"  aria-label=\"Ladda upp till ScandBook UAB \"><span class='avia_iconbox_title' >Ladda upp till ScandBook UAB <\/span><span class='avia_button_icon avia_button_icon_right avia-iconfont avia-font-entypo-fontello' data-av_icon='\ue875' data-av_iconfont='entypo-fontello' ><\/span><\/a><\/div><\/p><\/div><\/div><!--close column table wrapper. Autoclose: 1 -->\n","protected":false},"excerpt":{"rendered":"","protected":false},"author":9,"featured_media":0,"parent":51,"menu_order":19,"comment_status":"closed","ping_status":"closed","template":"","meta":{"footnotes":""},"class_list":["post-89","page","type-page","status-publish","hentry"],"yoast_head":"<!-- This site is optimized with the Yoast SEO Premium plugin v27.5 (Yoast SEO v27.5) - https:\/\/yoast.com\/product\/yoast-seo-premium-wordpress\/ -->\n<title>Prepress - ScandBook<\/title>\n<meta name=\"description\" content=\"F\u00f6r att f\u00e5 korrekt prepress information om ICC- och jobbfiler samt hur du laddar upp dina filer. &quot;Prepress i Falun&quot; eller &quot;Prepress i Klaipeda, Litauen&quot;.\" \/>\n<meta name=\"robots\" content=\"index, follow, max-snippet:-1, max-image-preview:large, max-video-preview:-1\" \/>\n<link rel=\"canonical\" href=\"https:\/\/www.scandbook.com\/sv\/produkter-tjanster\/prepress\/\" \/>\n<meta property=\"og:locale\" content=\"sv_SE\" \/>\n<meta property=\"og:type\" content=\"article\" \/>\n<meta property=\"og:title\" content=\"Prepress\" \/>\n<meta property=\"og:description\" content=\"F\u00f6r att f\u00e5 korrekt prepress information om ICC- och jobbfiler samt hur du laddar upp dina filer. &quot;Prepress i Falun&quot; eller &quot;Prepress i Klaipeda, Litauen&quot;.\" \/>\n<meta property=\"og:url\" content=\"https:\/\/www.scandbook.com\/sv\/produkter-tjanster\/prepress\/\" \/>\n<meta property=\"og:site_name\" content=\"ScandBook\" \/>\n<meta property=\"article:publisher\" content=\"https:\/\/www.facebook.com\/profile.php?id=100063569394878&amp;sk=about&amp;locale=sv_SE\" \/>\n<meta property=\"article:modified_time\" content=\"2024-09-04T07:50:27+00:00\" \/>\n<meta name=\"twitter:card\" content=\"summary_large_image\" \/>\n<meta name=\"twitter:label1\" content=\"Ber\u00e4knad l\u00e4stid\" \/>\n\t<meta name=\"twitter:data1\" content=\"1 minut\" \/>\n<script type=\"application\/ld+json\" class=\"yoast-schema-graph\">{\"@context\":\"https:\\\/\\\/schema.org\",\"@graph\":[{\"@type\":\"WebPage\",\"@id\":\"https:\\\/\\\/www.scandbook.com\\\/sv\\\/produkter-tjanster\\\/prepress\\\/\",\"url\":\"https:\\\/\\\/www.scandbook.com\\\/sv\\\/produkter-tjanster\\\/prepress\\\/\",\"name\":\"Prepress - ScandBook\",\"isPartOf\":{\"@id\":\"https:\\\/\\\/www.scandbook.com\\\/sv\\\/#website\"},\"datePublished\":\"2015-11-12T12:08:41+00:00\",\"dateModified\":\"2024-09-04T07:50:27+00:00\",\"description\":\"F\u00f6r att f\u00e5 korrekt prepress information om ICC- och jobbfiler samt hur du laddar upp dina filer. \\\"Prepress i Falun\\\" eller \\\"Prepress i Klaipeda, Litauen\\\".\",\"breadcrumb\":{\"@id\":\"https:\\\/\\\/www.scandbook.com\\\/sv\\\/produkter-tjanster\\\/prepress\\\/#breadcrumb\"},\"inLanguage\":\"sv-SE\",\"potentialAction\":[{\"@type\":\"ReadAction\",\"target\":[\"https:\\\/\\\/www.scandbook.com\\\/sv\\\/produkter-tjanster\\\/prepress\\\/\"]}]},{\"@type\":\"BreadcrumbList\",\"@id\":\"https:\\\/\\\/www.scandbook.com\\\/sv\\\/produkter-tjanster\\\/prepress\\\/#breadcrumb\",\"itemListElement\":[{\"@type\":\"ListItem\",\"position\":1,\"name\":\"Home\",\"item\":\"https:\\\/\\\/www.scandbook.com\\\/sv\\\/\"},{\"@type\":\"ListItem\",\"position\":2,\"name\":\"Produkter &#038; Tj\u00e4nster\",\"item\":\"https:\\\/\\\/www.scandbook.com\\\/sv\\\/produkter-tjanster\\\/?lang=sv\"},{\"@type\":\"ListItem\",\"position\":3,\"name\":\"Prepress\"}]},{\"@type\":\"WebSite\",\"@id\":\"https:\\\/\\\/www.scandbook.com\\\/sv\\\/#website\",\"url\":\"https:\\\/\\\/www.scandbook.com\\\/sv\\\/\",\"name\":\"ScandBook\",\"description\":\"Skandinaviens ledande bokproducent\",\"publisher\":{\"@id\":\"https:\\\/\\\/www.scandbook.com\\\/sv\\\/#organization\"},\"potentialAction\":[{\"@type\":\"SearchAction\",\"target\":{\"@type\":\"EntryPoint\",\"urlTemplate\":\"https:\\\/\\\/www.scandbook.com\\\/sv\\\/?s={search_term_string}\"},\"query-input\":{\"@type\":\"PropertyValueSpecification\",\"valueRequired\":true,\"valueName\":\"search_term_string\"}}],\"inLanguage\":\"sv-SE\"},{\"@type\":\"Organization\",\"@id\":\"https:\\\/\\\/www.scandbook.com\\\/sv\\\/#organization\",\"name\":\"ScandBook\",\"url\":\"https:\\\/\\\/www.scandbook.com\\\/sv\\\/\",\"logo\":{\"@type\":\"ImageObject\",\"inLanguage\":\"sv-SE\",\"@id\":\"https:\\\/\\\/www.scandbook.com\\\/sv\\\/#\\\/schema\\\/logo\\\/image\\\/\",\"url\":\"https:\\\/\\\/www.scandbook.com\\\/wp-content\\\/uploads\\\/2023\\\/05\\\/scandbook-funding-climate-action.webp\",\"contentUrl\":\"https:\\\/\\\/www.scandbook.com\\\/wp-content\\\/uploads\\\/2023\\\/05\\\/scandbook-funding-climate-action.webp\",\"width\":256,\"height\":88,\"caption\":\"ScandBook\"},\"image\":{\"@id\":\"https:\\\/\\\/www.scandbook.com\\\/sv\\\/#\\\/schema\\\/logo\\\/image\\\/\"},\"sameAs\":[\"https:\\\/\\\/www.facebook.com\\\/profile.php?id=100063569394878&sk=about&locale=sv_SE\",\"https:\\\/\\\/www.linkedin.com\\\/company\\\/scandbook-ab\\\/\"]}]}<\/script>\n<!-- \/ Yoast SEO Premium plugin. -->","yoast_head_json":{"title":"Prepress - ScandBook","description":"F\u00f6r att f\u00e5 korrekt prepress information om ICC- och jobbfiler samt hur du laddar upp dina filer. \"Prepress i Falun\" eller \"Prepress i Klaipeda, Litauen\".","robots":{"index":"index","follow":"follow","max-snippet":"max-snippet:-1","max-image-preview":"max-image-preview:large","max-video-preview":"max-video-preview:-1"},"canonical":"https:\/\/www.scandbook.com\/sv\/produkter-tjanster\/prepress\/","og_locale":"sv_SE","og_type":"article","og_title":"Prepress","og_description":"F\u00f6r att f\u00e5 korrekt prepress information om ICC- och jobbfiler samt hur du laddar upp dina filer. \"Prepress i Falun\" eller \"Prepress i Klaipeda, Litauen\".","og_url":"https:\/\/www.scandbook.com\/sv\/produkter-tjanster\/prepress\/","og_site_name":"ScandBook","article_publisher":"https:\/\/www.facebook.com\/profile.php?id=100063569394878&sk=about&locale=sv_SE","article_modified_time":"2024-09-04T07:50:27+00:00","twitter_card":"summary_large_image","twitter_misc":{"Ber\u00e4knad l\u00e4stid":"1 minut"},"schema":{"@context":"https:\/\/schema.org","@graph":[{"@type":"WebPage","@id":"https:\/\/www.scandbook.com\/sv\/produkter-tjanster\/prepress\/","url":"https:\/\/www.scandbook.com\/sv\/produkter-tjanster\/prepress\/","name":"Prepress - ScandBook","isPartOf":{"@id":"https:\/\/www.scandbook.com\/sv\/#website"},"datePublished":"2015-11-12T12:08:41+00:00","dateModified":"2024-09-04T07:50:27+00:00","description":"F\u00f6r att f\u00e5 korrekt prepress information om ICC- och jobbfiler samt hur du laddar upp dina filer. \"Prepress i Falun\" eller \"Prepress i Klaipeda, Litauen\".","breadcrumb":{"@id":"https:\/\/www.scandbook.com\/sv\/produkter-tjanster\/prepress\/#breadcrumb"},"inLanguage":"sv-SE","potentialAction":[{"@type":"ReadAction","target":["https:\/\/www.scandbook.com\/sv\/produkter-tjanster\/prepress\/"]}]},{"@type":"BreadcrumbList","@id":"https:\/\/www.scandbook.com\/sv\/produkter-tjanster\/prepress\/#breadcrumb","itemListElement":[{"@type":"ListItem","position":1,"name":"Home","item":"https:\/\/www.scandbook.com\/sv\/"},{"@type":"ListItem","position":2,"name":"Produkter &#038; Tj\u00e4nster","item":"https:\/\/www.scandbook.com\/sv\/produkter-tjanster\/?lang=sv"},{"@type":"ListItem","position":3,"name":"Prepress"}]},{"@type":"WebSite","@id":"https:\/\/www.scandbook.com\/sv\/#website","url":"https:\/\/www.scandbook.com\/sv\/","name":"ScandBook","description":"Skandinaviens ledande bokproducent","publisher":{"@id":"https:\/\/www.scandbook.com\/sv\/#organization"},"potentialAction":[{"@type":"SearchAction","target":{"@type":"EntryPoint","urlTemplate":"https:\/\/www.scandbook.com\/sv\/?s={search_term_string}"},"query-input":{"@type":"PropertyValueSpecification","valueRequired":true,"valueName":"search_term_string"}}],"inLanguage":"sv-SE"},{"@type":"Organization","@id":"https:\/\/www.scandbook.com\/sv\/#organization","name":"ScandBook","url":"https:\/\/www.scandbook.com\/sv\/","logo":{"@type":"ImageObject","inLanguage":"sv-SE","@id":"https:\/\/www.scandbook.com\/sv\/#\/schema\/logo\/image\/","url":"https:\/\/www.scandbook.com\/wp-content\/uploads\/2023\/05\/scandbook-funding-climate-action.webp","contentUrl":"https:\/\/www.scandbook.com\/wp-content\/uploads\/2023\/05\/scandbook-funding-climate-action.webp","width":256,"height":88,"caption":"ScandBook"},"image":{"@id":"https:\/\/www.scandbook.com\/sv\/#\/schema\/logo\/image\/"},"sameAs":["https:\/\/www.facebook.com\/profile.php?id=100063569394878&sk=about&locale=sv_SE","https:\/\/www.linkedin.com\/company\/scandbook-ab\/"]}]}},"_links":{"self":[{"href":"https:\/\/www.scandbook.com\/sv\/wp-json\/wp\/v2\/pages\/89","targetHints":{"allow":["GET"]}}],"collection":[{"href":"https:\/\/www.scandbook.com\/sv\/wp-json\/wp\/v2\/pages"}],"about":[{"href":"https:\/\/www.scandbook.com\/sv\/wp-json\/wp\/v2\/types\/page"}],"author":[{"embeddable":true,"href":"https:\/\/www.scandbook.com\/sv\/wp-json\/wp\/v2\/users\/9"}],"replies":[{"embeddable":true,"href":"https:\/\/www.scandbook.com\/sv\/wp-json\/wp\/v2\/comments?post=89"}],"version-history":[{"count":29,"href":"https:\/\/www.scandbook.com\/sv\/wp-json\/wp\/v2\/pages\/89\/revisions"}],"predecessor-version":[{"id":13632,"href":"https:\/\/www.scandbook.com\/sv\/wp-json\/wp\/v2\/pages\/89\/revisions\/13632"}],"up":[{"embeddable":true,"href":"https:\/\/www.scandbook.com\/sv\/wp-json\/wp\/v2\/pages\/51"}],"wp:attachment":[{"href":"https:\/\/www.scandbook.com\/sv\/wp-json\/wp\/v2\/media?parent=89"}],"curies":[{"name":"wp","href":"https:\/\/api.w.org\/{rel}","templated":true}]}}