{"id":8465,"date":"2022-09-14T10:27:33","date_gmt":"2022-09-14T09:27:33","guid":{"rendered":"https:\/\/www.scandbook.com\/om-oss\/kvalitet-miljo-gdpr\/climate-neutral-company-declaration\/"},"modified":"2024-02-19T15:38:10","modified_gmt":"2024-02-19T14:38:10","slug":"company-reports-and-declarations","status":"publish","type":"page","link":"https:\/\/www.scandbook.com\/sv\/esg\/company-reports-and-declarations\/","title":{"rendered":"F\u00f6retagsrapporter och deklarationer"},"content":{"rendered":"\n<div  class='flex_column av-2yo798-1a0d68280272781f01778170fb702594 av_one_full  avia-builder-el-1  el_after_av_codeblock  el_before_av_one_full  first flex_column_div  '     ><section  class='av_textblock_section av-l81f0amw-3d66e4112ed76bd526e6a6643fc142f1 '   itemscope=\"itemscope\" itemtype=\"https:\/\/schema.org\/CreativeWork\" ><div class='avia_textblock'  itemprop=\"text\" ><h1><span class=\"HwtZe\" lang=\"sv\"><span class=\"jCAhz ChMk0b\"><span class=\"ryNqvb\">F\u00f6retagsrapporter och deklarationer<\/span><\/span><\/span><\/h1>\n<h3>ScandBook \u00e4r fokuserat p\u00e5 att h\u00e5lla kursen mot h\u00e5llbarhet.<\/h3>\n<p>H\u00e4r hittar du v\u00e5ra rapporter och deklarationer.<\/p>\n<\/div><\/section><\/div>\n<div  class='flex_column av-av_one_full-048119fdb636ea3d70edc0b975509c6c av_one_full  avia-builder-el-3  el_after_av_one_full  el_before_av_one_full  first flex_column_div  column-top-margin'     ><\/div>\n<div  class='flex_column av-av_one_full-048119fdb636ea3d70edc0b975509c6c av_one_full  avia-builder-el-5  el_after_av_one_full  avia-builder-el-last  first flex_column_div  column-top-margin'     ><style type=\"text\/css\" data-created_by=\"avia_inline_auto\" id=\"style-css-av-lst1ka8i-609691df5987a7075d293fbf66a2b903\">\n#top .av_textblock_section.av-lst1ka8i-609691df5987a7075d293fbf66a2b903 .avia_textblock{\ncolor:#ffffff;\n}\n<\/style>\n<section  class='av_textblock_section av-lst1ka8i-609691df5987a7075d293fbf66a2b903 '   itemscope=\"itemscope\" itemtype=\"https:\/\/schema.org\/CreativeWork\" ><div class='avia_textblock av_inherit_color'  itemprop=\"text\" ><p>CDP, GRI , The Science Based Targets initiative (SBTi), GHG Reporting, South Pole Qualifying explanatory statement<\/p>\n<\/div><\/section><\/div>\n","protected":false},"excerpt":{"rendered":"","protected":false},"author":9,"featured_media":0,"parent":1610,"menu_order":0,"comment_status":"closed","ping_status":"closed","template":"","meta":{"footnotes":""},"class_list":["post-8465","page","type-page","status-publish","hentry"],"yoast_head":"<!-- This site is optimized with the Yoast SEO Premium plugin v27.5 (Yoast SEO v27.5) - https:\/\/yoast.com\/product\/yoast-seo-premium-wordpress\/ -->\n<title>F\u00f6retagsrapporter och deklarationer - ScandBook<\/title>\n<meta name=\"description\" content=\"ScandBook \u00e4r fokuserat p\u00e5 att h\u00e5lla kursen mot h\u00e5llbarhet. H\u00e4r hittar du v\u00e5ra rapporter och deklarationer.\" \/>\n<meta name=\"robots\" content=\"index, follow, max-snippet:-1, max-image-preview:large, max-video-preview:-1\" \/>\n<link rel=\"canonical\" href=\"https:\/\/www.scandbook.com\/sv\/esg\/company-reports-and-declarations\/\" \/>\n<meta property=\"og:locale\" content=\"sv_SE\" \/>\n<meta property=\"og:type\" content=\"article\" \/>\n<meta property=\"og:title\" content=\"F\u00f6retagsrapporter och deklarationer\" \/>\n<meta property=\"og:description\" content=\"ScandBook \u00e4r fokuserat p\u00e5 att h\u00e5lla kursen mot h\u00e5llbarhet. H\u00e4r hittar du v\u00e5ra rapporter och deklarationer.\" \/>\n<meta property=\"og:url\" content=\"https:\/\/www.scandbook.com\/sv\/esg\/company-reports-and-declarations\/\" \/>\n<meta property=\"og:site_name\" content=\"ScandBook\" \/>\n<meta property=\"article:publisher\" content=\"https:\/\/www.facebook.com\/profile.php?id=100063569394878&amp;sk=about&amp;locale=sv_SE\" \/>\n<meta property=\"article:modified_time\" content=\"2024-02-19T14:38:10+00:00\" \/>\n<meta name=\"twitter:card\" content=\"summary_large_image\" \/>\n<meta name=\"twitter:label1\" content=\"Ber\u00e4knad l\u00e4stid\" \/>\n\t<meta name=\"twitter:data1\" content=\"1 minut\" \/>\n<script type=\"application\/ld+json\" class=\"yoast-schema-graph\">{\"@context\":\"https:\\\/\\\/schema.org\",\"@graph\":[{\"@type\":\"WebPage\",\"@id\":\"https:\\\/\\\/www.scandbook.com\\\/sv\\\/esg\\\/company-reports-and-declarations\\\/\",\"url\":\"https:\\\/\\\/www.scandbook.com\\\/sv\\\/esg\\\/company-reports-and-declarations\\\/\",\"name\":\"F\u00f6retagsrapporter och deklarationer - ScandBook\",\"isPartOf\":{\"@id\":\"https:\\\/\\\/www.scandbook.com\\\/sv\\\/#website\"},\"datePublished\":\"2022-09-14T09:27:33+00:00\",\"dateModified\":\"2024-02-19T14:38:10+00:00\",\"description\":\"ScandBook \u00e4r fokuserat p\u00e5 att h\u00e5lla kursen mot h\u00e5llbarhet. H\u00e4r hittar du v\u00e5ra rapporter och deklarationer.\",\"breadcrumb\":{\"@id\":\"https:\\\/\\\/www.scandbook.com\\\/sv\\\/esg\\\/company-reports-and-declarations\\\/#breadcrumb\"},\"inLanguage\":\"sv-SE\",\"potentialAction\":[{\"@type\":\"ReadAction\",\"target\":[\"https:\\\/\\\/www.scandbook.com\\\/sv\\\/esg\\\/company-reports-and-declarations\\\/\"]}]},{\"@type\":\"BreadcrumbList\",\"@id\":\"https:\\\/\\\/www.scandbook.com\\\/sv\\\/esg\\\/company-reports-and-declarations\\\/#breadcrumb\",\"itemListElement\":[{\"@type\":\"ListItem\",\"position\":1,\"name\":\"Home\",\"item\":\"https:\\\/\\\/www.scandbook.com\\\/sv\\\/\"},{\"@type\":\"ListItem\",\"position\":2,\"name\":\"ESG\",\"item\":\"https:\\\/\\\/www.scandbook.com\\\/sv\\\/esg\\\/?lang=sv\"},{\"@type\":\"ListItem\",\"position\":3,\"name\":\"F\u00f6retagsrapporter och deklarationer\"}]},{\"@type\":\"WebSite\",\"@id\":\"https:\\\/\\\/www.scandbook.com\\\/sv\\\/#website\",\"url\":\"https:\\\/\\\/www.scandbook.com\\\/sv\\\/\",\"name\":\"ScandBook\",\"description\":\"Skandinaviens ledande bokproducent\",\"publisher\":{\"@id\":\"https:\\\/\\\/www.scandbook.com\\\/sv\\\/#organization\"},\"potentialAction\":[{\"@type\":\"SearchAction\",\"target\":{\"@type\":\"EntryPoint\",\"urlTemplate\":\"https:\\\/\\\/www.scandbook.com\\\/sv\\\/?s={search_term_string}\"},\"query-input\":{\"@type\":\"PropertyValueSpecification\",\"valueRequired\":true,\"valueName\":\"search_term_string\"}}],\"inLanguage\":\"sv-SE\"},{\"@type\":\"Organization\",\"@id\":\"https:\\\/\\\/www.scandbook.com\\\/sv\\\/#organization\",\"name\":\"ScandBook\",\"url\":\"https:\\\/\\\/www.scandbook.com\\\/sv\\\/\",\"logo\":{\"@type\":\"ImageObject\",\"inLanguage\":\"sv-SE\",\"@id\":\"https:\\\/\\\/www.scandbook.com\\\/sv\\\/#\\\/schema\\\/logo\\\/image\\\/\",\"url\":\"https:\\\/\\\/www.scandbook.com\\\/wp-content\\\/uploads\\\/2023\\\/05\\\/scandbook-funding-climate-action.webp\",\"contentUrl\":\"https:\\\/\\\/www.scandbook.com\\\/wp-content\\\/uploads\\\/2023\\\/05\\\/scandbook-funding-climate-action.webp\",\"width\":256,\"height\":88,\"caption\":\"ScandBook\"},\"image\":{\"@id\":\"https:\\\/\\\/www.scandbook.com\\\/sv\\\/#\\\/schema\\\/logo\\\/image\\\/\"},\"sameAs\":[\"https:\\\/\\\/www.facebook.com\\\/profile.php?id=100063569394878&sk=about&locale=sv_SE\",\"https:\\\/\\\/www.linkedin.com\\\/company\\\/scandbook-ab\\\/\"]}]}<\/script>\n<!-- \/ Yoast SEO Premium plugin. -->","yoast_head_json":{"title":"F\u00f6retagsrapporter och deklarationer - ScandBook","description":"ScandBook \u00e4r fokuserat p\u00e5 att h\u00e5lla kursen mot h\u00e5llbarhet. H\u00e4r hittar du v\u00e5ra rapporter och deklarationer.","robots":{"index":"index","follow":"follow","max-snippet":"max-snippet:-1","max-image-preview":"max-image-preview:large","max-video-preview":"max-video-preview:-1"},"canonical":"https:\/\/www.scandbook.com\/sv\/esg\/company-reports-and-declarations\/","og_locale":"sv_SE","og_type":"article","og_title":"F\u00f6retagsrapporter och deklarationer","og_description":"ScandBook \u00e4r fokuserat p\u00e5 att h\u00e5lla kursen mot h\u00e5llbarhet. H\u00e4r hittar du v\u00e5ra rapporter och deklarationer.","og_url":"https:\/\/www.scandbook.com\/sv\/esg\/company-reports-and-declarations\/","og_site_name":"ScandBook","article_publisher":"https:\/\/www.facebook.com\/profile.php?id=100063569394878&sk=about&locale=sv_SE","article_modified_time":"2024-02-19T14:38:10+00:00","twitter_card":"summary_large_image","twitter_misc":{"Ber\u00e4knad l\u00e4stid":"1 minut"},"schema":{"@context":"https:\/\/schema.org","@graph":[{"@type":"WebPage","@id":"https:\/\/www.scandbook.com\/sv\/esg\/company-reports-and-declarations\/","url":"https:\/\/www.scandbook.com\/sv\/esg\/company-reports-and-declarations\/","name":"F\u00f6retagsrapporter och deklarationer - ScandBook","isPartOf":{"@id":"https:\/\/www.scandbook.com\/sv\/#website"},"datePublished":"2022-09-14T09:27:33+00:00","dateModified":"2024-02-19T14:38:10+00:00","description":"ScandBook \u00e4r fokuserat p\u00e5 att h\u00e5lla kursen mot h\u00e5llbarhet. H\u00e4r hittar du v\u00e5ra rapporter och deklarationer.","breadcrumb":{"@id":"https:\/\/www.scandbook.com\/sv\/esg\/company-reports-and-declarations\/#breadcrumb"},"inLanguage":"sv-SE","potentialAction":[{"@type":"ReadAction","target":["https:\/\/www.scandbook.com\/sv\/esg\/company-reports-and-declarations\/"]}]},{"@type":"BreadcrumbList","@id":"https:\/\/www.scandbook.com\/sv\/esg\/company-reports-and-declarations\/#breadcrumb","itemListElement":[{"@type":"ListItem","position":1,"name":"Home","item":"https:\/\/www.scandbook.com\/sv\/"},{"@type":"ListItem","position":2,"name":"ESG","item":"https:\/\/www.scandbook.com\/sv\/esg\/?lang=sv"},{"@type":"ListItem","position":3,"name":"F\u00f6retagsrapporter och deklarationer"}]},{"@type":"WebSite","@id":"https:\/\/www.scandbook.com\/sv\/#website","url":"https:\/\/www.scandbook.com\/sv\/","name":"ScandBook","description":"Skandinaviens ledande bokproducent","publisher":{"@id":"https:\/\/www.scandbook.com\/sv\/#organization"},"potentialAction":[{"@type":"SearchAction","target":{"@type":"EntryPoint","urlTemplate":"https:\/\/www.scandbook.com\/sv\/?s={search_term_string}"},"query-input":{"@type":"PropertyValueSpecification","valueRequired":true,"valueName":"search_term_string"}}],"inLanguage":"sv-SE"},{"@type":"Organization","@id":"https:\/\/www.scandbook.com\/sv\/#organization","name":"ScandBook","url":"https:\/\/www.scandbook.com\/sv\/","logo":{"@type":"ImageObject","inLanguage":"sv-SE","@id":"https:\/\/www.scandbook.com\/sv\/#\/schema\/logo\/image\/","url":"https:\/\/www.scandbook.com\/wp-content\/uploads\/2023\/05\/scandbook-funding-climate-action.webp","contentUrl":"https:\/\/www.scandbook.com\/wp-content\/uploads\/2023\/05\/scandbook-funding-climate-action.webp","width":256,"height":88,"caption":"ScandBook"},"image":{"@id":"https:\/\/www.scandbook.com\/sv\/#\/schema\/logo\/image\/"},"sameAs":["https:\/\/www.facebook.com\/profile.php?id=100063569394878&sk=about&locale=sv_SE","https:\/\/www.linkedin.com\/company\/scandbook-ab\/"]}]}},"_links":{"self":[{"href":"https:\/\/www.scandbook.com\/sv\/wp-json\/wp\/v2\/pages\/8465","targetHints":{"allow":["GET"]}}],"collection":[{"href":"https:\/\/www.scandbook.com\/sv\/wp-json\/wp\/v2\/pages"}],"about":[{"href":"https:\/\/www.scandbook.com\/sv\/wp-json\/wp\/v2\/types\/page"}],"author":[{"embeddable":true,"href":"https:\/\/www.scandbook.com\/sv\/wp-json\/wp\/v2\/users\/9"}],"replies":[{"embeddable":true,"href":"https:\/\/www.scandbook.com\/sv\/wp-json\/wp\/v2\/comments?post=8465"}],"version-history":[{"count":30,"href":"https:\/\/www.scandbook.com\/sv\/wp-json\/wp\/v2\/pages\/8465\/revisions"}],"predecessor-version":[{"id":12889,"href":"https:\/\/www.scandbook.com\/sv\/wp-json\/wp\/v2\/pages\/8465\/revisions\/12889"}],"up":[{"embeddable":true,"href":"https:\/\/www.scandbook.com\/sv\/wp-json\/wp\/v2\/pages\/1610"}],"wp:attachment":[{"href":"https:\/\/www.scandbook.com\/sv\/wp-json\/wp\/v2\/media?parent=8465"}],"curies":[{"name":"wp","href":"https:\/\/api.w.org\/{rel}","templated":true}]}}