{"id":836,"date":"2015-12-01T13:55:37","date_gmt":"2015-12-01T12:55:37","guid":{"rendered":"http:\/\/development.scandbook-internt.se\/produkter-tjanster\/prepress\/falun\/?lang=sv"},"modified":"2024-02-16T13:08:32","modified_gmt":"2024-02-16T12:08:32","slug":"prepress-i-falun","status":"publish","type":"page","link":"https:\/\/www.scandbook.com\/sv\/produkter-tjanster\/prepress\/prepress-i-falun\/","title":{"rendered":"Prepress i Falun"},"content":{"rendered":"\n\n<style type=\"text\/css\" data-created_by=\"avia_inline_auto\" id=\"style-css-av-a7or8-f8ddd9d7d6d827b38f7ef65bf3064d0b\">\n.flex_column.av-a7or8-f8ddd9d7d6d827b38f7ef65bf3064d0b{\nborder-radius:0px 0px 0px 0px;\npadding:0px 0px 0px 0px;\n}\n<\/style>\n<div  class='flex_column av-a7or8-f8ddd9d7d6d827b38f7ef65bf3064d0b av_one_full  avia-builder-el-1  el_after_av_codeblock  avia-builder-el-last  first flex_column_div av-zero-column-padding  '     ><section  class='av_textblock_section av-kei7p8ij-3b2cf583a75d90adb88a9ea8faec06d8 '   itemscope=\"itemscope\" itemtype=\"https:\/\/schema.org\/CreativeWork\" ><div class='avia_textblock'  itemprop=\"text\" ><h1>Prepress i Falun<\/h1>\n<h3>Att skapa en PDF<\/h3>\n<p>F\u00f6r att g\u00f6ra en PDF som g\u00e5r igenom v\u00e5r produktion p\u00e5 b\u00e4sta m\u00f6jliga s\u00e4tt har vi skapat en manual. Filen inneh\u00e5ller all information f\u00f6r att skapa en tryckf\u00e4rdig PDF, s\u00e5som ICC-profiler, f\u00e4rginst\u00e4llningar och instruktioner m m.<br \/>\nLadda ner: <a href=\"https:\/\/www.scandbook.com\/wp-content\/uploads\/2024\/01\/instruktioner-2024-01-23.zip\"> ScandBook dokumentinstruktioner 2024 (zip)<\/a>.<br \/>\nKontakta v\u00e5r <a href=\"mailto:prepressepost@scandbook.se\">prepress<\/a> om du har fr\u00e5gor eller funderingar: 023-765930<\/p>\n<p>Anv\u00e4nd g\u00e4rna tj\u00e4nsten &#8221;<a href=\"https:\/\/sprend.com\/sv\" target=\"_blank\" rel=\"noopener\">Sprend<\/a>&#8221; f\u00f6r att skicka filer till oss.<\/p>\n<\/div><\/section><\/div>\n","protected":false},"excerpt":{"rendered":"","protected":false},"author":9,"featured_media":0,"parent":89,"menu_order":0,"comment_status":"closed","ping_status":"closed","template":"","meta":{"footnotes":""},"class_list":["post-836","page","type-page","status-publish","hentry"],"yoast_head":"<!-- This site is optimized with the Yoast SEO Premium plugin v27.5 (Yoast SEO v27.5) - https:\/\/yoast.com\/product\/yoast-seo-premium-wordpress\/ -->\n<title>Prepress i Falun - ScandBook<\/title>\n<meta name=\"description\" content=\"F\u00f6r att skapa en PDF som g\u00e5r igenom v\u00e5r produktion p\u00e5 b\u00e4sta m\u00f6jliga s\u00e4tt finns en manual f\u00f6r att skapa en tryckf\u00e4rdig PDF, ICC-profiler, f\u00e4rginst\u00e4llningar.\" \/>\n<meta name=\"robots\" content=\"index, follow, max-snippet:-1, max-image-preview:large, max-video-preview:-1\" \/>\n<link rel=\"canonical\" href=\"https:\/\/www.scandbook.com\/sv\/produkter-tjanster\/prepress\/prepress-i-falun\/\" \/>\n<meta property=\"og:locale\" content=\"sv_SE\" \/>\n<meta property=\"og:type\" content=\"article\" \/>\n<meta property=\"og:title\" content=\"Prepress i Falun\" \/>\n<meta property=\"og:description\" content=\"F\u00f6r att skapa en PDF som g\u00e5r igenom v\u00e5r produktion p\u00e5 b\u00e4sta m\u00f6jliga s\u00e4tt finns en manual f\u00f6r att skapa en tryckf\u00e4rdig PDF, ICC-profiler, f\u00e4rginst\u00e4llningar.\" \/>\n<meta property=\"og:url\" content=\"https:\/\/www.scandbook.com\/sv\/produkter-tjanster\/prepress\/prepress-i-falun\/\" \/>\n<meta property=\"og:site_name\" content=\"ScandBook\" \/>\n<meta property=\"article:publisher\" content=\"https:\/\/www.facebook.com\/profile.php?id=100063569394878&amp;sk=about&amp;locale=sv_SE\" \/>\n<meta property=\"article:modified_time\" content=\"2024-02-16T12:08:32+00:00\" \/>\n<meta name=\"twitter:card\" content=\"summary_large_image\" \/>\n<meta name=\"twitter:label1\" content=\"Ber\u00e4knad l\u00e4stid\" \/>\n\t<meta name=\"twitter:data1\" content=\"1 minut\" \/>\n<script type=\"application\/ld+json\" class=\"yoast-schema-graph\">{\"@context\":\"https:\\\/\\\/schema.org\",\"@graph\":[{\"@type\":\"WebPage\",\"@id\":\"https:\\\/\\\/www.scandbook.com\\\/sv\\\/produkter-tjanster\\\/prepress\\\/prepress-i-falun\\\/\",\"url\":\"https:\\\/\\\/www.scandbook.com\\\/sv\\\/produkter-tjanster\\\/prepress\\\/prepress-i-falun\\\/\",\"name\":\"Prepress i Falun - ScandBook\",\"isPartOf\":{\"@id\":\"https:\\\/\\\/www.scandbook.com\\\/sv\\\/#website\"},\"datePublished\":\"2015-12-01T12:55:37+00:00\",\"dateModified\":\"2024-02-16T12:08:32+00:00\",\"description\":\"F\u00f6r att skapa en PDF som g\u00e5r igenom v\u00e5r produktion p\u00e5 b\u00e4sta m\u00f6jliga s\u00e4tt finns en manual f\u00f6r att skapa en tryckf\u00e4rdig PDF, ICC-profiler, f\u00e4rginst\u00e4llningar.\",\"breadcrumb\":{\"@id\":\"https:\\\/\\\/www.scandbook.com\\\/sv\\\/produkter-tjanster\\\/prepress\\\/prepress-i-falun\\\/#breadcrumb\"},\"inLanguage\":\"sv-SE\",\"potentialAction\":[{\"@type\":\"ReadAction\",\"target\":[\"https:\\\/\\\/www.scandbook.com\\\/sv\\\/produkter-tjanster\\\/prepress\\\/prepress-i-falun\\\/\"]}]},{\"@type\":\"BreadcrumbList\",\"@id\":\"https:\\\/\\\/www.scandbook.com\\\/sv\\\/produkter-tjanster\\\/prepress\\\/prepress-i-falun\\\/#breadcrumb\",\"itemListElement\":[{\"@type\":\"ListItem\",\"position\":1,\"name\":\"Home\",\"item\":\"https:\\\/\\\/www.scandbook.com\\\/sv\\\/\"},{\"@type\":\"ListItem\",\"position\":2,\"name\":\"Produkter &#038; Tj\u00e4nster\",\"item\":\"https:\\\/\\\/www.scandbook.com\\\/sv\\\/produkter-tjanster\\\/?lang=sv\"},{\"@type\":\"ListItem\",\"position\":3,\"name\":\"Prepress\",\"item\":\"https:\\\/\\\/www.scandbook.com\\\/sv\\\/produkter-tjanster\\\/prepress\\\/\"},{\"@type\":\"ListItem\",\"position\":4,\"name\":\"Prepress i Falun\"}]},{\"@type\":\"WebSite\",\"@id\":\"https:\\\/\\\/www.scandbook.com\\\/sv\\\/#website\",\"url\":\"https:\\\/\\\/www.scandbook.com\\\/sv\\\/\",\"name\":\"ScandBook\",\"description\":\"Skandinaviens ledande bokproducent\",\"publisher\":{\"@id\":\"https:\\\/\\\/www.scandbook.com\\\/sv\\\/#organization\"},\"potentialAction\":[{\"@type\":\"SearchAction\",\"target\":{\"@type\":\"EntryPoint\",\"urlTemplate\":\"https:\\\/\\\/www.scandbook.com\\\/sv\\\/?s={search_term_string}\"},\"query-input\":{\"@type\":\"PropertyValueSpecification\",\"valueRequired\":true,\"valueName\":\"search_term_string\"}}],\"inLanguage\":\"sv-SE\"},{\"@type\":\"Organization\",\"@id\":\"https:\\\/\\\/www.scandbook.com\\\/sv\\\/#organization\",\"name\":\"ScandBook\",\"url\":\"https:\\\/\\\/www.scandbook.com\\\/sv\\\/\",\"logo\":{\"@type\":\"ImageObject\",\"inLanguage\":\"sv-SE\",\"@id\":\"https:\\\/\\\/www.scandbook.com\\\/sv\\\/#\\\/schema\\\/logo\\\/image\\\/\",\"url\":\"https:\\\/\\\/www.scandbook.com\\\/wp-content\\\/uploads\\\/2023\\\/05\\\/scandbook-funding-climate-action.webp\",\"contentUrl\":\"https:\\\/\\\/www.scandbook.com\\\/wp-content\\\/uploads\\\/2023\\\/05\\\/scandbook-funding-climate-action.webp\",\"width\":256,\"height\":88,\"caption\":\"ScandBook\"},\"image\":{\"@id\":\"https:\\\/\\\/www.scandbook.com\\\/sv\\\/#\\\/schema\\\/logo\\\/image\\\/\"},\"sameAs\":[\"https:\\\/\\\/www.facebook.com\\\/profile.php?id=100063569394878&sk=about&locale=sv_SE\",\"https:\\\/\\\/www.linkedin.com\\\/company\\\/scandbook-ab\\\/\"]}]}<\/script>\n<!-- \/ Yoast SEO Premium plugin. -->","yoast_head_json":{"title":"Prepress i Falun - ScandBook","description":"F\u00f6r att skapa en PDF som g\u00e5r igenom v\u00e5r produktion p\u00e5 b\u00e4sta m\u00f6jliga s\u00e4tt finns en manual f\u00f6r att skapa en tryckf\u00e4rdig PDF, ICC-profiler, f\u00e4rginst\u00e4llningar.","robots":{"index":"index","follow":"follow","max-snippet":"max-snippet:-1","max-image-preview":"max-image-preview:large","max-video-preview":"max-video-preview:-1"},"canonical":"https:\/\/www.scandbook.com\/sv\/produkter-tjanster\/prepress\/prepress-i-falun\/","og_locale":"sv_SE","og_type":"article","og_title":"Prepress i Falun","og_description":"F\u00f6r att skapa en PDF som g\u00e5r igenom v\u00e5r produktion p\u00e5 b\u00e4sta m\u00f6jliga s\u00e4tt finns en manual f\u00f6r att skapa en tryckf\u00e4rdig PDF, ICC-profiler, f\u00e4rginst\u00e4llningar.","og_url":"https:\/\/www.scandbook.com\/sv\/produkter-tjanster\/prepress\/prepress-i-falun\/","og_site_name":"ScandBook","article_publisher":"https:\/\/www.facebook.com\/profile.php?id=100063569394878&sk=about&locale=sv_SE","article_modified_time":"2024-02-16T12:08:32+00:00","twitter_card":"summary_large_image","twitter_misc":{"Ber\u00e4knad l\u00e4stid":"1 minut"},"schema":{"@context":"https:\/\/schema.org","@graph":[{"@type":"WebPage","@id":"https:\/\/www.scandbook.com\/sv\/produkter-tjanster\/prepress\/prepress-i-falun\/","url":"https:\/\/www.scandbook.com\/sv\/produkter-tjanster\/prepress\/prepress-i-falun\/","name":"Prepress i Falun - ScandBook","isPartOf":{"@id":"https:\/\/www.scandbook.com\/sv\/#website"},"datePublished":"2015-12-01T12:55:37+00:00","dateModified":"2024-02-16T12:08:32+00:00","description":"F\u00f6r att skapa en PDF som g\u00e5r igenom v\u00e5r produktion p\u00e5 b\u00e4sta m\u00f6jliga s\u00e4tt finns en manual f\u00f6r att skapa en tryckf\u00e4rdig PDF, ICC-profiler, f\u00e4rginst\u00e4llningar.","breadcrumb":{"@id":"https:\/\/www.scandbook.com\/sv\/produkter-tjanster\/prepress\/prepress-i-falun\/#breadcrumb"},"inLanguage":"sv-SE","potentialAction":[{"@type":"ReadAction","target":["https:\/\/www.scandbook.com\/sv\/produkter-tjanster\/prepress\/prepress-i-falun\/"]}]},{"@type":"BreadcrumbList","@id":"https:\/\/www.scandbook.com\/sv\/produkter-tjanster\/prepress\/prepress-i-falun\/#breadcrumb","itemListElement":[{"@type":"ListItem","position":1,"name":"Home","item":"https:\/\/www.scandbook.com\/sv\/"},{"@type":"ListItem","position":2,"name":"Produkter &#038; Tj\u00e4nster","item":"https:\/\/www.scandbook.com\/sv\/produkter-tjanster\/?lang=sv"},{"@type":"ListItem","position":3,"name":"Prepress","item":"https:\/\/www.scandbook.com\/sv\/produkter-tjanster\/prepress\/"},{"@type":"ListItem","position":4,"name":"Prepress i Falun"}]},{"@type":"WebSite","@id":"https:\/\/www.scandbook.com\/sv\/#website","url":"https:\/\/www.scandbook.com\/sv\/","name":"ScandBook","description":"Skandinaviens ledande bokproducent","publisher":{"@id":"https:\/\/www.scandbook.com\/sv\/#organization"},"potentialAction":[{"@type":"SearchAction","target":{"@type":"EntryPoint","urlTemplate":"https:\/\/www.scandbook.com\/sv\/?s={search_term_string}"},"query-input":{"@type":"PropertyValueSpecification","valueRequired":true,"valueName":"search_term_string"}}],"inLanguage":"sv-SE"},{"@type":"Organization","@id":"https:\/\/www.scandbook.com\/sv\/#organization","name":"ScandBook","url":"https:\/\/www.scandbook.com\/sv\/","logo":{"@type":"ImageObject","inLanguage":"sv-SE","@id":"https:\/\/www.scandbook.com\/sv\/#\/schema\/logo\/image\/","url":"https:\/\/www.scandbook.com\/wp-content\/uploads\/2023\/05\/scandbook-funding-climate-action.webp","contentUrl":"https:\/\/www.scandbook.com\/wp-content\/uploads\/2023\/05\/scandbook-funding-climate-action.webp","width":256,"height":88,"caption":"ScandBook"},"image":{"@id":"https:\/\/www.scandbook.com\/sv\/#\/schema\/logo\/image\/"},"sameAs":["https:\/\/www.facebook.com\/profile.php?id=100063569394878&sk=about&locale=sv_SE","https:\/\/www.linkedin.com\/company\/scandbook-ab\/"]}]}},"_links":{"self":[{"href":"https:\/\/www.scandbook.com\/sv\/wp-json\/wp\/v2\/pages\/836","targetHints":{"allow":["GET"]}}],"collection":[{"href":"https:\/\/www.scandbook.com\/sv\/wp-json\/wp\/v2\/pages"}],"about":[{"href":"https:\/\/www.scandbook.com\/sv\/wp-json\/wp\/v2\/types\/page"}],"author":[{"embeddable":true,"href":"https:\/\/www.scandbook.com\/sv\/wp-json\/wp\/v2\/users\/9"}],"replies":[{"embeddable":true,"href":"https:\/\/www.scandbook.com\/sv\/wp-json\/wp\/v2\/comments?post=836"}],"version-history":[{"count":39,"href":"https:\/\/www.scandbook.com\/sv\/wp-json\/wp\/v2\/pages\/836\/revisions"}],"predecessor-version":[{"id":12785,"href":"https:\/\/www.scandbook.com\/sv\/wp-json\/wp\/v2\/pages\/836\/revisions\/12785"}],"up":[{"embeddable":true,"href":"https:\/\/www.scandbook.com\/sv\/wp-json\/wp\/v2\/pages\/89"}],"wp:attachment":[{"href":"https:\/\/www.scandbook.com\/sv\/wp-json\/wp\/v2\/media?parent=836"}],"curies":[{"name":"wp","href":"https:\/\/api.w.org\/{rel}","templated":true}]}}