{"id":62,"date":"2015-11-12T11:39:40","date_gmt":"2015-11-12T10:39:40","guid":{"rendered":"http:\/\/development.scandbook-internt.se\/?page_id=62&#038;lang=sv"},"modified":"2024-02-05T11:59:48","modified_gmt":"2024-02-05T10:59:48","slug":"produkter","status":"publish","type":"page","link":"https:\/\/www.scandbook.com\/sv\/produkter-tjanster\/produkter\/","title":{"rendered":"Produkter"},"content":{"rendered":"\n\n<style type=\"text\/css\" data-created_by=\"avia_inline_auto\" id=\"style-css-av-5g3gm-f28db4b408e7a6152d3a486f0c690ae8\">\n.flex_column.av-5g3gm-f28db4b408e7a6152d3a486f0c690ae8{\nborder-radius:0px 0px 0px 0px;\npadding:0px 0px 0px 0px;\n}\n<\/style>\n<div  class='flex_column av-5g3gm-f28db4b408e7a6152d3a486f0c690ae8 av_one_full  avia-builder-el-1  el_after_av_codeblock  el_before_av_one_half  first flex_column_div av-zero-column-padding  '     ><section  class='av_textblock_section av-589aa-ed5f53b97f2cb6e07c03a158cdb5b762 '   itemscope=\"itemscope\" itemtype=\"https:\/\/schema.org\/CreativeWork\" ><div class='avia_textblock'  itemprop=\"text\" ><h2>Produkter<\/h2>\n<p>ScandBook \u00e4r specialiserade p\u00e5 produktion av h\u00e5rd- och mjukbundna b\u00f6cker med svartvit inlaga. Vi anv\u00e4nder g\u00e4rna olika typer av ytbehandlingar och omslagseffekter.<\/p>\n<\/div><\/section><\/div>\n<div class='flex_column_table av-lfs3vqi3-7fdb2741376504ce0198762cefa6f1c2 sc-av_one_half av-equal-height-column-flextable'>\n<style type=\"text\/css\" data-created_by=\"avia_inline_auto\" id=\"style-css-av-lfs3vqi3-7fdb2741376504ce0198762cefa6f1c2\">\n.flex_column.av-lfs3vqi3-7fdb2741376504ce0198762cefa6f1c2{\nborder-width:1px;\nborder-style:solid;\nborder-radius:2px 2px 2px 2px;\npadding:20px 20px 20px 20px;\nbackground-color:#ffffff;\n}\n<\/style>\n<div  class='flex_column av-lfs3vqi3-7fdb2741376504ce0198762cefa6f1c2 av_one_half  avia-builder-el-3  el_after_av_one_full  el_before_av_one_half  first flex_column_table_cell av-equal-height-column av-align-top  column-top-margin'     ><section  class='av_textblock_section av-lfs3wq7n-c02d86a42276be4d18ac21a90ea90a38 '   itemscope=\"itemscope\" itemtype=\"https:\/\/schema.org\/CreativeWork\" ><div class='avia_textblock'  itemprop=\"text\" ><h3>F\u00f6rlagsband<\/h3>\n<p><a href=\"https:\/\/www.scandbook.com\/wp-content\/uploads\/2023\/03\/dust-jacket-book.webp\"><img loading=\"lazy\" decoding=\"async\" class=\"alignnone wp-image-10412 size-portfolio\" src=\"https:\/\/www.scandbook.com\/wp-content\/uploads\/2023\/03\/dust-jacket-book-495x400.webp\" alt=\"\" width=\"495\" height=\"400\" \/><\/a><\/p>\n<p>F\u00f6rlagsbandet har h\u00e5rd p\u00e4rm kl\u00e4dd med f\u00e4rgat eller tryckt papper. Runt boken finns ett l\u00f6st skyddsomslag vanligen tryckt i flera f\u00e4rger.<\/p>\n<\/div><\/section><\/div>\n<div class='av-flex-placeholder'><\/div>\n<style type=\"text\/css\" data-created_by=\"avia_inline_auto\" id=\"style-css-av-lfwbx4tq-5e9f826cfc39b70914ecf61328a64cc0\">\n.flex_column.av-lfwbx4tq-5e9f826cfc39b70914ecf61328a64cc0{\nborder-width:1px;\nborder-style:solid;\nborder-radius:2px 2px 2px 2px;\npadding:20px 20px 20px 20px;\nbackground-color:#ffffff;\n}\n<\/style>\n<div  class='flex_column av-lfwbx4tq-5e9f826cfc39b70914ecf61328a64cc0 av_one_half  avia-builder-el-5  el_after_av_one_half  el_before_av_one_half  flex_column_table_cell av-equal-height-column av-align-top  column-top-margin'     ><section  class='av_textblock_section av-lfs3x3tn-956cef4b75a1a28a7ba565f78a5a3625 '   itemscope=\"itemscope\" itemtype=\"https:\/\/schema.org\/CreativeWork\" ><div class='avia_textblock'  itemprop=\"text\" ><h3>Kartonnage<\/h3>\n<p><a href=\"https:\/\/www.scandbook.com\/wp-content\/uploads\/2023\/03\/hard-cover-book.webp\"><img loading=\"lazy\" decoding=\"async\" class=\"alignnone wp-image-10416 size-portfolio\" src=\"https:\/\/www.scandbook.com\/wp-content\/uploads\/2023\/03\/hard-cover-book-495x400.webp\" alt=\"\" width=\"495\" height=\"400\" \/><\/a><\/p>\n<p>Kartonnagebandet har h\u00e5rd p\u00e4rm. Omslaget \u00e4r vanligtvis tryckt i fyrf\u00e4rg och \u00e4r klistrat direkt p\u00e5 p\u00e4rmen<\/p>\n<\/div><\/section><\/div><\/div><!--close column table wrapper. Autoclose: 1 -->\n<div class='flex_column_table av-lfwbxeia-46324ec3fbf1d634c68b16877f3363b0 sc-av_one_half av-equal-height-column-flextable'>\n<style type=\"text\/css\" data-created_by=\"avia_inline_auto\" id=\"style-css-av-lfwbxeia-46324ec3fbf1d634c68b16877f3363b0\">\n.flex_column.av-lfwbxeia-46324ec3fbf1d634c68b16877f3363b0{\nborder-width:1px;\nborder-style:solid;\nborder-radius:2px 2px 2px 2px;\npadding:20px 20px 20px 20px;\nbackground-color:#ffffff;\n}\n<\/style>\n<div  class='flex_column av-lfwbxeia-46324ec3fbf1d634c68b16877f3363b0 av_one_half  avia-builder-el-7  el_after_av_one_half  el_before_av_one_half  first flex_column_table_cell av-equal-height-column av-align-top  column-top-margin'     ><section  class='av_textblock_section av-lfs3xkj7-42671fc096ee0b5f4bbc1f0927d9dcc4 '   itemscope=\"itemscope\" itemtype=\"https:\/\/schema.org\/CreativeWork\" ><div class='avia_textblock'  itemprop=\"text\" ><h3>Mjukband (storpocket) och pocket<\/h3>\n<p><a href=\"https:\/\/www.scandbook.com\/wp-content\/uploads\/2023\/03\/soft-cover-book.webp\"><img loading=\"lazy\" decoding=\"async\" class=\"alignnone wp-image-10420 size-portfolio\" src=\"https:\/\/www.scandbook.com\/wp-content\/uploads\/2023\/03\/soft-cover-book-495x400.webp\" alt=\"\" width=\"495\" height=\"400\" \/><\/a><\/p>\n<p>Mjukbandet, som ocks\u00e5 kallas storpocket, har ingen h\u00e5rd p\u00e4rm utan omslaget \u00e4r tryckt p\u00e5 bestruken kartong med en ytvikt p\u00e5 240 gram. Det kan ocks\u00e5 produceras med flikar p\u00e5 omslaget. Kan produceras i samma format som h\u00e5rdbundna b\u00f6cker.<\/p>\n<p>Pocket har ett enklare (bulkigare) papper och en lite tunnare bestruken kartong med 220 gr i ytvikt. Vi optimerar materialvalet f\u00f6r att g\u00f6ra en s\u00e5 kostnadseffektiv produkt som m\u00f6jligt. Pocket har standardformat, som \u00e4r 110 X 178 mm i Sverige (115&#215;185 i Norge).<\/p>\n<\/div><\/section><\/div>\n<div class='av-flex-placeholder'><\/div>\n<style type=\"text\/css\" data-created_by=\"avia_inline_auto\" id=\"style-css-av-lfwbxllo-13f4297a075d725df2638290ff3543e8\">\n.flex_column.av-lfwbxllo-13f4297a075d725df2638290ff3543e8{\nborder-width:1px;\nborder-style:solid;\nborder-radius:2px 2px 2px 2px;\npadding:20px 20px 20px 20px;\nbackground-color:#ffffff;\n}\n<\/style>\n<div  class='flex_column av-lfwbxllo-13f4297a075d725df2638290ff3543e8 av_one_half  avia-builder-el-9  el_after_av_one_half  el_before_av_hr  flex_column_table_cell av-equal-height-column av-align-top  column-top-margin'     ><section  class='av_textblock_section av-lfs3y0m9-3378984d074d21c050bbf0346c631449 '   itemscope=\"itemscope\" itemtype=\"https:\/\/schema.org\/CreativeWork\" ><div class='avia_textblock'  itemprop=\"text\" ><h3>Mjukband och pocket, \u00e4ven med flikar<\/h3>\n<p><a href=\"https:\/\/www.scandbook.com\/wp-content\/uploads\/2023\/03\/cover-with-flaps-book.webp\"><img loading=\"lazy\" decoding=\"async\" class=\"alignnone wp-image-10408 size-portfolio\" src=\"https:\/\/www.scandbook.com\/wp-content\/uploads\/2023\/03\/cover-with-flaps-book-495x400.webp\" alt=\"\" width=\"495\" height=\"400\" \/><\/a><\/p>\n<p>S\u00e5v\u00e4l mjukband som pocket kan f\u00e5s med flikar p\u00e5 omslaget.<\/p>\n<\/div><\/section><\/div><\/div><!--close column table wrapper. Autoclose: 1 -->\n<div  class='hr av-4h5z6-86cf2ffeda4c15dc6a147046368350ab hr-default  avia-builder-el-11  el_after_av_one_half  el_before_av_one_third '><span class='hr-inner '><span class=\"hr-inner-style\"><\/span><\/span><\/div>\n\n<style type=\"text\/css\" data-created_by=\"avia_inline_auto\" id=\"style-css-av-3sm6i-496b3cd6c39e7611203c7c9fd0567967\">\n.flex_column.av-3sm6i-496b3cd6c39e7611203c7c9fd0567967{\nborder-radius:0px 0px 0px 0px;\npadding:10px 10px 10px 10px;\n}\n<\/style>\n<div  class='flex_column av-3sm6i-496b3cd6c39e7611203c7c9fd0567967 av_one_third  avia-builder-el-12  el_after_av_hr  el_before_av_one_third  first flex_column_div  '     ><style type=\"text\/css\" data-created_by=\"avia_inline_auto\" id=\"style-css-av-37wci-3fb562e620c284099da0bc4b9af8d163\">\n.iconbox.av-37wci-3fb562e620c284099da0bc4b9af8d163 .iconbox_icon{\nbackground-color:#0072bc;\nborder:1px solid #0072bc;\ncolor:#ffffff;\n}\n.iconbox.av-37wci-3fb562e620c284099da0bc4b9af8d163 .iconbox_icon.avia-svg-icon svg:first-child{\nfill:#ffffff;\nstroke:#ffffff;\n}\n#top #wrap_all .iconbox.av-37wci-3fb562e620c284099da0bc4b9af8d163 .iconbox_content_title{\ncolor:#0072bc;\n}\n<\/style>\n<article  class='iconbox iconbox_left av-37wci-3fb562e620c284099da0bc4b9af8d163  avia-builder-el-13  avia-builder-el-no-sibling '  itemscope=\"itemscope\" itemtype=\"https:\/\/schema.org\/CreativeWork\" ><div class=\"iconbox_content\"><header class=\"entry-content-header\" aria-label=\"Icon: Standard \u00f6verdragsf\u00e4rger\"><div class='iconbox_icon heading-color avia-iconfont avia-font-entypo-fontello' data-av_icon='\ue8a4' data-av_iconfont='entypo-fontello'  ><\/div><h3 class='iconbox_content_title '  itemprop=\"headline\" >Standard \u00f6verdragsf\u00e4rger<\/h3><\/header><div class='iconbox_content_container '  itemprop=\"text\" ><p>T\u00e4nk p\u00e5 att f\u00e4rgerna inte \u00e4r exakta utan varierar en hel del fr\u00e5n sk\u00e4rm till sk\u00e4rm.<\/p>\n<p><a href=\"http:\/\/www.scandbook.com\/standard-mat\/geltex\/index-sv.html\" class=\"popup\" data-width=\"1240\" data-height=\"960\" data-scrollbars=\"1\" alt=\"popup\">Geltex<\/a><a href=\"http:\/\/www.scandbook.com\/standard-mat\/ryggfolie\/index-sv.html\" class=\"popup\" data-width=\"1024\" data-height=\"960\" data-scrollbars=\"1\" alt=\"popup\">Ryggfolie<\/a><a href=\"http:\/\/www.scandbook.com\/standard-mat\/kapitalband\/index-sv.html\" class=\"popup\" data-width=\"1200\" data-height=\"960\" data-scrollbars=\"1\" alt=\"popup\">Kapit\u00e4lband<\/a><\/p>\n<\/div><\/div><footer class=\"entry-footer\"><\/footer><\/article><\/div>\n\n<style type=\"text\/css\" data-created_by=\"avia_inline_auto\" id=\"style-css-av-2rl02-cb0bc27383a92ea775fa3f215cea9606\">\n.flex_column.av-2rl02-cb0bc27383a92ea775fa3f215cea9606{\nborder-radius:0px 0px 0px 0px;\npadding:10px 10px 10px 10px;\n}\n<\/style>\n<div  class='flex_column av-2rl02-cb0bc27383a92ea775fa3f215cea9606 av_one_third  avia-builder-el-14  el_after_av_one_third  el_before_av_one_third  flex_column_div  '     ><style type=\"text\/css\" data-created_by=\"avia_inline_auto\" id=\"style-css-av-212zm-5492f131e7820ab5b8335e0b0aa89b4b\">\n.iconbox.av-212zm-5492f131e7820ab5b8335e0b0aa89b4b .iconbox_icon{\nbackground-color:#0072bc;\nborder:1px solid #0072bc;\ncolor:#ffffff;\n}\n.iconbox.av-212zm-5492f131e7820ab5b8335e0b0aa89b4b .iconbox_icon.avia-svg-icon svg:first-child{\nfill:#ffffff;\nstroke:#ffffff;\n}\n#top #wrap_all .iconbox.av-212zm-5492f131e7820ab5b8335e0b0aa89b4b .iconbox_content_title{\ncolor:#0072bc;\n}\n<\/style>\n<article  class='iconbox iconbox_left av-212zm-5492f131e7820ab5b8335e0b0aa89b4b  avia-builder-el-15  avia-builder-el-no-sibling '  itemscope=\"itemscope\" itemtype=\"https:\/\/schema.org\/CreativeWork\" ><div class=\"iconbox_content\"><header class=\"entry-content-header\" aria-label=\"Icon: Standardformat\"><a href='https:\/\/www.scandbook.com\/sv\/produkter-tjanster\/produkter\/standardformat\/' title='Standardformat' aria-label='Standardformat'  class='iconbox_icon heading-color avia-iconfont avia-font-entypo-fontello' data-av_icon='\ue849' data-av_iconfont='entypo-fontello' title=\"Standardformat\" desc=\"Standardformat\" ><\/a><h3 class='iconbox_content_title '  itemprop=\"headline\" ><a href='https:\/\/www.scandbook.com\/sv\/produkter-tjanster\/produkter\/standardformat\/' title='Standardformat' >Standardformat<\/a><\/h3><\/header><div class='iconbox_content_container '  itemprop=\"text\" ><p>Med syftet\u00a0att kunna vara kostnadseffektiva, optimera produktionen och g\u00f6ra smarta ink\u00f6p fokuserar vi p\u00e5 ett antal standardformat. Naturligtvis kan vi producera andra format men dessa \u00e4r de mest effektiva.<\/p>\n<p><a href=\"http:\/\/www.scandbook.com\/produkter-tjanster\/produkter\/standardformat\/?lang=sv\">\u00bb L\u00e4s mer<\/a><\/p>\n<\/div><\/div><footer class=\"entry-footer\"><\/footer><\/article><\/div>\n<style type=\"text\/css\" data-created_by=\"avia_inline_auto\" id=\"style-css-av-1n4li-6a863e74964dc804aa24ae7806324c74\">\n.flex_column.av-1n4li-6a863e74964dc804aa24ae7806324c74{\nborder-radius:0px 0px 0px 0px;\npadding:10px 10px 10px 10px;\n}\n<\/style>\n<div  class='flex_column av-1n4li-6a863e74964dc804aa24ae7806324c74 av_one_third  avia-builder-el-16  el_after_av_one_third  avia-builder-el-last  flex_column_div  '     ><style type=\"text\/css\" data-created_by=\"avia_inline_auto\" id=\"style-css-av-spx6-d9513b756472ce8f6232fd9543dde5f8\">\n.iconbox.av-spx6-d9513b756472ce8f6232fd9543dde5f8 .iconbox_icon{\nbackground-color:#0072bc;\nborder:1px solid #0072bc;\ncolor:#ffffff;\n}\n.iconbox.av-spx6-d9513b756472ce8f6232fd9543dde5f8 .iconbox_icon.avia-svg-icon svg:first-child{\nfill:#ffffff;\nstroke:#ffffff;\n}\n#top #wrap_all .iconbox.av-spx6-d9513b756472ce8f6232fd9543dde5f8 .iconbox_content_title{\ncolor:#0072bc;\n}\n<\/style>\n<article  class='iconbox iconbox_left av-spx6-d9513b756472ce8f6232fd9543dde5f8  avia-builder-el-17  avia-builder-el-no-sibling '  itemscope=\"itemscope\" itemtype=\"https:\/\/schema.org\/CreativeWork\" ><div class=\"iconbox_content\"><header class=\"entry-content-header\" aria-label=\"Icon: Optimala sidantal\"><a href='https:\/\/www.scandbook.com\/sv\/produkter-tjanster\/produkter\/optimala\/' title='Optimala sidantal' aria-label='Optimala sidantal'  class='iconbox_icon heading-color avia-iconfont avia-font-entypo-fontello' data-av_icon='\ue855' data-av_iconfont='entypo-fontello' title=\"Optimala sidantal\" desc=\"Optimala sidantal\" ><\/a><h3 class='iconbox_content_title '  itemprop=\"headline\" ><a href='https:\/\/www.scandbook.com\/sv\/produkter-tjanster\/produkter\/optimala\/' title='Optimala sidantal' >Optimala sidantal<\/a><\/h3><\/header><div class='iconbox_content_container '  itemprop=\"text\" ><p><strong>Hur ser en optimal produkt ut?<\/strong><br \/>\nEn optimal produkt \u00e4r en bok som baseras p\u00e5 standardmaterial och har ett format som g\u00f6r att\u00a0det som trimmas bort\u00a0efter tryck blir minimalt.<\/p>\n<p><a href=\"http:\/\/www.scandbook.com\/produkter-tjanster\/produkter\/optimala\/?lang=sv\">\u00bb L\u00e4s mer<\/a><\/p>\n<\/div><\/div><footer class=\"entry-footer\"><\/footer><\/article><\/div><\/p>\n","protected":false},"excerpt":{"rendered":"","protected":false},"author":9,"featured_media":0,"parent":51,"menu_order":11,"comment_status":"closed","ping_status":"closed","template":"","meta":{"footnotes":""},"class_list":["post-62","page","type-page","status-publish","hentry"],"yoast_head":"<!-- This site is optimized with the Yoast SEO Premium plugin v27.4 (Yoast SEO v27.4) - https:\/\/yoast.com\/product\/yoast-seo-premium-wordpress\/ -->\n<title>V\u00e5ra produkter till produktion av b\u00f6cker - ScandBook<\/title>\n<meta name=\"description\" content=\"ScandBook \u00e4r specialiserade p\u00e5 produktion av h\u00e5rd- och mjukbundna b\u00f6cker med svartvit inlaga.\" \/>\n<meta name=\"robots\" content=\"index, follow, max-snippet:-1, max-image-preview:large, max-video-preview:-1\" \/>\n<link rel=\"canonical\" href=\"https:\/\/www.scandbook.com\/sv\/produkter-tjanster\/produkter\/\" \/>\n<meta property=\"og:locale\" content=\"sv_SE\" \/>\n<meta property=\"og:type\" content=\"article\" \/>\n<meta property=\"og:title\" content=\"Produkter\" \/>\n<meta property=\"og:description\" content=\"ScandBook \u00e4r specialiserade p\u00e5 produktion av h\u00e5rd- och mjukbundna b\u00f6cker med svartvit inlaga.\" \/>\n<meta property=\"og:url\" content=\"https:\/\/www.scandbook.com\/sv\/produkter-tjanster\/produkter\/\" \/>\n<meta property=\"og:site_name\" content=\"ScandBook\" \/>\n<meta property=\"article:publisher\" content=\"https:\/\/www.facebook.com\/profile.php?id=100063569394878&amp;sk=about&amp;locale=sv_SE\" \/>\n<meta property=\"article:modified_time\" content=\"2024-02-05T10:59:48+00:00\" \/>\n<meta property=\"og:image\" content=\"https:\/\/www.scandbook.com\/wp-content\/uploads\/2023\/03\/dust-jacket-book-495x400.webp\" \/>\n<meta name=\"twitter:card\" content=\"summary_large_image\" \/>\n<meta name=\"twitter:label1\" content=\"Ber\u00e4knad l\u00e4stid\" \/>\n\t<meta name=\"twitter:data1\" content=\"2 minuter\" \/>\n<script type=\"application\/ld+json\" class=\"yoast-schema-graph\">{\"@context\":\"https:\\\/\\\/schema.org\",\"@graph\":[{\"@type\":\"WebPage\",\"@id\":\"https:\\\/\\\/www.scandbook.com\\\/sv\\\/produkter-tjanster\\\/produkter\\\/\",\"url\":\"https:\\\/\\\/www.scandbook.com\\\/sv\\\/produkter-tjanster\\\/produkter\\\/\",\"name\":\"V\u00e5ra produkter till produktion av b\u00f6cker - ScandBook\",\"isPartOf\":{\"@id\":\"https:\\\/\\\/www.scandbook.com\\\/sv\\\/#website\"},\"primaryImageOfPage\":{\"@id\":\"https:\\\/\\\/www.scandbook.com\\\/sv\\\/produkter-tjanster\\\/produkter\\\/#primaryimage\"},\"image\":{\"@id\":\"https:\\\/\\\/www.scandbook.com\\\/sv\\\/produkter-tjanster\\\/produkter\\\/#primaryimage\"},\"thumbnailUrl\":\"https:\\\/\\\/www.scandbook.com\\\/wp-content\\\/uploads\\\/2023\\\/03\\\/dust-jacket-book-495x400.webp\",\"datePublished\":\"2015-11-12T10:39:40+00:00\",\"dateModified\":\"2024-02-05T10:59:48+00:00\",\"description\":\"ScandBook \u00e4r specialiserade p\u00e5 produktion av h\u00e5rd- och mjukbundna b\u00f6cker med svartvit inlaga.\",\"breadcrumb\":{\"@id\":\"https:\\\/\\\/www.scandbook.com\\\/sv\\\/produkter-tjanster\\\/produkter\\\/#breadcrumb\"},\"inLanguage\":\"sv-SE\",\"potentialAction\":[{\"@type\":\"ReadAction\",\"target\":[\"https:\\\/\\\/www.scandbook.com\\\/sv\\\/produkter-tjanster\\\/produkter\\\/\"]}]},{\"@type\":\"ImageObject\",\"inLanguage\":\"sv-SE\",\"@id\":\"https:\\\/\\\/www.scandbook.com\\\/sv\\\/produkter-tjanster\\\/produkter\\\/#primaryimage\",\"url\":\"https:\\\/\\\/www.scandbook.com\\\/wp-content\\\/uploads\\\/2023\\\/03\\\/dust-jacket-book-495x400.webp\",\"contentUrl\":\"https:\\\/\\\/www.scandbook.com\\\/wp-content\\\/uploads\\\/2023\\\/03\\\/dust-jacket-book-495x400.webp\"},{\"@type\":\"BreadcrumbList\",\"@id\":\"https:\\\/\\\/www.scandbook.com\\\/sv\\\/produkter-tjanster\\\/produkter\\\/#breadcrumb\",\"itemListElement\":[{\"@type\":\"ListItem\",\"position\":1,\"name\":\"Home\",\"item\":\"https:\\\/\\\/www.scandbook.com\\\/sv\\\/\"},{\"@type\":\"ListItem\",\"position\":2,\"name\":\"Produkter &#038; Tj\u00e4nster\",\"item\":\"https:\\\/\\\/www.scandbook.com\\\/sv\\\/produkter-tjanster\\\/?lang=sv\"},{\"@type\":\"ListItem\",\"position\":3,\"name\":\"Produkter\"}]},{\"@type\":\"WebSite\",\"@id\":\"https:\\\/\\\/www.scandbook.com\\\/sv\\\/#website\",\"url\":\"https:\\\/\\\/www.scandbook.com\\\/sv\\\/\",\"name\":\"ScandBook\",\"description\":\"Skandinaviens ledande bokproducent\",\"publisher\":{\"@id\":\"https:\\\/\\\/www.scandbook.com\\\/sv\\\/#organization\"},\"potentialAction\":[{\"@type\":\"SearchAction\",\"target\":{\"@type\":\"EntryPoint\",\"urlTemplate\":\"https:\\\/\\\/www.scandbook.com\\\/sv\\\/?s={search_term_string}\"},\"query-input\":{\"@type\":\"PropertyValueSpecification\",\"valueRequired\":true,\"valueName\":\"search_term_string\"}}],\"inLanguage\":\"sv-SE\"},{\"@type\":\"Organization\",\"@id\":\"https:\\\/\\\/www.scandbook.com\\\/sv\\\/#organization\",\"name\":\"ScandBook\",\"url\":\"https:\\\/\\\/www.scandbook.com\\\/sv\\\/\",\"logo\":{\"@type\":\"ImageObject\",\"inLanguage\":\"sv-SE\",\"@id\":\"https:\\\/\\\/www.scandbook.com\\\/sv\\\/#\\\/schema\\\/logo\\\/image\\\/\",\"url\":\"https:\\\/\\\/www.scandbook.com\\\/wp-content\\\/uploads\\\/2023\\\/05\\\/scandbook-funding-climate-action.webp\",\"contentUrl\":\"https:\\\/\\\/www.scandbook.com\\\/wp-content\\\/uploads\\\/2023\\\/05\\\/scandbook-funding-climate-action.webp\",\"width\":256,\"height\":88,\"caption\":\"ScandBook\"},\"image\":{\"@id\":\"https:\\\/\\\/www.scandbook.com\\\/sv\\\/#\\\/schema\\\/logo\\\/image\\\/\"},\"sameAs\":[\"https:\\\/\\\/www.facebook.com\\\/profile.php?id=100063569394878&sk=about&locale=sv_SE\",\"https:\\\/\\\/www.linkedin.com\\\/company\\\/scandbook-ab\\\/\"]}]}<\/script>\n<!-- \/ Yoast SEO Premium plugin. -->","yoast_head_json":{"title":"V\u00e5ra produkter till produktion av b\u00f6cker - ScandBook","description":"ScandBook \u00e4r specialiserade p\u00e5 produktion av h\u00e5rd- och mjukbundna b\u00f6cker med svartvit inlaga.","robots":{"index":"index","follow":"follow","max-snippet":"max-snippet:-1","max-image-preview":"max-image-preview:large","max-video-preview":"max-video-preview:-1"},"canonical":"https:\/\/www.scandbook.com\/sv\/produkter-tjanster\/produkter\/","og_locale":"sv_SE","og_type":"article","og_title":"Produkter","og_description":"ScandBook \u00e4r specialiserade p\u00e5 produktion av h\u00e5rd- och mjukbundna b\u00f6cker med svartvit inlaga.","og_url":"https:\/\/www.scandbook.com\/sv\/produkter-tjanster\/produkter\/","og_site_name":"ScandBook","article_publisher":"https:\/\/www.facebook.com\/profile.php?id=100063569394878&sk=about&locale=sv_SE","article_modified_time":"2024-02-05T10:59:48+00:00","og_image":[{"url":"https:\/\/www.scandbook.com\/wp-content\/uploads\/2023\/03\/dust-jacket-book-495x400.webp","type":"","width":"","height":""}],"twitter_card":"summary_large_image","twitter_misc":{"Ber\u00e4knad l\u00e4stid":"2 minuter"},"schema":{"@context":"https:\/\/schema.org","@graph":[{"@type":"WebPage","@id":"https:\/\/www.scandbook.com\/sv\/produkter-tjanster\/produkter\/","url":"https:\/\/www.scandbook.com\/sv\/produkter-tjanster\/produkter\/","name":"V\u00e5ra produkter till produktion av b\u00f6cker - ScandBook","isPartOf":{"@id":"https:\/\/www.scandbook.com\/sv\/#website"},"primaryImageOfPage":{"@id":"https:\/\/www.scandbook.com\/sv\/produkter-tjanster\/produkter\/#primaryimage"},"image":{"@id":"https:\/\/www.scandbook.com\/sv\/produkter-tjanster\/produkter\/#primaryimage"},"thumbnailUrl":"https:\/\/www.scandbook.com\/wp-content\/uploads\/2023\/03\/dust-jacket-book-495x400.webp","datePublished":"2015-11-12T10:39:40+00:00","dateModified":"2024-02-05T10:59:48+00:00","description":"ScandBook \u00e4r specialiserade p\u00e5 produktion av h\u00e5rd- och mjukbundna b\u00f6cker med svartvit inlaga.","breadcrumb":{"@id":"https:\/\/www.scandbook.com\/sv\/produkter-tjanster\/produkter\/#breadcrumb"},"inLanguage":"sv-SE","potentialAction":[{"@type":"ReadAction","target":["https:\/\/www.scandbook.com\/sv\/produkter-tjanster\/produkter\/"]}]},{"@type":"ImageObject","inLanguage":"sv-SE","@id":"https:\/\/www.scandbook.com\/sv\/produkter-tjanster\/produkter\/#primaryimage","url":"https:\/\/www.scandbook.com\/wp-content\/uploads\/2023\/03\/dust-jacket-book-495x400.webp","contentUrl":"https:\/\/www.scandbook.com\/wp-content\/uploads\/2023\/03\/dust-jacket-book-495x400.webp"},{"@type":"BreadcrumbList","@id":"https:\/\/www.scandbook.com\/sv\/produkter-tjanster\/produkter\/#breadcrumb","itemListElement":[{"@type":"ListItem","position":1,"name":"Home","item":"https:\/\/www.scandbook.com\/sv\/"},{"@type":"ListItem","position":2,"name":"Produkter &#038; Tj\u00e4nster","item":"https:\/\/www.scandbook.com\/sv\/produkter-tjanster\/?lang=sv"},{"@type":"ListItem","position":3,"name":"Produkter"}]},{"@type":"WebSite","@id":"https:\/\/www.scandbook.com\/sv\/#website","url":"https:\/\/www.scandbook.com\/sv\/","name":"ScandBook","description":"Skandinaviens ledande bokproducent","publisher":{"@id":"https:\/\/www.scandbook.com\/sv\/#organization"},"potentialAction":[{"@type":"SearchAction","target":{"@type":"EntryPoint","urlTemplate":"https:\/\/www.scandbook.com\/sv\/?s={search_term_string}"},"query-input":{"@type":"PropertyValueSpecification","valueRequired":true,"valueName":"search_term_string"}}],"inLanguage":"sv-SE"},{"@type":"Organization","@id":"https:\/\/www.scandbook.com\/sv\/#organization","name":"ScandBook","url":"https:\/\/www.scandbook.com\/sv\/","logo":{"@type":"ImageObject","inLanguage":"sv-SE","@id":"https:\/\/www.scandbook.com\/sv\/#\/schema\/logo\/image\/","url":"https:\/\/www.scandbook.com\/wp-content\/uploads\/2023\/05\/scandbook-funding-climate-action.webp","contentUrl":"https:\/\/www.scandbook.com\/wp-content\/uploads\/2023\/05\/scandbook-funding-climate-action.webp","width":256,"height":88,"caption":"ScandBook"},"image":{"@id":"https:\/\/www.scandbook.com\/sv\/#\/schema\/logo\/image\/"},"sameAs":["https:\/\/www.facebook.com\/profile.php?id=100063569394878&sk=about&locale=sv_SE","https:\/\/www.linkedin.com\/company\/scandbook-ab\/"]}]}},"_links":{"self":[{"href":"https:\/\/www.scandbook.com\/sv\/wp-json\/wp\/v2\/pages\/62","targetHints":{"allow":["GET"]}}],"collection":[{"href":"https:\/\/www.scandbook.com\/sv\/wp-json\/wp\/v2\/pages"}],"about":[{"href":"https:\/\/www.scandbook.com\/sv\/wp-json\/wp\/v2\/types\/page"}],"author":[{"embeddable":true,"href":"https:\/\/www.scandbook.com\/sv\/wp-json\/wp\/v2\/users\/9"}],"replies":[{"embeddable":true,"href":"https:\/\/www.scandbook.com\/sv\/wp-json\/wp\/v2\/comments?post=62"}],"version-history":[{"count":35,"href":"https:\/\/www.scandbook.com\/sv\/wp-json\/wp\/v2\/pages\/62\/revisions"}],"predecessor-version":[{"id":12273,"href":"https:\/\/www.scandbook.com\/sv\/wp-json\/wp\/v2\/pages\/62\/revisions\/12273"}],"up":[{"embeddable":true,"href":"https:\/\/www.scandbook.com\/sv\/wp-json\/wp\/v2\/pages\/51"}],"wp:attachment":[{"href":"https:\/\/www.scandbook.com\/sv\/wp-json\/wp\/v2\/media?parent=62"}],"curies":[{"name":"wp","href":"https:\/\/api.w.org\/{rel}","templated":true}]}}