{"id":6098,"date":"2020-02-05T08:50:24","date_gmt":"2020-02-05T07:50:24","guid":{"rendered":"http:\/\/www.scandbook.com\/om-oss\/kvalitet-miljo-gdpr\/climatecalc\/"},"modified":"2024-09-04T08:52:29","modified_gmt":"2024-09-04T07:52:29","slug":"climatecalc","status":"publish","type":"page","link":"https:\/\/www.scandbook.com\/sv\/esg\/climatecalc\/","title":{"rendered":"ClimateCalc"},"content":{"rendered":"\n\n<style type=\"text\/css\" data-created_by=\"avia_inline_auto\" id=\"style-css-av-2rrqjj-bc894d14ed6e6093421b9a3f9d3325ce\">\n.flex_column.av-2rrqjj-bc894d14ed6e6093421b9a3f9d3325ce{\nborder-radius:0px 0px 0px 0px;\npadding:0px 0px 0px 0px;\n}\n<\/style>\n<div  class='flex_column av-2rrqjj-bc894d14ed6e6093421b9a3f9d3325ce av_one_full  avia-builder-el-1  el_after_av_codeblock  avia-builder-el-last  first flex_column_div av-zero-column-padding  '     ><section  class='av_textblock_section av-k690lqm3-8a68e2c6a8b377b671a55054bdfc871c '   itemscope=\"itemscope\" itemtype=\"https:\/\/schema.org\/CreativeWork\" ><div class='avia_textblock'  itemprop=\"text\" ><h1>ClimateCalc<\/h1>\n<h3><strong>Vi vill g\u00f6ra ett milj\u00f6v\u00e4nligare avtryck!<\/strong><\/h3>\n<p>Mycket i media handlar just nu om milj\u00f6. Framf\u00f6r allt kanske om Co2-avtryck och kemikalier. Just d\u00e4rf\u00f6r k\u00e4nns det nu extra gl\u00e4djande att vi som andra svenska tryckerikoncern som f\u00f6rsta svenska boktryckarkoncern, blivit certifierad enl. ClimateCalc. Detta betyder framf\u00f6r allt att vi h\u00e5ller koll p\u00e5 och kan redovisar v\u00e5ra avtryck v.g. r\u00e5varor, kemikalier, el, v\u00e4rme och frakter. Ut\u00f6ver detta har vi som tidigare envist undvikit tillsatsprodukter som kan inneh\u00e5lla, f\u00f6r l\u00e4sare eller v\u00e5ra anst\u00e4llda, skadliga \u00e4mnen s\u00e5som isocyanater, h\u00e4rdplaster (UV- eller UV-hybrid f\u00e4rger m.m). Vi kommer fortsatt att jobba med att minska v\u00e5ra avtryck och kemikalieanv\u00e4ndning samt prioritera r\u00e5varu- och underleverant\u00f6rer som har samma insikt.<\/p>\n<p>Vi kommer \u00e4ven att f\u00f6rh\u00e5lla oss till och informera oss om European Green Deal (<a href=\"https:\/\/ec.europa.eu\/info\/strategy\/priorities-2019-2024\/european-green-deal_sv\" target=\"_blank\" rel=\"noopener\">https:\/\/ec.europa.eu\/info\/strategy\/priorities-2019-2024\/european-green-deal_sv<\/a>) som har som m\u00e5l att Europa som f\u00f6rsta v\u00e4rldsdel skall vara klimatneutralt \u00e5r 2050.<\/p>\n<p><strong>Och sj\u00e4lvklart har vi nu inlett resan att g\u00f6ra Scandbook klimatneutralt!<\/strong><\/p>\n<h3><strong>Vad \u00e4r d\u00e5 ClimateCalc?<\/strong><\/h3>\n<p>Detta \u00e4r ett verktyg (<a href=\"http:\/\/www.climatecalc.eu\" target=\"_blank\" rel=\"noopener\">www.climatecalc.eu<\/a>) f\u00f6r att ber\u00e4kna en specifik produkts koldioxidavtryck och \u00e4r skapat av Europeiska grafiska handelsf\u00f6reningen Intergraf (<a href=\"http:\/\/www.intergraf.eu\" target=\"_blank\" rel=\"noopener\">www.intergraf.eu<\/a>).<\/p>\n<p>Intergrafs standard \u00e4r den enda internationella grafiska standarden f\u00f6r kalkylber\u00e4kning av koldioxidavtryck. Denna standard \u00e4r viktig eftersom den s\u00e4kerst\u00e4ller att alla som anv\u00e4nder standarden ber\u00e4knar p\u00e5 samma grund.<\/p>\n<p>Dessutom \u00f6verensst\u00e4mmer ber\u00e4kningsverktyget ClimateCalc med ISO 14064-1, ISO 16759 och det internationella Green House Gas Protocol (<a href=\"http:\/\/www.ghgprotocol.org\">www.ghgprotocol.org<\/a>).<\/p>\n<p>ClimateCalc kombinerar verifierade f\u00f6retagsdata med verifierade standarddata. Standarddata v\u00e4ljs noggrant och baseras p\u00e5 det grafiska och tekniska sammanhanget som de tillh\u00f6r. D\u00e4rf\u00f6r baseras utsl\u00e4ppsfaktorerna f\u00f6r grafisk r\u00e5vara p\u00e5 publicerad LCA-forskning (livscykelanalys) och p\u00e5 olika forskningsprojekt inom den grafiska industrin. Utsl\u00e4ppsfaktorer relaterade till f\u00f6retagets energif\u00f6rbrukning och br\u00e4nslef\u00f6rbr\u00e4nning anpassas till det land d\u00e4r f\u00f6retaget \u00e4r bel\u00e4get.<\/p>\n<p>ClimateCalc-ber\u00e4kningsverktyget uppfyller ISO 14064-1. Denna ISO-norm definierar hur man ska ber\u00e4kna och rapportera utsl\u00e4pp av v\u00e4xthusgaser p\u00e5 organisatorisk niv\u00e5. \u00d6verensst\u00e4mmelsen har verifierats av SGS, ett internationellt rekommenderat f\u00f6retag inom inspektion, verifiering, testning och certifiering.<\/p>\n<p>ClimateCalc-ber\u00e4kningsverktyget uppfyller ISO 16759. Denna ISO-norm definierar hur man ska ber\u00e4kna utsl\u00e4pp av v\u00e4xthusgaser fr\u00e5n tryckta produkter. \u00d6verensst\u00e4mmelsen har verifierats av SGS, ett internationellt rekommenderat f\u00f6retag inom inspektion, verifiering, testning och certifiering.<\/p>\n<p>ClimateCalc sammanst\u00e4lldes enligt riktlinjerna i den internationella standarden, The Green House Gas Protocol (GHG Protocol), som publiceras av World Business Council for Sustainable Development och World Resources Institute. Standarden \u00e4r tillg\u00e4nglig p\u00e5 <a href=\"http:\/\/www.ghgprotocol.org\" target=\"_blank\" rel=\"noopener\">www.ghgprotocol.org<\/a>.<\/p>\n<p><strong>Enligt GHG-protokollet m\u00e5ste utsl\u00e4pp av v\u00e4xthusgaser delas upp i tre omfattningar:<\/strong><\/p>\n<p>R\u00e4ckvidd 1: Direkt utsl\u00e4pp av v\u00e4xthusgaser fr\u00e5n f\u00f6retaget genom till exempel f\u00f6rbr\u00e4nning av olja eller gas i egna pannor eller fordon.<\/p>\n<p>Omfattning 2: Indirekta utsl\u00e4pp av v\u00e4xthusgaser fr\u00e5n produktion av ink\u00f6pta energi som el och fj\u00e4rrv\u00e4rme.<\/p>\n<p>R\u00e4ckvidd 3: Andra indirekta utsl\u00e4pp av v\u00e4xthusgaser fr\u00e5n till exempel produktion av r\u00e5material, k\u00f6pta transporttj\u00e4nster och arbetstagarens pendling till och fr\u00e5n arbetet.<\/p>\n<h3><strong>F\u00f6retagsdata<\/strong><\/h3>\n<p>F\u00f6retagets egna uppgifter f\u00f6r energif\u00f6rbrukning, br\u00e4nsle, r\u00e5material, underr\u00e5varor, transporttj\u00e4nster och avfallsproduktion \u00e4r grunden f\u00f6r f\u00f6retagets kolkonto samt produktber\u00e4kningar. F\u00f6retagets egna uppgifter verifieras av konsulter som representerar ClimateCalc.<\/p>\n<h3><strong>Standarddata f\u00f6r grafisk r\u00e5vara<\/strong><\/h3>\n<p>Utsl\u00e4ppsfaktorerna f\u00f6r grafisk r\u00e5vara baseras p\u00e5 den b\u00e4sta kunskapen som finns inom b\u00e5de publicerad LCA-forskning (livscykelanalys) och olika utvecklingsprojekt som genomf\u00f6rs inom den grafiska industrin. Utsl\u00e4ppsfaktorer f\u00f6r t.ex. tryckf\u00e4rg, lack, tryckpl\u00e5tar, reng\u00f6ringsmedel etc. utvecklas fr\u00e4mst p\u00e5 grundval av tydligt definierade modeller f\u00f6r den specifika r\u00e5varan med hj\u00e4lp av data fr\u00e5n Ecoinvent-databasen. Det danska tekniska universitetet har bidragit med s\u00e5v\u00e4l data som definition av modeller relaterade till grafiska r\u00e5varor, bland annat baserade p\u00e5 projektet Milj\u00f6m\u00e4rkning av tryckt material &#8211; del II.<\/p>\n<h3><strong>Standarddata f\u00f6r energi och br\u00e4nsle<\/strong><\/h3>\n<p>De flesta av de anv\u00e4nda uppgifterna f\u00f6r br\u00e4nsle- och energif\u00f6rbrukning kommer fr\u00e5n Ecoinvent-databasen och fr\u00e5n UNFCCC (FN: s ramkonvention om klimatf\u00f6r\u00e4ndring). Utsl\u00e4ppsfaktorerna f\u00f6r elf\u00f6rbrukning och br\u00e4nslef\u00f6rbr\u00e4nning \u00e4r landspecifika, medan utsl\u00e4ppsfaktorer relaterade till br\u00e4nsleproduktion och ink\u00f6p av transporttj\u00e4nster \u00e4r den genomsnittliga uppgiften f\u00f6r Europa. Universitetet i Aalborg har bidragit med data f\u00f6r energi och br\u00e4nsle.<\/p>\n<h3><strong>Data f\u00f6r papper<\/strong><\/h3>\n<p>Syftet med ClimateCalc \u00e4r att tillhandah\u00e5lla exakt information om koldioxidp\u00e5verkan av den specifika grafiska produkten sett i ett livscirkelperspektiv. Eftersom produktionen av papper representerar 50 &#8211; 70% av den grafiska produktens totala koldioxidp\u00e5verkan \u00e4r det viktigt att involvera data som representerar de specifika papperskvaliteterna i koldioxidber\u00e4kningen. K\u00f6paren av trycksaker och det grafiska f\u00f6retaget kan bara g\u00f6ra en prioriterad anstr\u00e4ngning f\u00f6r att minimera koldioxidp\u00e5verkan genom att anv\u00e4nda data f\u00f6r de specifika papperskvaliteterna.<\/p>\n<p>D\u00e4rf\u00f6r anv\u00e4nder ClimateCalc huvudsakligen data f\u00f6r specifika papperskvaliteter baserade fr\u00e4mst p\u00e5 CEPI-Ten-Toes-metoden (www.cepi.org), och f\u00f6r det andra anv\u00e4nder Paper-Profile-metoden (www.paperprofile.com) med hj\u00e4lp av utsl\u00e4ppsfaktorer f\u00f6r el f\u00f6r det land d\u00e4r papperet produceras.<\/p>\n<h3><strong>Hur kompenserar man och hur g\u00e5r det till?<\/strong><\/h3>\n<p>N\u00e4r du vet vilken specifikation och upplaga din produkt skall ha samt vart den skall fraktas kan vi g\u00f6ra en ber\u00e4kning f\u00f6r ert specifika projekt. Utr\u00e4kningen verifieras sedan av ClimateCalc. Resultatet blir en rapport med kalkylerad klimatbelastning enligt den europeiska grafiska standarden fastst\u00e4lld av Intergraf.<\/p>\n<h3><strong>Klimatkompensation<\/strong><\/h3>\n<p>H\u00e4r kommer vi inom kort att presentera l\u00f6sningar hur vi kan hj\u00e4lpa er med detta arbete.<\/p>\n<h3><strong>M\u00e4rkning<\/strong><\/h3>\n<p>Om ni \u00f6nskar s\u00e5 m\u00e4rker vi trycksakerna med QR f\u00f6r sp\u00e5rbarhet av klimatkompensationen.<\/p>\n<p><a href=\"https:\/\/www.scandbook.com\/sv\/esg\/certifikat\">\u00bb Du kan hitta v\u00e5rat ClimateCalc certifikat h\u00e4r<\/a><\/p>\n<\/div><\/section><\/div>\n","protected":false},"excerpt":{"rendered":"","protected":false},"author":9,"featured_media":0,"parent":1610,"menu_order":0,"comment_status":"closed","ping_status":"closed","template":"","meta":{"footnotes":""},"class_list":["post-6098","page","type-page","status-publish","hentry"],"yoast_head":"<!-- This site is optimized with the Yoast SEO Premium plugin v27.4 (Yoast SEO v27.4) - https:\/\/yoast.com\/product\/yoast-seo-premium-wordpress\/ -->\n<title>ClimateCalc - ScandBook<\/title>\n<meta name=\"description\" content=\"Vi vill g\u00f6ra ett milj\u00f6v\u00e4nligare avtryck! Mycket i media handlar just nu om milj\u00f6. Framf\u00f6r allt kanske om Co2-avtryck och kemikalier.\" \/>\n<meta name=\"robots\" content=\"index, follow, max-snippet:-1, max-image-preview:large, max-video-preview:-1\" \/>\n<link rel=\"canonical\" href=\"https:\/\/www.scandbook.com\/sv\/esg\/climatecalc\/\" \/>\n<meta property=\"og:locale\" content=\"sv_SE\" \/>\n<meta property=\"og:type\" content=\"article\" \/>\n<meta property=\"og:title\" content=\"ClimateCalc\" \/>\n<meta property=\"og:description\" content=\"Vi vill g\u00f6ra ett milj\u00f6v\u00e4nligare avtryck! Mycket i media handlar just nu om milj\u00f6. Framf\u00f6r allt kanske om Co2-avtryck och kemikalier.\" \/>\n<meta property=\"og:url\" content=\"https:\/\/www.scandbook.com\/sv\/esg\/climatecalc\/\" \/>\n<meta property=\"og:site_name\" content=\"ScandBook\" \/>\n<meta property=\"article:publisher\" content=\"https:\/\/www.facebook.com\/profile.php?id=100063569394878&amp;sk=about&amp;locale=sv_SE\" \/>\n<meta property=\"article:modified_time\" content=\"2024-09-04T07:52:29+00:00\" \/>\n<meta name=\"twitter:card\" content=\"summary_large_image\" \/>\n<meta name=\"twitter:label1\" content=\"Ber\u00e4knad l\u00e4stid\" \/>\n\t<meta name=\"twitter:data1\" content=\"4 minuter\" \/>\n<script type=\"application\/ld+json\" class=\"yoast-schema-graph\">{\"@context\":\"https:\\\/\\\/schema.org\",\"@graph\":[{\"@type\":\"WebPage\",\"@id\":\"https:\\\/\\\/www.scandbook.com\\\/sv\\\/esg\\\/climatecalc\\\/\",\"url\":\"https:\\\/\\\/www.scandbook.com\\\/sv\\\/esg\\\/climatecalc\\\/\",\"name\":\"ClimateCalc - ScandBook\",\"isPartOf\":{\"@id\":\"https:\\\/\\\/www.scandbook.com\\\/sv\\\/#website\"},\"datePublished\":\"2020-02-05T07:50:24+00:00\",\"dateModified\":\"2024-09-04T07:52:29+00:00\",\"description\":\"Vi vill g\u00f6ra ett milj\u00f6v\u00e4nligare avtryck! Mycket i media handlar just nu om milj\u00f6. Framf\u00f6r allt kanske om Co2-avtryck och kemikalier.\",\"breadcrumb\":{\"@id\":\"https:\\\/\\\/www.scandbook.com\\\/sv\\\/esg\\\/climatecalc\\\/#breadcrumb\"},\"inLanguage\":\"sv-SE\",\"potentialAction\":[{\"@type\":\"ReadAction\",\"target\":[\"https:\\\/\\\/www.scandbook.com\\\/sv\\\/esg\\\/climatecalc\\\/\"]}]},{\"@type\":\"BreadcrumbList\",\"@id\":\"https:\\\/\\\/www.scandbook.com\\\/sv\\\/esg\\\/climatecalc\\\/#breadcrumb\",\"itemListElement\":[{\"@type\":\"ListItem\",\"position\":1,\"name\":\"Home\",\"item\":\"https:\\\/\\\/www.scandbook.com\\\/sv\\\/\"},{\"@type\":\"ListItem\",\"position\":2,\"name\":\"ESG\",\"item\":\"https:\\\/\\\/www.scandbook.com\\\/sv\\\/esg\\\/?lang=sv\"},{\"@type\":\"ListItem\",\"position\":3,\"name\":\"ClimateCalc\"}]},{\"@type\":\"WebSite\",\"@id\":\"https:\\\/\\\/www.scandbook.com\\\/sv\\\/#website\",\"url\":\"https:\\\/\\\/www.scandbook.com\\\/sv\\\/\",\"name\":\"ScandBook\",\"description\":\"Skandinaviens ledande bokproducent\",\"publisher\":{\"@id\":\"https:\\\/\\\/www.scandbook.com\\\/sv\\\/#organization\"},\"potentialAction\":[{\"@type\":\"SearchAction\",\"target\":{\"@type\":\"EntryPoint\",\"urlTemplate\":\"https:\\\/\\\/www.scandbook.com\\\/sv\\\/?s={search_term_string}\"},\"query-input\":{\"@type\":\"PropertyValueSpecification\",\"valueRequired\":true,\"valueName\":\"search_term_string\"}}],\"inLanguage\":\"sv-SE\"},{\"@type\":\"Organization\",\"@id\":\"https:\\\/\\\/www.scandbook.com\\\/sv\\\/#organization\",\"name\":\"ScandBook\",\"url\":\"https:\\\/\\\/www.scandbook.com\\\/sv\\\/\",\"logo\":{\"@type\":\"ImageObject\",\"inLanguage\":\"sv-SE\",\"@id\":\"https:\\\/\\\/www.scandbook.com\\\/sv\\\/#\\\/schema\\\/logo\\\/image\\\/\",\"url\":\"https:\\\/\\\/www.scandbook.com\\\/wp-content\\\/uploads\\\/2023\\\/05\\\/scandbook-funding-climate-action.webp\",\"contentUrl\":\"https:\\\/\\\/www.scandbook.com\\\/wp-content\\\/uploads\\\/2023\\\/05\\\/scandbook-funding-climate-action.webp\",\"width\":256,\"height\":88,\"caption\":\"ScandBook\"},\"image\":{\"@id\":\"https:\\\/\\\/www.scandbook.com\\\/sv\\\/#\\\/schema\\\/logo\\\/image\\\/\"},\"sameAs\":[\"https:\\\/\\\/www.facebook.com\\\/profile.php?id=100063569394878&sk=about&locale=sv_SE\",\"https:\\\/\\\/www.linkedin.com\\\/company\\\/scandbook-ab\\\/\"]}]}<\/script>\n<!-- \/ Yoast SEO Premium plugin. -->","yoast_head_json":{"title":"ClimateCalc - ScandBook","description":"Vi vill g\u00f6ra ett milj\u00f6v\u00e4nligare avtryck! Mycket i media handlar just nu om milj\u00f6. Framf\u00f6r allt kanske om Co2-avtryck och kemikalier.","robots":{"index":"index","follow":"follow","max-snippet":"max-snippet:-1","max-image-preview":"max-image-preview:large","max-video-preview":"max-video-preview:-1"},"canonical":"https:\/\/www.scandbook.com\/sv\/esg\/climatecalc\/","og_locale":"sv_SE","og_type":"article","og_title":"ClimateCalc","og_description":"Vi vill g\u00f6ra ett milj\u00f6v\u00e4nligare avtryck! Mycket i media handlar just nu om milj\u00f6. Framf\u00f6r allt kanske om Co2-avtryck och kemikalier.","og_url":"https:\/\/www.scandbook.com\/sv\/esg\/climatecalc\/","og_site_name":"ScandBook","article_publisher":"https:\/\/www.facebook.com\/profile.php?id=100063569394878&sk=about&locale=sv_SE","article_modified_time":"2024-09-04T07:52:29+00:00","twitter_card":"summary_large_image","twitter_misc":{"Ber\u00e4knad l\u00e4stid":"4 minuter"},"schema":{"@context":"https:\/\/schema.org","@graph":[{"@type":"WebPage","@id":"https:\/\/www.scandbook.com\/sv\/esg\/climatecalc\/","url":"https:\/\/www.scandbook.com\/sv\/esg\/climatecalc\/","name":"ClimateCalc - ScandBook","isPartOf":{"@id":"https:\/\/www.scandbook.com\/sv\/#website"},"datePublished":"2020-02-05T07:50:24+00:00","dateModified":"2024-09-04T07:52:29+00:00","description":"Vi vill g\u00f6ra ett milj\u00f6v\u00e4nligare avtryck! Mycket i media handlar just nu om milj\u00f6. Framf\u00f6r allt kanske om Co2-avtryck och kemikalier.","breadcrumb":{"@id":"https:\/\/www.scandbook.com\/sv\/esg\/climatecalc\/#breadcrumb"},"inLanguage":"sv-SE","potentialAction":[{"@type":"ReadAction","target":["https:\/\/www.scandbook.com\/sv\/esg\/climatecalc\/"]}]},{"@type":"BreadcrumbList","@id":"https:\/\/www.scandbook.com\/sv\/esg\/climatecalc\/#breadcrumb","itemListElement":[{"@type":"ListItem","position":1,"name":"Home","item":"https:\/\/www.scandbook.com\/sv\/"},{"@type":"ListItem","position":2,"name":"ESG","item":"https:\/\/www.scandbook.com\/sv\/esg\/?lang=sv"},{"@type":"ListItem","position":3,"name":"ClimateCalc"}]},{"@type":"WebSite","@id":"https:\/\/www.scandbook.com\/sv\/#website","url":"https:\/\/www.scandbook.com\/sv\/","name":"ScandBook","description":"Skandinaviens ledande bokproducent","publisher":{"@id":"https:\/\/www.scandbook.com\/sv\/#organization"},"potentialAction":[{"@type":"SearchAction","target":{"@type":"EntryPoint","urlTemplate":"https:\/\/www.scandbook.com\/sv\/?s={search_term_string}"},"query-input":{"@type":"PropertyValueSpecification","valueRequired":true,"valueName":"search_term_string"}}],"inLanguage":"sv-SE"},{"@type":"Organization","@id":"https:\/\/www.scandbook.com\/sv\/#organization","name":"ScandBook","url":"https:\/\/www.scandbook.com\/sv\/","logo":{"@type":"ImageObject","inLanguage":"sv-SE","@id":"https:\/\/www.scandbook.com\/sv\/#\/schema\/logo\/image\/","url":"https:\/\/www.scandbook.com\/wp-content\/uploads\/2023\/05\/scandbook-funding-climate-action.webp","contentUrl":"https:\/\/www.scandbook.com\/wp-content\/uploads\/2023\/05\/scandbook-funding-climate-action.webp","width":256,"height":88,"caption":"ScandBook"},"image":{"@id":"https:\/\/www.scandbook.com\/sv\/#\/schema\/logo\/image\/"},"sameAs":["https:\/\/www.facebook.com\/profile.php?id=100063569394878&sk=about&locale=sv_SE","https:\/\/www.linkedin.com\/company\/scandbook-ab\/"]}]}},"_links":{"self":[{"href":"https:\/\/www.scandbook.com\/sv\/wp-json\/wp\/v2\/pages\/6098","targetHints":{"allow":["GET"]}}],"collection":[{"href":"https:\/\/www.scandbook.com\/sv\/wp-json\/wp\/v2\/pages"}],"about":[{"href":"https:\/\/www.scandbook.com\/sv\/wp-json\/wp\/v2\/types\/page"}],"author":[{"embeddable":true,"href":"https:\/\/www.scandbook.com\/sv\/wp-json\/wp\/v2\/users\/9"}],"replies":[{"embeddable":true,"href":"https:\/\/www.scandbook.com\/sv\/wp-json\/wp\/v2\/comments?post=6098"}],"version-history":[{"count":9,"href":"https:\/\/www.scandbook.com\/sv\/wp-json\/wp\/v2\/pages\/6098\/revisions"}],"predecessor-version":[{"id":13634,"href":"https:\/\/www.scandbook.com\/sv\/wp-json\/wp\/v2\/pages\/6098\/revisions\/13634"}],"up":[{"embeddable":true,"href":"https:\/\/www.scandbook.com\/sv\/wp-json\/wp\/v2\/pages\/1610"}],"wp:attachment":[{"href":"https:\/\/www.scandbook.com\/sv\/wp-json\/wp\/v2\/media?parent=6098"}],"curies":[{"name":"wp","href":"https:\/\/api.w.org\/{rel}","templated":true}]}}