{"id":4195,"date":"2018-02-26T13:57:40","date_gmt":"2018-02-26T12:57:40","guid":{"rendered":"http:\/\/www.scandbook.com\/?page_id=4195"},"modified":"2024-02-16T12:23:33","modified_gmt":"2024-02-16T11:23:33","slug":"standard-overdragsfarger","status":"publish","type":"page","link":"https:\/\/www.scandbook.com\/sv\/produkter-tjanster\/produkter\/standard-overdragsfarger\/","title":{"rendered":"Standard \u00f6verdragsf\u00e4rger"},"content":{"rendered":"\n\n<style type=\"text\/css\" data-created_by=\"avia_inline_auto\" id=\"style-css-av-2hs99f-b2beb0fe287083eea52ff76c1dd57418\">\n.flex_column.av-2hs99f-b2beb0fe287083eea52ff76c1dd57418{\nborder-radius:0px 0px 0px 0px;\npadding:0px 0px 0px 0px;\n}\n<\/style>\n<div  class='flex_column av-2hs99f-b2beb0fe287083eea52ff76c1dd57418 av_one_full  avia-builder-el-1  el_after_av_codeblock  avia-builder-el-last  first flex_column_div av-zero-column-padding  '     ><section  class='av_textblock_section av-klw2gdxx-6b84e05c4076e833298311ddd722fb3a '   itemscope=\"itemscope\" itemtype=\"https:\/\/schema.org\/CreativeWork\" ><div class='avia_textblock'  itemprop=\"text\" ><h1>Standard \u00f6verdragsf\u00e4rger<\/h1>\n<p>Vi har tagit fram en lista med standardf\u00e4rger f\u00f6r Geltex, ryggfolie och kapit\u00e4lband som ni kan v\u00e4lja.<br \/>\nAnv\u00e4nd knapparna f\u00f6r att prova er fram till en kombination av f\u00e4rger som passar er.<\/p>\n<h4><span style=\"color: #ff0000;\">\n<style type=\"text\/css\" data-created_by=\"avia_inline_auto\" id=\"style-css-av-2uvskj-b4fcf1c651b23a2025fae4763d1d9a74\">\n.av_font_icon.av-2uvskj-b4fcf1c651b23a2025fae4763d1d9a74{\ncolor:#d63333;\nborder-color:#d63333;\n}\n.avia-svg-icon.av-2uvskj-b4fcf1c651b23a2025fae4763d1d9a74 svg:first-child{\nstroke:#d63333;\nfill:#d63333;\n}\n.av_font_icon.av-2uvskj-b4fcf1c651b23a2025fae4763d1d9a74 .av-icon-char{\nfont-size:22px;\nline-height:22px;\n}\n<\/style>\n<span  class='av_font_icon av-2uvskj-b4fcf1c651b23a2025fae4763d1d9a74 avia_animate_when_visible av-icon-style- avia-icon-pos-left avia-iconfont avia-font-entypo-fontello'><span class='av-icon-char' data-av_icon='\ue81f' data-av_iconfont='entypo-fontello' aria-hidden=\"true\" ><\/span><\/span><\/span> T\u00e4nk p\u00e5 att f\u00e4rgerna inte \u00e4r exakta utan varierar en hel del fr\u00e5n sk\u00e4rm till sk\u00e4rm.<\/h4>\n<hr \/>\n<p><a href=\"https:\/\/www.scandbook.com\/standard-mat\/geltex\/index-sv.html\" class=\"popup\" data-width=\"1240\" data-height=\"960\" data-scrollbars=\"1\" alt=\"popup\">Geltex<\/a><a href=\"https:\/\/www.scandbook.com\/standard-mat\/ryggfolie\/index-sv.html\" class=\"popup\" data-width=\"1024\" data-height=\"960\" data-scrollbars=\"1\" alt=\"popup\">Ryggfolie<\/a><a href=\"https:\/\/www.scandbook.com\/standard-mat\/kapitalband\/index-sv.html\" class=\"popup\" data-width=\"1200\" data-height=\"960\" data-scrollbars=\"1\" alt=\"popup\">Kapit\u00e4lband<\/a><\/p>\n<\/div><\/section><\/div>\n","protected":false},"excerpt":{"rendered":"","protected":false},"author":9,"featured_media":0,"parent":62,"menu_order":0,"comment_status":"closed","ping_status":"closed","template":"","meta":{"footnotes":""},"class_list":["post-4195","page","type-page","status-publish","hentry"],"yoast_head":"<!-- This site is optimized with the Yoast SEO Premium plugin v27.5 (Yoast SEO v27.5) - https:\/\/yoast.com\/product\/yoast-seo-premium-wordpress\/ -->\n<title>Standard \u00f6verdragsf\u00e4rger - ScandBook<\/title>\n<meta name=\"robots\" content=\"index, follow, max-snippet:-1, max-image-preview:large, max-video-preview:-1\" \/>\n<link rel=\"canonical\" href=\"https:\/\/www.scandbook.com\/sv\/produkter-tjanster\/produkter\/standard-overdragsfarger\/\" \/>\n<meta property=\"og:locale\" content=\"sv_SE\" \/>\n<meta property=\"og:type\" content=\"article\" \/>\n<meta property=\"og:title\" content=\"Standard \u00f6verdragsf\u00e4rger\" \/>\n<meta property=\"og:url\" content=\"https:\/\/www.scandbook.com\/sv\/produkter-tjanster\/produkter\/standard-overdragsfarger\/\" \/>\n<meta property=\"og:site_name\" content=\"ScandBook\" \/>\n<meta property=\"article:publisher\" content=\"https:\/\/www.facebook.com\/profile.php?id=100063569394878&amp;sk=about&amp;locale=sv_SE\" \/>\n<meta property=\"article:modified_time\" content=\"2024-02-16T11:23:33+00:00\" \/>\n<meta name=\"twitter:card\" content=\"summary_large_image\" \/>\n<meta name=\"twitter:label1\" content=\"Ber\u00e4knad l\u00e4stid\" \/>\n\t<meta name=\"twitter:data1\" content=\"1 minut\" \/>\n<script type=\"application\/ld+json\" class=\"yoast-schema-graph\">{\"@context\":\"https:\\\/\\\/schema.org\",\"@graph\":[{\"@type\":\"WebPage\",\"@id\":\"https:\\\/\\\/www.scandbook.com\\\/sv\\\/produkter-tjanster\\\/produkter\\\/standard-overdragsfarger\\\/\",\"url\":\"https:\\\/\\\/www.scandbook.com\\\/sv\\\/produkter-tjanster\\\/produkter\\\/standard-overdragsfarger\\\/\",\"name\":\"Standard \u00f6verdragsf\u00e4rger - ScandBook\",\"isPartOf\":{\"@id\":\"https:\\\/\\\/www.scandbook.com\\\/sv\\\/#website\"},\"datePublished\":\"2018-02-26T12:57:40+00:00\",\"dateModified\":\"2024-02-16T11:23:33+00:00\",\"breadcrumb\":{\"@id\":\"https:\\\/\\\/www.scandbook.com\\\/sv\\\/produkter-tjanster\\\/produkter\\\/standard-overdragsfarger\\\/#breadcrumb\"},\"inLanguage\":\"sv-SE\",\"potentialAction\":[{\"@type\":\"ReadAction\",\"target\":[\"https:\\\/\\\/www.scandbook.com\\\/sv\\\/produkter-tjanster\\\/produkter\\\/standard-overdragsfarger\\\/\"]}]},{\"@type\":\"BreadcrumbList\",\"@id\":\"https:\\\/\\\/www.scandbook.com\\\/sv\\\/produkter-tjanster\\\/produkter\\\/standard-overdragsfarger\\\/#breadcrumb\",\"itemListElement\":[{\"@type\":\"ListItem\",\"position\":1,\"name\":\"Home\",\"item\":\"https:\\\/\\\/www.scandbook.com\\\/sv\\\/\"},{\"@type\":\"ListItem\",\"position\":2,\"name\":\"Produkter &#038; Tj\u00e4nster\",\"item\":\"https:\\\/\\\/www.scandbook.com\\\/sv\\\/produkter-tjanster\\\/?lang=sv\"},{\"@type\":\"ListItem\",\"position\":3,\"name\":\"Produkter\",\"item\":\"https:\\\/\\\/www.scandbook.com\\\/sv\\\/produkter-tjanster\\\/produkter\\\/?lang=sv\"},{\"@type\":\"ListItem\",\"position\":4,\"name\":\"Standard \u00f6verdragsf\u00e4rger\"}]},{\"@type\":\"WebSite\",\"@id\":\"https:\\\/\\\/www.scandbook.com\\\/sv\\\/#website\",\"url\":\"https:\\\/\\\/www.scandbook.com\\\/sv\\\/\",\"name\":\"ScandBook\",\"description\":\"Skandinaviens ledande bokproducent\",\"publisher\":{\"@id\":\"https:\\\/\\\/www.scandbook.com\\\/sv\\\/#organization\"},\"potentialAction\":[{\"@type\":\"SearchAction\",\"target\":{\"@type\":\"EntryPoint\",\"urlTemplate\":\"https:\\\/\\\/www.scandbook.com\\\/sv\\\/?s={search_term_string}\"},\"query-input\":{\"@type\":\"PropertyValueSpecification\",\"valueRequired\":true,\"valueName\":\"search_term_string\"}}],\"inLanguage\":\"sv-SE\"},{\"@type\":\"Organization\",\"@id\":\"https:\\\/\\\/www.scandbook.com\\\/sv\\\/#organization\",\"name\":\"ScandBook\",\"url\":\"https:\\\/\\\/www.scandbook.com\\\/sv\\\/\",\"logo\":{\"@type\":\"ImageObject\",\"inLanguage\":\"sv-SE\",\"@id\":\"https:\\\/\\\/www.scandbook.com\\\/sv\\\/#\\\/schema\\\/logo\\\/image\\\/\",\"url\":\"https:\\\/\\\/www.scandbook.com\\\/wp-content\\\/uploads\\\/2023\\\/05\\\/scandbook-funding-climate-action.webp\",\"contentUrl\":\"https:\\\/\\\/www.scandbook.com\\\/wp-content\\\/uploads\\\/2023\\\/05\\\/scandbook-funding-climate-action.webp\",\"width\":256,\"height\":88,\"caption\":\"ScandBook\"},\"image\":{\"@id\":\"https:\\\/\\\/www.scandbook.com\\\/sv\\\/#\\\/schema\\\/logo\\\/image\\\/\"},\"sameAs\":[\"https:\\\/\\\/www.facebook.com\\\/profile.php?id=100063569394878&sk=about&locale=sv_SE\",\"https:\\\/\\\/www.linkedin.com\\\/company\\\/scandbook-ab\\\/\"]}]}<\/script>\n<!-- \/ Yoast SEO Premium plugin. -->","yoast_head_json":{"title":"Standard \u00f6verdragsf\u00e4rger - ScandBook","robots":{"index":"index","follow":"follow","max-snippet":"max-snippet:-1","max-image-preview":"max-image-preview:large","max-video-preview":"max-video-preview:-1"},"canonical":"https:\/\/www.scandbook.com\/sv\/produkter-tjanster\/produkter\/standard-overdragsfarger\/","og_locale":"sv_SE","og_type":"article","og_title":"Standard \u00f6verdragsf\u00e4rger","og_url":"https:\/\/www.scandbook.com\/sv\/produkter-tjanster\/produkter\/standard-overdragsfarger\/","og_site_name":"ScandBook","article_publisher":"https:\/\/www.facebook.com\/profile.php?id=100063569394878&sk=about&locale=sv_SE","article_modified_time":"2024-02-16T11:23:33+00:00","twitter_card":"summary_large_image","twitter_misc":{"Ber\u00e4knad l\u00e4stid":"1 minut"},"schema":{"@context":"https:\/\/schema.org","@graph":[{"@type":"WebPage","@id":"https:\/\/www.scandbook.com\/sv\/produkter-tjanster\/produkter\/standard-overdragsfarger\/","url":"https:\/\/www.scandbook.com\/sv\/produkter-tjanster\/produkter\/standard-overdragsfarger\/","name":"Standard \u00f6verdragsf\u00e4rger - ScandBook","isPartOf":{"@id":"https:\/\/www.scandbook.com\/sv\/#website"},"datePublished":"2018-02-26T12:57:40+00:00","dateModified":"2024-02-16T11:23:33+00:00","breadcrumb":{"@id":"https:\/\/www.scandbook.com\/sv\/produkter-tjanster\/produkter\/standard-overdragsfarger\/#breadcrumb"},"inLanguage":"sv-SE","potentialAction":[{"@type":"ReadAction","target":["https:\/\/www.scandbook.com\/sv\/produkter-tjanster\/produkter\/standard-overdragsfarger\/"]}]},{"@type":"BreadcrumbList","@id":"https:\/\/www.scandbook.com\/sv\/produkter-tjanster\/produkter\/standard-overdragsfarger\/#breadcrumb","itemListElement":[{"@type":"ListItem","position":1,"name":"Home","item":"https:\/\/www.scandbook.com\/sv\/"},{"@type":"ListItem","position":2,"name":"Produkter &#038; Tj\u00e4nster","item":"https:\/\/www.scandbook.com\/sv\/produkter-tjanster\/?lang=sv"},{"@type":"ListItem","position":3,"name":"Produkter","item":"https:\/\/www.scandbook.com\/sv\/produkter-tjanster\/produkter\/?lang=sv"},{"@type":"ListItem","position":4,"name":"Standard \u00f6verdragsf\u00e4rger"}]},{"@type":"WebSite","@id":"https:\/\/www.scandbook.com\/sv\/#website","url":"https:\/\/www.scandbook.com\/sv\/","name":"ScandBook","description":"Skandinaviens ledande bokproducent","publisher":{"@id":"https:\/\/www.scandbook.com\/sv\/#organization"},"potentialAction":[{"@type":"SearchAction","target":{"@type":"EntryPoint","urlTemplate":"https:\/\/www.scandbook.com\/sv\/?s={search_term_string}"},"query-input":{"@type":"PropertyValueSpecification","valueRequired":true,"valueName":"search_term_string"}}],"inLanguage":"sv-SE"},{"@type":"Organization","@id":"https:\/\/www.scandbook.com\/sv\/#organization","name":"ScandBook","url":"https:\/\/www.scandbook.com\/sv\/","logo":{"@type":"ImageObject","inLanguage":"sv-SE","@id":"https:\/\/www.scandbook.com\/sv\/#\/schema\/logo\/image\/","url":"https:\/\/www.scandbook.com\/wp-content\/uploads\/2023\/05\/scandbook-funding-climate-action.webp","contentUrl":"https:\/\/www.scandbook.com\/wp-content\/uploads\/2023\/05\/scandbook-funding-climate-action.webp","width":256,"height":88,"caption":"ScandBook"},"image":{"@id":"https:\/\/www.scandbook.com\/sv\/#\/schema\/logo\/image\/"},"sameAs":["https:\/\/www.facebook.com\/profile.php?id=100063569394878&sk=about&locale=sv_SE","https:\/\/www.linkedin.com\/company\/scandbook-ab\/"]}]}},"_links":{"self":[{"href":"https:\/\/www.scandbook.com\/sv\/wp-json\/wp\/v2\/pages\/4195","targetHints":{"allow":["GET"]}}],"collection":[{"href":"https:\/\/www.scandbook.com\/sv\/wp-json\/wp\/v2\/pages"}],"about":[{"href":"https:\/\/www.scandbook.com\/sv\/wp-json\/wp\/v2\/types\/page"}],"author":[{"embeddable":true,"href":"https:\/\/www.scandbook.com\/sv\/wp-json\/wp\/v2\/users\/9"}],"replies":[{"embeddable":true,"href":"https:\/\/www.scandbook.com\/sv\/wp-json\/wp\/v2\/comments?post=4195"}],"version-history":[{"count":14,"href":"https:\/\/www.scandbook.com\/sv\/wp-json\/wp\/v2\/pages\/4195\/revisions"}],"predecessor-version":[{"id":12775,"href":"https:\/\/www.scandbook.com\/sv\/wp-json\/wp\/v2\/pages\/4195\/revisions\/12775"}],"up":[{"embeddable":true,"href":"https:\/\/www.scandbook.com\/sv\/wp-json\/wp\/v2\/pages\/62"}],"wp:attachment":[{"href":"https:\/\/www.scandbook.com\/sv\/wp-json\/wp\/v2\/media?parent=4195"}],"curies":[{"name":"wp","href":"https:\/\/api.w.org\/{rel}","templated":true}]}}