{"id":2505,"date":"2016-02-24T13:53:18","date_gmt":"2016-02-24T12:53:18","guid":{"rendered":"http:\/\/www.scandbook.com\/?page_id=2505&#038;lang=sv"},"modified":"2024-09-04T08:57:58","modified_gmt":"2024-09-04T07:57:58","slug":"offertforfragan","status":"publish","type":"page","link":"https:\/\/www.scandbook.com\/sv\/kontakt\/offertforfragan\/","title":{"rendered":"Offertf\u00f6rfr\u00e5gan"},"content":{"rendered":"\n\n<style type=\"text\/css\" data-created_by=\"avia_inline_auto\" id=\"style-css-av-47py0p-5d84051cf1b32f624d55cbfc26183f4d\">\n.avia-image-container.av-47py0p-5d84051cf1b32f624d55cbfc26183f4d img.avia_image{\nbox-shadow:none;\n}\n.avia-image-container.av-47py0p-5d84051cf1b32f624d55cbfc26183f4d .av-image-caption-overlay-center{\ncolor:#ffffff;\n}\n<\/style>\n<div  class='avia-image-container av-47py0p-5d84051cf1b32f624d55cbfc26183f4d av-styling- avia-align-center  avia-builder-el-1  el_after_av_codeblock  el_before_av_one_full '   itemprop=\"image\" itemscope=\"itemscope\" itemtype=\"https:\/\/schema.org\/ImageObject\" ><div class=\"avia-image-container-inner\"><div class=\"avia-image-overlay-wrap\"><img decoding=\"async\" fetchpriority=\"high\" class='wp-image-4632 avia-img-lazy-loading-not-4632 avia_image ' src=\"https:\/\/www.scandbook.com\/wp-content\/uploads\/2015\/11\/bild1.png\" alt='' title='bild1'  height=\"296\" width=\"600\"  itemprop=\"thumbnailUrl\" srcset=\"https:\/\/www.scandbook.com\/wp-content\/uploads\/2015\/11\/bild1.png 600w, https:\/\/www.scandbook.com\/wp-content\/uploads\/2015\/11\/bild1-300x148.png 300w, https:\/\/www.scandbook.com\/wp-content\/uploads\/2015\/11\/bild1-450x222.png 450w\" sizes=\"(max-width: 600px) 100vw, 600px\" \/><\/div><\/div><\/div>\n\n<style type=\"text\/css\" data-created_by=\"avia_inline_auto\" id=\"style-css-av-2f9k2h-3c83fbf1c5edbcb0c64b8e1f6d563a3c\">\n.flex_column.av-2f9k2h-3c83fbf1c5edbcb0c64b8e1f6d563a3c{\nborder-radius:0px 0px 0px 0px;\npadding:0px 0px 0px 0px;\n}\n<\/style>\n<div  class='flex_column av-2f9k2h-3c83fbf1c5edbcb0c64b8e1f6d563a3c av_one_full  avia-builder-el-2  el_after_av_image  avia-builder-el-last  first flex_column_div av-zero-column-padding  '     ><section  class='av_textblock_section av-l3socax3-160d757ef85beb1b63e8fb96a5d00232 '   itemscope=\"itemscope\" itemtype=\"https:\/\/schema.org\/CreativeWork\" ><div class='avia_textblock'  itemprop=\"text\" ><h1>Offertf\u00f6rfr\u00e5gan<\/h1>\n<h3>H\u00e4r finns formul\u00e4r som du kan anv\u00e4nda f\u00f6r att beg\u00e4ra en offert fr\u00e5n oss. Tv\u00e5 alternativ att v\u00e4lja mellan:<\/h3>\n<ul>\n<li><a href=\"http:\/\/www.scandbook.com\/sv\/kontakt\/offertforfragan\/offertforfragan-digitaltryck\">Standardprodukt<\/a> i upplaga max 4000 ex, d\u00e4r inlagan trycks digitalt om valet av inlagepapper s\u00e5 till\u00e5ter.<\/li>\n<li><a href=\"http:\/\/www.scandbook.com\/sv\/kontakt\/offertforfragan\/offertforfragan-generell\">Kundanpassad<\/a> produkt med alla tillg\u00e4ngliga material, format och varianter.<\/li>\n<\/ul>\n<p><strong>OBS!<\/strong> Vi trycker endast svartvit inlaga.<\/p>\n<\/div><\/section><\/div>\n","protected":false},"excerpt":{"rendered":"","protected":false},"author":9,"featured_media":0,"parent":125,"menu_order":12,"comment_status":"closed","ping_status":"closed","template":"","meta":{"footnotes":""},"class_list":["post-2505","page","type-page","status-publish","hentry"],"yoast_head":"<!-- This site is optimized with the Yoast SEO Premium plugin v27.4 (Yoast SEO v27.4) - https:\/\/yoast.com\/product\/yoast-seo-premium-wordpress\/ -->\n<title>Offertf\u00f6rfr\u00e5gan - ScandBook<\/title>\n<meta name=\"description\" content=\"H\u00e4r finns formul\u00e4r som du kan anv\u00e4nda f\u00f6r att beg\u00e4ra en offert fr\u00e5n oss. Tv\u00e5 alternativ att v\u00e4lja mellan\" \/>\n<meta name=\"robots\" content=\"index, follow, max-snippet:-1, max-image-preview:large, max-video-preview:-1\" \/>\n<link rel=\"canonical\" href=\"https:\/\/www.scandbook.com\/sv\/kontakt\/offertforfragan\/\" \/>\n<meta property=\"og:locale\" content=\"sv_SE\" \/>\n<meta property=\"og:type\" content=\"article\" \/>\n<meta property=\"og:title\" content=\"Offertf\u00f6rfr\u00e5gan\" \/>\n<meta property=\"og:description\" content=\"H\u00e4r finns formul\u00e4r som du kan anv\u00e4nda f\u00f6r att beg\u00e4ra en offert fr\u00e5n oss. Tv\u00e5 alternativ att v\u00e4lja mellan\" \/>\n<meta property=\"og:url\" content=\"https:\/\/www.scandbook.com\/sv\/kontakt\/offertforfragan\/\" \/>\n<meta property=\"og:site_name\" content=\"ScandBook\" \/>\n<meta property=\"article:publisher\" content=\"https:\/\/www.facebook.com\/profile.php?id=100063569394878&amp;sk=about&amp;locale=sv_SE\" \/>\n<meta property=\"article:modified_time\" content=\"2024-09-04T07:57:58+00:00\" \/>\n<meta name=\"twitter:card\" content=\"summary_large_image\" \/>\n<meta name=\"twitter:label1\" content=\"Ber\u00e4knad l\u00e4stid\" \/>\n\t<meta name=\"twitter:data1\" content=\"1 minut\" \/>\n<script type=\"application\/ld+json\" class=\"yoast-schema-graph\">{\"@context\":\"https:\\\/\\\/schema.org\",\"@graph\":[{\"@type\":\"WebPage\",\"@id\":\"https:\\\/\\\/www.scandbook.com\\\/sv\\\/kontakt\\\/offertforfragan\\\/\",\"url\":\"https:\\\/\\\/www.scandbook.com\\\/sv\\\/kontakt\\\/offertforfragan\\\/\",\"name\":\"Offertf\u00f6rfr\u00e5gan - ScandBook\",\"isPartOf\":{\"@id\":\"https:\\\/\\\/www.scandbook.com\\\/sv\\\/#website\"},\"datePublished\":\"2016-02-24T12:53:18+00:00\",\"dateModified\":\"2024-09-04T07:57:58+00:00\",\"description\":\"H\u00e4r finns formul\u00e4r som du kan anv\u00e4nda f\u00f6r att beg\u00e4ra en offert fr\u00e5n oss. Tv\u00e5 alternativ att v\u00e4lja mellan\",\"breadcrumb\":{\"@id\":\"https:\\\/\\\/www.scandbook.com\\\/sv\\\/kontakt\\\/offertforfragan\\\/#breadcrumb\"},\"inLanguage\":\"sv-SE\",\"potentialAction\":[{\"@type\":\"ReadAction\",\"target\":[\"https:\\\/\\\/www.scandbook.com\\\/sv\\\/kontakt\\\/offertforfragan\\\/\"]}]},{\"@type\":\"BreadcrumbList\",\"@id\":\"https:\\\/\\\/www.scandbook.com\\\/sv\\\/kontakt\\\/offertforfragan\\\/#breadcrumb\",\"itemListElement\":[{\"@type\":\"ListItem\",\"position\":1,\"name\":\"Home\",\"item\":\"https:\\\/\\\/www.scandbook.com\\\/sv\\\/\"},{\"@type\":\"ListItem\",\"position\":2,\"name\":\"Kontakt\",\"item\":\"https:\\\/\\\/www.scandbook.com\\\/sv\\\/kontakt\\\/?lang=sv\"},{\"@type\":\"ListItem\",\"position\":3,\"name\":\"Offertf\u00f6rfr\u00e5gan\"}]},{\"@type\":\"WebSite\",\"@id\":\"https:\\\/\\\/www.scandbook.com\\\/sv\\\/#website\",\"url\":\"https:\\\/\\\/www.scandbook.com\\\/sv\\\/\",\"name\":\"ScandBook\",\"description\":\"Skandinaviens ledande bokproducent\",\"publisher\":{\"@id\":\"https:\\\/\\\/www.scandbook.com\\\/sv\\\/#organization\"},\"potentialAction\":[{\"@type\":\"SearchAction\",\"target\":{\"@type\":\"EntryPoint\",\"urlTemplate\":\"https:\\\/\\\/www.scandbook.com\\\/sv\\\/?s={search_term_string}\"},\"query-input\":{\"@type\":\"PropertyValueSpecification\",\"valueRequired\":true,\"valueName\":\"search_term_string\"}}],\"inLanguage\":\"sv-SE\"},{\"@type\":\"Organization\",\"@id\":\"https:\\\/\\\/www.scandbook.com\\\/sv\\\/#organization\",\"name\":\"ScandBook\",\"url\":\"https:\\\/\\\/www.scandbook.com\\\/sv\\\/\",\"logo\":{\"@type\":\"ImageObject\",\"inLanguage\":\"sv-SE\",\"@id\":\"https:\\\/\\\/www.scandbook.com\\\/sv\\\/#\\\/schema\\\/logo\\\/image\\\/\",\"url\":\"https:\\\/\\\/www.scandbook.com\\\/wp-content\\\/uploads\\\/2023\\\/05\\\/scandbook-funding-climate-action.webp\",\"contentUrl\":\"https:\\\/\\\/www.scandbook.com\\\/wp-content\\\/uploads\\\/2023\\\/05\\\/scandbook-funding-climate-action.webp\",\"width\":256,\"height\":88,\"caption\":\"ScandBook\"},\"image\":{\"@id\":\"https:\\\/\\\/www.scandbook.com\\\/sv\\\/#\\\/schema\\\/logo\\\/image\\\/\"},\"sameAs\":[\"https:\\\/\\\/www.facebook.com\\\/profile.php?id=100063569394878&sk=about&locale=sv_SE\",\"https:\\\/\\\/www.linkedin.com\\\/company\\\/scandbook-ab\\\/\"]}]}<\/script>\n<!-- \/ Yoast SEO Premium plugin. -->","yoast_head_json":{"title":"Offertf\u00f6rfr\u00e5gan - ScandBook","description":"H\u00e4r finns formul\u00e4r som du kan anv\u00e4nda f\u00f6r att beg\u00e4ra en offert fr\u00e5n oss. Tv\u00e5 alternativ att v\u00e4lja mellan","robots":{"index":"index","follow":"follow","max-snippet":"max-snippet:-1","max-image-preview":"max-image-preview:large","max-video-preview":"max-video-preview:-1"},"canonical":"https:\/\/www.scandbook.com\/sv\/kontakt\/offertforfragan\/","og_locale":"sv_SE","og_type":"article","og_title":"Offertf\u00f6rfr\u00e5gan","og_description":"H\u00e4r finns formul\u00e4r som du kan anv\u00e4nda f\u00f6r att beg\u00e4ra en offert fr\u00e5n oss. Tv\u00e5 alternativ att v\u00e4lja mellan","og_url":"https:\/\/www.scandbook.com\/sv\/kontakt\/offertforfragan\/","og_site_name":"ScandBook","article_publisher":"https:\/\/www.facebook.com\/profile.php?id=100063569394878&sk=about&locale=sv_SE","article_modified_time":"2024-09-04T07:57:58+00:00","twitter_card":"summary_large_image","twitter_misc":{"Ber\u00e4knad l\u00e4stid":"1 minut"},"schema":{"@context":"https:\/\/schema.org","@graph":[{"@type":"WebPage","@id":"https:\/\/www.scandbook.com\/sv\/kontakt\/offertforfragan\/","url":"https:\/\/www.scandbook.com\/sv\/kontakt\/offertforfragan\/","name":"Offertf\u00f6rfr\u00e5gan - ScandBook","isPartOf":{"@id":"https:\/\/www.scandbook.com\/sv\/#website"},"datePublished":"2016-02-24T12:53:18+00:00","dateModified":"2024-09-04T07:57:58+00:00","description":"H\u00e4r finns formul\u00e4r som du kan anv\u00e4nda f\u00f6r att beg\u00e4ra en offert fr\u00e5n oss. Tv\u00e5 alternativ att v\u00e4lja mellan","breadcrumb":{"@id":"https:\/\/www.scandbook.com\/sv\/kontakt\/offertforfragan\/#breadcrumb"},"inLanguage":"sv-SE","potentialAction":[{"@type":"ReadAction","target":["https:\/\/www.scandbook.com\/sv\/kontakt\/offertforfragan\/"]}]},{"@type":"BreadcrumbList","@id":"https:\/\/www.scandbook.com\/sv\/kontakt\/offertforfragan\/#breadcrumb","itemListElement":[{"@type":"ListItem","position":1,"name":"Home","item":"https:\/\/www.scandbook.com\/sv\/"},{"@type":"ListItem","position":2,"name":"Kontakt","item":"https:\/\/www.scandbook.com\/sv\/kontakt\/?lang=sv"},{"@type":"ListItem","position":3,"name":"Offertf\u00f6rfr\u00e5gan"}]},{"@type":"WebSite","@id":"https:\/\/www.scandbook.com\/sv\/#website","url":"https:\/\/www.scandbook.com\/sv\/","name":"ScandBook","description":"Skandinaviens ledande bokproducent","publisher":{"@id":"https:\/\/www.scandbook.com\/sv\/#organization"},"potentialAction":[{"@type":"SearchAction","target":{"@type":"EntryPoint","urlTemplate":"https:\/\/www.scandbook.com\/sv\/?s={search_term_string}"},"query-input":{"@type":"PropertyValueSpecification","valueRequired":true,"valueName":"search_term_string"}}],"inLanguage":"sv-SE"},{"@type":"Organization","@id":"https:\/\/www.scandbook.com\/sv\/#organization","name":"ScandBook","url":"https:\/\/www.scandbook.com\/sv\/","logo":{"@type":"ImageObject","inLanguage":"sv-SE","@id":"https:\/\/www.scandbook.com\/sv\/#\/schema\/logo\/image\/","url":"https:\/\/www.scandbook.com\/wp-content\/uploads\/2023\/05\/scandbook-funding-climate-action.webp","contentUrl":"https:\/\/www.scandbook.com\/wp-content\/uploads\/2023\/05\/scandbook-funding-climate-action.webp","width":256,"height":88,"caption":"ScandBook"},"image":{"@id":"https:\/\/www.scandbook.com\/sv\/#\/schema\/logo\/image\/"},"sameAs":["https:\/\/www.facebook.com\/profile.php?id=100063569394878&sk=about&locale=sv_SE","https:\/\/www.linkedin.com\/company\/scandbook-ab\/"]}]}},"_links":{"self":[{"href":"https:\/\/www.scandbook.com\/sv\/wp-json\/wp\/v2\/pages\/2505","targetHints":{"allow":["GET"]}}],"collection":[{"href":"https:\/\/www.scandbook.com\/sv\/wp-json\/wp\/v2\/pages"}],"about":[{"href":"https:\/\/www.scandbook.com\/sv\/wp-json\/wp\/v2\/types\/page"}],"author":[{"embeddable":true,"href":"https:\/\/www.scandbook.com\/sv\/wp-json\/wp\/v2\/users\/9"}],"replies":[{"embeddable":true,"href":"https:\/\/www.scandbook.com\/sv\/wp-json\/wp\/v2\/comments?post=2505"}],"version-history":[{"count":11,"href":"https:\/\/www.scandbook.com\/sv\/wp-json\/wp\/v2\/pages\/2505\/revisions"}],"predecessor-version":[{"id":13638,"href":"https:\/\/www.scandbook.com\/sv\/wp-json\/wp\/v2\/pages\/2505\/revisions\/13638"}],"up":[{"embeddable":true,"href":"https:\/\/www.scandbook.com\/sv\/wp-json\/wp\/v2\/pages\/125"}],"wp:attachment":[{"href":"https:\/\/www.scandbook.com\/sv\/wp-json\/wp\/v2\/media?parent=2505"}],"curies":[{"name":"wp","href":"https:\/\/api.w.org\/{rel}","templated":true}]}}