{"id":1920,"date":"2016-02-10T10:59:32","date_gmt":"2016-02-10T09:59:32","guid":{"rendered":"http:\/\/development.scandbook-internt.se\/?page_id=1920&#038;lang=sv"},"modified":"2025-12-02T06:25:09","modified_gmt":"2025-12-02T05:25:09","slug":"design","status":"publish","type":"page","link":"https:\/\/www.scandbook.com\/sv\/produkter-tjanster\/tjanster\/for-sma-forlag-och-egenutgivare\/design\/","title":{"rendered":"Design"},"content":{"rendered":"\n<style type=\"text\/css\" data-created_by=\"avia_inline_auto\" id=\"style-css-av-av_one_full-9497bbf8bff73ea4c6992cc17fa9ec36\">\n.flex_column.av-av_one_full-9497bbf8bff73ea4c6992cc17fa9ec36{\nborder-radius:0px 0px 0px 0px;\npadding:0px 0px 0px 0px;\n}\n<\/style>\n<div  class='flex_column av-av_one_full-9497bbf8bff73ea4c6992cc17fa9ec36 av_one_full  avia-builder-el-0  el_before_av_one_full  avia-builder-el-first  first flex_column_div av-zero-column-padding  '     ><style type=\"text\/css\" data-created_by=\"avia_inline_auto\" id=\"style-css-av-av_image-532a05e8c9157b66449ef5e1c6038fbb\">\n.avia-image-container.av-av_image-532a05e8c9157b66449ef5e1c6038fbb img.avia_image{\nbox-shadow:none;\n}\n.avia-image-container.av-av_image-532a05e8c9157b66449ef5e1c6038fbb .av-image-caption-overlay-center{\ncolor:#ffffff;\n}\n<\/style>\n<div  class='avia-image-container av-av_image-532a05e8c9157b66449ef5e1c6038fbb av-styling- avia-align-center  avia-builder-el-1  avia-builder-el-no-sibling '   itemprop=\"image\" itemscope=\"itemscope\" itemtype=\"https:\/\/schema.org\/ImageObject\" ><div class=\"avia-image-container-inner\"><div class=\"avia-image-overlay-wrap\"><img decoding=\"async\" fetchpriority=\"high\" class='wp-image-4638 avia-img-lazy-loading-not-4638 avia_image ' src=\"https:\/\/www.scandbook.com\/wp-content\/uploads\/2015\/11\/bild4.png\" alt='' title='bild4'  height=\"318\" width=\"600\"  itemprop=\"thumbnailUrl\" srcset=\"https:\/\/www.scandbook.com\/wp-content\/uploads\/2015\/11\/bild4.png 600w, https:\/\/www.scandbook.com\/wp-content\/uploads\/2015\/11\/bild4-300x159.png 300w, https:\/\/www.scandbook.com\/wp-content\/uploads\/2015\/11\/bild4-450x239.png 450w\" sizes=\"(max-width: 600px) 100vw, 600px\" \/><\/div><\/div><\/div><\/div>\n\n<style type=\"text\/css\" data-created_by=\"avia_inline_auto\" id=\"style-css-av-av_one_full-9497bbf8bff73ea4c6992cc17fa9ec36\">\n.flex_column.av-av_one_full-9497bbf8bff73ea4c6992cc17fa9ec36{\nborder-radius:0px 0px 0px 0px;\npadding:0px 0px 0px 0px;\n}\n<\/style>\n<div  class='flex_column av-av_one_full-9497bbf8bff73ea4c6992cc17fa9ec36 av_one_full  avia-builder-el-2  el_after_av_one_full  avia-builder-el-last  first flex_column_div av-zero-column-padding  column-top-margin'     ><section  class='av_textblock_section av-mio4v3k4-e74d65cdd120cccd215351adc50a14b5 '   itemscope=\"itemscope\" itemtype=\"https:\/\/schema.org\/CreativeWork\" ><div class='avia_textblock'  itemprop=\"text\" ><h2>Design av omslag<\/h2>\n<p>Vi designar g\u00e4rna ditt omslag, utifr\u00e5n en skiss eller ett utkast inkl bild. Arbetet debiteras med 1.000 kr\/timme och slutresultatet blir en tryckf\u00e4rdig fil med korrekta ryggm\u00e5tt och sk\u00e4ranvisningar.<\/p>\n<p>F\u00f6r ett enkelt pocketomslag kan kostnaden uppskattas till ca 3.000 kr.<\/p>\n<p>F\u00f6r ett mer kvalificerat h\u00e5rdbandsomslag blir kostnaden fr\u00e5n 5.000 kr.<\/p>\n<p>Observera att om boken \u00e4r avsedd att f\u00f6rs\u00e4ljas beh\u00f6ver du ett ISBN-nummer. Det f\u00e5r du kostnadsfritt fr\u00e5n ISBN-centralen p\u00e5 Kungliga Biblioteket,\u00a0 <a href=\"https:\/\/isbn.kb.se\/\" target=\"_blank\" rel=\"noopener\">https:\/\/isbn.kb.se\/<\/a><\/p>\n<p>ScandBook ombes\u00f6rjer kostnadsfritt den lagstadgade distributionen av 6 st pliktexemplar av den f\u00e4rdiga boken.<\/p>\n<\/div><\/section><br \/>\n<div  class='avia-button-wrap av-av_button-6491d259c7af95657eabd0b01a42956d-wrap avia-button-left  avia-builder-el-4  el_after_av_textblock  avia-builder-el-last '><a href='https:\/\/www.scandbook.com\/sv\/produkter-tjanster\/tjanster\/for-sma-forlag-och-egenutgivare\/'  class='avia-button av-av_button-6491d259c7af95657eabd0b01a42956d av-link-btn avia-icon_select-yes-left-icon avia-size-medium avia-position-left avia-color-theme-color'   aria-label=\"F\u00f6r sm\u00e5 f\u00f6rlag och egenutgivare\"><span class='avia_button_icon avia_button_icon_left avia-iconfont avia-font-entypo-fontello' data-av_icon='\ue830' data-av_iconfont='entypo-fontello' ><\/span><span class='avia_iconbox_title' >F\u00f6r sm\u00e5 f\u00f6rlag och egenutgivare<\/span><\/a><\/div><\/p><\/div>\n","protected":false},"excerpt":{"rendered":"","protected":false},"author":9,"featured_media":0,"parent":1858,"menu_order":0,"comment_status":"closed","ping_status":"closed","template":"","meta":{"footnotes":""},"class_list":["post-1920","page","type-page","status-publish","hentry"],"yoast_head":"<!-- This site is optimized with the Yoast SEO Premium plugin v27.4 (Yoast SEO v27.4) - https:\/\/yoast.com\/product\/yoast-seo-premium-wordpress\/ -->\n<title>Design - ScandBook<\/title>\n<meta name=\"robots\" content=\"index, follow, max-snippet:-1, max-image-preview:large, max-video-preview:-1\" \/>\n<link rel=\"canonical\" href=\"https:\/\/www.scandbook.com\/sv\/produkter-tjanster\/tjanster\/for-sma-forlag-och-egenutgivare\/design\/\" \/>\n<meta property=\"og:locale\" content=\"sv_SE\" \/>\n<meta property=\"og:type\" content=\"article\" \/>\n<meta property=\"og:title\" content=\"Design\" \/>\n<meta property=\"og:url\" content=\"https:\/\/www.scandbook.com\/sv\/produkter-tjanster\/tjanster\/for-sma-forlag-och-egenutgivare\/design\/\" \/>\n<meta property=\"og:site_name\" content=\"ScandBook\" \/>\n<meta property=\"article:publisher\" content=\"https:\/\/www.facebook.com\/profile.php?id=100063569394878&amp;sk=about&amp;locale=sv_SE\" \/>\n<meta property=\"article:modified_time\" content=\"2025-12-02T05:25:09+00:00\" \/>\n<meta name=\"twitter:card\" content=\"summary_large_image\" \/>\n<meta name=\"twitter:label1\" content=\"Ber\u00e4knad l\u00e4stid\" \/>\n\t<meta name=\"twitter:data1\" content=\"1 minut\" \/>\n<script type=\"application\/ld+json\" class=\"yoast-schema-graph\">{\"@context\":\"https:\\\/\\\/schema.org\",\"@graph\":[{\"@type\":\"WebPage\",\"@id\":\"https:\\\/\\\/www.scandbook.com\\\/sv\\\/produkter-tjanster\\\/tjanster\\\/for-sma-forlag-och-egenutgivare\\\/design\\\/\",\"url\":\"https:\\\/\\\/www.scandbook.com\\\/sv\\\/produkter-tjanster\\\/tjanster\\\/for-sma-forlag-och-egenutgivare\\\/design\\\/\",\"name\":\"Design - ScandBook\",\"isPartOf\":{\"@id\":\"https:\\\/\\\/www.scandbook.com\\\/sv\\\/#website\"},\"datePublished\":\"2016-02-10T09:59:32+00:00\",\"dateModified\":\"2025-12-02T05:25:09+00:00\",\"breadcrumb\":{\"@id\":\"https:\\\/\\\/www.scandbook.com\\\/sv\\\/produkter-tjanster\\\/tjanster\\\/for-sma-forlag-och-egenutgivare\\\/design\\\/#breadcrumb\"},\"inLanguage\":\"sv-SE\",\"potentialAction\":[{\"@type\":\"ReadAction\",\"target\":[\"https:\\\/\\\/www.scandbook.com\\\/sv\\\/produkter-tjanster\\\/tjanster\\\/for-sma-forlag-och-egenutgivare\\\/design\\\/\"]}]},{\"@type\":\"BreadcrumbList\",\"@id\":\"https:\\\/\\\/www.scandbook.com\\\/sv\\\/produkter-tjanster\\\/tjanster\\\/for-sma-forlag-och-egenutgivare\\\/design\\\/#breadcrumb\",\"itemListElement\":[{\"@type\":\"ListItem\",\"position\":1,\"name\":\"Home\",\"item\":\"https:\\\/\\\/www.scandbook.com\\\/sv\\\/\"},{\"@type\":\"ListItem\",\"position\":2,\"name\":\"Produkter &#038; Tj\u00e4nster\",\"item\":\"https:\\\/\\\/www.scandbook.com\\\/sv\\\/produkter-tjanster\\\/?lang=sv\"},{\"@type\":\"ListItem\",\"position\":3,\"name\":\"Tj\u00e4nster\",\"item\":\"https:\\\/\\\/www.scandbook.com\\\/sv\\\/produkter-tjanster\\\/tjanster\\\/?lang=sv\"},{\"@type\":\"ListItem\",\"position\":4,\"name\":\"F\u00f6r sm\u00e5 f\u00f6rlag och egenutgivare\",\"item\":\"https:\\\/\\\/www.scandbook.com\\\/sv\\\/produkter-tjanster\\\/tjanster\\\/for-sma-forlag-och-egenutgivare\\\/?lang=sv\"},{\"@type\":\"ListItem\",\"position\":5,\"name\":\"Design\"}]},{\"@type\":\"WebSite\",\"@id\":\"https:\\\/\\\/www.scandbook.com\\\/sv\\\/#website\",\"url\":\"https:\\\/\\\/www.scandbook.com\\\/sv\\\/\",\"name\":\"ScandBook\",\"description\":\"Skandinaviens ledande bokproducent\",\"publisher\":{\"@id\":\"https:\\\/\\\/www.scandbook.com\\\/sv\\\/#organization\"},\"potentialAction\":[{\"@type\":\"SearchAction\",\"target\":{\"@type\":\"EntryPoint\",\"urlTemplate\":\"https:\\\/\\\/www.scandbook.com\\\/sv\\\/?s={search_term_string}\"},\"query-input\":{\"@type\":\"PropertyValueSpecification\",\"valueRequired\":true,\"valueName\":\"search_term_string\"}}],\"inLanguage\":\"sv-SE\"},{\"@type\":\"Organization\",\"@id\":\"https:\\\/\\\/www.scandbook.com\\\/sv\\\/#organization\",\"name\":\"ScandBook\",\"url\":\"https:\\\/\\\/www.scandbook.com\\\/sv\\\/\",\"logo\":{\"@type\":\"ImageObject\",\"inLanguage\":\"sv-SE\",\"@id\":\"https:\\\/\\\/www.scandbook.com\\\/sv\\\/#\\\/schema\\\/logo\\\/image\\\/\",\"url\":\"https:\\\/\\\/www.scandbook.com\\\/wp-content\\\/uploads\\\/2023\\\/05\\\/scandbook-funding-climate-action.webp\",\"contentUrl\":\"https:\\\/\\\/www.scandbook.com\\\/wp-content\\\/uploads\\\/2023\\\/05\\\/scandbook-funding-climate-action.webp\",\"width\":256,\"height\":88,\"caption\":\"ScandBook\"},\"image\":{\"@id\":\"https:\\\/\\\/www.scandbook.com\\\/sv\\\/#\\\/schema\\\/logo\\\/image\\\/\"},\"sameAs\":[\"https:\\\/\\\/www.facebook.com\\\/profile.php?id=100063569394878&sk=about&locale=sv_SE\",\"https:\\\/\\\/www.linkedin.com\\\/company\\\/scandbook-ab\\\/\"]}]}<\/script>\n<!-- \/ Yoast SEO Premium plugin. -->","yoast_head_json":{"title":"Design - ScandBook","robots":{"index":"index","follow":"follow","max-snippet":"max-snippet:-1","max-image-preview":"max-image-preview:large","max-video-preview":"max-video-preview:-1"},"canonical":"https:\/\/www.scandbook.com\/sv\/produkter-tjanster\/tjanster\/for-sma-forlag-och-egenutgivare\/design\/","og_locale":"sv_SE","og_type":"article","og_title":"Design","og_url":"https:\/\/www.scandbook.com\/sv\/produkter-tjanster\/tjanster\/for-sma-forlag-och-egenutgivare\/design\/","og_site_name":"ScandBook","article_publisher":"https:\/\/www.facebook.com\/profile.php?id=100063569394878&sk=about&locale=sv_SE","article_modified_time":"2025-12-02T05:25:09+00:00","twitter_card":"summary_large_image","twitter_misc":{"Ber\u00e4knad l\u00e4stid":"1 minut"},"schema":{"@context":"https:\/\/schema.org","@graph":[{"@type":"WebPage","@id":"https:\/\/www.scandbook.com\/sv\/produkter-tjanster\/tjanster\/for-sma-forlag-och-egenutgivare\/design\/","url":"https:\/\/www.scandbook.com\/sv\/produkter-tjanster\/tjanster\/for-sma-forlag-och-egenutgivare\/design\/","name":"Design - ScandBook","isPartOf":{"@id":"https:\/\/www.scandbook.com\/sv\/#website"},"datePublished":"2016-02-10T09:59:32+00:00","dateModified":"2025-12-02T05:25:09+00:00","breadcrumb":{"@id":"https:\/\/www.scandbook.com\/sv\/produkter-tjanster\/tjanster\/for-sma-forlag-och-egenutgivare\/design\/#breadcrumb"},"inLanguage":"sv-SE","potentialAction":[{"@type":"ReadAction","target":["https:\/\/www.scandbook.com\/sv\/produkter-tjanster\/tjanster\/for-sma-forlag-och-egenutgivare\/design\/"]}]},{"@type":"BreadcrumbList","@id":"https:\/\/www.scandbook.com\/sv\/produkter-tjanster\/tjanster\/for-sma-forlag-och-egenutgivare\/design\/#breadcrumb","itemListElement":[{"@type":"ListItem","position":1,"name":"Home","item":"https:\/\/www.scandbook.com\/sv\/"},{"@type":"ListItem","position":2,"name":"Produkter &#038; Tj\u00e4nster","item":"https:\/\/www.scandbook.com\/sv\/produkter-tjanster\/?lang=sv"},{"@type":"ListItem","position":3,"name":"Tj\u00e4nster","item":"https:\/\/www.scandbook.com\/sv\/produkter-tjanster\/tjanster\/?lang=sv"},{"@type":"ListItem","position":4,"name":"F\u00f6r sm\u00e5 f\u00f6rlag och egenutgivare","item":"https:\/\/www.scandbook.com\/sv\/produkter-tjanster\/tjanster\/for-sma-forlag-och-egenutgivare\/?lang=sv"},{"@type":"ListItem","position":5,"name":"Design"}]},{"@type":"WebSite","@id":"https:\/\/www.scandbook.com\/sv\/#website","url":"https:\/\/www.scandbook.com\/sv\/","name":"ScandBook","description":"Skandinaviens ledande bokproducent","publisher":{"@id":"https:\/\/www.scandbook.com\/sv\/#organization"},"potentialAction":[{"@type":"SearchAction","target":{"@type":"EntryPoint","urlTemplate":"https:\/\/www.scandbook.com\/sv\/?s={search_term_string}"},"query-input":{"@type":"PropertyValueSpecification","valueRequired":true,"valueName":"search_term_string"}}],"inLanguage":"sv-SE"},{"@type":"Organization","@id":"https:\/\/www.scandbook.com\/sv\/#organization","name":"ScandBook","url":"https:\/\/www.scandbook.com\/sv\/","logo":{"@type":"ImageObject","inLanguage":"sv-SE","@id":"https:\/\/www.scandbook.com\/sv\/#\/schema\/logo\/image\/","url":"https:\/\/www.scandbook.com\/wp-content\/uploads\/2023\/05\/scandbook-funding-climate-action.webp","contentUrl":"https:\/\/www.scandbook.com\/wp-content\/uploads\/2023\/05\/scandbook-funding-climate-action.webp","width":256,"height":88,"caption":"ScandBook"},"image":{"@id":"https:\/\/www.scandbook.com\/sv\/#\/schema\/logo\/image\/"},"sameAs":["https:\/\/www.facebook.com\/profile.php?id=100063569394878&sk=about&locale=sv_SE","https:\/\/www.linkedin.com\/company\/scandbook-ab\/"]}]}},"_links":{"self":[{"href":"https:\/\/www.scandbook.com\/sv\/wp-json\/wp\/v2\/pages\/1920","targetHints":{"allow":["GET"]}}],"collection":[{"href":"https:\/\/www.scandbook.com\/sv\/wp-json\/wp\/v2\/pages"}],"about":[{"href":"https:\/\/www.scandbook.com\/sv\/wp-json\/wp\/v2\/types\/page"}],"author":[{"embeddable":true,"href":"https:\/\/www.scandbook.com\/sv\/wp-json\/wp\/v2\/users\/9"}],"replies":[{"embeddable":true,"href":"https:\/\/www.scandbook.com\/sv\/wp-json\/wp\/v2\/comments?post=1920"}],"version-history":[{"count":11,"href":"https:\/\/www.scandbook.com\/sv\/wp-json\/wp\/v2\/pages\/1920\/revisions"}],"predecessor-version":[{"id":14623,"href":"https:\/\/www.scandbook.com\/sv\/wp-json\/wp\/v2\/pages\/1920\/revisions\/14623"}],"up":[{"embeddable":true,"href":"https:\/\/www.scandbook.com\/sv\/wp-json\/wp\/v2\/pages\/1858"}],"wp:attachment":[{"href":"https:\/\/www.scandbook.com\/sv\/wp-json\/wp\/v2\/media?parent=1920"}],"curies":[{"name":"wp","href":"https:\/\/api.w.org\/{rel}","templated":true}]}}