{"id":1858,"date":"2016-02-09T13:59:07","date_gmt":"2016-02-09T12:59:07","guid":{"rendered":"http:\/\/development.scandbook-internt.se\/?page_id=1858&#038;lang=sv"},"modified":"2022-04-05T13:37:15","modified_gmt":"2022-04-05T12:37:15","slug":"for-sma-forlag-och-egenutgivare","status":"publish","type":"page","link":"https:\/\/www.scandbook.com\/sv\/produkter-tjanster\/tjanster\/for-sma-forlag-och-egenutgivare\/","title":{"rendered":"F\u00f6r sm\u00e5 f\u00f6rlag och egenutgivare"},"content":{"rendered":"\n\n<style type=\"text\/css\" data-created_by=\"avia_inline_auto\" id=\"style-css-av-l34sb6-68d6f36c47d0fdb51b95bab1c2a8577f\">\n.flex_column.av-l34sb6-68d6f36c47d0fdb51b95bab1c2a8577f{\nborder-radius:0px 0px 0px 0px;\npadding:0px 0px 0px 0px;\n}\n<\/style>\n<div  class='flex_column av-l34sb6-68d6f36c47d0fdb51b95bab1c2a8577f av_one_full  avia-builder-el-1  el_after_av_codeblock  el_before_av_one_full  first flex_column_div av-zero-column-padding  '     ><section  class='av_textblock_section av-ihvg42-4155ca4595f3a9aa33a82271cd10612f '   itemscope=\"itemscope\" itemtype=\"https:\/\/schema.org\/CreativeWork\" ><div class='avia_textblock'  itemprop=\"text\" ><h1>F\u00f6r sm\u00e5 f\u00f6rlag och egenutgivare<\/h1>\n<p><a href=\"https:\/\/www.scandbook.com\/?lang=sv\">ScandBook<\/a> \u00e4r specialiserade p\u00e5 h\u00e5rd- och mjukbundna b\u00f6cker med svartvit inlaga. I figuren ser du vilka moment vi tar oss igenom innan f\u00e4rdig bok, och v\u00e5ra till\u00e4ggstj\u00e4nster hittar du i de gr\u00f6na rutorna. Klicka p\u00e5 de vita punkterna f\u00f6r mer information.<\/p>\n<\/div><\/section><br \/>\n<div  class='avia-button-wrap av-hgpcte-07a62162373149a73923dec27350682e-wrap avia-button-left  avia-builder-el-3  el_after_av_textblock  avia-builder-el-last '><a href='https:\/\/www.scandbook.com\/sv\/kontakt\/offertforfragan\/offertforfragan-digitaltryck\/'  class='avia-button av-hgpcte-07a62162373149a73923dec27350682e av-link-btn avia-icon_select-yes-left-icon avia-size-medium avia-position-left avia-color-theme-color'   aria-label=\"Klicka f\u00f6r offert\"><span class='avia_button_icon avia_button_icon_left avia-iconfont avia-font-entypo-fontello' data-av_icon='\ue82b' data-av_iconfont='entypo-fontello' ><\/span><span class='avia_iconbox_title' >Klicka f\u00f6r offert<\/span><\/a><\/div><\/p><\/div>\n\n<style type=\"text\/css\" data-created_by=\"avia_inline_auto\" id=\"style-css-av-fzhuhe-8b0499540e4a997dcdba2ea68378f66c\">\n.flex_column.av-fzhuhe-8b0499540e4a997dcdba2ea68378f66c{\nborder-radius:0px 0px 0px 0px;\npadding:0px 0px 0px 0px;\n}\n<\/style>\n<div  class='flex_column av-fzhuhe-8b0499540e4a997dcdba2ea68378f66c av_one_full  avia-builder-el-4  el_after_av_one_full  el_before_av_one_full  first flex_column_div av-zero-column-padding  column-top-margin'     ><style type=\"text\/css\" data-created_by=\"avia_inline_auto\" id=\"style-css-sub-av-e55xz6-49733c53d0ae040438f76ecc772bf39a\">\n.av-hotspot-image-container .av-image-hotspot.av-ci6bcy-48c7093e168d8ee3a9fd45c600c18e4a{\ntop:28.9%;\nleft:11.5%;\n}\n.av-hotspot-image-container .av-image-hotspot.av-aetwr6-35971333ff2572547ded1f92388770be{\ntop:14%;\nleft:28.3%;\n}\n.av-hotspot-image-container .av-image-hotspot.av-8uiaxe-e8a5fb6f0a81b0763b672c445b44007e{\ntop:42.6%;\nleft:28.2%;\n}\n.av-hotspot-image-container .av-image-hotspot.av-t62cy-7880ed25b8b564acc0a02ce3defa8d90{\ntop:14.2%;\nleft:44.9%;\n}\n.av-hotspot-image-container .av-image-hotspot.av-60vtoi-5d450f3f05a4e3272e0945a3bde0fc21{\ntop:42.6%;\nleft:44.8%;\n}\n<\/style>\n<div  class='av-hotspot-image-container av-e55xz6-49733c53d0ae040438f76ecc772bf39a  avia-builder-el-5  avia-builder-el-no-sibling  av-hotspot-blank  av-non-fullwidth-hotspot-image'  itemprop=\"image\" itemscope=\"itemscope\" itemtype=\"https:\/\/schema.org\/ImageObject\" ><div class='av-hotspot-container'><div class='av-hotspot-container-inner-cell'><div class='av-hotspot-container-inner-wrap'><div class='av-image-hotspot av-ci6bcy-48c7093e168d8ee3a9fd45c600c18e4a av-image-hotspot-1 ' data-avia-tooltip-position='top' data-avia-tooltip-alignment='left' data-avia-tooltip-class='av-tt-default-width av-tt-pos-above av-tt-align-left  main_color av-tt-hotspot' data-avia-tooltip='&lt;p&gt;Klicka h\u00e4r f\u00f6r mer info&lt;\/p&gt;\n'><a href=https:\/\/www.scandbook.com\/sv\/produkter-tjanster\/tjanster\/for-sma-forlag-och-egenutgivare\/forlaggare\/  class='av-image-hotspot_inner'>1<\/a><div class='av-image-hotspot-pulse'><\/div><\/div><div class='av-image-hotspot av-aetwr6-35971333ff2572547ded1f92388770be av-image-hotspot-2 ' data-avia-tooltip-position='top' data-avia-tooltip-alignment='left' data-avia-tooltip-class='av-tt-default-width av-tt-pos-above av-tt-align-left  main_color av-tt-hotspot' data-avia-tooltip='&lt;p&gt;Klicka h\u00e4r f\u00f6r mer info!&lt;\/p&gt;\n'><a href=https:\/\/www.scandbook.com\/sv\/produkter-tjanster\/tjanster\/for-sma-forlag-och-egenutgivare\/manuskript\/  class='av-image-hotspot_inner'>2<\/a><div class='av-image-hotspot-pulse'><\/div><\/div><div class='av-image-hotspot av-8uiaxe-e8a5fb6f0a81b0763b672c445b44007e av-image-hotspot-3 ' data-avia-tooltip-position='top' data-avia-tooltip-alignment='left' data-avia-tooltip-class='av-tt-default-width av-tt-pos-above av-tt-align-left  main_color av-tt-hotspot' data-avia-tooltip='&lt;p&gt;Klicka h\u00e4r f\u00f6r info om mallar etc.&lt;\/p&gt;\n'><a href=https:\/\/www.scandbook.com\/sv\/produkter-tjanster\/tjanster\/for-sma-forlag-och-egenutgivare\/omslag\/  class='av-image-hotspot_inner'>3<\/a><div class='av-image-hotspot-pulse'><\/div><\/div><div class='av-image-hotspot av-t62cy-7880ed25b8b564acc0a02ce3defa8d90 av-image-hotspot-4 ' data-avia-tooltip-position='top' data-avia-tooltip-alignment='left' data-avia-tooltip-class='av-tt-default-width av-tt-pos-above av-tt-align-left  main_color av-tt-hotspot' data-avia-tooltip='&lt;p&gt;Klicka f\u00f6r priser och vad som ing\u00e5r&lt;\/p&gt;\n'><a href=https:\/\/www.scandbook.com\/sv\/produkter-tjanster\/tjanster\/for-sma-forlag-och-egenutgivare\/sattning\/  class='av-image-hotspot_inner'>4<\/a><div class='av-image-hotspot-pulse'><\/div><\/div><div class='av-image-hotspot av-60vtoi-5d450f3f05a4e3272e0945a3bde0fc21 av-image-hotspot-5 ' data-avia-tooltip-position='top' data-avia-tooltip-alignment='left' data-avia-tooltip-class='av-tt-default-width av-tt-pos-above av-tt-align-left  main_color av-tt-hotspot' data-avia-tooltip='&lt;p&gt;Klicka f\u00f6r priser och vad som ing\u00e5r.&lt;\/p&gt;\n'><a href=https:\/\/www.scandbook.com\/sv\/produkter-tjanster\/tjanster\/for-sma-forlag-och-egenutgivare\/design\/  class='av-image-hotspot_inner'>5<\/a><div class='av-image-hotspot-pulse'><\/div><\/div><img decoding=\"async\" fetchpriority=\"high\" class='wp-image-5006 avia-img-lazy-loading-not-5006 avia_image' src=\"https:\/\/www.scandbook.com\/wp-content\/uploads\/2016\/02\/egenutgivare-chart2-1030x515.png\" alt='' title='egenutgivare-chart'  height=\"515\" width=\"1030\"  itemprop=\"thumbnailUrl\" srcset=\"https:\/\/www.scandbook.com\/wp-content\/uploads\/2016\/02\/egenutgivare-chart2-1030x515.png 1030w, https:\/\/www.scandbook.com\/wp-content\/uploads\/2016\/02\/egenutgivare-chart2-300x150.png 300w, https:\/\/www.scandbook.com\/wp-content\/uploads\/2016\/02\/egenutgivare-chart2-768x384.png 768w, https:\/\/www.scandbook.com\/wp-content\/uploads\/2016\/02\/egenutgivare-chart2-705x353.png 705w, https:\/\/www.scandbook.com\/wp-content\/uploads\/2016\/02\/egenutgivare-chart2-450x225.png 450w, https:\/\/www.scandbook.com\/wp-content\/uploads\/2016\/02\/egenutgivare-chart2.png 1191w\" sizes=\"(max-width: 1030px) 100vw, 1030px\" \/><\/div><\/div><\/div><\/div><\/div>\n\n<style type=\"text\/css\" data-created_by=\"avia_inline_auto\" id=\"style-css-av-41gvo2-1a88fdeb9dbb82b17ab61de437633bde\">\n.flex_column.av-41gvo2-1a88fdeb9dbb82b17ab61de437633bde{\nborder-radius:0px 0px 0px 0px;\npadding:0px 0px 0px 0px;\n}\n<\/style>\n<div  class='flex_column av-41gvo2-1a88fdeb9dbb82b17ab61de437633bde av_one_full  avia-builder-el-6  el_after_av_one_full  avia-builder-el-last  first flex_column_div av-zero-column-padding  column-top-margin'     ><section  class='av_textblock_section av-ag73m-14f0cada391ef08da3168a778fa2034d '   itemscope=\"itemscope\" itemtype=\"https:\/\/schema.org\/CreativeWork\" ><div class='avia_textblock'  itemprop=\"text\" ><p>Vi st\u00e5r g\u00e4rna till tj\u00e4nst med r\u00e5d och id\u00e9er inf\u00f6r din <a href=\"https:\/\/www.scandbook.com\/?lang=sv\">bokproduktion<\/a>, vad g\u00e4ller pappersval, <a href=\"https:\/\/www.scandbook.com\/produkter-tjanster\/produkter\/standardformat\/?lang=sv\">format<\/a>, <a href=\"https:\/\/www.scandbook.com\/produkter-tjanster\/produkter\/omslagseffekter\/?lang=sv\">omslag<\/a> etc, g\u00e4rna i ett tidigt skede s\u00e5 att vi kan hj\u00e4lpa dig att skapa en bok som blir optimal att producera. B\u00f6cker och<strong> boktryckning<\/strong> \u00e4r det vi kan b\u00e4st.<br \/>\nVi tillhandah\u00e5ller ocks\u00e5 tj\u00e4nster f\u00f6r momenten fram till tryckf\u00e4rdiga filer, som t ex:<\/p>\n<ul>\n<li>s\u00e4ttning\/ombrytning av inlaga (du f\u00e5r ocks\u00e5 en instruktion om hur du b\u00e4st skriver in texten i ditt dokument)<\/li>\n<li>design av omslag<\/li>\n<\/ul>\n<p>Efter produktion tillhandah\u00e5ller vi ocks\u00e5 lagerh\u00e5llning av f\u00e4rdiga b\u00f6cker samt av extra omslag f\u00f6r snabba och kostnadseffektiva tilltryck.<\/p>\n<\/div><\/section><\/div>\n","protected":false},"excerpt":{"rendered":"","protected":false},"author":9,"featured_media":0,"parent":69,"menu_order":0,"comment_status":"closed","ping_status":"closed","template":"","meta":{"footnotes":""},"class_list":["post-1858","page","type-page","status-publish","hentry"],"yoast_head":"<!-- This site is optimized with the Yoast SEO Premium plugin v27.4 (Yoast SEO v27.4) - https:\/\/yoast.com\/product\/yoast-seo-premium-wordpress\/ -->\n<title>F\u00f6rl\u00e4ggare eller Egenutgivare - Scandbook din bokproducent<\/title>\n<meta name=\"description\" content=\"Vi hj\u00e4lper sm\u00e5 f\u00f6rlag &amp; egenutgivare med tryck av bok. G\u00f6r det m\u00f6jligt f\u00f6r dig som \u00e4r egenutgivare. Kontakta oss! - ScandBook\" \/>\n<meta name=\"robots\" content=\"index, follow, max-snippet:-1, max-image-preview:large, max-video-preview:-1\" \/>\n<link rel=\"canonical\" href=\"https:\/\/www.scandbook.com\/sv\/produkter-tjanster\/tjanster\/for-sma-forlag-och-egenutgivare\/\" \/>\n<meta property=\"og:locale\" content=\"sv_SE\" \/>\n<meta property=\"og:type\" content=\"article\" \/>\n<meta property=\"og:title\" content=\"F\u00f6r sm\u00e5 f\u00f6rlag och egenutgivare\" \/>\n<meta property=\"og:description\" content=\"Vi hj\u00e4lper sm\u00e5 f\u00f6rlag &amp; egenutgivare med tryck av bok. G\u00f6r det m\u00f6jligt f\u00f6r dig som \u00e4r egenutgivare. Kontakta oss! - ScandBook\" \/>\n<meta property=\"og:url\" content=\"https:\/\/www.scandbook.com\/sv\/produkter-tjanster\/tjanster\/for-sma-forlag-och-egenutgivare\/\" \/>\n<meta property=\"og:site_name\" content=\"ScandBook\" \/>\n<meta property=\"article:publisher\" content=\"https:\/\/www.facebook.com\/profile.php?id=100063569394878&amp;sk=about&amp;locale=sv_SE\" \/>\n<meta property=\"article:modified_time\" content=\"2022-04-05T12:37:15+00:00\" \/>\n<meta name=\"twitter:card\" content=\"summary_large_image\" \/>\n<meta name=\"twitter:label1\" content=\"Ber\u00e4knad l\u00e4stid\" \/>\n\t<meta name=\"twitter:data1\" content=\"4 minuter\" \/>\n<script type=\"application\/ld+json\" class=\"yoast-schema-graph\">{\"@context\":\"https:\\\/\\\/schema.org\",\"@graph\":[{\"@type\":\"WebPage\",\"@id\":\"https:\\\/\\\/www.scandbook.com\\\/sv\\\/produkter-tjanster\\\/tjanster\\\/for-sma-forlag-och-egenutgivare\\\/\",\"url\":\"https:\\\/\\\/www.scandbook.com\\\/sv\\\/produkter-tjanster\\\/tjanster\\\/for-sma-forlag-och-egenutgivare\\\/\",\"name\":\"F\u00f6rl\u00e4ggare eller Egenutgivare - Scandbook din bokproducent\",\"isPartOf\":{\"@id\":\"https:\\\/\\\/www.scandbook.com\\\/sv\\\/#website\"},\"datePublished\":\"2016-02-09T12:59:07+00:00\",\"dateModified\":\"2022-04-05T12:37:15+00:00\",\"description\":\"Vi hj\u00e4lper sm\u00e5 f\u00f6rlag & egenutgivare med tryck av bok. G\u00f6r det m\u00f6jligt f\u00f6r dig som \u00e4r egenutgivare. Kontakta oss! - ScandBook\",\"breadcrumb\":{\"@id\":\"https:\\\/\\\/www.scandbook.com\\\/sv\\\/produkter-tjanster\\\/tjanster\\\/for-sma-forlag-och-egenutgivare\\\/#breadcrumb\"},\"inLanguage\":\"sv-SE\",\"potentialAction\":[{\"@type\":\"ReadAction\",\"target\":[\"https:\\\/\\\/www.scandbook.com\\\/sv\\\/produkter-tjanster\\\/tjanster\\\/for-sma-forlag-och-egenutgivare\\\/\"]}]},{\"@type\":\"BreadcrumbList\",\"@id\":\"https:\\\/\\\/www.scandbook.com\\\/sv\\\/produkter-tjanster\\\/tjanster\\\/for-sma-forlag-och-egenutgivare\\\/#breadcrumb\",\"itemListElement\":[{\"@type\":\"ListItem\",\"position\":1,\"name\":\"Home\",\"item\":\"https:\\\/\\\/www.scandbook.com\\\/sv\\\/\"},{\"@type\":\"ListItem\",\"position\":2,\"name\":\"Produkter &#038; Tj\u00e4nster\",\"item\":\"https:\\\/\\\/www.scandbook.com\\\/sv\\\/produkter-tjanster\\\/?lang=sv\"},{\"@type\":\"ListItem\",\"position\":3,\"name\":\"Tj\u00e4nster\",\"item\":\"https:\\\/\\\/www.scandbook.com\\\/sv\\\/produkter-tjanster\\\/tjanster\\\/?lang=sv\"},{\"@type\":\"ListItem\",\"position\":4,\"name\":\"F\u00f6r sm\u00e5 f\u00f6rlag och egenutgivare\"}]},{\"@type\":\"WebSite\",\"@id\":\"https:\\\/\\\/www.scandbook.com\\\/sv\\\/#website\",\"url\":\"https:\\\/\\\/www.scandbook.com\\\/sv\\\/\",\"name\":\"ScandBook\",\"description\":\"Skandinaviens ledande bokproducent\",\"publisher\":{\"@id\":\"https:\\\/\\\/www.scandbook.com\\\/sv\\\/#organization\"},\"potentialAction\":[{\"@type\":\"SearchAction\",\"target\":{\"@type\":\"EntryPoint\",\"urlTemplate\":\"https:\\\/\\\/www.scandbook.com\\\/sv\\\/?s={search_term_string}\"},\"query-input\":{\"@type\":\"PropertyValueSpecification\",\"valueRequired\":true,\"valueName\":\"search_term_string\"}}],\"inLanguage\":\"sv-SE\"},{\"@type\":\"Organization\",\"@id\":\"https:\\\/\\\/www.scandbook.com\\\/sv\\\/#organization\",\"name\":\"ScandBook\",\"url\":\"https:\\\/\\\/www.scandbook.com\\\/sv\\\/\",\"logo\":{\"@type\":\"ImageObject\",\"inLanguage\":\"sv-SE\",\"@id\":\"https:\\\/\\\/www.scandbook.com\\\/sv\\\/#\\\/schema\\\/logo\\\/image\\\/\",\"url\":\"https:\\\/\\\/www.scandbook.com\\\/wp-content\\\/uploads\\\/2023\\\/05\\\/scandbook-funding-climate-action.webp\",\"contentUrl\":\"https:\\\/\\\/www.scandbook.com\\\/wp-content\\\/uploads\\\/2023\\\/05\\\/scandbook-funding-climate-action.webp\",\"width\":256,\"height\":88,\"caption\":\"ScandBook\"},\"image\":{\"@id\":\"https:\\\/\\\/www.scandbook.com\\\/sv\\\/#\\\/schema\\\/logo\\\/image\\\/\"},\"sameAs\":[\"https:\\\/\\\/www.facebook.com\\\/profile.php?id=100063569394878&sk=about&locale=sv_SE\",\"https:\\\/\\\/www.linkedin.com\\\/company\\\/scandbook-ab\\\/\"]}]}<\/script>\n<!-- \/ Yoast SEO Premium plugin. -->","yoast_head_json":{"title":"F\u00f6rl\u00e4ggare eller Egenutgivare - Scandbook din bokproducent","description":"Vi hj\u00e4lper sm\u00e5 f\u00f6rlag & egenutgivare med tryck av bok. G\u00f6r det m\u00f6jligt f\u00f6r dig som \u00e4r egenutgivare. Kontakta oss! - ScandBook","robots":{"index":"index","follow":"follow","max-snippet":"max-snippet:-1","max-image-preview":"max-image-preview:large","max-video-preview":"max-video-preview:-1"},"canonical":"https:\/\/www.scandbook.com\/sv\/produkter-tjanster\/tjanster\/for-sma-forlag-och-egenutgivare\/","og_locale":"sv_SE","og_type":"article","og_title":"F\u00f6r sm\u00e5 f\u00f6rlag och egenutgivare","og_description":"Vi hj\u00e4lper sm\u00e5 f\u00f6rlag & egenutgivare med tryck av bok. G\u00f6r det m\u00f6jligt f\u00f6r dig som \u00e4r egenutgivare. Kontakta oss! - ScandBook","og_url":"https:\/\/www.scandbook.com\/sv\/produkter-tjanster\/tjanster\/for-sma-forlag-och-egenutgivare\/","og_site_name":"ScandBook","article_publisher":"https:\/\/www.facebook.com\/profile.php?id=100063569394878&sk=about&locale=sv_SE","article_modified_time":"2022-04-05T12:37:15+00:00","twitter_card":"summary_large_image","twitter_misc":{"Ber\u00e4knad l\u00e4stid":"4 minuter"},"schema":{"@context":"https:\/\/schema.org","@graph":[{"@type":"WebPage","@id":"https:\/\/www.scandbook.com\/sv\/produkter-tjanster\/tjanster\/for-sma-forlag-och-egenutgivare\/","url":"https:\/\/www.scandbook.com\/sv\/produkter-tjanster\/tjanster\/for-sma-forlag-och-egenutgivare\/","name":"F\u00f6rl\u00e4ggare eller Egenutgivare - Scandbook din bokproducent","isPartOf":{"@id":"https:\/\/www.scandbook.com\/sv\/#website"},"datePublished":"2016-02-09T12:59:07+00:00","dateModified":"2022-04-05T12:37:15+00:00","description":"Vi hj\u00e4lper sm\u00e5 f\u00f6rlag & egenutgivare med tryck av bok. G\u00f6r det m\u00f6jligt f\u00f6r dig som \u00e4r egenutgivare. Kontakta oss! - ScandBook","breadcrumb":{"@id":"https:\/\/www.scandbook.com\/sv\/produkter-tjanster\/tjanster\/for-sma-forlag-och-egenutgivare\/#breadcrumb"},"inLanguage":"sv-SE","potentialAction":[{"@type":"ReadAction","target":["https:\/\/www.scandbook.com\/sv\/produkter-tjanster\/tjanster\/for-sma-forlag-och-egenutgivare\/"]}]},{"@type":"BreadcrumbList","@id":"https:\/\/www.scandbook.com\/sv\/produkter-tjanster\/tjanster\/for-sma-forlag-och-egenutgivare\/#breadcrumb","itemListElement":[{"@type":"ListItem","position":1,"name":"Home","item":"https:\/\/www.scandbook.com\/sv\/"},{"@type":"ListItem","position":2,"name":"Produkter &#038; Tj\u00e4nster","item":"https:\/\/www.scandbook.com\/sv\/produkter-tjanster\/?lang=sv"},{"@type":"ListItem","position":3,"name":"Tj\u00e4nster","item":"https:\/\/www.scandbook.com\/sv\/produkter-tjanster\/tjanster\/?lang=sv"},{"@type":"ListItem","position":4,"name":"F\u00f6r sm\u00e5 f\u00f6rlag och egenutgivare"}]},{"@type":"WebSite","@id":"https:\/\/www.scandbook.com\/sv\/#website","url":"https:\/\/www.scandbook.com\/sv\/","name":"ScandBook","description":"Skandinaviens ledande bokproducent","publisher":{"@id":"https:\/\/www.scandbook.com\/sv\/#organization"},"potentialAction":[{"@type":"SearchAction","target":{"@type":"EntryPoint","urlTemplate":"https:\/\/www.scandbook.com\/sv\/?s={search_term_string}"},"query-input":{"@type":"PropertyValueSpecification","valueRequired":true,"valueName":"search_term_string"}}],"inLanguage":"sv-SE"},{"@type":"Organization","@id":"https:\/\/www.scandbook.com\/sv\/#organization","name":"ScandBook","url":"https:\/\/www.scandbook.com\/sv\/","logo":{"@type":"ImageObject","inLanguage":"sv-SE","@id":"https:\/\/www.scandbook.com\/sv\/#\/schema\/logo\/image\/","url":"https:\/\/www.scandbook.com\/wp-content\/uploads\/2023\/05\/scandbook-funding-climate-action.webp","contentUrl":"https:\/\/www.scandbook.com\/wp-content\/uploads\/2023\/05\/scandbook-funding-climate-action.webp","width":256,"height":88,"caption":"ScandBook"},"image":{"@id":"https:\/\/www.scandbook.com\/sv\/#\/schema\/logo\/image\/"},"sameAs":["https:\/\/www.facebook.com\/profile.php?id=100063569394878&sk=about&locale=sv_SE","https:\/\/www.linkedin.com\/company\/scandbook-ab\/"]}]}},"_links":{"self":[{"href":"https:\/\/www.scandbook.com\/sv\/wp-json\/wp\/v2\/pages\/1858","targetHints":{"allow":["GET"]}}],"collection":[{"href":"https:\/\/www.scandbook.com\/sv\/wp-json\/wp\/v2\/pages"}],"about":[{"href":"https:\/\/www.scandbook.com\/sv\/wp-json\/wp\/v2\/types\/page"}],"author":[{"embeddable":true,"href":"https:\/\/www.scandbook.com\/sv\/wp-json\/wp\/v2\/users\/9"}],"replies":[{"embeddable":true,"href":"https:\/\/www.scandbook.com\/sv\/wp-json\/wp\/v2\/comments?post=1858"}],"version-history":[{"count":43,"href":"https:\/\/www.scandbook.com\/sv\/wp-json\/wp\/v2\/pages\/1858\/revisions"}],"predecessor-version":[{"id":8451,"href":"https:\/\/www.scandbook.com\/sv\/wp-json\/wp\/v2\/pages\/1858\/revisions\/8451"}],"up":[{"embeddable":true,"href":"https:\/\/www.scandbook.com\/sv\/wp-json\/wp\/v2\/pages\/69"}],"wp:attachment":[{"href":"https:\/\/www.scandbook.com\/sv\/wp-json\/wp\/v2\/media?parent=1858"}],"curies":[{"name":"wp","href":"https:\/\/api.w.org\/{rel}","templated":true}]}}