{"id":1794,"date":"2016-02-08T16:27:00","date_gmt":"2016-02-08T15:27:00","guid":{"rendered":"http:\/\/development.scandbook-internt.se\/?page_id=1794&#038;lang=sv"},"modified":"2026-02-12T11:39:57","modified_gmt":"2026-02-12T10:39:57","slug":"finansiella-rapporter","status":"publish","type":"page","link":"https:\/\/www.scandbook.com\/sv\/investerare\/finansiell-information\/rapporter\/finansiella-rapporter\/","title":{"rendered":"Finansiella rapporter"},"content":{"rendered":"\n\n<style type=\"text\/css\" data-created_by=\"avia_inline_auto\" id=\"style-css-av-1w3lk2-8d5c315d32fd1e45357c2710ffc0dc32\">\n.flex_column.av-1w3lk2-8d5c315d32fd1e45357c2710ffc0dc32{\nborder-radius:0px 0px 0px 0px;\npadding:0px 0px 0px 0px;\n}\n<\/style>\n<div  class='flex_column av-1w3lk2-8d5c315d32fd1e45357c2710ffc0dc32 av_one_full  avia-builder-el-1  el_after_av_codeblock  avia-builder-el-last  first flex_column_div av-zero-column-padding  '     ><section  class='av_textblock_section av-jlet970y-dbb01e5769a8c4bbb8ab7adfefbbb8aa '   itemscope=\"itemscope\" itemtype=\"https:\/\/schema.org\/CreativeWork\" ><div class='avia_textblock'  itemprop=\"text\" ><h1>Finansiella rapporter<\/h1>\n<\/div><\/section><br \/>\n<div  class='avia-button-wrap av-av_button-16bc001b92835fd6a863780caf343dde-wrap avia-button-right  avia-builder-el-3  el_after_av_textblock  el_before_av_textblock '><a href='https:\/\/www.scandbook.com\/sv\/investerare\/finansiell-information\/rapporter\/prenumerera\/'  class='avia-button av-av_button-16bc001b92835fd6a863780caf343dde av-link-btn avia-icon_select-yes-right-icon avia-size-large avia-position-right av-icon-on-hover avia-color-theme-color'  title=\"Prenumerera\" aria-label=\"Prenumerera\"><span class='avia_iconbox_title' >Prenumerera <\/span><span class='avia_button_icon avia_button_icon_right avia-svg-icon avia-font-svg_entypo-fontello' data-av_svg_icon='mail' data-av_iconset='svg_entypo-fontello'><svg version=\"1.1\" xmlns=\"http:\/\/www.w3.org\/2000\/svg\" width=\"29\" height=\"32\" viewBox=\"0 0 29 32\" preserveAspectRatio=\"xMidYMid meet\" aria-labelledby='av-svg-title-1' aria-describedby='av-svg-desc-1' role=\"graphics-symbol\">\n<title id='av-svg-title-1'>Mail<\/title>\n<desc id='av-svg-desc-1'>Mail<\/desc>\n<path d=\"M0.96 8.448q-1.024-0.576-0.896-1.28 0.064-0.448 0.832-0.448h27.072q1.216 0 0.64 1.024-0.256 0.448-0.768 0.704-0.448 0.192-6.144 3.264t-5.824 3.136q-0.512 0.32-1.472 0.32-0.896 0-1.472-0.32-0.128-0.064-5.824-3.136t-6.144-3.264zM28.16 11.648q0.64-0.32 0.64 0.32v11.776q0 0.512-0.544 1.024t-1.056 0.512h-25.6q-0.512 0-1.056-0.512t-0.544-1.024v-11.776q0-0.64 0.64-0.32l12.288 6.4q0.576 0.32 1.472 0.32t1.472-0.32z\"><\/path>\n<\/svg><\/span><\/a><\/div><br \/>\n<section  class='av_textblock_section av-mljbk25q-423ccca46606da7cb046f9d2cbd07c06 '   itemscope=\"itemscope\" itemtype=\"https:\/\/schema.org\/CreativeWork\" ><div class='avia_textblock'  itemprop=\"text\" >\n            <script>        \n                if(!window._MF) {\n                    let b = document.createElement(\"script\");\n                    b.type = \"text\/javascript\";\n                    b.async = true;\n                    b.src =  \"https:\/\/widget.datablocks.se\/api\/rose\/assets\/js\/loader-v4.js\";\n                    document.getElementsByTagName(\"body\")[0].appendChild(b);\n    \n                    window._MF = window._MF || {\n                        data: [],\n                        url: \"https:\/\/widget.datablocks.se\/api\/rose\",\n                        ready: !!0,\n                        render: function() {\n                            window._MF.ready = !0\n                        },\n                        push: function(conf) {\n                            this.data.push(conf);\n                        }\n                    }\n                }\n                window._MF.push({\"query\":\"#archive-wrapper-531989798\",\"widget\":\"archive\",\"token\":\"16a19370-3fbe-4967-890f-b319fdca3f83\",\"locale\":\"sv\"})\n            <\/script>\n            <div id=\"archive-wrapper-531989798\" class=\"mfn-archive\"><\/div>\n<\/div><\/section><br \/>\n<div  class='tabcontainer av-jvyxhm16-3f9d2c8cdc86d018c2df12eb3bf74787 top_tab  avia-builder-el-5  el_after_av_textblock  avia-builder-el-last  av-desktop-hide av-medium-hide av-small-hide av-mini-hide'>\n<section class='av_tab_section av_tab_section av-mbenhljk-a606bba6303b3adb0b74237ae63acf63'  itemscope=\"itemscope\" itemtype=\"https:\/\/schema.org\/CreativeWork\" ><div id='tab-id-1-tab' class='tab active_tab' role='tab' aria-selected=\"true\" tabindex=\"0\" data-fake-id='#tab-id-1' aria-controls='tab-id-1-content'  itemprop=\"headline\" >2025<\/div><div id='tab-id-1-content' class='tab_content active_tab_content' role='tabpanel' aria-labelledby='tab-id-1-tab' aria-hidden=\"false\"><div class='tab_inner_content invers-color'  itemprop=\"text\" ><p><a href=\"https:\/\/www.scandbook.com\/wp-content\/uploads\/2025\/06\/Scandbook-Delarsrapport-2025-Q1.pdf\" target=\"_blank\" rel=\"noopener\">\u00bb Del\u00e5rsrapport Q1 2025 (PDF)<\/a><br \/>\n<a href=\"https:\/\/www.scandbook.com\/wp-content\/uploads\/2025\/08\/scandbook-delarsrapport-2025-Q2.pdf\" target=\"_blank\" rel=\"noopener\">\u00bb Del\u00e5rsrapport Q2 2025 (PDF)<\/a><br \/>\n<a href=\"https:\/\/www.scandbook.com\/wp-content\/uploads\/2025\/11\/Scandbook-Delarsrapport-2025-Q3.pdf\" target=\"_blank\" rel=\"noopener\">\u00bb Del\u00e5rsrapport Q3 2025 (PDF)<\/a><\/p>\n<\/div><\/div><\/section>\n<section class='av_tab_section av_tab_section av-lwoyyej7-5ed6446a2a0d61b006721bece4d14dfe'  itemscope=\"itemscope\" itemtype=\"https:\/\/schema.org\/CreativeWork\" ><div id='tab-id-2-tab' class='tab' role='tab' aria-selected=\"false\" tabindex=\"0\" data-fake-id='#tab-id-2' aria-controls='tab-id-2-content'  itemprop=\"headline\" >2024<\/div><div id='tab-id-2-content' class='tab_content' role='tabpanel' aria-labelledby='tab-id-2-tab' aria-hidden=\"true\"><div class='tab_inner_content invers-color'  itemprop=\"text\" ><p><a href=\"https:\/\/www.scandbook.com\/wp-content\/uploads\/2024\/05\/scandbook-delarsrapport-2024-Q1.pdf\" target=\"_blank\" rel=\"noopener\">\u00bb Del\u00e5rsrapport Q1 2024 (PDF)<\/a><br \/>\n<a href=\"https:\/\/www.scandbook.com\/wp-content\/uploads\/2024\/08\/Scandbook-Delarsrapport-2024-Q2.pdf\" target=\"_blank\" rel=\"noopener\">\u00bb Del\u00e5rsrapport Q2 2024 (PDF)<\/a><br \/>\n<a href=\"https:\/\/www.scandbook.com\/wp-content\/uploads\/2024\/10\/Scandbook-Delarsrapport-2024-Q3.pdf\" target=\"_blank\" rel=\"noopener\">\u00bb Del\u00e5rsrapport Q3 2024 (PDF)<\/a><br \/>\n<a href=\"https:\/\/www.scandbook.com\/wp-content\/uploads\/2025\/03\/scandbook-delarsrapport-2024-Q4.pdf\" target=\"_blank\" rel=\"noopener\">\u00bb Del\u00e5rsrapport Q4 2024 (PDF)<\/a><\/p>\n<\/div><\/div><\/section>\n<section class='av_tab_section av_tab_section av-li082cze-9959d3806f53ab5fa6cab1ee575803fc'  itemscope=\"itemscope\" itemtype=\"https:\/\/schema.org\/CreativeWork\" ><div id='tab-id-3-tab' class='tab' role='tab' aria-selected=\"false\" tabindex=\"0\" data-fake-id='#tab-id-3' aria-controls='tab-id-3-content'  itemprop=\"headline\" >2023<\/div><div id='tab-id-3-content' class='tab_content' role='tabpanel' aria-labelledby='tab-id-3-tab' aria-hidden=\"true\"><div class='tab_inner_content invers-color'  itemprop=\"text\" ><p><a href=\"https:\/\/www.scandbook.com\/wp-content\/uploads\/2023\/05\/Scandbook-Delarsrapport-2023-Q1.pdf\" target=\"_blank\" rel=\"noopener\">\u00bb Del\u00e5rsrapport Q1 2023 (PDF)<\/a><br \/>\n<a href=\"https:\/\/www.scandbook.com\/wp-content\/uploads\/2023\/08\/scandbook-delarsrapport-2023-Q2.pdf\" target=\"_blank\" rel=\"noopener\">\u00bb Del\u00e5rsrapport Q2 2023 (PDF)<\/a><br \/>\n<a href=\"https:\/\/www.scandbook.com\/wp-content\/uploads\/2023\/10\/scandbook-delarsrapport-2023-Q3.pdf\" target=\"_blank\" rel=\"noopener\">\u00bb Del\u00e5rsrapport Q3 2023 (PDF)<\/a><br \/>\n<a href=\"https:\/\/www.scandbook.com\/wp-content\/uploads\/2024\/02\/Scandbook-Delarsrapport-2023-Q4.pdf\" target=\"_blank\" rel=\"noopener\">\u00bb Del\u00e5rsrapport Q4 2023 (PDF)<\/a><\/p>\n<\/div><\/div><\/section>\n<section class='av_tab_section av_tab_section av-l3ipnhg5-2cddab2753c693aba937c26b9e2e9fec'  itemscope=\"itemscope\" itemtype=\"https:\/\/schema.org\/CreativeWork\" ><div id='tab-id-4-tab' class='tab' role='tab' aria-selected=\"false\" tabindex=\"0\" data-fake-id='#tab-id-4' aria-controls='tab-id-4-content'  itemprop=\"headline\" >2022<\/div><div id='tab-id-4-content' class='tab_content' role='tabpanel' aria-labelledby='tab-id-4-tab' aria-hidden=\"true\"><div class='tab_inner_content invers-color'  itemprop=\"text\" ><p><a href=\"https:\/\/www.scandbook.com\/wp-content\/uploads\/2022\/05\/Scandbook-Delarsrapport-2022-Q1.pdf\" target=\"_blank\" rel=\"noopener\">\u00bb Del\u00e5rsrapport Q1 2022 (PDF)<\/a><br \/>\n<a href=\"https:\/\/www.scandbook.com\/wp-content\/uploads\/2022\/08\/scandbook-delarsrapport-2022-q2.pdf\" target=\"_blank\" rel=\"noopener\">\u00bb Del\u00e5rsrapport Q2 2022 (PDF)<\/a><br \/>\n<a href=\"https:\/\/www.scandbook.com\/wp-content\/uploads\/2022\/10\/scandbook-delarsrapport-2022-Q3.pdf\" target=\"_blank\" rel=\"noopener\">\u00bb Del\u00e5rsrapport Q3 2022 (PDF)<\/a><br \/>\n<a href=\"https:\/\/www.scandbook.com\/wp-content\/uploads\/2023\/02\/scandbook-delarsrapport-2022-Q4.pdf\" target=\"_blank\" rel=\"noopener\">\u00bb Del\u00e5rsrapport Q4 2022 (PDF)<\/a><\/p>\n<\/div><\/div><\/section>\n<section class='av_tab_section av_tab_section av-9p81z6-a5ee1fe066620dd1c781577c58073346'  itemscope=\"itemscope\" itemtype=\"https:\/\/schema.org\/CreativeWork\" ><div id='tab-id-5-tab' class='tab' role='tab' aria-selected=\"false\" tabindex=\"0\" data-fake-id='#tab-id-5' aria-controls='tab-id-5-content'  itemprop=\"headline\" >2021<\/div><div id='tab-id-5-content' class='tab_content' role='tabpanel' aria-labelledby='tab-id-5-tab' aria-hidden=\"true\"><div class='tab_inner_content invers-color'  itemprop=\"text\" ><p><a href=\"https:\/\/www.scandbook.com\/wp-content\/uploads\/2021\/08\/Scandbook-Delarsrapport-2021-Q1.pdf\" target=\"_blank\" rel=\"noopener\">\u00bb Del\u00e5rsrapport Q1 2021 (PDF)<\/a><br \/>\n<a href=\"https:\/\/www.scandbook.com\/wp-content\/uploads\/2021\/08\/Scandbook-Delarsrapport-2021-Q2.pdf\" target=\"_blank\" rel=\"noopener\">\u00bb Del\u00e5rsrapport Q2 2021 (PDF)<\/a><br \/>\n<a href=\"https:\/\/www.scandbook.com\/wp-content\/uploads\/2021\/11\/Scandbook-Delarsrapport-2021-Q3.pdf\" target=\"_blank\" rel=\"noopener\">\u00bb Del\u00e5rsrapport Q3 2021 (PDF)<\/a><br \/>\n<a href=\"https:\/\/www.scandbook.com\/wp-content\/uploads\/2022\/02\/scandbook-delarsrapport-2021-Q4.pdf\" target=\"_blank\" rel=\"noopener\">\u00bb Del\u00e5rsrapport Q4 2021 (PDF)<\/a><\/p>\n<\/div><\/div><\/section>\n<section class='av_tab_section av_tab_section av-82t7te-989f2dc4f7c70063719cc17aa1982364'  itemscope=\"itemscope\" itemtype=\"https:\/\/schema.org\/CreativeWork\" ><div id='tab-id-6-tab' class='tab' role='tab' aria-selected=\"false\" tabindex=\"0\" data-fake-id='#tab-id-6' aria-controls='tab-id-6-content'  itemprop=\"headline\" >2020<\/div><div id='tab-id-6-content' class='tab_content' role='tabpanel' aria-labelledby='tab-id-6-tab' aria-hidden=\"true\"><div class='tab_inner_content invers-color'  itemprop=\"text\" ><p><a href=\"https:\/\/www.scandbook.com\/wp-content\/uploads\/2020\/05\/Scandbook-Delarsrapport-2020-Q1.pdf\" target=\"_blank\" rel=\"noopener\">\u00bb Del\u00e5rsrapport Q1 2020 (PDF)<\/a><br \/>\n<a href=\"https:\/\/www.scandbook.com\/wp-content\/uploads\/2020\/08\/scandbook_delarsrapport_2020_Q2.pdf\" target=\"\">\u00bb Del\u00e5rsrapport Q2 2020 (PDF)<\/a><br \/>\n<a href=\"https:\/\/www.scandbook.com\/wp-content\/uploads\/2020\/11\/Scandbook-delarsrapport-2020-Q3.pdf\" target=\"\">\u00bb Del\u00e5rsrapport Q3 2020 (PDF)<\/a><br \/>\n<a href=\"https:\/\/www.scandbook.com\/wp-content\/uploads\/2021\/03\/Scandbook-Delarsrapport-2020-Q4.pdf\" target=\"\">\u00bb Del\u00e5rsrapport Q4 2020 (PDF)<\/a><\/p>\n<\/div><\/div><\/section>\n<section class='av_tab_section av_tab_section av-56xagy-1529eaa68e1a689faefa3dce71690a79'  itemscope=\"itemscope\" itemtype=\"https:\/\/schema.org\/CreativeWork\" ><div id='tab-id-7-tab' class='tab' role='tab' aria-selected=\"false\" tabindex=\"0\" data-fake-id='#tab-id-7' aria-controls='tab-id-7-content'  itemprop=\"headline\" >2019<\/div><div id='tab-id-7-content' class='tab_content' role='tabpanel' aria-labelledby='tab-id-7-tab' aria-hidden=\"true\"><div class='tab_inner_content invers-color'  itemprop=\"text\" ><p><a href=\"https:\/\/www.scandbook.com\/wp-content\/uploads\/2019\/05\/Scandbook-Delarsrapport-2019-Q1.pdf\" target=\"_blank\" rel=\"noopener\">\u00bb Del\u00e5rsrapport Q1 2019 (PDF)<\/a><br \/>\n<a href=\"https:\/\/www.scandbook.com\/wp-content\/uploads\/2019\/08\/Scandbook-Delarsrapport-Q2-2019.pdf\" target=\"_blank\" rel=\"noopener\">\u00bb Del\u00e5rsrapport Q2 2019 (PDF)<\/a><br \/>\n<a href=\"https:\/\/www.scandbook.com\/wp-content\/uploads\/2019\/10\/Scandbook-Delarsrapport-Q3-2019.pdf\" target=\"_blank\" rel=\"noopener\">\u00bb Del\u00e5rsrapport Q3 2019 (PDF)<\/a><br \/>\n<a href=\"https:\/\/www.scandbook.com\/wp-content\/uploads\/2020\/02\/Scandbook-Delarsrapport-Q4-2019.pdf\" target=\"_blank\" rel=\"noopener\">\u00bb Del\u00e5rsrapport Q4 2019 (PDF)<\/a><\/p>\n<\/div><\/div><\/section>\n<section class='av_tab_section av_tab_section av-89i4nm-6955162bbc88c9af886523e2f66ad745'  itemscope=\"itemscope\" itemtype=\"https:\/\/schema.org\/CreativeWork\" ><div id='tab-id-8-tab' class='tab' role='tab' aria-selected=\"false\" tabindex=\"0\" data-fake-id='#tab-id-8' aria-controls='tab-id-8-content'  itemprop=\"headline\" >2018<\/div><div id='tab-id-8-content' class='tab_content' role='tabpanel' aria-labelledby='tab-id-8-tab' aria-hidden=\"true\"><div class='tab_inner_content invers-color'  itemprop=\"text\" ><p><a href=\"http:\/\/www.scandbook.com\/wp-content\/uploads\/2019\/02\/scandbook-delarsrapport-2018-Q4.pdf\" target=\"_blank\" rel=\"noopener\">\u00bb Del\u00e5rsrapport Q4 2018 (PDF)<\/a><br \/>\n<a href=\"http:\/\/www.scandbook.com\/wp-content\/uploads\/2019\/01\/Scandbook-Delarsrapport-Q3-2018.pdf\" target=\"_blank\" rel=\"noopener\">\u00bb Del\u00e5rsrapport Q3 2018 (PDF)<\/a><br \/>\n<a href=\"http:\/\/www.scandbook.com\/wp-content\/uploads\/2018\/08\/Scandbook-Delarsrapport-Q2-2018.pdf\" target=\"_blank\" rel=\"noopener\">\u00bb Del\u00e5rsrapport Q2 2018 (PDF)<\/a><br \/>\n<a href=\"http:\/\/www.scandbook.com\/wp-content\/uploads\/2016\/02\/Scandbook-Delarsrapport-Q1-2018.pdf\" target=\"_blank\" rel=\"noopener\">\u00bb Del\u00e5rsrapport Q1 2018 (PDF)<\/a><\/p>\n<\/div><\/div><\/section>\n<section class='av_tab_section av_tab_section av-dvnhu-0130eae891639dc10c1c47c99ce301f0'  itemscope=\"itemscope\" itemtype=\"https:\/\/schema.org\/CreativeWork\" ><div id='tab-id-9-tab' class='tab' role='tab' aria-selected=\"false\" tabindex=\"0\" data-fake-id='#tab-id-9' aria-controls='tab-id-9-content'  itemprop=\"headline\" >2017<\/div><div id='tab-id-9-content' class='tab_content' role='tabpanel' aria-labelledby='tab-id-9-tab' aria-hidden=\"true\"><div class='tab_inner_content invers-color'  itemprop=\"text\" ><p><a href=\"https:\/\/www.scandbook.com\/wp-content\/uploads\/2016\/02\/Scandbook-Delarsrapport-Q4-2017.pdf\" target=\"_blank\" rel=\"noopener\">\u00bb Del\u00e5rsrapport Q4 2017 (PDF)<\/a><br \/>\n<a href=\"https:\/\/www.scandbook.com\/wp-content\/uploads\/2016\/02\/Scandbook-Delarsrapport-Q3.pdf\" target=\"_blank\" rel=\"noopener\">\u00bb Del\u00e5rsrapport Q3 2017 (PDF)<\/a><a href=\"https:\/\/www.scandbook.com\/wp-content\/uploads\/2016\/02\/Scandbook-Delarsrapport-Q2-2017.pdf\" target=\"_blank\" rel=\"noopener\"><br \/>\n\u00bb Del\u00e5rsrapport Q2 2017 (PDF)<\/a><a href=\"https:\/\/www.scandbook.com\/wp-content\/uploads\/2016\/02\/Scandbook-Delarsrapport-Q1-2017.pdf\" target=\"_blank\" rel=\"noopener\"><br \/>\n\u00bb Del\u00e5rsrapport Q1 2017 (PDF)<\/a><\/p>\n<\/div><\/div><\/section>\n<\/div><\/p><\/div>\n","protected":false},"excerpt":{"rendered":"","protected":false},"author":9,"featured_media":0,"parent":1729,"menu_order":4,"comment_status":"closed","ping_status":"closed","template":"","meta":{"footnotes":""},"class_list":["post-1794","page","type-page","status-publish","hentry"],"yoast_head":"<!-- This site is optimized with the Yoast SEO Premium plugin v27.4 (Yoast SEO v27.4) - https:\/\/yoast.com\/product\/yoast-seo-premium-wordpress\/ -->\n<title>Finansiella rapporter - ScandBook<\/title>\n<meta name=\"description\" content=\"Finansiella rapporter: \u00c5rsbokslut, Bokslutskommunik\u00e9 , Del\u00e5rsrapport Q1, Del\u00e5rsrapport Q2, Del\u00e5rsrapport Q3 och Del\u00e5rsrapport Q4\" \/>\n<meta name=\"robots\" content=\"index, follow, max-snippet:-1, max-image-preview:large, max-video-preview:-1\" \/>\n<link rel=\"canonical\" href=\"https:\/\/www.scandbook.com\/sv\/investerare\/finansiell-information\/rapporter\/finansiella-rapporter\/\" \/>\n<meta property=\"og:locale\" content=\"sv_SE\" \/>\n<meta property=\"og:type\" content=\"article\" \/>\n<meta property=\"og:title\" content=\"Finansiella rapporter\" \/>\n<meta property=\"og:description\" content=\"Finansiella rapporter: \u00c5rsbokslut, Bokslutskommunik\u00e9 , Del\u00e5rsrapport Q1, Del\u00e5rsrapport Q2, Del\u00e5rsrapport Q3 och Del\u00e5rsrapport Q4\" \/>\n<meta property=\"og:url\" content=\"https:\/\/www.scandbook.com\/sv\/investerare\/finansiell-information\/rapporter\/finansiella-rapporter\/\" \/>\n<meta property=\"og:site_name\" content=\"ScandBook\" \/>\n<meta property=\"article:publisher\" content=\"https:\/\/www.facebook.com\/profile.php?id=100063569394878&amp;sk=about&amp;locale=sv_SE\" \/>\n<meta property=\"article:modified_time\" content=\"2026-02-12T10:39:57+00:00\" \/>\n<meta name=\"twitter:card\" content=\"summary_large_image\" \/>\n<meta name=\"twitter:label1\" content=\"Ber\u00e4knad l\u00e4stid\" \/>\n\t<meta name=\"twitter:data1\" content=\"1 minut\" \/>\n<script type=\"application\/ld+json\" class=\"yoast-schema-graph\">{\"@context\":\"https:\\\/\\\/schema.org\",\"@graph\":[{\"@type\":\"WebPage\",\"@id\":\"https:\\\/\\\/www.scandbook.com\\\/sv\\\/investerare\\\/finansiell-information\\\/rapporter\\\/finansiella-rapporter\\\/\",\"url\":\"https:\\\/\\\/www.scandbook.com\\\/sv\\\/investerare\\\/finansiell-information\\\/rapporter\\\/finansiella-rapporter\\\/\",\"name\":\"Finansiella rapporter - ScandBook\",\"isPartOf\":{\"@id\":\"https:\\\/\\\/www.scandbook.com\\\/sv\\\/#website\"},\"datePublished\":\"2016-02-08T15:27:00+00:00\",\"dateModified\":\"2026-02-12T10:39:57+00:00\",\"description\":\"Finansiella rapporter: \u00c5rsbokslut, Bokslutskommunik\u00e9 , Del\u00e5rsrapport Q1, Del\u00e5rsrapport Q2, Del\u00e5rsrapport Q3 och Del\u00e5rsrapport Q4\",\"breadcrumb\":{\"@id\":\"https:\\\/\\\/www.scandbook.com\\\/sv\\\/investerare\\\/finansiell-information\\\/rapporter\\\/finansiella-rapporter\\\/#breadcrumb\"},\"inLanguage\":\"sv-SE\",\"potentialAction\":[{\"@type\":\"ReadAction\",\"target\":[\"https:\\\/\\\/www.scandbook.com\\\/sv\\\/investerare\\\/finansiell-information\\\/rapporter\\\/finansiella-rapporter\\\/\"]}]},{\"@type\":\"BreadcrumbList\",\"@id\":\"https:\\\/\\\/www.scandbook.com\\\/sv\\\/investerare\\\/finansiell-information\\\/rapporter\\\/finansiella-rapporter\\\/#breadcrumb\",\"itemListElement\":[{\"@type\":\"ListItem\",\"position\":1,\"name\":\"Home\",\"item\":\"https:\\\/\\\/www.scandbook.com\\\/sv\\\/\"},{\"@type\":\"ListItem\",\"position\":2,\"name\":\"Investerare\",\"item\":\"https:\\\/\\\/www.scandbook.com\\\/sv\\\/investerare\\\/?lang=sv\"},{\"@type\":\"ListItem\",\"position\":3,\"name\":\"Finansiell information\",\"item\":\"https:\\\/\\\/www.scandbook.com\\\/sv\\\/investerare\\\/finansiell-information\\\/?lang=sv\"},{\"@type\":\"ListItem\",\"position\":4,\"name\":\"Rapporter\",\"item\":\"https:\\\/\\\/www.scandbook.com\\\/sv\\\/investerare\\\/finansiell-information\\\/rapporter\\\/?lang=sv\"},{\"@type\":\"ListItem\",\"position\":5,\"name\":\"Finansiella rapporter\"}]},{\"@type\":\"WebSite\",\"@id\":\"https:\\\/\\\/www.scandbook.com\\\/sv\\\/#website\",\"url\":\"https:\\\/\\\/www.scandbook.com\\\/sv\\\/\",\"name\":\"ScandBook\",\"description\":\"Skandinaviens ledande bokproducent\",\"publisher\":{\"@id\":\"https:\\\/\\\/www.scandbook.com\\\/sv\\\/#organization\"},\"potentialAction\":[{\"@type\":\"SearchAction\",\"target\":{\"@type\":\"EntryPoint\",\"urlTemplate\":\"https:\\\/\\\/www.scandbook.com\\\/sv\\\/?s={search_term_string}\"},\"query-input\":{\"@type\":\"PropertyValueSpecification\",\"valueRequired\":true,\"valueName\":\"search_term_string\"}}],\"inLanguage\":\"sv-SE\"},{\"@type\":\"Organization\",\"@id\":\"https:\\\/\\\/www.scandbook.com\\\/sv\\\/#organization\",\"name\":\"ScandBook\",\"url\":\"https:\\\/\\\/www.scandbook.com\\\/sv\\\/\",\"logo\":{\"@type\":\"ImageObject\",\"inLanguage\":\"sv-SE\",\"@id\":\"https:\\\/\\\/www.scandbook.com\\\/sv\\\/#\\\/schema\\\/logo\\\/image\\\/\",\"url\":\"https:\\\/\\\/www.scandbook.com\\\/wp-content\\\/uploads\\\/2023\\\/05\\\/scandbook-funding-climate-action.webp\",\"contentUrl\":\"https:\\\/\\\/www.scandbook.com\\\/wp-content\\\/uploads\\\/2023\\\/05\\\/scandbook-funding-climate-action.webp\",\"width\":256,\"height\":88,\"caption\":\"ScandBook\"},\"image\":{\"@id\":\"https:\\\/\\\/www.scandbook.com\\\/sv\\\/#\\\/schema\\\/logo\\\/image\\\/\"},\"sameAs\":[\"https:\\\/\\\/www.facebook.com\\\/profile.php?id=100063569394878&sk=about&locale=sv_SE\",\"https:\\\/\\\/www.linkedin.com\\\/company\\\/scandbook-ab\\\/\"]}]}<\/script>\n<!-- \/ Yoast SEO Premium plugin. -->","yoast_head_json":{"title":"Finansiella rapporter - ScandBook","description":"Finansiella rapporter: \u00c5rsbokslut, Bokslutskommunik\u00e9 , Del\u00e5rsrapport Q1, Del\u00e5rsrapport Q2, Del\u00e5rsrapport Q3 och Del\u00e5rsrapport Q4","robots":{"index":"index","follow":"follow","max-snippet":"max-snippet:-1","max-image-preview":"max-image-preview:large","max-video-preview":"max-video-preview:-1"},"canonical":"https:\/\/www.scandbook.com\/sv\/investerare\/finansiell-information\/rapporter\/finansiella-rapporter\/","og_locale":"sv_SE","og_type":"article","og_title":"Finansiella rapporter","og_description":"Finansiella rapporter: \u00c5rsbokslut, Bokslutskommunik\u00e9 , Del\u00e5rsrapport Q1, Del\u00e5rsrapport Q2, Del\u00e5rsrapport Q3 och Del\u00e5rsrapport Q4","og_url":"https:\/\/www.scandbook.com\/sv\/investerare\/finansiell-information\/rapporter\/finansiella-rapporter\/","og_site_name":"ScandBook","article_publisher":"https:\/\/www.facebook.com\/profile.php?id=100063569394878&sk=about&locale=sv_SE","article_modified_time":"2026-02-12T10:39:57+00:00","twitter_card":"summary_large_image","twitter_misc":{"Ber\u00e4knad l\u00e4stid":"1 minut"},"schema":{"@context":"https:\/\/schema.org","@graph":[{"@type":"WebPage","@id":"https:\/\/www.scandbook.com\/sv\/investerare\/finansiell-information\/rapporter\/finansiella-rapporter\/","url":"https:\/\/www.scandbook.com\/sv\/investerare\/finansiell-information\/rapporter\/finansiella-rapporter\/","name":"Finansiella rapporter - ScandBook","isPartOf":{"@id":"https:\/\/www.scandbook.com\/sv\/#website"},"datePublished":"2016-02-08T15:27:00+00:00","dateModified":"2026-02-12T10:39:57+00:00","description":"Finansiella rapporter: \u00c5rsbokslut, Bokslutskommunik\u00e9 , Del\u00e5rsrapport Q1, Del\u00e5rsrapport Q2, Del\u00e5rsrapport Q3 och Del\u00e5rsrapport Q4","breadcrumb":{"@id":"https:\/\/www.scandbook.com\/sv\/investerare\/finansiell-information\/rapporter\/finansiella-rapporter\/#breadcrumb"},"inLanguage":"sv-SE","potentialAction":[{"@type":"ReadAction","target":["https:\/\/www.scandbook.com\/sv\/investerare\/finansiell-information\/rapporter\/finansiella-rapporter\/"]}]},{"@type":"BreadcrumbList","@id":"https:\/\/www.scandbook.com\/sv\/investerare\/finansiell-information\/rapporter\/finansiella-rapporter\/#breadcrumb","itemListElement":[{"@type":"ListItem","position":1,"name":"Home","item":"https:\/\/www.scandbook.com\/sv\/"},{"@type":"ListItem","position":2,"name":"Investerare","item":"https:\/\/www.scandbook.com\/sv\/investerare\/?lang=sv"},{"@type":"ListItem","position":3,"name":"Finansiell information","item":"https:\/\/www.scandbook.com\/sv\/investerare\/finansiell-information\/?lang=sv"},{"@type":"ListItem","position":4,"name":"Rapporter","item":"https:\/\/www.scandbook.com\/sv\/investerare\/finansiell-information\/rapporter\/?lang=sv"},{"@type":"ListItem","position":5,"name":"Finansiella rapporter"}]},{"@type":"WebSite","@id":"https:\/\/www.scandbook.com\/sv\/#website","url":"https:\/\/www.scandbook.com\/sv\/","name":"ScandBook","description":"Skandinaviens ledande bokproducent","publisher":{"@id":"https:\/\/www.scandbook.com\/sv\/#organization"},"potentialAction":[{"@type":"SearchAction","target":{"@type":"EntryPoint","urlTemplate":"https:\/\/www.scandbook.com\/sv\/?s={search_term_string}"},"query-input":{"@type":"PropertyValueSpecification","valueRequired":true,"valueName":"search_term_string"}}],"inLanguage":"sv-SE"},{"@type":"Organization","@id":"https:\/\/www.scandbook.com\/sv\/#organization","name":"ScandBook","url":"https:\/\/www.scandbook.com\/sv\/","logo":{"@type":"ImageObject","inLanguage":"sv-SE","@id":"https:\/\/www.scandbook.com\/sv\/#\/schema\/logo\/image\/","url":"https:\/\/www.scandbook.com\/wp-content\/uploads\/2023\/05\/scandbook-funding-climate-action.webp","contentUrl":"https:\/\/www.scandbook.com\/wp-content\/uploads\/2023\/05\/scandbook-funding-climate-action.webp","width":256,"height":88,"caption":"ScandBook"},"image":{"@id":"https:\/\/www.scandbook.com\/sv\/#\/schema\/logo\/image\/"},"sameAs":["https:\/\/www.facebook.com\/profile.php?id=100063569394878&sk=about&locale=sv_SE","https:\/\/www.linkedin.com\/company\/scandbook-ab\/"]}]}},"_links":{"self":[{"href":"https:\/\/www.scandbook.com\/sv\/wp-json\/wp\/v2\/pages\/1794","targetHints":{"allow":["GET"]}}],"collection":[{"href":"https:\/\/www.scandbook.com\/sv\/wp-json\/wp\/v2\/pages"}],"about":[{"href":"https:\/\/www.scandbook.com\/sv\/wp-json\/wp\/v2\/types\/page"}],"author":[{"embeddable":true,"href":"https:\/\/www.scandbook.com\/sv\/wp-json\/wp\/v2\/users\/9"}],"replies":[{"embeddable":true,"href":"https:\/\/www.scandbook.com\/sv\/wp-json\/wp\/v2\/comments?post=1794"}],"version-history":[{"count":72,"href":"https:\/\/www.scandbook.com\/sv\/wp-json\/wp\/v2\/pages\/1794\/revisions"}],"predecessor-version":[{"id":14801,"href":"https:\/\/www.scandbook.com\/sv\/wp-json\/wp\/v2\/pages\/1794\/revisions\/14801"}],"up":[{"embeddable":true,"href":"https:\/\/www.scandbook.com\/sv\/wp-json\/wp\/v2\/pages\/1729"}],"wp:attachment":[{"href":"https:\/\/www.scandbook.com\/sv\/wp-json\/wp\/v2\/media?parent=1794"}],"curies":[{"name":"wp","href":"https:\/\/api.w.org\/{rel}","templated":true}]}}