{"id":1742,"date":"2016-02-05T15:41:54","date_gmt":"2016-02-05T14:41:54","guid":{"rendered":"http:\/\/development.scandbook-internt.se\/?page_id=1742&#038;lang=sv"},"modified":"2024-02-16T14:00:41","modified_gmt":"2024-02-16T13:00:41","slug":"bolagsordning","status":"publish","type":"page","link":"https:\/\/www.scandbook.com\/sv\/investerare\/bolagsordning\/","title":{"rendered":"Bolagsordning"},"content":{"rendered":"\n\n<style type=\"text\/css\" data-created_by=\"avia_inline_auto\" id=\"style-css-av-20p2b2-1a50bf54a52fd21eb91145a074cc843c\">\n.flex_column.av-20p2b2-1a50bf54a52fd21eb91145a074cc843c{\nborder-radius:0px 0px 0px 0px;\npadding:0px 0px 0px 0px;\n}\n<\/style>\n<div  class='flex_column av-20p2b2-1a50bf54a52fd21eb91145a074cc843c av_one_full  avia-builder-el-1  el_after_av_codeblock  avia-builder-el-last  first flex_column_div av-zero-column-padding  '     ><section  class='av_textblock_section av-kcvn60sp-1204764782cb821e0a84d095fd9d429c '   itemscope=\"itemscope\" itemtype=\"https:\/\/schema.org\/CreativeWork\" ><div class='avia_textblock'  itemprop=\"text\" ><h1>Bolagsordning<\/h1>\n<p><strong>\u00a71 Firma<\/strong><br \/>\nBolagets firma \u00e4r ScandBook Holding AB. Bolaget \u00e4r publikt (publ).<\/p>\n<p><strong>\u00a72 Styrelsens s\u00e4te<\/strong><br \/>\nStyrelsen har sitt s\u00e4te i Falu kommun. Bolagsst\u00e4mma ska \u00e4ven kunna h\u00e5llas i Stockholms kommun.<\/p>\n<p><strong>\u00a73 Verksamhet<\/strong><br \/>\nBolaget ska bedriva tryckeri- och bokbinderir\u00f6relse, idka annan d\u00e4rmed f\u00f6renlig verksamhet samt \u00e4ga och f\u00f6rvalta aktier i bolag med sagda verksamhet.<\/p>\n<p><strong>\u00a74 Aktiekapital<\/strong><br \/>\nAktiekapitalet ska vara l\u00e4gst 500 000 kronor och h\u00f6gst 2 000 000 kronor.<\/p>\n<p><strong>\u00a75 Antal aktier<\/strong><br \/>\nAntalet aktier skall vara l\u00e4gst 3 300 000 och h\u00f6gst 13 200 000.<\/p>\n<p><strong>\u00a76\u00a0Aktier<\/strong><br \/>\nBolagets aktier ska kunna utges i tv\u00e5 aktieslag, stamaktier och preferensaktier. Stamaktie ska vardera medf\u00f6ra tio (10) r\u00f6ster och preferensaktie ska vardera medf\u00f6ra en (1) r\u00f6st. Aktier av varje aktieslag kan ges ut till ett antal motsvarande hela aktiekapitalet. Vid samtliga utbetalningar p\u00e5 aktier till aktie\u00e4gare oavsett om det sker genom<br \/>\nvinstutdelning, annan v\u00e4rde\u00f6verf\u00f6ring eller i samband med likvidation eller annan uppl\u00f6sning av bolaget ska de medel som finns tillg\u00e4ngliga f\u00f6r utbetalning till aktie\u00e4garna<br \/>\nf\u00f6rdelas mellan aktier utgivna i de olika aktieslagen p\u00e5 s\u00e4tt som anges nedan.<\/p>\n<ol>\n<li>I f\u00f6rsta hand till preferensaktie intill ett sammanlagt belopp om 1 400 000 kronor<br \/>\nper r\u00e4kenskaps\u00e5r intill dess att preferensaktie erh\u00e5llit ett belopp om totalt<br \/>\n7 000 000 kronor (\u201dPreferensbeloppet\u201d).<\/li>\n<li>Medel som inte f\u00f6rdelats enligt ovan ska f\u00f6rdelas pro rata till preferensaktie och<br \/>\nstamaktie i f\u00f6rh\u00e5llande till antal vid var tid utgivna preferensaktier och stamaktier.<\/li>\n<\/ol>\n<p>Beslutar bolaget att genom kontantemission eller kvittningsemission ge ut nya aktier ska en gammal aktie ge f\u00f6retr\u00e4desr\u00e4tt till ny aktie av samma aktieslag i f\u00f6rh\u00e5llande<br \/>\ntill det antal aktier innehavaren f\u00f6rut \u00e4ger (prim\u00e4r f\u00f6retr\u00e4desr\u00e4tt). Aktier som inte tecknas med prim\u00e4r f\u00f6retr\u00e4desr\u00e4tt ska erbjudas samtliga aktie\u00e4gare till teckning (subsidi\u00e4r<br \/>\nf\u00f6retr\u00e4desr\u00e4tt). Om inte s\u00e5lunda erbjudna aktier r\u00e4cker f\u00f6r den teckning som sker med subsidi\u00e4r f\u00f6retr\u00e4desr\u00e4tt, ska aktierna f\u00f6rdelas mellan tecknarna i f\u00f6rh\u00e5llande<br \/>\ntill det totala antal aktier de f\u00f6rut \u00e4ger i bolaget. I den m\u00e5n detta inte kan ske vad avser viss aktie\/vissa aktier, sker f\u00f6rdelning genom lottning.<\/p>\n<p>Beslutar bolaget att genom kontant- eller kvittningsemission ge ut aktier av endast ett aktieslag, ska samtliga aktie\u00e4gare, oavsett aktieslag, ha f\u00f6retr\u00e4desr\u00e4tt att teckna nya<br \/>\naktier i f\u00f6rh\u00e5llande till det antal aktier som de f\u00f6rut \u00e4ger.<\/p>\n<p>Vad som sagts ovan ska inte inneb\u00e4ra n\u00e5gon inskr\u00e4nkning i m\u00f6jligheten att fatta beslut om kontantemission eller kvittningsemission med avvikelse fr\u00e5n aktie\u00e4gares f\u00f6retr\u00e4desr\u00e4tt.<\/p>\n<p>Vad som f\u00f6reskrivs ovan om aktie\u00e4gares f\u00f6retr\u00e4desr\u00e4tt ska \u00e4ga motsvarande till\u00e4mpning vid emission av teckningsoptioner och konvertibler.<\/p>\n<p>Vid \u00f6kning av aktiekapitalet genom fondemission ska nya aktier emitteras av varje aktieslag i f\u00f6rh\u00e5llande till det antal aktier av samma slag som finns sedan tidigare.<br \/>\nD\u00e4rvid ska gamla aktier av visst aktieslag medf\u00f6ra f\u00f6retr\u00e4desr\u00e4tt till nya aktier av samma aktieslag.<\/p>\n<p>Vad som nu sagts ska inte inneb\u00e4ra n\u00e5gon inskr\u00e4nkning i m\u00f6jligheten att genom fondemission, efter erforderlig \u00e4ndring av bolagsordningen, ge ut aktier av nytt slag.<\/p>\n<p><strong>\u00a77 Omvandlingsf\u00f6rbeh\u00e5ll<\/strong><br \/>\nPreferensaktier ska p\u00e5 beg\u00e4ran av \u00e4gare till s\u00e5dana aktier omvandlas till stamaktier. S\u00e5dan beg\u00e4ran om omvandling kan som senast ske senast den 30 juni 2026. Beg\u00e4ran om omvandling, som ska vara skriftlig och ange det antal preferensaktier som ska omvandlas till stamaktier samt om beg\u00e4ran inte omfattar hela innehavet, vilka preferensaktier omvandlingen avser, ska g\u00f6ras hos styrelsen. Bolaget ska genast anm\u00e4la omvandlingen till Bolagsverket f\u00f6r registrering i aktiebolagsregistret. Omvandlingen \u00e4r verkst\u00e4lld n\u00e4r registrering skett samt antecknats i avst\u00e4mningsregistret.<\/p>\n<p><strong>\u00a78 Inl\u00f6senf\u00f6rbeh\u00e5ll<br \/>\n<\/strong>P\u00e5 beg\u00e4ran av \u00e4gare av preferensaktie, och efter beslut av styrelsen, n\u00e4r bolagets utdelningsbara medel s\u00e5 medger, kan aktiekapitalet i bolaget minskas, dock inte under minimiaktiekapitalet, genom inl\u00f6sen av preferensaktie. S\u00e5dan beg\u00e4ran ska framst\u00e4llas skriftligen, och tidigast den 30 juni 2026, till bolagets styrelse som ska behandla fr\u00e5gan skyndsamt och besluta om s\u00e5dan minskning av aktiekapitalet f\u00f6r det fall utdelningsbara medel s\u00e5 medger. Inl\u00f6senbeloppet ska uppg\u00e5 till ett belopp motsvarande 13,03 kronor per preferensaktie. \u00c4gare av preferensaktie \u00e4ger inte r\u00e4tt till p\u00e5 preferensaktie bel\u00f6pande och inte utbetalat Preferensbelopp efter beg\u00e4ran om inl\u00f6sen av preferensaktie.<\/p>\n<p><strong>\u00a79\u00a0Styrelse och revisorer<\/strong><br \/>\nStyrelsen ska best\u00e5 av minst tre och h\u00f6gst sju ledam\u00f6ter utan suppleanter. En till tv\u00e5 revisorer med eller utan revisorssuppleanter eller ett registrerat revisionsbolag ska utses.<\/p>\n<p><strong>\u00a710 Kallelse till bolagsst\u00e4mma<\/strong><br \/>\nKallelse till bolagsst\u00e4mma ska ske genom annonsering i Post- och Inrikes Tidningar samt p\u00e5 bolagets webbplats. Att kallelse skett ska annonseras i Dagens industri.<\/p>\n<p><strong>\u00a711 Aktie\u00e4gares r\u00e4tt att delta i bolagsst\u00e4mma<\/strong><br \/>\nF\u00f6r att f\u00e5 deltaga p\u00e5 bolagst\u00e4mma ska aktie\u00e4gare anm\u00e4la sig hos bolaget senast den dag som anges i kallelsen till st\u00e4mman. Denna dag f\u00e5r inte vara s\u00f6ndag, annan allm\u00e4n helgdag, l\u00f6rdag, midsommarafton, julafton eller ny\u00e5rsafton och inte infalla tidigare \u00e4n femte vardagen f\u00f6re st\u00e4mman. Aktie\u00e4gare f\u00e5r vid bolagsst\u00e4mma medf\u00f6ra ett eller tv\u00e5 bitr\u00e4den, dock endast om aktie\u00e4garen gjort anm\u00e4lan h\u00e4rom enligt f\u00f6reg\u00e5ende stycke.<\/p>\n<p><strong> \u00a712 R\u00e4kenskaps\u00e5r<\/strong><br \/>\nBolagets r\u00e4kenskaps\u00e5r ska vara kalender\u00e5r.<\/p>\n<p><strong> \u00a713 Avst\u00e4mningsf\u00f6rbeh\u00e5ll<\/strong><br \/>\nBolagets aktier ska vara registrerade i ett avst\u00e4mningsregister enligt lagen (1998:1479) om kontof\u00f6ring av finansiella instrument.<\/p>\n<\/div><\/section><\/div>\n","protected":false},"excerpt":{"rendered":"","protected":false},"author":9,"featured_media":0,"parent":115,"menu_order":5,"comment_status":"closed","ping_status":"closed","template":"","meta":{"footnotes":""},"class_list":["post-1742","page","type-page","status-publish","hentry"],"yoast_head":"<!-- This site is optimized with the Yoast SEO Premium plugin v27.5 (Yoast SEO v27.5) - https:\/\/yoast.com\/product\/yoast-seo-premium-wordpress\/ -->\n<title>Bolagsordning - ScandBook<\/title>\n<meta name=\"description\" content=\"\u00a71 FirmaBolagets firma \u00e4r ScandBook Holding AB. Bolaget \u00e4r publikt (publ). \u00a72 Styrelsens s\u00e4teStyrelsen har sitt s\u00e4te i Falu kommun.\" \/>\n<meta name=\"robots\" content=\"index, follow, max-snippet:-1, max-image-preview:large, max-video-preview:-1\" \/>\n<link rel=\"canonical\" href=\"https:\/\/www.scandbook.com\/sv\/investerare\/bolagsordning\/\" \/>\n<meta property=\"og:locale\" content=\"sv_SE\" \/>\n<meta property=\"og:type\" content=\"article\" \/>\n<meta property=\"og:title\" content=\"Bolagsordning\" \/>\n<meta property=\"og:description\" content=\"\u00a71 FirmaBolagets firma \u00e4r ScandBook Holding AB. Bolaget \u00e4r publikt (publ). \u00a72 Styrelsens s\u00e4teStyrelsen har sitt s\u00e4te i Falu kommun.\" \/>\n<meta property=\"og:url\" content=\"https:\/\/www.scandbook.com\/sv\/investerare\/bolagsordning\/\" \/>\n<meta property=\"og:site_name\" content=\"ScandBook\" \/>\n<meta property=\"article:publisher\" content=\"https:\/\/www.facebook.com\/profile.php?id=100063569394878&amp;sk=about&amp;locale=sv_SE\" \/>\n<meta property=\"article:modified_time\" content=\"2024-02-16T13:00:41+00:00\" \/>\n<meta name=\"twitter:card\" content=\"summary_large_image\" \/>\n<meta name=\"twitter:label1\" content=\"Ber\u00e4knad l\u00e4stid\" \/>\n\t<meta name=\"twitter:data1\" content=\"4 minuter\" \/>\n<script type=\"application\/ld+json\" class=\"yoast-schema-graph\">{\"@context\":\"https:\\\/\\\/schema.org\",\"@graph\":[{\"@type\":\"WebPage\",\"@id\":\"https:\\\/\\\/www.scandbook.com\\\/sv\\\/investerare\\\/bolagsordning\\\/\",\"url\":\"https:\\\/\\\/www.scandbook.com\\\/sv\\\/investerare\\\/bolagsordning\\\/\",\"name\":\"Bolagsordning - ScandBook\",\"isPartOf\":{\"@id\":\"https:\\\/\\\/www.scandbook.com\\\/sv\\\/#website\"},\"datePublished\":\"2016-02-05T14:41:54+00:00\",\"dateModified\":\"2024-02-16T13:00:41+00:00\",\"description\":\"\u00a71 FirmaBolagets firma \u00e4r ScandBook Holding AB. Bolaget \u00e4r publikt (publ). \u00a72 Styrelsens s\u00e4teStyrelsen har sitt s\u00e4te i Falu kommun.\",\"breadcrumb\":{\"@id\":\"https:\\\/\\\/www.scandbook.com\\\/sv\\\/investerare\\\/bolagsordning\\\/#breadcrumb\"},\"inLanguage\":\"sv-SE\",\"potentialAction\":[{\"@type\":\"ReadAction\",\"target\":[\"https:\\\/\\\/www.scandbook.com\\\/sv\\\/investerare\\\/bolagsordning\\\/\"]}]},{\"@type\":\"BreadcrumbList\",\"@id\":\"https:\\\/\\\/www.scandbook.com\\\/sv\\\/investerare\\\/bolagsordning\\\/#breadcrumb\",\"itemListElement\":[{\"@type\":\"ListItem\",\"position\":1,\"name\":\"Home\",\"item\":\"https:\\\/\\\/www.scandbook.com\\\/sv\\\/\"},{\"@type\":\"ListItem\",\"position\":2,\"name\":\"Investerare\",\"item\":\"https:\\\/\\\/www.scandbook.com\\\/sv\\\/investerare\\\/?lang=sv\"},{\"@type\":\"ListItem\",\"position\":3,\"name\":\"Bolagsordning\"}]},{\"@type\":\"WebSite\",\"@id\":\"https:\\\/\\\/www.scandbook.com\\\/sv\\\/#website\",\"url\":\"https:\\\/\\\/www.scandbook.com\\\/sv\\\/\",\"name\":\"ScandBook\",\"description\":\"Skandinaviens ledande bokproducent\",\"publisher\":{\"@id\":\"https:\\\/\\\/www.scandbook.com\\\/sv\\\/#organization\"},\"potentialAction\":[{\"@type\":\"SearchAction\",\"target\":{\"@type\":\"EntryPoint\",\"urlTemplate\":\"https:\\\/\\\/www.scandbook.com\\\/sv\\\/?s={search_term_string}\"},\"query-input\":{\"@type\":\"PropertyValueSpecification\",\"valueRequired\":true,\"valueName\":\"search_term_string\"}}],\"inLanguage\":\"sv-SE\"},{\"@type\":\"Organization\",\"@id\":\"https:\\\/\\\/www.scandbook.com\\\/sv\\\/#organization\",\"name\":\"ScandBook\",\"url\":\"https:\\\/\\\/www.scandbook.com\\\/sv\\\/\",\"logo\":{\"@type\":\"ImageObject\",\"inLanguage\":\"sv-SE\",\"@id\":\"https:\\\/\\\/www.scandbook.com\\\/sv\\\/#\\\/schema\\\/logo\\\/image\\\/\",\"url\":\"https:\\\/\\\/www.scandbook.com\\\/wp-content\\\/uploads\\\/2023\\\/05\\\/scandbook-funding-climate-action.webp\",\"contentUrl\":\"https:\\\/\\\/www.scandbook.com\\\/wp-content\\\/uploads\\\/2023\\\/05\\\/scandbook-funding-climate-action.webp\",\"width\":256,\"height\":88,\"caption\":\"ScandBook\"},\"image\":{\"@id\":\"https:\\\/\\\/www.scandbook.com\\\/sv\\\/#\\\/schema\\\/logo\\\/image\\\/\"},\"sameAs\":[\"https:\\\/\\\/www.facebook.com\\\/profile.php?id=100063569394878&sk=about&locale=sv_SE\",\"https:\\\/\\\/www.linkedin.com\\\/company\\\/scandbook-ab\\\/\"]}]}<\/script>\n<!-- \/ Yoast SEO Premium plugin. -->","yoast_head_json":{"title":"Bolagsordning - ScandBook","description":"\u00a71 FirmaBolagets firma \u00e4r ScandBook Holding AB. Bolaget \u00e4r publikt (publ). \u00a72 Styrelsens s\u00e4teStyrelsen har sitt s\u00e4te i Falu kommun.","robots":{"index":"index","follow":"follow","max-snippet":"max-snippet:-1","max-image-preview":"max-image-preview:large","max-video-preview":"max-video-preview:-1"},"canonical":"https:\/\/www.scandbook.com\/sv\/investerare\/bolagsordning\/","og_locale":"sv_SE","og_type":"article","og_title":"Bolagsordning","og_description":"\u00a71 FirmaBolagets firma \u00e4r ScandBook Holding AB. Bolaget \u00e4r publikt (publ). \u00a72 Styrelsens s\u00e4teStyrelsen har sitt s\u00e4te i Falu kommun.","og_url":"https:\/\/www.scandbook.com\/sv\/investerare\/bolagsordning\/","og_site_name":"ScandBook","article_publisher":"https:\/\/www.facebook.com\/profile.php?id=100063569394878&sk=about&locale=sv_SE","article_modified_time":"2024-02-16T13:00:41+00:00","twitter_card":"summary_large_image","twitter_misc":{"Ber\u00e4knad l\u00e4stid":"4 minuter"},"schema":{"@context":"https:\/\/schema.org","@graph":[{"@type":"WebPage","@id":"https:\/\/www.scandbook.com\/sv\/investerare\/bolagsordning\/","url":"https:\/\/www.scandbook.com\/sv\/investerare\/bolagsordning\/","name":"Bolagsordning - ScandBook","isPartOf":{"@id":"https:\/\/www.scandbook.com\/sv\/#website"},"datePublished":"2016-02-05T14:41:54+00:00","dateModified":"2024-02-16T13:00:41+00:00","description":"\u00a71 FirmaBolagets firma \u00e4r ScandBook Holding AB. Bolaget \u00e4r publikt (publ). \u00a72 Styrelsens s\u00e4teStyrelsen har sitt s\u00e4te i Falu kommun.","breadcrumb":{"@id":"https:\/\/www.scandbook.com\/sv\/investerare\/bolagsordning\/#breadcrumb"},"inLanguage":"sv-SE","potentialAction":[{"@type":"ReadAction","target":["https:\/\/www.scandbook.com\/sv\/investerare\/bolagsordning\/"]}]},{"@type":"BreadcrumbList","@id":"https:\/\/www.scandbook.com\/sv\/investerare\/bolagsordning\/#breadcrumb","itemListElement":[{"@type":"ListItem","position":1,"name":"Home","item":"https:\/\/www.scandbook.com\/sv\/"},{"@type":"ListItem","position":2,"name":"Investerare","item":"https:\/\/www.scandbook.com\/sv\/investerare\/?lang=sv"},{"@type":"ListItem","position":3,"name":"Bolagsordning"}]},{"@type":"WebSite","@id":"https:\/\/www.scandbook.com\/sv\/#website","url":"https:\/\/www.scandbook.com\/sv\/","name":"ScandBook","description":"Skandinaviens ledande bokproducent","publisher":{"@id":"https:\/\/www.scandbook.com\/sv\/#organization"},"potentialAction":[{"@type":"SearchAction","target":{"@type":"EntryPoint","urlTemplate":"https:\/\/www.scandbook.com\/sv\/?s={search_term_string}"},"query-input":{"@type":"PropertyValueSpecification","valueRequired":true,"valueName":"search_term_string"}}],"inLanguage":"sv-SE"},{"@type":"Organization","@id":"https:\/\/www.scandbook.com\/sv\/#organization","name":"ScandBook","url":"https:\/\/www.scandbook.com\/sv\/","logo":{"@type":"ImageObject","inLanguage":"sv-SE","@id":"https:\/\/www.scandbook.com\/sv\/#\/schema\/logo\/image\/","url":"https:\/\/www.scandbook.com\/wp-content\/uploads\/2023\/05\/scandbook-funding-climate-action.webp","contentUrl":"https:\/\/www.scandbook.com\/wp-content\/uploads\/2023\/05\/scandbook-funding-climate-action.webp","width":256,"height":88,"caption":"ScandBook"},"image":{"@id":"https:\/\/www.scandbook.com\/sv\/#\/schema\/logo\/image\/"},"sameAs":["https:\/\/www.facebook.com\/profile.php?id=100063569394878&sk=about&locale=sv_SE","https:\/\/www.linkedin.com\/company\/scandbook-ab\/"]}]}},"_links":{"self":[{"href":"https:\/\/www.scandbook.com\/sv\/wp-json\/wp\/v2\/pages\/1742","targetHints":{"allow":["GET"]}}],"collection":[{"href":"https:\/\/www.scandbook.com\/sv\/wp-json\/wp\/v2\/pages"}],"about":[{"href":"https:\/\/www.scandbook.com\/sv\/wp-json\/wp\/v2\/types\/page"}],"author":[{"embeddable":true,"href":"https:\/\/www.scandbook.com\/sv\/wp-json\/wp\/v2\/users\/9"}],"replies":[{"embeddable":true,"href":"https:\/\/www.scandbook.com\/sv\/wp-json\/wp\/v2\/comments?post=1742"}],"version-history":[{"count":9,"href":"https:\/\/www.scandbook.com\/sv\/wp-json\/wp\/v2\/pages\/1742\/revisions"}],"predecessor-version":[{"id":14589,"href":"https:\/\/www.scandbook.com\/sv\/wp-json\/wp\/v2\/pages\/1742\/revisions\/14589"}],"up":[{"embeddable":true,"href":"https:\/\/www.scandbook.com\/sv\/wp-json\/wp\/v2\/pages\/115"}],"wp:attachment":[{"href":"https:\/\/www.scandbook.com\/sv\/wp-json\/wp\/v2\/media?parent=1742"}],"curies":[{"name":"wp","href":"https:\/\/api.w.org\/{rel}","templated":true}]}}