{"id":1736,"date":"2016-02-05T15:36:39","date_gmt":"2016-02-05T14:36:39","guid":{"rendered":"http:\/\/development.scandbook-internt.se\/?page_id=1736&#038;lang=sv"},"modified":"2026-02-04T12:54:20","modified_gmt":"2026-02-04T11:54:20","slug":"agare","status":"publish","type":"page","link":"https:\/\/www.scandbook.com\/sv\/investerare\/agare\/","title":{"rendered":"\u00c4gare"},"content":{"rendered":"\n\n<style type=\"text\/css\" data-created_by=\"avia_inline_auto\" id=\"style-css-av-2zoht4-17db8b997d027c19cf447cfd2b9c8c5c\">\n.flex_column.av-2zoht4-17db8b997d027c19cf447cfd2b9c8c5c{\nborder-radius:0px 0px 0px 0px;\npadding:0px 0px 0px 0px;\n}\n<\/style>\n<div  class='flex_column av-2zoht4-17db8b997d027c19cf447cfd2b9c8c5c av_one_full  avia-builder-el-1  el_after_av_codeblock  avia-builder-el-last  first flex_column_div av-zero-column-padding  '     ><section  class='av_textblock_section av-jlw9jr33-f7047433af198155e91842ba6a2b7775 '   itemscope=\"itemscope\" itemtype=\"https:\/\/schema.org\/CreativeWork\" ><div class='avia_textblock'  itemprop=\"text\" ><h1>\u00c4gare<\/h1>\n<p>Uppdaterad senast 2026-01-01<br \/>\nBaserat p\u00e5 aktiebok, som h\u00e5lls av Euroclear Sweden AB, per 31 December 2025 och av ScandBook d\u00e4refter k\u00e4nda f\u00f6r\u00e4ndringar.<br \/>\nVid omr\u00f6stning p\u00e5 \u00e5rsst\u00e4mma har stamaktierna r\u00f6stv\u00e4rde 10 och preferensaktierna r\u00f6stv\u00e4rde 1.<\/p>\n<table cellspacing=\"0\" cellpadding=\"0\">\n<colgroup>\n<col width=\"329\" \/>\n<col width=\"87\" \/>\n<col width=\"100\" \/>\n<col width=\"52\" \/>\n<col width=\"84\" \/>\n<col width=\"61\" \/> <\/colgroup>\n<tbody>\n<tr>\n<td width=\"329\"><\/td>\n<td width=\"87\">Antal<\/td>\n<td width=\"100\">Antal<\/td>\n<td width=\"52\">Kapital<\/td>\n<td width=\"61\">R\u00f6ster<\/td>\n<\/tr>\n<tr>\n<td><strong>Namn<\/strong><\/td>\n<td><strong>Stamaktier<\/strong><\/td>\n<td><strong>Preferensaktier<\/strong><\/td>\n<td align=\"right\"><strong> (%)<\/strong><\/td>\n<td align=\"right\"><strong> (%)<\/strong><\/td>\n<\/tr>\n<tr>\n<td>AURIS AS<\/td>\n<td style=\"text-align: right;\">1 177 630<\/td>\n<td align=\"right\">2 148 741<\/td>\n<td align=\"right\">49,3<\/td>\n<td align=\"right\">28,9<\/td>\n<\/tr>\n<tr>\n<td>BRONSST\u00c4DET AB<\/td>\n<td align=\"right\">1 436 622<\/td>\n<td><\/td>\n<td align=\"right\">21,3<\/td>\n<td align=\"right\">29,9<\/td>\n<\/tr>\n<tr>\n<td>SIP 203, YOUPLUS ASSURANCE<\/td>\n<td align=\"right\">391 070<\/td>\n<td><\/td>\n<td align=\"right\">5,8<\/td>\n<td align=\"right\">8,1<\/td>\n<\/tr>\n<tr>\n<td>F\u00d6RS\u00c4KRINGSAKTIEBOLAGET, AVANZA PENSION<\/td>\n<td align=\"right\">372 402<\/td>\n<td><\/td>\n<td align=\"right\">5,5<\/td>\n<td align=\"right\">7,7<\/td>\n<\/tr>\n<tr>\n<td>NILSSON, P\u00c4R<\/td>\n<td align=\"right\">265 732<\/td>\n<td><\/td>\n<td align=\"right\">3,9<\/td>\n<td align=\"right\">5,5<\/td>\n<\/tr>\n<tr>\n<td>NORDNET PENSIONSF\u00d6RS\u00c4KRINGS AB<\/td>\n<td align=\"right\">102 847<\/td>\n<td><\/td>\n<td align=\"right\">1,5<\/td>\n<td align=\"right\">2,1<\/td>\n<\/tr>\n<tr>\n<td>SWEDBANK F\u00d6RS\u00c4KRING<\/td>\n<td align=\"right\">79 443<\/td>\n<td><\/td>\n<td align=\"right\">1,2<\/td>\n<td align=\"right\">1,7<\/td>\n<\/tr>\n<tr>\n<td>THORELL JOHAN<\/td>\n<td align=\"right\">60 150<\/td>\n<td><\/td>\n<td align=\"right\">0,9<\/td>\n<td align=\"right\">1,3<\/td>\n<\/tr>\n<tr>\n<td>LUNDIN LEIF<\/td>\n<td align=\"right\">50 500<\/td>\n<td><\/td>\n<td align=\"right\">0,7<\/td>\n<td align=\"right\">1,0<\/td>\n<\/tr>\n<tr>\n<td>NILSSON, BO<\/td>\n<td align=\"right\">37 441<\/td>\n<td><\/td>\n<td align=\"right\">0,6<\/td>\n<td align=\"right\">0,8<\/td>\n<\/tr>\n<tr>\n<td>\u00d6vriga<\/td>\n<td align=\"right\">622 795<\/td>\n<td align=\"right\"><\/td>\n<td align=\"right\">9,2<\/td>\n<td align=\"right\">12,9<\/td>\n<\/tr>\n<tr>\n<td><strong>Summa<\/strong><\/td>\n<td align=\"right\"><strong>4 596 632<\/strong><\/td>\n<td align=\"right\"><strong>2 148 741<\/strong><\/td>\n<td align=\"right\"><strong>100<\/strong><\/td>\n<td align=\"right\"><strong>100<\/strong><\/td>\n<\/tr>\n<\/tbody>\n<\/table>\n<\/div><\/section><\/div>\n","protected":false},"excerpt":{"rendered":"","protected":false},"author":9,"featured_media":0,"parent":115,"menu_order":9,"comment_status":"closed","ping_status":"closed","template":"","meta":{"footnotes":""},"class_list":["post-1736","page","type-page","status-publish","hentry"],"yoast_head":"<!-- This site is optimized with the Yoast SEO Premium plugin v27.5 (Yoast SEO v27.5) - https:\/\/yoast.com\/product\/yoast-seo-premium-wordpress\/ -->\n<title>\u00c4gare - ScandBook<\/title>\n<meta name=\"description\" content=\"\u00c4gare - Baserat p\u00e5 aktiebok, som h\u00e5lls av Euroclear Sweden AB. Vid omr\u00f6stning p\u00e5 \u00e5rsst\u00e4mma har stamaktierna r\u00f6stv\u00e4rde 10 och preferensaktierna r\u00f6stv\u00e4rde 1.\" \/>\n<meta name=\"robots\" content=\"index, follow, max-snippet:-1, max-image-preview:large, max-video-preview:-1\" \/>\n<link rel=\"canonical\" href=\"https:\/\/www.scandbook.com\/sv\/investerare\/agare\/\" \/>\n<meta property=\"og:locale\" content=\"sv_SE\" \/>\n<meta property=\"og:type\" content=\"article\" \/>\n<meta property=\"og:title\" content=\"\u00c4gare\" \/>\n<meta property=\"og:description\" content=\"\u00c4gare - Baserat p\u00e5 aktiebok, som h\u00e5lls av Euroclear Sweden AB. Vid omr\u00f6stning p\u00e5 \u00e5rsst\u00e4mma har stamaktierna r\u00f6stv\u00e4rde 10 och preferensaktierna r\u00f6stv\u00e4rde 1.\" \/>\n<meta property=\"og:url\" content=\"https:\/\/www.scandbook.com\/sv\/investerare\/agare\/\" \/>\n<meta property=\"og:site_name\" content=\"ScandBook\" \/>\n<meta property=\"article:publisher\" content=\"https:\/\/www.facebook.com\/profile.php?id=100063569394878&amp;sk=about&amp;locale=sv_SE\" \/>\n<meta property=\"article:modified_time\" content=\"2026-02-04T11:54:20+00:00\" \/>\n<meta name=\"twitter:card\" content=\"summary_large_image\" \/>\n<meta name=\"twitter:label1\" content=\"Ber\u00e4knad l\u00e4stid\" \/>\n\t<meta name=\"twitter:data1\" content=\"1 minut\" \/>\n<script type=\"application\/ld+json\" class=\"yoast-schema-graph\">{\"@context\":\"https:\\\/\\\/schema.org\",\"@graph\":[{\"@type\":\"WebPage\",\"@id\":\"https:\\\/\\\/www.scandbook.com\\\/sv\\\/investerare\\\/agare\\\/\",\"url\":\"https:\\\/\\\/www.scandbook.com\\\/sv\\\/investerare\\\/agare\\\/\",\"name\":\"\u00c4gare - ScandBook\",\"isPartOf\":{\"@id\":\"https:\\\/\\\/www.scandbook.com\\\/sv\\\/#website\"},\"datePublished\":\"2016-02-05T14:36:39+00:00\",\"dateModified\":\"2026-02-04T11:54:20+00:00\",\"description\":\"\u00c4gare - Baserat p\u00e5 aktiebok, som h\u00e5lls av Euroclear Sweden AB. Vid omr\u00f6stning p\u00e5 \u00e5rsst\u00e4mma har stamaktierna r\u00f6stv\u00e4rde 10 och preferensaktierna r\u00f6stv\u00e4rde 1.\",\"breadcrumb\":{\"@id\":\"https:\\\/\\\/www.scandbook.com\\\/sv\\\/investerare\\\/agare\\\/#breadcrumb\"},\"inLanguage\":\"sv-SE\",\"potentialAction\":[{\"@type\":\"ReadAction\",\"target\":[\"https:\\\/\\\/www.scandbook.com\\\/sv\\\/investerare\\\/agare\\\/\"]}]},{\"@type\":\"BreadcrumbList\",\"@id\":\"https:\\\/\\\/www.scandbook.com\\\/sv\\\/investerare\\\/agare\\\/#breadcrumb\",\"itemListElement\":[{\"@type\":\"ListItem\",\"position\":1,\"name\":\"Home\",\"item\":\"https:\\\/\\\/www.scandbook.com\\\/sv\\\/\"},{\"@type\":\"ListItem\",\"position\":2,\"name\":\"Investerare\",\"item\":\"https:\\\/\\\/www.scandbook.com\\\/sv\\\/investerare\\\/?lang=sv\"},{\"@type\":\"ListItem\",\"position\":3,\"name\":\"\u00c4gare\"}]},{\"@type\":\"WebSite\",\"@id\":\"https:\\\/\\\/www.scandbook.com\\\/sv\\\/#website\",\"url\":\"https:\\\/\\\/www.scandbook.com\\\/sv\\\/\",\"name\":\"ScandBook\",\"description\":\"Skandinaviens ledande bokproducent\",\"publisher\":{\"@id\":\"https:\\\/\\\/www.scandbook.com\\\/sv\\\/#organization\"},\"potentialAction\":[{\"@type\":\"SearchAction\",\"target\":{\"@type\":\"EntryPoint\",\"urlTemplate\":\"https:\\\/\\\/www.scandbook.com\\\/sv\\\/?s={search_term_string}\"},\"query-input\":{\"@type\":\"PropertyValueSpecification\",\"valueRequired\":true,\"valueName\":\"search_term_string\"}}],\"inLanguage\":\"sv-SE\"},{\"@type\":\"Organization\",\"@id\":\"https:\\\/\\\/www.scandbook.com\\\/sv\\\/#organization\",\"name\":\"ScandBook\",\"url\":\"https:\\\/\\\/www.scandbook.com\\\/sv\\\/\",\"logo\":{\"@type\":\"ImageObject\",\"inLanguage\":\"sv-SE\",\"@id\":\"https:\\\/\\\/www.scandbook.com\\\/sv\\\/#\\\/schema\\\/logo\\\/image\\\/\",\"url\":\"https:\\\/\\\/www.scandbook.com\\\/wp-content\\\/uploads\\\/2023\\\/05\\\/scandbook-funding-climate-action.webp\",\"contentUrl\":\"https:\\\/\\\/www.scandbook.com\\\/wp-content\\\/uploads\\\/2023\\\/05\\\/scandbook-funding-climate-action.webp\",\"width\":256,\"height\":88,\"caption\":\"ScandBook\"},\"image\":{\"@id\":\"https:\\\/\\\/www.scandbook.com\\\/sv\\\/#\\\/schema\\\/logo\\\/image\\\/\"},\"sameAs\":[\"https:\\\/\\\/www.facebook.com\\\/profile.php?id=100063569394878&sk=about&locale=sv_SE\",\"https:\\\/\\\/www.linkedin.com\\\/company\\\/scandbook-ab\\\/\"]}]}<\/script>\n<!-- \/ Yoast SEO Premium plugin. -->","yoast_head_json":{"title":"\u00c4gare - ScandBook","description":"\u00c4gare - Baserat p\u00e5 aktiebok, som h\u00e5lls av Euroclear Sweden AB. Vid omr\u00f6stning p\u00e5 \u00e5rsst\u00e4mma har stamaktierna r\u00f6stv\u00e4rde 10 och preferensaktierna r\u00f6stv\u00e4rde 1.","robots":{"index":"index","follow":"follow","max-snippet":"max-snippet:-1","max-image-preview":"max-image-preview:large","max-video-preview":"max-video-preview:-1"},"canonical":"https:\/\/www.scandbook.com\/sv\/investerare\/agare\/","og_locale":"sv_SE","og_type":"article","og_title":"\u00c4gare","og_description":"\u00c4gare - Baserat p\u00e5 aktiebok, som h\u00e5lls av Euroclear Sweden AB. Vid omr\u00f6stning p\u00e5 \u00e5rsst\u00e4mma har stamaktierna r\u00f6stv\u00e4rde 10 och preferensaktierna r\u00f6stv\u00e4rde 1.","og_url":"https:\/\/www.scandbook.com\/sv\/investerare\/agare\/","og_site_name":"ScandBook","article_publisher":"https:\/\/www.facebook.com\/profile.php?id=100063569394878&sk=about&locale=sv_SE","article_modified_time":"2026-02-04T11:54:20+00:00","twitter_card":"summary_large_image","twitter_misc":{"Ber\u00e4knad l\u00e4stid":"1 minut"},"schema":{"@context":"https:\/\/schema.org","@graph":[{"@type":"WebPage","@id":"https:\/\/www.scandbook.com\/sv\/investerare\/agare\/","url":"https:\/\/www.scandbook.com\/sv\/investerare\/agare\/","name":"\u00c4gare - ScandBook","isPartOf":{"@id":"https:\/\/www.scandbook.com\/sv\/#website"},"datePublished":"2016-02-05T14:36:39+00:00","dateModified":"2026-02-04T11:54:20+00:00","description":"\u00c4gare - Baserat p\u00e5 aktiebok, som h\u00e5lls av Euroclear Sweden AB. Vid omr\u00f6stning p\u00e5 \u00e5rsst\u00e4mma har stamaktierna r\u00f6stv\u00e4rde 10 och preferensaktierna r\u00f6stv\u00e4rde 1.","breadcrumb":{"@id":"https:\/\/www.scandbook.com\/sv\/investerare\/agare\/#breadcrumb"},"inLanguage":"sv-SE","potentialAction":[{"@type":"ReadAction","target":["https:\/\/www.scandbook.com\/sv\/investerare\/agare\/"]}]},{"@type":"BreadcrumbList","@id":"https:\/\/www.scandbook.com\/sv\/investerare\/agare\/#breadcrumb","itemListElement":[{"@type":"ListItem","position":1,"name":"Home","item":"https:\/\/www.scandbook.com\/sv\/"},{"@type":"ListItem","position":2,"name":"Investerare","item":"https:\/\/www.scandbook.com\/sv\/investerare\/?lang=sv"},{"@type":"ListItem","position":3,"name":"\u00c4gare"}]},{"@type":"WebSite","@id":"https:\/\/www.scandbook.com\/sv\/#website","url":"https:\/\/www.scandbook.com\/sv\/","name":"ScandBook","description":"Skandinaviens ledande bokproducent","publisher":{"@id":"https:\/\/www.scandbook.com\/sv\/#organization"},"potentialAction":[{"@type":"SearchAction","target":{"@type":"EntryPoint","urlTemplate":"https:\/\/www.scandbook.com\/sv\/?s={search_term_string}"},"query-input":{"@type":"PropertyValueSpecification","valueRequired":true,"valueName":"search_term_string"}}],"inLanguage":"sv-SE"},{"@type":"Organization","@id":"https:\/\/www.scandbook.com\/sv\/#organization","name":"ScandBook","url":"https:\/\/www.scandbook.com\/sv\/","logo":{"@type":"ImageObject","inLanguage":"sv-SE","@id":"https:\/\/www.scandbook.com\/sv\/#\/schema\/logo\/image\/","url":"https:\/\/www.scandbook.com\/wp-content\/uploads\/2023\/05\/scandbook-funding-climate-action.webp","contentUrl":"https:\/\/www.scandbook.com\/wp-content\/uploads\/2023\/05\/scandbook-funding-climate-action.webp","width":256,"height":88,"caption":"ScandBook"},"image":{"@id":"https:\/\/www.scandbook.com\/sv\/#\/schema\/logo\/image\/"},"sameAs":["https:\/\/www.facebook.com\/profile.php?id=100063569394878&sk=about&locale=sv_SE","https:\/\/www.linkedin.com\/company\/scandbook-ab\/"]}]}},"_links":{"self":[{"href":"https:\/\/www.scandbook.com\/sv\/wp-json\/wp\/v2\/pages\/1736","targetHints":{"allow":["GET"]}}],"collection":[{"href":"https:\/\/www.scandbook.com\/sv\/wp-json\/wp\/v2\/pages"}],"about":[{"href":"https:\/\/www.scandbook.com\/sv\/wp-json\/wp\/v2\/types\/page"}],"author":[{"embeddable":true,"href":"https:\/\/www.scandbook.com\/sv\/wp-json\/wp\/v2\/users\/9"}],"replies":[{"embeddable":true,"href":"https:\/\/www.scandbook.com\/sv\/wp-json\/wp\/v2\/comments?post=1736"}],"version-history":[{"count":55,"href":"https:\/\/www.scandbook.com\/sv\/wp-json\/wp\/v2\/pages\/1736\/revisions"}],"predecessor-version":[{"id":14739,"href":"https:\/\/www.scandbook.com\/sv\/wp-json\/wp\/v2\/pages\/1736\/revisions\/14739"}],"up":[{"embeddable":true,"href":"https:\/\/www.scandbook.com\/sv\/wp-json\/wp\/v2\/pages\/115"}],"wp:attachment":[{"href":"https:\/\/www.scandbook.com\/sv\/wp-json\/wp\/v2\/media?parent=1736"}],"curies":[{"name":"wp","href":"https:\/\/api.w.org\/{rel}","templated":true}]}}