{"id":1726,"date":"2016-02-05T15:25:06","date_gmt":"2016-02-05T14:25:06","guid":{"rendered":"http:\/\/development.scandbook-internt.se\/?page_id=1726&#038;lang=sv"},"modified":"2024-02-16T13:44:43","modified_gmt":"2024-02-16T12:44:43","slug":"risk-och-kanslighet","status":"publish","type":"page","link":"https:\/\/www.scandbook.com\/sv\/investerare\/risk-och-kanslighet\/","title":{"rendered":"Risk och k\u00e4nslighet"},"content":{"rendered":"\n\n<style type=\"text\/css\" data-created_by=\"avia_inline_auto\" id=\"style-css-av-4u5jhq-eea8d39b7dc0a6c99415823d578dbc64\">\n.flex_column.av-4u5jhq-eea8d39b7dc0a6c99415823d578dbc64{\nborder-radius:0px 0px 0px 0px;\npadding:0px 0px 0px 0px;\n}\n<\/style>\n<div  class='flex_column av-4u5jhq-eea8d39b7dc0a6c99415823d578dbc64 av_one_full  avia-builder-el-1  el_after_av_codeblock  avia-builder-el-last  first flex_column_div av-zero-column-padding  '     ><section  class='av_textblock_section av-1zoua6-2d4892128a19d633fadda7e939fe38bd '   itemscope=\"itemscope\" itemtype=\"https:\/\/schema.org\/CreativeWork\" ><div class='avia_textblock'  itemprop=\"text\" ><h1>Risk och k\u00e4nslighet<\/h1>\n<h3>Riskfaktorer<\/h3>\n<p>Investeringar i aktier \u00e4r f\u00f6renade med risktagande och olika faktorer p\u00e5verkar v\u00e4rdet p\u00e5 aktien liksom likviditeten och m\u00f6jligheten att handla i aktien. Innan en investerare beslutar sig f\u00f6r att investera i ScandBooks aktier b\u00f6r innehavaren d\u00e4rf\u00f6r beakta de riskfaktorer som beskrivs nedan samt g\u00f6ra en allm\u00e4n omv\u00e4rldsbed\u00f6mning.<\/p>\n<h3>Produktionsanl\u00e4ggningar<\/h3>\n<p>Verksamheten \u00e4r beroende av ScandBooks produktionsanl\u00e4ggningar. Om n\u00e5gon av dessa f\u00f6rst\u00f6rs, st\u00e4ngs eller om utrustningen i anl\u00e4ggningarna blir allvarligt skadad, kan produktion och distribution av ScandBooks produkter komma att f\u00f6rsv\u00e5ras eller avbrytas.<\/p>\n<h3>Personal<\/h3>\n<p>D\u00e5 det f\u00f6rekommer s\u00e4songsvariationer i efterfr\u00e5gan p\u00e5 ScandBooks produkter \u00e4r det av stor betydelse f\u00f6r ScandBook att Bolaget kan anpassa arbetsstyrkans storlek i f\u00f6rh\u00e5llande till efterfr\u00e5gan genom s\u00e5 kallade visstidsanst\u00e4llningar. Om m\u00f6jligheterna till visstidsanst\u00e4llningar skulle inskr\u00e4nkas genom lag\u00e4ndringar eller p\u00e5 annat s\u00e4tt kan detta f\u00e5 en negativ p\u00e5verkan p\u00e5 Bolagets verksamhet, resultat och finansiella st\u00e4llning.<\/p>\n<h3>F\u00f6rh\u00e5llande till fackf\u00f6rbund<\/h3>\n<p>Cirka 75 procent av ScandBook AB&#8217;s arbetskraft \u00e4r ansluten till och f\u00f6retr\u00e4ds av GS \u2013 fackf\u00f6rbundet f\u00f6r skogs-, tr\u00e4- och grafikbranschen. Ut\u00f6ver dessa \u00e4r ett mindre antal anst\u00e4llda anslutna till tj\u00e4nstemannaf\u00f6rbunden Unionen, Sveriges Ingenj\u00f6rer samt Civilekonomerna. \u00c4ven om Bolaget har en god relation till anst\u00e4llda och fackf\u00f6rbund idag kan det inte uteslutas att problem kan uppst\u00e5 i framtiden<\/p>\n<h3>Skatter och avgifter<\/h3>\n<p>ScandBook bedriver verksamhet i enlighet med g\u00e4llande skattelagstiftning och Skatteverkets krav och best\u00e4mmelser. Det kan emellertid inte uteslutas att Skatteverket i vissa fr\u00e5gor skulle kunna g\u00f6ra en annan bed\u00f6mning \u00e4n den Bolaget har gjort och att ScandBook i s\u00e5dant fall skulle kunna p\u00e5f\u00f6ras tillkommande skatt, sociala avgifter och skattetill\u00e4gg, vilket skulle kunna f\u00e5 en negativ inverkan p\u00e5 Bolagets resultat och finansiella st\u00e4llning.<\/p>\n<h3>Bel\u00e5nings- och r\u00e4nterisk<\/h3>\n<p>Bolaget avser att \u00e4ven forts\u00e4ttningsvis finansiera viss del av verksamheten genom att ta upp l\u00e5n fr\u00e5n kreditinstitut. L\u00e5neavtal inneh\u00e5ller villkor med restriktioner f\u00f6r Bolaget (s.k. covenants). Bel\u00e5ning inneb\u00e4r vissa risker f\u00f6r Bolagets aktie\u00e4gare. Bland annat skulle Bolaget, vid kraftigt f\u00f6r\u00e4ndrade omst\u00e4ndigheter p\u00e5 Bolagets marknader, kunna f\u00e5 problem att teckna nya kreditfaciliteter och d\u00e4rmed beh\u00f6va anv\u00e4nda en st\u00f6rre del av kassafl\u00f6det f\u00f6r r\u00e4ntebetalningar och amorteringar.<\/p>\n<h3>Valutarisk<\/h3>\n<p>Vid handel och transaktioner med leverant\u00f6rer och kunder uppst\u00e5r en transaktionsrisk om betalning sker i utl\u00e4ndsk valuta. ScandBooks internationella verksamhet inneb\u00e4r f\u00f6rs\u00e4ljning i olika valutor och d\u00e4rmed valutariskexponering. Valutarisken \u00e4r fr\u00e4mst gentemot euro, norska kronor och danska kronor.<\/p>\n<h3>Framtida kapitalbehov<\/h3>\n<p>Det kan inte uteslutas att kapital kan komma att beh\u00f6va anskaffas f\u00f6r att finansiera ScandBooks framtida verksamhet och fortsatta expansion. Detta kan komma att ske i ett marknadsl\u00e4ge som \u00e4r mindre gynnsamt \u00e4n idag. Om Bolaget skaffar finansiering genom att emittera aktier eller aktierelaterade instrument kan Bolagets aktie\u00e4gare komma att drabbas av utsp\u00e4dning medan skuldfinansiering, om s\u00e5dan \u00e4r tillg\u00e4nglig f\u00f6r Bolaget, kan inneh\u00e5lla begr\u00e4nsande villkor som kan inskr\u00e4nka Bolagets flexibilitet.<\/p>\n<h3>Kundkoncentration och kundberoende<\/h3>\n<p>En stor del av ScandBooks oms\u00e4ttning h\u00e4rr\u00f6r fr\u00e5n ett begr\u00e4nsat antal kundgrupperingar bland de st\u00f6rre nordiska f\u00f6rlagen. Med n\u00e5gra av dessa har ScandBook tecknat ramavtal, som dock inte inneh\u00e5ller n\u00e5gra volymutf\u00e4stelser eller best\u00e4mmelser om exklusivitet. ScandBook \u00e4r d\u00e4rf\u00f6r beroende av att l\u00e5ngvariga upparbetade relationer till dessa st\u00f6rre kunder vidmakth\u00e5lls.<\/p>\n<h3>Dominerande st\u00e4llning<\/h3>\n<p>Det kan inte uteslutas att ScandBook i konkurrensr\u00e4ttsligt h\u00e4nseende kan anses ha en dominerande st\u00e4llning p\u00e5 en eller flera marknader. Om ScandBook skulle anses ha en dominerande st\u00e4llning p\u00e5 n\u00e5gon marknad, skulle den konkurrensr\u00e4ttsliga regleringen medf\u00f6ra krav och begr\u00e4nsningar med avseende p\u00e5 ScandBook avtal och aff\u00e4rsm\u00e4ssiga arrangemang med sina kunder.<\/p>\n<h3>Konkurrenter<\/h3>\n<p>ScandBook agerar p\u00e5 en internationell marknad och har idag flera konkurrenter p\u00e5 sina delmarknader. De flesta konkurrerande bokproducenter \u00e4gs av stora mediegrupper och har ofta genom sina \u00e4gare betydligt st\u00f6rre finansiella och industriella resurser till sitt f\u00f6rfogande \u00e4n ScandBook. Konkurrensen kan \u00e4ven komma att \u00f6ka ytterligare i takt med att nya f\u00f6retag etablerar sig.<\/p>\n<h3>Konjunkturberoende<\/h3>\n<p>Produktionen av b\u00f6cker \u00e4r fr\u00e4mst driven av hur stora volymer som s\u00e4ljs i konsumentledet. Bokf\u00f6rs\u00e4ljningen i Sverige har historiskt varit starkt korrelerad till hush\u00e5llens konsumtion, varvid konsumtionen av b\u00f6cker har representerat cirka 0,5 procent av hush\u00e5llens totala konsumtion under de senaste fem \u00e5ren. En negativ konjunkturutveckling, med minskad disponibel inkomst f\u00f6r hush\u00e5llen som f\u00f6ljd, kan f\u00f6ljaktligen medf\u00f6ra en negativ inverkan p\u00e5 bokmarknaden.<\/p>\n<h3>Teknologiutveckling och nya beteendem\u00f6nster<\/h3>\n<p>ScandBook f\u00f6ljer noga utvecklingen av nya, medieformat, s\u00e5som exempelvis ljudb\u00f6cker och e-b\u00f6cker och den d\u00e4rtill f\u00f6rknippade utvecklingen av medieb\u00e4rare s\u00e5som l\u00e4splattor. Det \u00e4r sv\u00e5rt att f\u00f6ruts\u00e4ga i vilken omfattning nya medieformat och dess b\u00e4rare kan komma att konkurrera med den tryckta sk\u00f6nlitter\u00e4ra boken i framtiden.<\/p>\n<\/div><\/section><\/div>\n","protected":false},"excerpt":{"rendered":"","protected":false},"author":9,"featured_media":0,"parent":115,"menu_order":21,"comment_status":"closed","ping_status":"closed","template":"","meta":{"footnotes":""},"class_list":["post-1726","page","type-page","status-publish","hentry"],"yoast_head":"<!-- This site is optimized with the Yoast SEO Premium plugin v27.5 (Yoast SEO v27.5) - https:\/\/yoast.com\/product\/yoast-seo-premium-wordpress\/ -->\n<title>Risk och k\u00e4nslighet - ScandBook<\/title>\n<meta name=\"description\" content=\"Riskfaktorer - Investeringar i aktier \u00e4r f\u00f6renade med risktagande och olika faktorer p\u00e5verkar v\u00e4rdet p\u00e5 aktien liksom likviditeten och m\u00f6jligheten att handla i aktien.\" \/>\n<meta name=\"robots\" content=\"index, follow, max-snippet:-1, max-image-preview:large, max-video-preview:-1\" \/>\n<link rel=\"canonical\" href=\"https:\/\/www.scandbook.com\/sv\/investerare\/risk-och-kanslighet\/\" \/>\n<meta property=\"og:locale\" content=\"sv_SE\" \/>\n<meta property=\"og:type\" content=\"article\" \/>\n<meta property=\"og:title\" content=\"Risk och k\u00e4nslighet\" \/>\n<meta property=\"og:description\" content=\"Riskfaktorer - Investeringar i aktier \u00e4r f\u00f6renade med risktagande och olika faktorer p\u00e5verkar v\u00e4rdet p\u00e5 aktien liksom likviditeten och m\u00f6jligheten att handla i aktien.\" \/>\n<meta property=\"og:url\" content=\"https:\/\/www.scandbook.com\/sv\/investerare\/risk-och-kanslighet\/\" \/>\n<meta property=\"og:site_name\" content=\"ScandBook\" \/>\n<meta property=\"article:publisher\" content=\"https:\/\/www.facebook.com\/profile.php?id=100063569394878&amp;sk=about&amp;locale=sv_SE\" \/>\n<meta property=\"article:modified_time\" content=\"2024-02-16T12:44:43+00:00\" \/>\n<meta name=\"twitter:card\" content=\"summary_large_image\" \/>\n<meta name=\"twitter:label1\" content=\"Ber\u00e4knad l\u00e4stid\" \/>\n\t<meta name=\"twitter:data1\" content=\"4 minuter\" \/>\n<script type=\"application\/ld+json\" class=\"yoast-schema-graph\">{\"@context\":\"https:\\\/\\\/schema.org\",\"@graph\":[{\"@type\":\"WebPage\",\"@id\":\"https:\\\/\\\/www.scandbook.com\\\/sv\\\/investerare\\\/risk-och-kanslighet\\\/\",\"url\":\"https:\\\/\\\/www.scandbook.com\\\/sv\\\/investerare\\\/risk-och-kanslighet\\\/\",\"name\":\"Risk och k\u00e4nslighet - ScandBook\",\"isPartOf\":{\"@id\":\"https:\\\/\\\/www.scandbook.com\\\/sv\\\/#website\"},\"datePublished\":\"2016-02-05T14:25:06+00:00\",\"dateModified\":\"2024-02-16T12:44:43+00:00\",\"description\":\"Riskfaktorer - Investeringar i aktier \u00e4r f\u00f6renade med risktagande och olika faktorer p\u00e5verkar v\u00e4rdet p\u00e5 aktien liksom likviditeten och m\u00f6jligheten att handla i aktien.\",\"breadcrumb\":{\"@id\":\"https:\\\/\\\/www.scandbook.com\\\/sv\\\/investerare\\\/risk-och-kanslighet\\\/#breadcrumb\"},\"inLanguage\":\"sv-SE\",\"potentialAction\":[{\"@type\":\"ReadAction\",\"target\":[\"https:\\\/\\\/www.scandbook.com\\\/sv\\\/investerare\\\/risk-och-kanslighet\\\/\"]}]},{\"@type\":\"BreadcrumbList\",\"@id\":\"https:\\\/\\\/www.scandbook.com\\\/sv\\\/investerare\\\/risk-och-kanslighet\\\/#breadcrumb\",\"itemListElement\":[{\"@type\":\"ListItem\",\"position\":1,\"name\":\"Home\",\"item\":\"https:\\\/\\\/www.scandbook.com\\\/sv\\\/\"},{\"@type\":\"ListItem\",\"position\":2,\"name\":\"Investerare\",\"item\":\"https:\\\/\\\/www.scandbook.com\\\/sv\\\/investerare\\\/?lang=sv\"},{\"@type\":\"ListItem\",\"position\":3,\"name\":\"Risk och k\u00e4nslighet\"}]},{\"@type\":\"WebSite\",\"@id\":\"https:\\\/\\\/www.scandbook.com\\\/sv\\\/#website\",\"url\":\"https:\\\/\\\/www.scandbook.com\\\/sv\\\/\",\"name\":\"ScandBook\",\"description\":\"Skandinaviens ledande bokproducent\",\"publisher\":{\"@id\":\"https:\\\/\\\/www.scandbook.com\\\/sv\\\/#organization\"},\"potentialAction\":[{\"@type\":\"SearchAction\",\"target\":{\"@type\":\"EntryPoint\",\"urlTemplate\":\"https:\\\/\\\/www.scandbook.com\\\/sv\\\/?s={search_term_string}\"},\"query-input\":{\"@type\":\"PropertyValueSpecification\",\"valueRequired\":true,\"valueName\":\"search_term_string\"}}],\"inLanguage\":\"sv-SE\"},{\"@type\":\"Organization\",\"@id\":\"https:\\\/\\\/www.scandbook.com\\\/sv\\\/#organization\",\"name\":\"ScandBook\",\"url\":\"https:\\\/\\\/www.scandbook.com\\\/sv\\\/\",\"logo\":{\"@type\":\"ImageObject\",\"inLanguage\":\"sv-SE\",\"@id\":\"https:\\\/\\\/www.scandbook.com\\\/sv\\\/#\\\/schema\\\/logo\\\/image\\\/\",\"url\":\"https:\\\/\\\/www.scandbook.com\\\/wp-content\\\/uploads\\\/2023\\\/05\\\/scandbook-funding-climate-action.webp\",\"contentUrl\":\"https:\\\/\\\/www.scandbook.com\\\/wp-content\\\/uploads\\\/2023\\\/05\\\/scandbook-funding-climate-action.webp\",\"width\":256,\"height\":88,\"caption\":\"ScandBook\"},\"image\":{\"@id\":\"https:\\\/\\\/www.scandbook.com\\\/sv\\\/#\\\/schema\\\/logo\\\/image\\\/\"},\"sameAs\":[\"https:\\\/\\\/www.facebook.com\\\/profile.php?id=100063569394878&sk=about&locale=sv_SE\",\"https:\\\/\\\/www.linkedin.com\\\/company\\\/scandbook-ab\\\/\"]}]}<\/script>\n<!-- \/ Yoast SEO Premium plugin. -->","yoast_head_json":{"title":"Risk och k\u00e4nslighet - ScandBook","description":"Riskfaktorer - Investeringar i aktier \u00e4r f\u00f6renade med risktagande och olika faktorer p\u00e5verkar v\u00e4rdet p\u00e5 aktien liksom likviditeten och m\u00f6jligheten att handla i aktien.","robots":{"index":"index","follow":"follow","max-snippet":"max-snippet:-1","max-image-preview":"max-image-preview:large","max-video-preview":"max-video-preview:-1"},"canonical":"https:\/\/www.scandbook.com\/sv\/investerare\/risk-och-kanslighet\/","og_locale":"sv_SE","og_type":"article","og_title":"Risk och k\u00e4nslighet","og_description":"Riskfaktorer - Investeringar i aktier \u00e4r f\u00f6renade med risktagande och olika faktorer p\u00e5verkar v\u00e4rdet p\u00e5 aktien liksom likviditeten och m\u00f6jligheten att handla i aktien.","og_url":"https:\/\/www.scandbook.com\/sv\/investerare\/risk-och-kanslighet\/","og_site_name":"ScandBook","article_publisher":"https:\/\/www.facebook.com\/profile.php?id=100063569394878&sk=about&locale=sv_SE","article_modified_time":"2024-02-16T12:44:43+00:00","twitter_card":"summary_large_image","twitter_misc":{"Ber\u00e4knad l\u00e4stid":"4 minuter"},"schema":{"@context":"https:\/\/schema.org","@graph":[{"@type":"WebPage","@id":"https:\/\/www.scandbook.com\/sv\/investerare\/risk-och-kanslighet\/","url":"https:\/\/www.scandbook.com\/sv\/investerare\/risk-och-kanslighet\/","name":"Risk och k\u00e4nslighet - ScandBook","isPartOf":{"@id":"https:\/\/www.scandbook.com\/sv\/#website"},"datePublished":"2016-02-05T14:25:06+00:00","dateModified":"2024-02-16T12:44:43+00:00","description":"Riskfaktorer - Investeringar i aktier \u00e4r f\u00f6renade med risktagande och olika faktorer p\u00e5verkar v\u00e4rdet p\u00e5 aktien liksom likviditeten och m\u00f6jligheten att handla i aktien.","breadcrumb":{"@id":"https:\/\/www.scandbook.com\/sv\/investerare\/risk-och-kanslighet\/#breadcrumb"},"inLanguage":"sv-SE","potentialAction":[{"@type":"ReadAction","target":["https:\/\/www.scandbook.com\/sv\/investerare\/risk-och-kanslighet\/"]}]},{"@type":"BreadcrumbList","@id":"https:\/\/www.scandbook.com\/sv\/investerare\/risk-och-kanslighet\/#breadcrumb","itemListElement":[{"@type":"ListItem","position":1,"name":"Home","item":"https:\/\/www.scandbook.com\/sv\/"},{"@type":"ListItem","position":2,"name":"Investerare","item":"https:\/\/www.scandbook.com\/sv\/investerare\/?lang=sv"},{"@type":"ListItem","position":3,"name":"Risk och k\u00e4nslighet"}]},{"@type":"WebSite","@id":"https:\/\/www.scandbook.com\/sv\/#website","url":"https:\/\/www.scandbook.com\/sv\/","name":"ScandBook","description":"Skandinaviens ledande bokproducent","publisher":{"@id":"https:\/\/www.scandbook.com\/sv\/#organization"},"potentialAction":[{"@type":"SearchAction","target":{"@type":"EntryPoint","urlTemplate":"https:\/\/www.scandbook.com\/sv\/?s={search_term_string}"},"query-input":{"@type":"PropertyValueSpecification","valueRequired":true,"valueName":"search_term_string"}}],"inLanguage":"sv-SE"},{"@type":"Organization","@id":"https:\/\/www.scandbook.com\/sv\/#organization","name":"ScandBook","url":"https:\/\/www.scandbook.com\/sv\/","logo":{"@type":"ImageObject","inLanguage":"sv-SE","@id":"https:\/\/www.scandbook.com\/sv\/#\/schema\/logo\/image\/","url":"https:\/\/www.scandbook.com\/wp-content\/uploads\/2023\/05\/scandbook-funding-climate-action.webp","contentUrl":"https:\/\/www.scandbook.com\/wp-content\/uploads\/2023\/05\/scandbook-funding-climate-action.webp","width":256,"height":88,"caption":"ScandBook"},"image":{"@id":"https:\/\/www.scandbook.com\/sv\/#\/schema\/logo\/image\/"},"sameAs":["https:\/\/www.facebook.com\/profile.php?id=100063569394878&sk=about&locale=sv_SE","https:\/\/www.linkedin.com\/company\/scandbook-ab\/"]}]}},"_links":{"self":[{"href":"https:\/\/www.scandbook.com\/sv\/wp-json\/wp\/v2\/pages\/1726","targetHints":{"allow":["GET"]}}],"collection":[{"href":"https:\/\/www.scandbook.com\/sv\/wp-json\/wp\/v2\/pages"}],"about":[{"href":"https:\/\/www.scandbook.com\/sv\/wp-json\/wp\/v2\/types\/page"}],"author":[{"embeddable":true,"href":"https:\/\/www.scandbook.com\/sv\/wp-json\/wp\/v2\/users\/9"}],"replies":[{"embeddable":true,"href":"https:\/\/www.scandbook.com\/sv\/wp-json\/wp\/v2\/comments?post=1726"}],"version-history":[{"count":5,"href":"https:\/\/www.scandbook.com\/sv\/wp-json\/wp\/v2\/pages\/1726\/revisions"}],"predecessor-version":[{"id":12828,"href":"https:\/\/www.scandbook.com\/sv\/wp-json\/wp\/v2\/pages\/1726\/revisions\/12828"}],"up":[{"embeddable":true,"href":"https:\/\/www.scandbook.com\/sv\/wp-json\/wp\/v2\/pages\/115"}],"wp:attachment":[{"href":"https:\/\/www.scandbook.com\/sv\/wp-json\/wp\/v2\/media?parent=1726"}],"curies":[{"name":"wp","href":"https:\/\/api.w.org\/{rel}","templated":true}]}}