{"id":1708,"date":"2016-02-05T15:09:05","date_gmt":"2016-02-05T14:09:05","guid":{"rendered":"http:\/\/development.scandbook-internt.se\/?page_id=1708&#038;lang=sv"},"modified":"2026-02-12T15:05:47","modified_gmt":"2026-02-12T14:05:47","slug":"bolagsstyrning","status":"publish","type":"page","link":"https:\/\/www.scandbook.com\/sv\/investerare\/bolagsstyrning\/","title":{"rendered":"Bolagsstyrning"},"content":{"rendered":"\n\n<style type=\"text\/css\" data-created_by=\"avia_inline_auto\" id=\"style-css-av-9f8m3g-851fdd750b8e26fbebef021631f14003\">\n.flex_column.av-9f8m3g-851fdd750b8e26fbebef021631f14003{\nborder-radius:0px 0px 0px 0px;\npadding:0px 0px 0px 0px;\n}\n<\/style>\n<div  class='flex_column av-9f8m3g-851fdd750b8e26fbebef021631f14003 av_one_full  avia-builder-el-1  el_after_av_codeblock  el_before_av_two_third  first flex_column_div av-zero-column-padding  '     ><section  class='av_textblock_section av-6xwirw-7db8550a8934a191ed384453bffe68ba '   itemscope=\"itemscope\" itemtype=\"https:\/\/schema.org\/CreativeWork\" ><div class='avia_textblock'  itemprop=\"text\" ><h1>Bolagsstyrning<\/h1>\n<\/div><\/section><\/div>\n\n<style type=\"text\/css\" data-created_by=\"avia_inline_auto\" id=\"style-css-av-55ohr0-6770a5ab24403c0ca0058ead6143f078\">\n.flex_column.av-55ohr0-6770a5ab24403c0ca0058ead6143f078{\nborder-radius:0px 0px 0px 0px;\npadding:0px 0px 0px 0px;\n}\n<\/style>\n<div  class='flex_column av-55ohr0-6770a5ab24403c0ca0058ead6143f078 av_two_third  avia-builder-el-3  el_after_av_one_full  el_before_av_one_third  first flex_column_div av-zero-column-padding  column-top-margin'     ><section  class='av_textblock_section av-l45l5zwr-7d95cf3f7f57b9e74cd96a1a20d174e4 '   itemscope=\"itemscope\" itemtype=\"https:\/\/schema.org\/CreativeWork\" ><div class='avia_textblock'  itemprop=\"text\" ><h3><strong>Legal struktur<\/strong><\/h3>\n<p>ScandBook-koncernen best\u00e5r av moderbolaget ScandBook Holding AB samt de r\u00f6relsedrivande dotterbolagen ScandBook AB (100%), ScandBook UAB i Litauen (99,97%) och N\u00f6rhaven Book A\/S\u00a0 (100%) samt Bjerringholm Ejendomme ApS (100%) i Danmark. Moderbolaget har tv\u00e5 anst\u00e4llda. ScandBooks bolagsorgan best\u00e5r av bolagsst\u00e4mman, styrelsen, verkst\u00e4llande direkt\u00f6ren och revisorerna. Vid \u00e5rsst\u00e4mman utser aktie\u00e4garna styrelse och revisorer. Styrelsen tills\u00e4tter verkst\u00e4llande direkt\u00f6ren. Revisorerna granskar \u00e5rsredovisningen samt styrelsens och verkst\u00e4llande direkt\u00f6rens f\u00f6rvaltning. Valberedningen har bland annat till uppgift att f\u00f6resl\u00e5 styrelseledam\u00f6ter och revisor f\u00f6r val vid bolagsst\u00e4mman.<\/p>\n<h3>Bolagsst\u00e4mman<\/h3>\n<p>Bolagsst\u00e4mman \u00e4r ScandBooks h\u00f6gsta beslutande organ. Vid den ordinarie bolagsst\u00e4mman som h\u00e5lls inom sex m\u00e5nader efter r\u00e4kenskaps\u00e5rets utg\u00e5ng (\u00e5rsst\u00e4mman) fastst\u00e4lls resultat- och balansr\u00e4kningar, beslutas om utdelning, v\u00e4ljs styrelse och i f\u00f6rekommande fall revisorer och fastst\u00e4lls deras arvode, behandlas andra lagstadgade \u00e4renden samt fattas beslut r\u00f6rande f\u00f6rslag fr\u00e5n styrelsen och aktie\u00e4gare.<\/p>\n<h3>Valberedningen<\/h3>\n<p>Valberedningens uppgift \u00e4r att inf\u00f6r \u00e5rsst\u00e4mman l\u00e4mna f\u00f6rslag avseende bland annat ordf\u00f6randen och \u00f6vriga ledam\u00f6ter i styrelsen, styrelsearvoden samt i f\u00f6rekommande fall, revisorer. Vid \u00e5rsst\u00e4mman 2025 beslutades att valberedningen inf\u00f6r \u00e5rsst\u00e4mman 2026 skall utg\u00f6ras av representanter f\u00f6r de tre r\u00f6stm\u00e4ssigt st\u00f6rsta aktie\u00e4garna (\u00e4gargrupperade), baserat p\u00e5 \u00e4garuppgifter i enlighet med Euroclear Sweden AB:s register per 31 augusti 2025, samt styrelsens ordf\u00f6rande. Sammans\u00e4ttningen av valberedningen skall offentligg\u00f6ras s\u00e5 snart den \u00e4r utsedd, dock senast sex m\u00e5nader f\u00f6re \u00e5rsst\u00e4mman 2026. ScandBook betalar inte n\u00e5gon ers\u00e4ttning till valberedningens ledam\u00f6ter. Inf\u00f6r \u00e5rsst\u00e4mman <strong>2026 <\/strong>\u00e4r sammans\u00e4ttningen f\u00f6ljande:<br \/>\n<strong>H\u00e5vard Grjotheim<\/strong>, styrelsens ordf\u00f6rande och kontaktperson, telefon: +47 908 28 564.<br \/>\n<strong>Henrik Austgulen, <\/strong>representant f\u00f6r Auris AS, telefon: +47 4153 2311 .<br \/>\n<strong>Carina Heilborn<\/strong>, representant f\u00f6r Bronsst\u00e4det AB, telefon: 08 \u2013 120 510 12.<br \/>\n<strong>P\u00e4r Nilsson<\/strong>, telefon: 070-677\u00a047 44\u00a0.<br \/>\nValberedningen kan n\u00e5s \u00e4ven via\u00a0 ScandBook Holding AB, Att: Valberedningen, Box 734, 791 29 FALUN.<\/p>\n<h3>Styrelsens uppgifter och arbete<\/h3>\n<p>Styrelsen \u00e4r ScandBooks h\u00f6gsta f\u00f6rvaltande organ och ytterst ansvarig f\u00f6r Bolagets organisation och f\u00f6rvaltningen av Bolagets angel\u00e4genheter. Styrelsens ledam\u00f6ter v\u00e4ljs av bolagsst\u00e4mman f\u00f6r ett \u00e5r i taget. Styrelsens arbete regleras av en av styrelsen fastst\u00e4lld arbetsordning. Styrelsen har \u00e4ven beslutat om instruktioner till den verkst\u00e4llande direkt\u00f6ren och om instruktioner r\u00f6rande den ekonomiska rapporteringen till styrelsen. ScandBooks bolagsst\u00e4mmovalda styrelseledam\u00f6ter \u00e4r H\u00e5vard Grjotheim (ordf\u00f6rande) (utsedd av styrelsen), Henrik Austgulen, Carina Heilborn och P\u00e4r Nilsson. Arbetstagarrepresentant i styrelsen \u00e4r Nicklas Einarsson (ledamot).<\/p>\n<h3>Kommitt\u00e9er f\u00f6r revisions- och ers\u00e4ttningsfr\u00e5gor<\/h3>\n<p>Styrelsen har inte inr\u00e4ttat n\u00e5gon revisions-eller ers\u00e4ttningskommitt\u00e9 d\u00e5 fr\u00e5gor som normalt behandlas av s\u00e5dana kommitt\u00e9er, med beaktande av Bolagets storlek och verksamhetens omfattning, \u00e4r av s\u00e5dan betydelse att de b\u00f6r beredas och beslutas av styrelsen i sin helhet och att detta kan ske utan ol\u00e4genhet. Bolagets revisor rapporterar s\u00e5ledes till hela styrelsen om sina iakttagelser fr\u00e5n granskningen av bokslut och sin bed\u00f6mning av Bolagets interna kontroll.<\/p>\n<h3>Verkst\u00e4llande direkt\u00f6ren<\/h3>\n<p>Den verkst\u00e4llande direkt\u00f6ren ansvarar f\u00f6r den l\u00f6pande f\u00f6rvaltningen och den dagliga driften av Bolaget enligt styrelsens riktlinjer och anvisningar. Arbetsf\u00f6rdelningen mellan styrelsen och verkst\u00e4llande direkt\u00f6ren har fastlagts i av styrelsen beslutade skriftliga instruktioner. Paulius Juska \u00e4r ScandBooks verkst\u00e4llande direkt\u00f6r.<\/p>\n<h3>Riktlinjer f\u00f6r ers\u00e4ttning till ledande befattningshavare<\/h3>\n<p>Vid \u00e5rsst\u00e4mma i ScandBook 2025 beslutades om riktlinjer f\u00f6r best\u00e4mmande av l\u00f6n och annan ers\u00e4ttning till den verkst\u00e4llande direkt\u00f6ren och \u00f6vriga ledande befattningshavare med i huvudsak f\u00f6ljande inneh\u00e5ll. Ers\u00e4ttning till ledande befattningshavare kan utg\u00f6ras av fast l\u00f6n, r\u00f6rlig l\u00f6n och \u00f6vriga f\u00f6rm\u00e5ner samt pension. Den sammanlagda ers\u00e4ttningen skall vara marknadsm\u00e4ssig och konkurrenskraftig samt st\u00e5 i relation till befattning, prestation, ansvar och befogenheter. Den r\u00f6rliga l\u00f6nen skall utg\u00f6ras av resultatbaserad ers\u00e4ttning och baseras p\u00e5 i f\u00f6rhand uppsatta och v\u00e4l definierade m\u00e5l. Den r\u00f6rliga l\u00f6nen skall vara maximerad och aldrig \u00f6verstiga den fasta l\u00f6nen. Den skall inte heller vara pensionsgrundande om detta inte godk\u00e4nts av styrelsen. Upps\u00e4gningsl\u00f6n och avg\u00e5ngsvederlag skall sammantaget inte \u00f6verstiga 12 m\u00e5nader f\u00f6r befattningshavarna. Anst\u00e4llningsavtal b\u00f6r inte inneh\u00e5lla villkor om avg\u00e5ngsvederlag, s\u00e5vida detta inte godk\u00e4nts av styrelsen. Pensionsf\u00f6rm\u00e5ner skall vara antingen f\u00f6rm\u00e5ns- eller avgiftsbest\u00e4mda eller en kombination d\u00e4rav. Ut\u00f6ver ovan angiven ers\u00e4ttning kan tillkomma fr\u00e5n tid till annan beslutade aktie- eller aktiekursrelaterade incitamentsprogram.<\/p>\n<h3>Revisorer<\/h3>\n<p>Vid bolagsst\u00e4mma i ScandBook 2025 uts\u00e5gs Grant Thornton AB, med Ida Sparrfeldt som huvudansvarig revisor, till revisor i Bolaget till utg\u00e5ngen av \u00e5rsst\u00e4mman 2025. <strong>Svensk kod f\u00f6r bolagsstyrning<\/strong> (\u201dKoden\u201d) skall till\u00e4mpas av alla svenska bolag, vars aktier \u00e4r upptagna till handel p\u00e5 en svensk reglerad marknad. ScandBook, vars aktier handlas p\u00e5 First North (som inte \u00e4r en reglerad marknad), omfattas f\u00f6ljaktligen inte av detta krav och till\u00e4mpar d\u00e4rf\u00f6r f\u00f6r n\u00e4rvarande inte Koden. ScandBooks styrelse kommer dock att h\u00e5lla sig underr\u00e4ttad om den praxis som skapas och avser att till\u00e4mpa koden i de stycken den kan anses vara relevant f\u00f6r Bolaget och dess aktie\u00e4gare.<\/p>\n<\/div><\/section><\/div>\n<style type=\"text\/css\" data-created_by=\"avia_inline_auto\" id=\"style-css-av-3kfvng-6ad0e48145f8f4118181b12171c6291b\">\n.flex_column.av-3kfvng-6ad0e48145f8f4118181b12171c6291b{\nborder-radius:0px 0px 0px 0px;\npadding:0px 0px 0px 0px;\n}\n<\/style>\n<div  class='flex_column av-3kfvng-6ad0e48145f8f4118181b12171c6291b av_one_third  avia-builder-el-5  el_after_av_two_third  avia-builder-el-last  flex_column_div av-zero-column-padding  column-top-margin'     ><section  class='av_textblock_section av-2szky4-46819597d4b6a93238ff292a435887f6 '   itemscope=\"itemscope\" itemtype=\"https:\/\/schema.org\/CreativeWork\" ><div class='avia_textblock'  itemprop=\"text\" ><h3>Codes of Conduct<\/h3>\n<p><a href=\"https:\/\/www.scandbook.com\/wp-content\/uploads\/2023\/03\/SB_Code_of_Conduct-1.pdf\" target=\"\">\u00bb Code of Conduct<\/a><br \/>\n<a href=\"https:\/\/www.scandbook.com\/wp-content\/uploads\/2023\/03\/SB_Suppliers_code_of_conduct-1.pdf\" target=\"\">\u00bb Suppliers code of Conduct<\/a><\/p>\n<\/div><\/section><\/div><\/p>\n","protected":false},"excerpt":{"rendered":"","protected":false},"author":9,"featured_media":0,"parent":115,"menu_order":11,"comment_status":"closed","ping_status":"closed","template":"","meta":{"footnotes":""},"class_list":["post-1708","page","type-page","status-publish","hentry"],"yoast_head":"<!-- This site is optimized with the Yoast SEO Premium plugin v27.4 (Yoast SEO v27.4) - https:\/\/yoast.com\/product\/yoast-seo-premium-wordpress\/ -->\n<title>Bolagsstyrning - ScandBook<\/title>\n<meta name=\"robots\" content=\"index, follow, max-snippet:-1, max-image-preview:large, max-video-preview:-1\" \/>\n<link rel=\"canonical\" href=\"https:\/\/www.scandbook.com\/sv\/investerare\/bolagsstyrning\/\" \/>\n<meta property=\"og:locale\" content=\"sv_SE\" \/>\n<meta property=\"og:type\" content=\"article\" \/>\n<meta property=\"og:title\" content=\"Bolagsstyrning\" \/>\n<meta property=\"og:url\" content=\"https:\/\/www.scandbook.com\/sv\/investerare\/bolagsstyrning\/\" \/>\n<meta property=\"og:site_name\" content=\"ScandBook\" \/>\n<meta property=\"article:publisher\" content=\"https:\/\/www.facebook.com\/profile.php?id=100063569394878&amp;sk=about&amp;locale=sv_SE\" \/>\n<meta property=\"article:modified_time\" content=\"2026-02-12T14:05:47+00:00\" \/>\n<meta name=\"twitter:card\" content=\"summary_large_image\" \/>\n<meta name=\"twitter:label1\" content=\"Ber\u00e4knad l\u00e4stid\" \/>\n\t<meta name=\"twitter:data1\" content=\"4 minuter\" \/>\n<script type=\"application\/ld+json\" class=\"yoast-schema-graph\">{\"@context\":\"https:\\\/\\\/schema.org\",\"@graph\":[{\"@type\":\"WebPage\",\"@id\":\"https:\\\/\\\/www.scandbook.com\\\/sv\\\/investerare\\\/bolagsstyrning\\\/\",\"url\":\"https:\\\/\\\/www.scandbook.com\\\/sv\\\/investerare\\\/bolagsstyrning\\\/\",\"name\":\"Bolagsstyrning - ScandBook\",\"isPartOf\":{\"@id\":\"https:\\\/\\\/www.scandbook.com\\\/sv\\\/#website\"},\"datePublished\":\"2016-02-05T14:09:05+00:00\",\"dateModified\":\"2026-02-12T14:05:47+00:00\",\"breadcrumb\":{\"@id\":\"https:\\\/\\\/www.scandbook.com\\\/sv\\\/investerare\\\/bolagsstyrning\\\/#breadcrumb\"},\"inLanguage\":\"sv-SE\",\"potentialAction\":[{\"@type\":\"ReadAction\",\"target\":[\"https:\\\/\\\/www.scandbook.com\\\/sv\\\/investerare\\\/bolagsstyrning\\\/\"]}]},{\"@type\":\"BreadcrumbList\",\"@id\":\"https:\\\/\\\/www.scandbook.com\\\/sv\\\/investerare\\\/bolagsstyrning\\\/#breadcrumb\",\"itemListElement\":[{\"@type\":\"ListItem\",\"position\":1,\"name\":\"Home\",\"item\":\"https:\\\/\\\/www.scandbook.com\\\/sv\\\/\"},{\"@type\":\"ListItem\",\"position\":2,\"name\":\"Investerare\",\"item\":\"https:\\\/\\\/www.scandbook.com\\\/sv\\\/investerare\\\/?lang=sv\"},{\"@type\":\"ListItem\",\"position\":3,\"name\":\"Bolagsstyrning\"}]},{\"@type\":\"WebSite\",\"@id\":\"https:\\\/\\\/www.scandbook.com\\\/sv\\\/#website\",\"url\":\"https:\\\/\\\/www.scandbook.com\\\/sv\\\/\",\"name\":\"ScandBook\",\"description\":\"Skandinaviens ledande bokproducent\",\"publisher\":{\"@id\":\"https:\\\/\\\/www.scandbook.com\\\/sv\\\/#organization\"},\"potentialAction\":[{\"@type\":\"SearchAction\",\"target\":{\"@type\":\"EntryPoint\",\"urlTemplate\":\"https:\\\/\\\/www.scandbook.com\\\/sv\\\/?s={search_term_string}\"},\"query-input\":{\"@type\":\"PropertyValueSpecification\",\"valueRequired\":true,\"valueName\":\"search_term_string\"}}],\"inLanguage\":\"sv-SE\"},{\"@type\":\"Organization\",\"@id\":\"https:\\\/\\\/www.scandbook.com\\\/sv\\\/#organization\",\"name\":\"ScandBook\",\"url\":\"https:\\\/\\\/www.scandbook.com\\\/sv\\\/\",\"logo\":{\"@type\":\"ImageObject\",\"inLanguage\":\"sv-SE\",\"@id\":\"https:\\\/\\\/www.scandbook.com\\\/sv\\\/#\\\/schema\\\/logo\\\/image\\\/\",\"url\":\"https:\\\/\\\/www.scandbook.com\\\/wp-content\\\/uploads\\\/2023\\\/05\\\/scandbook-funding-climate-action.webp\",\"contentUrl\":\"https:\\\/\\\/www.scandbook.com\\\/wp-content\\\/uploads\\\/2023\\\/05\\\/scandbook-funding-climate-action.webp\",\"width\":256,\"height\":88,\"caption\":\"ScandBook\"},\"image\":{\"@id\":\"https:\\\/\\\/www.scandbook.com\\\/sv\\\/#\\\/schema\\\/logo\\\/image\\\/\"},\"sameAs\":[\"https:\\\/\\\/www.facebook.com\\\/profile.php?id=100063569394878&sk=about&locale=sv_SE\",\"https:\\\/\\\/www.linkedin.com\\\/company\\\/scandbook-ab\\\/\"]}]}<\/script>\n<!-- \/ Yoast SEO Premium plugin. -->","yoast_head_json":{"title":"Bolagsstyrning - ScandBook","robots":{"index":"index","follow":"follow","max-snippet":"max-snippet:-1","max-image-preview":"max-image-preview:large","max-video-preview":"max-video-preview:-1"},"canonical":"https:\/\/www.scandbook.com\/sv\/investerare\/bolagsstyrning\/","og_locale":"sv_SE","og_type":"article","og_title":"Bolagsstyrning","og_url":"https:\/\/www.scandbook.com\/sv\/investerare\/bolagsstyrning\/","og_site_name":"ScandBook","article_publisher":"https:\/\/www.facebook.com\/profile.php?id=100063569394878&sk=about&locale=sv_SE","article_modified_time":"2026-02-12T14:05:47+00:00","twitter_card":"summary_large_image","twitter_misc":{"Ber\u00e4knad l\u00e4stid":"4 minuter"},"schema":{"@context":"https:\/\/schema.org","@graph":[{"@type":"WebPage","@id":"https:\/\/www.scandbook.com\/sv\/investerare\/bolagsstyrning\/","url":"https:\/\/www.scandbook.com\/sv\/investerare\/bolagsstyrning\/","name":"Bolagsstyrning - ScandBook","isPartOf":{"@id":"https:\/\/www.scandbook.com\/sv\/#website"},"datePublished":"2016-02-05T14:09:05+00:00","dateModified":"2026-02-12T14:05:47+00:00","breadcrumb":{"@id":"https:\/\/www.scandbook.com\/sv\/investerare\/bolagsstyrning\/#breadcrumb"},"inLanguage":"sv-SE","potentialAction":[{"@type":"ReadAction","target":["https:\/\/www.scandbook.com\/sv\/investerare\/bolagsstyrning\/"]}]},{"@type":"BreadcrumbList","@id":"https:\/\/www.scandbook.com\/sv\/investerare\/bolagsstyrning\/#breadcrumb","itemListElement":[{"@type":"ListItem","position":1,"name":"Home","item":"https:\/\/www.scandbook.com\/sv\/"},{"@type":"ListItem","position":2,"name":"Investerare","item":"https:\/\/www.scandbook.com\/sv\/investerare\/?lang=sv"},{"@type":"ListItem","position":3,"name":"Bolagsstyrning"}]},{"@type":"WebSite","@id":"https:\/\/www.scandbook.com\/sv\/#website","url":"https:\/\/www.scandbook.com\/sv\/","name":"ScandBook","description":"Skandinaviens ledande bokproducent","publisher":{"@id":"https:\/\/www.scandbook.com\/sv\/#organization"},"potentialAction":[{"@type":"SearchAction","target":{"@type":"EntryPoint","urlTemplate":"https:\/\/www.scandbook.com\/sv\/?s={search_term_string}"},"query-input":{"@type":"PropertyValueSpecification","valueRequired":true,"valueName":"search_term_string"}}],"inLanguage":"sv-SE"},{"@type":"Organization","@id":"https:\/\/www.scandbook.com\/sv\/#organization","name":"ScandBook","url":"https:\/\/www.scandbook.com\/sv\/","logo":{"@type":"ImageObject","inLanguage":"sv-SE","@id":"https:\/\/www.scandbook.com\/sv\/#\/schema\/logo\/image\/","url":"https:\/\/www.scandbook.com\/wp-content\/uploads\/2023\/05\/scandbook-funding-climate-action.webp","contentUrl":"https:\/\/www.scandbook.com\/wp-content\/uploads\/2023\/05\/scandbook-funding-climate-action.webp","width":256,"height":88,"caption":"ScandBook"},"image":{"@id":"https:\/\/www.scandbook.com\/sv\/#\/schema\/logo\/image\/"},"sameAs":["https:\/\/www.facebook.com\/profile.php?id=100063569394878&sk=about&locale=sv_SE","https:\/\/www.linkedin.com\/company\/scandbook-ab\/"]}]}},"_links":{"self":[{"href":"https:\/\/www.scandbook.com\/sv\/wp-json\/wp\/v2\/pages\/1708","targetHints":{"allow":["GET"]}}],"collection":[{"href":"https:\/\/www.scandbook.com\/sv\/wp-json\/wp\/v2\/pages"}],"about":[{"href":"https:\/\/www.scandbook.com\/sv\/wp-json\/wp\/v2\/types\/page"}],"author":[{"embeddable":true,"href":"https:\/\/www.scandbook.com\/sv\/wp-json\/wp\/v2\/users\/9"}],"replies":[{"embeddable":true,"href":"https:\/\/www.scandbook.com\/sv\/wp-json\/wp\/v2\/comments?post=1708"}],"version-history":[{"count":21,"href":"https:\/\/www.scandbook.com\/sv\/wp-json\/wp\/v2\/pages\/1708\/revisions"}],"predecessor-version":[{"id":14771,"href":"https:\/\/www.scandbook.com\/sv\/wp-json\/wp\/v2\/pages\/1708\/revisions\/14771"}],"up":[{"embeddable":true,"href":"https:\/\/www.scandbook.com\/sv\/wp-json\/wp\/v2\/pages\/115"}],"wp:attachment":[{"href":"https:\/\/www.scandbook.com\/sv\/wp-json\/wp\/v2\/media?parent=1708"}],"curies":[{"name":"wp","href":"https:\/\/api.w.org\/{rel}","templated":true}]}}