{"id":1705,"date":"2016-02-05T15:04:30","date_gmt":"2016-02-05T14:04:30","guid":{"rendered":"http:\/\/development.scandbook-internt.se\/?page_id=1705&#038;lang=sv"},"modified":"2025-12-22T09:49:49","modified_gmt":"2025-12-22T08:49:49","slug":"kalender","status":"publish","type":"page","link":"https:\/\/www.scandbook.com\/sv\/investerare\/kalender\/","title":{"rendered":"Kalender"},"content":{"rendered":"\n\n<style type=\"text\/css\" data-created_by=\"avia_inline_auto\" id=\"style-css-av-31zfw9-a00c3c9e934310e6d43e3874a01511e7\">\n.flex_column.av-31zfw9-a00c3c9e934310e6d43e3874a01511e7{\nborder-radius:0px 0px 0px 0px;\npadding:0px 0px 0px 0px;\n}\n<\/style>\n<div  class='flex_column av-31zfw9-a00c3c9e934310e6d43e3874a01511e7 av_one_full  avia-builder-el-1  el_after_av_codeblock  avia-builder-el-last  first flex_column_div av-zero-column-padding  '     ><section  class='av_textblock_section av-jrj36r0l-f036de333c923c73e17b141e3dc03ad2 '   itemscope=\"itemscope\" itemtype=\"https:\/\/schema.org\/CreativeWork\" ><div class='avia_textblock'  itemprop=\"text\" ><h1>Kalender<\/h1>\n<p>Finansiell information fr\u00e5n ScandBook Holding AB l\u00e4mnas vid nedanst\u00e5ende tidpunkter kl 07:30 om inte annat anges.<\/p>\n<p><strong>20 februari 2026<\/strong><\/p>\n<p>ScandBooks bokslutskommunik\u00e9 2025 publiceras 20 februari 2026.<br \/>\nRapporten g\u00e5r att ladda ner via v\u00e5r webbplats.<\/p>\n<hr \/>\n<p><strong>April 2026<br \/>\n<\/strong>ScandBooks \u00e5rsredovisning f\u00f6r 2025 publiceras under april 2026.<br \/>\nRapporten g\u00e5r att ladda ner via v\u00e5r webbplats.<\/p>\n<hr \/>\n<p><strong>28 maj 2026<\/strong><br \/>\nScandBooks rapport f\u00f6r f\u00f6rsta kvartalet 2026 publiceras 28 maj 2026 kl 15:00.<br \/>\nRapporten g\u00e5r att ladda ner via v\u00e5r webbplats.<\/p>\n<hr \/>\n<p><strong>28 maj 2026 <\/strong><br \/>\nScandBooks \u00e5rsst\u00e4mma 2026 kommer att h\u00e5llas i Falun den 28 maj 2026 kl 15:00<\/p>\n<hr \/>\n<p><strong>28 augusti 2026<\/strong><br \/>\nScandBooks rapport f\u00f6r andra kvartalet 2026 publiceras 28 augusti 2026.<br \/>\nRapporten g\u00e5r att ladda ner via v\u00e5r webbplats.<\/p>\n<hr \/>\n<p><strong>23 oktober 2026<\/strong><br \/>\nScandBooks rapport f\u00f6r tredje kvartalet 2026 publiceras 23 oktober 2026.<br \/>\nRapporten g\u00e5r att ladda ner via v\u00e5r webbplats.<\/p>\n<hr \/>\n<p><strong>26 februari 2027<\/strong><\/p>\n<p>ScandBooks bokslutskommunik\u00e9 2026 publiceras 26 februari 2027.<br \/>\nRapporten g\u00e5r att ladda ner via v\u00e5r webbplats.<\/p>\n<hr \/>\n<\/div><\/section><\/div>\n","protected":false},"excerpt":{"rendered":"","protected":false},"author":9,"featured_media":0,"parent":115,"menu_order":5,"comment_status":"closed","ping_status":"closed","template":"","meta":{"footnotes":""},"class_list":["post-1705","page","type-page","status-publish","hentry"],"yoast_head":"<!-- This site is optimized with the Yoast SEO Premium plugin v27.5 (Yoast SEO v27.5) - https:\/\/yoast.com\/product\/yoast-seo-premium-wordpress\/ -->\n<title>Kalender - ScandBook<\/title>\n<meta name=\"description\" content=\"Finansiell information fr\u00e5n ScandBook Holding AB l\u00e4mnas vid nedanst\u00e5ende tidpunkter kl 07:30 om inte annat anges.\" \/>\n<meta name=\"robots\" content=\"index, follow, max-snippet:-1, max-image-preview:large, max-video-preview:-1\" \/>\n<link rel=\"canonical\" href=\"https:\/\/www.scandbook.com\/sv\/investerare\/kalender\/\" \/>\n<meta property=\"og:locale\" content=\"sv_SE\" \/>\n<meta property=\"og:type\" content=\"article\" \/>\n<meta property=\"og:title\" content=\"Kalender\" \/>\n<meta property=\"og:description\" content=\"Finansiell information fr\u00e5n ScandBook Holding AB l\u00e4mnas vid nedanst\u00e5ende tidpunkter kl 07:30 om inte annat anges.\" \/>\n<meta property=\"og:url\" content=\"https:\/\/www.scandbook.com\/sv\/investerare\/kalender\/\" \/>\n<meta property=\"og:site_name\" content=\"ScandBook\" \/>\n<meta property=\"article:publisher\" content=\"https:\/\/www.facebook.com\/profile.php?id=100063569394878&amp;sk=about&amp;locale=sv_SE\" \/>\n<meta property=\"article:modified_time\" content=\"2025-12-22T08:49:49+00:00\" \/>\n<meta name=\"twitter:card\" content=\"summary_large_image\" \/>\n<meta name=\"twitter:label1\" content=\"Ber\u00e4knad l\u00e4stid\" \/>\n\t<meta name=\"twitter:data1\" content=\"1 minut\" \/>\n<script type=\"application\/ld+json\" class=\"yoast-schema-graph\">{\"@context\":\"https:\\\/\\\/schema.org\",\"@graph\":[{\"@type\":\"WebPage\",\"@id\":\"https:\\\/\\\/www.scandbook.com\\\/sv\\\/investerare\\\/kalender\\\/\",\"url\":\"https:\\\/\\\/www.scandbook.com\\\/sv\\\/investerare\\\/kalender\\\/\",\"name\":\"Kalender - ScandBook\",\"isPartOf\":{\"@id\":\"https:\\\/\\\/www.scandbook.com\\\/sv\\\/#website\"},\"datePublished\":\"2016-02-05T14:04:30+00:00\",\"dateModified\":\"2025-12-22T08:49:49+00:00\",\"description\":\"Finansiell information fr\u00e5n ScandBook Holding AB l\u00e4mnas vid nedanst\u00e5ende tidpunkter kl 07:30 om inte annat anges.\",\"breadcrumb\":{\"@id\":\"https:\\\/\\\/www.scandbook.com\\\/sv\\\/investerare\\\/kalender\\\/#breadcrumb\"},\"inLanguage\":\"sv-SE\",\"potentialAction\":[{\"@type\":\"ReadAction\",\"target\":[\"https:\\\/\\\/www.scandbook.com\\\/sv\\\/investerare\\\/kalender\\\/\"]}]},{\"@type\":\"BreadcrumbList\",\"@id\":\"https:\\\/\\\/www.scandbook.com\\\/sv\\\/investerare\\\/kalender\\\/#breadcrumb\",\"itemListElement\":[{\"@type\":\"ListItem\",\"position\":1,\"name\":\"Home\",\"item\":\"https:\\\/\\\/www.scandbook.com\\\/sv\\\/\"},{\"@type\":\"ListItem\",\"position\":2,\"name\":\"Investerare\",\"item\":\"https:\\\/\\\/www.scandbook.com\\\/sv\\\/investerare\\\/?lang=sv\"},{\"@type\":\"ListItem\",\"position\":3,\"name\":\"Kalender\"}]},{\"@type\":\"WebSite\",\"@id\":\"https:\\\/\\\/www.scandbook.com\\\/sv\\\/#website\",\"url\":\"https:\\\/\\\/www.scandbook.com\\\/sv\\\/\",\"name\":\"ScandBook\",\"description\":\"Skandinaviens ledande bokproducent\",\"publisher\":{\"@id\":\"https:\\\/\\\/www.scandbook.com\\\/sv\\\/#organization\"},\"potentialAction\":[{\"@type\":\"SearchAction\",\"target\":{\"@type\":\"EntryPoint\",\"urlTemplate\":\"https:\\\/\\\/www.scandbook.com\\\/sv\\\/?s={search_term_string}\"},\"query-input\":{\"@type\":\"PropertyValueSpecification\",\"valueRequired\":true,\"valueName\":\"search_term_string\"}}],\"inLanguage\":\"sv-SE\"},{\"@type\":\"Organization\",\"@id\":\"https:\\\/\\\/www.scandbook.com\\\/sv\\\/#organization\",\"name\":\"ScandBook\",\"url\":\"https:\\\/\\\/www.scandbook.com\\\/sv\\\/\",\"logo\":{\"@type\":\"ImageObject\",\"inLanguage\":\"sv-SE\",\"@id\":\"https:\\\/\\\/www.scandbook.com\\\/sv\\\/#\\\/schema\\\/logo\\\/image\\\/\",\"url\":\"https:\\\/\\\/www.scandbook.com\\\/wp-content\\\/uploads\\\/2023\\\/05\\\/scandbook-funding-climate-action.webp\",\"contentUrl\":\"https:\\\/\\\/www.scandbook.com\\\/wp-content\\\/uploads\\\/2023\\\/05\\\/scandbook-funding-climate-action.webp\",\"width\":256,\"height\":88,\"caption\":\"ScandBook\"},\"image\":{\"@id\":\"https:\\\/\\\/www.scandbook.com\\\/sv\\\/#\\\/schema\\\/logo\\\/image\\\/\"},\"sameAs\":[\"https:\\\/\\\/www.facebook.com\\\/profile.php?id=100063569394878&sk=about&locale=sv_SE\",\"https:\\\/\\\/www.linkedin.com\\\/company\\\/scandbook-ab\\\/\"]}]}<\/script>\n<!-- \/ Yoast SEO Premium plugin. -->","yoast_head_json":{"title":"Kalender - ScandBook","description":"Finansiell information fr\u00e5n ScandBook Holding AB l\u00e4mnas vid nedanst\u00e5ende tidpunkter kl 07:30 om inte annat anges.","robots":{"index":"index","follow":"follow","max-snippet":"max-snippet:-1","max-image-preview":"max-image-preview:large","max-video-preview":"max-video-preview:-1"},"canonical":"https:\/\/www.scandbook.com\/sv\/investerare\/kalender\/","og_locale":"sv_SE","og_type":"article","og_title":"Kalender","og_description":"Finansiell information fr\u00e5n ScandBook Holding AB l\u00e4mnas vid nedanst\u00e5ende tidpunkter kl 07:30 om inte annat anges.","og_url":"https:\/\/www.scandbook.com\/sv\/investerare\/kalender\/","og_site_name":"ScandBook","article_publisher":"https:\/\/www.facebook.com\/profile.php?id=100063569394878&sk=about&locale=sv_SE","article_modified_time":"2025-12-22T08:49:49+00:00","twitter_card":"summary_large_image","twitter_misc":{"Ber\u00e4knad l\u00e4stid":"1 minut"},"schema":{"@context":"https:\/\/schema.org","@graph":[{"@type":"WebPage","@id":"https:\/\/www.scandbook.com\/sv\/investerare\/kalender\/","url":"https:\/\/www.scandbook.com\/sv\/investerare\/kalender\/","name":"Kalender - ScandBook","isPartOf":{"@id":"https:\/\/www.scandbook.com\/sv\/#website"},"datePublished":"2016-02-05T14:04:30+00:00","dateModified":"2025-12-22T08:49:49+00:00","description":"Finansiell information fr\u00e5n ScandBook Holding AB l\u00e4mnas vid nedanst\u00e5ende tidpunkter kl 07:30 om inte annat anges.","breadcrumb":{"@id":"https:\/\/www.scandbook.com\/sv\/investerare\/kalender\/#breadcrumb"},"inLanguage":"sv-SE","potentialAction":[{"@type":"ReadAction","target":["https:\/\/www.scandbook.com\/sv\/investerare\/kalender\/"]}]},{"@type":"BreadcrumbList","@id":"https:\/\/www.scandbook.com\/sv\/investerare\/kalender\/#breadcrumb","itemListElement":[{"@type":"ListItem","position":1,"name":"Home","item":"https:\/\/www.scandbook.com\/sv\/"},{"@type":"ListItem","position":2,"name":"Investerare","item":"https:\/\/www.scandbook.com\/sv\/investerare\/?lang=sv"},{"@type":"ListItem","position":3,"name":"Kalender"}]},{"@type":"WebSite","@id":"https:\/\/www.scandbook.com\/sv\/#website","url":"https:\/\/www.scandbook.com\/sv\/","name":"ScandBook","description":"Skandinaviens ledande bokproducent","publisher":{"@id":"https:\/\/www.scandbook.com\/sv\/#organization"},"potentialAction":[{"@type":"SearchAction","target":{"@type":"EntryPoint","urlTemplate":"https:\/\/www.scandbook.com\/sv\/?s={search_term_string}"},"query-input":{"@type":"PropertyValueSpecification","valueRequired":true,"valueName":"search_term_string"}}],"inLanguage":"sv-SE"},{"@type":"Organization","@id":"https:\/\/www.scandbook.com\/sv\/#organization","name":"ScandBook","url":"https:\/\/www.scandbook.com\/sv\/","logo":{"@type":"ImageObject","inLanguage":"sv-SE","@id":"https:\/\/www.scandbook.com\/sv\/#\/schema\/logo\/image\/","url":"https:\/\/www.scandbook.com\/wp-content\/uploads\/2023\/05\/scandbook-funding-climate-action.webp","contentUrl":"https:\/\/www.scandbook.com\/wp-content\/uploads\/2023\/05\/scandbook-funding-climate-action.webp","width":256,"height":88,"caption":"ScandBook"},"image":{"@id":"https:\/\/www.scandbook.com\/sv\/#\/schema\/logo\/image\/"},"sameAs":["https:\/\/www.facebook.com\/profile.php?id=100063569394878&sk=about&locale=sv_SE","https:\/\/www.linkedin.com\/company\/scandbook-ab\/"]}]}},"_links":{"self":[{"href":"https:\/\/www.scandbook.com\/sv\/wp-json\/wp\/v2\/pages\/1705","targetHints":{"allow":["GET"]}}],"collection":[{"href":"https:\/\/www.scandbook.com\/sv\/wp-json\/wp\/v2\/pages"}],"about":[{"href":"https:\/\/www.scandbook.com\/sv\/wp-json\/wp\/v2\/types\/page"}],"author":[{"embeddable":true,"href":"https:\/\/www.scandbook.com\/sv\/wp-json\/wp\/v2\/users\/9"}],"replies":[{"embeddable":true,"href":"https:\/\/www.scandbook.com\/sv\/wp-json\/wp\/v2\/comments?post=1705"}],"version-history":[{"count":22,"href":"https:\/\/www.scandbook.com\/sv\/wp-json\/wp\/v2\/pages\/1705\/revisions"}],"predecessor-version":[{"id":14656,"href":"https:\/\/www.scandbook.com\/sv\/wp-json\/wp\/v2\/pages\/1705\/revisions\/14656"}],"up":[{"embeddable":true,"href":"https:\/\/www.scandbook.com\/sv\/wp-json\/wp\/v2\/pages\/115"}],"wp:attachment":[{"href":"https:\/\/www.scandbook.com\/sv\/wp-json\/wp\/v2\/media?parent=1705"}],"curies":[{"name":"wp","href":"https:\/\/api.w.org\/{rel}","templated":true}]}}