{"id":1610,"date":"2015-11-13T09:48:28","date_gmt":"2015-11-13T08:48:28","guid":{"rendered":"http:\/\/development.scandbook-internt.se\/om-oss\/quality-and-environment\/?lang=sv"},"modified":"2024-02-16T13:16:33","modified_gmt":"2024-02-16T12:16:33","slug":"esg","status":"publish","type":"page","link":"https:\/\/www.scandbook.com\/sv\/esg\/","title":{"rendered":"ESG"},"content":{"rendered":"\n\n<style type=\"text\/css\" data-created_by=\"avia_inline_auto\" id=\"style-css-av-lg4pp7qo-b5da71a39bf784d35c9b8e99a119dcc3\">\n.avia-image-container.av-lg4pp7qo-b5da71a39bf784d35c9b8e99a119dcc3 img.avia_image{\nbox-shadow:none;\n}\n.avia-image-container.av-lg4pp7qo-b5da71a39bf784d35c9b8e99a119dcc3 .av-image-caption-overlay-center{\ncolor:#ffffff;\n}\n<\/style>\n<div  class='avia-image-container av-lg4pp7qo-b5da71a39bf784d35c9b8e99a119dcc3 av-styling- avia-align-center  avia-builder-el-1  el_after_av_codeblock  el_before_av_one_full '   itemprop=\"image\" itemscope=\"itemscope\" itemtype=\"https:\/\/schema.org\/ImageObject\" ><div class=\"avia-image-container-inner\"><div class=\"avia-image-overlay-wrap\"><img decoding=\"async\" fetchpriority=\"high\" class='wp-image-4786 avia-img-lazy-loading-not-4786 avia_image ' src=\"https:\/\/www.scandbook.com\/wp-content\/uploads\/2015\/11\/inviroment.jpg\" alt='' title='inviroment'  height=\"310\" width=\"1024\"  itemprop=\"thumbnailUrl\" srcset=\"https:\/\/www.scandbook.com\/wp-content\/uploads\/2015\/11\/inviroment.jpg 1024w, https:\/\/www.scandbook.com\/wp-content\/uploads\/2015\/11\/inviroment-300x91.jpg 300w, https:\/\/www.scandbook.com\/wp-content\/uploads\/2015\/11\/inviroment-768x233.jpg 768w, https:\/\/www.scandbook.com\/wp-content\/uploads\/2015\/11\/inviroment-705x213.jpg 705w, https:\/\/www.scandbook.com\/wp-content\/uploads\/2015\/11\/inviroment-450x136.jpg 450w\" sizes=\"(max-width: 1024px) 100vw, 1024px\" \/><\/div><\/div><\/div>\n\n<style type=\"text\/css\" data-created_by=\"avia_inline_auto\" id=\"style-css-av-av_one_full-9497bbf8bff73ea4c6992cc17fa9ec36\">\n.flex_column.av-av_one_full-9497bbf8bff73ea4c6992cc17fa9ec36{\nborder-radius:0px 0px 0px 0px;\npadding:0px 0px 0px 0px;\n}\n<\/style>\n<div  class='flex_column av-av_one_full-9497bbf8bff73ea4c6992cc17fa9ec36 av_one_full  avia-builder-el-2  el_after_av_image  avia-builder-el-last  first flex_column_div av-zero-column-padding  '     ><section  class='av_textblock_section av-ley6o47q-ac2929ab779515b98d39b130fa0d329a '   itemscope=\"itemscope\" itemtype=\"https:\/\/schema.org\/CreativeWork\" ><div class='avia_textblock'  itemprop=\"text\" ><h1><strong>ESG &#8211; Environmental<\/strong>, <strong>Social<\/strong> and <strong>Governance<\/strong><\/h1>\n<h3>ScandBook bedriver verksamhet som \u00e4r anm\u00e4lningspliktig enligt milj\u00f6balken.<\/h3>\n<p>80 procent av bokpapperet i Europa produceras i Norden. Bolagets bokpapper levereras i huvudsak fr\u00e5n Sverige vilket g\u00f6r att transporterna minimeras j\u00e4mf\u00f6rt med om nordiska f\u00f6rlag v\u00e4ljer att l\u00e4gga bokproduktionen l\u00e4ngre s\u00f6derut. I det fallet m\u00e5ste papperet ofta transporteras f\u00f6rst fr\u00e5n Norden till producenten och sedan tillbaka till f\u00f6rlaget.<\/p>\n<p>ScandBook l\u00e5ter inga milj\u00f6farliga \u00e4mnen l\u00e4mna sina fabriker utan destruktion. Pappersspill och annat avfall sorteras och l\u00e4mnas till \u00e5tervinning.<\/p>\n<p><em><strong>*Environmental<\/strong>\u00a0(milj\u00f6),\u00a0<strong>Social\u00a0<\/strong>(socialt ansvar) samt\u00a0<strong>Governance<\/strong>\u00a0(bolagsstyrning)<\/em><\/p>\n<\/div><\/section><\/div>\n","protected":false},"excerpt":{"rendered":"","protected":false},"author":9,"featured_media":0,"parent":0,"menu_order":21,"comment_status":"closed","ping_status":"closed","template":"","meta":{"footnotes":""},"class_list":["post-1610","page","type-page","status-publish","hentry"],"yoast_head":"<!-- This site is optimized with the Yoast SEO Premium plugin v27.4 (Yoast SEO v27.4) - https:\/\/yoast.com\/product\/yoast-seo-premium-wordpress\/ -->\n<title>ESG - ScandBook<\/title>\n<meta name=\"description\" content=\"ScandBook bedriver verksamhet som \u00e4r anm\u00e4lningspliktig enligt milj\u00f6balken. 80 procent av bokpapperet i Europa produceras i Norden.\" \/>\n<meta name=\"robots\" content=\"index, follow, max-snippet:-1, max-image-preview:large, max-video-preview:-1\" \/>\n<link rel=\"canonical\" href=\"https:\/\/www.scandbook.com\/sv\/esg\/\" \/>\n<meta property=\"og:locale\" content=\"sv_SE\" \/>\n<meta property=\"og:type\" content=\"article\" \/>\n<meta property=\"og:title\" content=\"ESG\" \/>\n<meta property=\"og:description\" content=\"ScandBook bedriver verksamhet som \u00e4r anm\u00e4lningspliktig enligt milj\u00f6balken. 80 procent av bokpapperet i Europa produceras i Norden.\" \/>\n<meta property=\"og:url\" content=\"https:\/\/www.scandbook.com\/sv\/esg\/\" \/>\n<meta property=\"og:site_name\" content=\"ScandBook\" \/>\n<meta property=\"article:publisher\" content=\"https:\/\/www.facebook.com\/profile.php?id=100063569394878&amp;sk=about&amp;locale=sv_SE\" \/>\n<meta property=\"article:modified_time\" content=\"2024-02-16T12:16:33+00:00\" \/>\n<meta name=\"twitter:card\" content=\"summary_large_image\" \/>\n<meta name=\"twitter:label1\" content=\"Ber\u00e4knad l\u00e4stid\" \/>\n\t<meta name=\"twitter:data1\" content=\"1 minut\" \/>\n<script type=\"application\/ld+json\" class=\"yoast-schema-graph\">{\"@context\":\"https:\\\/\\\/schema.org\",\"@graph\":[{\"@type\":\"WebPage\",\"@id\":\"https:\\\/\\\/www.scandbook.com\\\/sv\\\/esg\\\/\",\"url\":\"https:\\\/\\\/www.scandbook.com\\\/sv\\\/esg\\\/\",\"name\":\"ESG - ScandBook\",\"isPartOf\":{\"@id\":\"https:\\\/\\\/www.scandbook.com\\\/sv\\\/#website\"},\"datePublished\":\"2015-11-13T08:48:28+00:00\",\"dateModified\":\"2024-02-16T12:16:33+00:00\",\"description\":\"ScandBook bedriver verksamhet som \u00e4r anm\u00e4lningspliktig enligt milj\u00f6balken. 80 procent av bokpapperet i Europa produceras i Norden.\",\"breadcrumb\":{\"@id\":\"https:\\\/\\\/www.scandbook.com\\\/sv\\\/esg\\\/#breadcrumb\"},\"inLanguage\":\"sv-SE\",\"potentialAction\":[{\"@type\":\"ReadAction\",\"target\":[\"https:\\\/\\\/www.scandbook.com\\\/sv\\\/esg\\\/\"]}]},{\"@type\":\"BreadcrumbList\",\"@id\":\"https:\\\/\\\/www.scandbook.com\\\/sv\\\/esg\\\/#breadcrumb\",\"itemListElement\":[{\"@type\":\"ListItem\",\"position\":1,\"name\":\"Home\",\"item\":\"https:\\\/\\\/www.scandbook.com\\\/sv\\\/\"},{\"@type\":\"ListItem\",\"position\":2,\"name\":\"ESG\"}]},{\"@type\":\"WebSite\",\"@id\":\"https:\\\/\\\/www.scandbook.com\\\/sv\\\/#website\",\"url\":\"https:\\\/\\\/www.scandbook.com\\\/sv\\\/\",\"name\":\"ScandBook\",\"description\":\"Skandinaviens ledande bokproducent\",\"publisher\":{\"@id\":\"https:\\\/\\\/www.scandbook.com\\\/sv\\\/#organization\"},\"potentialAction\":[{\"@type\":\"SearchAction\",\"target\":{\"@type\":\"EntryPoint\",\"urlTemplate\":\"https:\\\/\\\/www.scandbook.com\\\/sv\\\/?s={search_term_string}\"},\"query-input\":{\"@type\":\"PropertyValueSpecification\",\"valueRequired\":true,\"valueName\":\"search_term_string\"}}],\"inLanguage\":\"sv-SE\"},{\"@type\":\"Organization\",\"@id\":\"https:\\\/\\\/www.scandbook.com\\\/sv\\\/#organization\",\"name\":\"ScandBook\",\"url\":\"https:\\\/\\\/www.scandbook.com\\\/sv\\\/\",\"logo\":{\"@type\":\"ImageObject\",\"inLanguage\":\"sv-SE\",\"@id\":\"https:\\\/\\\/www.scandbook.com\\\/sv\\\/#\\\/schema\\\/logo\\\/image\\\/\",\"url\":\"https:\\\/\\\/www.scandbook.com\\\/wp-content\\\/uploads\\\/2023\\\/05\\\/scandbook-funding-climate-action.webp\",\"contentUrl\":\"https:\\\/\\\/www.scandbook.com\\\/wp-content\\\/uploads\\\/2023\\\/05\\\/scandbook-funding-climate-action.webp\",\"width\":256,\"height\":88,\"caption\":\"ScandBook\"},\"image\":{\"@id\":\"https:\\\/\\\/www.scandbook.com\\\/sv\\\/#\\\/schema\\\/logo\\\/image\\\/\"},\"sameAs\":[\"https:\\\/\\\/www.facebook.com\\\/profile.php?id=100063569394878&sk=about&locale=sv_SE\",\"https:\\\/\\\/www.linkedin.com\\\/company\\\/scandbook-ab\\\/\"]}]}<\/script>\n<!-- \/ Yoast SEO Premium plugin. -->","yoast_head_json":{"title":"ESG - ScandBook","description":"ScandBook bedriver verksamhet som \u00e4r anm\u00e4lningspliktig enligt milj\u00f6balken. 80 procent av bokpapperet i Europa produceras i Norden.","robots":{"index":"index","follow":"follow","max-snippet":"max-snippet:-1","max-image-preview":"max-image-preview:large","max-video-preview":"max-video-preview:-1"},"canonical":"https:\/\/www.scandbook.com\/sv\/esg\/","og_locale":"sv_SE","og_type":"article","og_title":"ESG","og_description":"ScandBook bedriver verksamhet som \u00e4r anm\u00e4lningspliktig enligt milj\u00f6balken. 80 procent av bokpapperet i Europa produceras i Norden.","og_url":"https:\/\/www.scandbook.com\/sv\/esg\/","og_site_name":"ScandBook","article_publisher":"https:\/\/www.facebook.com\/profile.php?id=100063569394878&sk=about&locale=sv_SE","article_modified_time":"2024-02-16T12:16:33+00:00","twitter_card":"summary_large_image","twitter_misc":{"Ber\u00e4knad l\u00e4stid":"1 minut"},"schema":{"@context":"https:\/\/schema.org","@graph":[{"@type":"WebPage","@id":"https:\/\/www.scandbook.com\/sv\/esg\/","url":"https:\/\/www.scandbook.com\/sv\/esg\/","name":"ESG - ScandBook","isPartOf":{"@id":"https:\/\/www.scandbook.com\/sv\/#website"},"datePublished":"2015-11-13T08:48:28+00:00","dateModified":"2024-02-16T12:16:33+00:00","description":"ScandBook bedriver verksamhet som \u00e4r anm\u00e4lningspliktig enligt milj\u00f6balken. 80 procent av bokpapperet i Europa produceras i Norden.","breadcrumb":{"@id":"https:\/\/www.scandbook.com\/sv\/esg\/#breadcrumb"},"inLanguage":"sv-SE","potentialAction":[{"@type":"ReadAction","target":["https:\/\/www.scandbook.com\/sv\/esg\/"]}]},{"@type":"BreadcrumbList","@id":"https:\/\/www.scandbook.com\/sv\/esg\/#breadcrumb","itemListElement":[{"@type":"ListItem","position":1,"name":"Home","item":"https:\/\/www.scandbook.com\/sv\/"},{"@type":"ListItem","position":2,"name":"ESG"}]},{"@type":"WebSite","@id":"https:\/\/www.scandbook.com\/sv\/#website","url":"https:\/\/www.scandbook.com\/sv\/","name":"ScandBook","description":"Skandinaviens ledande bokproducent","publisher":{"@id":"https:\/\/www.scandbook.com\/sv\/#organization"},"potentialAction":[{"@type":"SearchAction","target":{"@type":"EntryPoint","urlTemplate":"https:\/\/www.scandbook.com\/sv\/?s={search_term_string}"},"query-input":{"@type":"PropertyValueSpecification","valueRequired":true,"valueName":"search_term_string"}}],"inLanguage":"sv-SE"},{"@type":"Organization","@id":"https:\/\/www.scandbook.com\/sv\/#organization","name":"ScandBook","url":"https:\/\/www.scandbook.com\/sv\/","logo":{"@type":"ImageObject","inLanguage":"sv-SE","@id":"https:\/\/www.scandbook.com\/sv\/#\/schema\/logo\/image\/","url":"https:\/\/www.scandbook.com\/wp-content\/uploads\/2023\/05\/scandbook-funding-climate-action.webp","contentUrl":"https:\/\/www.scandbook.com\/wp-content\/uploads\/2023\/05\/scandbook-funding-climate-action.webp","width":256,"height":88,"caption":"ScandBook"},"image":{"@id":"https:\/\/www.scandbook.com\/sv\/#\/schema\/logo\/image\/"},"sameAs":["https:\/\/www.facebook.com\/profile.php?id=100063569394878&sk=about&locale=sv_SE","https:\/\/www.linkedin.com\/company\/scandbook-ab\/"]}]}},"_links":{"self":[{"href":"https:\/\/www.scandbook.com\/sv\/wp-json\/wp\/v2\/pages\/1610","targetHints":{"allow":["GET"]}}],"collection":[{"href":"https:\/\/www.scandbook.com\/sv\/wp-json\/wp\/v2\/pages"}],"about":[{"href":"https:\/\/www.scandbook.com\/sv\/wp-json\/wp\/v2\/types\/page"}],"author":[{"embeddable":true,"href":"https:\/\/www.scandbook.com\/sv\/wp-json\/wp\/v2\/users\/9"}],"replies":[{"embeddable":true,"href":"https:\/\/www.scandbook.com\/sv\/wp-json\/wp\/v2\/comments?post=1610"}],"version-history":[{"count":8,"href":"https:\/\/www.scandbook.com\/sv\/wp-json\/wp\/v2\/pages\/1610\/revisions"}],"predecessor-version":[{"id":12794,"href":"https:\/\/www.scandbook.com\/sv\/wp-json\/wp\/v2\/pages\/1610\/revisions\/12794"}],"wp:attachment":[{"href":"https:\/\/www.scandbook.com\/sv\/wp-json\/wp\/v2\/media?parent=1610"}],"curies":[{"name":"wp","href":"https:\/\/api.w.org\/{rel}","templated":true}]}}