{"id":1598,"date":"2016-02-02T14:20:18","date_gmt":"2016-02-02T13:20:18","guid":{"rendered":"http:\/\/development.scandbook-internt.se\/?page_id=1598"},"modified":"2024-08-23T11:29:25","modified_gmt":"2024-08-23T10:29:25","slug":"logistik","status":"publish","type":"page","link":"https:\/\/www.scandbook.com\/sv\/produkter-tjanster\/logistik\/","title":{"rendered":"Logistik"},"content":{"rendered":"\n\n<style type=\"text\/css\" data-created_by=\"avia_inline_auto\" id=\"style-css-av-amoeb2-0bd59adfd079e235294fb2821a15700f\">\n.avia-image-container.av-amoeb2-0bd59adfd079e235294fb2821a15700f img.avia_image{\nbox-shadow:none;\n}\n.avia-image-container.av-amoeb2-0bd59adfd079e235294fb2821a15700f .av-image-caption-overlay-center{\ncolor:#ffffff;\n}\n<\/style>\n<div  class='avia-image-container av-amoeb2-0bd59adfd079e235294fb2821a15700f av-styling- avia-align-center  avia-builder-el-1  el_after_av_codeblock  el_before_av_one_full '   itemprop=\"image\" itemscope=\"itemscope\" itemtype=\"https:\/\/schema.org\/ImageObject\" ><div class=\"avia-image-container-inner\"><div class=\"avia-image-overlay-wrap\"><img decoding=\"async\" fetchpriority=\"high\" class='wp-image-13594 avia-img-lazy-loading-not-13594 avia_image ' src=\"https:\/\/www.scandbook.com\/wp-content\/uploads\/2024\/08\/logistics.webp\" alt='Logistics' title='Logistics'  height=\"365\" width=\"1024\"  itemprop=\"thumbnailUrl\" srcset=\"https:\/\/www.scandbook.com\/wp-content\/uploads\/2024\/08\/logistics.webp 1024w, https:\/\/www.scandbook.com\/wp-content\/uploads\/2024\/08\/logistics-300x107.webp 300w, https:\/\/www.scandbook.com\/wp-content\/uploads\/2024\/08\/logistics-768x274.webp 768w, https:\/\/www.scandbook.com\/wp-content\/uploads\/2024\/08\/logistics-705x251.webp 705w\" sizes=\"(max-width: 1024px) 100vw, 1024px\" \/><\/div><\/div><\/div>\n\n<style type=\"text\/css\" data-created_by=\"avia_inline_auto\" id=\"style-css-av-9c55ny-3a2192508443468a147e3e0e1200c20a\">\n.flex_column.av-9c55ny-3a2192508443468a147e3e0e1200c20a{\nborder-radius:0px 0px 0px 0px;\npadding:0px 0px 0px 0px;\n}\n<\/style>\n<div  class='flex_column av-9c55ny-3a2192508443468a147e3e0e1200c20a av_one_full  avia-builder-el-2  el_after_av_image  el_before_av_tab_container  first flex_column_div av-zero-column-padding  '     ><section  class='av_textblock_section av-qf926-7787b07f7fdfc4a3876553605c6e8f6f '   itemscope=\"itemscope\" itemtype=\"https:\/\/schema.org\/CreativeWork\" ><div class='avia_textblock'  itemprop=\"text\" ><h1>Logistik<\/h1>\n<\/div><\/section><\/div>\n<div  class='tabcontainer av-lfkpzz0t-ef37506ae65b9612cf1da5da8902823a top_tab  avia-builder-el-4  el_after_av_one_full  avia-builder-el-last '>\n<section class='av_tab_section av_tab_section av-lfkq0wb4-6a300cac42ead0be9660ef61db9d790c'  itemscope=\"itemscope\" itemtype=\"https:\/\/schema.org\/CreativeWork\" ><div id='tab-id-1-tab' class='tab active_tab' role='tab' aria-selected=\"true\" tabindex=\"0\" data-fake-id='#tab-id-1' aria-controls='tab-id-1-content'  itemprop=\"headline\" >Ber\u00e4knad leveranstid<\/div><div id='tab-id-1-content' class='tab_content active_tab_content' role='tabpanel' aria-labelledby='tab-id-1-tab' aria-hidden=\"false\"><div class='tab_inner_content invers-color'  itemprop=\"text\" ><h3>Ber\u00e4knad leveranstid till l\u00e4nder fr\u00e5n Falun<\/h3>\n<p>Sverige 1-2 arbetsdagar.<br \/>\nNorge 1-2 arbetsdagar.<br \/>\nFinland 2-3 arbetsdagar.<br \/>\nTyskland 2-3 arbetsdagar.<br \/>\nPolen 2-3 arbetsdagar.<br \/>\nTjeckien 2-3 arbetsdagar.<br \/>\nHolland 2-3 arbetsdagar.<br \/>\nDanmark 2 arbetsdagar.<br \/>\nLettland 2-3 arbetsdagar.<br \/>\nEstland 2-3 arbetsdagar.<br \/>\nLitauen 2-3 arbetsdagar.<\/p>\n<p><em>Observera att dessa leveranstider kan \u00e4ndras beroende p\u00e5 olika faktorer.<br \/>\n<\/em><\/p>\n<hr \/>\n<h3>Ber\u00e4knade leveranstider till l\u00e4nder fr\u00e5n Klaipeda<\/h3>\n<p>Sverige 1-2 arbetsdagar.<br \/>\nNorge 2-3 arbetsdagar.<br \/>\nFinland 2 arbetsdagar.<br \/>\nTyskland 2 arbetsdagar.<br \/>\nPolen 1-2 arbetsdagar.<br \/>\nTjeckien 2-3 arbetsdagar.<br \/>\nHolland 2-3 arbetsdagar.<br \/>\nDanmark 2 arbetsdagar.<br \/>\nLettland 1-2 arbetsdagar.<br \/>\nEstland 1-2 arbetsdagar.<br \/>\nLitauen 1 arbetsdagar.<\/p>\n<p><em>Observera att dessa leveranstider kan \u00e4ndras beroende p\u00e5 olika faktorer.<\/em><\/p>\n<\/div><\/div><\/section>\n<section class='av_tab_section av_tab_section av-lfkpzvzw-a7a6b9675d67abce7ad47dfb088bef34'  itemscope=\"itemscope\" itemtype=\"https:\/\/schema.org\/CreativeWork\" ><div id='tab-id-2-tab' class='tab' role='tab' aria-selected=\"false\" tabindex=\"0\" data-fake-id='#tab-id-2' aria-controls='tab-id-2-content'  itemprop=\"headline\" >Transport<\/div><div id='tab-id-2-content' class='tab_content' role='tabpanel' aria-labelledby='tab-id-2-tab' aria-hidden=\"true\"><div class='tab_inner_content invers-color'  itemprop=\"text\" ><h2>Transport<\/h2>\n<p align=\"justify\">Leverans av dina b\u00f6cker, i tid, \u00e4r en av de viktigaste delarna i produktionskedjan. Fr\u00e5ga g\u00e4rna din <a href=\"http:\/\/www.scandbook.com\/kontakt\/kundtjanst\/falun-sverige\/?lang=sv\">projektledare<\/a> om vad som \u00e4r det f\u00f6rdelaktigaste transports\u00e4ttet till aktuell destination.<\/p>\n<p align=\"justify\">Vi skeppar i nul\u00e4get ca 2500 europapallar med b\u00f6cker varje m\u00e5nad. Fyra l\u00e5ngtradare med b\u00f6cker l\u00e4mnar v\u00e5r anl\u00e4ggning i Litauen varje vecka till Norge, Sverige, Finland, Danmark och Polen samt lokala leveranser i Lituaen. Fr\u00e5n anl\u00e4ggningen i Falun g\u00e5r bilar dagligen till Stockholm (\u00f6ver dagen) och Oslo (\u00f6ver natten) samt flera dagar i veckan till Danmark, Norge (\u00f6vriga orter) och Finland.<\/p>\n<p><strong>V\u00e5ra transportpartners f\u00f6r utrikes transporter:<br \/>\n<\/strong><\/p>\n<ul>\n<li>DSV<\/li>\n<li>Itella logistics<\/li>\n<li>Wm H.Muller &amp; Co (Burger group)<\/li>\n<li>DHL<\/li>\n<\/ul>\n<p>I Sverige samarbetar vi med Antalis och Schenker.<\/p>\n<\/div><\/div><\/section>\n<\/div>\n","protected":false},"excerpt":{"rendered":"","protected":false},"author":9,"featured_media":0,"parent":51,"menu_order":23,"comment_status":"closed","ping_status":"closed","template":"","meta":{"footnotes":""},"class_list":["post-1598","page","type-page","status-publish","hentry"],"yoast_head":"<!-- This site is optimized with the Yoast SEO Premium plugin v27.4 (Yoast SEO v27.4) - https:\/\/yoast.com\/product\/yoast-seo-premium-wordpress\/ -->\n<title>Logistik - ScandBook<\/title>\n<meta name=\"description\" content=\"Leverans av dina b\u00f6cker, i tid, \u00e4r en av de viktigaste delarna i produktionskedjan. Ber\u00e4knad leveranstid till l\u00e4nder fr\u00e5n Falun och Klaipeda\" \/>\n<meta name=\"robots\" content=\"index, follow, max-snippet:-1, max-image-preview:large, max-video-preview:-1\" \/>\n<link rel=\"canonical\" href=\"https:\/\/www.scandbook.com\/sv\/produkter-tjanster\/logistik\/\" \/>\n<meta property=\"og:locale\" content=\"sv_SE\" \/>\n<meta property=\"og:type\" content=\"article\" \/>\n<meta property=\"og:title\" content=\"Logistik\" \/>\n<meta property=\"og:description\" content=\"Leverans av dina b\u00f6cker, i tid, \u00e4r en av de viktigaste delarna i produktionskedjan. Ber\u00e4knad leveranstid till l\u00e4nder fr\u00e5n Falun och Klaipeda\" \/>\n<meta property=\"og:url\" content=\"https:\/\/www.scandbook.com\/sv\/produkter-tjanster\/logistik\/\" \/>\n<meta property=\"og:site_name\" content=\"ScandBook\" \/>\n<meta property=\"article:publisher\" content=\"https:\/\/www.facebook.com\/profile.php?id=100063569394878&amp;sk=about&amp;locale=sv_SE\" \/>\n<meta property=\"article:modified_time\" content=\"2024-08-23T10:29:25+00:00\" \/>\n<meta name=\"twitter:card\" content=\"summary_large_image\" \/>\n<meta name=\"twitter:label1\" content=\"Ber\u00e4knad l\u00e4stid\" \/>\n\t<meta name=\"twitter:data1\" content=\"2 minuter\" \/>\n<script type=\"application\/ld+json\" class=\"yoast-schema-graph\">{\"@context\":\"https:\\\/\\\/schema.org\",\"@graph\":[{\"@type\":\"WebPage\",\"@id\":\"https:\\\/\\\/www.scandbook.com\\\/sv\\\/produkter-tjanster\\\/logistik\\\/\",\"url\":\"https:\\\/\\\/www.scandbook.com\\\/sv\\\/produkter-tjanster\\\/logistik\\\/\",\"name\":\"Logistik - ScandBook\",\"isPartOf\":{\"@id\":\"https:\\\/\\\/www.scandbook.com\\\/sv\\\/#website\"},\"datePublished\":\"2016-02-02T13:20:18+00:00\",\"dateModified\":\"2024-08-23T10:29:25+00:00\",\"description\":\"Leverans av dina b\u00f6cker, i tid, \u00e4r en av de viktigaste delarna i produktionskedjan. Ber\u00e4knad leveranstid till l\u00e4nder fr\u00e5n Falun och Klaipeda\",\"breadcrumb\":{\"@id\":\"https:\\\/\\\/www.scandbook.com\\\/sv\\\/produkter-tjanster\\\/logistik\\\/#breadcrumb\"},\"inLanguage\":\"sv-SE\",\"potentialAction\":[{\"@type\":\"ReadAction\",\"target\":[\"https:\\\/\\\/www.scandbook.com\\\/sv\\\/produkter-tjanster\\\/logistik\\\/\"]}]},{\"@type\":\"BreadcrumbList\",\"@id\":\"https:\\\/\\\/www.scandbook.com\\\/sv\\\/produkter-tjanster\\\/logistik\\\/#breadcrumb\",\"itemListElement\":[{\"@type\":\"ListItem\",\"position\":1,\"name\":\"Home\",\"item\":\"https:\\\/\\\/www.scandbook.com\\\/sv\\\/\"},{\"@type\":\"ListItem\",\"position\":2,\"name\":\"Produkter &#038; Tj\u00e4nster\",\"item\":\"https:\\\/\\\/www.scandbook.com\\\/sv\\\/produkter-tjanster\\\/?lang=sv\"},{\"@type\":\"ListItem\",\"position\":3,\"name\":\"Logistik\"}]},{\"@type\":\"WebSite\",\"@id\":\"https:\\\/\\\/www.scandbook.com\\\/sv\\\/#website\",\"url\":\"https:\\\/\\\/www.scandbook.com\\\/sv\\\/\",\"name\":\"ScandBook\",\"description\":\"Skandinaviens ledande bokproducent\",\"publisher\":{\"@id\":\"https:\\\/\\\/www.scandbook.com\\\/sv\\\/#organization\"},\"potentialAction\":[{\"@type\":\"SearchAction\",\"target\":{\"@type\":\"EntryPoint\",\"urlTemplate\":\"https:\\\/\\\/www.scandbook.com\\\/sv\\\/?s={search_term_string}\"},\"query-input\":{\"@type\":\"PropertyValueSpecification\",\"valueRequired\":true,\"valueName\":\"search_term_string\"}}],\"inLanguage\":\"sv-SE\"},{\"@type\":\"Organization\",\"@id\":\"https:\\\/\\\/www.scandbook.com\\\/sv\\\/#organization\",\"name\":\"ScandBook\",\"url\":\"https:\\\/\\\/www.scandbook.com\\\/sv\\\/\",\"logo\":{\"@type\":\"ImageObject\",\"inLanguage\":\"sv-SE\",\"@id\":\"https:\\\/\\\/www.scandbook.com\\\/sv\\\/#\\\/schema\\\/logo\\\/image\\\/\",\"url\":\"https:\\\/\\\/www.scandbook.com\\\/wp-content\\\/uploads\\\/2023\\\/05\\\/scandbook-funding-climate-action.webp\",\"contentUrl\":\"https:\\\/\\\/www.scandbook.com\\\/wp-content\\\/uploads\\\/2023\\\/05\\\/scandbook-funding-climate-action.webp\",\"width\":256,\"height\":88,\"caption\":\"ScandBook\"},\"image\":{\"@id\":\"https:\\\/\\\/www.scandbook.com\\\/sv\\\/#\\\/schema\\\/logo\\\/image\\\/\"},\"sameAs\":[\"https:\\\/\\\/www.facebook.com\\\/profile.php?id=100063569394878&sk=about&locale=sv_SE\",\"https:\\\/\\\/www.linkedin.com\\\/company\\\/scandbook-ab\\\/\"]}]}<\/script>\n<!-- \/ Yoast SEO Premium plugin. -->","yoast_head_json":{"title":"Logistik - ScandBook","description":"Leverans av dina b\u00f6cker, i tid, \u00e4r en av de viktigaste delarna i produktionskedjan. Ber\u00e4knad leveranstid till l\u00e4nder fr\u00e5n Falun och Klaipeda","robots":{"index":"index","follow":"follow","max-snippet":"max-snippet:-1","max-image-preview":"max-image-preview:large","max-video-preview":"max-video-preview:-1"},"canonical":"https:\/\/www.scandbook.com\/sv\/produkter-tjanster\/logistik\/","og_locale":"sv_SE","og_type":"article","og_title":"Logistik","og_description":"Leverans av dina b\u00f6cker, i tid, \u00e4r en av de viktigaste delarna i produktionskedjan. Ber\u00e4knad leveranstid till l\u00e4nder fr\u00e5n Falun och Klaipeda","og_url":"https:\/\/www.scandbook.com\/sv\/produkter-tjanster\/logistik\/","og_site_name":"ScandBook","article_publisher":"https:\/\/www.facebook.com\/profile.php?id=100063569394878&sk=about&locale=sv_SE","article_modified_time":"2024-08-23T10:29:25+00:00","twitter_card":"summary_large_image","twitter_misc":{"Ber\u00e4knad l\u00e4stid":"2 minuter"},"schema":{"@context":"https:\/\/schema.org","@graph":[{"@type":"WebPage","@id":"https:\/\/www.scandbook.com\/sv\/produkter-tjanster\/logistik\/","url":"https:\/\/www.scandbook.com\/sv\/produkter-tjanster\/logistik\/","name":"Logistik - ScandBook","isPartOf":{"@id":"https:\/\/www.scandbook.com\/sv\/#website"},"datePublished":"2016-02-02T13:20:18+00:00","dateModified":"2024-08-23T10:29:25+00:00","description":"Leverans av dina b\u00f6cker, i tid, \u00e4r en av de viktigaste delarna i produktionskedjan. Ber\u00e4knad leveranstid till l\u00e4nder fr\u00e5n Falun och Klaipeda","breadcrumb":{"@id":"https:\/\/www.scandbook.com\/sv\/produkter-tjanster\/logistik\/#breadcrumb"},"inLanguage":"sv-SE","potentialAction":[{"@type":"ReadAction","target":["https:\/\/www.scandbook.com\/sv\/produkter-tjanster\/logistik\/"]}]},{"@type":"BreadcrumbList","@id":"https:\/\/www.scandbook.com\/sv\/produkter-tjanster\/logistik\/#breadcrumb","itemListElement":[{"@type":"ListItem","position":1,"name":"Home","item":"https:\/\/www.scandbook.com\/sv\/"},{"@type":"ListItem","position":2,"name":"Produkter &#038; Tj\u00e4nster","item":"https:\/\/www.scandbook.com\/sv\/produkter-tjanster\/?lang=sv"},{"@type":"ListItem","position":3,"name":"Logistik"}]},{"@type":"WebSite","@id":"https:\/\/www.scandbook.com\/sv\/#website","url":"https:\/\/www.scandbook.com\/sv\/","name":"ScandBook","description":"Skandinaviens ledande bokproducent","publisher":{"@id":"https:\/\/www.scandbook.com\/sv\/#organization"},"potentialAction":[{"@type":"SearchAction","target":{"@type":"EntryPoint","urlTemplate":"https:\/\/www.scandbook.com\/sv\/?s={search_term_string}"},"query-input":{"@type":"PropertyValueSpecification","valueRequired":true,"valueName":"search_term_string"}}],"inLanguage":"sv-SE"},{"@type":"Organization","@id":"https:\/\/www.scandbook.com\/sv\/#organization","name":"ScandBook","url":"https:\/\/www.scandbook.com\/sv\/","logo":{"@type":"ImageObject","inLanguage":"sv-SE","@id":"https:\/\/www.scandbook.com\/sv\/#\/schema\/logo\/image\/","url":"https:\/\/www.scandbook.com\/wp-content\/uploads\/2023\/05\/scandbook-funding-climate-action.webp","contentUrl":"https:\/\/www.scandbook.com\/wp-content\/uploads\/2023\/05\/scandbook-funding-climate-action.webp","width":256,"height":88,"caption":"ScandBook"},"image":{"@id":"https:\/\/www.scandbook.com\/sv\/#\/schema\/logo\/image\/"},"sameAs":["https:\/\/www.facebook.com\/profile.php?id=100063569394878&sk=about&locale=sv_SE","https:\/\/www.linkedin.com\/company\/scandbook-ab\/"]}]}},"_links":{"self":[{"href":"https:\/\/www.scandbook.com\/sv\/wp-json\/wp\/v2\/pages\/1598","targetHints":{"allow":["GET"]}}],"collection":[{"href":"https:\/\/www.scandbook.com\/sv\/wp-json\/wp\/v2\/pages"}],"about":[{"href":"https:\/\/www.scandbook.com\/sv\/wp-json\/wp\/v2\/types\/page"}],"author":[{"embeddable":true,"href":"https:\/\/www.scandbook.com\/sv\/wp-json\/wp\/v2\/users\/9"}],"replies":[{"embeddable":true,"href":"https:\/\/www.scandbook.com\/sv\/wp-json\/wp\/v2\/comments?post=1598"}],"version-history":[{"count":8,"href":"https:\/\/www.scandbook.com\/sv\/wp-json\/wp\/v2\/pages\/1598\/revisions"}],"predecessor-version":[{"id":13593,"href":"https:\/\/www.scandbook.com\/sv\/wp-json\/wp\/v2\/pages\/1598\/revisions\/13593"}],"up":[{"embeddable":true,"href":"https:\/\/www.scandbook.com\/sv\/wp-json\/wp\/v2\/pages\/51"}],"wp:attachment":[{"href":"https:\/\/www.scandbook.com\/sv\/wp-json\/wp\/v2\/media?parent=1598"}],"curies":[{"name":"wp","href":"https:\/\/api.w.org\/{rel}","templated":true}]}}