{"id":1526,"date":"2016-01-15T10:16:19","date_gmt":"2016-01-15T09:16:19","guid":{"rendered":"http:\/\/development.scandbook-internt.se\/kontakta\/sales\/?lang=sv"},"modified":"2025-02-24T08:29:43","modified_gmt":"2025-02-24T07:29:43","slug":"kundtjanst","status":"publish","type":"page","link":"https:\/\/www.scandbook.com\/sv\/kontakt\/kundtjanst\/","title":{"rendered":"Kundtj\u00e4nst"},"content":{"rendered":"\n\n<style type=\"text\/css\" data-created_by=\"avia_inline_auto\" id=\"style-css-av-dhdvti-baeae7f30f45656f4d3c19bb34b29b84\">\n.flex_column.av-dhdvti-baeae7f30f45656f4d3c19bb34b29b84{\nborder-radius:0px 0px 0px 0px;\npadding:0px 0px 0px 0px;\n}\n<\/style>\n<div  class='flex_column av-dhdvti-baeae7f30f45656f4d3c19bb34b29b84 av_one_full  avia-builder-el-1  el_after_av_codeblock  el_before_av_one_full  first flex_column_div av-zero-column-padding  '     ><style type=\"text\/css\" data-created_by=\"avia_inline_auto\" id=\"style-css-av-crj8qe-ce5d2d2ce04c27a98704b1cb195a6ef5\">\n.avia-image-container.av-crj8qe-ce5d2d2ce04c27a98704b1cb195a6ef5 img.avia_image{\nbox-shadow:none;\n}\n.avia-image-container.av-crj8qe-ce5d2d2ce04c27a98704b1cb195a6ef5 .av-image-caption-overlay-center{\ncolor:#ffffff;\n}\n<\/style>\n<div  class='avia-image-container av-crj8qe-ce5d2d2ce04c27a98704b1cb195a6ef5 av-styling- avia-align-center  avia-builder-el-2  avia-builder-el-no-sibling '   itemprop=\"image\" itemscope=\"itemscope\" itemtype=\"https:\/\/schema.org\/ImageObject\" ><div class=\"avia-image-container-inner\"><div class=\"avia-image-overlay-wrap\"><img decoding=\"async\" fetchpriority=\"high\" class='wp-image-13570 avia-img-lazy-loading-not-13570 avia_image ' src=\"https:\/\/www.scandbook.com\/wp-content\/uploads\/2024\/08\/kontakta.webp\" alt='' title='kontakta'  height=\"402\" width=\"1024\"  itemprop=\"thumbnailUrl\" srcset=\"https:\/\/www.scandbook.com\/wp-content\/uploads\/2024\/08\/kontakta.webp 1024w, https:\/\/www.scandbook.com\/wp-content\/uploads\/2024\/08\/kontakta-300x118.webp 300w, https:\/\/www.scandbook.com\/wp-content\/uploads\/2024\/08\/kontakta-768x302.webp 768w, https:\/\/www.scandbook.com\/wp-content\/uploads\/2024\/08\/kontakta-705x277.webp 705w\" sizes=\"(max-width: 1024px) 100vw, 1024px\" \/><\/div><\/div><\/div><\/div>\n\n<style type=\"text\/css\" data-created_by=\"avia_inline_auto\" id=\"style-css-av-biyy3q-af6266b005a06ae66f832ecf8a97633d\">\n.flex_column.av-biyy3q-af6266b005a06ae66f832ecf8a97633d{\nborder-radius:0px 0px 0px 0px;\npadding:0px 0px 0px 0px;\n}\n<\/style>\n<div  class='flex_column av-biyy3q-af6266b005a06ae66f832ecf8a97633d av_one_full  avia-builder-el-3  el_after_av_one_full  el_before_av_one_half  first flex_column_div av-zero-column-padding  column-top-margin'     ><section  class='av_textblock_section av-8k0f9y-bf9f3eb3b0dd331e2ff1c13253d4dd05 '   itemscope=\"itemscope\" itemtype=\"https:\/\/schema.org\/CreativeWork\" ><div class='avia_textblock'  itemprop=\"text\" ><h1>Kundtj\u00e4nst<\/h1>\n<h3>V\u00e5r erfarna personal finns alltid p\u00e5 plats f\u00f6r att ta hand om dina best\u00e4llningar, besvara dina fr\u00e5gor och f\u00f6lja produktionen av dina b\u00f6cker.<\/h3>\n<p>Varje f\u00f6rlag har sin egen dedikerade projektledare, med backup i teamet.<\/p>\n<\/div><\/section><\/div>\n<div class='flex_column_table av-779nza-7ad6cfb7718a16c51414ba8f83eed421 sc-av_one_half av-equal-height-column-flextable'>\n<style type=\"text\/css\" data-created_by=\"avia_inline_auto\" id=\"style-css-av-779nza-7ad6cfb7718a16c51414ba8f83eed421\">\n.flex_column.av-779nza-7ad6cfb7718a16c51414ba8f83eed421{\nborder-width:1px;\nborder-style:solid;\nborder-radius:2px 2px 2px 2px;\npadding:20px 20px 20px 20px;\nbackground-color:#ffffff;\n}\n<\/style>\n<div  class='flex_column av-779nza-7ad6cfb7718a16c51414ba8f83eed421 av_one_half  avia-builder-el-5  el_after_av_one_full  el_before_av_one_half  first flex_column_table_cell av-equal-height-column av-align-top  column-top-margin'     ><section  class='av_textblock_section av-5o5csm-765686821bbbe1f923c1aa56adf93b1f '   itemscope=\"itemscope\" itemtype=\"https:\/\/schema.org\/CreativeWork\" ><div class='avia_textblock'  itemprop=\"text\" ><h2>Kontaktuppgifter Sverige<\/h2>\n<div class=\"textwidget\"><strong>Bes\u00f6ks-\/leveransadress:<\/strong> L\u00f6v\u00e5sv\u00e4gen 24<br \/>\nSE-791 45 Falun, Sweden<br \/>\n<strong>Postadress:<\/strong> Box 734, SE-791 29 Falun<br \/>\n<strong>Tel:<\/strong> <a href=\"tel:+46 23 76 59 00\">+46 23 76 59 00<\/a><br \/>\n<strong>E-post:<\/strong> <a href=\"mailto:info@scandbook.se\">info@scandbook.se<\/a><\/div>\n<\/div><\/section><\/div><div class='av-flex-placeholder'><\/div>\n<style type=\"text\/css\" data-created_by=\"avia_inline_auto\" id=\"style-css-av-av_one_half-d104f8679275b3428066bacd9a5f1443\">\n.flex_column.av-av_one_half-d104f8679275b3428066bacd9a5f1443{\nborder-width:1px;\nborder-style:solid;\nborder-radius:2px 2px 2px 2px;\npadding:20px 20px 20px 20px;\nbackground-color:#ffffff;\n}\n<\/style>\n<div  class='flex_column av-av_one_half-d104f8679275b3428066bacd9a5f1443 av_one_half  avia-builder-el-7  el_after_av_one_half  avia-builder-el-last  flex_column_table_cell av-equal-height-column av-align-top  column-top-margin'     ><section  class='av_textblock_section av-3azifa-7a470437056248145f9364180781e936 '   itemscope=\"itemscope\" itemtype=\"https:\/\/schema.org\/CreativeWork\" ><div class='avia_textblock'  itemprop=\"text\" ><h2>Kontaktuppgifter Litauen<\/h2>\n<p><strong>Adress:<\/strong> Gamyklos g. 23, Gargzdai, Litauen<br \/>\n<strong>Postnr:<\/strong> LT-96155<br \/>\n<strong>Tel:<\/strong> <a href=\"tel:+370 46 42 03 00\">+370 46 42 03 00<\/a><br \/>\n<strong>Fax:<\/strong> +370 46 45 40 40<br \/>\n<strong>E-post:<\/strong> <a href=\"mailto:info@scandbook.lt\">info@scandbook.lt<\/a><\/p>\n<hr \/>\n<p><strong>Kundservice:<\/strong> <a href=\"tel:+370 46 42 03 02\">+370 46 42 03 02<\/a><br \/>\n<strong>E-post:<\/strong> <a href=\"mailto:clientservice@scandbook.lt\">clientservice@scandbook.lt<\/a><\/p>\n<\/div><\/section><\/div><\/div><!--close column table wrapper. Autoclose: 1 --><\/p>\n","protected":false},"excerpt":{"rendered":"","protected":false},"author":9,"featured_media":0,"parent":125,"menu_order":12,"comment_status":"closed","ping_status":"closed","template":"","meta":{"footnotes":""},"class_list":["post-1526","page","type-page","status-publish","hentry"],"yoast_head":"<!-- This site is optimized with the Yoast SEO Premium plugin v27.4 (Yoast SEO v27.4) - https:\/\/yoast.com\/product\/yoast-seo-premium-wordpress\/ -->\n<title>Kundtj\u00e4nst - ScandBook<\/title>\n<meta name=\"description\" content=\"V\u00e5r erfarna personal finns alltid p\u00e5 plats f\u00f6r att ta hand om dina best\u00e4llningar, besvara dina fr\u00e5gor och f\u00f6lja produktionen av dina b\u00f6cker.\" \/>\n<meta name=\"robots\" content=\"index, follow, max-snippet:-1, max-image-preview:large, max-video-preview:-1\" \/>\n<link rel=\"canonical\" href=\"https:\/\/www.scandbook.com\/sv\/kontakt\/kundtjanst\/\" \/>\n<meta property=\"og:locale\" content=\"sv_SE\" \/>\n<meta property=\"og:type\" content=\"article\" \/>\n<meta property=\"og:title\" content=\"Kundtj\u00e4nst\" \/>\n<meta property=\"og:description\" content=\"V\u00e5r erfarna personal finns alltid p\u00e5 plats f\u00f6r att ta hand om dina best\u00e4llningar, besvara dina fr\u00e5gor och f\u00f6lja produktionen av dina b\u00f6cker.\" \/>\n<meta property=\"og:url\" content=\"https:\/\/www.scandbook.com\/sv\/kontakt\/kundtjanst\/\" \/>\n<meta property=\"og:site_name\" content=\"ScandBook\" \/>\n<meta property=\"article:publisher\" content=\"https:\/\/www.facebook.com\/profile.php?id=100063569394878&amp;sk=about&amp;locale=sv_SE\" \/>\n<meta property=\"article:modified_time\" content=\"2025-02-24T07:29:43+00:00\" \/>\n<meta name=\"twitter:card\" content=\"summary_large_image\" \/>\n<meta name=\"twitter:label1\" content=\"Ber\u00e4knad l\u00e4stid\" \/>\n\t<meta name=\"twitter:data1\" content=\"1 minut\" \/>\n<script type=\"application\/ld+json\" class=\"yoast-schema-graph\">{\"@context\":\"https:\\\/\\\/schema.org\",\"@graph\":[{\"@type\":\"WebPage\",\"@id\":\"https:\\\/\\\/www.scandbook.com\\\/sv\\\/kontakt\\\/kundtjanst\\\/\",\"url\":\"https:\\\/\\\/www.scandbook.com\\\/sv\\\/kontakt\\\/kundtjanst\\\/\",\"name\":\"Kundtj\u00e4nst - ScandBook\",\"isPartOf\":{\"@id\":\"https:\\\/\\\/www.scandbook.com\\\/sv\\\/#website\"},\"datePublished\":\"2016-01-15T09:16:19+00:00\",\"dateModified\":\"2025-02-24T07:29:43+00:00\",\"description\":\"V\u00e5r erfarna personal finns alltid p\u00e5 plats f\u00f6r att ta hand om dina best\u00e4llningar, besvara dina fr\u00e5gor och f\u00f6lja produktionen av dina b\u00f6cker.\",\"breadcrumb\":{\"@id\":\"https:\\\/\\\/www.scandbook.com\\\/sv\\\/kontakt\\\/kundtjanst\\\/#breadcrumb\"},\"inLanguage\":\"sv-SE\",\"potentialAction\":[{\"@type\":\"ReadAction\",\"target\":[\"https:\\\/\\\/www.scandbook.com\\\/sv\\\/kontakt\\\/kundtjanst\\\/\"]}]},{\"@type\":\"BreadcrumbList\",\"@id\":\"https:\\\/\\\/www.scandbook.com\\\/sv\\\/kontakt\\\/kundtjanst\\\/#breadcrumb\",\"itemListElement\":[{\"@type\":\"ListItem\",\"position\":1,\"name\":\"Home\",\"item\":\"https:\\\/\\\/www.scandbook.com\\\/sv\\\/\"},{\"@type\":\"ListItem\",\"position\":2,\"name\":\"Kontakt\",\"item\":\"https:\\\/\\\/www.scandbook.com\\\/sv\\\/kontakt\\\/?lang=sv\"},{\"@type\":\"ListItem\",\"position\":3,\"name\":\"Kundtj\u00e4nst\"}]},{\"@type\":\"WebSite\",\"@id\":\"https:\\\/\\\/www.scandbook.com\\\/sv\\\/#website\",\"url\":\"https:\\\/\\\/www.scandbook.com\\\/sv\\\/\",\"name\":\"ScandBook\",\"description\":\"Skandinaviens ledande bokproducent\",\"publisher\":{\"@id\":\"https:\\\/\\\/www.scandbook.com\\\/sv\\\/#organization\"},\"potentialAction\":[{\"@type\":\"SearchAction\",\"target\":{\"@type\":\"EntryPoint\",\"urlTemplate\":\"https:\\\/\\\/www.scandbook.com\\\/sv\\\/?s={search_term_string}\"},\"query-input\":{\"@type\":\"PropertyValueSpecification\",\"valueRequired\":true,\"valueName\":\"search_term_string\"}}],\"inLanguage\":\"sv-SE\"},{\"@type\":\"Organization\",\"@id\":\"https:\\\/\\\/www.scandbook.com\\\/sv\\\/#organization\",\"name\":\"ScandBook\",\"url\":\"https:\\\/\\\/www.scandbook.com\\\/sv\\\/\",\"logo\":{\"@type\":\"ImageObject\",\"inLanguage\":\"sv-SE\",\"@id\":\"https:\\\/\\\/www.scandbook.com\\\/sv\\\/#\\\/schema\\\/logo\\\/image\\\/\",\"url\":\"https:\\\/\\\/www.scandbook.com\\\/wp-content\\\/uploads\\\/2023\\\/05\\\/scandbook-funding-climate-action.webp\",\"contentUrl\":\"https:\\\/\\\/www.scandbook.com\\\/wp-content\\\/uploads\\\/2023\\\/05\\\/scandbook-funding-climate-action.webp\",\"width\":256,\"height\":88,\"caption\":\"ScandBook\"},\"image\":{\"@id\":\"https:\\\/\\\/www.scandbook.com\\\/sv\\\/#\\\/schema\\\/logo\\\/image\\\/\"},\"sameAs\":[\"https:\\\/\\\/www.facebook.com\\\/profile.php?id=100063569394878&sk=about&locale=sv_SE\",\"https:\\\/\\\/www.linkedin.com\\\/company\\\/scandbook-ab\\\/\"]}]}<\/script>\n<!-- \/ Yoast SEO Premium plugin. -->","yoast_head_json":{"title":"Kundtj\u00e4nst - ScandBook","description":"V\u00e5r erfarna personal finns alltid p\u00e5 plats f\u00f6r att ta hand om dina best\u00e4llningar, besvara dina fr\u00e5gor och f\u00f6lja produktionen av dina b\u00f6cker.","robots":{"index":"index","follow":"follow","max-snippet":"max-snippet:-1","max-image-preview":"max-image-preview:large","max-video-preview":"max-video-preview:-1"},"canonical":"https:\/\/www.scandbook.com\/sv\/kontakt\/kundtjanst\/","og_locale":"sv_SE","og_type":"article","og_title":"Kundtj\u00e4nst","og_description":"V\u00e5r erfarna personal finns alltid p\u00e5 plats f\u00f6r att ta hand om dina best\u00e4llningar, besvara dina fr\u00e5gor och f\u00f6lja produktionen av dina b\u00f6cker.","og_url":"https:\/\/www.scandbook.com\/sv\/kontakt\/kundtjanst\/","og_site_name":"ScandBook","article_publisher":"https:\/\/www.facebook.com\/profile.php?id=100063569394878&sk=about&locale=sv_SE","article_modified_time":"2025-02-24T07:29:43+00:00","twitter_card":"summary_large_image","twitter_misc":{"Ber\u00e4knad l\u00e4stid":"1 minut"},"schema":{"@context":"https:\/\/schema.org","@graph":[{"@type":"WebPage","@id":"https:\/\/www.scandbook.com\/sv\/kontakt\/kundtjanst\/","url":"https:\/\/www.scandbook.com\/sv\/kontakt\/kundtjanst\/","name":"Kundtj\u00e4nst - ScandBook","isPartOf":{"@id":"https:\/\/www.scandbook.com\/sv\/#website"},"datePublished":"2016-01-15T09:16:19+00:00","dateModified":"2025-02-24T07:29:43+00:00","description":"V\u00e5r erfarna personal finns alltid p\u00e5 plats f\u00f6r att ta hand om dina best\u00e4llningar, besvara dina fr\u00e5gor och f\u00f6lja produktionen av dina b\u00f6cker.","breadcrumb":{"@id":"https:\/\/www.scandbook.com\/sv\/kontakt\/kundtjanst\/#breadcrumb"},"inLanguage":"sv-SE","potentialAction":[{"@type":"ReadAction","target":["https:\/\/www.scandbook.com\/sv\/kontakt\/kundtjanst\/"]}]},{"@type":"BreadcrumbList","@id":"https:\/\/www.scandbook.com\/sv\/kontakt\/kundtjanst\/#breadcrumb","itemListElement":[{"@type":"ListItem","position":1,"name":"Home","item":"https:\/\/www.scandbook.com\/sv\/"},{"@type":"ListItem","position":2,"name":"Kontakt","item":"https:\/\/www.scandbook.com\/sv\/kontakt\/?lang=sv"},{"@type":"ListItem","position":3,"name":"Kundtj\u00e4nst"}]},{"@type":"WebSite","@id":"https:\/\/www.scandbook.com\/sv\/#website","url":"https:\/\/www.scandbook.com\/sv\/","name":"ScandBook","description":"Skandinaviens ledande bokproducent","publisher":{"@id":"https:\/\/www.scandbook.com\/sv\/#organization"},"potentialAction":[{"@type":"SearchAction","target":{"@type":"EntryPoint","urlTemplate":"https:\/\/www.scandbook.com\/sv\/?s={search_term_string}"},"query-input":{"@type":"PropertyValueSpecification","valueRequired":true,"valueName":"search_term_string"}}],"inLanguage":"sv-SE"},{"@type":"Organization","@id":"https:\/\/www.scandbook.com\/sv\/#organization","name":"ScandBook","url":"https:\/\/www.scandbook.com\/sv\/","logo":{"@type":"ImageObject","inLanguage":"sv-SE","@id":"https:\/\/www.scandbook.com\/sv\/#\/schema\/logo\/image\/","url":"https:\/\/www.scandbook.com\/wp-content\/uploads\/2023\/05\/scandbook-funding-climate-action.webp","contentUrl":"https:\/\/www.scandbook.com\/wp-content\/uploads\/2023\/05\/scandbook-funding-climate-action.webp","width":256,"height":88,"caption":"ScandBook"},"image":{"@id":"https:\/\/www.scandbook.com\/sv\/#\/schema\/logo\/image\/"},"sameAs":["https:\/\/www.facebook.com\/profile.php?id=100063569394878&sk=about&locale=sv_SE","https:\/\/www.linkedin.com\/company\/scandbook-ab\/"]}]}},"_links":{"self":[{"href":"https:\/\/www.scandbook.com\/sv\/wp-json\/wp\/v2\/pages\/1526","targetHints":{"allow":["GET"]}}],"collection":[{"href":"https:\/\/www.scandbook.com\/sv\/wp-json\/wp\/v2\/pages"}],"about":[{"href":"https:\/\/www.scandbook.com\/sv\/wp-json\/wp\/v2\/types\/page"}],"author":[{"embeddable":true,"href":"https:\/\/www.scandbook.com\/sv\/wp-json\/wp\/v2\/users\/9"}],"replies":[{"embeddable":true,"href":"https:\/\/www.scandbook.com\/sv\/wp-json\/wp\/v2\/comments?post=1526"}],"version-history":[{"count":13,"href":"https:\/\/www.scandbook.com\/sv\/wp-json\/wp\/v2\/pages\/1526\/revisions"}],"predecessor-version":[{"id":13972,"href":"https:\/\/www.scandbook.com\/sv\/wp-json\/wp\/v2\/pages\/1526\/revisions\/13972"}],"up":[{"embeddable":true,"href":"https:\/\/www.scandbook.com\/sv\/wp-json\/wp\/v2\/pages\/125"}],"wp:attachment":[{"href":"https:\/\/www.scandbook.com\/sv\/wp-json\/wp\/v2\/media?parent=1526"}],"curies":[{"name":"wp","href":"https:\/\/api.w.org\/{rel}","templated":true}]}}