{"id":1522,"date":"2015-11-13T10:56:07","date_gmt":"2015-11-13T09:56:07","guid":{"rendered":"http:\/\/development.scandbook-internt.se\/falun-sweden\/?lang=sv"},"modified":"2025-02-26T09:31:44","modified_gmt":"2025-02-26T08:31:44","slug":"falun-sverige","status":"publish","type":"page","link":"https:\/\/www.scandbook.com\/sv\/kontakt\/kundtjanst\/falun-sverige\/","title":{"rendered":"Falun, Sverige"},"content":{"rendered":"\n\n<style type=\"text\/css\" data-created_by=\"avia_inline_auto\" id=\"style-css-av-r622wi-4ffb9d937f34352e0c47052734c998fc\">\n.flex_column.av-r622wi-4ffb9d937f34352e0c47052734c998fc{\nborder-radius:0px 0px 0px 0px;\npadding:0px 0px 0px 0px;\n}\n<\/style>\n<div  class='flex_column av-r622wi-4ffb9d937f34352e0c47052734c998fc av_one_full  avia-builder-el-1  el_after_av_codeblock  el_before_av_one_full  first flex_column_div av-zero-column-padding  '     ><div  class='av_gmaps_sc_main_wrap av_gmaps_main_wrap '><div id='av_gmap_0' class='avia-google-map-container avia-google-map-sc av_gmaps_show_unconditionally av-no-fallback-img ' data-mapid='av_gmap_0'  style='height: 300px;'><a class=\"av_gmaps_browser_disabled av_text_confirm_link av_text_confirm_link_visible\" href=\"https:\/\/www.google.com\/maps\/search\/?api=1&#038;query=L\u00f6v\u00e5sv\u00e4gen%2024%20%20Falun%20%20Sweden\" target=\"_blank\">Maps were disabled by the visitor on this site. Click to open the map in a new window.<\/a><\/div><\/div><\/div>\n\n<style type=\"text\/css\" data-created_by=\"avia_inline_auto\" id=\"style-css-av-mh7z6a-469d6d7db6b81402ae5cec1ee11ad733\">\n.flex_column.av-mh7z6a-469d6d7db6b81402ae5cec1ee11ad733{\nborder-radius:0px 0px 0px 0px;\npadding:0px 0px 0px 0px;\n}\n<\/style>\n<div  class='flex_column av-mh7z6a-469d6d7db6b81402ae5cec1ee11ad733 av_one_full  avia-builder-el-3  el_after_av_one_full  el_before_av_one_third  first flex_column_div av-zero-column-padding  column-top-margin'     ><section  class='av_textblock_section av-k6pq5u-53fc9d9876cdfbc6b16561fb0ea49b8f '   itemscope=\"itemscope\" itemtype=\"https:\/\/schema.org\/CreativeWork\" ><div class='avia_textblock'  itemprop=\"text\" ><h1>Falun \u2013 Sverige<\/h1>\n<\/div><\/section><\/div>\n<div class='flex_column_table av-ijrt9u-ceb15f52a8bb4504a4648e6be70f7c68 sc-av_one_third av-equal-height-column-flextable'>\n<style type=\"text\/css\" data-created_by=\"avia_inline_auto\" id=\"style-css-av-ijrt9u-ceb15f52a8bb4504a4648e6be70f7c68\">\n.flex_column.av-ijrt9u-ceb15f52a8bb4504a4648e6be70f7c68{\nborder-width:1px;\nborder-style:solid;\nborder-radius:2px 2px 2px 2px;\npadding:20px 20px 20px 20px;\nbackground-color:#ffffff;\n}\n<\/style>\n<div  class='flex_column av-ijrt9u-ceb15f52a8bb4504a4648e6be70f7c68 av_one_third  avia-builder-el-5  el_after_av_one_full  el_before_av_one_third  first flex_column_table_cell av-equal-height-column av-align-top  column-top-margin'     ><section  class='av_textblock_section av-hadxtu-418c8a9628eb2dd38b41f4a006ff90de '   itemscope=\"itemscope\" itemtype=\"https:\/\/schema.org\/CreativeWork\" ><div class='avia_textblock'  itemprop=\"text\" ><p><img loading=\"lazy\" decoding=\"async\" class=\"aligncenter wp-image-1283 size-full\" src=\"https:\/\/www.scandbook.com\/wp-content\/uploads\/2024\/08\/jocke-200x134-1.webp\" alt=\"Joachim Hagstr\u00f6m\" width=\"200\" height=\"134\" \/><\/p>\n<p style=\"text-align: center;\"><strong>Joachim Hagstr\u00f6m<\/strong><br \/>\n<em>Projektledare (NO, DK, IE, SE, FI)<\/em><br \/>\n<a href=\"tel:+46 23 76 59 14\">+46 23 76 59 14<\/a><br \/>\n<a href=\"tel:+46 70 219 21 83\">+46 70 219 21 83<\/a><br \/>\n<a href=\"mailto:joachim.hagstrom@scandbook.se\">joachim.hagstrom@scandbook.se<\/a><\/p>\n<\/div><\/section><\/div><div class='av-flex-placeholder'><\/div>\n<style type=\"text\/css\" data-created_by=\"avia_inline_auto\" id=\"style-css-av-av_one_third-d104f8679275b3428066bacd9a5f1443\">\n.flex_column.av-av_one_third-d104f8679275b3428066bacd9a5f1443{\nborder-width:1px;\nborder-style:solid;\nborder-radius:2px 2px 2px 2px;\npadding:20px 20px 20px 20px;\nbackground-color:#ffffff;\n}\n<\/style>\n<div  class='flex_column av-av_one_third-d104f8679275b3428066bacd9a5f1443 av_one_third  avia-builder-el-7  el_after_av_one_third  el_before_av_one_third  flex_column_table_cell av-equal-height-column av-align-top  column-top-margin'     ><section  class='av_textblock_section av-dvm56a-de37c8ffc213138d8483e7e0c5dc59b0 '   itemscope=\"itemscope\" itemtype=\"https:\/\/schema.org\/CreativeWork\" ><div class='avia_textblock'  itemprop=\"text\" ><p><img loading=\"lazy\" decoding=\"async\" class=\"aligncenter wp-image-1518 size-full\" src=\"https:\/\/www.scandbook.com\/wp-content\/uploads\/2024\/08\/anna-200x134-1.webp\" alt=\"Anna Johansson\" width=\"200\" height=\"134\" \/><\/p>\n<p style=\"text-align: center;\"><strong>Anna Johansson<\/strong><br \/>\n<em>Projektledare (SE)<\/em><br \/>\n<a href=\"tel:+46 23 76 59 17\">+46 23 76 59 17<\/a><br \/>\n<a href=\"tel:+46 70 335 02 66\">+46 70 335 02 66<\/a><br \/>\n<a href=\"mailto:anna.johansson@scandbook.se\">anna.johansson@scandbook.se<\/a><\/p>\n<\/div><\/section><\/div><\/p>\n<div class='av-flex-placeholder'><\/div>\n<style type=\"text\/css\" data-created_by=\"avia_inline_auto\" id=\"style-css-av-av_one_third-d104f8679275b3428066bacd9a5f1443\">\n.flex_column.av-av_one_third-d104f8679275b3428066bacd9a5f1443{\nborder-width:1px;\nborder-style:solid;\nborder-radius:2px 2px 2px 2px;\npadding:20px 20px 20px 20px;\nbackground-color:#ffffff;\n}\n<\/style>\n<div  class='flex_column av-av_one_third-d104f8679275b3428066bacd9a5f1443 av_one_third  avia-builder-el-9  el_after_av_one_third  el_before_av_one_third  flex_column_table_cell av-equal-height-column av-align-top  column-top-margin'     ><section  class='av_textblock_section av-jlmab46y-e24f853881a3c51095efab24c67cc18e '   itemscope=\"itemscope\" itemtype=\"https:\/\/schema.org\/CreativeWork\" ><div class='avia_textblock'  itemprop=\"text\" ><p><img loading=\"lazy\" decoding=\"async\" class=\"aligncenter wp-image-5293 size-full\" src=\"https:\/\/www.scandbook.com\/wp-content\/uploads\/2024\/08\/lenita-helala.webp\" alt=\"\" width=\"200\" height=\"134\" \/><\/p>\n<p style=\"text-align: center;\"><strong>Lenita Helala<\/strong><br \/>\n<em>Projektledare<\/em><br \/>\n<a href=\"tel:+46 23 76 59 33\">+46 23 76 59 33<\/a><br \/>\n<a href=\"mailto:lenita.helala@scandbook.se\">lenita.helala@scandbook.se<\/a><\/p>\n<\/div><\/section><\/div><\/div><!--close column table wrapper. Autoclose: 1 -->\n<div class='flex_column_table av-av_one_third-e6f3205cdab8443691b21aeb66c4ec58 sc-av_one_third av-equal-height-column-flextable'>\n<style type=\"text\/css\" data-created_by=\"avia_inline_auto\" id=\"style-css-av-av_one_third-e6f3205cdab8443691b21aeb66c4ec58\">\n.flex_column.av-av_one_third-e6f3205cdab8443691b21aeb66c4ec58{\nborder-width:1px;\nborder-style:solid;\nborder-radius:2px 2px 2px 2px;\npadding:20px 20px 20px 20px;\nbackground-color:#ffffff;\n}\n<\/style>\n<div  class='flex_column av-av_one_third-e6f3205cdab8443691b21aeb66c4ec58 av_one_third  avia-builder-el-11  el_after_av_one_third  el_before_av_one_third  first flex_column_table_cell av-equal-height-column av-align-top  column-top-margin'     ><section  class='av_textblock_section av-7at1u-6beab4a33be2a75788e593495e24b7b4 '   itemscope=\"itemscope\" itemtype=\"https:\/\/schema.org\/CreativeWork\" ><div class='avia_textblock'  itemprop=\"text\" ><p><img loading=\"lazy\" decoding=\"async\" class=\"wp-image-3332 size-full aligncenter\" src=\"https:\/\/www.scandbook.com\/wp-content\/uploads\/2024\/08\/johan-jansson-200x134-1.webp\" alt=\"Johan jansson\" width=\"200\" height=\"134\" \/><\/p>\n<p style=\"text-align: center;\"><strong>Johan Jansson<\/strong><br \/>\n<em>Projektledare<\/em><br \/>\n<a href=\"tel:+46 23 76 59 35\">+46 23 76 59 35<\/a><br \/>\n<a href=\"tel:+46 70 446 04 84\">+46 70 446 04 84<\/a><br \/>\n<a href=\"mailto: johan.jansson@scandbook.se\">johan.jansson@scandbook.se<\/a><\/p>\n<\/div><\/section><\/div>\n<div class='av-flex-placeholder'><\/div>\n<style type=\"text\/css\" data-created_by=\"avia_inline_auto\" id=\"style-css-av-g9t4y-a7aa8f860f93c7713ed34a298eb2c5ff\">\n.flex_column.av-g9t4y-a7aa8f860f93c7713ed34a298eb2c5ff{\nborder-radius:0px 0px 0px 0px;\npadding:0px 0px 0px 0px;\n}\n<\/style>\n<div  class='flex_column av-g9t4y-a7aa8f860f93c7713ed34a298eb2c5ff av_one_third  avia-builder-el-13  el_after_av_one_third  el_before_av_one_third  flex_column_table_cell av-equal-height-column av-align-top av-zero-column-padding  column-top-margin'     ><section  class='av_textblock_section av-7at1u-28704abfadcaa9ffeb172b463e005a33 '   itemscope=\"itemscope\" itemtype=\"https:\/\/schema.org\/CreativeWork\" ><div class='avia_textblock'  itemprop=\"text\" ><\/div><\/section><\/div>\n<div class='av-flex-placeholder'><\/div>\n<style type=\"text\/css\" data-created_by=\"avia_inline_auto\" id=\"style-css-av-av_one_third-699248f23a309dda907cee54960fbaa0\">\n.flex_column.av-av_one_third-699248f23a309dda907cee54960fbaa0{\nborder-radius:0px 0px 0px 0px;\npadding:0px 0px 0px 0px;\n}\n<\/style>\n<div  class='flex_column av-av_one_third-699248f23a309dda907cee54960fbaa0 av_one_third  avia-builder-el-15  el_after_av_one_third  avia-builder-el-last  flex_column_table_cell av-equal-height-column av-align-top av-zero-column-padding  column-top-margin'     ><section  class='av_textblock_section av-av_textblock-681aee1dd5a0725615f5b616a49e8b76 '   itemscope=\"itemscope\" itemtype=\"https:\/\/schema.org\/CreativeWork\" ><div class='avia_textblock'  itemprop=\"text\" ><\/div><\/section><\/div><\/div><!--close column table wrapper. Autoclose: 1 -->\n","protected":false},"excerpt":{"rendered":"","protected":false},"author":9,"featured_media":13753,"parent":1526,"menu_order":21,"comment_status":"closed","ping_status":"closed","template":"","meta":{"footnotes":""},"class_list":["post-1522","page","type-page","status-publish","has-post-thumbnail","hentry"],"yoast_head":"<!-- This site is optimized with the Yoast SEO Premium plugin v27.5 (Yoast SEO v27.5) - https:\/\/yoast.com\/product\/yoast-seo-premium-wordpress\/ -->\n<title>Falun, Sverige - ScandBook<\/title>\n<meta name=\"description\" content=\"Kundtj\u00e4nst i Falun: Joachim Hagstr\u00f6m, Anna Johansson, Christina Birath, Lenita Helala och Johan Jansson\" \/>\n<meta name=\"robots\" content=\"index, follow, max-snippet:-1, max-image-preview:large, max-video-preview:-1\" \/>\n<link rel=\"canonical\" href=\"https:\/\/www.scandbook.com\/sv\/kontakt\/kundtjanst\/falun-sverige\/\" \/>\n<meta property=\"og:locale\" content=\"sv_SE\" \/>\n<meta property=\"og:type\" content=\"article\" \/>\n<meta property=\"og:title\" content=\"Falun, Sverige\" \/>\n<meta property=\"og:description\" content=\"Kundtj\u00e4nst i Falun: Joachim Hagstr\u00f6m, Anna Johansson, Christina Birath, Lenita Helala och Johan Jansson\" \/>\n<meta property=\"og:url\" content=\"https:\/\/www.scandbook.com\/sv\/kontakt\/kundtjanst\/falun-sverige\/\" \/>\n<meta property=\"og:site_name\" content=\"ScandBook\" \/>\n<meta property=\"article:publisher\" content=\"https:\/\/www.facebook.com\/profile.php?id=100063569394878&amp;sk=about&amp;locale=sv_SE\" \/>\n<meta property=\"article:modified_time\" content=\"2025-02-26T08:31:44+00:00\" \/>\n<meta property=\"og:image\" content=\"https:\/\/www.scandbook.com\/wp-content\/uploads\/2024\/10\/scandbook-funding-climate-action-x.webp\" \/>\n\t<meta property=\"og:image:width\" content=\"200\" \/>\n\t<meta property=\"og:image:height\" content=\"200\" \/>\n\t<meta property=\"og:image:type\" content=\"image\/webp\" \/>\n<meta name=\"twitter:card\" content=\"summary_large_image\" \/>\n<meta name=\"twitter:label1\" content=\"Ber\u00e4knad l\u00e4stid\" \/>\n\t<meta name=\"twitter:data1\" content=\"2 minuter\" \/>\n<script type=\"application\/ld+json\" class=\"yoast-schema-graph\">{\"@context\":\"https:\\\/\\\/schema.org\",\"@graph\":[{\"@type\":\"WebPage\",\"@id\":\"https:\\\/\\\/www.scandbook.com\\\/sv\\\/kontakt\\\/kundtjanst\\\/falun-sverige\\\/\",\"url\":\"https:\\\/\\\/www.scandbook.com\\\/sv\\\/kontakt\\\/kundtjanst\\\/falun-sverige\\\/\",\"name\":\"Falun, Sverige - ScandBook\",\"isPartOf\":{\"@id\":\"https:\\\/\\\/www.scandbook.com\\\/sv\\\/#website\"},\"primaryImageOfPage\":{\"@id\":\"https:\\\/\\\/www.scandbook.com\\\/sv\\\/kontakt\\\/kundtjanst\\\/falun-sverige\\\/#primaryimage\"},\"image\":{\"@id\":\"https:\\\/\\\/www.scandbook.com\\\/sv\\\/kontakt\\\/kundtjanst\\\/falun-sverige\\\/#primaryimage\"},\"thumbnailUrl\":\"https:\\\/\\\/www.scandbook.com\\\/wp-content\\\/uploads\\\/2024\\\/10\\\/scandbook-funding-climate-action-x.webp\",\"datePublished\":\"2015-11-13T09:56:07+00:00\",\"dateModified\":\"2025-02-26T08:31:44+00:00\",\"description\":\"Kundtj\u00e4nst i Falun: Joachim Hagstr\u00f6m, Anna Johansson, Christina Birath, Lenita Helala och Johan Jansson\",\"breadcrumb\":{\"@id\":\"https:\\\/\\\/www.scandbook.com\\\/sv\\\/kontakt\\\/kundtjanst\\\/falun-sverige\\\/#breadcrumb\"},\"inLanguage\":\"sv-SE\",\"potentialAction\":[{\"@type\":\"ReadAction\",\"target\":[\"https:\\\/\\\/www.scandbook.com\\\/sv\\\/kontakt\\\/kundtjanst\\\/falun-sverige\\\/\"]}]},{\"@type\":\"ImageObject\",\"inLanguage\":\"sv-SE\",\"@id\":\"https:\\\/\\\/www.scandbook.com\\\/sv\\\/kontakt\\\/kundtjanst\\\/falun-sverige\\\/#primaryimage\",\"url\":\"https:\\\/\\\/www.scandbook.com\\\/wp-content\\\/uploads\\\/2024\\\/10\\\/scandbook-funding-climate-action-x.webp\",\"contentUrl\":\"https:\\\/\\\/www.scandbook.com\\\/wp-content\\\/uploads\\\/2024\\\/10\\\/scandbook-funding-climate-action-x.webp\",\"width\":200,\"height\":200},{\"@type\":\"BreadcrumbList\",\"@id\":\"https:\\\/\\\/www.scandbook.com\\\/sv\\\/kontakt\\\/kundtjanst\\\/falun-sverige\\\/#breadcrumb\",\"itemListElement\":[{\"@type\":\"ListItem\",\"position\":1,\"name\":\"Home\",\"item\":\"https:\\\/\\\/www.scandbook.com\\\/sv\\\/\"},{\"@type\":\"ListItem\",\"position\":2,\"name\":\"Kontakt\",\"item\":\"https:\\\/\\\/www.scandbook.com\\\/sv\\\/kontakt\\\/?lang=sv\"},{\"@type\":\"ListItem\",\"position\":3,\"name\":\"Kundtj\u00e4nst\",\"item\":\"https:\\\/\\\/www.scandbook.com\\\/sv\\\/kontakt\\\/kundtjanst\\\/\"},{\"@type\":\"ListItem\",\"position\":4,\"name\":\"Falun, Sverige\"}]},{\"@type\":\"WebSite\",\"@id\":\"https:\\\/\\\/www.scandbook.com\\\/sv\\\/#website\",\"url\":\"https:\\\/\\\/www.scandbook.com\\\/sv\\\/\",\"name\":\"ScandBook\",\"description\":\"Skandinaviens ledande bokproducent\",\"publisher\":{\"@id\":\"https:\\\/\\\/www.scandbook.com\\\/sv\\\/#organization\"},\"potentialAction\":[{\"@type\":\"SearchAction\",\"target\":{\"@type\":\"EntryPoint\",\"urlTemplate\":\"https:\\\/\\\/www.scandbook.com\\\/sv\\\/?s={search_term_string}\"},\"query-input\":{\"@type\":\"PropertyValueSpecification\",\"valueRequired\":true,\"valueName\":\"search_term_string\"}}],\"inLanguage\":\"sv-SE\"},{\"@type\":\"Organization\",\"@id\":\"https:\\\/\\\/www.scandbook.com\\\/sv\\\/#organization\",\"name\":\"ScandBook\",\"url\":\"https:\\\/\\\/www.scandbook.com\\\/sv\\\/\",\"logo\":{\"@type\":\"ImageObject\",\"inLanguage\":\"sv-SE\",\"@id\":\"https:\\\/\\\/www.scandbook.com\\\/sv\\\/#\\\/schema\\\/logo\\\/image\\\/\",\"url\":\"https:\\\/\\\/www.scandbook.com\\\/wp-content\\\/uploads\\\/2023\\\/05\\\/scandbook-funding-climate-action.webp\",\"contentUrl\":\"https:\\\/\\\/www.scandbook.com\\\/wp-content\\\/uploads\\\/2023\\\/05\\\/scandbook-funding-climate-action.webp\",\"width\":256,\"height\":88,\"caption\":\"ScandBook\"},\"image\":{\"@id\":\"https:\\\/\\\/www.scandbook.com\\\/sv\\\/#\\\/schema\\\/logo\\\/image\\\/\"},\"sameAs\":[\"https:\\\/\\\/www.facebook.com\\\/profile.php?id=100063569394878&sk=about&locale=sv_SE\",\"https:\\\/\\\/www.linkedin.com\\\/company\\\/scandbook-ab\\\/\"]}]}<\/script>\n<!-- \/ Yoast SEO Premium plugin. -->","yoast_head_json":{"title":"Falun, Sverige - ScandBook","description":"Kundtj\u00e4nst i Falun: Joachim Hagstr\u00f6m, Anna Johansson, Christina Birath, Lenita Helala och Johan Jansson","robots":{"index":"index","follow":"follow","max-snippet":"max-snippet:-1","max-image-preview":"max-image-preview:large","max-video-preview":"max-video-preview:-1"},"canonical":"https:\/\/www.scandbook.com\/sv\/kontakt\/kundtjanst\/falun-sverige\/","og_locale":"sv_SE","og_type":"article","og_title":"Falun, Sverige","og_description":"Kundtj\u00e4nst i Falun: Joachim Hagstr\u00f6m, Anna Johansson, Christina Birath, Lenita Helala och Johan Jansson","og_url":"https:\/\/www.scandbook.com\/sv\/kontakt\/kundtjanst\/falun-sverige\/","og_site_name":"ScandBook","article_publisher":"https:\/\/www.facebook.com\/profile.php?id=100063569394878&sk=about&locale=sv_SE","article_modified_time":"2025-02-26T08:31:44+00:00","og_image":[{"width":200,"height":200,"url":"https:\/\/www.scandbook.com\/wp-content\/uploads\/2024\/10\/scandbook-funding-climate-action-x.webp","type":"image\/webp"}],"twitter_card":"summary_large_image","twitter_misc":{"Ber\u00e4knad l\u00e4stid":"2 minuter"},"schema":{"@context":"https:\/\/schema.org","@graph":[{"@type":"WebPage","@id":"https:\/\/www.scandbook.com\/sv\/kontakt\/kundtjanst\/falun-sverige\/","url":"https:\/\/www.scandbook.com\/sv\/kontakt\/kundtjanst\/falun-sverige\/","name":"Falun, Sverige - ScandBook","isPartOf":{"@id":"https:\/\/www.scandbook.com\/sv\/#website"},"primaryImageOfPage":{"@id":"https:\/\/www.scandbook.com\/sv\/kontakt\/kundtjanst\/falun-sverige\/#primaryimage"},"image":{"@id":"https:\/\/www.scandbook.com\/sv\/kontakt\/kundtjanst\/falun-sverige\/#primaryimage"},"thumbnailUrl":"https:\/\/www.scandbook.com\/wp-content\/uploads\/2024\/10\/scandbook-funding-climate-action-x.webp","datePublished":"2015-11-13T09:56:07+00:00","dateModified":"2025-02-26T08:31:44+00:00","description":"Kundtj\u00e4nst i Falun: Joachim Hagstr\u00f6m, Anna Johansson, Christina Birath, Lenita Helala och Johan Jansson","breadcrumb":{"@id":"https:\/\/www.scandbook.com\/sv\/kontakt\/kundtjanst\/falun-sverige\/#breadcrumb"},"inLanguage":"sv-SE","potentialAction":[{"@type":"ReadAction","target":["https:\/\/www.scandbook.com\/sv\/kontakt\/kundtjanst\/falun-sverige\/"]}]},{"@type":"ImageObject","inLanguage":"sv-SE","@id":"https:\/\/www.scandbook.com\/sv\/kontakt\/kundtjanst\/falun-sverige\/#primaryimage","url":"https:\/\/www.scandbook.com\/wp-content\/uploads\/2024\/10\/scandbook-funding-climate-action-x.webp","contentUrl":"https:\/\/www.scandbook.com\/wp-content\/uploads\/2024\/10\/scandbook-funding-climate-action-x.webp","width":200,"height":200},{"@type":"BreadcrumbList","@id":"https:\/\/www.scandbook.com\/sv\/kontakt\/kundtjanst\/falun-sverige\/#breadcrumb","itemListElement":[{"@type":"ListItem","position":1,"name":"Home","item":"https:\/\/www.scandbook.com\/sv\/"},{"@type":"ListItem","position":2,"name":"Kontakt","item":"https:\/\/www.scandbook.com\/sv\/kontakt\/?lang=sv"},{"@type":"ListItem","position":3,"name":"Kundtj\u00e4nst","item":"https:\/\/www.scandbook.com\/sv\/kontakt\/kundtjanst\/"},{"@type":"ListItem","position":4,"name":"Falun, Sverige"}]},{"@type":"WebSite","@id":"https:\/\/www.scandbook.com\/sv\/#website","url":"https:\/\/www.scandbook.com\/sv\/","name":"ScandBook","description":"Skandinaviens ledande bokproducent","publisher":{"@id":"https:\/\/www.scandbook.com\/sv\/#organization"},"potentialAction":[{"@type":"SearchAction","target":{"@type":"EntryPoint","urlTemplate":"https:\/\/www.scandbook.com\/sv\/?s={search_term_string}"},"query-input":{"@type":"PropertyValueSpecification","valueRequired":true,"valueName":"search_term_string"}}],"inLanguage":"sv-SE"},{"@type":"Organization","@id":"https:\/\/www.scandbook.com\/sv\/#organization","name":"ScandBook","url":"https:\/\/www.scandbook.com\/sv\/","logo":{"@type":"ImageObject","inLanguage":"sv-SE","@id":"https:\/\/www.scandbook.com\/sv\/#\/schema\/logo\/image\/","url":"https:\/\/www.scandbook.com\/wp-content\/uploads\/2023\/05\/scandbook-funding-climate-action.webp","contentUrl":"https:\/\/www.scandbook.com\/wp-content\/uploads\/2023\/05\/scandbook-funding-climate-action.webp","width":256,"height":88,"caption":"ScandBook"},"image":{"@id":"https:\/\/www.scandbook.com\/sv\/#\/schema\/logo\/image\/"},"sameAs":["https:\/\/www.facebook.com\/profile.php?id=100063569394878&sk=about&locale=sv_SE","https:\/\/www.linkedin.com\/company\/scandbook-ab\/"]}]}},"_links":{"self":[{"href":"https:\/\/www.scandbook.com\/sv\/wp-json\/wp\/v2\/pages\/1522","targetHints":{"allow":["GET"]}}],"collection":[{"href":"https:\/\/www.scandbook.com\/sv\/wp-json\/wp\/v2\/pages"}],"about":[{"href":"https:\/\/www.scandbook.com\/sv\/wp-json\/wp\/v2\/types\/page"}],"author":[{"embeddable":true,"href":"https:\/\/www.scandbook.com\/sv\/wp-json\/wp\/v2\/users\/9"}],"replies":[{"embeddable":true,"href":"https:\/\/www.scandbook.com\/sv\/wp-json\/wp\/v2\/comments?post=1522"}],"version-history":[{"count":42,"href":"https:\/\/www.scandbook.com\/sv\/wp-json\/wp\/v2\/pages\/1522\/revisions"}],"predecessor-version":[{"id":14020,"href":"https:\/\/www.scandbook.com\/sv\/wp-json\/wp\/v2\/pages\/1522\/revisions\/14020"}],"up":[{"embeddable":true,"href":"https:\/\/www.scandbook.com\/sv\/wp-json\/wp\/v2\/pages\/1526"}],"wp:featuredmedia":[{"embeddable":true,"href":"https:\/\/www.scandbook.com\/sv\/wp-json\/wp\/v2\/media\/13753"}],"wp:attachment":[{"href":"https:\/\/www.scandbook.com\/sv\/wp-json\/wp\/v2\/media?parent=1522"}],"curies":[{"name":"wp","href":"https:\/\/api.w.org\/{rel}","templated":true}]}}