{"id":1510,"date":"2015-11-13T09:46:14","date_gmt":"2015-11-13T08:46:14","guid":{"rendered":"http:\/\/development.scandbook-internt.se\/om-oss\/produktionsanlaggningar\/equipment\/?lang=sv"},"modified":"2024-02-16T13:33:26","modified_gmt":"2024-02-16T12:33:26","slug":"produktionsutrustning","status":"publish","type":"page","link":"https:\/\/www.scandbook.com\/sv\/om-oss\/produktionsanlaggningar\/produktionsutrustning\/","title":{"rendered":"Produktionsutrustning"},"content":{"rendered":"\n\n<style type=\"text\/css\" data-created_by=\"avia_inline_auto\" id=\"style-css-av-av_one_full-9497bbf8bff73ea4c6992cc17fa9ec36\">\n.flex_column.av-av_one_full-9497bbf8bff73ea4c6992cc17fa9ec36{\nborder-radius:0px 0px 0px 0px;\npadding:0px 0px 0px 0px;\n}\n<\/style>\n<div  class='flex_column av-av_one_full-9497bbf8bff73ea4c6992cc17fa9ec36 av_one_full  avia-builder-el-1  el_after_av_codeblock  el_before_av_one_full  first flex_column_div av-zero-column-padding  '     ><section  class='av_textblock_section av-lezhjaqo-43e553a3e4577056001a44ff50fabf74 '   itemscope=\"itemscope\" itemtype=\"https:\/\/schema.org\/CreativeWork\" ><div class='avia_textblock'  itemprop=\"text\" ><h1>Produktionsutrustning<\/h1>\n<ol>\n<li>Vi producerar digitalt och offset beroende p\u00e5 upplagor<\/li>\n<li>Vi producerade 45 miljoner b\u00f6cker 2021<\/li>\n<li>Vi har 6 rotationsoffset, 3 sheetfed, 2 digitalpressar, 4 perfect binders, 3 casing in lines, all utrustning som beh\u00f6vs f\u00f6r omslagsdekorationer<\/li>\n<li>Vi har papper och annat viktigt material levererat direkt fr\u00e5n producenter<\/li>\n<li>Vi har kvalificerad och engagerad personal<\/li>\n<li>Attraktiva logistikl\u00f6sningar<\/li>\n<li>Rigor\u00f6s respekt f\u00f6r ledtider<\/li>\n<\/ol>\n<\/div><\/section><\/div>\n<style type=\"text\/css\" data-created_by=\"avia_inline_auto\" id=\"style-css-av-av_one_full-9497bbf8bff73ea4c6992cc17fa9ec36\">\n.flex_column.av-av_one_full-9497bbf8bff73ea4c6992cc17fa9ec36{\nborder-radius:0px 0px 0px 0px;\npadding:0px 0px 0px 0px;\n}\n<\/style>\n<div  class='flex_column av-av_one_full-9497bbf8bff73ea4c6992cc17fa9ec36 av_one_full  avia-builder-el-3  el_after_av_one_full  avia-builder-el-last  first flex_column_div av-zero-column-padding  column-top-margin'     ><\/div><\/p>\n","protected":false},"excerpt":{"rendered":"","protected":false},"author":9,"featured_media":0,"parent":1491,"menu_order":0,"comment_status":"closed","ping_status":"closed","template":"","meta":{"footnotes":""},"class_list":["post-1510","page","type-page","status-publish","hentry"],"yoast_head":"<!-- This site is optimized with the Yoast SEO Premium plugin v27.4 (Yoast SEO v27.4) - https:\/\/yoast.com\/product\/yoast-seo-premium-wordpress\/ -->\n<title>Produktionsutrustning - ScandBook<\/title>\n<meta name=\"description\" content=\"ScandBook str\u00e4var efter att anv\u00e4nda modern och \u00e4ndam\u00e5lsenlig utrustning och investingsniv\u00e5n i ny produktionsutrustning ligger \u00f6ver genomsnittet i branschen.\" \/>\n<meta name=\"robots\" content=\"index, follow, max-snippet:-1, max-image-preview:large, max-video-preview:-1\" \/>\n<link rel=\"canonical\" href=\"https:\/\/www.scandbook.com\/sv\/om-oss\/produktionsanlaggningar\/produktionsutrustning\/\" \/>\n<meta property=\"og:locale\" content=\"sv_SE\" \/>\n<meta property=\"og:type\" content=\"article\" \/>\n<meta property=\"og:title\" content=\"Produktionsutrustning\" \/>\n<meta property=\"og:description\" content=\"ScandBook str\u00e4var efter att anv\u00e4nda modern och \u00e4ndam\u00e5lsenlig utrustning och investingsniv\u00e5n i ny produktionsutrustning ligger \u00f6ver genomsnittet i branschen.\" \/>\n<meta property=\"og:url\" content=\"https:\/\/www.scandbook.com\/sv\/om-oss\/produktionsanlaggningar\/produktionsutrustning\/\" \/>\n<meta property=\"og:site_name\" content=\"ScandBook\" \/>\n<meta property=\"article:publisher\" content=\"https:\/\/www.facebook.com\/profile.php?id=100063569394878&amp;sk=about&amp;locale=sv_SE\" \/>\n<meta property=\"article:modified_time\" content=\"2024-02-16T12:33:26+00:00\" \/>\n<meta name=\"twitter:card\" content=\"summary_large_image\" \/>\n<meta name=\"twitter:label1\" content=\"Ber\u00e4knad l\u00e4stid\" \/>\n\t<meta name=\"twitter:data1\" content=\"1 minut\" \/>\n<script type=\"application\/ld+json\" class=\"yoast-schema-graph\">{\"@context\":\"https:\\\/\\\/schema.org\",\"@graph\":[{\"@type\":\"WebPage\",\"@id\":\"https:\\\/\\\/www.scandbook.com\\\/sv\\\/om-oss\\\/produktionsanlaggningar\\\/produktionsutrustning\\\/\",\"url\":\"https:\\\/\\\/www.scandbook.com\\\/sv\\\/om-oss\\\/produktionsanlaggningar\\\/produktionsutrustning\\\/\",\"name\":\"Produktionsutrustning - ScandBook\",\"isPartOf\":{\"@id\":\"https:\\\/\\\/www.scandbook.com\\\/sv\\\/#website\"},\"datePublished\":\"2015-11-13T08:46:14+00:00\",\"dateModified\":\"2024-02-16T12:33:26+00:00\",\"description\":\"ScandBook str\u00e4var efter att anv\u00e4nda modern och \u00e4ndam\u00e5lsenlig utrustning och investingsniv\u00e5n i ny produktionsutrustning ligger \u00f6ver genomsnittet i branschen.\",\"breadcrumb\":{\"@id\":\"https:\\\/\\\/www.scandbook.com\\\/sv\\\/om-oss\\\/produktionsanlaggningar\\\/produktionsutrustning\\\/#breadcrumb\"},\"inLanguage\":\"sv-SE\",\"potentialAction\":[{\"@type\":\"ReadAction\",\"target\":[\"https:\\\/\\\/www.scandbook.com\\\/sv\\\/om-oss\\\/produktionsanlaggningar\\\/produktionsutrustning\\\/\"]}]},{\"@type\":\"BreadcrumbList\",\"@id\":\"https:\\\/\\\/www.scandbook.com\\\/sv\\\/om-oss\\\/produktionsanlaggningar\\\/produktionsutrustning\\\/#breadcrumb\",\"itemListElement\":[{\"@type\":\"ListItem\",\"position\":1,\"name\":\"Home\",\"item\":\"https:\\\/\\\/www.scandbook.com\\\/sv\\\/\"},{\"@type\":\"ListItem\",\"position\":2,\"name\":\"Om oss\",\"item\":\"https:\\\/\\\/www.scandbook.com\\\/sv\\\/om-oss\\\/?lang=sv\"},{\"@type\":\"ListItem\",\"position\":3,\"name\":\"Produktionsanl\u00e4ggningar\",\"item\":\"https:\\\/\\\/www.scandbook.com\\\/sv\\\/om-oss\\\/produktionsanlaggningar\\\/?lang=sv\"},{\"@type\":\"ListItem\",\"position\":4,\"name\":\"Produktionsutrustning\"}]},{\"@type\":\"WebSite\",\"@id\":\"https:\\\/\\\/www.scandbook.com\\\/sv\\\/#website\",\"url\":\"https:\\\/\\\/www.scandbook.com\\\/sv\\\/\",\"name\":\"ScandBook\",\"description\":\"Skandinaviens ledande bokproducent\",\"publisher\":{\"@id\":\"https:\\\/\\\/www.scandbook.com\\\/sv\\\/#organization\"},\"potentialAction\":[{\"@type\":\"SearchAction\",\"target\":{\"@type\":\"EntryPoint\",\"urlTemplate\":\"https:\\\/\\\/www.scandbook.com\\\/sv\\\/?s={search_term_string}\"},\"query-input\":{\"@type\":\"PropertyValueSpecification\",\"valueRequired\":true,\"valueName\":\"search_term_string\"}}],\"inLanguage\":\"sv-SE\"},{\"@type\":\"Organization\",\"@id\":\"https:\\\/\\\/www.scandbook.com\\\/sv\\\/#organization\",\"name\":\"ScandBook\",\"url\":\"https:\\\/\\\/www.scandbook.com\\\/sv\\\/\",\"logo\":{\"@type\":\"ImageObject\",\"inLanguage\":\"sv-SE\",\"@id\":\"https:\\\/\\\/www.scandbook.com\\\/sv\\\/#\\\/schema\\\/logo\\\/image\\\/\",\"url\":\"https:\\\/\\\/www.scandbook.com\\\/wp-content\\\/uploads\\\/2023\\\/05\\\/scandbook-funding-climate-action.webp\",\"contentUrl\":\"https:\\\/\\\/www.scandbook.com\\\/wp-content\\\/uploads\\\/2023\\\/05\\\/scandbook-funding-climate-action.webp\",\"width\":256,\"height\":88,\"caption\":\"ScandBook\"},\"image\":{\"@id\":\"https:\\\/\\\/www.scandbook.com\\\/sv\\\/#\\\/schema\\\/logo\\\/image\\\/\"},\"sameAs\":[\"https:\\\/\\\/www.facebook.com\\\/profile.php?id=100063569394878&sk=about&locale=sv_SE\",\"https:\\\/\\\/www.linkedin.com\\\/company\\\/scandbook-ab\\\/\"]}]}<\/script>\n<!-- \/ Yoast SEO Premium plugin. -->","yoast_head_json":{"title":"Produktionsutrustning - ScandBook","description":"ScandBook str\u00e4var efter att anv\u00e4nda modern och \u00e4ndam\u00e5lsenlig utrustning och investingsniv\u00e5n i ny produktionsutrustning ligger \u00f6ver genomsnittet i branschen.","robots":{"index":"index","follow":"follow","max-snippet":"max-snippet:-1","max-image-preview":"max-image-preview:large","max-video-preview":"max-video-preview:-1"},"canonical":"https:\/\/www.scandbook.com\/sv\/om-oss\/produktionsanlaggningar\/produktionsutrustning\/","og_locale":"sv_SE","og_type":"article","og_title":"Produktionsutrustning","og_description":"ScandBook str\u00e4var efter att anv\u00e4nda modern och \u00e4ndam\u00e5lsenlig utrustning och investingsniv\u00e5n i ny produktionsutrustning ligger \u00f6ver genomsnittet i branschen.","og_url":"https:\/\/www.scandbook.com\/sv\/om-oss\/produktionsanlaggningar\/produktionsutrustning\/","og_site_name":"ScandBook","article_publisher":"https:\/\/www.facebook.com\/profile.php?id=100063569394878&sk=about&locale=sv_SE","article_modified_time":"2024-02-16T12:33:26+00:00","twitter_card":"summary_large_image","twitter_misc":{"Ber\u00e4knad l\u00e4stid":"1 minut"},"schema":{"@context":"https:\/\/schema.org","@graph":[{"@type":"WebPage","@id":"https:\/\/www.scandbook.com\/sv\/om-oss\/produktionsanlaggningar\/produktionsutrustning\/","url":"https:\/\/www.scandbook.com\/sv\/om-oss\/produktionsanlaggningar\/produktionsutrustning\/","name":"Produktionsutrustning - ScandBook","isPartOf":{"@id":"https:\/\/www.scandbook.com\/sv\/#website"},"datePublished":"2015-11-13T08:46:14+00:00","dateModified":"2024-02-16T12:33:26+00:00","description":"ScandBook str\u00e4var efter att anv\u00e4nda modern och \u00e4ndam\u00e5lsenlig utrustning och investingsniv\u00e5n i ny produktionsutrustning ligger \u00f6ver genomsnittet i branschen.","breadcrumb":{"@id":"https:\/\/www.scandbook.com\/sv\/om-oss\/produktionsanlaggningar\/produktionsutrustning\/#breadcrumb"},"inLanguage":"sv-SE","potentialAction":[{"@type":"ReadAction","target":["https:\/\/www.scandbook.com\/sv\/om-oss\/produktionsanlaggningar\/produktionsutrustning\/"]}]},{"@type":"BreadcrumbList","@id":"https:\/\/www.scandbook.com\/sv\/om-oss\/produktionsanlaggningar\/produktionsutrustning\/#breadcrumb","itemListElement":[{"@type":"ListItem","position":1,"name":"Home","item":"https:\/\/www.scandbook.com\/sv\/"},{"@type":"ListItem","position":2,"name":"Om oss","item":"https:\/\/www.scandbook.com\/sv\/om-oss\/?lang=sv"},{"@type":"ListItem","position":3,"name":"Produktionsanl\u00e4ggningar","item":"https:\/\/www.scandbook.com\/sv\/om-oss\/produktionsanlaggningar\/?lang=sv"},{"@type":"ListItem","position":4,"name":"Produktionsutrustning"}]},{"@type":"WebSite","@id":"https:\/\/www.scandbook.com\/sv\/#website","url":"https:\/\/www.scandbook.com\/sv\/","name":"ScandBook","description":"Skandinaviens ledande bokproducent","publisher":{"@id":"https:\/\/www.scandbook.com\/sv\/#organization"},"potentialAction":[{"@type":"SearchAction","target":{"@type":"EntryPoint","urlTemplate":"https:\/\/www.scandbook.com\/sv\/?s={search_term_string}"},"query-input":{"@type":"PropertyValueSpecification","valueRequired":true,"valueName":"search_term_string"}}],"inLanguage":"sv-SE"},{"@type":"Organization","@id":"https:\/\/www.scandbook.com\/sv\/#organization","name":"ScandBook","url":"https:\/\/www.scandbook.com\/sv\/","logo":{"@type":"ImageObject","inLanguage":"sv-SE","@id":"https:\/\/www.scandbook.com\/sv\/#\/schema\/logo\/image\/","url":"https:\/\/www.scandbook.com\/wp-content\/uploads\/2023\/05\/scandbook-funding-climate-action.webp","contentUrl":"https:\/\/www.scandbook.com\/wp-content\/uploads\/2023\/05\/scandbook-funding-climate-action.webp","width":256,"height":88,"caption":"ScandBook"},"image":{"@id":"https:\/\/www.scandbook.com\/sv\/#\/schema\/logo\/image\/"},"sameAs":["https:\/\/www.facebook.com\/profile.php?id=100063569394878&sk=about&locale=sv_SE","https:\/\/www.linkedin.com\/company\/scandbook-ab\/"]}]}},"_links":{"self":[{"href":"https:\/\/www.scandbook.com\/sv\/wp-json\/wp\/v2\/pages\/1510","targetHints":{"allow":["GET"]}}],"collection":[{"href":"https:\/\/www.scandbook.com\/sv\/wp-json\/wp\/v2\/pages"}],"about":[{"href":"https:\/\/www.scandbook.com\/sv\/wp-json\/wp\/v2\/types\/page"}],"author":[{"embeddable":true,"href":"https:\/\/www.scandbook.com\/sv\/wp-json\/wp\/v2\/users\/9"}],"replies":[{"embeddable":true,"href":"https:\/\/www.scandbook.com\/sv\/wp-json\/wp\/v2\/comments?post=1510"}],"version-history":[{"count":6,"href":"https:\/\/www.scandbook.com\/sv\/wp-json\/wp\/v2\/pages\/1510\/revisions"}],"predecessor-version":[{"id":12814,"href":"https:\/\/www.scandbook.com\/sv\/wp-json\/wp\/v2\/pages\/1510\/revisions\/12814"}],"up":[{"embeddable":true,"href":"https:\/\/www.scandbook.com\/sv\/wp-json\/wp\/v2\/pages\/1491"}],"wp:attachment":[{"href":"https:\/\/www.scandbook.com\/sv\/wp-json\/wp\/v2\/media?parent=1510"}],"curies":[{"name":"wp","href":"https:\/\/api.w.org\/{rel}","templated":true}]}}