{"id":1491,"date":"2015-11-13T09:45:44","date_gmt":"2015-11-13T08:45:44","guid":{"rendered":"http:\/\/development.scandbook-internt.se\/om-oss\/factories\/?lang=sv"},"modified":"2024-02-16T13:32:49","modified_gmt":"2024-02-16T12:32:49","slug":"produktionsanlaggningar","status":"publish","type":"page","link":"https:\/\/www.scandbook.com\/sv\/om-oss\/produktionsanlaggningar\/","title":{"rendered":"Produktionsanl\u00e4ggningar"},"content":{"rendered":"\n\n<style type=\"text\/css\" data-created_by=\"avia_inline_auto\" id=\"style-css-av-av_one_full-9497bbf8bff73ea4c6992cc17fa9ec36\">\n.flex_column.av-av_one_full-9497bbf8bff73ea4c6992cc17fa9ec36{\nborder-radius:0px 0px 0px 0px;\npadding:0px 0px 0px 0px;\n}\n<\/style>\n<div  class='flex_column av-av_one_full-9497bbf8bff73ea4c6992cc17fa9ec36 av_one_full  avia-builder-el-1  el_after_av_codeblock  el_before_av_one_full  first flex_column_div av-zero-column-padding  '     ><div  class='av_gmaps_sc_main_wrap av_gmaps_main_wrap '><div id='av_gmap_0' class='avia-google-map-container avia-google-map-sc av_gmaps_show_unconditionally av-no-fallback-img ' data-mapid='av_gmap_0'  style='height: 300px;'><a class=\"av_gmaps_browser_disabled av_text_confirm_link av_text_confirm_link_visible\" href=\"https:\/\/www.google.com\/maps\/search\/?api=1&#038;query=L\u00f6v\u00e5sv\u00e4gen%2024%20%20Falun%20%20Sweden\" target=\"_blank\">Maps were disabled by the visitor on this site. Click to open the map in a new window.<\/a><\/div><\/div><\/div>\n\n<style type=\"text\/css\" data-created_by=\"avia_inline_auto\" id=\"style-css-av-av_one_full-9497bbf8bff73ea4c6992cc17fa9ec36\">\n.flex_column.av-av_one_full-9497bbf8bff73ea4c6992cc17fa9ec36{\nborder-radius:0px 0px 0px 0px;\npadding:0px 0px 0px 0px;\n}\n<\/style>\n<div  class='flex_column av-av_one_full-9497bbf8bff73ea4c6992cc17fa9ec36 av_one_full  avia-builder-el-3  el_after_av_one_full  avia-builder-el-last  first flex_column_div av-zero-column-padding  column-top-margin'     ><section  class='av_textblock_section av-ley1oxnh-2afe9de63b5ca667c73d7382ac1a26f0 '   itemscope=\"itemscope\" itemtype=\"https:\/\/schema.org\/CreativeWork\" ><div class='avia_textblock'  itemprop=\"text\" ><h1>Produktionsanl\u00e4ggningar<\/h1>\n<h3>Scandbook kan tillhandah\u00e5lla l\u00f6sningar f\u00f6r inbundna b\u00f6cker och mjukband.<\/h3>\n<p>Med expansion inom digitaltryck erbjuder vi en flexibilitet och tillf\u00f6rlitlighet som kunder s\u00f6ker i varje partnerskap.<\/p>\n<p>Scandbook grundades 1982. slogs samman med Print IT 2015 och \u00e4r en ledande boktryckare i norra Europa.<br \/>\nV\u00e5r servicekvalitet har ett stadigt avtryck i Europa och Nordamerika. Med strategiska fabriksl\u00e4gen i Sverige och Litauen \u00e4r ingen gr\u00e4ns f\u00f6r l\u00e5ngt och ingen deadline f\u00f6r sn\u00e4v.<br \/>\nSom ett team av professionella tillhandah\u00e5ller vi p\u00e5litliga tj\u00e4nster som utgivare s\u00f6ker runt om i v\u00e4rlden.<\/p>\n<\/div><\/section><\/div>\n","protected":false},"excerpt":{"rendered":"","protected":false},"author":9,"featured_media":0,"parent":137,"menu_order":17,"comment_status":"closed","ping_status":"closed","template":"","meta":{"footnotes":""},"class_list":["post-1491","page","type-page","status-publish","hentry"],"yoast_head":"<!-- This site is optimized with the Yoast SEO Premium plugin v27.5 (Yoast SEO v27.5) - https:\/\/yoast.com\/product\/yoast-seo-premium-wordpress\/ -->\n<title>Produktionsanl\u00e4ggningar - ScandBook<\/title>\n<meta name=\"description\" content=\"Scandbook kan tillhandah\u00e5lla l\u00f6sningar f\u00f6r inbundna b\u00f6cker och mjukband. Med expansion inom digitaltryck erbjuder vi flexibilitet och tillf\u00f6rlitlighet.\" \/>\n<meta name=\"robots\" content=\"index, follow, max-snippet:-1, max-image-preview:large, max-video-preview:-1\" \/>\n<link rel=\"canonical\" href=\"https:\/\/www.scandbook.com\/sv\/om-oss\/produktionsanlaggningar\/\" \/>\n<meta property=\"og:locale\" content=\"sv_SE\" \/>\n<meta property=\"og:type\" content=\"article\" \/>\n<meta property=\"og:title\" content=\"Produktionsanl\u00e4ggningar\" \/>\n<meta property=\"og:description\" content=\"Scandbook kan tillhandah\u00e5lla l\u00f6sningar f\u00f6r inbundna b\u00f6cker och mjukband. Med expansion inom digitaltryck erbjuder vi flexibilitet och tillf\u00f6rlitlighet.\" \/>\n<meta property=\"og:url\" content=\"https:\/\/www.scandbook.com\/sv\/om-oss\/produktionsanlaggningar\/\" \/>\n<meta property=\"og:site_name\" content=\"ScandBook\" \/>\n<meta property=\"article:publisher\" content=\"https:\/\/www.facebook.com\/profile.php?id=100063569394878&amp;sk=about&amp;locale=sv_SE\" \/>\n<meta property=\"article:modified_time\" content=\"2024-02-16T12:32:49+00:00\" \/>\n<meta name=\"twitter:card\" content=\"summary_large_image\" \/>\n<meta name=\"twitter:label1\" content=\"Ber\u00e4knad l\u00e4stid\" \/>\n\t<meta name=\"twitter:data1\" content=\"1 minut\" \/>\n<script type=\"application\/ld+json\" class=\"yoast-schema-graph\">{\"@context\":\"https:\\\/\\\/schema.org\",\"@graph\":[{\"@type\":\"WebPage\",\"@id\":\"https:\\\/\\\/www.scandbook.com\\\/sv\\\/om-oss\\\/produktionsanlaggningar\\\/\",\"url\":\"https:\\\/\\\/www.scandbook.com\\\/sv\\\/om-oss\\\/produktionsanlaggningar\\\/\",\"name\":\"Produktionsanl\u00e4ggningar - ScandBook\",\"isPartOf\":{\"@id\":\"https:\\\/\\\/www.scandbook.com\\\/sv\\\/#website\"},\"datePublished\":\"2015-11-13T08:45:44+00:00\",\"dateModified\":\"2024-02-16T12:32:49+00:00\",\"description\":\"Scandbook kan tillhandah\u00e5lla l\u00f6sningar f\u00f6r inbundna b\u00f6cker och mjukband. Med expansion inom digitaltryck erbjuder vi flexibilitet och tillf\u00f6rlitlighet.\",\"breadcrumb\":{\"@id\":\"https:\\\/\\\/www.scandbook.com\\\/sv\\\/om-oss\\\/produktionsanlaggningar\\\/#breadcrumb\"},\"inLanguage\":\"sv-SE\",\"potentialAction\":[{\"@type\":\"ReadAction\",\"target\":[\"https:\\\/\\\/www.scandbook.com\\\/sv\\\/om-oss\\\/produktionsanlaggningar\\\/\"]}]},{\"@type\":\"BreadcrumbList\",\"@id\":\"https:\\\/\\\/www.scandbook.com\\\/sv\\\/om-oss\\\/produktionsanlaggningar\\\/#breadcrumb\",\"itemListElement\":[{\"@type\":\"ListItem\",\"position\":1,\"name\":\"Home\",\"item\":\"https:\\\/\\\/www.scandbook.com\\\/sv\\\/\"},{\"@type\":\"ListItem\",\"position\":2,\"name\":\"Om oss\",\"item\":\"https:\\\/\\\/www.scandbook.com\\\/sv\\\/om-oss\\\/?lang=sv\"},{\"@type\":\"ListItem\",\"position\":3,\"name\":\"Produktionsanl\u00e4ggningar\"}]},{\"@type\":\"WebSite\",\"@id\":\"https:\\\/\\\/www.scandbook.com\\\/sv\\\/#website\",\"url\":\"https:\\\/\\\/www.scandbook.com\\\/sv\\\/\",\"name\":\"ScandBook\",\"description\":\"Skandinaviens ledande bokproducent\",\"publisher\":{\"@id\":\"https:\\\/\\\/www.scandbook.com\\\/sv\\\/#organization\"},\"potentialAction\":[{\"@type\":\"SearchAction\",\"target\":{\"@type\":\"EntryPoint\",\"urlTemplate\":\"https:\\\/\\\/www.scandbook.com\\\/sv\\\/?s={search_term_string}\"},\"query-input\":{\"@type\":\"PropertyValueSpecification\",\"valueRequired\":true,\"valueName\":\"search_term_string\"}}],\"inLanguage\":\"sv-SE\"},{\"@type\":\"Organization\",\"@id\":\"https:\\\/\\\/www.scandbook.com\\\/sv\\\/#organization\",\"name\":\"ScandBook\",\"url\":\"https:\\\/\\\/www.scandbook.com\\\/sv\\\/\",\"logo\":{\"@type\":\"ImageObject\",\"inLanguage\":\"sv-SE\",\"@id\":\"https:\\\/\\\/www.scandbook.com\\\/sv\\\/#\\\/schema\\\/logo\\\/image\\\/\",\"url\":\"https:\\\/\\\/www.scandbook.com\\\/wp-content\\\/uploads\\\/2023\\\/05\\\/scandbook-funding-climate-action.webp\",\"contentUrl\":\"https:\\\/\\\/www.scandbook.com\\\/wp-content\\\/uploads\\\/2023\\\/05\\\/scandbook-funding-climate-action.webp\",\"width\":256,\"height\":88,\"caption\":\"ScandBook\"},\"image\":{\"@id\":\"https:\\\/\\\/www.scandbook.com\\\/sv\\\/#\\\/schema\\\/logo\\\/image\\\/\"},\"sameAs\":[\"https:\\\/\\\/www.facebook.com\\\/profile.php?id=100063569394878&sk=about&locale=sv_SE\",\"https:\\\/\\\/www.linkedin.com\\\/company\\\/scandbook-ab\\\/\"]}]}<\/script>\n<!-- \/ Yoast SEO Premium plugin. -->","yoast_head_json":{"title":"Produktionsanl\u00e4ggningar - ScandBook","description":"Scandbook kan tillhandah\u00e5lla l\u00f6sningar f\u00f6r inbundna b\u00f6cker och mjukband. Med expansion inom digitaltryck erbjuder vi flexibilitet och tillf\u00f6rlitlighet.","robots":{"index":"index","follow":"follow","max-snippet":"max-snippet:-1","max-image-preview":"max-image-preview:large","max-video-preview":"max-video-preview:-1"},"canonical":"https:\/\/www.scandbook.com\/sv\/om-oss\/produktionsanlaggningar\/","og_locale":"sv_SE","og_type":"article","og_title":"Produktionsanl\u00e4ggningar","og_description":"Scandbook kan tillhandah\u00e5lla l\u00f6sningar f\u00f6r inbundna b\u00f6cker och mjukband. Med expansion inom digitaltryck erbjuder vi flexibilitet och tillf\u00f6rlitlighet.","og_url":"https:\/\/www.scandbook.com\/sv\/om-oss\/produktionsanlaggningar\/","og_site_name":"ScandBook","article_publisher":"https:\/\/www.facebook.com\/profile.php?id=100063569394878&sk=about&locale=sv_SE","article_modified_time":"2024-02-16T12:32:49+00:00","twitter_card":"summary_large_image","twitter_misc":{"Ber\u00e4knad l\u00e4stid":"1 minut"},"schema":{"@context":"https:\/\/schema.org","@graph":[{"@type":"WebPage","@id":"https:\/\/www.scandbook.com\/sv\/om-oss\/produktionsanlaggningar\/","url":"https:\/\/www.scandbook.com\/sv\/om-oss\/produktionsanlaggningar\/","name":"Produktionsanl\u00e4ggningar - ScandBook","isPartOf":{"@id":"https:\/\/www.scandbook.com\/sv\/#website"},"datePublished":"2015-11-13T08:45:44+00:00","dateModified":"2024-02-16T12:32:49+00:00","description":"Scandbook kan tillhandah\u00e5lla l\u00f6sningar f\u00f6r inbundna b\u00f6cker och mjukband. Med expansion inom digitaltryck erbjuder vi flexibilitet och tillf\u00f6rlitlighet.","breadcrumb":{"@id":"https:\/\/www.scandbook.com\/sv\/om-oss\/produktionsanlaggningar\/#breadcrumb"},"inLanguage":"sv-SE","potentialAction":[{"@type":"ReadAction","target":["https:\/\/www.scandbook.com\/sv\/om-oss\/produktionsanlaggningar\/"]}]},{"@type":"BreadcrumbList","@id":"https:\/\/www.scandbook.com\/sv\/om-oss\/produktionsanlaggningar\/#breadcrumb","itemListElement":[{"@type":"ListItem","position":1,"name":"Home","item":"https:\/\/www.scandbook.com\/sv\/"},{"@type":"ListItem","position":2,"name":"Om oss","item":"https:\/\/www.scandbook.com\/sv\/om-oss\/?lang=sv"},{"@type":"ListItem","position":3,"name":"Produktionsanl\u00e4ggningar"}]},{"@type":"WebSite","@id":"https:\/\/www.scandbook.com\/sv\/#website","url":"https:\/\/www.scandbook.com\/sv\/","name":"ScandBook","description":"Skandinaviens ledande bokproducent","publisher":{"@id":"https:\/\/www.scandbook.com\/sv\/#organization"},"potentialAction":[{"@type":"SearchAction","target":{"@type":"EntryPoint","urlTemplate":"https:\/\/www.scandbook.com\/sv\/?s={search_term_string}"},"query-input":{"@type":"PropertyValueSpecification","valueRequired":true,"valueName":"search_term_string"}}],"inLanguage":"sv-SE"},{"@type":"Organization","@id":"https:\/\/www.scandbook.com\/sv\/#organization","name":"ScandBook","url":"https:\/\/www.scandbook.com\/sv\/","logo":{"@type":"ImageObject","inLanguage":"sv-SE","@id":"https:\/\/www.scandbook.com\/sv\/#\/schema\/logo\/image\/","url":"https:\/\/www.scandbook.com\/wp-content\/uploads\/2023\/05\/scandbook-funding-climate-action.webp","contentUrl":"https:\/\/www.scandbook.com\/wp-content\/uploads\/2023\/05\/scandbook-funding-climate-action.webp","width":256,"height":88,"caption":"ScandBook"},"image":{"@id":"https:\/\/www.scandbook.com\/sv\/#\/schema\/logo\/image\/"},"sameAs":["https:\/\/www.facebook.com\/profile.php?id=100063569394878&sk=about&locale=sv_SE","https:\/\/www.linkedin.com\/company\/scandbook-ab\/"]}]}},"_links":{"self":[{"href":"https:\/\/www.scandbook.com\/sv\/wp-json\/wp\/v2\/pages\/1491","targetHints":{"allow":["GET"]}}],"collection":[{"href":"https:\/\/www.scandbook.com\/sv\/wp-json\/wp\/v2\/pages"}],"about":[{"href":"https:\/\/www.scandbook.com\/sv\/wp-json\/wp\/v2\/types\/page"}],"author":[{"embeddable":true,"href":"https:\/\/www.scandbook.com\/sv\/wp-json\/wp\/v2\/users\/9"}],"replies":[{"embeddable":true,"href":"https:\/\/www.scandbook.com\/sv\/wp-json\/wp\/v2\/comments?post=1491"}],"version-history":[{"count":8,"href":"https:\/\/www.scandbook.com\/sv\/wp-json\/wp\/v2\/pages\/1491\/revisions"}],"predecessor-version":[{"id":14257,"href":"https:\/\/www.scandbook.com\/sv\/wp-json\/wp\/v2\/pages\/1491\/revisions\/14257"}],"up":[{"embeddable":true,"href":"https:\/\/www.scandbook.com\/sv\/wp-json\/wp\/v2\/pages\/137"}],"wp:attachment":[{"href":"https:\/\/www.scandbook.com\/sv\/wp-json\/wp\/v2\/media?parent=1491"}],"curies":[{"name":"wp","href":"https:\/\/api.w.org\/{rel}","templated":true}]}}