{"id":1469,"date":"2015-11-13T09:43:44","date_gmt":"2015-11-13T08:43:44","guid":{"rendered":"http:\/\/development.scandbook-internt.se\/om-oss\/business-details\/business-concept-vision-and-strategy\/?lang=sv"},"modified":"2024-02-16T13:47:53","modified_gmt":"2024-02-16T12:47:53","slug":"affarside-vision-strategi","status":"publish","type":"page","link":"https:\/\/www.scandbook.com\/sv\/investerare\/ir-kontakter\/affarside-vision-strategi\/","title":{"rendered":"Aff\u00e4rsid\u00e9, vision och strategi"},"content":{"rendered":"\n\n<style type=\"text\/css\" data-created_by=\"avia_inline_auto\" id=\"style-css-av-av_one_full-9497bbf8bff73ea4c6992cc17fa9ec36\">\n.flex_column.av-av_one_full-9497bbf8bff73ea4c6992cc17fa9ec36{\nborder-radius:0px 0px 0px 0px;\npadding:0px 0px 0px 0px;\n}\n<\/style>\n<div  class='flex_column av-av_one_full-9497bbf8bff73ea4c6992cc17fa9ec36 av_one_full  avia-builder-el-1  el_after_av_codeblock  avia-builder-el-last  first flex_column_div av-zero-column-padding  '     ><section  class='av_textblock_section av-lsonabo2-2e3a69540c8ebc4f0773e553ce2acd1d '   itemscope=\"itemscope\" itemtype=\"https:\/\/schema.org\/CreativeWork\" ><div class='avia_textblock'  itemprop=\"text\" ><h1>Aff\u00e4rsid\u00e9, vision och strategi<\/h1>\n<h2>Aff\u00e4rsid\u00e9<\/h2>\n<p>ScandBook skall skapa god l\u00f6nsamhet genom att vara kundens f\u00f6rstaval som samarbetspartner vid produktion av b\u00f6cker.<\/p>\n<h2>Vision<\/h2>\n<h3>ScandBooks vision \u00e4r att:<\/h3>\n<ul>\n<li>utvecklas till en integrerad leverant\u00f6r som tar ett helhetsgrepp om bokf\u00f6rlagens samtliga behov f\u00f6r tillverkning och distribution av b\u00f6cker.<\/li>\n<\/ul>\n<h2>Strategi<\/h2>\n<h3>ScandBooks strategi \u00e4r att vara en ledande och oberoende samarbetspartner f\u00f6r bokf\u00f6rlag genom att:<\/h3>\n<ul>\n<li>vara den mest kostnadseffektiva producenten, med en tydlig milj\u00f6profil, f\u00f6r s\u00e5v\u00e4l h\u00e5rd- som mjukinbundna b\u00f6cker p\u00e5 den nordiska marknaden,<\/li>\n<li>erbjuda sina kunder marknadens mest flexibla och effektiva leveranser,<\/li>\n<li>successivt expandera sitt erbjudande till andra nordeuropeiska l\u00e4nder samt bredda produktutbudet genom b\u00e5de organisk tillv\u00e4xt och f\u00f6rv\u00e4rv samt<\/li>\n<li>kontinuerligt utveckla och bredda sitt tj\u00e4nsteutbud gentemot bokf\u00f6rlagen.<\/li>\n<\/ul>\n<h2>Konkurrensf\u00f6rdelar<\/h2>\n<ul>\n<li>geografiskt v\u00e4lpositionerat i f\u00f6rh\u00e5llande till leverant\u00f6rer och kunder vilket m\u00f6jligg\u00f6r korta ledtider och l\u00e5ga logistikkostnader<\/li>\n<li>l\u00e4gre arbetskraftskostnader generellt i Sverige och Litauen j\u00e4mf\u00f6rt med \u00f6vriga nordeuropeiska l\u00e4nder<\/li>\n<li>specialiserade produktionsanl\u00e4ggningar<\/li>\n<li>modern teknik, med digitaltryck och integrerade produktionslinjer<\/li>\n<li>all efterbehandling, inkl omslagseffekter, sker i egen regi<\/li>\n<\/ul>\n<\/div><\/section><\/div>\n","protected":false},"excerpt":{"rendered":"","protected":false},"author":9,"featured_media":4688,"parent":1752,"menu_order":17,"comment_status":"closed","ping_status":"closed","template":"","meta":{"footnotes":""},"class_list":["post-1469","page","type-page","status-publish","has-post-thumbnail","hentry"],"yoast_head":"<!-- This site is optimized with the Yoast SEO Premium plugin v27.5 (Yoast SEO v27.5) - https:\/\/yoast.com\/product\/yoast-seo-premium-wordpress\/ -->\n<title>Aff\u00e4rsid\u00e9, vision och strategi - ScandBook<\/title>\n<meta name=\"description\" content=\"Aff\u00e4rsid\u00e9: ScandBook skall skapa god l\u00f6nsamhet.. Vision: ScandBooks vision \u00e4r att.. Strategi: ScandBooks strategi \u00e4r att vara en ledande..\" \/>\n<meta name=\"robots\" content=\"index, follow, max-snippet:-1, max-image-preview:large, max-video-preview:-1\" \/>\n<link rel=\"canonical\" href=\"https:\/\/www.scandbook.com\/sv\/investerare\/ir-kontakter\/affarside-vision-strategi\/\" \/>\n<meta property=\"og:locale\" content=\"sv_SE\" \/>\n<meta property=\"og:type\" content=\"article\" \/>\n<meta property=\"og:title\" content=\"Aff\u00e4rsid\u00e9, vision och strategi\" \/>\n<meta property=\"og:description\" content=\"Aff\u00e4rsid\u00e9: ScandBook skall skapa god l\u00f6nsamhet.. Vision: ScandBooks vision \u00e4r att.. Strategi: ScandBooks strategi \u00e4r att vara en ledande..\" \/>\n<meta property=\"og:url\" content=\"https:\/\/www.scandbook.com\/sv\/investerare\/ir-kontakter\/affarside-vision-strategi\/\" \/>\n<meta property=\"og:site_name\" content=\"ScandBook\" \/>\n<meta property=\"article:publisher\" content=\"https:\/\/www.facebook.com\/profile.php?id=100063569394878&amp;sk=about&amp;locale=sv_SE\" \/>\n<meta property=\"article:modified_time\" content=\"2024-02-16T12:47:53+00:00\" \/>\n<meta property=\"og:image\" content=\"https:\/\/www.scandbook.com\/wp-content\/uploads\/2015\/11\/tips-for-small-business-website-design.jpg\" \/>\n\t<meta property=\"og:image:width\" content=\"1800\" \/>\n\t<meta property=\"og:image:height\" content=\"1200\" \/>\n\t<meta property=\"og:image:type\" content=\"image\/jpeg\" \/>\n<meta name=\"twitter:card\" content=\"summary_large_image\" \/>\n<meta name=\"twitter:label1\" content=\"Ber\u00e4knad l\u00e4stid\" \/>\n\t<meta name=\"twitter:data1\" content=\"1 minut\" \/>\n<script type=\"application\/ld+json\" class=\"yoast-schema-graph\">{\"@context\":\"https:\\\/\\\/schema.org\",\"@graph\":[{\"@type\":\"WebPage\",\"@id\":\"https:\\\/\\\/www.scandbook.com\\\/sv\\\/investerare\\\/ir-kontakter\\\/affarside-vision-strategi\\\/\",\"url\":\"https:\\\/\\\/www.scandbook.com\\\/sv\\\/investerare\\\/ir-kontakter\\\/affarside-vision-strategi\\\/\",\"name\":\"Aff\u00e4rsid\u00e9, vision och strategi - ScandBook\",\"isPartOf\":{\"@id\":\"https:\\\/\\\/www.scandbook.com\\\/sv\\\/#website\"},\"primaryImageOfPage\":{\"@id\":\"https:\\\/\\\/www.scandbook.com\\\/sv\\\/investerare\\\/ir-kontakter\\\/affarside-vision-strategi\\\/#primaryimage\"},\"image\":{\"@id\":\"https:\\\/\\\/www.scandbook.com\\\/sv\\\/investerare\\\/ir-kontakter\\\/affarside-vision-strategi\\\/#primaryimage\"},\"thumbnailUrl\":\"https:\\\/\\\/www.scandbook.com\\\/wp-content\\\/uploads\\\/2015\\\/11\\\/tips-for-small-business-website-design.jpg\",\"datePublished\":\"2015-11-13T08:43:44+00:00\",\"dateModified\":\"2024-02-16T12:47:53+00:00\",\"description\":\"Aff\u00e4rsid\u00e9: ScandBook skall skapa god l\u00f6nsamhet.. Vision: ScandBooks vision \u00e4r att.. Strategi: ScandBooks strategi \u00e4r att vara en ledande..\",\"breadcrumb\":{\"@id\":\"https:\\\/\\\/www.scandbook.com\\\/sv\\\/investerare\\\/ir-kontakter\\\/affarside-vision-strategi\\\/#breadcrumb\"},\"inLanguage\":\"sv-SE\",\"potentialAction\":[{\"@type\":\"ReadAction\",\"target\":[\"https:\\\/\\\/www.scandbook.com\\\/sv\\\/investerare\\\/ir-kontakter\\\/affarside-vision-strategi\\\/\"]}]},{\"@type\":\"ImageObject\",\"inLanguage\":\"sv-SE\",\"@id\":\"https:\\\/\\\/www.scandbook.com\\\/sv\\\/investerare\\\/ir-kontakter\\\/affarside-vision-strategi\\\/#primaryimage\",\"url\":\"https:\\\/\\\/www.scandbook.com\\\/wp-content\\\/uploads\\\/2015\\\/11\\\/tips-for-small-business-website-design.jpg\",\"contentUrl\":\"https:\\\/\\\/www.scandbook.com\\\/wp-content\\\/uploads\\\/2015\\\/11\\\/tips-for-small-business-website-design.jpg\",\"width\":1800,\"height\":1200},{\"@type\":\"BreadcrumbList\",\"@id\":\"https:\\\/\\\/www.scandbook.com\\\/sv\\\/investerare\\\/ir-kontakter\\\/affarside-vision-strategi\\\/#breadcrumb\",\"itemListElement\":[{\"@type\":\"ListItem\",\"position\":1,\"name\":\"Home\",\"item\":\"https:\\\/\\\/www.scandbook.com\\\/sv\\\/\"},{\"@type\":\"ListItem\",\"position\":2,\"name\":\"Investerare\",\"item\":\"https:\\\/\\\/www.scandbook.com\\\/sv\\\/investerare\\\/?lang=sv\"},{\"@type\":\"ListItem\",\"position\":3,\"name\":\"IR-kontakter\",\"item\":\"https:\\\/\\\/www.scandbook.com\\\/sv\\\/investerare\\\/ir-kontakter\\\/?lang=sv\"},{\"@type\":\"ListItem\",\"position\":4,\"name\":\"Aff\u00e4rsid\u00e9, vision och strategi\"}]},{\"@type\":\"WebSite\",\"@id\":\"https:\\\/\\\/www.scandbook.com\\\/sv\\\/#website\",\"url\":\"https:\\\/\\\/www.scandbook.com\\\/sv\\\/\",\"name\":\"ScandBook\",\"description\":\"Skandinaviens ledande bokproducent\",\"publisher\":{\"@id\":\"https:\\\/\\\/www.scandbook.com\\\/sv\\\/#organization\"},\"potentialAction\":[{\"@type\":\"SearchAction\",\"target\":{\"@type\":\"EntryPoint\",\"urlTemplate\":\"https:\\\/\\\/www.scandbook.com\\\/sv\\\/?s={search_term_string}\"},\"query-input\":{\"@type\":\"PropertyValueSpecification\",\"valueRequired\":true,\"valueName\":\"search_term_string\"}}],\"inLanguage\":\"sv-SE\"},{\"@type\":\"Organization\",\"@id\":\"https:\\\/\\\/www.scandbook.com\\\/sv\\\/#organization\",\"name\":\"ScandBook\",\"url\":\"https:\\\/\\\/www.scandbook.com\\\/sv\\\/\",\"logo\":{\"@type\":\"ImageObject\",\"inLanguage\":\"sv-SE\",\"@id\":\"https:\\\/\\\/www.scandbook.com\\\/sv\\\/#\\\/schema\\\/logo\\\/image\\\/\",\"url\":\"https:\\\/\\\/www.scandbook.com\\\/wp-content\\\/uploads\\\/2023\\\/05\\\/scandbook-funding-climate-action.webp\",\"contentUrl\":\"https:\\\/\\\/www.scandbook.com\\\/wp-content\\\/uploads\\\/2023\\\/05\\\/scandbook-funding-climate-action.webp\",\"width\":256,\"height\":88,\"caption\":\"ScandBook\"},\"image\":{\"@id\":\"https:\\\/\\\/www.scandbook.com\\\/sv\\\/#\\\/schema\\\/logo\\\/image\\\/\"},\"sameAs\":[\"https:\\\/\\\/www.facebook.com\\\/profile.php?id=100063569394878&sk=about&locale=sv_SE\",\"https:\\\/\\\/www.linkedin.com\\\/company\\\/scandbook-ab\\\/\"]}]}<\/script>\n<!-- \/ Yoast SEO Premium plugin. -->","yoast_head_json":{"title":"Aff\u00e4rsid\u00e9, vision och strategi - ScandBook","description":"Aff\u00e4rsid\u00e9: ScandBook skall skapa god l\u00f6nsamhet.. Vision: ScandBooks vision \u00e4r att.. Strategi: ScandBooks strategi \u00e4r att vara en ledande..","robots":{"index":"index","follow":"follow","max-snippet":"max-snippet:-1","max-image-preview":"max-image-preview:large","max-video-preview":"max-video-preview:-1"},"canonical":"https:\/\/www.scandbook.com\/sv\/investerare\/ir-kontakter\/affarside-vision-strategi\/","og_locale":"sv_SE","og_type":"article","og_title":"Aff\u00e4rsid\u00e9, vision och strategi","og_description":"Aff\u00e4rsid\u00e9: ScandBook skall skapa god l\u00f6nsamhet.. Vision: ScandBooks vision \u00e4r att.. Strategi: ScandBooks strategi \u00e4r att vara en ledande..","og_url":"https:\/\/www.scandbook.com\/sv\/investerare\/ir-kontakter\/affarside-vision-strategi\/","og_site_name":"ScandBook","article_publisher":"https:\/\/www.facebook.com\/profile.php?id=100063569394878&sk=about&locale=sv_SE","article_modified_time":"2024-02-16T12:47:53+00:00","og_image":[{"width":1800,"height":1200,"url":"https:\/\/www.scandbook.com\/wp-content\/uploads\/2015\/11\/tips-for-small-business-website-design.jpg","type":"image\/jpeg"}],"twitter_card":"summary_large_image","twitter_misc":{"Ber\u00e4knad l\u00e4stid":"1 minut"},"schema":{"@context":"https:\/\/schema.org","@graph":[{"@type":"WebPage","@id":"https:\/\/www.scandbook.com\/sv\/investerare\/ir-kontakter\/affarside-vision-strategi\/","url":"https:\/\/www.scandbook.com\/sv\/investerare\/ir-kontakter\/affarside-vision-strategi\/","name":"Aff\u00e4rsid\u00e9, vision och strategi - ScandBook","isPartOf":{"@id":"https:\/\/www.scandbook.com\/sv\/#website"},"primaryImageOfPage":{"@id":"https:\/\/www.scandbook.com\/sv\/investerare\/ir-kontakter\/affarside-vision-strategi\/#primaryimage"},"image":{"@id":"https:\/\/www.scandbook.com\/sv\/investerare\/ir-kontakter\/affarside-vision-strategi\/#primaryimage"},"thumbnailUrl":"https:\/\/www.scandbook.com\/wp-content\/uploads\/2015\/11\/tips-for-small-business-website-design.jpg","datePublished":"2015-11-13T08:43:44+00:00","dateModified":"2024-02-16T12:47:53+00:00","description":"Aff\u00e4rsid\u00e9: ScandBook skall skapa god l\u00f6nsamhet.. Vision: ScandBooks vision \u00e4r att.. Strategi: ScandBooks strategi \u00e4r att vara en ledande..","breadcrumb":{"@id":"https:\/\/www.scandbook.com\/sv\/investerare\/ir-kontakter\/affarside-vision-strategi\/#breadcrumb"},"inLanguage":"sv-SE","potentialAction":[{"@type":"ReadAction","target":["https:\/\/www.scandbook.com\/sv\/investerare\/ir-kontakter\/affarside-vision-strategi\/"]}]},{"@type":"ImageObject","inLanguage":"sv-SE","@id":"https:\/\/www.scandbook.com\/sv\/investerare\/ir-kontakter\/affarside-vision-strategi\/#primaryimage","url":"https:\/\/www.scandbook.com\/wp-content\/uploads\/2015\/11\/tips-for-small-business-website-design.jpg","contentUrl":"https:\/\/www.scandbook.com\/wp-content\/uploads\/2015\/11\/tips-for-small-business-website-design.jpg","width":1800,"height":1200},{"@type":"BreadcrumbList","@id":"https:\/\/www.scandbook.com\/sv\/investerare\/ir-kontakter\/affarside-vision-strategi\/#breadcrumb","itemListElement":[{"@type":"ListItem","position":1,"name":"Home","item":"https:\/\/www.scandbook.com\/sv\/"},{"@type":"ListItem","position":2,"name":"Investerare","item":"https:\/\/www.scandbook.com\/sv\/investerare\/?lang=sv"},{"@type":"ListItem","position":3,"name":"IR-kontakter","item":"https:\/\/www.scandbook.com\/sv\/investerare\/ir-kontakter\/?lang=sv"},{"@type":"ListItem","position":4,"name":"Aff\u00e4rsid\u00e9, vision och strategi"}]},{"@type":"WebSite","@id":"https:\/\/www.scandbook.com\/sv\/#website","url":"https:\/\/www.scandbook.com\/sv\/","name":"ScandBook","description":"Skandinaviens ledande bokproducent","publisher":{"@id":"https:\/\/www.scandbook.com\/sv\/#organization"},"potentialAction":[{"@type":"SearchAction","target":{"@type":"EntryPoint","urlTemplate":"https:\/\/www.scandbook.com\/sv\/?s={search_term_string}"},"query-input":{"@type":"PropertyValueSpecification","valueRequired":true,"valueName":"search_term_string"}}],"inLanguage":"sv-SE"},{"@type":"Organization","@id":"https:\/\/www.scandbook.com\/sv\/#organization","name":"ScandBook","url":"https:\/\/www.scandbook.com\/sv\/","logo":{"@type":"ImageObject","inLanguage":"sv-SE","@id":"https:\/\/www.scandbook.com\/sv\/#\/schema\/logo\/image\/","url":"https:\/\/www.scandbook.com\/wp-content\/uploads\/2023\/05\/scandbook-funding-climate-action.webp","contentUrl":"https:\/\/www.scandbook.com\/wp-content\/uploads\/2023\/05\/scandbook-funding-climate-action.webp","width":256,"height":88,"caption":"ScandBook"},"image":{"@id":"https:\/\/www.scandbook.com\/sv\/#\/schema\/logo\/image\/"},"sameAs":["https:\/\/www.facebook.com\/profile.php?id=100063569394878&sk=about&locale=sv_SE","https:\/\/www.linkedin.com\/company\/scandbook-ab\/"]}]}},"_links":{"self":[{"href":"https:\/\/www.scandbook.com\/sv\/wp-json\/wp\/v2\/pages\/1469","targetHints":{"allow":["GET"]}}],"collection":[{"href":"https:\/\/www.scandbook.com\/sv\/wp-json\/wp\/v2\/pages"}],"about":[{"href":"https:\/\/www.scandbook.com\/sv\/wp-json\/wp\/v2\/types\/page"}],"author":[{"embeddable":true,"href":"https:\/\/www.scandbook.com\/sv\/wp-json\/wp\/v2\/users\/9"}],"replies":[{"embeddable":true,"href":"https:\/\/www.scandbook.com\/sv\/wp-json\/wp\/v2\/comments?post=1469"}],"version-history":[{"count":4,"href":"https:\/\/www.scandbook.com\/sv\/wp-json\/wp\/v2\/pages\/1469\/revisions"}],"predecessor-version":[{"id":14613,"href":"https:\/\/www.scandbook.com\/sv\/wp-json\/wp\/v2\/pages\/1469\/revisions\/14613"}],"up":[{"embeddable":true,"href":"https:\/\/www.scandbook.com\/sv\/wp-json\/wp\/v2\/pages\/1752"}],"wp:featuredmedia":[{"embeddable":true,"href":"https:\/\/www.scandbook.com\/sv\/wp-json\/wp\/v2\/media\/4688"}],"wp:attachment":[{"href":"https:\/\/www.scandbook.com\/sv\/wp-json\/wp\/v2\/media?parent=1469"}],"curies":[{"name":"wp","href":"https:\/\/api.w.org\/{rel}","templated":true}]}}