{"id":1456,"date":"2016-02-02T08:35:06","date_gmt":"2016-02-02T07:35:06","guid":{"rendered":"http:\/\/development.scandbook-internt.se\/?page_id=1456&#038;lang=sv"},"modified":"2022-02-18T14:14:33","modified_gmt":"2022-02-18T13:14:33","slug":"sattning","status":"publish","type":"page","link":"https:\/\/www.scandbook.com\/sv\/produkter-tjanster\/tjanster\/sattning\/","title":{"rendered":"S\u00e4ttning av inlaga"},"content":{"rendered":"\n\n<style type=\"text\/css\" data-created_by=\"avia_inline_auto\" id=\"style-css-av-4rn340-1b9dd02c4b38924b4dce6dc8a0114e54\">\n.flex_column.av-4rn340-1b9dd02c4b38924b4dce6dc8a0114e54{\nborder-radius:0px 0px 0px 0px;\npadding:0px 0px 0px 0px;\n}\n<\/style>\n<div  class='flex_column av-4rn340-1b9dd02c4b38924b4dce6dc8a0114e54 av_one_full  avia-builder-el-1  el_after_av_codeblock  avia-builder-el-last  first flex_column_div av-zero-column-padding  '     ><section  class='av_textblock_section av-21kzs0-5a44a9a954fc2d35dcda145051f1fa67 '   itemscope=\"itemscope\" itemtype=\"https:\/\/schema.org\/CreativeWork\" ><div class='avia_textblock'  itemprop=\"text\" ><h2>S\u00e4ttning av inlaga<\/h2>\n<p>Vi erbjuder s\u00e4ttning\/ombrytning av inlagor.\u00a0 Inlagens utseende betyder v\u00e4ldigt mycket hur boken upplevs och hur l\u00e4ttl\u00e4st den \u00e4r. Vi ser till att din inlaga blir professionellt satt. Kontakta din projektledare eller s\u00e4ljare f\u00f6r priser.<br \/>\nH\u00e4r finns en instruktion f\u00f6r hur du skriver in ditt material f\u00f6r att s\u00e4ttningen ska g\u00e5 smidigt.<\/p>\n<p><a href=\"http:\/\/www.scandbook.com\/wp-content\/uploads\/2016\/02\/Sattinstruktion_131021.pdf\" target=\"_blank\" rel=\"noopener\">[icon name=&#8221;file-pdf-o&#8221; class=&#8221;&#8221; unprefixed_class=&#8221;&#8221;]\u00a0Ladda ner s\u00e4ttinstruktion (PDF)<\/a><\/p>\n<\/div><\/section><\/div>\n","protected":false},"excerpt":{"rendered":"","protected":false},"author":9,"featured_media":0,"parent":69,"menu_order":0,"comment_status":"closed","ping_status":"closed","template":"","meta":{"footnotes":""},"class_list":["post-1456","page","type-page","status-publish","hentry"],"yoast_head":"<!-- This site is optimized with the Yoast SEO Premium plugin v27.4 (Yoast SEO v27.4) - https:\/\/yoast.com\/product\/yoast-seo-premium-wordpress\/ -->\n<title>S\u00e4ttning av inlaga - ScandBook<\/title>\n<meta name=\"description\" content=\"Scandbook erbjuder satts\u00e4ttning\/ombrytning av inlagor s\u00e5 att du f\u00e5r din inlaga professionellt satt.\" \/>\n<meta name=\"robots\" content=\"index, follow, max-snippet:-1, max-image-preview:large, max-video-preview:-1\" \/>\n<link rel=\"canonical\" href=\"https:\/\/www.scandbook.com\/sv\/produkter-tjanster\/tjanster\/sattning\/\" \/>\n<meta property=\"og:locale\" content=\"sv_SE\" \/>\n<meta property=\"og:type\" content=\"article\" \/>\n<meta property=\"og:title\" content=\"S\u00e4ttning av inlaga\" \/>\n<meta property=\"og:description\" content=\"Scandbook erbjuder satts\u00e4ttning\/ombrytning av inlagor s\u00e5 att du f\u00e5r din inlaga professionellt satt.\" \/>\n<meta property=\"og:url\" content=\"https:\/\/www.scandbook.com\/sv\/produkter-tjanster\/tjanster\/sattning\/\" \/>\n<meta property=\"og:site_name\" content=\"ScandBook\" \/>\n<meta property=\"article:publisher\" content=\"https:\/\/www.facebook.com\/profile.php?id=100063569394878&amp;sk=about&amp;locale=sv_SE\" \/>\n<meta property=\"article:modified_time\" content=\"2022-02-18T13:14:33+00:00\" \/>\n<meta name=\"twitter:card\" content=\"summary_large_image\" \/>\n<meta name=\"twitter:label1\" content=\"Ber\u00e4knad l\u00e4stid\" \/>\n\t<meta name=\"twitter:data1\" content=\"1 minut\" \/>\n<script type=\"application\/ld+json\" class=\"yoast-schema-graph\">{\"@context\":\"https:\\\/\\\/schema.org\",\"@graph\":[{\"@type\":\"WebPage\",\"@id\":\"https:\\\/\\\/www.scandbook.com\\\/sv\\\/produkter-tjanster\\\/tjanster\\\/sattning\\\/\",\"url\":\"https:\\\/\\\/www.scandbook.com\\\/sv\\\/produkter-tjanster\\\/tjanster\\\/sattning\\\/\",\"name\":\"S\u00e4ttning av inlaga - ScandBook\",\"isPartOf\":{\"@id\":\"https:\\\/\\\/www.scandbook.com\\\/sv\\\/#website\"},\"datePublished\":\"2016-02-02T07:35:06+00:00\",\"dateModified\":\"2022-02-18T13:14:33+00:00\",\"description\":\"Scandbook erbjuder satts\u00e4ttning\\\/ombrytning av inlagor s\u00e5 att du f\u00e5r din inlaga professionellt satt.\",\"breadcrumb\":{\"@id\":\"https:\\\/\\\/www.scandbook.com\\\/sv\\\/produkter-tjanster\\\/tjanster\\\/sattning\\\/#breadcrumb\"},\"inLanguage\":\"sv-SE\",\"potentialAction\":[{\"@type\":\"ReadAction\",\"target\":[\"https:\\\/\\\/www.scandbook.com\\\/sv\\\/produkter-tjanster\\\/tjanster\\\/sattning\\\/\"]}]},{\"@type\":\"BreadcrumbList\",\"@id\":\"https:\\\/\\\/www.scandbook.com\\\/sv\\\/produkter-tjanster\\\/tjanster\\\/sattning\\\/#breadcrumb\",\"itemListElement\":[{\"@type\":\"ListItem\",\"position\":1,\"name\":\"Home\",\"item\":\"https:\\\/\\\/www.scandbook.com\\\/sv\\\/\"},{\"@type\":\"ListItem\",\"position\":2,\"name\":\"Produkter &#038; Tj\u00e4nster\",\"item\":\"https:\\\/\\\/www.scandbook.com\\\/sv\\\/produkter-tjanster\\\/?lang=sv\"},{\"@type\":\"ListItem\",\"position\":3,\"name\":\"Tj\u00e4nster\",\"item\":\"https:\\\/\\\/www.scandbook.com\\\/sv\\\/produkter-tjanster\\\/tjanster\\\/?lang=sv\"},{\"@type\":\"ListItem\",\"position\":4,\"name\":\"S\u00e4ttning av inlaga\"}]},{\"@type\":\"WebSite\",\"@id\":\"https:\\\/\\\/www.scandbook.com\\\/sv\\\/#website\",\"url\":\"https:\\\/\\\/www.scandbook.com\\\/sv\\\/\",\"name\":\"ScandBook\",\"description\":\"Skandinaviens ledande bokproducent\",\"publisher\":{\"@id\":\"https:\\\/\\\/www.scandbook.com\\\/sv\\\/#organization\"},\"potentialAction\":[{\"@type\":\"SearchAction\",\"target\":{\"@type\":\"EntryPoint\",\"urlTemplate\":\"https:\\\/\\\/www.scandbook.com\\\/sv\\\/?s={search_term_string}\"},\"query-input\":{\"@type\":\"PropertyValueSpecification\",\"valueRequired\":true,\"valueName\":\"search_term_string\"}}],\"inLanguage\":\"sv-SE\"},{\"@type\":\"Organization\",\"@id\":\"https:\\\/\\\/www.scandbook.com\\\/sv\\\/#organization\",\"name\":\"ScandBook\",\"url\":\"https:\\\/\\\/www.scandbook.com\\\/sv\\\/\",\"logo\":{\"@type\":\"ImageObject\",\"inLanguage\":\"sv-SE\",\"@id\":\"https:\\\/\\\/www.scandbook.com\\\/sv\\\/#\\\/schema\\\/logo\\\/image\\\/\",\"url\":\"https:\\\/\\\/www.scandbook.com\\\/wp-content\\\/uploads\\\/2023\\\/05\\\/scandbook-funding-climate-action.webp\",\"contentUrl\":\"https:\\\/\\\/www.scandbook.com\\\/wp-content\\\/uploads\\\/2023\\\/05\\\/scandbook-funding-climate-action.webp\",\"width\":256,\"height\":88,\"caption\":\"ScandBook\"},\"image\":{\"@id\":\"https:\\\/\\\/www.scandbook.com\\\/sv\\\/#\\\/schema\\\/logo\\\/image\\\/\"},\"sameAs\":[\"https:\\\/\\\/www.facebook.com\\\/profile.php?id=100063569394878&sk=about&locale=sv_SE\",\"https:\\\/\\\/www.linkedin.com\\\/company\\\/scandbook-ab\\\/\"]}]}<\/script>\n<!-- \/ Yoast SEO Premium plugin. -->","yoast_head_json":{"title":"S\u00e4ttning av inlaga - ScandBook","description":"Scandbook erbjuder satts\u00e4ttning\/ombrytning av inlagor s\u00e5 att du f\u00e5r din inlaga professionellt satt.","robots":{"index":"index","follow":"follow","max-snippet":"max-snippet:-1","max-image-preview":"max-image-preview:large","max-video-preview":"max-video-preview:-1"},"canonical":"https:\/\/www.scandbook.com\/sv\/produkter-tjanster\/tjanster\/sattning\/","og_locale":"sv_SE","og_type":"article","og_title":"S\u00e4ttning av inlaga","og_description":"Scandbook erbjuder satts\u00e4ttning\/ombrytning av inlagor s\u00e5 att du f\u00e5r din inlaga professionellt satt.","og_url":"https:\/\/www.scandbook.com\/sv\/produkter-tjanster\/tjanster\/sattning\/","og_site_name":"ScandBook","article_publisher":"https:\/\/www.facebook.com\/profile.php?id=100063569394878&sk=about&locale=sv_SE","article_modified_time":"2022-02-18T13:14:33+00:00","twitter_card":"summary_large_image","twitter_misc":{"Ber\u00e4knad l\u00e4stid":"1 minut"},"schema":{"@context":"https:\/\/schema.org","@graph":[{"@type":"WebPage","@id":"https:\/\/www.scandbook.com\/sv\/produkter-tjanster\/tjanster\/sattning\/","url":"https:\/\/www.scandbook.com\/sv\/produkter-tjanster\/tjanster\/sattning\/","name":"S\u00e4ttning av inlaga - ScandBook","isPartOf":{"@id":"https:\/\/www.scandbook.com\/sv\/#website"},"datePublished":"2016-02-02T07:35:06+00:00","dateModified":"2022-02-18T13:14:33+00:00","description":"Scandbook erbjuder satts\u00e4ttning\/ombrytning av inlagor s\u00e5 att du f\u00e5r din inlaga professionellt satt.","breadcrumb":{"@id":"https:\/\/www.scandbook.com\/sv\/produkter-tjanster\/tjanster\/sattning\/#breadcrumb"},"inLanguage":"sv-SE","potentialAction":[{"@type":"ReadAction","target":["https:\/\/www.scandbook.com\/sv\/produkter-tjanster\/tjanster\/sattning\/"]}]},{"@type":"BreadcrumbList","@id":"https:\/\/www.scandbook.com\/sv\/produkter-tjanster\/tjanster\/sattning\/#breadcrumb","itemListElement":[{"@type":"ListItem","position":1,"name":"Home","item":"https:\/\/www.scandbook.com\/sv\/"},{"@type":"ListItem","position":2,"name":"Produkter &#038; Tj\u00e4nster","item":"https:\/\/www.scandbook.com\/sv\/produkter-tjanster\/?lang=sv"},{"@type":"ListItem","position":3,"name":"Tj\u00e4nster","item":"https:\/\/www.scandbook.com\/sv\/produkter-tjanster\/tjanster\/?lang=sv"},{"@type":"ListItem","position":4,"name":"S\u00e4ttning av inlaga"}]},{"@type":"WebSite","@id":"https:\/\/www.scandbook.com\/sv\/#website","url":"https:\/\/www.scandbook.com\/sv\/","name":"ScandBook","description":"Skandinaviens ledande bokproducent","publisher":{"@id":"https:\/\/www.scandbook.com\/sv\/#organization"},"potentialAction":[{"@type":"SearchAction","target":{"@type":"EntryPoint","urlTemplate":"https:\/\/www.scandbook.com\/sv\/?s={search_term_string}"},"query-input":{"@type":"PropertyValueSpecification","valueRequired":true,"valueName":"search_term_string"}}],"inLanguage":"sv-SE"},{"@type":"Organization","@id":"https:\/\/www.scandbook.com\/sv\/#organization","name":"ScandBook","url":"https:\/\/www.scandbook.com\/sv\/","logo":{"@type":"ImageObject","inLanguage":"sv-SE","@id":"https:\/\/www.scandbook.com\/sv\/#\/schema\/logo\/image\/","url":"https:\/\/www.scandbook.com\/wp-content\/uploads\/2023\/05\/scandbook-funding-climate-action.webp","contentUrl":"https:\/\/www.scandbook.com\/wp-content\/uploads\/2023\/05\/scandbook-funding-climate-action.webp","width":256,"height":88,"caption":"ScandBook"},"image":{"@id":"https:\/\/www.scandbook.com\/sv\/#\/schema\/logo\/image\/"},"sameAs":["https:\/\/www.facebook.com\/profile.php?id=100063569394878&sk=about&locale=sv_SE","https:\/\/www.linkedin.com\/company\/scandbook-ab\/"]}]}},"_links":{"self":[{"href":"https:\/\/www.scandbook.com\/sv\/wp-json\/wp\/v2\/pages\/1456","targetHints":{"allow":["GET"]}}],"collection":[{"href":"https:\/\/www.scandbook.com\/sv\/wp-json\/wp\/v2\/pages"}],"about":[{"href":"https:\/\/www.scandbook.com\/sv\/wp-json\/wp\/v2\/types\/page"}],"author":[{"embeddable":true,"href":"https:\/\/www.scandbook.com\/sv\/wp-json\/wp\/v2\/users\/9"}],"replies":[{"embeddable":true,"href":"https:\/\/www.scandbook.com\/sv\/wp-json\/wp\/v2\/comments?post=1456"}],"version-history":[{"count":20,"href":"https:\/\/www.scandbook.com\/sv\/wp-json\/wp\/v2\/pages\/1456\/revisions"}],"predecessor-version":[{"id":7753,"href":"https:\/\/www.scandbook.com\/sv\/wp-json\/wp\/v2\/pages\/1456\/revisions\/7753"}],"up":[{"embeddable":true,"href":"https:\/\/www.scandbook.com\/sv\/wp-json\/wp\/v2\/pages\/69"}],"wp:attachment":[{"href":"https:\/\/www.scandbook.com\/sv\/wp-json\/wp\/v2\/media?parent=1456"}],"curies":[{"name":"wp","href":"https:\/\/api.w.org\/{rel}","templated":true}]}}