{"id":1371,"date":"2016-01-21T14:12:13","date_gmt":"2016-01-21T13:12:13","guid":{"rendered":"http:\/\/development.scandbook-internt.se\/produkter-tjanster\/produkter\/test\/?lang=sv"},"modified":"2024-09-04T08:48:41","modified_gmt":"2024-09-04T07:48:41","slug":"produktoversikt","status":"publish","type":"page","link":"https:\/\/www.scandbook.com\/sv\/produkter-tjanster\/produkter\/produktoversikt\/","title":{"rendered":"\u00d6versikt"},"content":{"rendered":"\n\n<style type=\"text\/css\" data-created_by=\"avia_inline_auto\" id=\"style-css-av-9e38mz-4bbf505021932004dca51358ac3f5b5c\">\n.flex_column.av-9e38mz-4bbf505021932004dca51358ac3f5b5c{\nborder-radius:0px 0px 0px 0px;\npadding:0px 0px 0px 0px;\n}\n<\/style>\n<div  class='flex_column av-9e38mz-4bbf505021932004dca51358ac3f5b5c av_one_full  avia-builder-el-1  el_after_av_codeblock  el_before_av_one_half  first flex_column_div av-zero-column-padding  '     ><section  class='av_textblock_section av-79tm1n-22c9e431c9d84da83498eaccda4e9b86 '   itemscope=\"itemscope\" itemtype=\"https:\/\/schema.org\/CreativeWork\" ><div class='avia_textblock'  itemprop=\"text\" ><h1>Produkt\u00f6versikt<\/h1>\n<p><span class=\"HwtZe\" lang=\"sv\"><span class=\"jCAhz ChMk0b\"><span class=\"ryNqvb\">Scandbook \u00e4r specialiserat p\u00e5 produktion av b\u00f6cker med h\u00e5rda\/mjuka p\u00e4rmar i olika storlekar och med omslagsalternativ.<\/span><\/span><\/span><\/p>\n<\/div><\/section><\/div>\n<div class='flex_column_table av-5y3i6z-9c16dea4dbbc93bfbae266735f86d93a sc-av_one_half av-equal-height-column-flextable'>\n<style type=\"text\/css\" data-created_by=\"avia_inline_auto\" id=\"style-css-av-5y3i6z-9c16dea4dbbc93bfbae266735f86d93a\">\n.flex_column.av-5y3i6z-9c16dea4dbbc93bfbae266735f86d93a{\nborder-width:1px;\nborder-style:solid;\nborder-radius:2px 2px 2px 2px;\npadding:20px 20px 20px 20px;\nbackground-color:#ffffff;\n}\n<\/style>\n<div  class='flex_column av-5y3i6z-9c16dea4dbbc93bfbae266735f86d93a av_one_half  avia-builder-el-3  el_after_av_one_full  el_before_av_one_half  first flex_column_table_cell av-equal-height-column av-align-top  column-top-margin'     ><section  class='av_textblock_section av-kzscoa3m-c27f7507bb7505c21f0f6879a7e6bd28 '   itemscope=\"itemscope\" itemtype=\"https:\/\/schema.org\/CreativeWork\" ><div class='avia_textblock'  itemprop=\"text\" ><h3>F\u00f6rlagsband<\/h3>\n<p><a href=\"https:\/\/www.scandbook.com\/wp-content\/uploads\/2023\/03\/dust-jacket-book.webp\"><img loading=\"lazy\" decoding=\"async\" class=\"alignnone wp-image-10412 size-portfolio\" src=\"https:\/\/www.scandbook.com\/wp-content\/uploads\/2023\/03\/dust-jacket-book-495x400.webp\" alt=\"F\u00f6rlagsband\" width=\"495\" height=\"400\" \/><\/a><\/p>\n<p>F\u00f6rlagsbandet har h\u00e5rd p\u00e4rm kl\u00e4dd med f\u00e4rgat eller tryckt papper. Runt boken finns ett l\u00f6st skyddsomslag vanligen tryckt i flera f\u00e4rger.<\/p>\n<\/div><\/section><\/div>\n<div class='av-flex-placeholder'><\/div>\n<style type=\"text\/css\" data-created_by=\"avia_inline_auto\" id=\"style-css-av-3on6x7-15d90892d32dafec7b81f0219af8ed0d\">\n.flex_column.av-3on6x7-15d90892d32dafec7b81f0219af8ed0d{\nborder-width:1px;\nborder-style:solid;\nborder-radius:2px 2px 2px 2px;\npadding:20px 20px 20px 20px;\nbackground-color:#ffffff;\n}\n<\/style>\n<div  class='flex_column av-3on6x7-15d90892d32dafec7b81f0219af8ed0d av_one_half  avia-builder-el-5  el_after_av_one_half  el_before_av_one_half  flex_column_table_cell av-equal-height-column av-align-top  column-top-margin'     ><section  class='av_textblock_section av-kzscpfc8-0d799168ca5f03110c3b71a21a07008e '   itemscope=\"itemscope\" itemtype=\"https:\/\/schema.org\/CreativeWork\" ><div class='avia_textblock'  itemprop=\"text\" ><h3>Kartonnage<\/h3>\n<p><a href=\"https:\/\/www.scandbook.com\/wp-content\/uploads\/2023\/03\/hard-cover-book.webp\"><img loading=\"lazy\" decoding=\"async\" class=\"alignnone wp-image-10416 size-portfolio\" src=\"https:\/\/www.scandbook.com\/wp-content\/uploads\/2023\/03\/hard-cover-book-495x400.webp\" alt=\"Kartonnage\" width=\"495\" height=\"400\" \/><\/a><\/p>\n<p>Kartonnagebandet har h\u00e5rd p\u00e4rm. Omslaget \u00e4r vanligtvis tryckt i fyrf\u00e4rg och \u00e4r klistrat direkt p\u00e5 p\u00e4rmen<\/p>\n<\/div><\/section><\/div><\/div><!--close column table wrapper. Autoclose: 1 -->\n<div class='flex_column_table av-lfl3audz-3d2cca2fca52a0755f07f26adeceb7c5 sc-av_one_half av-equal-height-column-flextable'>\n<style type=\"text\/css\" data-created_by=\"avia_inline_auto\" id=\"style-css-av-lfl3audz-3d2cca2fca52a0755f07f26adeceb7c5\">\n.flex_column.av-lfl3audz-3d2cca2fca52a0755f07f26adeceb7c5{\nborder-width:1px;\nborder-style:solid;\nborder-radius:2px 2px 2px 2px;\npadding:20px 20px 20px 20px;\nbackground-color:#ffffff;\n}\n<\/style>\n<div  class='flex_column av-lfl3audz-3d2cca2fca52a0755f07f26adeceb7c5 av_one_half  avia-builder-el-7  el_after_av_one_half  el_before_av_one_half  first flex_column_table_cell av-equal-height-column av-align-top  column-top-margin'     ><section  class='av_textblock_section av-lfl3bh0h-5bfe20f6fa6ad262901b56dc5ec1c0c1 '   itemscope=\"itemscope\" itemtype=\"https:\/\/schema.org\/CreativeWork\" ><div class='avia_textblock'  itemprop=\"text\" ><h3>Mjukband (storpocket) och pocket<\/h3>\n<p><a href=\"https:\/\/www.scandbook.com\/wp-content\/uploads\/2023\/03\/soft-cover-book.webp\"><img loading=\"lazy\" decoding=\"async\" class=\"alignnone wp-image-10420 size-portfolio\" src=\"https:\/\/www.scandbook.com\/wp-content\/uploads\/2023\/03\/soft-cover-book-495x400.webp\" alt=\"Mjukband (storpocket) och pocket\" width=\"495\" height=\"400\" \/><\/a><\/p>\n<p>Mjukbandet, som ocks\u00e5 kallas storpocket, har ingen h\u00e5rd p\u00e4rm utan omslaget \u00e4r tryckt p\u00e5 bestruken kartong med en ytvikt p\u00e5 240 gram. Det kan ocks\u00e5 produceras med flikar p\u00e5 omslaget. Kan produceras i samma format som h\u00e5rdbundna b\u00f6cker.<\/p>\n<p>Pocket har ett enklare (bulkigare) papper och en lite tunnare bestruken kartong med 220 gr i ytvikt. Vi optimerar materialvalet f\u00f6r att g\u00f6ra en s\u00e5 kostnadseffektiv produkt som m\u00f6jligt. Pocket har standardformat, som \u00e4r 110 X 178 mm i Sverige (115&#215;185 i Norge).<\/p>\n<\/div><\/section><\/div>\n<div class='av-flex-placeholder'><\/div>\n<style type=\"text\/css\" data-created_by=\"avia_inline_auto\" id=\"style-css-av-av_one_half-6152978bc31568f153a0ba4420fd203e\">\n.flex_column.av-av_one_half-6152978bc31568f153a0ba4420fd203e{\nborder-width:1px;\nborder-style:solid;\nborder-radius:2px 2px 2px 2px;\npadding:20px 20px 20px 20px;\nbackground-color:#ffffff;\n}\n<\/style>\n<div  class='flex_column av-av_one_half-6152978bc31568f153a0ba4420fd203e av_one_half  avia-builder-el-9  el_after_av_one_half  el_before_av_hr  flex_column_table_cell av-equal-height-column av-align-top  column-top-margin'     ><section  class='av_textblock_section av-lfl3dda1-15127eadd1a32afdc99cbd22ce8e55f2 '   itemscope=\"itemscope\" itemtype=\"https:\/\/schema.org\/CreativeWork\" ><div class='avia_textblock'  itemprop=\"text\" ><h3>Mjukband och pocket, \u00e4ven med flikar<\/h3>\n<p><a href=\"https:\/\/www.scandbook.com\/wp-content\/uploads\/2023\/03\/cover-with-flaps-book.webp\"><img loading=\"lazy\" decoding=\"async\" class=\"alignnone wp-image-10408 size-portfolio\" src=\"https:\/\/www.scandbook.com\/wp-content\/uploads\/2023\/03\/cover-with-flaps-book-495x400.webp\" alt=\"Mjukband och pocket, \u00e4ven med flikar\" width=\"495\" height=\"400\" \/><\/a><\/p>\n<p>S\u00e5v\u00e4l mjukband som pocket kan f\u00e5s med flikar p\u00e5 omslaget.<\/p>\n<\/div><\/section><\/div><\/div><!--close column table wrapper. Autoclose: 1 -->\n<div  class='hr av-av_hr-91d7ccd583a503147498e120fee2ff9b hr-default  avia-builder-el-11  el_after_av_one_half  el_before_av_one_third '><span class='hr-inner '><span class=\"hr-inner-style\"><\/span><\/span><\/div>\n<div  class='flex_column av-av_one_third-7714eba142aeda1f8b5272a3c372b279 av_one_third  avia-builder-el-12  el_after_av_hr  el_before_av_one_third  first flex_column_div  '     ><style type=\"text\/css\" data-created_by=\"avia_inline_auto\" id=\"style-css-av-lfs40lx9-fe8907bf5a4ff853d7cf1149d99d3532\">\n.iconbox.av-lfs40lx9-fe8907bf5a4ff853d7cf1149d99d3532 .iconbox_icon{\nbackground-color:#0072bc;\nborder:1px solid #0072bc;\n}\n#top #wrap_all .iconbox.av-lfs40lx9-fe8907bf5a4ff853d7cf1149d99d3532 .iconbox_content_title{\ncolor:#0072bc;\n}\n<\/style>\n<article  class='iconbox iconbox_left av-lfs40lx9-fe8907bf5a4ff853d7cf1149d99d3532  avia-builder-el-13  avia-builder-el-no-sibling '  itemscope=\"itemscope\" itemtype=\"https:\/\/schema.org\/CreativeWork\" ><div class=\"iconbox_content\"><header class=\"entry-content-header\" aria-label=\"Icon: Standard \u00f6verdragsf\u00e4rger\"><div class='iconbox_icon heading-color avia-iconfont avia-font-entypo-fontello' data-av_icon='\ue8a4' data-av_iconfont='entypo-fontello'  ><\/div><h3 class='iconbox_content_title '  itemprop=\"headline\" >Standard \u00f6verdragsf\u00e4rger<\/h3><\/header><div class='iconbox_content_container '  itemprop=\"text\" ><p>T\u00e4nk p\u00e5 att f\u00e4rgerna inte \u00e4r exakta utan varierar en hel del fr\u00e5n sk\u00e4rm till sk\u00e4rm.<\/p>\n<p><a href=\"http:\/\/www.scandbook.com\/standard-mat\/geltex\/index-sv.html\" class=\"popup\" data-width=\"1240\" data-height=\"960\" data-scrollbars=\"1\" alt=\"popup\">Geltex<\/a><a href=\"http:\/\/www.scandbook.com\/standard-mat\/ryggfolie\/index-sv.html\" class=\"popup\" data-width=\"1024\" data-height=\"960\" data-scrollbars=\"1\" alt=\"popup\">Ryggfolie<\/a><a href=\"http:\/\/www.scandbook.com\/standard-mat\/kapitalband\/index-sv.html\" class=\"popup\" data-width=\"1200\" data-height=\"960\" data-scrollbars=\"1\" alt=\"popup\">Kapit\u00e4lband<\/a><\/p>\n<\/div><\/div><footer class=\"entry-footer\"><\/footer><\/article><\/div>\n<div  class='flex_column av-av_one_third-f1c518e9ff58e869f80c8f093487abc9 av_one_third  avia-builder-el-14  el_after_av_one_third  el_before_av_one_third  flex_column_div  '     ><style type=\"text\/css\" data-created_by=\"avia_inline_auto\" id=\"style-css-av-lfs40r1q-8470f5f1cb3613fd924128aae96a8186\">\n.iconbox.av-lfs40r1q-8470f5f1cb3613fd924128aae96a8186 .iconbox_icon{\nbackground-color:#0072bc;\nborder:1px solid #0072bc;\n}\n#top #wrap_all .iconbox.av-lfs40r1q-8470f5f1cb3613fd924128aae96a8186 .iconbox_content_title{\ncolor:#0072bc;\n}\n<\/style>\n<article  class='iconbox iconbox_left av-lfs40r1q-8470f5f1cb3613fd924128aae96a8186  avia-builder-el-15  avia-builder-el-no-sibling '  itemscope=\"itemscope\" itemtype=\"https:\/\/schema.org\/CreativeWork\" ><div class=\"iconbox_content\"><header class=\"entry-content-header\" aria-label=\"Icon: Standardformat\"><div class='iconbox_icon heading-color avia-iconfont avia-font-entypo-fontello' data-av_icon='\ue849' data-av_iconfont='entypo-fontello'  ><\/div><h3 class='iconbox_content_title '  itemprop=\"headline\" >Standardformat<\/h3><\/header><div class='iconbox_content_container '  itemprop=\"text\" ><p>Med syftet\u00a0att kunna vara kostnadseffektiva, optimera produktionen och g\u00f6ra smarta ink\u00f6p fokuserar vi p\u00e5 ett antal standardformat. Naturligtvis kan vi producera andra format men dessa \u00e4r de mest effektiva.<\/p>\n<p><a href=\"http:\/\/www.scandbook.com\/sv\/produkter-tjanster\/produkter\/standardformat\">\u00bb\u00a0L\u00e4s mer<\/a><\/p>\n<\/div><\/div><footer class=\"entry-footer\"><\/footer><\/article><\/div><div  class='flex_column av-av_one_third-f1c518e9ff58e869f80c8f093487abc9 av_one_third  avia-builder-el-16  el_after_av_one_third  avia-builder-el-last  flex_column_div  '     ><style type=\"text\/css\" data-created_by=\"avia_inline_auto\" id=\"style-css-av-lfs41hfc-1e6c8d562a4da3dc041bbb90766a210d\">\n.iconbox.av-lfs41hfc-1e6c8d562a4da3dc041bbb90766a210d .iconbox_icon{\nbackground-color:#0072bc;\nborder:1px solid #0072bc;\n}\n#top #wrap_all .iconbox.av-lfs41hfc-1e6c8d562a4da3dc041bbb90766a210d .iconbox_content_title{\ncolor:#0072bc;\n}\n<\/style>\n<article  class='iconbox iconbox_left av-lfs41hfc-1e6c8d562a4da3dc041bbb90766a210d  avia-builder-el-17  avia-builder-el-no-sibling '  itemscope=\"itemscope\" itemtype=\"https:\/\/schema.org\/CreativeWork\" ><div class=\"iconbox_content\"><header class=\"entry-content-header\" aria-label=\"Icon: Optimala sidantal\"><div class='iconbox_icon heading-color avia-iconfont avia-font-entypo-fontello' data-av_icon='\ue855' data-av_iconfont='entypo-fontello'  ><\/div><h3 class='iconbox_content_title '  itemprop=\"headline\" >Optimala sidantal<\/h3><\/header><div class='iconbox_content_container '  itemprop=\"text\" ><p><strong>Hur ser en optimal produkt ut?<\/strong><br \/>\nEn optimal produkt \u00e4r en bok som baseras p\u00e5 standardmaterial och har ett format som g\u00f6r att\u00a0det som trimmas bort\u00a0efter tryck blir minimalt.<\/p>\n<p><a href=\"http:\/\/www.scandbook.com\/sv\/produkter-tjanster\/produkter\/optimala\">\u00bb\u00a0L\u00e4s mer<\/a><\/p>\n<\/div><\/div><footer class=\"entry-footer\"><\/footer><\/article><\/div><\/p>\n","protected":false},"excerpt":{"rendered":"","protected":false},"author":9,"featured_media":0,"parent":62,"menu_order":0,"comment_status":"closed","ping_status":"closed","template":"","meta":{"footnotes":""},"class_list":["post-1371","page","type-page","status-publish","hentry"],"yoast_head":"<!-- This site is optimized with the Yoast SEO Premium plugin v27.4 (Yoast SEO v27.4) - https:\/\/yoast.com\/product\/yoast-seo-premium-wordpress\/ -->\n<title>\u00d6versikt - ScandBook<\/title>\n<meta name=\"description\" content=\"F\u00f6rlagsband: F\u00f6rlagsbandet har h\u00e5rd p\u00e4rm kl\u00e4dd med f\u00e4rgat eller tryckt papper. Kartonnage: Kartonnagebandet har h\u00e5rd p\u00e4rm. Mjukband (storpocket) och pocket.\" \/>\n<meta name=\"robots\" content=\"index, follow, max-snippet:-1, max-image-preview:large, max-video-preview:-1\" \/>\n<link rel=\"canonical\" href=\"https:\/\/www.scandbook.com\/sv\/produkter-tjanster\/produkter\/produktoversikt\/\" \/>\n<meta property=\"og:locale\" content=\"sv_SE\" \/>\n<meta property=\"og:type\" content=\"article\" \/>\n<meta property=\"og:title\" content=\"\u00d6versikt\" \/>\n<meta property=\"og:description\" content=\"F\u00f6rlagsband: F\u00f6rlagsbandet har h\u00e5rd p\u00e4rm kl\u00e4dd med f\u00e4rgat eller tryckt papper. Kartonnage: Kartonnagebandet har h\u00e5rd p\u00e4rm. Mjukband (storpocket) och pocket.\" \/>\n<meta property=\"og:url\" content=\"https:\/\/www.scandbook.com\/sv\/produkter-tjanster\/produkter\/produktoversikt\/\" \/>\n<meta property=\"og:site_name\" content=\"ScandBook\" \/>\n<meta property=\"article:publisher\" content=\"https:\/\/www.facebook.com\/profile.php?id=100063569394878&amp;sk=about&amp;locale=sv_SE\" \/>\n<meta property=\"article:modified_time\" content=\"2024-09-04T07:48:41+00:00\" \/>\n<meta property=\"og:image\" content=\"https:\/\/www.scandbook.com\/wp-content\/uploads\/2023\/03\/dust-jacket-book-495x400.webp\" \/>\n<meta name=\"twitter:card\" content=\"summary_large_image\" \/>\n<meta name=\"twitter:label1\" content=\"Ber\u00e4knad l\u00e4stid\" \/>\n\t<meta name=\"twitter:data1\" content=\"2 minuter\" \/>\n<script type=\"application\/ld+json\" class=\"yoast-schema-graph\">{\"@context\":\"https:\\\/\\\/schema.org\",\"@graph\":[{\"@type\":\"WebPage\",\"@id\":\"https:\\\/\\\/www.scandbook.com\\\/sv\\\/produkter-tjanster\\\/produkter\\\/produktoversikt\\\/\",\"url\":\"https:\\\/\\\/www.scandbook.com\\\/sv\\\/produkter-tjanster\\\/produkter\\\/produktoversikt\\\/\",\"name\":\"\u00d6versikt - ScandBook\",\"isPartOf\":{\"@id\":\"https:\\\/\\\/www.scandbook.com\\\/sv\\\/#website\"},\"primaryImageOfPage\":{\"@id\":\"https:\\\/\\\/www.scandbook.com\\\/sv\\\/produkter-tjanster\\\/produkter\\\/produktoversikt\\\/#primaryimage\"},\"image\":{\"@id\":\"https:\\\/\\\/www.scandbook.com\\\/sv\\\/produkter-tjanster\\\/produkter\\\/produktoversikt\\\/#primaryimage\"},\"thumbnailUrl\":\"https:\\\/\\\/www.scandbook.com\\\/wp-content\\\/uploads\\\/2023\\\/03\\\/dust-jacket-book-495x400.webp\",\"datePublished\":\"2016-01-21T13:12:13+00:00\",\"dateModified\":\"2024-09-04T07:48:41+00:00\",\"description\":\"F\u00f6rlagsband: F\u00f6rlagsbandet har h\u00e5rd p\u00e4rm kl\u00e4dd med f\u00e4rgat eller tryckt papper. Kartonnage: Kartonnagebandet har h\u00e5rd p\u00e4rm. Mjukband (storpocket) och pocket.\",\"breadcrumb\":{\"@id\":\"https:\\\/\\\/www.scandbook.com\\\/sv\\\/produkter-tjanster\\\/produkter\\\/produktoversikt\\\/#breadcrumb\"},\"inLanguage\":\"sv-SE\",\"potentialAction\":[{\"@type\":\"ReadAction\",\"target\":[\"https:\\\/\\\/www.scandbook.com\\\/sv\\\/produkter-tjanster\\\/produkter\\\/produktoversikt\\\/\"]}]},{\"@type\":\"ImageObject\",\"inLanguage\":\"sv-SE\",\"@id\":\"https:\\\/\\\/www.scandbook.com\\\/sv\\\/produkter-tjanster\\\/produkter\\\/produktoversikt\\\/#primaryimage\",\"url\":\"https:\\\/\\\/www.scandbook.com\\\/wp-content\\\/uploads\\\/2023\\\/03\\\/dust-jacket-book-495x400.webp\",\"contentUrl\":\"https:\\\/\\\/www.scandbook.com\\\/wp-content\\\/uploads\\\/2023\\\/03\\\/dust-jacket-book-495x400.webp\"},{\"@type\":\"BreadcrumbList\",\"@id\":\"https:\\\/\\\/www.scandbook.com\\\/sv\\\/produkter-tjanster\\\/produkter\\\/produktoversikt\\\/#breadcrumb\",\"itemListElement\":[{\"@type\":\"ListItem\",\"position\":1,\"name\":\"Home\",\"item\":\"https:\\\/\\\/www.scandbook.com\\\/sv\\\/\"},{\"@type\":\"ListItem\",\"position\":2,\"name\":\"Produkter &#038; Tj\u00e4nster\",\"item\":\"https:\\\/\\\/www.scandbook.com\\\/sv\\\/produkter-tjanster\\\/?lang=sv\"},{\"@type\":\"ListItem\",\"position\":3,\"name\":\"Produkter\",\"item\":\"https:\\\/\\\/www.scandbook.com\\\/sv\\\/produkter-tjanster\\\/produkter\\\/?lang=sv\"},{\"@type\":\"ListItem\",\"position\":4,\"name\":\"\u00d6versikt\"}]},{\"@type\":\"WebSite\",\"@id\":\"https:\\\/\\\/www.scandbook.com\\\/sv\\\/#website\",\"url\":\"https:\\\/\\\/www.scandbook.com\\\/sv\\\/\",\"name\":\"ScandBook\",\"description\":\"Skandinaviens ledande bokproducent\",\"publisher\":{\"@id\":\"https:\\\/\\\/www.scandbook.com\\\/sv\\\/#organization\"},\"potentialAction\":[{\"@type\":\"SearchAction\",\"target\":{\"@type\":\"EntryPoint\",\"urlTemplate\":\"https:\\\/\\\/www.scandbook.com\\\/sv\\\/?s={search_term_string}\"},\"query-input\":{\"@type\":\"PropertyValueSpecification\",\"valueRequired\":true,\"valueName\":\"search_term_string\"}}],\"inLanguage\":\"sv-SE\"},{\"@type\":\"Organization\",\"@id\":\"https:\\\/\\\/www.scandbook.com\\\/sv\\\/#organization\",\"name\":\"ScandBook\",\"url\":\"https:\\\/\\\/www.scandbook.com\\\/sv\\\/\",\"logo\":{\"@type\":\"ImageObject\",\"inLanguage\":\"sv-SE\",\"@id\":\"https:\\\/\\\/www.scandbook.com\\\/sv\\\/#\\\/schema\\\/logo\\\/image\\\/\",\"url\":\"https:\\\/\\\/www.scandbook.com\\\/wp-content\\\/uploads\\\/2023\\\/05\\\/scandbook-funding-climate-action.webp\",\"contentUrl\":\"https:\\\/\\\/www.scandbook.com\\\/wp-content\\\/uploads\\\/2023\\\/05\\\/scandbook-funding-climate-action.webp\",\"width\":256,\"height\":88,\"caption\":\"ScandBook\"},\"image\":{\"@id\":\"https:\\\/\\\/www.scandbook.com\\\/sv\\\/#\\\/schema\\\/logo\\\/image\\\/\"},\"sameAs\":[\"https:\\\/\\\/www.facebook.com\\\/profile.php?id=100063569394878&sk=about&locale=sv_SE\",\"https:\\\/\\\/www.linkedin.com\\\/company\\\/scandbook-ab\\\/\"]}]}<\/script>\n<!-- \/ Yoast SEO Premium plugin. -->","yoast_head_json":{"title":"\u00d6versikt - ScandBook","description":"F\u00f6rlagsband: F\u00f6rlagsbandet har h\u00e5rd p\u00e4rm kl\u00e4dd med f\u00e4rgat eller tryckt papper. Kartonnage: Kartonnagebandet har h\u00e5rd p\u00e4rm. Mjukband (storpocket) och pocket.","robots":{"index":"index","follow":"follow","max-snippet":"max-snippet:-1","max-image-preview":"max-image-preview:large","max-video-preview":"max-video-preview:-1"},"canonical":"https:\/\/www.scandbook.com\/sv\/produkter-tjanster\/produkter\/produktoversikt\/","og_locale":"sv_SE","og_type":"article","og_title":"\u00d6versikt","og_description":"F\u00f6rlagsband: F\u00f6rlagsbandet har h\u00e5rd p\u00e4rm kl\u00e4dd med f\u00e4rgat eller tryckt papper. Kartonnage: Kartonnagebandet har h\u00e5rd p\u00e4rm. Mjukband (storpocket) och pocket.","og_url":"https:\/\/www.scandbook.com\/sv\/produkter-tjanster\/produkter\/produktoversikt\/","og_site_name":"ScandBook","article_publisher":"https:\/\/www.facebook.com\/profile.php?id=100063569394878&sk=about&locale=sv_SE","article_modified_time":"2024-09-04T07:48:41+00:00","og_image":[{"url":"https:\/\/www.scandbook.com\/wp-content\/uploads\/2023\/03\/dust-jacket-book-495x400.webp","type":"","width":"","height":""}],"twitter_card":"summary_large_image","twitter_misc":{"Ber\u00e4knad l\u00e4stid":"2 minuter"},"schema":{"@context":"https:\/\/schema.org","@graph":[{"@type":"WebPage","@id":"https:\/\/www.scandbook.com\/sv\/produkter-tjanster\/produkter\/produktoversikt\/","url":"https:\/\/www.scandbook.com\/sv\/produkter-tjanster\/produkter\/produktoversikt\/","name":"\u00d6versikt - ScandBook","isPartOf":{"@id":"https:\/\/www.scandbook.com\/sv\/#website"},"primaryImageOfPage":{"@id":"https:\/\/www.scandbook.com\/sv\/produkter-tjanster\/produkter\/produktoversikt\/#primaryimage"},"image":{"@id":"https:\/\/www.scandbook.com\/sv\/produkter-tjanster\/produkter\/produktoversikt\/#primaryimage"},"thumbnailUrl":"https:\/\/www.scandbook.com\/wp-content\/uploads\/2023\/03\/dust-jacket-book-495x400.webp","datePublished":"2016-01-21T13:12:13+00:00","dateModified":"2024-09-04T07:48:41+00:00","description":"F\u00f6rlagsband: F\u00f6rlagsbandet har h\u00e5rd p\u00e4rm kl\u00e4dd med f\u00e4rgat eller tryckt papper. Kartonnage: Kartonnagebandet har h\u00e5rd p\u00e4rm. Mjukband (storpocket) och pocket.","breadcrumb":{"@id":"https:\/\/www.scandbook.com\/sv\/produkter-tjanster\/produkter\/produktoversikt\/#breadcrumb"},"inLanguage":"sv-SE","potentialAction":[{"@type":"ReadAction","target":["https:\/\/www.scandbook.com\/sv\/produkter-tjanster\/produkter\/produktoversikt\/"]}]},{"@type":"ImageObject","inLanguage":"sv-SE","@id":"https:\/\/www.scandbook.com\/sv\/produkter-tjanster\/produkter\/produktoversikt\/#primaryimage","url":"https:\/\/www.scandbook.com\/wp-content\/uploads\/2023\/03\/dust-jacket-book-495x400.webp","contentUrl":"https:\/\/www.scandbook.com\/wp-content\/uploads\/2023\/03\/dust-jacket-book-495x400.webp"},{"@type":"BreadcrumbList","@id":"https:\/\/www.scandbook.com\/sv\/produkter-tjanster\/produkter\/produktoversikt\/#breadcrumb","itemListElement":[{"@type":"ListItem","position":1,"name":"Home","item":"https:\/\/www.scandbook.com\/sv\/"},{"@type":"ListItem","position":2,"name":"Produkter &#038; Tj\u00e4nster","item":"https:\/\/www.scandbook.com\/sv\/produkter-tjanster\/?lang=sv"},{"@type":"ListItem","position":3,"name":"Produkter","item":"https:\/\/www.scandbook.com\/sv\/produkter-tjanster\/produkter\/?lang=sv"},{"@type":"ListItem","position":4,"name":"\u00d6versikt"}]},{"@type":"WebSite","@id":"https:\/\/www.scandbook.com\/sv\/#website","url":"https:\/\/www.scandbook.com\/sv\/","name":"ScandBook","description":"Skandinaviens ledande bokproducent","publisher":{"@id":"https:\/\/www.scandbook.com\/sv\/#organization"},"potentialAction":[{"@type":"SearchAction","target":{"@type":"EntryPoint","urlTemplate":"https:\/\/www.scandbook.com\/sv\/?s={search_term_string}"},"query-input":{"@type":"PropertyValueSpecification","valueRequired":true,"valueName":"search_term_string"}}],"inLanguage":"sv-SE"},{"@type":"Organization","@id":"https:\/\/www.scandbook.com\/sv\/#organization","name":"ScandBook","url":"https:\/\/www.scandbook.com\/sv\/","logo":{"@type":"ImageObject","inLanguage":"sv-SE","@id":"https:\/\/www.scandbook.com\/sv\/#\/schema\/logo\/image\/","url":"https:\/\/www.scandbook.com\/wp-content\/uploads\/2023\/05\/scandbook-funding-climate-action.webp","contentUrl":"https:\/\/www.scandbook.com\/wp-content\/uploads\/2023\/05\/scandbook-funding-climate-action.webp","width":256,"height":88,"caption":"ScandBook"},"image":{"@id":"https:\/\/www.scandbook.com\/sv\/#\/schema\/logo\/image\/"},"sameAs":["https:\/\/www.facebook.com\/profile.php?id=100063569394878&sk=about&locale=sv_SE","https:\/\/www.linkedin.com\/company\/scandbook-ab\/"]}]}},"_links":{"self":[{"href":"https:\/\/www.scandbook.com\/sv\/wp-json\/wp\/v2\/pages\/1371","targetHints":{"allow":["GET"]}}],"collection":[{"href":"https:\/\/www.scandbook.com\/sv\/wp-json\/wp\/v2\/pages"}],"about":[{"href":"https:\/\/www.scandbook.com\/sv\/wp-json\/wp\/v2\/types\/page"}],"author":[{"embeddable":true,"href":"https:\/\/www.scandbook.com\/sv\/wp-json\/wp\/v2\/users\/9"}],"replies":[{"embeddable":true,"href":"https:\/\/www.scandbook.com\/sv\/wp-json\/wp\/v2\/comments?post=1371"}],"version-history":[{"count":18,"href":"https:\/\/www.scandbook.com\/sv\/wp-json\/wp\/v2\/pages\/1371\/revisions"}],"predecessor-version":[{"id":13630,"href":"https:\/\/www.scandbook.com\/sv\/wp-json\/wp\/v2\/pages\/1371\/revisions\/13630"}],"up":[{"embeddable":true,"href":"https:\/\/www.scandbook.com\/sv\/wp-json\/wp\/v2\/pages\/62"}],"wp:attachment":[{"href":"https:\/\/www.scandbook.com\/sv\/wp-json\/wp\/v2\/media?parent=1371"}],"curies":[{"name":"wp","href":"https:\/\/api.w.org\/{rel}","templated":true}]}}