{"id":125,"date":"2015-11-12T13:26:44","date_gmt":"2015-11-12T12:26:44","guid":{"rendered":"http:\/\/development.scandbook-internt.se\/?page_id=125&#038;lang=sv"},"modified":"2023-04-05T13:27:40","modified_gmt":"2023-04-05T12:27:40","slug":"kontakt","status":"publish","type":"page","link":"https:\/\/www.scandbook.com\/sv\/kontakt\/","title":{"rendered":"Kontakt"},"content":{"rendered":"\n\n<style type=\"text\/css\" data-created_by=\"avia_inline_auto\" id=\"style-css-av-av_one_full-9497bbf8bff73ea4c6992cc17fa9ec36\">\n.flex_column.av-av_one_full-9497bbf8bff73ea4c6992cc17fa9ec36{\nborder-radius:0px 0px 0px 0px;\npadding:0px 0px 0px 0px;\n}\n<\/style>\n<div  class='flex_column av-av_one_full-9497bbf8bff73ea4c6992cc17fa9ec36 av_one_full  avia-builder-el-1  el_after_av_codeblock  el_before_av_one_full  first flex_column_div av-zero-column-padding  '     ><div  class='av_gmaps_sc_main_wrap av_gmaps_main_wrap '><div id='av_gmap_0' class='avia-google-map-container avia-google-map-sc av_gmaps_show_unconditionally av-no-fallback-img ' data-mapid='av_gmap_0'  style='height: 300px;'><a class=\"av_gmaps_browser_disabled av_text_confirm_link av_text_confirm_link_visible\" href=\"https:\/\/www.google.com\/maps\/search\/?api=1&#038;query=L\u00f6v\u00e5sv\u00e4gen%2024%20%20Falun%20%20Sweden\" target=\"_blank\">Maps were disabled by the visitor on this site. Click to open the map in a new window.<\/a><\/div><\/div><\/div>\n\n<style type=\"text\/css\" data-created_by=\"avia_inline_auto\" id=\"style-css-av-av_one_full-9497bbf8bff73ea4c6992cc17fa9ec36\">\n.flex_column.av-av_one_full-9497bbf8bff73ea4c6992cc17fa9ec36{\nborder-radius:0px 0px 0px 0px;\npadding:0px 0px 0px 0px;\n}\n<\/style>\n<div  class='flex_column av-av_one_full-9497bbf8bff73ea4c6992cc17fa9ec36 av_one_full  avia-builder-el-3  el_after_av_one_full  el_before_av_one_half  first flex_column_div av-zero-column-padding  column-top-margin'     ><section  class='av_textblock_section av-av_textblock-0366cc7376be6c9e82a3e9cc8987b64f '   itemscope=\"itemscope\" itemtype=\"https:\/\/schema.org\/CreativeWork\" ><div class='avia_textblock'  itemprop=\"text\" ><h2>Kontakt<\/h2>\n<\/div><\/section><\/div>\n<div class='flex_column_table av-lg3nzinc-2bd69112bdf8c63aa2653ea1b3cee81f sc-av_one_half av-equal-height-column-flextable'>\n<style type=\"text\/css\" data-created_by=\"avia_inline_auto\" id=\"style-css-av-lg3nzinc-2bd69112bdf8c63aa2653ea1b3cee81f\">\n.flex_column.av-lg3nzinc-2bd69112bdf8c63aa2653ea1b3cee81f{\nborder-width:1px;\nborder-style:solid;\nborder-radius:2px 2px 2px 2px;\npadding:20px 20px 20px 20px;\nbackground-color:#ffffff;\n}\n<\/style>\n<div  class='flex_column av-lg3nzinc-2bd69112bdf8c63aa2653ea1b3cee81f av_one_half  avia-builder-el-5  el_after_av_one_full  el_before_av_one_half  first flex_column_table_cell av-equal-height-column av-align-top  column-top-margin'     ><section  class='av_textblock_section av-lfqmy3p9-4a7a83598847d32c40f07ddc6e3975d0 '   itemscope=\"itemscope\" itemtype=\"https:\/\/schema.org\/CreativeWork\" ><div class='avia_textblock'  itemprop=\"text\" ><h3 class=\"widgettitle\" style=\"text-align: center;\">Kontaktuppgifter Falun<\/h3>\n<div class=\"textwidget\" style=\"text-align: center;\">Bes\u00f6ks- &amp; leveransadress: L\u00f6v\u00e5sv\u00e4gen 24<br \/>\n791 45 Falun<br \/>\nPostadress: Box 734, 791 29 Falun<br \/>\nV\u00e4xel: +46 (0)23 76 59 00<br \/>\nE-mail: <span style=\"text-decoration: underline; color: #0000ff;\"><a style=\"color: #0000ff;\" href=\"mailto:info@scandbook.se\">info@scandbook.se<\/a><\/span><\/div>\n<\/div><\/section><\/div>\n<div class='av-flex-placeholder'><\/div>\n<style type=\"text\/css\" data-created_by=\"avia_inline_auto\" id=\"style-css-av-av_one_half-d104f8679275b3428066bacd9a5f1443\">\n.flex_column.av-av_one_half-d104f8679275b3428066bacd9a5f1443{\nborder-width:1px;\nborder-style:solid;\nborder-radius:2px 2px 2px 2px;\npadding:20px 20px 20px 20px;\nbackground-color:#ffffff;\n}\n<\/style>\n<div  class='flex_column av-av_one_half-d104f8679275b3428066bacd9a5f1443 av_one_half  avia-builder-el-7  el_after_av_one_half  avia-builder-el-last  flex_column_table_cell av-equal-height-column av-align-top  column-top-margin'     ><section  class='av_textblock_section av-av_textblock-0366cc7376be6c9e82a3e9cc8987b64f '   itemscope=\"itemscope\" itemtype=\"https:\/\/schema.org\/CreativeWork\" ><div class='avia_textblock'  itemprop=\"text\" ><h3 class=\"widgettitle\" style=\"text-align: center;\">Kontaktuppgifter Klaipeda<\/h3>\n<div class=\"textwidget\" style=\"text-align: center;\">Adress: Gamyklos g. 23, Gargzdai, Litauen<br \/>\nPostnummer: LT-96155<br \/>\nV\u00e4xel: +370 46 42 03 00<br \/>\nFax: +370 46 45 40 40<br \/>\nE-mail: <span style=\"text-decoration: underline; color: #0000ff;\"><a style=\"color: #0000ff; text-decoration: underline;\" href=\"mailto:info@scandbook.lt\">info@scandbook.lt<\/a><\/span><\/div>\n<div class=\"textwidget\" style=\"text-align: center;\">Kundtj\u00e4nst: +370 46 42 03 02<br \/>\nE-mail: <span style=\"text-decoration: underline;\"><span style=\"color: #0000ff;\"><a style=\"color: #0000ff; text-decoration: underline;\" href=\"mailto:clientservice@scandbook.lt\">clientservice@scandbook.lt<\/a><\/span><\/span><\/div>\n<\/div><\/section><\/div><\/div><!--close column table wrapper. Autoclose: 1 -->\n","protected":false},"excerpt":{"rendered":"","protected":false},"author":9,"featured_media":0,"parent":0,"menu_order":6,"comment_status":"closed","ping_status":"closed","template":"","meta":{"footnotes":""},"class_list":["post-125","page","type-page","status-publish","hentry"],"yoast_head":"<!-- This site is optimized with the Yoast SEO Premium plugin v27.6 (Yoast SEO v27.6) - https:\/\/yoast.com\/product\/yoast-seo-premium-wordpress\/ -->\n<title>Kontakt - ScandBook<\/title>\n<meta name=\"robots\" content=\"index, follow, max-snippet:-1, max-image-preview:large, max-video-preview:-1\" \/>\n<link rel=\"canonical\" href=\"https:\/\/www.scandbook.com\/sv\/kontakt\/\" \/>\n<meta property=\"og:locale\" content=\"sv_SE\" \/>\n<meta property=\"og:type\" content=\"article\" \/>\n<meta property=\"og:title\" content=\"Kontakt\" \/>\n<meta property=\"og:url\" content=\"https:\/\/www.scandbook.com\/sv\/kontakt\/\" \/>\n<meta property=\"og:site_name\" content=\"ScandBook\" \/>\n<meta property=\"article:publisher\" content=\"https:\/\/www.facebook.com\/profile.php?id=100063569394878&amp;sk=about&amp;locale=sv_SE\" \/>\n<meta property=\"article:modified_time\" content=\"2023-04-05T12:27:40+00:00\" \/>\n<meta property=\"og:image\" content=\"https:\/\/www.scandbook.com\/wp-content\/uploads\/2026\/05\/scandbook-group-blue-black-1.webp\" \/>\n\t<meta property=\"og:image:width\" content=\"1920\" \/>\n\t<meta property=\"og:image:height\" content=\"1080\" \/>\n\t<meta property=\"og:image:type\" content=\"image\/webp\" \/>\n<meta name=\"twitter:card\" content=\"summary_large_image\" \/>\n<meta name=\"twitter:label1\" content=\"Ber\u00e4knad l\u00e4stid\" \/>\n\t<meta name=\"twitter:data1\" content=\"1 minut\" \/>\n<script type=\"application\/ld+json\" class=\"yoast-schema-graph\">{\"@context\":\"https:\\\/\\\/schema.org\",\"@graph\":[{\"@type\":\"WebPage\",\"@id\":\"https:\\\/\\\/www.scandbook.com\\\/sv\\\/kontakt\\\/\",\"url\":\"https:\\\/\\\/www.scandbook.com\\\/sv\\\/kontakt\\\/\",\"name\":\"Kontakt - ScandBook\",\"isPartOf\":{\"@id\":\"https:\\\/\\\/www.scandbook.com\\\/sv\\\/#website\"},\"datePublished\":\"2015-11-12T12:26:44+00:00\",\"dateModified\":\"2023-04-05T12:27:40+00:00\",\"breadcrumb\":{\"@id\":\"https:\\\/\\\/www.scandbook.com\\\/sv\\\/kontakt\\\/#breadcrumb\"},\"inLanguage\":\"sv-SE\",\"potentialAction\":[{\"@type\":\"ReadAction\",\"target\":[\"https:\\\/\\\/www.scandbook.com\\\/sv\\\/kontakt\\\/\"]}]},{\"@type\":\"BreadcrumbList\",\"@id\":\"https:\\\/\\\/www.scandbook.com\\\/sv\\\/kontakt\\\/#breadcrumb\",\"itemListElement\":[{\"@type\":\"ListItem\",\"position\":1,\"name\":\"Home\",\"item\":\"https:\\\/\\\/www.scandbook.com\\\/sv\\\/\"},{\"@type\":\"ListItem\",\"position\":2,\"name\":\"Kontakt\"}]},{\"@type\":\"WebSite\",\"@id\":\"https:\\\/\\\/www.scandbook.com\\\/sv\\\/#website\",\"url\":\"https:\\\/\\\/www.scandbook.com\\\/sv\\\/\",\"name\":\"ScandBook\",\"description\":\"Skandinaviens ledande bokproducent\",\"publisher\":{\"@id\":\"https:\\\/\\\/www.scandbook.com\\\/sv\\\/#organization\"},\"potentialAction\":[{\"@type\":\"SearchAction\",\"target\":{\"@type\":\"EntryPoint\",\"urlTemplate\":\"https:\\\/\\\/www.scandbook.com\\\/sv\\\/?s={search_term_string}\"},\"query-input\":{\"@type\":\"PropertyValueSpecification\",\"valueRequired\":true,\"valueName\":\"search_term_string\"}}],\"inLanguage\":\"sv-SE\"},{\"@type\":\"Organization\",\"@id\":\"https:\\\/\\\/www.scandbook.com\\\/sv\\\/#organization\",\"name\":\"ScandBook\",\"url\":\"https:\\\/\\\/www.scandbook.com\\\/sv\\\/\",\"logo\":{\"@type\":\"ImageObject\",\"inLanguage\":\"sv-SE\",\"@id\":\"https:\\\/\\\/www.scandbook.com\\\/sv\\\/#\\\/schema\\\/logo\\\/image\\\/\",\"url\":\"https:\\\/\\\/www.scandbook.com\\\/wp-content\\\/uploads\\\/2026\\\/05\\\/logga-2026-bla-svart.svg\",\"contentUrl\":\"https:\\\/\\\/www.scandbook.com\\\/wp-content\\\/uploads\\\/2026\\\/05\\\/logga-2026-bla-svart.svg\",\"width\":1,\"height\":1,\"caption\":\"ScandBook\"},\"image\":{\"@id\":\"https:\\\/\\\/www.scandbook.com\\\/sv\\\/#\\\/schema\\\/logo\\\/image\\\/\"},\"sameAs\":[\"https:\\\/\\\/www.facebook.com\\\/profile.php?id=100063569394878&sk=about&locale=sv_SE\",\"https:\\\/\\\/www.linkedin.com\\\/company\\\/scandbook-ab\\\/\"]}]}<\/script>\n<!-- \/ Yoast SEO Premium plugin. -->","yoast_head_json":{"title":"Kontakt - ScandBook","robots":{"index":"index","follow":"follow","max-snippet":"max-snippet:-1","max-image-preview":"max-image-preview:large","max-video-preview":"max-video-preview:-1"},"canonical":"https:\/\/www.scandbook.com\/sv\/kontakt\/","og_locale":"sv_SE","og_type":"article","og_title":"Kontakt","og_url":"https:\/\/www.scandbook.com\/sv\/kontakt\/","og_site_name":"ScandBook","article_publisher":"https:\/\/www.facebook.com\/profile.php?id=100063569394878&sk=about&locale=sv_SE","article_modified_time":"2023-04-05T12:27:40+00:00","og_image":[{"width":1920,"height":1080,"url":"https:\/\/www.scandbook.com\/wp-content\/uploads\/2026\/05\/scandbook-group-blue-black-1.webp","type":"image\/webp"}],"twitter_card":"summary_large_image","twitter_misc":{"Ber\u00e4knad l\u00e4stid":"1 minut"},"schema":{"@context":"https:\/\/schema.org","@graph":[{"@type":"WebPage","@id":"https:\/\/www.scandbook.com\/sv\/kontakt\/","url":"https:\/\/www.scandbook.com\/sv\/kontakt\/","name":"Kontakt - ScandBook","isPartOf":{"@id":"https:\/\/www.scandbook.com\/sv\/#website"},"datePublished":"2015-11-12T12:26:44+00:00","dateModified":"2023-04-05T12:27:40+00:00","breadcrumb":{"@id":"https:\/\/www.scandbook.com\/sv\/kontakt\/#breadcrumb"},"inLanguage":"sv-SE","potentialAction":[{"@type":"ReadAction","target":["https:\/\/www.scandbook.com\/sv\/kontakt\/"]}]},{"@type":"BreadcrumbList","@id":"https:\/\/www.scandbook.com\/sv\/kontakt\/#breadcrumb","itemListElement":[{"@type":"ListItem","position":1,"name":"Home","item":"https:\/\/www.scandbook.com\/sv\/"},{"@type":"ListItem","position":2,"name":"Kontakt"}]},{"@type":"WebSite","@id":"https:\/\/www.scandbook.com\/sv\/#website","url":"https:\/\/www.scandbook.com\/sv\/","name":"ScandBook","description":"Skandinaviens ledande bokproducent","publisher":{"@id":"https:\/\/www.scandbook.com\/sv\/#organization"},"potentialAction":[{"@type":"SearchAction","target":{"@type":"EntryPoint","urlTemplate":"https:\/\/www.scandbook.com\/sv\/?s={search_term_string}"},"query-input":{"@type":"PropertyValueSpecification","valueRequired":true,"valueName":"search_term_string"}}],"inLanguage":"sv-SE"},{"@type":"Organization","@id":"https:\/\/www.scandbook.com\/sv\/#organization","name":"ScandBook","url":"https:\/\/www.scandbook.com\/sv\/","logo":{"@type":"ImageObject","inLanguage":"sv-SE","@id":"https:\/\/www.scandbook.com\/sv\/#\/schema\/logo\/image\/","url":"https:\/\/www.scandbook.com\/wp-content\/uploads\/2026\/05\/logga-2026-bla-svart.svg","contentUrl":"https:\/\/www.scandbook.com\/wp-content\/uploads\/2026\/05\/logga-2026-bla-svart.svg","width":1,"height":1,"caption":"ScandBook"},"image":{"@id":"https:\/\/www.scandbook.com\/sv\/#\/schema\/logo\/image\/"},"sameAs":["https:\/\/www.facebook.com\/profile.php?id=100063569394878&sk=about&locale=sv_SE","https:\/\/www.linkedin.com\/company\/scandbook-ab\/"]}]}},"_links":{"self":[{"href":"https:\/\/www.scandbook.com\/sv\/wp-json\/wp\/v2\/pages\/125","targetHints":{"allow":["GET"]}}],"collection":[{"href":"https:\/\/www.scandbook.com\/sv\/wp-json\/wp\/v2\/pages"}],"about":[{"href":"https:\/\/www.scandbook.com\/sv\/wp-json\/wp\/v2\/types\/page"}],"author":[{"embeddable":true,"href":"https:\/\/www.scandbook.com\/sv\/wp-json\/wp\/v2\/users\/9"}],"replies":[{"embeddable":true,"href":"https:\/\/www.scandbook.com\/sv\/wp-json\/wp\/v2\/comments?post=125"}],"version-history":[{"count":8,"href":"https:\/\/www.scandbook.com\/sv\/wp-json\/wp\/v2\/pages\/125\/revisions"}],"predecessor-version":[{"id":1812,"href":"https:\/\/www.scandbook.com\/sv\/wp-json\/wp\/v2\/pages\/125\/revisions\/1812"}],"wp:attachment":[{"href":"https:\/\/www.scandbook.com\/sv\/wp-json\/wp\/v2\/media?parent=125"}],"curies":[{"name":"wp","href":"https:\/\/api.w.org\/{rel}","templated":true}]}}