{"id":9200,"date":"2016-02-02T14:09:36","date_gmt":"2016-02-02T13:09:36","guid":{"rendered":"https:\/\/www.scandbook.com\/produktai-ir-paslaugos\/logistics\/"},"modified":"2023-04-05T12:40:38","modified_gmt":"2023-04-05T11:40:38","slug":"logistika","status":"publish","type":"page","link":"https:\/\/www.scandbook.com\/lt\/produktai-ir-paslaugos\/logistika\/","title":{"rendered":"Logistika"},"content":{"rendered":"\n\n<style type=\"text\/css\" data-created_by=\"avia_inline_auto\" id=\"style-css-av-27c60-2efb45dd78ed61e31a9feef5baccdefc\">\n.avia-image-container.av-27c60-2efb45dd78ed61e31a9feef5baccdefc img.avia_image{\nbox-shadow:none;\n}\n.avia-image-container.av-27c60-2efb45dd78ed61e31a9feef5baccdefc .av-image-caption-overlay-center{\ncolor:#ffffff;\n}\n<\/style>\n<div  class='avia-image-container av-27c60-2efb45dd78ed61e31a9feef5baccdefc av-styling- avia-align-center  avia-builder-el-1  el_after_av_codeblock  el_before_av_one_full '   itemprop=\"image\" itemscope=\"itemscope\" itemtype=\"https:\/\/schema.org\/ImageObject\" ><div class=\"avia-image-container-inner\"><div class=\"avia-image-overlay-wrap\"><img decoding=\"async\" fetchpriority=\"high\" class='wp-image-4797 avia-img-lazy-loading-not-4797 avia_image ' src=\"https:\/\/www.scandbook.com\/wp-content\/uploads\/2015\/11\/logistics.jpg\" alt='' title='Logistics'  height=\"365\" width=\"1024\"  itemprop=\"thumbnailUrl\" srcset=\"https:\/\/www.scandbook.com\/wp-content\/uploads\/2015\/11\/logistics.jpg 1024w, https:\/\/www.scandbook.com\/wp-content\/uploads\/2015\/11\/logistics-300x107.jpg 300w, https:\/\/www.scandbook.com\/wp-content\/uploads\/2015\/11\/logistics-768x274.jpg 768w, https:\/\/www.scandbook.com\/wp-content\/uploads\/2015\/11\/logistics-705x251.jpg 705w, https:\/\/www.scandbook.com\/wp-content\/uploads\/2015\/11\/logistics-450x160.jpg 450w\" sizes=\"(max-width: 1024px) 100vw, 1024px\" \/><\/div><\/div><\/div>\n\n<style type=\"text\/css\" data-created_by=\"avia_inline_auto\" id=\"style-css-av-4kfqso-2863280b857718cb550d198e24435f6b\">\n.flex_column.av-4kfqso-2863280b857718cb550d198e24435f6b{\nborder-radius:0px 0px 0px 0px;\npadding:0px 0px 0px 0px;\n}\n<\/style>\n<div  class='flex_column av-4kfqso-2863280b857718cb550d198e24435f6b av_one_full  avia-builder-el-2  el_after_av_image  el_before_av_tab_container  first flex_column_div av-zero-column-padding  '     ><section  class='av_textblock_section av-1wmgew-24adca9b63cd94f8513f7f35cf0bcd76 '   itemscope=\"itemscope\" itemtype=\"https:\/\/schema.org\/CreativeWork\" ><div class='avia_textblock'  itemprop=\"text\" ><h2><span class=\"HwtZe\" lang=\"lt\"><span class=\"jCAhz ChMk0b\"><span class=\"ryNqvb\">Logistika<\/span><\/span><\/span><\/h2>\n<\/div><\/section><\/div>\n<div  class='tabcontainer av-lfkq408h-e1799863b08de69bfaea56c5fe29ccc0 top_tab  avia-builder-el-4  el_after_av_one_full  avia-builder-el-last '>\n<section class='av_tab_section av_tab_section av-lfkq3qjs-d5afbf80f1e58e3692aaee982c41067f'  itemscope=\"itemscope\" itemtype=\"https:\/\/schema.org\/CreativeWork\" ><div id='tab-id-1-tab' class='tab active_tab' role='tab' aria-selected=\"true\" tabindex=\"0\" data-fake-id='#tab-id-1' aria-controls='tab-id-1-content'  itemprop=\"headline\" >Estimated delivery time<\/div><div id='tab-id-1-content' class='tab_content active_tab_content' role='tabpanel' aria-labelledby='tab-id-1-tab' aria-hidden=\"false\"><div class='tab_inner_content invers-color'  itemprop=\"text\" ><h3>Estimated delivery time to countries from Falun<\/h3>\n<p>Sweden 1-2 working days.<br \/>\nNorway 1-2 working days.<br \/>\nFinland 2-3 working days.<br \/>\nGermany 2-3 working days.<br \/>\nPoland 2-3 working days.<br \/>\nCzech Republic 2-3 working days.<br \/>\nHolland 2-3 working days.<br \/>\nDenmark 2 working days.<br \/>\nLatvia 2-3 working days.<br \/>\nEstonia 2-3 working days.<br \/>\nLithuania 2-3 working days.<\/p>\n<p><em>Please note these delivery times can change depending on various factors.<br \/>\n<\/em><\/p>\n<hr \/>\n<h3>Estimated delivery times to countries from Klaiped<\/h3>\n<p>Sweden 1-2 working days.<br \/>\nNorway 2-3 working days.<br \/>\nFinland 2 working days.<br \/>\nGermany 2 working days.<br \/>\nPoland 1-2 working days.<br \/>\nCzech Republic 2-3 working days.<br \/>\nHolland 2-3 working days.<br \/>\nDenmark 2 working days.<br \/>\nLatvia 1-2 working days.<br \/>\nEstonia 1-2 working days.<br \/>\nLithuania 1 working days.<\/p>\n<p><em>Please note these delivery times can change depending on various factors.<\/em><\/p>\n<\/div><\/div><\/section>\n<section class='av_tab_section av_tab_section av-lfkq610b-19056bfb4c0ce7f17ffcd6e0c8126423'  itemscope=\"itemscope\" itemtype=\"https:\/\/schema.org\/CreativeWork\" ><div id='tab-id-2-tab' class='tab' role='tab' aria-selected=\"false\" tabindex=\"0\" data-fake-id='#tab-id-2' aria-controls='tab-id-2-content'  itemprop=\"headline\" >Transportas<\/div><div id='tab-id-2-content' class='tab_content' role='tabpanel' aria-labelledby='tab-id-2-tab' aria-hidden=\"true\"><div class='tab_inner_content invers-color'  itemprop=\"text\" ><h2><span class=\"HwtZe\" lang=\"lt\"><span class=\"jCAhz ChMk0b\"><span class=\"ryNqvb\">Transportas<\/span><\/span><\/span><\/h2>\n<p>Vienas i\u0161 svarbiausi\u0173 m\u016bs\u0173 \u012fmon\u0117s tiksl\u0173 yra pristatyti knygas laiku!<br \/>\nJeigu norite su\u017einoti kiek kainuot\u0173 knyg\u0173 pristatymas j\u016bs\u0173 pasirinktu adresu, susisiekite su m\u016bs\u0173 klient\u0173 aptarnavimo skyrium.<\/p>\n<p>Dabar mes transportuojame apie 2500 EURO pale\u010di\u0173 per m\u0117nes\u012f. Kas savait\u0119 mes pristatome knygas \u012f Norvegij\u0105, \u0160vedij\u0105, Suomij\u0105, Danij\u0105, Lenkij\u0105 ir \u012f Lietuv\u0105. I\u0161 Faluno sand\u0117lio knygos transportuojamos \u012f Danij\u0105 ir Suomij\u0105 kas savait\u0119,\u00a0o \u012f \u00a0Norvegij\u0105, Osl\u0105 &#8211; kasdien.<\/p>\n<p><strong>M\u016bs\u0173 tarptautini\u0173 pristatym\u0173 partneriai:<\/strong><\/p>\n<p>DSV<br \/>\nItella logistics<br \/>\nWm H.Muller &amp; Co (Burger group)<br \/>\nDHL<\/p>\n<\/div><\/div><\/section>\n<\/div>\n","protected":false},"excerpt":{"rendered":"","protected":false},"author":9,"featured_media":0,"parent":53,"menu_order":23,"comment_status":"closed","ping_status":"closed","template":"","meta":{"footnotes":""},"class_list":["post-9200","page","type-page","status-publish","hentry"],"yoast_head":"<!-- This site is optimized with the Yoast SEO Premium plugin v27.5 (Yoast SEO v27.5) - https:\/\/yoast.com\/product\/yoast-seo-premium-wordpress\/ -->\n<title>Logistika - ScandBook<\/title>\n<meta name=\"robots\" content=\"index, follow, max-snippet:-1, max-image-preview:large, max-video-preview:-1\" \/>\n<link rel=\"canonical\" href=\"https:\/\/www.scandbook.com\/lt\/produktai-ir-paslaugos\/logistika\/\" \/>\n<meta property=\"og:locale\" content=\"lt_LT\" \/>\n<meta property=\"og:type\" content=\"article\" \/>\n<meta property=\"og:title\" content=\"Logistika\" \/>\n<meta property=\"og:url\" content=\"https:\/\/www.scandbook.com\/lt\/produktai-ir-paslaugos\/logistika\/\" \/>\n<meta property=\"og:site_name\" content=\"ScandBook\" \/>\n<meta property=\"article:publisher\" content=\"https:\/\/www.facebook.com\/profile.php?id=100063569394878&amp;sk=about&amp;locale=sv_SE\" \/>\n<meta property=\"article:modified_time\" content=\"2023-04-05T11:40:38+00:00\" \/>\n<meta name=\"twitter:card\" content=\"summary_large_image\" \/>\n<meta name=\"twitter:label1\" content=\"Est. reading time\" \/>\n\t<meta name=\"twitter:data1\" content=\"2 minut\u0117s\" \/>\n<script type=\"application\/ld+json\" class=\"yoast-schema-graph\">{\"@context\":\"https:\\\/\\\/schema.org\",\"@graph\":[{\"@type\":\"WebPage\",\"@id\":\"https:\\\/\\\/www.scandbook.com\\\/lt\\\/produktai-ir-paslaugos\\\/logistika\\\/\",\"url\":\"https:\\\/\\\/www.scandbook.com\\\/lt\\\/produktai-ir-paslaugos\\\/logistika\\\/\",\"name\":\"Logistika - ScandBook\",\"isPartOf\":{\"@id\":\"https:\\\/\\\/www.scandbook.com\\\/lt\\\/#website\"},\"datePublished\":\"2016-02-02T13:09:36+00:00\",\"dateModified\":\"2023-04-05T11:40:38+00:00\",\"breadcrumb\":{\"@id\":\"https:\\\/\\\/www.scandbook.com\\\/lt\\\/produktai-ir-paslaugos\\\/logistika\\\/#breadcrumb\"},\"inLanguage\":\"lt-LT\",\"potentialAction\":[{\"@type\":\"ReadAction\",\"target\":[\"https:\\\/\\\/www.scandbook.com\\\/lt\\\/produktai-ir-paslaugos\\\/logistika\\\/\"]}]},{\"@type\":\"BreadcrumbList\",\"@id\":\"https:\\\/\\\/www.scandbook.com\\\/lt\\\/produktai-ir-paslaugos\\\/logistika\\\/#breadcrumb\",\"itemListElement\":[{\"@type\":\"ListItem\",\"position\":1,\"name\":\"Home\",\"item\":\"https:\\\/\\\/www.scandbook.com\\\/lt\\\/\"},{\"@type\":\"ListItem\",\"position\":2,\"name\":\"Produktai ir paslaugos\",\"item\":\"https:\\\/\\\/www.scandbook.com\\\/lt\\\/produktai-ir-paslaugos\\\/?lang=lt\"},{\"@type\":\"ListItem\",\"position\":3,\"name\":\"Logistika\"}]},{\"@type\":\"WebSite\",\"@id\":\"https:\\\/\\\/www.scandbook.com\\\/lt\\\/#website\",\"url\":\"https:\\\/\\\/www.scandbook.com\\\/lt\\\/\",\"name\":\"ScandBook\",\"description\":\"Scandinavia&#039;s leading printing house\",\"publisher\":{\"@id\":\"https:\\\/\\\/www.scandbook.com\\\/lt\\\/#organization\"},\"potentialAction\":[{\"@type\":\"SearchAction\",\"target\":{\"@type\":\"EntryPoint\",\"urlTemplate\":\"https:\\\/\\\/www.scandbook.com\\\/lt\\\/?s={search_term_string}\"},\"query-input\":{\"@type\":\"PropertyValueSpecification\",\"valueRequired\":true,\"valueName\":\"search_term_string\"}}],\"inLanguage\":\"lt-LT\"},{\"@type\":\"Organization\",\"@id\":\"https:\\\/\\\/www.scandbook.com\\\/lt\\\/#organization\",\"name\":\"ScandBook\",\"url\":\"https:\\\/\\\/www.scandbook.com\\\/lt\\\/\",\"logo\":{\"@type\":\"ImageObject\",\"inLanguage\":\"lt-LT\",\"@id\":\"https:\\\/\\\/www.scandbook.com\\\/lt\\\/#\\\/schema\\\/logo\\\/image\\\/\",\"url\":\"https:\\\/\\\/www.scandbook.com\\\/wp-content\\\/uploads\\\/2023\\\/05\\\/scandbook-funding-climate-action.webp\",\"contentUrl\":\"https:\\\/\\\/www.scandbook.com\\\/wp-content\\\/uploads\\\/2023\\\/05\\\/scandbook-funding-climate-action.webp\",\"width\":256,\"height\":88,\"caption\":\"ScandBook\"},\"image\":{\"@id\":\"https:\\\/\\\/www.scandbook.com\\\/lt\\\/#\\\/schema\\\/logo\\\/image\\\/\"},\"sameAs\":[\"https:\\\/\\\/www.facebook.com\\\/profile.php?id=100063569394878&sk=about&locale=sv_SE\",\"https:\\\/\\\/www.linkedin.com\\\/company\\\/scandbook-ab\\\/\"]}]}<\/script>\n<!-- \/ Yoast SEO Premium plugin. -->","yoast_head_json":{"title":"Logistika - ScandBook","robots":{"index":"index","follow":"follow","max-snippet":"max-snippet:-1","max-image-preview":"max-image-preview:large","max-video-preview":"max-video-preview:-1"},"canonical":"https:\/\/www.scandbook.com\/lt\/produktai-ir-paslaugos\/logistika\/","og_locale":"lt_LT","og_type":"article","og_title":"Logistika","og_url":"https:\/\/www.scandbook.com\/lt\/produktai-ir-paslaugos\/logistika\/","og_site_name":"ScandBook","article_publisher":"https:\/\/www.facebook.com\/profile.php?id=100063569394878&sk=about&locale=sv_SE","article_modified_time":"2023-04-05T11:40:38+00:00","twitter_card":"summary_large_image","twitter_misc":{"Est. reading time":"2 minut\u0117s"},"schema":{"@context":"https:\/\/schema.org","@graph":[{"@type":"WebPage","@id":"https:\/\/www.scandbook.com\/lt\/produktai-ir-paslaugos\/logistika\/","url":"https:\/\/www.scandbook.com\/lt\/produktai-ir-paslaugos\/logistika\/","name":"Logistika - ScandBook","isPartOf":{"@id":"https:\/\/www.scandbook.com\/lt\/#website"},"datePublished":"2016-02-02T13:09:36+00:00","dateModified":"2023-04-05T11:40:38+00:00","breadcrumb":{"@id":"https:\/\/www.scandbook.com\/lt\/produktai-ir-paslaugos\/logistika\/#breadcrumb"},"inLanguage":"lt-LT","potentialAction":[{"@type":"ReadAction","target":["https:\/\/www.scandbook.com\/lt\/produktai-ir-paslaugos\/logistika\/"]}]},{"@type":"BreadcrumbList","@id":"https:\/\/www.scandbook.com\/lt\/produktai-ir-paslaugos\/logistika\/#breadcrumb","itemListElement":[{"@type":"ListItem","position":1,"name":"Home","item":"https:\/\/www.scandbook.com\/lt\/"},{"@type":"ListItem","position":2,"name":"Produktai ir paslaugos","item":"https:\/\/www.scandbook.com\/lt\/produktai-ir-paslaugos\/?lang=lt"},{"@type":"ListItem","position":3,"name":"Logistika"}]},{"@type":"WebSite","@id":"https:\/\/www.scandbook.com\/lt\/#website","url":"https:\/\/www.scandbook.com\/lt\/","name":"ScandBook","description":"Scandinavia&#039;s leading printing house","publisher":{"@id":"https:\/\/www.scandbook.com\/lt\/#organization"},"potentialAction":[{"@type":"SearchAction","target":{"@type":"EntryPoint","urlTemplate":"https:\/\/www.scandbook.com\/lt\/?s={search_term_string}"},"query-input":{"@type":"PropertyValueSpecification","valueRequired":true,"valueName":"search_term_string"}}],"inLanguage":"lt-LT"},{"@type":"Organization","@id":"https:\/\/www.scandbook.com\/lt\/#organization","name":"ScandBook","url":"https:\/\/www.scandbook.com\/lt\/","logo":{"@type":"ImageObject","inLanguage":"lt-LT","@id":"https:\/\/www.scandbook.com\/lt\/#\/schema\/logo\/image\/","url":"https:\/\/www.scandbook.com\/wp-content\/uploads\/2023\/05\/scandbook-funding-climate-action.webp","contentUrl":"https:\/\/www.scandbook.com\/wp-content\/uploads\/2023\/05\/scandbook-funding-climate-action.webp","width":256,"height":88,"caption":"ScandBook"},"image":{"@id":"https:\/\/www.scandbook.com\/lt\/#\/schema\/logo\/image\/"},"sameAs":["https:\/\/www.facebook.com\/profile.php?id=100063569394878&sk=about&locale=sv_SE","https:\/\/www.linkedin.com\/company\/scandbook-ab\/"]}]}},"_links":{"self":[{"href":"https:\/\/www.scandbook.com\/lt\/wp-json\/wp\/v2\/pages\/9200","targetHints":{"allow":["GET"]}}],"collection":[{"href":"https:\/\/www.scandbook.com\/lt\/wp-json\/wp\/v2\/pages"}],"about":[{"href":"https:\/\/www.scandbook.com\/lt\/wp-json\/wp\/v2\/types\/page"}],"author":[{"embeddable":true,"href":"https:\/\/www.scandbook.com\/lt\/wp-json\/wp\/v2\/users\/9"}],"replies":[{"embeddable":true,"href":"https:\/\/www.scandbook.com\/lt\/wp-json\/wp\/v2\/comments?post=9200"}],"version-history":[{"count":6,"href":"https:\/\/www.scandbook.com\/lt\/wp-json\/wp\/v2\/pages\/9200\/revisions"}],"predecessor-version":[{"id":11034,"href":"https:\/\/www.scandbook.com\/lt\/wp-json\/wp\/v2\/pages\/9200\/revisions\/11034"}],"up":[{"embeddable":true,"href":"https:\/\/www.scandbook.com\/lt\/wp-json\/wp\/v2\/pages\/53"}],"wp:attachment":[{"href":"https:\/\/www.scandbook.com\/lt\/wp-json\/wp\/v2\/media?parent=9200"}],"curies":[{"name":"wp","href":"https:\/\/api.w.org\/{rel}","templated":true}]}}