{"id":91,"date":"2015-11-12T13:08:57","date_gmt":"2015-11-12T12:08:57","guid":{"rendered":"http:\/\/development.scandbook-internt.se\/?page_id=91&#038;lang=lt"},"modified":"2023-04-05T12:39:55","modified_gmt":"2023-04-05T11:39:55","slug":"paruosimas-spaudai","status":"publish","type":"page","link":"https:\/\/www.scandbook.com\/lt\/produktai-ir-paslaugos\/paruosimas-spaudai\/","title":{"rendered":"Paruo\u0161imas spaudai"},"content":{"rendered":"\n\n<style type=\"text\/css\" data-created_by=\"avia_inline_auto\" id=\"style-css-av-lg3maa3a-7baa424c6cf16df1c6b585f07abcd419\">\n.avia-image-container.av-lg3maa3a-7baa424c6cf16df1c6b585f07abcd419 img.avia_image{\nbox-shadow:none;\n}\n.avia-image-container.av-lg3maa3a-7baa424c6cf16df1c6b585f07abcd419 .av-image-caption-overlay-center{\ncolor:#ffffff;\n}\n<\/style>\n<div  class='avia-image-container av-lg3maa3a-7baa424c6cf16df1c6b585f07abcd419 av-styling- avia-align-center  avia-builder-el-1  el_after_av_codeblock  el_before_av_one_full '   itemprop=\"image\" itemscope=\"itemscope\" itemtype=\"https:\/\/schema.org\/ImageObject\" ><div class=\"avia-image-container-inner\"><div class=\"avia-image-overlay-wrap\"><img decoding=\"async\" fetchpriority=\"high\" class='wp-image-4795 avia-img-lazy-loading-not-4795 avia_image ' src=\"https:\/\/www.scandbook.com\/wp-content\/uploads\/2015\/11\/prepress-vit-bg-1.jpg\" alt='' title='prepress'  height=\"306\" width=\"1024\"  itemprop=\"thumbnailUrl\" srcset=\"https:\/\/www.scandbook.com\/wp-content\/uploads\/2015\/11\/prepress-vit-bg-1.jpg 1024w, https:\/\/www.scandbook.com\/wp-content\/uploads\/2015\/11\/prepress-vit-bg-1-300x90.jpg 300w, https:\/\/www.scandbook.com\/wp-content\/uploads\/2015\/11\/prepress-vit-bg-1-768x230.jpg 768w, https:\/\/www.scandbook.com\/wp-content\/uploads\/2015\/11\/prepress-vit-bg-1-705x211.jpg 705w, https:\/\/www.scandbook.com\/wp-content\/uploads\/2015\/11\/prepress-vit-bg-1-450x134.jpg 450w\" sizes=\"(max-width: 1024px) 100vw, 1024px\" \/><\/div><\/div><\/div>\n\n<style type=\"text\/css\" data-created_by=\"avia_inline_auto\" id=\"style-css-av-av_one_full-9497bbf8bff73ea4c6992cc17fa9ec36\">\n.flex_column.av-av_one_full-9497bbf8bff73ea4c6992cc17fa9ec36{\nborder-radius:0px 0px 0px 0px;\npadding:0px 0px 0px 0px;\n}\n<\/style>\n<div  class='flex_column av-av_one_full-9497bbf8bff73ea4c6992cc17fa9ec36 av_one_full  avia-builder-el-2  el_after_av_image  el_before_av_button  first flex_column_div av-zero-column-padding  '     ><section  class='av_textblock_section av-av_textblock-0366cc7376be6c9e82a3e9cc8987b64f '   itemscope=\"itemscope\" itemtype=\"https:\/\/schema.org\/CreativeWork\" ><div class='avia_textblock'  itemprop=\"text\" ><h2>Paruo\u0161imas spaudai<\/h2>\n<p>D\u0117l fail\u0173 paruo\u0161imo spaudai informacijos arba kaip pateikti failus, pasirinkite vien\u0105 i\u0161 spaustuvi\u0173 Falun, \u0160vedija arba Klaip\u0117da, Lietuva.<\/p>\n<\/div><\/section><\/div>\n<div  class='avia-button-wrap av-lfs5qoy9-79475e824e2503e68e22e65ed1e2ec56-wrap avia-button-center  avia-builder-el-4  el_after_av_one_full  avia-builder-el-last '><a href='https:\/\/www.scandbook.com\/forms\/upload.html'  class='avia-button av-lfs5qoy9-79475e824e2503e68e22e65ed1e2ec56 av-link-btn avia-icon_select-yes-right-icon avia-size-large avia-position-center av-icon-on-hover avia-color-theme-color'  target=\"_blank\"  rel=\"noopener noreferrer\"  aria-label=\"Si\u0173sti failus \"><span class='avia_iconbox_title' >Si\u0173sti failus <\/span><span class='avia_button_icon avia_button_icon_right avia-iconfont avia-font-entypo-fontello' data-av_icon='\ue879' data-av_iconfont='entypo-fontello' ><\/span><\/a><\/div>\n","protected":false},"excerpt":{"rendered":"","protected":false},"author":9,"featured_media":0,"parent":53,"menu_order":19,"comment_status":"closed","ping_status":"closed","template":"","meta":{"footnotes":""},"class_list":["post-91","page","type-page","status-publish","hentry"],"yoast_head":"<!-- This site is optimized with the Yoast SEO Premium plugin v27.4 (Yoast SEO v27.4) - https:\/\/yoast.com\/product\/yoast-seo-premium-wordpress\/ -->\n<title>Paruo\u0161imas spaudai - ScandBook<\/title>\n<meta name=\"robots\" content=\"index, follow, max-snippet:-1, max-image-preview:large, max-video-preview:-1\" \/>\n<link rel=\"canonical\" href=\"https:\/\/www.scandbook.com\/lt\/produktai-ir-paslaugos\/paruosimas-spaudai\/\" \/>\n<meta property=\"og:locale\" content=\"lt_LT\" \/>\n<meta property=\"og:type\" content=\"article\" \/>\n<meta property=\"og:title\" content=\"Paruo\u0161imas spaudai\" \/>\n<meta property=\"og:url\" content=\"https:\/\/www.scandbook.com\/lt\/produktai-ir-paslaugos\/paruosimas-spaudai\/\" \/>\n<meta property=\"og:site_name\" content=\"ScandBook\" \/>\n<meta property=\"article:publisher\" content=\"https:\/\/www.facebook.com\/profile.php?id=100063569394878&amp;sk=about&amp;locale=sv_SE\" \/>\n<meta property=\"article:modified_time\" content=\"2023-04-05T11:39:55+00:00\" \/>\n<meta name=\"twitter:card\" content=\"summary_large_image\" \/>\n<meta name=\"twitter:label1\" content=\"Est. reading time\" \/>\n\t<meta name=\"twitter:data1\" content=\"1 minut\u0117\" \/>\n<script type=\"application\/ld+json\" class=\"yoast-schema-graph\">{\"@context\":\"https:\\\/\\\/schema.org\",\"@graph\":[{\"@type\":\"WebPage\",\"@id\":\"https:\\\/\\\/www.scandbook.com\\\/lt\\\/produktai-ir-paslaugos\\\/paruosimas-spaudai\\\/\",\"url\":\"https:\\\/\\\/www.scandbook.com\\\/lt\\\/produktai-ir-paslaugos\\\/paruosimas-spaudai\\\/\",\"name\":\"Paruo\u0161imas spaudai - ScandBook\",\"isPartOf\":{\"@id\":\"https:\\\/\\\/www.scandbook.com\\\/lt\\\/#website\"},\"datePublished\":\"2015-11-12T12:08:57+00:00\",\"dateModified\":\"2023-04-05T11:39:55+00:00\",\"breadcrumb\":{\"@id\":\"https:\\\/\\\/www.scandbook.com\\\/lt\\\/produktai-ir-paslaugos\\\/paruosimas-spaudai\\\/#breadcrumb\"},\"inLanguage\":\"lt-LT\",\"potentialAction\":[{\"@type\":\"ReadAction\",\"target\":[\"https:\\\/\\\/www.scandbook.com\\\/lt\\\/produktai-ir-paslaugos\\\/paruosimas-spaudai\\\/\"]}]},{\"@type\":\"BreadcrumbList\",\"@id\":\"https:\\\/\\\/www.scandbook.com\\\/lt\\\/produktai-ir-paslaugos\\\/paruosimas-spaudai\\\/#breadcrumb\",\"itemListElement\":[{\"@type\":\"ListItem\",\"position\":1,\"name\":\"Home\",\"item\":\"https:\\\/\\\/www.scandbook.com\\\/lt\\\/\"},{\"@type\":\"ListItem\",\"position\":2,\"name\":\"Produktai ir paslaugos\",\"item\":\"https:\\\/\\\/www.scandbook.com\\\/lt\\\/produktai-ir-paslaugos\\\/?lang=lt\"},{\"@type\":\"ListItem\",\"position\":3,\"name\":\"Paruo\u0161imas spaudai\"}]},{\"@type\":\"WebSite\",\"@id\":\"https:\\\/\\\/www.scandbook.com\\\/lt\\\/#website\",\"url\":\"https:\\\/\\\/www.scandbook.com\\\/lt\\\/\",\"name\":\"ScandBook\",\"description\":\"Scandinavia&#039;s leading printing house\",\"publisher\":{\"@id\":\"https:\\\/\\\/www.scandbook.com\\\/lt\\\/#organization\"},\"potentialAction\":[{\"@type\":\"SearchAction\",\"target\":{\"@type\":\"EntryPoint\",\"urlTemplate\":\"https:\\\/\\\/www.scandbook.com\\\/lt\\\/?s={search_term_string}\"},\"query-input\":{\"@type\":\"PropertyValueSpecification\",\"valueRequired\":true,\"valueName\":\"search_term_string\"}}],\"inLanguage\":\"lt-LT\"},{\"@type\":\"Organization\",\"@id\":\"https:\\\/\\\/www.scandbook.com\\\/lt\\\/#organization\",\"name\":\"ScandBook\",\"url\":\"https:\\\/\\\/www.scandbook.com\\\/lt\\\/\",\"logo\":{\"@type\":\"ImageObject\",\"inLanguage\":\"lt-LT\",\"@id\":\"https:\\\/\\\/www.scandbook.com\\\/lt\\\/#\\\/schema\\\/logo\\\/image\\\/\",\"url\":\"https:\\\/\\\/www.scandbook.com\\\/wp-content\\\/uploads\\\/2023\\\/05\\\/scandbook-funding-climate-action.webp\",\"contentUrl\":\"https:\\\/\\\/www.scandbook.com\\\/wp-content\\\/uploads\\\/2023\\\/05\\\/scandbook-funding-climate-action.webp\",\"width\":256,\"height\":88,\"caption\":\"ScandBook\"},\"image\":{\"@id\":\"https:\\\/\\\/www.scandbook.com\\\/lt\\\/#\\\/schema\\\/logo\\\/image\\\/\"},\"sameAs\":[\"https:\\\/\\\/www.facebook.com\\\/profile.php?id=100063569394878&sk=about&locale=sv_SE\",\"https:\\\/\\\/www.linkedin.com\\\/company\\\/scandbook-ab\\\/\"]}]}<\/script>\n<!-- \/ Yoast SEO Premium plugin. -->","yoast_head_json":{"title":"Paruo\u0161imas spaudai - ScandBook","robots":{"index":"index","follow":"follow","max-snippet":"max-snippet:-1","max-image-preview":"max-image-preview:large","max-video-preview":"max-video-preview:-1"},"canonical":"https:\/\/www.scandbook.com\/lt\/produktai-ir-paslaugos\/paruosimas-spaudai\/","og_locale":"lt_LT","og_type":"article","og_title":"Paruo\u0161imas spaudai","og_url":"https:\/\/www.scandbook.com\/lt\/produktai-ir-paslaugos\/paruosimas-spaudai\/","og_site_name":"ScandBook","article_publisher":"https:\/\/www.facebook.com\/profile.php?id=100063569394878&sk=about&locale=sv_SE","article_modified_time":"2023-04-05T11:39:55+00:00","twitter_card":"summary_large_image","twitter_misc":{"Est. reading time":"1 minut\u0117"},"schema":{"@context":"https:\/\/schema.org","@graph":[{"@type":"WebPage","@id":"https:\/\/www.scandbook.com\/lt\/produktai-ir-paslaugos\/paruosimas-spaudai\/","url":"https:\/\/www.scandbook.com\/lt\/produktai-ir-paslaugos\/paruosimas-spaudai\/","name":"Paruo\u0161imas spaudai - ScandBook","isPartOf":{"@id":"https:\/\/www.scandbook.com\/lt\/#website"},"datePublished":"2015-11-12T12:08:57+00:00","dateModified":"2023-04-05T11:39:55+00:00","breadcrumb":{"@id":"https:\/\/www.scandbook.com\/lt\/produktai-ir-paslaugos\/paruosimas-spaudai\/#breadcrumb"},"inLanguage":"lt-LT","potentialAction":[{"@type":"ReadAction","target":["https:\/\/www.scandbook.com\/lt\/produktai-ir-paslaugos\/paruosimas-spaudai\/"]}]},{"@type":"BreadcrumbList","@id":"https:\/\/www.scandbook.com\/lt\/produktai-ir-paslaugos\/paruosimas-spaudai\/#breadcrumb","itemListElement":[{"@type":"ListItem","position":1,"name":"Home","item":"https:\/\/www.scandbook.com\/lt\/"},{"@type":"ListItem","position":2,"name":"Produktai ir paslaugos","item":"https:\/\/www.scandbook.com\/lt\/produktai-ir-paslaugos\/?lang=lt"},{"@type":"ListItem","position":3,"name":"Paruo\u0161imas spaudai"}]},{"@type":"WebSite","@id":"https:\/\/www.scandbook.com\/lt\/#website","url":"https:\/\/www.scandbook.com\/lt\/","name":"ScandBook","description":"Scandinavia&#039;s leading printing house","publisher":{"@id":"https:\/\/www.scandbook.com\/lt\/#organization"},"potentialAction":[{"@type":"SearchAction","target":{"@type":"EntryPoint","urlTemplate":"https:\/\/www.scandbook.com\/lt\/?s={search_term_string}"},"query-input":{"@type":"PropertyValueSpecification","valueRequired":true,"valueName":"search_term_string"}}],"inLanguage":"lt-LT"},{"@type":"Organization","@id":"https:\/\/www.scandbook.com\/lt\/#organization","name":"ScandBook","url":"https:\/\/www.scandbook.com\/lt\/","logo":{"@type":"ImageObject","inLanguage":"lt-LT","@id":"https:\/\/www.scandbook.com\/lt\/#\/schema\/logo\/image\/","url":"https:\/\/www.scandbook.com\/wp-content\/uploads\/2023\/05\/scandbook-funding-climate-action.webp","contentUrl":"https:\/\/www.scandbook.com\/wp-content\/uploads\/2023\/05\/scandbook-funding-climate-action.webp","width":256,"height":88,"caption":"ScandBook"},"image":{"@id":"https:\/\/www.scandbook.com\/lt\/#\/schema\/logo\/image\/"},"sameAs":["https:\/\/www.facebook.com\/profile.php?id=100063569394878&sk=about&locale=sv_SE","https:\/\/www.linkedin.com\/company\/scandbook-ab\/"]}]}},"_links":{"self":[{"href":"https:\/\/www.scandbook.com\/lt\/wp-json\/wp\/v2\/pages\/91","targetHints":{"allow":["GET"]}}],"collection":[{"href":"https:\/\/www.scandbook.com\/lt\/wp-json\/wp\/v2\/pages"}],"about":[{"href":"https:\/\/www.scandbook.com\/lt\/wp-json\/wp\/v2\/types\/page"}],"author":[{"embeddable":true,"href":"https:\/\/www.scandbook.com\/lt\/wp-json\/wp\/v2\/users\/9"}],"replies":[{"embeddable":true,"href":"https:\/\/www.scandbook.com\/lt\/wp-json\/wp\/v2\/comments?post=91"}],"version-history":[{"count":9,"href":"https:\/\/www.scandbook.com\/lt\/wp-json\/wp\/v2\/pages\/91\/revisions"}],"predecessor-version":[{"id":11032,"href":"https:\/\/www.scandbook.com\/lt\/wp-json\/wp\/v2\/pages\/91\/revisions\/11032"}],"up":[{"embeddable":true,"href":"https:\/\/www.scandbook.com\/lt\/wp-json\/wp\/v2\/pages\/53"}],"wp:attachment":[{"href":"https:\/\/www.scandbook.com\/lt\/wp-json\/wp\/v2\/media?parent=91"}],"curies":[{"name":"wp","href":"https:\/\/api.w.org\/{rel}","templated":true}]}}