{"id":8464,"date":"2022-09-14T10:27:33","date_gmt":"2022-09-14T09:27:33","guid":{"rendered":"https:\/\/www.scandbook.com\/apie-mus\/quality-and-environment\/climate-neutral-company-declaration\/"},"modified":"2024-02-19T15:38:40","modified_gmt":"2024-02-19T14:38:40","slug":"company-reports-and-declarations","status":"publish","type":"page","link":"https:\/\/www.scandbook.com\/lt\/esg\/company-reports-and-declarations\/","title":{"rendered":"Company reports and declarations"},"content":{"rendered":"\n<div  class='flex_column av-2yo798-1a0d68280272781f01778170fb702594 av_one_full  avia-builder-el-1  el_after_av_codeblock  el_before_av_one_full  first flex_column_div  '     ><section  class='av_textblock_section av-l81f0amw-3d66e4112ed76bd526e6a6643fc142f1 '   itemscope=\"itemscope\" itemtype=\"https:\/\/schema.org\/CreativeWork\" ><div class='avia_textblock'  itemprop=\"text\" ><h2><span class=\"HwtZe\" lang=\"lt\"><span class=\"jCAhz ChMk0b\"><span class=\"ryNqvb\">\u012emon\u0117s ataskaitos ir deklaracijos<\/span><\/span><\/span><\/h2>\n<h5>ScandBook siekia i\u0161laikyti savo kurs\u0105 tvarumo link.<\/h5>\n<p>\u010cia rasite m\u016bs\u0173 ataskaitas ir deklaracijas.<\/p>\n<\/div><\/section><\/div>\n<div  class='flex_column av-av_one_full-048119fdb636ea3d70edc0b975509c6c av_one_full  avia-builder-el-3  el_after_av_one_full  el_before_av_one_full  first flex_column_div  column-top-margin'     ><\/div>\n<div  class='flex_column av-av_one_full-048119fdb636ea3d70edc0b975509c6c av_one_full  avia-builder-el-5  el_after_av_one_full  avia-builder-el-last  first flex_column_div  column-top-margin'     ><style type=\"text\/css\" data-created_by=\"avia_inline_auto\" id=\"style-css-av-lst1kx6h-4ec376982a146bb50716b754fbb10a65\">\n#top .av_textblock_section.av-lst1kx6h-4ec376982a146bb50716b754fbb10a65 .avia_textblock{\ncolor:#ffffff;\n}\n<\/style>\n<section  class='av_textblock_section av-lst1kx6h-4ec376982a146bb50716b754fbb10a65 '   itemscope=\"itemscope\" itemtype=\"https:\/\/schema.org\/CreativeWork\" ><div class='avia_textblock av_inherit_color'  itemprop=\"text\" ><p>CDP, GRI , The Science Based Targets initiative (SBTi), GHG Reporting, South Pole Qualifying explanatory statement<\/p>\n<\/div><\/section><\/div>\n","protected":false},"excerpt":{"rendered":"","protected":false},"author":9,"featured_media":0,"parent":2118,"menu_order":0,"comment_status":"closed","ping_status":"closed","template":"","meta":{"footnotes":""},"class_list":["post-8464","page","type-page","status-publish","hentry"],"yoast_head":"<!-- This site is optimized with the Yoast SEO Premium plugin v27.5 (Yoast SEO v27.5) - https:\/\/yoast.com\/product\/yoast-seo-premium-wordpress\/ -->\n<title>Company reports and declarations - ScandBook<\/title>\n<meta name=\"robots\" content=\"index, follow, max-snippet:-1, max-image-preview:large, max-video-preview:-1\" \/>\n<link rel=\"canonical\" href=\"https:\/\/www.scandbook.com\/lt\/esg\/company-reports-and-declarations\/\" \/>\n<meta property=\"og:locale\" content=\"lt_LT\" \/>\n<meta property=\"og:type\" content=\"article\" \/>\n<meta property=\"og:title\" content=\"Company reports and declarations\" \/>\n<meta property=\"og:url\" content=\"https:\/\/www.scandbook.com\/lt\/esg\/company-reports-and-declarations\/\" \/>\n<meta property=\"og:site_name\" content=\"ScandBook\" \/>\n<meta property=\"article:publisher\" content=\"https:\/\/www.facebook.com\/profile.php?id=100063569394878&amp;sk=about&amp;locale=sv_SE\" \/>\n<meta property=\"article:modified_time\" content=\"2024-02-19T14:38:40+00:00\" \/>\n<meta name=\"twitter:card\" content=\"summary_large_image\" \/>\n<meta name=\"twitter:label1\" content=\"Est. reading time\" \/>\n\t<meta name=\"twitter:data1\" content=\"1 minut\u0117\" \/>\n<script type=\"application\/ld+json\" class=\"yoast-schema-graph\">{\"@context\":\"https:\\\/\\\/schema.org\",\"@graph\":[{\"@type\":\"WebPage\",\"@id\":\"https:\\\/\\\/www.scandbook.com\\\/lt\\\/esg\\\/company-reports-and-declarations\\\/\",\"url\":\"https:\\\/\\\/www.scandbook.com\\\/lt\\\/esg\\\/company-reports-and-declarations\\\/\",\"name\":\"Company reports and declarations - ScandBook\",\"isPartOf\":{\"@id\":\"https:\\\/\\\/www.scandbook.com\\\/lt\\\/#website\"},\"datePublished\":\"2022-09-14T09:27:33+00:00\",\"dateModified\":\"2024-02-19T14:38:40+00:00\",\"breadcrumb\":{\"@id\":\"https:\\\/\\\/www.scandbook.com\\\/lt\\\/esg\\\/company-reports-and-declarations\\\/#breadcrumb\"},\"inLanguage\":\"lt-LT\",\"potentialAction\":[{\"@type\":\"ReadAction\",\"target\":[\"https:\\\/\\\/www.scandbook.com\\\/lt\\\/esg\\\/company-reports-and-declarations\\\/\"]}]},{\"@type\":\"BreadcrumbList\",\"@id\":\"https:\\\/\\\/www.scandbook.com\\\/lt\\\/esg\\\/company-reports-and-declarations\\\/#breadcrumb\",\"itemListElement\":[{\"@type\":\"ListItem\",\"position\":1,\"name\":\"Home\",\"item\":\"https:\\\/\\\/www.scandbook.com\\\/lt\\\/\"},{\"@type\":\"ListItem\",\"position\":2,\"name\":\"ESG\",\"item\":\"https:\\\/\\\/www.scandbook.com\\\/lt\\\/esg\\\/?lang=lt\"},{\"@type\":\"ListItem\",\"position\":3,\"name\":\"Company reports and declarations\"}]},{\"@type\":\"WebSite\",\"@id\":\"https:\\\/\\\/www.scandbook.com\\\/lt\\\/#website\",\"url\":\"https:\\\/\\\/www.scandbook.com\\\/lt\\\/\",\"name\":\"ScandBook\",\"description\":\"Scandinavia&#039;s leading printing house\",\"publisher\":{\"@id\":\"https:\\\/\\\/www.scandbook.com\\\/lt\\\/#organization\"},\"potentialAction\":[{\"@type\":\"SearchAction\",\"target\":{\"@type\":\"EntryPoint\",\"urlTemplate\":\"https:\\\/\\\/www.scandbook.com\\\/lt\\\/?s={search_term_string}\"},\"query-input\":{\"@type\":\"PropertyValueSpecification\",\"valueRequired\":true,\"valueName\":\"search_term_string\"}}],\"inLanguage\":\"lt-LT\"},{\"@type\":\"Organization\",\"@id\":\"https:\\\/\\\/www.scandbook.com\\\/lt\\\/#organization\",\"name\":\"ScandBook\",\"url\":\"https:\\\/\\\/www.scandbook.com\\\/lt\\\/\",\"logo\":{\"@type\":\"ImageObject\",\"inLanguage\":\"lt-LT\",\"@id\":\"https:\\\/\\\/www.scandbook.com\\\/lt\\\/#\\\/schema\\\/logo\\\/image\\\/\",\"url\":\"https:\\\/\\\/www.scandbook.com\\\/wp-content\\\/uploads\\\/2023\\\/05\\\/scandbook-funding-climate-action.webp\",\"contentUrl\":\"https:\\\/\\\/www.scandbook.com\\\/wp-content\\\/uploads\\\/2023\\\/05\\\/scandbook-funding-climate-action.webp\",\"width\":256,\"height\":88,\"caption\":\"ScandBook\"},\"image\":{\"@id\":\"https:\\\/\\\/www.scandbook.com\\\/lt\\\/#\\\/schema\\\/logo\\\/image\\\/\"},\"sameAs\":[\"https:\\\/\\\/www.facebook.com\\\/profile.php?id=100063569394878&sk=about&locale=sv_SE\",\"https:\\\/\\\/www.linkedin.com\\\/company\\\/scandbook-ab\\\/\"]}]}<\/script>\n<!-- \/ Yoast SEO Premium plugin. -->","yoast_head_json":{"title":"Company reports and declarations - ScandBook","robots":{"index":"index","follow":"follow","max-snippet":"max-snippet:-1","max-image-preview":"max-image-preview:large","max-video-preview":"max-video-preview:-1"},"canonical":"https:\/\/www.scandbook.com\/lt\/esg\/company-reports-and-declarations\/","og_locale":"lt_LT","og_type":"article","og_title":"Company reports and declarations","og_url":"https:\/\/www.scandbook.com\/lt\/esg\/company-reports-and-declarations\/","og_site_name":"ScandBook","article_publisher":"https:\/\/www.facebook.com\/profile.php?id=100063569394878&sk=about&locale=sv_SE","article_modified_time":"2024-02-19T14:38:40+00:00","twitter_card":"summary_large_image","twitter_misc":{"Est. reading time":"1 minut\u0117"},"schema":{"@context":"https:\/\/schema.org","@graph":[{"@type":"WebPage","@id":"https:\/\/www.scandbook.com\/lt\/esg\/company-reports-and-declarations\/","url":"https:\/\/www.scandbook.com\/lt\/esg\/company-reports-and-declarations\/","name":"Company reports and declarations - ScandBook","isPartOf":{"@id":"https:\/\/www.scandbook.com\/lt\/#website"},"datePublished":"2022-09-14T09:27:33+00:00","dateModified":"2024-02-19T14:38:40+00:00","breadcrumb":{"@id":"https:\/\/www.scandbook.com\/lt\/esg\/company-reports-and-declarations\/#breadcrumb"},"inLanguage":"lt-LT","potentialAction":[{"@type":"ReadAction","target":["https:\/\/www.scandbook.com\/lt\/esg\/company-reports-and-declarations\/"]}]},{"@type":"BreadcrumbList","@id":"https:\/\/www.scandbook.com\/lt\/esg\/company-reports-and-declarations\/#breadcrumb","itemListElement":[{"@type":"ListItem","position":1,"name":"Home","item":"https:\/\/www.scandbook.com\/lt\/"},{"@type":"ListItem","position":2,"name":"ESG","item":"https:\/\/www.scandbook.com\/lt\/esg\/?lang=lt"},{"@type":"ListItem","position":3,"name":"Company reports and declarations"}]},{"@type":"WebSite","@id":"https:\/\/www.scandbook.com\/lt\/#website","url":"https:\/\/www.scandbook.com\/lt\/","name":"ScandBook","description":"Scandinavia&#039;s leading printing house","publisher":{"@id":"https:\/\/www.scandbook.com\/lt\/#organization"},"potentialAction":[{"@type":"SearchAction","target":{"@type":"EntryPoint","urlTemplate":"https:\/\/www.scandbook.com\/lt\/?s={search_term_string}"},"query-input":{"@type":"PropertyValueSpecification","valueRequired":true,"valueName":"search_term_string"}}],"inLanguage":"lt-LT"},{"@type":"Organization","@id":"https:\/\/www.scandbook.com\/lt\/#organization","name":"ScandBook","url":"https:\/\/www.scandbook.com\/lt\/","logo":{"@type":"ImageObject","inLanguage":"lt-LT","@id":"https:\/\/www.scandbook.com\/lt\/#\/schema\/logo\/image\/","url":"https:\/\/www.scandbook.com\/wp-content\/uploads\/2023\/05\/scandbook-funding-climate-action.webp","contentUrl":"https:\/\/www.scandbook.com\/wp-content\/uploads\/2023\/05\/scandbook-funding-climate-action.webp","width":256,"height":88,"caption":"ScandBook"},"image":{"@id":"https:\/\/www.scandbook.com\/lt\/#\/schema\/logo\/image\/"},"sameAs":["https:\/\/www.facebook.com\/profile.php?id=100063569394878&sk=about&locale=sv_SE","https:\/\/www.linkedin.com\/company\/scandbook-ab\/"]}]}},"_links":{"self":[{"href":"https:\/\/www.scandbook.com\/lt\/wp-json\/wp\/v2\/pages\/8464","targetHints":{"allow":["GET"]}}],"collection":[{"href":"https:\/\/www.scandbook.com\/lt\/wp-json\/wp\/v2\/pages"}],"about":[{"href":"https:\/\/www.scandbook.com\/lt\/wp-json\/wp\/v2\/types\/page"}],"author":[{"embeddable":true,"href":"https:\/\/www.scandbook.com\/lt\/wp-json\/wp\/v2\/users\/9"}],"replies":[{"embeddable":true,"href":"https:\/\/www.scandbook.com\/lt\/wp-json\/wp\/v2\/comments?post=8464"}],"version-history":[{"count":16,"href":"https:\/\/www.scandbook.com\/lt\/wp-json\/wp\/v2\/pages\/8464\/revisions"}],"predecessor-version":[{"id":12891,"href":"https:\/\/www.scandbook.com\/lt\/wp-json\/wp\/v2\/pages\/8464\/revisions\/12891"}],"up":[{"embeddable":true,"href":"https:\/\/www.scandbook.com\/lt\/wp-json\/wp\/v2\/pages\/2118"}],"wp:attachment":[{"href":"https:\/\/www.scandbook.com\/lt\/wp-json\/wp\/v2\/media?parent=8464"}],"curies":[{"name":"wp","href":"https:\/\/api.w.org\/{rel}","templated":true}]}}