{"id":3398,"date":"2017-03-20T10:01:35","date_gmt":"2017-03-20T09:01:35","guid":{"rendered":"http:\/\/www.scandbook.com\/?page_id=3398"},"modified":"2023-03-27T11:05:48","modified_gmt":"2023-03-27T10:05:48","slug":"finansine-informacija","status":"publish","type":"page","link":"https:\/\/www.scandbook.com\/lt\/investuotojai\/finansine-informacija\/","title":{"rendered":"Finansin\u0117 informacija"},"content":{"rendered":"\n<div  class='flex_column av-av_one_full-7714eba142aeda1f8b5272a3c372b279 av_one_full  avia-builder-el-1  el_after_av_codeblock  el_before_av_one_full  first flex_column_div  '     ><style type=\"text\/css\" data-created_by=\"avia_inline_auto\" id=\"style-css-av-lfqno5pr-7d4bcc9d6762a674e4923de52de9b7ef\">\n.avia-image-container.av-lfqno5pr-7d4bcc9d6762a674e4923de52de9b7ef img.avia_image{\nbox-shadow:none;\n}\n.avia-image-container.av-lfqno5pr-7d4bcc9d6762a674e4923de52de9b7ef .av-image-caption-overlay-center{\ncolor:#ffffff;\n}\n<\/style>\n<div  class='avia-image-container av-lfqno5pr-7d4bcc9d6762a674e4923de52de9b7ef av-styling- avia-align-center  avia-builder-el-2  avia-builder-el-no-sibling '   itemprop=\"image\" itemscope=\"itemscope\" itemtype=\"https:\/\/schema.org\/ImageObject\" ><div class=\"avia-image-container-inner\"><div class=\"avia-image-overlay-wrap\"><img decoding=\"async\" fetchpriority=\"high\" class='wp-image-4791 avia-img-lazy-loading-not-4791 avia_image ' src=\"https:\/\/www.scandbook.com\/wp-content\/uploads\/2015\/11\/aboutus-845x321.jpg\" alt='' title='About'  height=\"321\" width=\"845\"  itemprop=\"thumbnailUrl\"  \/><\/div><\/div><\/div><\/div><div  class='flex_column av-av_one_full-7714eba142aeda1f8b5272a3c372b279 av_one_full  avia-builder-el-3  el_after_av_one_full  el_before_av_hr  first flex_column_div  column-top-margin'     ><section  class='av_textblock_section av-lfqns7er-190b7edc86b0920e1282e230bd88e708 '   itemscope=\"itemscope\" itemtype=\"https:\/\/schema.org\/CreativeWork\" ><div class='avia_textblock'  itemprop=\"text\" ><h1>Finansin\u0117 informacija<\/h1>\n<p>ScandBook ataskaitos pildomos laikantis d\u0117l OMX First North reikalavimais.<br \/>\nFiansin\u0117 informacija yra tik \u0160ved\u0173 kalba. Jas galite pasiekti per \u0160vedi\u0161k\u0105 interneto puslapio variant\u0105 arba kreipkit\u0117s \u012f ScandBook CFO platesnei informacijai.<\/p>\n<\/div><\/section><\/div><\/p>\n\n<style type=\"text\/css\" data-created_by=\"avia_inline_auto\" id=\"style-css-av-lfqnsgbo-256f270331f80efbec82cd13c1c2c26b\">\n#top .hr.hr-invisible.av-lfqnsgbo-256f270331f80efbec82cd13c1c2c26b{\nheight:50px;\n}\n<\/style>\n<div  class='hr av-lfqnsgbo-256f270331f80efbec82cd13c1c2c26b hr-invisible  avia-builder-el-5  el_after_av_one_full  el_before_av_buttonrow '><span class='hr-inner '><span class=\"hr-inner-style\"><\/span><\/span><\/div>\n<div  class='avia-buttonrow-wrap av-lfqns1d6-a233bbf42db68d3a65682aa7bc544bef avia-buttonrow-center  avia-builder-el-6  el_after_av_hr  avia-builder-el-last '>\n\n<style type=\"text\/css\" data-created_by=\"avia_inline_auto\" id=\"style-css-av-lfqnq8nw-9a1c39dd2e2449f5c569cacdac73b49b\">\n#top #wrap_all .avia-button.av-lfqnq8nw-9a1c39dd2e2449f5c569cacdac73b49b{\nmargin-bottom:5px;\nmargin-right:3px;\nmargin-left:3px;\n}\n<\/style>\n<a href='https:\/\/www.scandbook.com\/investerare\/finansiell-information\/rapporter\/kvartalsrapporter\/?lang=sv'  class='avia-button av-lfqnq8nw-9a1c39dd2e2449f5c569cacdac73b49b avia-icon_select-yes-left-icon avia-size-large avia-color-theme-color'   aria-label=\" Ketvir\u010dio ataskaitos \u0160ved\u0173 kalba\"><span class='avia_button_icon avia_button_icon_left avia-iconfont avia-font-entypo-fontello' data-av_icon='\ue8c6' data-av_iconfont='entypo-fontello' ><\/span><span class='avia_iconbox_title' > Ketvir\u010dio ataskaitos \u0160ved\u0173 kalba<\/span><\/a>\n\n<style type=\"text\/css\" data-created_by=\"avia_inline_auto\" id=\"style-css-av-lfqnrth8-265dd337a7048f95f5a597495506e2d2\">\n#top #wrap_all .avia-button.av-lfqnrth8-265dd337a7048f95f5a597495506e2d2{\nmargin-bottom:5px;\nmargin-right:3px;\nmargin-left:3px;\n}\n<\/style>\n<a href='https:\/\/www.scandbook.com\/investerare\/finansiell-information\/rapporter\/arsredovisningar\/?lang=sv'  class='avia-button av-lfqnrth8-265dd337a7048f95f5a597495506e2d2 avia-icon_select-yes-left-icon avia-size-large avia-color-theme-color'   aria-label=\" Metin\u0117s ataskaitos \u0160ved\u0173 kalba\"><span class='avia_button_icon avia_button_icon_left avia-iconfont avia-font-entypo-fontello' data-av_icon='\ue8c7' data-av_iconfont='entypo-fontello' ><\/span><span class='avia_iconbox_title' > Metin\u0117s ataskaitos \u0160ved\u0173 kalba<\/span><\/a>\n<\/div>\n","protected":false},"excerpt":{"rendered":"","protected":false},"author":2,"featured_media":0,"parent":117,"menu_order":19,"comment_status":"closed","ping_status":"closed","template":"","meta":{"footnotes":""},"class_list":["post-3398","page","type-page","status-publish","hentry"],"yoast_head":"<!-- This site is optimized with the Yoast SEO Premium plugin v27.5 (Yoast SEO v27.5) - https:\/\/yoast.com\/product\/yoast-seo-premium-wordpress\/ -->\n<title>Finansin\u0117 informacija - ScandBook<\/title>\n<meta name=\"robots\" content=\"index, follow, max-snippet:-1, max-image-preview:large, max-video-preview:-1\" \/>\n<link rel=\"canonical\" href=\"https:\/\/www.scandbook.com\/lt\/investuotojai\/finansine-informacija\/\" \/>\n<meta property=\"og:locale\" content=\"lt_LT\" \/>\n<meta property=\"og:type\" content=\"article\" \/>\n<meta property=\"og:title\" content=\"Finansin\u0117 informacija\" \/>\n<meta property=\"og:url\" content=\"https:\/\/www.scandbook.com\/lt\/investuotojai\/finansine-informacija\/\" \/>\n<meta property=\"og:site_name\" content=\"ScandBook\" \/>\n<meta property=\"article:publisher\" content=\"https:\/\/www.facebook.com\/profile.php?id=100063569394878&amp;sk=about&amp;locale=sv_SE\" \/>\n<meta property=\"article:modified_time\" content=\"2023-03-27T10:05:48+00:00\" \/>\n<meta name=\"twitter:card\" content=\"summary_large_image\" \/>\n<meta name=\"twitter:label1\" content=\"Est. reading time\" \/>\n\t<meta name=\"twitter:data1\" content=\"2 minut\u0117s\" \/>\n<script type=\"application\/ld+json\" class=\"yoast-schema-graph\">{\"@context\":\"https:\\\/\\\/schema.org\",\"@graph\":[{\"@type\":\"WebPage\",\"@id\":\"https:\\\/\\\/www.scandbook.com\\\/lt\\\/investuotojai\\\/finansine-informacija\\\/\",\"url\":\"https:\\\/\\\/www.scandbook.com\\\/lt\\\/investuotojai\\\/finansine-informacija\\\/\",\"name\":\"Finansin\u0117 informacija - ScandBook\",\"isPartOf\":{\"@id\":\"https:\\\/\\\/www.scandbook.com\\\/lt\\\/#website\"},\"datePublished\":\"2017-03-20T09:01:35+00:00\",\"dateModified\":\"2023-03-27T10:05:48+00:00\",\"breadcrumb\":{\"@id\":\"https:\\\/\\\/www.scandbook.com\\\/lt\\\/investuotojai\\\/finansine-informacija\\\/#breadcrumb\"},\"inLanguage\":\"lt-LT\",\"potentialAction\":[{\"@type\":\"ReadAction\",\"target\":[\"https:\\\/\\\/www.scandbook.com\\\/lt\\\/investuotojai\\\/finansine-informacija\\\/\"]}]},{\"@type\":\"BreadcrumbList\",\"@id\":\"https:\\\/\\\/www.scandbook.com\\\/lt\\\/investuotojai\\\/finansine-informacija\\\/#breadcrumb\",\"itemListElement\":[{\"@type\":\"ListItem\",\"position\":1,\"name\":\"Home\",\"item\":\"https:\\\/\\\/www.scandbook.com\\\/lt\\\/\"},{\"@type\":\"ListItem\",\"position\":2,\"name\":\"Investuotojai\",\"item\":\"https:\\\/\\\/www.scandbook.com\\\/lt\\\/?page_id=117&lang=lt\"},{\"@type\":\"ListItem\",\"position\":3,\"name\":\"Finansin\u0117 informacija\"}]},{\"@type\":\"WebSite\",\"@id\":\"https:\\\/\\\/www.scandbook.com\\\/lt\\\/#website\",\"url\":\"https:\\\/\\\/www.scandbook.com\\\/lt\\\/\",\"name\":\"ScandBook\",\"description\":\"Scandinavia&#039;s leading printing house\",\"publisher\":{\"@id\":\"https:\\\/\\\/www.scandbook.com\\\/lt\\\/#organization\"},\"potentialAction\":[{\"@type\":\"SearchAction\",\"target\":{\"@type\":\"EntryPoint\",\"urlTemplate\":\"https:\\\/\\\/www.scandbook.com\\\/lt\\\/?s={search_term_string}\"},\"query-input\":{\"@type\":\"PropertyValueSpecification\",\"valueRequired\":true,\"valueName\":\"search_term_string\"}}],\"inLanguage\":\"lt-LT\"},{\"@type\":\"Organization\",\"@id\":\"https:\\\/\\\/www.scandbook.com\\\/lt\\\/#organization\",\"name\":\"ScandBook\",\"url\":\"https:\\\/\\\/www.scandbook.com\\\/lt\\\/\",\"logo\":{\"@type\":\"ImageObject\",\"inLanguage\":\"lt-LT\",\"@id\":\"https:\\\/\\\/www.scandbook.com\\\/lt\\\/#\\\/schema\\\/logo\\\/image\\\/\",\"url\":\"https:\\\/\\\/www.scandbook.com\\\/wp-content\\\/uploads\\\/2023\\\/05\\\/scandbook-funding-climate-action.webp\",\"contentUrl\":\"https:\\\/\\\/www.scandbook.com\\\/wp-content\\\/uploads\\\/2023\\\/05\\\/scandbook-funding-climate-action.webp\",\"width\":256,\"height\":88,\"caption\":\"ScandBook\"},\"image\":{\"@id\":\"https:\\\/\\\/www.scandbook.com\\\/lt\\\/#\\\/schema\\\/logo\\\/image\\\/\"},\"sameAs\":[\"https:\\\/\\\/www.facebook.com\\\/profile.php?id=100063569394878&sk=about&locale=sv_SE\",\"https:\\\/\\\/www.linkedin.com\\\/company\\\/scandbook-ab\\\/\"]}]}<\/script>\n<!-- \/ Yoast SEO Premium plugin. -->","yoast_head_json":{"title":"Finansin\u0117 informacija - ScandBook","robots":{"index":"index","follow":"follow","max-snippet":"max-snippet:-1","max-image-preview":"max-image-preview:large","max-video-preview":"max-video-preview:-1"},"canonical":"https:\/\/www.scandbook.com\/lt\/investuotojai\/finansine-informacija\/","og_locale":"lt_LT","og_type":"article","og_title":"Finansin\u0117 informacija","og_url":"https:\/\/www.scandbook.com\/lt\/investuotojai\/finansine-informacija\/","og_site_name":"ScandBook","article_publisher":"https:\/\/www.facebook.com\/profile.php?id=100063569394878&sk=about&locale=sv_SE","article_modified_time":"2023-03-27T10:05:48+00:00","twitter_card":"summary_large_image","twitter_misc":{"Est. reading time":"2 minut\u0117s"},"schema":{"@context":"https:\/\/schema.org","@graph":[{"@type":"WebPage","@id":"https:\/\/www.scandbook.com\/lt\/investuotojai\/finansine-informacija\/","url":"https:\/\/www.scandbook.com\/lt\/investuotojai\/finansine-informacija\/","name":"Finansin\u0117 informacija - ScandBook","isPartOf":{"@id":"https:\/\/www.scandbook.com\/lt\/#website"},"datePublished":"2017-03-20T09:01:35+00:00","dateModified":"2023-03-27T10:05:48+00:00","breadcrumb":{"@id":"https:\/\/www.scandbook.com\/lt\/investuotojai\/finansine-informacija\/#breadcrumb"},"inLanguage":"lt-LT","potentialAction":[{"@type":"ReadAction","target":["https:\/\/www.scandbook.com\/lt\/investuotojai\/finansine-informacija\/"]}]},{"@type":"BreadcrumbList","@id":"https:\/\/www.scandbook.com\/lt\/investuotojai\/finansine-informacija\/#breadcrumb","itemListElement":[{"@type":"ListItem","position":1,"name":"Home","item":"https:\/\/www.scandbook.com\/lt\/"},{"@type":"ListItem","position":2,"name":"Investuotojai","item":"https:\/\/www.scandbook.com\/lt\/?page_id=117&lang=lt"},{"@type":"ListItem","position":3,"name":"Finansin\u0117 informacija"}]},{"@type":"WebSite","@id":"https:\/\/www.scandbook.com\/lt\/#website","url":"https:\/\/www.scandbook.com\/lt\/","name":"ScandBook","description":"Scandinavia&#039;s leading printing house","publisher":{"@id":"https:\/\/www.scandbook.com\/lt\/#organization"},"potentialAction":[{"@type":"SearchAction","target":{"@type":"EntryPoint","urlTemplate":"https:\/\/www.scandbook.com\/lt\/?s={search_term_string}"},"query-input":{"@type":"PropertyValueSpecification","valueRequired":true,"valueName":"search_term_string"}}],"inLanguage":"lt-LT"},{"@type":"Organization","@id":"https:\/\/www.scandbook.com\/lt\/#organization","name":"ScandBook","url":"https:\/\/www.scandbook.com\/lt\/","logo":{"@type":"ImageObject","inLanguage":"lt-LT","@id":"https:\/\/www.scandbook.com\/lt\/#\/schema\/logo\/image\/","url":"https:\/\/www.scandbook.com\/wp-content\/uploads\/2023\/05\/scandbook-funding-climate-action.webp","contentUrl":"https:\/\/www.scandbook.com\/wp-content\/uploads\/2023\/05\/scandbook-funding-climate-action.webp","width":256,"height":88,"caption":"ScandBook"},"image":{"@id":"https:\/\/www.scandbook.com\/lt\/#\/schema\/logo\/image\/"},"sameAs":["https:\/\/www.facebook.com\/profile.php?id=100063569394878&sk=about&locale=sv_SE","https:\/\/www.linkedin.com\/company\/scandbook-ab\/"]}]}},"_links":{"self":[{"href":"https:\/\/www.scandbook.com\/lt\/wp-json\/wp\/v2\/pages\/3398","targetHints":{"allow":["GET"]}}],"collection":[{"href":"https:\/\/www.scandbook.com\/lt\/wp-json\/wp\/v2\/pages"}],"about":[{"href":"https:\/\/www.scandbook.com\/lt\/wp-json\/wp\/v2\/types\/page"}],"author":[{"embeddable":true,"href":"https:\/\/www.scandbook.com\/lt\/wp-json\/wp\/v2\/users\/2"}],"replies":[{"embeddable":true,"href":"https:\/\/www.scandbook.com\/lt\/wp-json\/wp\/v2\/comments?post=3398"}],"version-history":[{"count":9,"href":"https:\/\/www.scandbook.com\/lt\/wp-json\/wp\/v2\/pages\/3398\/revisions"}],"predecessor-version":[{"id":10521,"href":"https:\/\/www.scandbook.com\/lt\/wp-json\/wp\/v2\/pages\/3398\/revisions\/10521"}],"up":[{"embeddable":true,"href":"https:\/\/www.scandbook.com\/lt\/wp-json\/wp\/v2\/pages\/117"}],"wp:attachment":[{"href":"https:\/\/www.scandbook.com\/lt\/wp-json\/wp\/v2\/media?parent=3398"}],"curies":[{"name":"wp","href":"https:\/\/api.w.org\/{rel}","templated":true}]}}