{"id":2367,"date":"2016-02-22T15:53:34","date_gmt":"2016-02-22T14:53:34","guid":{"rendered":"http:\/\/www1.scandbook.se\/?page_id=2367&#038;lang=lt"},"modified":"2025-02-26T09:34:53","modified_gmt":"2025-02-26T08:34:53","slug":"falun-svedija","status":"publish","type":"page","link":"https:\/\/www.scandbook.com\/lt\/kontaktai\/klientu-aptarnavimo-skyrius\/falun-svedija\/","title":{"rendered":"Falun \u2013 \u0160vedija"},"content":{"rendered":"\n\n<style type=\"text\/css\" data-created_by=\"avia_inline_auto\" id=\"style-css-av-rlq873-57848cf70eaff40f980d0334a102c7af\">\n.flex_column.av-rlq873-57848cf70eaff40f980d0334a102c7af{\nborder-radius:0px 0px 0px 0px;\npadding:0px 0px 0px 0px;\n}\n<\/style>\n<div  class='flex_column av-rlq873-57848cf70eaff40f980d0334a102c7af av_one_full  avia-builder-el-1  el_after_av_codeblock  el_before_av_one_full  first flex_column_div av-zero-column-padding  '     ><div  class='av_gmaps_sc_main_wrap av_gmaps_main_wrap '><div id='av_gmap_0' class='avia-google-map-container avia-google-map-sc av_gmaps_show_unconditionally av-no-fallback-img ' data-mapid='av_gmap_0'  style='height: 300px;'><a class=\"av_gmaps_browser_disabled av_text_confirm_link av_text_confirm_link_visible\" href=\"https:\/\/www.google.com\/maps\/search\/?api=1&#038;query=L\u00f6v\u00e5sv\u00e4gen%2024%20%20Falun%20%20Sweden\" target=\"_blank\">Maps were disabled by the visitor on this site. Click to open the map in a new window.<\/a><\/div><\/div><\/div>\n\n<style type=\"text\/css\" data-created_by=\"avia_inline_auto\" id=\"style-css-av-mya2b3-b11403e290e728fe24335ba37945bd09\">\n.flex_column.av-mya2b3-b11403e290e728fe24335ba37945bd09{\nborder-radius:0px 0px 0px 0px;\npadding:0px 0px 0px 0px;\n}\n<\/style>\n<div  class='flex_column av-mya2b3-b11403e290e728fe24335ba37945bd09 av_one_full  avia-builder-el-3  el_after_av_one_full  el_before_av_one_third  first flex_column_div av-zero-column-padding  column-top-margin'     ><section  class='av_textblock_section av-kysz4v-c2758dff503ff739c002e2ac4e07c93b '   itemscope=\"itemscope\" itemtype=\"https:\/\/schema.org\/CreativeWork\" ><div class='avia_textblock'  itemprop=\"text\" ><h2>Falun \u2013 <span class=\"trail-end\">\u0160vedija<\/span><\/h2>\n<\/div><\/section><\/div>\n<div class='flex_column_table av-jjlwtr-a3611b5d0f6330b51eff7e7bcd78f7f2 sc-av_one_third av-equal-height-column-flextable'>\n<style type=\"text\/css\" data-created_by=\"avia_inline_auto\" id=\"style-css-av-jjlwtr-a3611b5d0f6330b51eff7e7bcd78f7f2\">\n.flex_column.av-jjlwtr-a3611b5d0f6330b51eff7e7bcd78f7f2{\nborder-width:1px;\nborder-style:solid;\nborder-radius:2px 2px 2px 2px;\npadding:20px 20px 20px 20px;\nbackground-color:#ffffff;\n}\n<\/style>\n<div  class='flex_column av-jjlwtr-a3611b5d0f6330b51eff7e7bcd78f7f2 av_one_third  avia-builder-el-5  el_after_av_one_full  el_before_av_one_third  first flex_column_table_cell av-equal-height-column av-align-top  column-top-margin'     ><section  class='av_textblock_section av-hojuyn-70355ffd88ab34ccd97bb324a4fe2969 '   itemscope=\"itemscope\" itemtype=\"https:\/\/schema.org\/CreativeWork\" ><div class='avia_textblock'  itemprop=\"text\" ><p><img loading=\"lazy\" decoding=\"async\" class=\"wp-image-1283 size-full aligncenter\" src=\"https:\/\/www.scandbook.com\/wp-content\/uploads\/2024\/08\/jocke-200x134-1.webp\" alt=\"Joachim Hagstr\u00f6m\" width=\"200\" height=\"134\" \/><\/p>\n<p style=\"text-align: center;\"><strong>Joachim Hagstr\u00f6m<\/strong><br \/>\n<em>Projekt\u0173 vadovas (NO, DK, IE, SE, FI)<\/em><br \/>\n<a href=\"tel:+46 23 76 59 14\">+46 23 76 59 14<\/a><br \/>\n<a href=\"tel:+46 70 219 21 83\">+46 70 219 21 83<\/a><br \/>\n<a href=\"mailto:joachim.hagstrom@scandbook.se\">joachim.hagstrom@scandbook.se<\/a><\/p>\n<\/div><\/section><\/div><div class='av-flex-placeholder'><\/div>\n<style type=\"text\/css\" data-created_by=\"avia_inline_auto\" id=\"style-css-av-av_one_third-d104f8679275b3428066bacd9a5f1443\">\n.flex_column.av-av_one_third-d104f8679275b3428066bacd9a5f1443{\nborder-width:1px;\nborder-style:solid;\nborder-radius:2px 2px 2px 2px;\npadding:20px 20px 20px 20px;\nbackground-color:#ffffff;\n}\n<\/style>\n<div  class='flex_column av-av_one_third-d104f8679275b3428066bacd9a5f1443 av_one_third  avia-builder-el-7  el_after_av_one_third  el_before_av_one_third  flex_column_table_cell av-equal-height-column av-align-top  column-top-margin'     ><section  class='av_textblock_section av-1cb5un-780cc60cd1ba2ead261f598fedca4738 '   itemscope=\"itemscope\" itemtype=\"https:\/\/schema.org\/CreativeWork\" ><div class='avia_textblock'  itemprop=\"text\" ><p><img loading=\"lazy\" decoding=\"async\" class=\"aligncenter wp-image-1518 size-full\" src=\"https:\/\/www.scandbook.com\/wp-content\/uploads\/2024\/08\/anna-200x134-1.webp\" alt=\"Anna Johansson\" width=\"200\" height=\"134\" \/><\/p>\n<p style=\"text-align: center;\"><strong>Anna Johansson<\/strong><br \/>\n<em>Projekt\u0173 vadovas (SE)<\/em><br \/>\n<a href=\"tel:+46 23 76 59 17\">+46 23 76 59 17<\/a><br \/>\n<a href=\"tel:+46 70 335 02 66\">+46 70 335 02 66<\/a><br \/>\n<a href=\"mailto:anna.johansson@scandbook.se\">anna.johansson@scandbook.se<\/a><\/p>\n<\/div><\/section><\/div><\/p>\n<div class='av-flex-placeholder'><\/div>\n<style type=\"text\/css\" data-created_by=\"avia_inline_auto\" id=\"style-css-av-av_one_third-d104f8679275b3428066bacd9a5f1443\">\n.flex_column.av-av_one_third-d104f8679275b3428066bacd9a5f1443{\nborder-width:1px;\nborder-style:solid;\nborder-radius:2px 2px 2px 2px;\npadding:20px 20px 20px 20px;\nbackground-color:#ffffff;\n}\n<\/style>\n<div  class='flex_column av-av_one_third-d104f8679275b3428066bacd9a5f1443 av_one_third  avia-builder-el-9  el_after_av_one_third  el_before_av_one_third  flex_column_table_cell av-equal-height-column av-align-top  column-top-margin'     ><section  class='av_textblock_section av-jlmagavs-f4e43e162cee7b6111ab069f5b897a53 '   itemscope=\"itemscope\" itemtype=\"https:\/\/schema.org\/CreativeWork\" ><div class='avia_textblock'  itemprop=\"text\" ><p><img loading=\"lazy\" decoding=\"async\" class=\"aligncenter wp-image-5293 size-full\" src=\"https:\/\/www.scandbook.com\/wp-content\/uploads\/2024\/08\/lenita-helala.webp\" alt=\"\" width=\"200\" height=\"134\" \/><\/p>\n<p style=\"text-align: center;\"><strong>Lenita Helala<\/strong><br \/>\n<em>Projekt\u0173 vadovas <\/em><br \/>\n<a href=\"tel:+46 23 76 59 33\">+46 23 76 59 33<\/a><br \/>\n<a href=\"mailto:lenita.helala@scandbook.se\">lenita.helala@scandbook.se<\/a><\/p>\n<\/div><\/section><\/div><\/div><!--close column table wrapper. Autoclose: 1 -->\n<div class='flex_column_table av-av_one_third-e6f3205cdab8443691b21aeb66c4ec58 sc-av_one_third av-equal-height-column-flextable'>\n<style type=\"text\/css\" data-created_by=\"avia_inline_auto\" id=\"style-css-av-av_one_third-e6f3205cdab8443691b21aeb66c4ec58\">\n.flex_column.av-av_one_third-e6f3205cdab8443691b21aeb66c4ec58{\nborder-width:1px;\nborder-style:solid;\nborder-radius:2px 2px 2px 2px;\npadding:20px 20px 20px 20px;\nbackground-color:#ffffff;\n}\n<\/style>\n<div  class='flex_column av-av_one_third-e6f3205cdab8443691b21aeb66c4ec58 av_one_third  avia-builder-el-11  el_after_av_one_third  el_before_av_one_third  first flex_column_table_cell av-equal-height-column av-align-top  column-top-margin'     ><section  class='av_textblock_section av-2r381b-d0be55d9ca736afdd1484476dceab5a3 '   itemscope=\"itemscope\" itemtype=\"https:\/\/schema.org\/CreativeWork\" ><div class='avia_textblock'  itemprop=\"text\" ><p><img loading=\"lazy\" decoding=\"async\" class=\"wp-image-3332 size-full aligncenter\" src=\"https:\/\/www.scandbook.com\/wp-content\/uploads\/2024\/08\/johan-jansson-200x134-1.webp\" alt=\"Johan jansson\" width=\"200\" height=\"134\" \/><\/p>\n<p style=\"text-align: center;\"><strong>Johan Jansson<\/strong><br \/>\n<em>Projekt\u0173 vadovas <\/em><br \/>\n<a href=\"tel:+46 23 76 59 35\">+46 23 76 59 35<\/a><br \/>\n<a href=\"tel:+46 70 446 04 84\">+46 70 446 04 84<\/a><br \/>\n<a href=\"mailto: johan.jansson@scandbook.se\">johan.jansson@scandbook.se<\/a><\/p>\n<\/div><\/section><\/div>\n<div class='av-flex-placeholder'><\/div>\n<style type=\"text\/css\" data-created_by=\"avia_inline_auto\" id=\"style-css-av-43qjvj-e36e0e2435707d585d9ab60d3f9246c3\">\n.flex_column.av-43qjvj-e36e0e2435707d585d9ab60d3f9246c3{\nborder-radius:0px 0px 0px 0px;\npadding:0px 0px 0px 0px;\n}\n<\/style>\n<div  class='flex_column av-43qjvj-e36e0e2435707d585d9ab60d3f9246c3 av_one_third  avia-builder-el-13  el_after_av_one_third  el_before_av_one_third  flex_column_table_cell av-equal-height-column av-align-top av-zero-column-padding  column-top-margin'     ><section  class='av_textblock_section av-2r381b-4ac9d782586321703fcd298789d673ea '   itemscope=\"itemscope\" itemtype=\"https:\/\/schema.org\/CreativeWork\" ><div class='avia_textblock'  itemprop=\"text\" ><\/div><\/section><\/div>\n<div class='av-flex-placeholder'><\/div>\n<style type=\"text\/css\" data-created_by=\"avia_inline_auto\" id=\"style-css-av-av_one_third-699248f23a309dda907cee54960fbaa0\">\n.flex_column.av-av_one_third-699248f23a309dda907cee54960fbaa0{\nborder-radius:0px 0px 0px 0px;\npadding:0px 0px 0px 0px;\n}\n<\/style>\n<div  class='flex_column av-av_one_third-699248f23a309dda907cee54960fbaa0 av_one_third  avia-builder-el-15  el_after_av_one_third  avia-builder-el-last  flex_column_table_cell av-equal-height-column av-align-top av-zero-column-padding  column-top-margin'     ><section  class='av_textblock_section av-av_textblock-681aee1dd5a0725615f5b616a49e8b76 '   itemscope=\"itemscope\" itemtype=\"https:\/\/schema.org\/CreativeWork\" ><div class='avia_textblock'  itemprop=\"text\" ><\/div><\/section><\/div><\/div><!--close column table wrapper. Autoclose: 1 -->\n","protected":false},"excerpt":{"rendered":"","protected":false},"author":9,"featured_media":13752,"parent":2365,"menu_order":21,"comment_status":"closed","ping_status":"closed","template":"","meta":{"footnotes":""},"class_list":["post-2367","page","type-page","status-publish","has-post-thumbnail","hentry"],"yoast_head":"<!-- This site is optimized with the Yoast SEO Premium plugin v27.5 (Yoast SEO v27.5) - https:\/\/yoast.com\/product\/yoast-seo-premium-wordpress\/ -->\n<title>Falun \u2013 \u0160vedija - ScandBook<\/title>\n<meta name=\"description\" content=\"Joachim Hagstr\u00f6m, Anna Johansson, Christina Birath, Lenita Helala, Johan Jansson\" \/>\n<meta name=\"robots\" content=\"index, follow, max-snippet:-1, max-image-preview:large, max-video-preview:-1\" \/>\n<link rel=\"canonical\" href=\"https:\/\/www.scandbook.com\/lt\/kontaktai\/klientu-aptarnavimo-skyrius\/falun-svedija\/\" \/>\n<meta property=\"og:locale\" content=\"lt_LT\" \/>\n<meta property=\"og:type\" content=\"article\" \/>\n<meta property=\"og:title\" content=\"Falun \u2013 \u0160vedija\" \/>\n<meta property=\"og:description\" content=\"Joachim Hagstr\u00f6m, Anna Johansson, Christina Birath, Lenita Helala, Johan Jansson\" \/>\n<meta property=\"og:url\" content=\"https:\/\/www.scandbook.com\/lt\/kontaktai\/klientu-aptarnavimo-skyrius\/falun-svedija\/\" \/>\n<meta property=\"og:site_name\" content=\"ScandBook\" \/>\n<meta property=\"article:publisher\" content=\"https:\/\/www.facebook.com\/profile.php?id=100063569394878&amp;sk=about&amp;locale=sv_SE\" \/>\n<meta property=\"article:modified_time\" content=\"2025-02-26T08:34:53+00:00\" \/>\n<meta property=\"og:image\" content=\"https:\/\/www.scandbook.com\/wp-content\/uploads\/2024\/10\/scandbook-funding-climate-action-x.webp\" \/>\n\t<meta property=\"og:image:width\" content=\"200\" \/>\n\t<meta property=\"og:image:height\" content=\"200\" \/>\n\t<meta property=\"og:image:type\" content=\"image\/webp\" \/>\n<meta name=\"twitter:card\" content=\"summary_large_image\" \/>\n<meta name=\"twitter:label1\" content=\"Est. reading time\" \/>\n\t<meta name=\"twitter:data1\" content=\"2 minut\u0117s\" \/>\n<script type=\"application\/ld+json\" class=\"yoast-schema-graph\">{\"@context\":\"https:\\\/\\\/schema.org\",\"@graph\":[{\"@type\":\"WebPage\",\"@id\":\"https:\\\/\\\/www.scandbook.com\\\/lt\\\/kontaktai\\\/klientu-aptarnavimo-skyrius\\\/falun-svedija\\\/\",\"url\":\"https:\\\/\\\/www.scandbook.com\\\/lt\\\/kontaktai\\\/klientu-aptarnavimo-skyrius\\\/falun-svedija\\\/\",\"name\":\"Falun \u2013 \u0160vedija - ScandBook\",\"isPartOf\":{\"@id\":\"https:\\\/\\\/www.scandbook.com\\\/lt\\\/#website\"},\"primaryImageOfPage\":{\"@id\":\"https:\\\/\\\/www.scandbook.com\\\/lt\\\/kontaktai\\\/klientu-aptarnavimo-skyrius\\\/falun-svedija\\\/#primaryimage\"},\"image\":{\"@id\":\"https:\\\/\\\/www.scandbook.com\\\/lt\\\/kontaktai\\\/klientu-aptarnavimo-skyrius\\\/falun-svedija\\\/#primaryimage\"},\"thumbnailUrl\":\"https:\\\/\\\/www.scandbook.com\\\/wp-content\\\/uploads\\\/2024\\\/10\\\/scandbook-funding-climate-action-x.webp\",\"datePublished\":\"2016-02-22T14:53:34+00:00\",\"dateModified\":\"2025-02-26T08:34:53+00:00\",\"description\":\"Joachim Hagstr\u00f6m, Anna Johansson, Christina Birath, Lenita Helala, Johan Jansson\",\"breadcrumb\":{\"@id\":\"https:\\\/\\\/www.scandbook.com\\\/lt\\\/kontaktai\\\/klientu-aptarnavimo-skyrius\\\/falun-svedija\\\/#breadcrumb\"},\"inLanguage\":\"lt-LT\",\"potentialAction\":[{\"@type\":\"ReadAction\",\"target\":[\"https:\\\/\\\/www.scandbook.com\\\/lt\\\/kontaktai\\\/klientu-aptarnavimo-skyrius\\\/falun-svedija\\\/\"]}]},{\"@type\":\"ImageObject\",\"inLanguage\":\"lt-LT\",\"@id\":\"https:\\\/\\\/www.scandbook.com\\\/lt\\\/kontaktai\\\/klientu-aptarnavimo-skyrius\\\/falun-svedija\\\/#primaryimage\",\"url\":\"https:\\\/\\\/www.scandbook.com\\\/wp-content\\\/uploads\\\/2024\\\/10\\\/scandbook-funding-climate-action-x.webp\",\"contentUrl\":\"https:\\\/\\\/www.scandbook.com\\\/wp-content\\\/uploads\\\/2024\\\/10\\\/scandbook-funding-climate-action-x.webp\",\"width\":200,\"height\":200},{\"@type\":\"BreadcrumbList\",\"@id\":\"https:\\\/\\\/www.scandbook.com\\\/lt\\\/kontaktai\\\/klientu-aptarnavimo-skyrius\\\/falun-svedija\\\/#breadcrumb\",\"itemListElement\":[{\"@type\":\"ListItem\",\"position\":1,\"name\":\"Home\",\"item\":\"https:\\\/\\\/www.scandbook.com\\\/lt\\\/\"},{\"@type\":\"ListItem\",\"position\":2,\"name\":\"Kontaktai\",\"item\":\"https:\\\/\\\/www.scandbook.com\\\/lt\\\/kontaktai\\\/?lang=lt\"},{\"@type\":\"ListItem\",\"position\":3,\"name\":\"Klient\u0173 aptarnavimo skyrius\",\"item\":\"https:\\\/\\\/www.scandbook.com\\\/lt\\\/kontaktai\\\/klientu-aptarnavimo-skyrius\\\/\"},{\"@type\":\"ListItem\",\"position\":4,\"name\":\"Falun \u2013 \u0160vedija\"}]},{\"@type\":\"WebSite\",\"@id\":\"https:\\\/\\\/www.scandbook.com\\\/lt\\\/#website\",\"url\":\"https:\\\/\\\/www.scandbook.com\\\/lt\\\/\",\"name\":\"ScandBook\",\"description\":\"Scandinavia&#039;s leading printing house\",\"publisher\":{\"@id\":\"https:\\\/\\\/www.scandbook.com\\\/lt\\\/#organization\"},\"potentialAction\":[{\"@type\":\"SearchAction\",\"target\":{\"@type\":\"EntryPoint\",\"urlTemplate\":\"https:\\\/\\\/www.scandbook.com\\\/lt\\\/?s={search_term_string}\"},\"query-input\":{\"@type\":\"PropertyValueSpecification\",\"valueRequired\":true,\"valueName\":\"search_term_string\"}}],\"inLanguage\":\"lt-LT\"},{\"@type\":\"Organization\",\"@id\":\"https:\\\/\\\/www.scandbook.com\\\/lt\\\/#organization\",\"name\":\"ScandBook\",\"url\":\"https:\\\/\\\/www.scandbook.com\\\/lt\\\/\",\"logo\":{\"@type\":\"ImageObject\",\"inLanguage\":\"lt-LT\",\"@id\":\"https:\\\/\\\/www.scandbook.com\\\/lt\\\/#\\\/schema\\\/logo\\\/image\\\/\",\"url\":\"https:\\\/\\\/www.scandbook.com\\\/wp-content\\\/uploads\\\/2023\\\/05\\\/scandbook-funding-climate-action.webp\",\"contentUrl\":\"https:\\\/\\\/www.scandbook.com\\\/wp-content\\\/uploads\\\/2023\\\/05\\\/scandbook-funding-climate-action.webp\",\"width\":256,\"height\":88,\"caption\":\"ScandBook\"},\"image\":{\"@id\":\"https:\\\/\\\/www.scandbook.com\\\/lt\\\/#\\\/schema\\\/logo\\\/image\\\/\"},\"sameAs\":[\"https:\\\/\\\/www.facebook.com\\\/profile.php?id=100063569394878&sk=about&locale=sv_SE\",\"https:\\\/\\\/www.linkedin.com\\\/company\\\/scandbook-ab\\\/\"]}]}<\/script>\n<!-- \/ Yoast SEO Premium plugin. -->","yoast_head_json":{"title":"Falun \u2013 \u0160vedija - ScandBook","description":"Joachim Hagstr\u00f6m, Anna Johansson, Christina Birath, Lenita Helala, Johan Jansson","robots":{"index":"index","follow":"follow","max-snippet":"max-snippet:-1","max-image-preview":"max-image-preview:large","max-video-preview":"max-video-preview:-1"},"canonical":"https:\/\/www.scandbook.com\/lt\/kontaktai\/klientu-aptarnavimo-skyrius\/falun-svedija\/","og_locale":"lt_LT","og_type":"article","og_title":"Falun \u2013 \u0160vedija","og_description":"Joachim Hagstr\u00f6m, Anna Johansson, Christina Birath, Lenita Helala, Johan Jansson","og_url":"https:\/\/www.scandbook.com\/lt\/kontaktai\/klientu-aptarnavimo-skyrius\/falun-svedija\/","og_site_name":"ScandBook","article_publisher":"https:\/\/www.facebook.com\/profile.php?id=100063569394878&sk=about&locale=sv_SE","article_modified_time":"2025-02-26T08:34:53+00:00","og_image":[{"width":200,"height":200,"url":"https:\/\/www.scandbook.com\/wp-content\/uploads\/2024\/10\/scandbook-funding-climate-action-x.webp","type":"image\/webp"}],"twitter_card":"summary_large_image","twitter_misc":{"Est. reading time":"2 minut\u0117s"},"schema":{"@context":"https:\/\/schema.org","@graph":[{"@type":"WebPage","@id":"https:\/\/www.scandbook.com\/lt\/kontaktai\/klientu-aptarnavimo-skyrius\/falun-svedija\/","url":"https:\/\/www.scandbook.com\/lt\/kontaktai\/klientu-aptarnavimo-skyrius\/falun-svedija\/","name":"Falun \u2013 \u0160vedija - ScandBook","isPartOf":{"@id":"https:\/\/www.scandbook.com\/lt\/#website"},"primaryImageOfPage":{"@id":"https:\/\/www.scandbook.com\/lt\/kontaktai\/klientu-aptarnavimo-skyrius\/falun-svedija\/#primaryimage"},"image":{"@id":"https:\/\/www.scandbook.com\/lt\/kontaktai\/klientu-aptarnavimo-skyrius\/falun-svedija\/#primaryimage"},"thumbnailUrl":"https:\/\/www.scandbook.com\/wp-content\/uploads\/2024\/10\/scandbook-funding-climate-action-x.webp","datePublished":"2016-02-22T14:53:34+00:00","dateModified":"2025-02-26T08:34:53+00:00","description":"Joachim Hagstr\u00f6m, Anna Johansson, Christina Birath, Lenita Helala, Johan Jansson","breadcrumb":{"@id":"https:\/\/www.scandbook.com\/lt\/kontaktai\/klientu-aptarnavimo-skyrius\/falun-svedija\/#breadcrumb"},"inLanguage":"lt-LT","potentialAction":[{"@type":"ReadAction","target":["https:\/\/www.scandbook.com\/lt\/kontaktai\/klientu-aptarnavimo-skyrius\/falun-svedija\/"]}]},{"@type":"ImageObject","inLanguage":"lt-LT","@id":"https:\/\/www.scandbook.com\/lt\/kontaktai\/klientu-aptarnavimo-skyrius\/falun-svedija\/#primaryimage","url":"https:\/\/www.scandbook.com\/wp-content\/uploads\/2024\/10\/scandbook-funding-climate-action-x.webp","contentUrl":"https:\/\/www.scandbook.com\/wp-content\/uploads\/2024\/10\/scandbook-funding-climate-action-x.webp","width":200,"height":200},{"@type":"BreadcrumbList","@id":"https:\/\/www.scandbook.com\/lt\/kontaktai\/klientu-aptarnavimo-skyrius\/falun-svedija\/#breadcrumb","itemListElement":[{"@type":"ListItem","position":1,"name":"Home","item":"https:\/\/www.scandbook.com\/lt\/"},{"@type":"ListItem","position":2,"name":"Kontaktai","item":"https:\/\/www.scandbook.com\/lt\/kontaktai\/?lang=lt"},{"@type":"ListItem","position":3,"name":"Klient\u0173 aptarnavimo skyrius","item":"https:\/\/www.scandbook.com\/lt\/kontaktai\/klientu-aptarnavimo-skyrius\/"},{"@type":"ListItem","position":4,"name":"Falun \u2013 \u0160vedija"}]},{"@type":"WebSite","@id":"https:\/\/www.scandbook.com\/lt\/#website","url":"https:\/\/www.scandbook.com\/lt\/","name":"ScandBook","description":"Scandinavia&#039;s leading printing house","publisher":{"@id":"https:\/\/www.scandbook.com\/lt\/#organization"},"potentialAction":[{"@type":"SearchAction","target":{"@type":"EntryPoint","urlTemplate":"https:\/\/www.scandbook.com\/lt\/?s={search_term_string}"},"query-input":{"@type":"PropertyValueSpecification","valueRequired":true,"valueName":"search_term_string"}}],"inLanguage":"lt-LT"},{"@type":"Organization","@id":"https:\/\/www.scandbook.com\/lt\/#organization","name":"ScandBook","url":"https:\/\/www.scandbook.com\/lt\/","logo":{"@type":"ImageObject","inLanguage":"lt-LT","@id":"https:\/\/www.scandbook.com\/lt\/#\/schema\/logo\/image\/","url":"https:\/\/www.scandbook.com\/wp-content\/uploads\/2023\/05\/scandbook-funding-climate-action.webp","contentUrl":"https:\/\/www.scandbook.com\/wp-content\/uploads\/2023\/05\/scandbook-funding-climate-action.webp","width":256,"height":88,"caption":"ScandBook"},"image":{"@id":"https:\/\/www.scandbook.com\/lt\/#\/schema\/logo\/image\/"},"sameAs":["https:\/\/www.facebook.com\/profile.php?id=100063569394878&sk=about&locale=sv_SE","https:\/\/www.linkedin.com\/company\/scandbook-ab\/"]}]}},"_links":{"self":[{"href":"https:\/\/www.scandbook.com\/lt\/wp-json\/wp\/v2\/pages\/2367","targetHints":{"allow":["GET"]}}],"collection":[{"href":"https:\/\/www.scandbook.com\/lt\/wp-json\/wp\/v2\/pages"}],"about":[{"href":"https:\/\/www.scandbook.com\/lt\/wp-json\/wp\/v2\/types\/page"}],"author":[{"embeddable":true,"href":"https:\/\/www.scandbook.com\/lt\/wp-json\/wp\/v2\/users\/9"}],"replies":[{"embeddable":true,"href":"https:\/\/www.scandbook.com\/lt\/wp-json\/wp\/v2\/comments?post=2367"}],"version-history":[{"count":32,"href":"https:\/\/www.scandbook.com\/lt\/wp-json\/wp\/v2\/pages\/2367\/revisions"}],"predecessor-version":[{"id":14026,"href":"https:\/\/www.scandbook.com\/lt\/wp-json\/wp\/v2\/pages\/2367\/revisions\/14026"}],"up":[{"embeddable":true,"href":"https:\/\/www.scandbook.com\/lt\/wp-json\/wp\/v2\/pages\/2365"}],"wp:featuredmedia":[{"embeddable":true,"href":"https:\/\/www.scandbook.com\/lt\/wp-json\/wp\/v2\/media\/13752"}],"wp:attachment":[{"href":"https:\/\/www.scandbook.com\/lt\/wp-json\/wp\/v2\/media?parent=2367"}],"curies":[{"name":"wp","href":"https:\/\/api.w.org\/{rel}","templated":true}]}}