{"id":2134,"date":"2016-02-02T16:16:58","date_gmt":"2016-02-02T15:16:58","guid":{"rendered":"http:\/\/development.scandbook-internt.se\/ziniasklaida\/press-releases\/?lang=lt"},"modified":"2026-02-23T06:15:17","modified_gmt":"2026-02-23T05:15:17","slug":"pranesimai-spaudai","status":"publish","type":"page","link":"https:\/\/www.scandbook.com\/lt\/ziniasklaida\/pranesimai-spaudai\/","title":{"rendered":"Prane\u0161imai spaudai"},"content":{"rendered":"\n<div  class='avia-button-wrap av-av_button-16bc001b92835fd6a863780caf343dde-wrap avia-button-right '><a href='https:\/\/www.scandbook.com\/sv\/investerare\/finansiell-information\/rapporter\/prenumerera\/'  class='avia-button av-av_button-16bc001b92835fd6a863780caf343dde av-link-btn avia-icon_select-yes-right-icon avia-size-large avia-position-right av-icon-on-hover avia-color-theme-color'  title=\"Prenumerera\" aria-label=\"Prenumerera\"><span class='avia_iconbox_title' >Prenumerera <\/span><span class='avia_button_icon avia_button_icon_right avia-svg-icon avia-font-svg_entypo-fontello' data-av_svg_icon='mail' data-av_iconset='svg_entypo-fontello'><svg version=\"1.1\" xmlns=\"http:\/\/www.w3.org\/2000\/svg\" width=\"29\" height=\"32\" viewBox=\"0 0 29 32\" preserveAspectRatio=\"xMidYMid meet\" aria-labelledby='av-svg-title-1' aria-describedby='av-svg-desc-1' role=\"graphics-symbol\">\n<title id='av-svg-title-1'>Mail<\/title>\n<desc id='av-svg-desc-1'>Mail<\/desc>\n<path d=\"M0.96 8.448q-1.024-0.576-0.896-1.28 0.064-0.448 0.832-0.448h27.072q1.216 0 0.64 1.024-0.256 0.448-0.768 0.704-0.448 0.192-6.144 3.264t-5.824 3.136q-0.512 0.32-1.472 0.32-0.896 0-1.472-0.32-0.128-0.064-5.824-3.136t-6.144-3.264zM28.16 11.648q0.64-0.32 0.64 0.32v11.776q0 0.512-0.544 1.024t-1.056 0.512h-25.6q-0.512 0-1.056-0.512t-0.544-1.024v-11.776q0-0.64 0.64-0.32l12.288 6.4q0.576 0.32 1.472 0.32t1.472-0.32z\"><\/path>\n<\/svg><\/span><\/a><\/div>\n<section  class='av_textblock_section av-k8imj0td-5069e35267e1be19a41b1b9fd151ed11 '   itemscope=\"itemscope\" itemtype=\"https:\/\/schema.org\/CreativeWork\" ><div class='avia_textblock'  itemprop=\"text\" ><h1>Pressmeddelanden<\/h1>\n<div class=\"mfn-newsfeed\"><form method=\"GET\" id=\"mfn-filter-form\"><div class=\"mfn-filter-container\"><div class=\"mfn-newsfeed-category-selector\"><script>\n                    function filterByCategory(e)\n                    {\n                        var type = e.getAttribute(\"filtertype\");\n                        var instance_id = document.getElementById(\"instance_id\").value;\n                        var q = document.getElementById(\"current_category_query\").value;\n                        if (type === \"dropdown\") {\n                            var el = document.getElementById(\"mfn-category-filter-\"  + instance_id);\n                            if (e.value !== \"\") q += \"&m-tags=\" + e.value;\n                            el.value = document.getElementById(\"category_tag\").value;\n                        } else if (type === \"buttons\") {\n                            if (e.value !== \"\") q += \"&m-tags=\" + e.value;\n                        }\n                        window.location.href = q;\n                        return false;\n                    }\n                 <\/script>\n                 <label for=\"mfn-category-filter-1699017927\" class=\"mfn-category-label\">Category<\/label><select name=\"mfn-category-filter\" id=\"mfn-category-filter-1699017927\" class=\"mfn-category-filter\" filtertype=\"dropdown\" onchange=\"filterByCategory(this);\">  <option value=\"\" selected>All<\/option>  <option value=\"regulatory\" >Regulatory<\/option>  <option value=\"-regulatory\" >Non-Regulatory<\/option> <\/select>  <input type=\"hidden\" id=\"current_category_query\" value=\"?\" \/>  <input type=\"hidden\" id=\"category_tag\" value=\"\" \/><\/div><div class='mfn-newsfeed-year-selector'><script>\n                        function filterByYear(e)\n                        {                           \n                        var q = document.getElementById(\"current_year_query\").value;\n                        var instance_id = document.getElementById(\"instance_id\").value;\n                        var el = document.getElementById(\"mfn-year-filter-\"  + instance_id);\n                        if (e.value !== \"\") q += \"&m-year=\" + e.value;\n                            el.value = document.getElementById(\"current_year\").value;\n                            window.location.href = q;\n                            return false;\n                        }\n                     <\/script>\n                     <label for=\"mfn-year-filter-1699017927\" class=\"mfn-year-label\">Year<\/label><select name=\"mfn-year-filter\" id=\"mfn-year-filter-1699017927\" class=\"mfn-year-filter\" onchange=\"filterByYear(this);\"><option url=\"?\" value=\"\">All<\/option><option url=\"https:\/\/www.scandbook.com\/lt\/wp-json\/wp\/v2\/pages\/2134\/?m-year=2026\" value=\"2026\" >2026<\/option><option url=\"https:\/\/www.scandbook.com\/lt\/wp-json\/wp\/v2\/pages\/2134\/?m-year=2025\" value=\"2025\" >2025<\/option><option url=\"https:\/\/www.scandbook.com\/lt\/wp-json\/wp\/v2\/pages\/2134\/?m-year=2024\" value=\"2024\" >2024<\/option><option url=\"https:\/\/www.scandbook.com\/lt\/wp-json\/wp\/v2\/pages\/2134\/?m-year=2023\" value=\"2023\" >2023<\/option><option url=\"https:\/\/www.scandbook.com\/lt\/wp-json\/wp\/v2\/pages\/2134\/?m-year=2022\" value=\"2022\" >2022<\/option><option url=\"https:\/\/www.scandbook.com\/lt\/wp-json\/wp\/v2\/pages\/2134\/?m-year=2021\" value=\"2021\" >2021<\/option><option url=\"https:\/\/www.scandbook.com\/lt\/wp-json\/wp\/v2\/pages\/2134\/?m-year=2020\" value=\"2020\" >2020<\/option><option url=\"https:\/\/www.scandbook.com\/lt\/wp-json\/wp\/v2\/pages\/2134\/?m-year=2019\" value=\"2019\" >2019<\/option><option url=\"https:\/\/www.scandbook.com\/lt\/wp-json\/wp\/v2\/pages\/2134\/?m-year=2018\" value=\"2018\" >2018<\/option><option url=\"https:\/\/www.scandbook.com\/lt\/wp-json\/wp\/v2\/pages\/2134\/?m-year=2017\" value=\"2017\" >2017<\/option><option url=\"https:\/\/www.scandbook.com\/lt\/wp-json\/wp\/v2\/pages\/2134\/?m-year=2016\" value=\"2016\" >2016<\/option><option url=\"https:\/\/www.scandbook.com\/lt\/wp-json\/wp\/v2\/pages\/2134\/?m-year=2015\" value=\"2015\" >2015<\/option><option url=\"https:\/\/www.scandbook.com\/lt\/wp-json\/wp\/v2\/pages\/2134\/?m-year=2014\" value=\"2014\" >2014<\/option><option url=\"https:\/\/www.scandbook.com\/lt\/wp-json\/wp\/v2\/pages\/2134\/?m-year=2013\" value=\"2013\" >2013<\/option><option url=\"https:\/\/www.scandbook.com\/lt\/wp-json\/wp\/v2\/pages\/2134\/?m-year=2012\" value=\"2012\" >2012<\/option><option url=\"https:\/\/www.scandbook.com\/lt\/wp-json\/wp\/v2\/pages\/2134\/?m-year=2011\" value=\"2011\" >2011<\/option><option url=\"https:\/\/www.scandbook.com\/lt\/wp-json\/wp\/v2\/pages\/2134\/?m-year=2010\" value=\"2010\" >2010<\/option><\/select>  <input type=\"hidden\" id=\"current_year_query\" value=\"?\" \/>  <input type=\"hidden\" id=\"current_year\" value=\"\" \/><\/div><\/div>  <input type=\"hidden\" id=\"instance_id\" value=\"1699017927\" \/><\/form><div class=\"mfn-list\"><h4 class='mfn-feed-year-header' id='mfn-feed-year-header-2026'>2026<\/h4>\n            <div class='mfn-item'>\n                <div class='mfn-item-header'>\n                    <span class='mfn-date'>2026-04-29 07:30<\/span>\n                    <span class='mfn-title'>\n                        <a href='https:\/\/www.scandbook.com\/lt\/mfn_news\/kallelse-till-arsstamma-i-scandbook-holding-ab-inklusive-beslutsforslag-12\/'>Kallelse till \u00e5rsst\u00e4mma i ScandBook Holding AB inklusive beslutsf\u00f6rslag<\/a>\n                    <\/span>\n                    <span class='mfn-tags'>\n            <span class='mfn-tag mfn-tag-mfn-regulatory'>Regulatory<\/span>\n        <\/span>\n                <\/div>     \n        \n                <div class='mfn-item-body'>\n                    <div class='mfn-preview'>Aktie&auml;garna i ScandBook Holding AB (publ), org. nr. 556708-2911, kallas h&auml;rmed till &aring;rsst&auml;mma<\/div>\n                <\/div>\n            <\/div>        \n        \n            <div class='mfn-item'>\n                <div class='mfn-item-header'>\n                    <span class='mfn-date'>2026-04-01 10:00<\/span>\n                    <span class='mfn-title'>\n                        <a href='https:\/\/www.scandbook.com\/lt\/mfn_news\/forandring-av-vd-positionen-i-scandbook-ab\/'>F\u00f6r\u00e4ndring av VD-positionen i ScandBook AB<\/a>\n                    <\/span>\n                    <span class='mfn-tags'><\/span>\n                <\/div>     \n        \n                <div class='mfn-item-body'>\n                    <div class='mfn-preview'>Fr&aring;n och med 1 april 2026 tilltr&auml;der Anna Englund som verkst&auml;llande direkt&ouml;r (VD) f&ouml;r ScandBook AB och eftertr&auml;der d&auml;rmed Paulius Ju&scaron;ka i rollen<span class=\"mfn-ellipsis\">...<\/span><\/div>\n                <\/div>\n            <\/div>        \n        \n            <div class='mfn-item'>\n                <div class='mfn-item-header'>\n                    <span class='mfn-date'>2026-02-20 07:30<\/span>\n                    <span class='mfn-title'>\n                        <a href='https:\/\/www.scandbook.com\/lt\/mfn_news\/bokslutskommunike-2025\/'>Bokslutskommunik\u00e9 2025<\/a>\n                    <\/span>\n                    <span class='mfn-tags'>\n            <span class='mfn-tag mfn-tag-mfn-regulatory'>Regulatory<\/span>\n        \n            <span class='mfn-tag mfn-tag-mfn-regulatory-mar'>MAR<\/span>\n        <\/span>\n                <\/div>     \n        \n                <div class='mfn-item-body'>\n                    <div class='mfn-preview'>Del&aring;rsrapport f&ouml;r ScandBook Holding AB (publ) omfattar perioden 2025-01-01 &ndash; 2025-12-31<\/div>\n                <\/div>\n            <\/div>        \n        <h4 class='mfn-feed-year-header' id='mfn-feed-year-header-2025'>2025<\/h4>\n            <div class='mfn-item'>\n                <div class='mfn-item-header'>\n                    <span class='mfn-date'>2025-11-06 07:30<\/span>\n                    <span class='mfn-title'>\n                        <a href='https:\/\/www.scandbook.com\/lt\/mfn_news\/delarsrapport-tredje-kvartalet-2025\/'>Del\u00e5rsrapport tredje kvartalet 2025<\/a>\n                    <\/span>\n                    <span class='mfn-tags'>\n            <span class='mfn-tag mfn-tag-mfn-regulatory'>Regulatory<\/span>\n        \n            <span class='mfn-tag mfn-tag-mfn-regulatory-mar'>MAR<\/span>\n        <\/span>\n                <\/div>     \n        \n                <div class='mfn-item-body'>\n                    <div class='mfn-preview'>Del&aring;rsrapport f&ouml;r ScandBook Holding AB (publ) omfattar perioden 2025-07-01 &ndash; 2025-09-30 Tredje kvartalet 2025 i sammandrag Januari - september 2025<span class=\"mfn-ellipsis\">...<\/span><\/div>\n                <\/div>\n            <\/div>        \n        \n            <div class='mfn-item'>\n                <div class='mfn-item-header'>\n                    <span class='mfn-date'>2025-10-07 11:37<\/span>\n                    <span class='mfn-title'>\n                        <a href='https:\/\/www.scandbook.com\/lt\/mfn_news\/scandbook-gor-ytterligare-investeringar-i-digital-tryck-och-bokproduktionsteknologi\/'>ScandBook g\u00f6r ytterligare investeringar i digital tryck- och bokproduktionsteknologi.<\/a>\n                    <\/span>\n                    <span class='mfn-tags'><\/span>\n                <\/div>     \n        \n                <div class='mfn-item-body'>\n                    <div class='mfn-preview'>Den totala investeringen uppg&aring;r till 14,4 MSEK, varav 80 % finansieras av Swedbank genom ett fem&aring;rigt l&aring;n. Investeringen i en ny digitalmaskin i Klaip\u0117da<span class=\"mfn-ellipsis\">...<\/span><\/div>\n                <\/div>\n            <\/div>        \n        \n            <div class='mfn-item'>\n                <div class='mfn-item-header'>\n                    <span class='mfn-date'>2025-09-24 21:30<\/span>\n                    <span class='mfn-title'>\n                        <a href='https:\/\/www.scandbook.com\/lt\/mfn_news\/scandbook-forvarvar-norhaven-book-forstarker-sin-position-som-ledande-bokproducent-i-nordeuropa\/'>ScandBook f\u00f6rv\u00e4rvar N\u00f6rhaven Book \u2013 f\u00f6rst\u00e4rker sin position som ledande bokproducent i Nordeuropa<\/a>\n                    <\/span>\n                    <span class='mfn-tags'>\n            <span class='mfn-tag mfn-tag-mfn-regulatory'>Regulatory<\/span>\n        \n            <span class='mfn-tag mfn-tag-mfn-regulatory-mar'>MAR<\/span>\n        <\/span>\n                <\/div>     \n        \n                <div class='mfn-item-body'>\n                    <div class='mfn-preview'>                                                                                Falun, 24 september 2025. Pressmeddelande<span class=\"mfn-ellipsis\">...<\/span><\/div>\n                <\/div>\n            <\/div>        \n        \n            <div class='mfn-item'>\n                <div class='mfn-item-header'>\n                    <span class='mfn-date'>2025-09-02 16:00<\/span>\n                    <span class='mfn-title'>\n                        <a href='https:\/\/www.scandbook.com\/lt\/mfn_news\/scandbook-holding-ab-byter-certified-adviser-till-tapper-partners-ab\/'>ScandBook Holding AB byter Certified Adviser till Tapper Partners AB<\/a>\n                    <\/span>\n                    <span class='mfn-tags'>\n            <span class='mfn-tag mfn-tag-mfn-regulatory'>Regulatory<\/span>\n        <\/span>\n                <\/div>     \n        \n                <div class='mfn-item-body'>\n                    <div class='mfn-preview'>ScandBook Holding AB meddelar idag att bolaget byter Certified Adviser till Tapper Partners AB. ScandBook Holding AB har ing&aring;tt avtal med Tapper Partners<span class=\"mfn-ellipsis\">...<\/span><\/div>\n                <\/div>\n            <\/div>        \n        \n            <div class='mfn-item'>\n                <div class='mfn-item-header'>\n                    <span class='mfn-date'>2025-08-28 07:30<\/span>\n                    <span class='mfn-title'>\n                        <a href='https:\/\/www.scandbook.com\/lt\/mfn_news\/scandbook-delarsrapport-andra-kvartalet-2025\/'>ScandBook: Del\u00e5rsrapport andra kvartalet 2025<\/a>\n                    <\/span>\n                    <span class='mfn-tags'>\n            <span class='mfn-tag mfn-tag-mfn-regulatory'>Regulatory<\/span>\n        <\/span>\n                <\/div>     \n        \n                <div class='mfn-item-body'>\n                    <div class='mfn-preview'>Del&aring;rsrapport f&ouml;r ScandBook Holding AB (publ) omfattar perioden 2025-04-01 - 2025-06-30 Andra kvartalet 2025 i sammandrag F&ouml;rsta halv&aring;ret 2025 i sammandrag<span class=\"mfn-ellipsis\">...<\/span><\/div>\n                <\/div>\n            <\/div>        \n        \n            <div class='mfn-item'>\n                <div class='mfn-item-header'>\n                    <span class='mfn-date'>2025-05-26 16:30<\/span>\n                    <span class='mfn-title'>\n                        <a href='https:\/\/www.scandbook.com\/lt\/mfn_news\/scandbook-rapport-fran-arsstamman-2025\/'>ScandBook: Rapport fr\u00e5n \u00e5rsst\u00e4mman 2025<\/a>\n                    <\/span>\n                    <span class='mfn-tags'>\n            <span class='mfn-tag mfn-tag-mfn-regulatory'>Regulatory<\/span>\n        <\/span>\n                <\/div>     \n        \n                <div class='mfn-item-body'>\n                    <div class='mfn-preview'>Pressmeddelande den 26 maj 2025 St&auml;mman, som leddes av H&aring;vard Grjotheim, besl&ouml;t: Protokoll fr&aring;n st&auml;mman kommer att finnas tillg&auml;ngligt p&aring; bolagets<span class=\"mfn-ellipsis\">...<\/span><\/div>\n                <\/div>\n            <\/div>        \n        \n            <div class='mfn-item'>\n                <div class='mfn-item-header'>\n                    <span class='mfn-date'>2025-05-26 15:00<\/span>\n                    <span class='mfn-title'>\n                        <a href='https:\/\/www.scandbook.com\/lt\/mfn_news\/scandbook-delarsrapport-forsta-kvartalet-2025\/'>ScandBook: Del\u00e5rsrapport f\u00f6rsta kvartalet 2025<\/a>\n                    <\/span>\n                    <span class='mfn-tags'>\n            <span class='mfn-tag mfn-tag-mfn-regulatory'>Regulatory<\/span>\n        <\/span>\n                <\/div>     \n        \n                <div class='mfn-item-body'>\n                    <div class='mfn-preview'>Del&aring;rsrapport f&ouml;r ScandBook Holding AB (publ) omfattar perioden 2025-01-01 - 2025-03-31 F&ouml;rsta kvartalet 2025 i sammandrag F&ouml;r ytterligare information<span class=\"mfn-ellipsis\">...<\/span><\/div>\n                <\/div>\n            <\/div>        \n        <\/div><div class='mfn-newsfeed-pagination'><a href='https:\/\/www.scandbook.com\/lt\/wp-json\/wp\/v2\/pages\/2134\/?m-page=1' class='mfn-page-link mfn-page-link-next'>Next<\/a><\/div><\/div>\n<\/div><\/section>\n","protected":false},"excerpt":{"rendered":"","protected":false},"author":9,"featured_media":0,"parent":107,"menu_order":0,"comment_status":"closed","ping_status":"closed","template":"","meta":{"footnotes":""},"class_list":["post-2134","page","type-page","status-publish","hentry"],"yoast_head":"<!-- This site is optimized with the Yoast SEO Premium plugin v27.5 (Yoast SEO v27.5) - https:\/\/yoast.com\/product\/yoast-seo-premium-wordpress\/ -->\n<title>Prane\u0161imai spaudai - ScandBook<\/title>\n<meta name=\"robots\" content=\"index, follow, max-snippet:-1, max-image-preview:large, max-video-preview:-1\" \/>\n<link rel=\"canonical\" href=\"https:\/\/www.scandbook.com\/lt\/ziniasklaida\/pranesimai-spaudai\/\" \/>\n<meta property=\"og:locale\" content=\"lt_LT\" \/>\n<meta property=\"og:type\" content=\"article\" \/>\n<meta property=\"og:title\" content=\"Prane\u0161imai spaudai\" \/>\n<meta property=\"og:url\" content=\"https:\/\/www.scandbook.com\/lt\/ziniasklaida\/pranesimai-spaudai\/\" \/>\n<meta property=\"og:site_name\" content=\"ScandBook\" \/>\n<meta property=\"article:publisher\" content=\"https:\/\/www.facebook.com\/profile.php?id=100063569394878&amp;sk=about&amp;locale=sv_SE\" \/>\n<meta property=\"article:modified_time\" content=\"2026-02-23T05:15:17+00:00\" \/>\n<meta name=\"twitter:card\" content=\"summary_large_image\" \/>\n<meta name=\"twitter:label1\" content=\"Est. reading time\" \/>\n\t<meta name=\"twitter:data1\" content=\"3 minut\u0117s\" \/>\n<script type=\"application\/ld+json\" class=\"yoast-schema-graph\">{\"@context\":\"https:\\\/\\\/schema.org\",\"@graph\":[{\"@type\":\"WebPage\",\"@id\":\"https:\\\/\\\/www.scandbook.com\\\/lt\\\/ziniasklaida\\\/pranesimai-spaudai\\\/\",\"url\":\"https:\\\/\\\/www.scandbook.com\\\/lt\\\/ziniasklaida\\\/pranesimai-spaudai\\\/\",\"name\":\"Prane\u0161imai spaudai - ScandBook\",\"isPartOf\":{\"@id\":\"https:\\\/\\\/www.scandbook.com\\\/lt\\\/#website\"},\"datePublished\":\"2016-02-02T15:16:58+00:00\",\"dateModified\":\"2026-02-23T05:15:17+00:00\",\"breadcrumb\":{\"@id\":\"https:\\\/\\\/www.scandbook.com\\\/lt\\\/ziniasklaida\\\/pranesimai-spaudai\\\/#breadcrumb\"},\"inLanguage\":\"lt-LT\",\"potentialAction\":[{\"@type\":\"ReadAction\",\"target\":[\"https:\\\/\\\/www.scandbook.com\\\/lt\\\/ziniasklaida\\\/pranesimai-spaudai\\\/\"]}]},{\"@type\":\"BreadcrumbList\",\"@id\":\"https:\\\/\\\/www.scandbook.com\\\/lt\\\/ziniasklaida\\\/pranesimai-spaudai\\\/#breadcrumb\",\"itemListElement\":[{\"@type\":\"ListItem\",\"position\":1,\"name\":\"Home\",\"item\":\"https:\\\/\\\/www.scandbook.com\\\/lt\\\/\"},{\"@type\":\"ListItem\",\"position\":2,\"name\":\"\u017diniasklaida\",\"item\":\"https:\\\/\\\/www.scandbook.com\\\/lt\\\/ziniasklaida\\\/?lang=lt\"},{\"@type\":\"ListItem\",\"position\":3,\"name\":\"Prane\u0161imai spaudai\"}]},{\"@type\":\"WebSite\",\"@id\":\"https:\\\/\\\/www.scandbook.com\\\/lt\\\/#website\",\"url\":\"https:\\\/\\\/www.scandbook.com\\\/lt\\\/\",\"name\":\"ScandBook\",\"description\":\"Scandinavia&#039;s leading printing house\",\"publisher\":{\"@id\":\"https:\\\/\\\/www.scandbook.com\\\/lt\\\/#organization\"},\"potentialAction\":[{\"@type\":\"SearchAction\",\"target\":{\"@type\":\"EntryPoint\",\"urlTemplate\":\"https:\\\/\\\/www.scandbook.com\\\/lt\\\/?s={search_term_string}\"},\"query-input\":{\"@type\":\"PropertyValueSpecification\",\"valueRequired\":true,\"valueName\":\"search_term_string\"}}],\"inLanguage\":\"lt-LT\"},{\"@type\":\"Organization\",\"@id\":\"https:\\\/\\\/www.scandbook.com\\\/lt\\\/#organization\",\"name\":\"ScandBook\",\"url\":\"https:\\\/\\\/www.scandbook.com\\\/lt\\\/\",\"logo\":{\"@type\":\"ImageObject\",\"inLanguage\":\"lt-LT\",\"@id\":\"https:\\\/\\\/www.scandbook.com\\\/lt\\\/#\\\/schema\\\/logo\\\/image\\\/\",\"url\":\"https:\\\/\\\/www.scandbook.com\\\/wp-content\\\/uploads\\\/2023\\\/05\\\/scandbook-funding-climate-action.webp\",\"contentUrl\":\"https:\\\/\\\/www.scandbook.com\\\/wp-content\\\/uploads\\\/2023\\\/05\\\/scandbook-funding-climate-action.webp\",\"width\":256,\"height\":88,\"caption\":\"ScandBook\"},\"image\":{\"@id\":\"https:\\\/\\\/www.scandbook.com\\\/lt\\\/#\\\/schema\\\/logo\\\/image\\\/\"},\"sameAs\":[\"https:\\\/\\\/www.facebook.com\\\/profile.php?id=100063569394878&sk=about&locale=sv_SE\",\"https:\\\/\\\/www.linkedin.com\\\/company\\\/scandbook-ab\\\/\"]}]}<\/script>\n<!-- \/ Yoast SEO Premium plugin. -->","yoast_head_json":{"title":"Prane\u0161imai spaudai - ScandBook","robots":{"index":"index","follow":"follow","max-snippet":"max-snippet:-1","max-image-preview":"max-image-preview:large","max-video-preview":"max-video-preview:-1"},"canonical":"https:\/\/www.scandbook.com\/lt\/ziniasklaida\/pranesimai-spaudai\/","og_locale":"lt_LT","og_type":"article","og_title":"Prane\u0161imai spaudai","og_url":"https:\/\/www.scandbook.com\/lt\/ziniasklaida\/pranesimai-spaudai\/","og_site_name":"ScandBook","article_publisher":"https:\/\/www.facebook.com\/profile.php?id=100063569394878&sk=about&locale=sv_SE","article_modified_time":"2026-02-23T05:15:17+00:00","twitter_card":"summary_large_image","twitter_misc":{"Est. reading time":"3 minut\u0117s"},"schema":{"@context":"https:\/\/schema.org","@graph":[{"@type":"WebPage","@id":"https:\/\/www.scandbook.com\/lt\/ziniasklaida\/pranesimai-spaudai\/","url":"https:\/\/www.scandbook.com\/lt\/ziniasklaida\/pranesimai-spaudai\/","name":"Prane\u0161imai spaudai - ScandBook","isPartOf":{"@id":"https:\/\/www.scandbook.com\/lt\/#website"},"datePublished":"2016-02-02T15:16:58+00:00","dateModified":"2026-02-23T05:15:17+00:00","breadcrumb":{"@id":"https:\/\/www.scandbook.com\/lt\/ziniasklaida\/pranesimai-spaudai\/#breadcrumb"},"inLanguage":"lt-LT","potentialAction":[{"@type":"ReadAction","target":["https:\/\/www.scandbook.com\/lt\/ziniasklaida\/pranesimai-spaudai\/"]}]},{"@type":"BreadcrumbList","@id":"https:\/\/www.scandbook.com\/lt\/ziniasklaida\/pranesimai-spaudai\/#breadcrumb","itemListElement":[{"@type":"ListItem","position":1,"name":"Home","item":"https:\/\/www.scandbook.com\/lt\/"},{"@type":"ListItem","position":2,"name":"\u017diniasklaida","item":"https:\/\/www.scandbook.com\/lt\/ziniasklaida\/?lang=lt"},{"@type":"ListItem","position":3,"name":"Prane\u0161imai spaudai"}]},{"@type":"WebSite","@id":"https:\/\/www.scandbook.com\/lt\/#website","url":"https:\/\/www.scandbook.com\/lt\/","name":"ScandBook","description":"Scandinavia&#039;s leading printing house","publisher":{"@id":"https:\/\/www.scandbook.com\/lt\/#organization"},"potentialAction":[{"@type":"SearchAction","target":{"@type":"EntryPoint","urlTemplate":"https:\/\/www.scandbook.com\/lt\/?s={search_term_string}"},"query-input":{"@type":"PropertyValueSpecification","valueRequired":true,"valueName":"search_term_string"}}],"inLanguage":"lt-LT"},{"@type":"Organization","@id":"https:\/\/www.scandbook.com\/lt\/#organization","name":"ScandBook","url":"https:\/\/www.scandbook.com\/lt\/","logo":{"@type":"ImageObject","inLanguage":"lt-LT","@id":"https:\/\/www.scandbook.com\/lt\/#\/schema\/logo\/image\/","url":"https:\/\/www.scandbook.com\/wp-content\/uploads\/2023\/05\/scandbook-funding-climate-action.webp","contentUrl":"https:\/\/www.scandbook.com\/wp-content\/uploads\/2023\/05\/scandbook-funding-climate-action.webp","width":256,"height":88,"caption":"ScandBook"},"image":{"@id":"https:\/\/www.scandbook.com\/lt\/#\/schema\/logo\/image\/"},"sameAs":["https:\/\/www.facebook.com\/profile.php?id=100063569394878&sk=about&locale=sv_SE","https:\/\/www.linkedin.com\/company\/scandbook-ab\/"]}]}},"_links":{"self":[{"href":"https:\/\/www.scandbook.com\/lt\/wp-json\/wp\/v2\/pages\/2134","targetHints":{"allow":["GET"]}}],"collection":[{"href":"https:\/\/www.scandbook.com\/lt\/wp-json\/wp\/v2\/pages"}],"about":[{"href":"https:\/\/www.scandbook.com\/lt\/wp-json\/wp\/v2\/types\/page"}],"author":[{"embeddable":true,"href":"https:\/\/www.scandbook.com\/lt\/wp-json\/wp\/v2\/users\/9"}],"replies":[{"embeddable":true,"href":"https:\/\/www.scandbook.com\/lt\/wp-json\/wp\/v2\/comments?post=2134"}],"version-history":[{"count":3,"href":"https:\/\/www.scandbook.com\/lt\/wp-json\/wp\/v2\/pages\/2134\/revisions"}],"predecessor-version":[{"id":14804,"href":"https:\/\/www.scandbook.com\/lt\/wp-json\/wp\/v2\/pages\/2134\/revisions\/14804"}],"up":[{"embeddable":true,"href":"https:\/\/www.scandbook.com\/lt\/wp-json\/wp\/v2\/pages\/107"}],"wp:attachment":[{"href":"https:\/\/www.scandbook.com\/lt\/wp-json\/wp\/v2\/media?parent=2134"}],"curies":[{"name":"wp","href":"https:\/\/api.w.org\/{rel}","templated":true}]}}