{"id":2113,"date":"2015-11-13T09:41:58","date_gmt":"2015-11-13T08:41:58","guid":{"rendered":"http:\/\/development.scandbook-internt.se\/apie-mus\/business-details\/?lang=lt"},"modified":"2023-04-11T11:37:13","modified_gmt":"2023-04-11T10:37:13","slug":"istorija","status":"publish","type":"page","link":"https:\/\/www.scandbook.com\/lt\/apie-mus\/istorija\/","title":{"rendered":"Istorija"},"content":{"rendered":"\n\n<style type=\"text\/css\" data-created_by=\"avia_inline_auto\" id=\"style-css-av-lgc1hod5-098db591719693044b9669a8b7b5510e\">\n.avia-image-container.av-lgc1hod5-098db591719693044b9669a8b7b5510e img.avia_image{\nbox-shadow:none;\n}\n.avia-image-container.av-lgc1hod5-098db591719693044b9669a8b7b5510e .av-image-caption-overlay-center{\ncolor:#ffffff;\n}\n<\/style>\n<div  class='avia-image-container av-lgc1hod5-098db591719693044b9669a8b7b5510e av-styling- avia-align-center  avia-builder-el-1  el_after_av_codeblock  el_before_av_image '   itemprop=\"image\" itemscope=\"itemscope\" itemtype=\"https:\/\/schema.org\/ImageObject\" ><div class=\"avia-image-container-inner\"><div class=\"avia-image-overlay-wrap\"><img decoding=\"async\" fetchpriority=\"high\" class='wp-image-11172 avia-img-lazy-loading-not-11172 avia_image ' src=\"https:\/\/www.scandbook.com\/wp-content\/uploads\/2023\/04\/history-top-1.webp\" alt='' title='history-top'  height=\"379\" width=\"1024\"  itemprop=\"thumbnailUrl\" srcset=\"https:\/\/www.scandbook.com\/wp-content\/uploads\/2023\/04\/history-top-1.webp 1024w, https:\/\/www.scandbook.com\/wp-content\/uploads\/2023\/04\/history-top-1-300x111.webp 300w, https:\/\/www.scandbook.com\/wp-content\/uploads\/2023\/04\/history-top-1-768x284.webp 768w, https:\/\/www.scandbook.com\/wp-content\/uploads\/2023\/04\/history-top-1-705x261.webp 705w\" sizes=\"(max-width: 1024px) 100vw, 1024px\" \/><\/div><\/div><\/div>\n\n\n<style type=\"text\/css\" data-created_by=\"avia_inline_auto\" id=\"style-css-av-av_one_full-9497bbf8bff73ea4c6992cc17fa9ec36\">\n.flex_column.av-av_one_full-9497bbf8bff73ea4c6992cc17fa9ec36{\nborder-radius:0px 0px 0px 0px;\npadding:0px 0px 0px 0px;\n}\n<\/style>\n<div  class='flex_column av-av_one_full-9497bbf8bff73ea4c6992cc17fa9ec36 av_one_full  avia-builder-el-3  el_after_av_image  avia-builder-el-last  first flex_column_div av-zero-column-padding  '     ><section  class='av_textblock_section av-lewlk80f-12bb89653d143c83166234cf9c2b03d1 '   itemscope=\"itemscope\" itemtype=\"https:\/\/schema.org\/CreativeWork\" ><div class='avia_textblock'  itemprop=\"text\" ><h2>ScandBook, a young company with old origins.<\/h2>\n<p><a href=\"https:\/\/www.scandbook.com\/wp-content\/uploads\/2023\/04\/history-02.webp\"><img loading=\"lazy\" decoding=\"async\" class=\"alignright size-medium wp-image-11141\" src=\"https:\/\/www.scandbook.com\/wp-content\/uploads\/2023\/04\/history-02-206x300.webp\" alt=\"\" width=\"206\" height=\"300\" srcset=\"https:\/\/www.scandbook.com\/wp-content\/uploads\/2023\/04\/history-02-206x300.webp 206w, https:\/\/www.scandbook.com\/wp-content\/uploads\/2023\/04\/history-02-485x705.webp 485w, https:\/\/www.scandbook.com\/wp-content\/uploads\/2023\/04\/history-02.webp 512w\" sizes=\"auto, (max-width: 206px) 100vw, 206px\" \/><\/a>ScandBook&#8217;s history stretches back to 1911.<\/p>\n<p>Wahlstr\u00f6ms Bokf\u00f6rlag was founded in 1911 by book publisher Birger Wahlstr\u00f6m and it was the book publisher that in 1918 expanded and started both printing and bookbinding.<\/p>\n<p>ScandBooks\u2019 next milestone came forty years later, in 1958. Wahlstr\u00f6ms Bokf\u00f6rlag separated the production part, which was taken over by B. Wahlstr\u00f6ms Bokindustri AB.<\/p>\n<p>The business grew and gradually the premises became too cramped. The company&#8217;s premises were scattered in many places in Stockholm and the transport was very time-consuming. In 1967, the company was moved to Falun. The fact that it became Falun was due to the fact that, from a transport point of view, the city was at a suitable distance from Stockholm. It was also felt that the city had good service to offer the company and the employees.<\/p>\n<p>In 1982 reorganization was done and B. Wahlstr\u00f6ms Bokindustri AB became a subsidiary of J. A. Lindblads Bokf\u00f6rlag AB and changed its name to ScandBook AB. The intention was that ScandBook would go out on the market and take printing assignments also from others in Wahlstr\u00f6ms Bokf\u00f6rlag.<\/p>\n<p>In 1987, Wahlstr\u00f6ms sold ScandBook to Aktietrykkeriet in Trondheim. In 1990, Aktietrykkeriet bought back the company and then continued to run it until 2002 when the Danish printing group N\u00e9rhaven took over the company.<\/p>\n<p><a href=\"https:\/\/www.scandbook.com\/wp-content\/uploads\/2023\/04\/history-03.webp\"><img loading=\"lazy\" decoding=\"async\" class=\"alignright size-square wp-image-11160\" src=\"https:\/\/www.scandbook.com\/wp-content\/uploads\/2023\/04\/history-03-180x180.webp\" alt=\"\" width=\"180\" height=\"180\" srcset=\"https:\/\/www.scandbook.com\/wp-content\/uploads\/2023\/04\/history-03-180x180.webp 180w, https:\/\/www.scandbook.com\/wp-content\/uploads\/2023\/04\/history-03-80x80.webp 80w, https:\/\/www.scandbook.com\/wp-content\/uploads\/2023\/04\/history-03-36x36.webp 36w\" sizes=\"auto, (max-width: 180px) 100vw, 180px\" \/><\/a>In December 2002, ScandBook bought its colleague in Smedjebacken and since then books have been produced in factories both in Falun and in Smedjebacken.<\/p>\n<p>In October 2006, the company changed owners again. The new and current owners are a venture capital company with site in Stockholm, Accent Equity partner, and some employees with senior positions in the company.<\/p>\n<p>In autumn of 2009, ScandBook starts its new Pocket factory in Falun and expands the business with a new business area.<\/p>\n<p>In 2015 Scandbook merged with Print IT in Klaipeda, Lithuania. Since then both factories in Falun and Klaipeda are running successfully with new history being written every day.<\/p>\n<h2><span class=\"HwtZe\" lang=\"lt\"><span class=\"jCAhz ChMk0b\"><span class=\"ryNqvb\">\u00a0<\/span><\/span><\/span><\/h2>\n<\/div><\/section><\/div>\n","protected":false},"excerpt":{"rendered":"","protected":false},"author":9,"featured_media":0,"parent":135,"menu_order":14,"comment_status":"closed","ping_status":"closed","template":"","meta":{"footnotes":""},"class_list":["post-2113","page","type-page","status-publish","hentry"],"yoast_head":"<!-- This site is optimized with the Yoast SEO Premium plugin v27.5 (Yoast SEO v27.5) - https:\/\/yoast.com\/product\/yoast-seo-premium-wordpress\/ -->\n<title>Istorija - ScandBook<\/title>\n<meta name=\"description\" content=\"ScandBook, a young company with old origins.ScandBook&#039;s history stretches back to 1911.\" \/>\n<meta name=\"robots\" content=\"index, follow, max-snippet:-1, max-image-preview:large, max-video-preview:-1\" \/>\n<link rel=\"canonical\" href=\"https:\/\/www.scandbook.com\/lt\/apie-mus\/istorija\/\" \/>\n<meta property=\"og:locale\" content=\"lt_LT\" \/>\n<meta property=\"og:type\" content=\"article\" \/>\n<meta property=\"og:title\" content=\"Istorija\" \/>\n<meta property=\"og:description\" content=\"ScandBook, a young company with old origins.ScandBook&#039;s history stretches back to 1911.\" \/>\n<meta property=\"og:url\" content=\"https:\/\/www.scandbook.com\/lt\/apie-mus\/istorija\/\" \/>\n<meta property=\"og:site_name\" content=\"ScandBook\" \/>\n<meta property=\"article:publisher\" content=\"https:\/\/www.facebook.com\/profile.php?id=100063569394878&amp;sk=about&amp;locale=sv_SE\" \/>\n<meta property=\"article:modified_time\" content=\"2023-04-11T10:37:13+00:00\" \/>\n<meta property=\"og:image\" content=\"https:\/\/www.scandbook.com\/wp-content\/uploads\/2023\/04\/history-02-206x300.webp\" \/>\n<meta name=\"twitter:card\" content=\"summary_large_image\" \/>\n<meta name=\"twitter:label1\" content=\"Est. reading time\" \/>\n\t<meta name=\"twitter:data1\" content=\"3 minut\u0117s\" \/>\n<script type=\"application\/ld+json\" class=\"yoast-schema-graph\">{\"@context\":\"https:\\\/\\\/schema.org\",\"@graph\":[{\"@type\":\"WebPage\",\"@id\":\"https:\\\/\\\/www.scandbook.com\\\/lt\\\/apie-mus\\\/istorija\\\/\",\"url\":\"https:\\\/\\\/www.scandbook.com\\\/lt\\\/apie-mus\\\/istorija\\\/\",\"name\":\"Istorija - ScandBook\",\"isPartOf\":{\"@id\":\"https:\\\/\\\/www.scandbook.com\\\/lt\\\/#website\"},\"primaryImageOfPage\":{\"@id\":\"https:\\\/\\\/www.scandbook.com\\\/lt\\\/apie-mus\\\/istorija\\\/#primaryimage\"},\"image\":{\"@id\":\"https:\\\/\\\/www.scandbook.com\\\/lt\\\/apie-mus\\\/istorija\\\/#primaryimage\"},\"thumbnailUrl\":\"https:\\\/\\\/www.scandbook.com\\\/wp-content\\\/uploads\\\/2023\\\/04\\\/history-02-206x300.webp\",\"datePublished\":\"2015-11-13T08:41:58+00:00\",\"dateModified\":\"2023-04-11T10:37:13+00:00\",\"description\":\"ScandBook, a young company with old origins.ScandBook's history stretches back to 1911.\",\"breadcrumb\":{\"@id\":\"https:\\\/\\\/www.scandbook.com\\\/lt\\\/apie-mus\\\/istorija\\\/#breadcrumb\"},\"inLanguage\":\"lt-LT\",\"potentialAction\":[{\"@type\":\"ReadAction\",\"target\":[\"https:\\\/\\\/www.scandbook.com\\\/lt\\\/apie-mus\\\/istorija\\\/\"]}]},{\"@type\":\"ImageObject\",\"inLanguage\":\"lt-LT\",\"@id\":\"https:\\\/\\\/www.scandbook.com\\\/lt\\\/apie-mus\\\/istorija\\\/#primaryimage\",\"url\":\"https:\\\/\\\/www.scandbook.com\\\/wp-content\\\/uploads\\\/2023\\\/04\\\/history-02-206x300.webp\",\"contentUrl\":\"https:\\\/\\\/www.scandbook.com\\\/wp-content\\\/uploads\\\/2023\\\/04\\\/history-02-206x300.webp\"},{\"@type\":\"BreadcrumbList\",\"@id\":\"https:\\\/\\\/www.scandbook.com\\\/lt\\\/apie-mus\\\/istorija\\\/#breadcrumb\",\"itemListElement\":[{\"@type\":\"ListItem\",\"position\":1,\"name\":\"Home\",\"item\":\"https:\\\/\\\/www.scandbook.com\\\/lt\\\/\"},{\"@type\":\"ListItem\",\"position\":2,\"name\":\"Apie mus\",\"item\":\"https:\\\/\\\/www.scandbook.com\\\/lt\\\/apie-mus\\\/?lang=lt\"},{\"@type\":\"ListItem\",\"position\":3,\"name\":\"Istorija\"}]},{\"@type\":\"WebSite\",\"@id\":\"https:\\\/\\\/www.scandbook.com\\\/lt\\\/#website\",\"url\":\"https:\\\/\\\/www.scandbook.com\\\/lt\\\/\",\"name\":\"ScandBook\",\"description\":\"Scandinavia&#039;s leading printing house\",\"publisher\":{\"@id\":\"https:\\\/\\\/www.scandbook.com\\\/lt\\\/#organization\"},\"potentialAction\":[{\"@type\":\"SearchAction\",\"target\":{\"@type\":\"EntryPoint\",\"urlTemplate\":\"https:\\\/\\\/www.scandbook.com\\\/lt\\\/?s={search_term_string}\"},\"query-input\":{\"@type\":\"PropertyValueSpecification\",\"valueRequired\":true,\"valueName\":\"search_term_string\"}}],\"inLanguage\":\"lt-LT\"},{\"@type\":\"Organization\",\"@id\":\"https:\\\/\\\/www.scandbook.com\\\/lt\\\/#organization\",\"name\":\"ScandBook\",\"url\":\"https:\\\/\\\/www.scandbook.com\\\/lt\\\/\",\"logo\":{\"@type\":\"ImageObject\",\"inLanguage\":\"lt-LT\",\"@id\":\"https:\\\/\\\/www.scandbook.com\\\/lt\\\/#\\\/schema\\\/logo\\\/image\\\/\",\"url\":\"https:\\\/\\\/www.scandbook.com\\\/wp-content\\\/uploads\\\/2023\\\/05\\\/scandbook-funding-climate-action.webp\",\"contentUrl\":\"https:\\\/\\\/www.scandbook.com\\\/wp-content\\\/uploads\\\/2023\\\/05\\\/scandbook-funding-climate-action.webp\",\"width\":256,\"height\":88,\"caption\":\"ScandBook\"},\"image\":{\"@id\":\"https:\\\/\\\/www.scandbook.com\\\/lt\\\/#\\\/schema\\\/logo\\\/image\\\/\"},\"sameAs\":[\"https:\\\/\\\/www.facebook.com\\\/profile.php?id=100063569394878&sk=about&locale=sv_SE\",\"https:\\\/\\\/www.linkedin.com\\\/company\\\/scandbook-ab\\\/\"]}]}<\/script>\n<!-- \/ Yoast SEO Premium plugin. -->","yoast_head_json":{"title":"Istorija - ScandBook","description":"ScandBook, a young company with old origins.ScandBook's history stretches back to 1911.","robots":{"index":"index","follow":"follow","max-snippet":"max-snippet:-1","max-image-preview":"max-image-preview:large","max-video-preview":"max-video-preview:-1"},"canonical":"https:\/\/www.scandbook.com\/lt\/apie-mus\/istorija\/","og_locale":"lt_LT","og_type":"article","og_title":"Istorija","og_description":"ScandBook, a young company with old origins.ScandBook's history stretches back to 1911.","og_url":"https:\/\/www.scandbook.com\/lt\/apie-mus\/istorija\/","og_site_name":"ScandBook","article_publisher":"https:\/\/www.facebook.com\/profile.php?id=100063569394878&sk=about&locale=sv_SE","article_modified_time":"2023-04-11T10:37:13+00:00","og_image":[{"url":"https:\/\/www.scandbook.com\/wp-content\/uploads\/2023\/04\/history-02-206x300.webp","type":"","width":"","height":""}],"twitter_card":"summary_large_image","twitter_misc":{"Est. reading time":"3 minut\u0117s"},"schema":{"@context":"https:\/\/schema.org","@graph":[{"@type":"WebPage","@id":"https:\/\/www.scandbook.com\/lt\/apie-mus\/istorija\/","url":"https:\/\/www.scandbook.com\/lt\/apie-mus\/istorija\/","name":"Istorija - ScandBook","isPartOf":{"@id":"https:\/\/www.scandbook.com\/lt\/#website"},"primaryImageOfPage":{"@id":"https:\/\/www.scandbook.com\/lt\/apie-mus\/istorija\/#primaryimage"},"image":{"@id":"https:\/\/www.scandbook.com\/lt\/apie-mus\/istorija\/#primaryimage"},"thumbnailUrl":"https:\/\/www.scandbook.com\/wp-content\/uploads\/2023\/04\/history-02-206x300.webp","datePublished":"2015-11-13T08:41:58+00:00","dateModified":"2023-04-11T10:37:13+00:00","description":"ScandBook, a young company with old origins.ScandBook's history stretches back to 1911.","breadcrumb":{"@id":"https:\/\/www.scandbook.com\/lt\/apie-mus\/istorija\/#breadcrumb"},"inLanguage":"lt-LT","potentialAction":[{"@type":"ReadAction","target":["https:\/\/www.scandbook.com\/lt\/apie-mus\/istorija\/"]}]},{"@type":"ImageObject","inLanguage":"lt-LT","@id":"https:\/\/www.scandbook.com\/lt\/apie-mus\/istorija\/#primaryimage","url":"https:\/\/www.scandbook.com\/wp-content\/uploads\/2023\/04\/history-02-206x300.webp","contentUrl":"https:\/\/www.scandbook.com\/wp-content\/uploads\/2023\/04\/history-02-206x300.webp"},{"@type":"BreadcrumbList","@id":"https:\/\/www.scandbook.com\/lt\/apie-mus\/istorija\/#breadcrumb","itemListElement":[{"@type":"ListItem","position":1,"name":"Home","item":"https:\/\/www.scandbook.com\/lt\/"},{"@type":"ListItem","position":2,"name":"Apie mus","item":"https:\/\/www.scandbook.com\/lt\/apie-mus\/?lang=lt"},{"@type":"ListItem","position":3,"name":"Istorija"}]},{"@type":"WebSite","@id":"https:\/\/www.scandbook.com\/lt\/#website","url":"https:\/\/www.scandbook.com\/lt\/","name":"ScandBook","description":"Scandinavia&#039;s leading printing house","publisher":{"@id":"https:\/\/www.scandbook.com\/lt\/#organization"},"potentialAction":[{"@type":"SearchAction","target":{"@type":"EntryPoint","urlTemplate":"https:\/\/www.scandbook.com\/lt\/?s={search_term_string}"},"query-input":{"@type":"PropertyValueSpecification","valueRequired":true,"valueName":"search_term_string"}}],"inLanguage":"lt-LT"},{"@type":"Organization","@id":"https:\/\/www.scandbook.com\/lt\/#organization","name":"ScandBook","url":"https:\/\/www.scandbook.com\/lt\/","logo":{"@type":"ImageObject","inLanguage":"lt-LT","@id":"https:\/\/www.scandbook.com\/lt\/#\/schema\/logo\/image\/","url":"https:\/\/www.scandbook.com\/wp-content\/uploads\/2023\/05\/scandbook-funding-climate-action.webp","contentUrl":"https:\/\/www.scandbook.com\/wp-content\/uploads\/2023\/05\/scandbook-funding-climate-action.webp","width":256,"height":88,"caption":"ScandBook"},"image":{"@id":"https:\/\/www.scandbook.com\/lt\/#\/schema\/logo\/image\/"},"sameAs":["https:\/\/www.facebook.com\/profile.php?id=100063569394878&sk=about&locale=sv_SE","https:\/\/www.linkedin.com\/company\/scandbook-ab\/"]}]}},"_links":{"self":[{"href":"https:\/\/www.scandbook.com\/lt\/wp-json\/wp\/v2\/pages\/2113","targetHints":{"allow":["GET"]}}],"collection":[{"href":"https:\/\/www.scandbook.com\/lt\/wp-json\/wp\/v2\/pages"}],"about":[{"href":"https:\/\/www.scandbook.com\/lt\/wp-json\/wp\/v2\/types\/page"}],"author":[{"embeddable":true,"href":"https:\/\/www.scandbook.com\/lt\/wp-json\/wp\/v2\/users\/9"}],"replies":[{"embeddable":true,"href":"https:\/\/www.scandbook.com\/lt\/wp-json\/wp\/v2\/comments?post=2113"}],"version-history":[{"count":10,"href":"https:\/\/www.scandbook.com\/lt\/wp-json\/wp\/v2\/pages\/2113\/revisions"}],"predecessor-version":[{"id":11179,"href":"https:\/\/www.scandbook.com\/lt\/wp-json\/wp\/v2\/pages\/2113\/revisions\/11179"}],"up":[{"embeddable":true,"href":"https:\/\/www.scandbook.com\/lt\/wp-json\/wp\/v2\/pages\/135"}],"wp:attachment":[{"href":"https:\/\/www.scandbook.com\/lt\/wp-json\/wp\/v2\/media?parent=2113"}],"curies":[{"name":"wp","href":"https:\/\/api.w.org\/{rel}","templated":true}]}}