{"id":2102,"date":"2016-01-22T14:40:51","date_gmt":"2016-01-22T13:40:51","guid":{"rendered":"http:\/\/development.scandbook-internt.se\/produktai-ir-paslaugos\/prepress\/klaipeda-lithuania\/?lang=lt"},"modified":"2026-04-01T08:25:04","modified_gmt":"2026-04-01T07:25:04","slug":"klaipeda-lietuva","status":"publish","type":"page","link":"https:\/\/www.scandbook.com\/lt\/produktai-ir-paslaugos\/paruosimas-spaudai\/klaipeda-lietuva\/","title":{"rendered":"Klaip\u0117da, Lietuva"},"content":{"rendered":"\n\n<style type=\"text\/css\" data-created_by=\"avia_inline_auto\" id=\"style-css-av-bkcgye-02cc142362274c84713e17cb3658b087\">\n.flex_column.av-bkcgye-02cc142362274c84713e17cb3658b087{\nborder-radius:0px 0px 0px 0px;\npadding:0px 0px 0px 0px;\n}\n<\/style>\n<div  class='flex_column av-bkcgye-02cc142362274c84713e17cb3658b087 av_one_full  avia-builder-el-1  el_after_av_codeblock  avia-builder-el-last  first flex_column_div av-zero-column-padding  '     ><section  class='av_textblock_section av-ksk8ri27-9c1b6920e602aaac28ed0df9b398ca08 '   itemscope=\"itemscope\" itemtype=\"https:\/\/schema.org\/CreativeWork\" ><div class='avia_textblock'  itemprop=\"text\" ><h2>Repro\u00a0Klaip\u0117da, Lietuva<\/h2>\n<p>M\u016bs\u0173 repro specialistai pad\u0117s Jums paruo\u0161ti failus spaudai. Prie\u0161 pateikdami mums savo darbus, maloniai pra\u0161ome perskaityti technini\u0173 reikalavim\u0173 s\u0105lygas.<\/p>\n<p><strong>Spaudos form\u0173 gamyba<\/strong><\/p>\n<p>Spaudos form\u0173 gamybai m\u016bs\u0173 spaustuv\u0117 naudoja Kodak \u012frang\u0105. Vienu metu dirba Kodak Magnus VLF ir Magnus 800 \u012frengimai, kurie yra valdomi su Kodak Prinergy sistema.<\/p>\n<p><strong>Spaudos fail\u0173 formatai<\/strong><\/p>\n<p>Nors \u012fprastai priimame PDF\/X-4 standarto spaudos failus, ta\u010diau m\u016bs\u0173 programin\u0117 \u012franga leid\u017eia dirbti ir su auk\u0161tesn\u0117s nei 1.6 versijos PDF failais.<br \/>\nSpalvos esan\u010dios RGB spalv\u0173 erdv\u0117je bus automati\u0161kai pervestos \u012f CMYK spalv\u0173 erdv\u0119, naudojant FOGRA39 arba FOGRA47 charakterizacijas priklausomai nuo spaudos popieriaus tipo.<\/p>\n<p><strong>Bandominiai atspaudai<\/strong><\/p>\n<p>M\u016bs\u0173 visi auk\u0161tos kokyb\u0117s bandominiai atspaudai atitinka ISO 12647-2 ofsetin\u0117s spaudos standart\u0105. J\u0173 gamybai naudojame Kodak KPS arba Efi Fiery XF programin\u0119 \u012frang\u0105 bei Epson Stylus Pro 9800 arba Epson Stylus Pro 7900 ra\u0161alinius spausdintuvus.<\/p>\n<p><a href=\"https:\/\/www.scandbook.com\/wp-content\/uploads\/2023\/09\/Cover-template-uab.pdf\" target=\"_blank\" rel=\"noopener\"> \u00bb Principal schema for paperback book cover (PDF) <\/a><\/p>\n<p><a href=\"https:\/\/www.scandbook.com\/wp-content\/uploads\/2022\/10\/ScandBook-Prepress-Spec-UAB-221017.pdf\" target=\"_blank\" rel=\"noopener\">\u00bb Prepress Specification (PDF)<\/a><\/p>\n<p><a href=\"https:\/\/www.scandbook.com\/wp-content\/uploads\/2016\/01\/Spine-width-list.pdf\" target=\"_blank\" rel=\"noopener\">\u00bb Spine width (mm) list (PDF)<\/a><\/p>\n<\/div><\/section><br \/>\n\n<style type=\"text\/css\" data-created_by=\"avia_inline_auto\" id=\"style-css-av-lfv1zjuz-ea755eb6307cbb97a2522b7f40c2b699\">\n#top .hr.hr-invisible.av-lfv1zjuz-ea755eb6307cbb97a2522b7f40c2b699{\nheight:50px;\n}\n<\/style>\n<div  class='hr av-lfv1zjuz-ea755eb6307cbb97a2522b7f40c2b699 hr-invisible  avia-builder-el-3  el_after_av_textblock  el_before_av_buttonrow '><span class='hr-inner '><span class=\"hr-inner-style\"><\/span><\/span><\/div><br \/>\n<div  class='avia-buttonrow-wrap av-lfv1x50a-7389ce98e41d533ed3fa9a23ba968d86 avia-buttonrow-center  avia-builder-el-4  el_after_av_hr  avia-builder-el-last '>\n\n<style type=\"text\/css\" data-created_by=\"avia_inline_auto\" id=\"style-css-av-lfv1x2i9-ac18c281e229d1cba35935a8618417db\">\n#top #wrap_all .avia-button.av-lfv1x2i9-ac18c281e229d1cba35935a8618417db{\nmargin-bottom:5px;\nmargin-right:3px;\nmargin-left:3px;\n}\n<\/style>\n<a href='https:\/\/calc.scandbook.lt'  class='avia-button av-lfv1x2i9-ac18c281e229d1cba35935a8618417db avia-icon_select-yes-right-icon avia-size-large av-icon-on-hover avia-color-theme-color'  target=\"_blank\"  rel=\"noopener noreferrer\"  aria-label=\"Hard cover book calculator\"><span class='avia_iconbox_title' >Hard cover book calculator<\/span><span class='avia_button_icon avia_button_icon_right avia-iconfont avia-font-entypo-fontello' data-av_icon='\ue879' data-av_iconfont='entypo-fontello' ><\/span><\/a>\n\n<style type=\"text\/css\" data-created_by=\"avia_inline_auto\" id=\"style-css-av-lfv1ym92-8aadf6d279294c2a3d4b6704fa1f937e\">\n#top #wrap_all .avia-button.av-lfv1ym92-8aadf6d279294c2a3d4b6704fa1f937e{\nmargin-bottom:5px;\nmargin-right:3px;\nmargin-left:3px;\n}\n<\/style>\n<a href='https:\/\/www.scandbook.com\/forms\/upload.html'  class='avia-button av-lfv1ym92-8aadf6d279294c2a3d4b6704fa1f937e avia-icon_select-yes-right-icon avia-size-large av-icon-on-hover avia-color-theme-color'  target=\"_blank\"  rel=\"noopener noreferrer\"  aria-label=\"Si\u0173sti failus\"><span class='avia_iconbox_title' >Si\u0173sti failus<\/span><span class='avia_button_icon avia_button_icon_right avia-iconfont avia-font-entypo-fontello' data-av_icon='\ue879' data-av_iconfont='entypo-fontello' ><\/span><\/a>\n<\/div><\/p><\/div>\n","protected":false},"excerpt":{"rendered":"","protected":false},"author":9,"featured_media":0,"parent":91,"menu_order":0,"comment_status":"closed","ping_status":"closed","template":"","meta":{"footnotes":""},"class_list":["post-2102","page","type-page","status-publish","hentry"],"yoast_head":"<!-- This site is optimized with the Yoast SEO Premium plugin v27.5 (Yoast SEO v27.5) - https:\/\/yoast.com\/product\/yoast-seo-premium-wordpress\/ -->\n<title>Klaip\u0117da, Lietuva - ScandBook<\/title>\n<meta name=\"robots\" content=\"index, follow, max-snippet:-1, max-image-preview:large, max-video-preview:-1\" \/>\n<link rel=\"canonical\" href=\"https:\/\/www.scandbook.com\/lt\/produktai-ir-paslaugos\/paruosimas-spaudai\/klaipeda-lietuva\/\" \/>\n<meta property=\"og:locale\" content=\"lt_LT\" \/>\n<meta property=\"og:type\" content=\"article\" \/>\n<meta property=\"og:title\" content=\"Klaip\u0117da, Lietuva\" \/>\n<meta property=\"og:url\" content=\"https:\/\/www.scandbook.com\/lt\/produktai-ir-paslaugos\/paruosimas-spaudai\/klaipeda-lietuva\/\" \/>\n<meta property=\"og:site_name\" content=\"ScandBook\" \/>\n<meta property=\"article:publisher\" content=\"https:\/\/www.facebook.com\/profile.php?id=100063569394878&amp;sk=about&amp;locale=sv_SE\" \/>\n<meta property=\"article:modified_time\" content=\"2026-04-01T07:25:04+00:00\" \/>\n<meta name=\"twitter:card\" content=\"summary_large_image\" \/>\n<meta name=\"twitter:label1\" content=\"Est. reading time\" \/>\n\t<meta name=\"twitter:data1\" content=\"1 minut\u0117\" \/>\n<script type=\"application\/ld+json\" class=\"yoast-schema-graph\">{\"@context\":\"https:\\\/\\\/schema.org\",\"@graph\":[{\"@type\":\"WebPage\",\"@id\":\"https:\\\/\\\/www.scandbook.com\\\/lt\\\/produktai-ir-paslaugos\\\/paruosimas-spaudai\\\/klaipeda-lietuva\\\/\",\"url\":\"https:\\\/\\\/www.scandbook.com\\\/lt\\\/produktai-ir-paslaugos\\\/paruosimas-spaudai\\\/klaipeda-lietuva\\\/\",\"name\":\"Klaip\u0117da, Lietuva - ScandBook\",\"isPartOf\":{\"@id\":\"https:\\\/\\\/www.scandbook.com\\\/lt\\\/#website\"},\"datePublished\":\"2016-01-22T13:40:51+00:00\",\"dateModified\":\"2026-04-01T07:25:04+00:00\",\"breadcrumb\":{\"@id\":\"https:\\\/\\\/www.scandbook.com\\\/lt\\\/produktai-ir-paslaugos\\\/paruosimas-spaudai\\\/klaipeda-lietuva\\\/#breadcrumb\"},\"inLanguage\":\"lt-LT\",\"potentialAction\":[{\"@type\":\"ReadAction\",\"target\":[\"https:\\\/\\\/www.scandbook.com\\\/lt\\\/produktai-ir-paslaugos\\\/paruosimas-spaudai\\\/klaipeda-lietuva\\\/\"]}]},{\"@type\":\"BreadcrumbList\",\"@id\":\"https:\\\/\\\/www.scandbook.com\\\/lt\\\/produktai-ir-paslaugos\\\/paruosimas-spaudai\\\/klaipeda-lietuva\\\/#breadcrumb\",\"itemListElement\":[{\"@type\":\"ListItem\",\"position\":1,\"name\":\"Home\",\"item\":\"https:\\\/\\\/www.scandbook.com\\\/lt\\\/\"},{\"@type\":\"ListItem\",\"position\":2,\"name\":\"Produktai ir paslaugos\",\"item\":\"https:\\\/\\\/www.scandbook.com\\\/lt\\\/produktai-ir-paslaugos\\\/?lang=lt\"},{\"@type\":\"ListItem\",\"position\":3,\"name\":\"Paruo\u0161imas spaudai\",\"item\":\"https:\\\/\\\/www.scandbook.com\\\/lt\\\/produktai-ir-paslaugos\\\/paruosimas-spaudai\\\/?lang=lt\"},{\"@type\":\"ListItem\",\"position\":4,\"name\":\"Klaip\u0117da, Lietuva\"}]},{\"@type\":\"WebSite\",\"@id\":\"https:\\\/\\\/www.scandbook.com\\\/lt\\\/#website\",\"url\":\"https:\\\/\\\/www.scandbook.com\\\/lt\\\/\",\"name\":\"ScandBook\",\"description\":\"Scandinavia&#039;s leading printing house\",\"publisher\":{\"@id\":\"https:\\\/\\\/www.scandbook.com\\\/lt\\\/#organization\"},\"potentialAction\":[{\"@type\":\"SearchAction\",\"target\":{\"@type\":\"EntryPoint\",\"urlTemplate\":\"https:\\\/\\\/www.scandbook.com\\\/lt\\\/?s={search_term_string}\"},\"query-input\":{\"@type\":\"PropertyValueSpecification\",\"valueRequired\":true,\"valueName\":\"search_term_string\"}}],\"inLanguage\":\"lt-LT\"},{\"@type\":\"Organization\",\"@id\":\"https:\\\/\\\/www.scandbook.com\\\/lt\\\/#organization\",\"name\":\"ScandBook\",\"url\":\"https:\\\/\\\/www.scandbook.com\\\/lt\\\/\",\"logo\":{\"@type\":\"ImageObject\",\"inLanguage\":\"lt-LT\",\"@id\":\"https:\\\/\\\/www.scandbook.com\\\/lt\\\/#\\\/schema\\\/logo\\\/image\\\/\",\"url\":\"https:\\\/\\\/www.scandbook.com\\\/wp-content\\\/uploads\\\/2023\\\/05\\\/scandbook-funding-climate-action.webp\",\"contentUrl\":\"https:\\\/\\\/www.scandbook.com\\\/wp-content\\\/uploads\\\/2023\\\/05\\\/scandbook-funding-climate-action.webp\",\"width\":256,\"height\":88,\"caption\":\"ScandBook\"},\"image\":{\"@id\":\"https:\\\/\\\/www.scandbook.com\\\/lt\\\/#\\\/schema\\\/logo\\\/image\\\/\"},\"sameAs\":[\"https:\\\/\\\/www.facebook.com\\\/profile.php?id=100063569394878&sk=about&locale=sv_SE\",\"https:\\\/\\\/www.linkedin.com\\\/company\\\/scandbook-ab\\\/\"]}]}<\/script>\n<!-- \/ Yoast SEO Premium plugin. -->","yoast_head_json":{"title":"Klaip\u0117da, Lietuva - ScandBook","robots":{"index":"index","follow":"follow","max-snippet":"max-snippet:-1","max-image-preview":"max-image-preview:large","max-video-preview":"max-video-preview:-1"},"canonical":"https:\/\/www.scandbook.com\/lt\/produktai-ir-paslaugos\/paruosimas-spaudai\/klaipeda-lietuva\/","og_locale":"lt_LT","og_type":"article","og_title":"Klaip\u0117da, Lietuva","og_url":"https:\/\/www.scandbook.com\/lt\/produktai-ir-paslaugos\/paruosimas-spaudai\/klaipeda-lietuva\/","og_site_name":"ScandBook","article_publisher":"https:\/\/www.facebook.com\/profile.php?id=100063569394878&sk=about&locale=sv_SE","article_modified_time":"2026-04-01T07:25:04+00:00","twitter_card":"summary_large_image","twitter_misc":{"Est. reading time":"1 minut\u0117"},"schema":{"@context":"https:\/\/schema.org","@graph":[{"@type":"WebPage","@id":"https:\/\/www.scandbook.com\/lt\/produktai-ir-paslaugos\/paruosimas-spaudai\/klaipeda-lietuva\/","url":"https:\/\/www.scandbook.com\/lt\/produktai-ir-paslaugos\/paruosimas-spaudai\/klaipeda-lietuva\/","name":"Klaip\u0117da, Lietuva - ScandBook","isPartOf":{"@id":"https:\/\/www.scandbook.com\/lt\/#website"},"datePublished":"2016-01-22T13:40:51+00:00","dateModified":"2026-04-01T07:25:04+00:00","breadcrumb":{"@id":"https:\/\/www.scandbook.com\/lt\/produktai-ir-paslaugos\/paruosimas-spaudai\/klaipeda-lietuva\/#breadcrumb"},"inLanguage":"lt-LT","potentialAction":[{"@type":"ReadAction","target":["https:\/\/www.scandbook.com\/lt\/produktai-ir-paslaugos\/paruosimas-spaudai\/klaipeda-lietuva\/"]}]},{"@type":"BreadcrumbList","@id":"https:\/\/www.scandbook.com\/lt\/produktai-ir-paslaugos\/paruosimas-spaudai\/klaipeda-lietuva\/#breadcrumb","itemListElement":[{"@type":"ListItem","position":1,"name":"Home","item":"https:\/\/www.scandbook.com\/lt\/"},{"@type":"ListItem","position":2,"name":"Produktai ir paslaugos","item":"https:\/\/www.scandbook.com\/lt\/produktai-ir-paslaugos\/?lang=lt"},{"@type":"ListItem","position":3,"name":"Paruo\u0161imas spaudai","item":"https:\/\/www.scandbook.com\/lt\/produktai-ir-paslaugos\/paruosimas-spaudai\/?lang=lt"},{"@type":"ListItem","position":4,"name":"Klaip\u0117da, Lietuva"}]},{"@type":"WebSite","@id":"https:\/\/www.scandbook.com\/lt\/#website","url":"https:\/\/www.scandbook.com\/lt\/","name":"ScandBook","description":"Scandinavia&#039;s leading printing house","publisher":{"@id":"https:\/\/www.scandbook.com\/lt\/#organization"},"potentialAction":[{"@type":"SearchAction","target":{"@type":"EntryPoint","urlTemplate":"https:\/\/www.scandbook.com\/lt\/?s={search_term_string}"},"query-input":{"@type":"PropertyValueSpecification","valueRequired":true,"valueName":"search_term_string"}}],"inLanguage":"lt-LT"},{"@type":"Organization","@id":"https:\/\/www.scandbook.com\/lt\/#organization","name":"ScandBook","url":"https:\/\/www.scandbook.com\/lt\/","logo":{"@type":"ImageObject","inLanguage":"lt-LT","@id":"https:\/\/www.scandbook.com\/lt\/#\/schema\/logo\/image\/","url":"https:\/\/www.scandbook.com\/wp-content\/uploads\/2023\/05\/scandbook-funding-climate-action.webp","contentUrl":"https:\/\/www.scandbook.com\/wp-content\/uploads\/2023\/05\/scandbook-funding-climate-action.webp","width":256,"height":88,"caption":"ScandBook"},"image":{"@id":"https:\/\/www.scandbook.com\/lt\/#\/schema\/logo\/image\/"},"sameAs":["https:\/\/www.facebook.com\/profile.php?id=100063569394878&sk=about&locale=sv_SE","https:\/\/www.linkedin.com\/company\/scandbook-ab\/"]}]}},"_links":{"self":[{"href":"https:\/\/www.scandbook.com\/lt\/wp-json\/wp\/v2\/pages\/2102","targetHints":{"allow":["GET"]}}],"collection":[{"href":"https:\/\/www.scandbook.com\/lt\/wp-json\/wp\/v2\/pages"}],"about":[{"href":"https:\/\/www.scandbook.com\/lt\/wp-json\/wp\/v2\/types\/page"}],"author":[{"embeddable":true,"href":"https:\/\/www.scandbook.com\/lt\/wp-json\/wp\/v2\/users\/9"}],"replies":[{"embeddable":true,"href":"https:\/\/www.scandbook.com\/lt\/wp-json\/wp\/v2\/comments?post=2102"}],"version-history":[{"count":15,"href":"https:\/\/www.scandbook.com\/lt\/wp-json\/wp\/v2\/pages\/2102\/revisions"}],"predecessor-version":[{"id":14842,"href":"https:\/\/www.scandbook.com\/lt\/wp-json\/wp\/v2\/pages\/2102\/revisions\/14842"}],"up":[{"embeddable":true,"href":"https:\/\/www.scandbook.com\/lt\/wp-json\/wp\/v2\/pages\/91"}],"wp:attachment":[{"href":"https:\/\/www.scandbook.com\/lt\/wp-json\/wp\/v2\/media?parent=2102"}],"curies":[{"name":"wp","href":"https:\/\/api.w.org\/{rel}","templated":true}]}}