{"id":2101,"date":"2015-12-01T13:55:37","date_gmt":"2015-12-01T12:55:37","guid":{"rendered":"http:\/\/development.scandbook-internt.se\/produktai-ir-paslaugos\/prepress\/falun\/?lang=lt"},"modified":"2024-01-30T09:54:18","modified_gmt":"2024-01-30T08:54:18","slug":"falun-svedija","status":"publish","type":"page","link":"https:\/\/www.scandbook.com\/lt\/produktai-ir-paslaugos\/paruosimas-spaudai\/falun-svedija\/","title":{"rendered":"Falun, \u0160vedija"},"content":{"rendered":"\n\n<style type=\"text\/css\" data-created_by=\"avia_inline_auto\" id=\"style-css-av-776bp-42fefbb8f194730a761973d3f82c1fa1\">\n.flex_column.av-776bp-42fefbb8f194730a761973d3f82c1fa1{\nborder-radius:0px 0px 0px 0px;\npadding:0px 0px 0px 0px;\n}\n<\/style>\n<div  class='flex_column av-776bp-42fefbb8f194730a761973d3f82c1fa1 av_one_full  avia-builder-el-1  el_after_av_codeblock  avia-builder-el-last  first flex_column_div av-zero-column-padding  '     ><section  class='av_textblock_section av-jsa3vztz-f359fe3b4e3a97a5235322c59a41a630 '   itemscope=\"itemscope\" itemtype=\"https:\/\/schema.org\/CreativeWork\" ><div class='avia_textblock'  itemprop=\"text\" ><h2>Repro\u00a0Falun, \u0160vedija<\/h2>\n<h3>Kaip sukurti skaitmenin\u0119 laikmen\u0105\u00a0PDF<\/h3>\n<p>Spustel\u0117kite nuorod\u0105 nor\u0117dami atsisi\u0173sti\u00a0<a href=\"https:\/\/www.scandbook.com\/wp-content\/uploads\/2024\/01\/Instruction-2024-01-23.zip\"> ScandBook repro\u00a0specifikacij\u0105 (EN ZIP)<\/a><\/p>\n<\/div><\/section><\/div>\n","protected":false},"excerpt":{"rendered":"","protected":false},"author":9,"featured_media":0,"parent":91,"menu_order":0,"comment_status":"closed","ping_status":"closed","template":"","meta":{"footnotes":""},"class_list":["post-2101","page","type-page","status-publish","hentry"],"yoast_head":"<!-- This site is optimized with the Yoast SEO Premium plugin v27.5 (Yoast SEO v27.5) - https:\/\/yoast.com\/product\/yoast-seo-premium-wordpress\/ -->\n<title>Falun, \u0160vedija - ScandBook<\/title>\n<meta name=\"robots\" content=\"index, follow, max-snippet:-1, max-image-preview:large, max-video-preview:-1\" \/>\n<link rel=\"canonical\" href=\"https:\/\/www.scandbook.com\/lt\/produktai-ir-paslaugos\/paruosimas-spaudai\/falun-svedija\/\" \/>\n<meta property=\"og:locale\" content=\"lt_LT\" \/>\n<meta property=\"og:type\" content=\"article\" \/>\n<meta property=\"og:title\" content=\"Falun, \u0160vedija\" \/>\n<meta property=\"og:url\" content=\"https:\/\/www.scandbook.com\/lt\/produktai-ir-paslaugos\/paruosimas-spaudai\/falun-svedija\/\" \/>\n<meta property=\"og:site_name\" content=\"ScandBook\" \/>\n<meta property=\"article:publisher\" content=\"https:\/\/www.facebook.com\/profile.php?id=100063569394878&amp;sk=about&amp;locale=sv_SE\" \/>\n<meta property=\"article:modified_time\" content=\"2024-01-30T08:54:18+00:00\" \/>\n<meta name=\"twitter:card\" content=\"summary_large_image\" \/>\n<meta name=\"twitter:label1\" content=\"Est. reading time\" \/>\n\t<meta name=\"twitter:data1\" content=\"1 minut\u0117\" \/>\n<script type=\"application\/ld+json\" class=\"yoast-schema-graph\">{\"@context\":\"https:\\\/\\\/schema.org\",\"@graph\":[{\"@type\":\"WebPage\",\"@id\":\"https:\\\/\\\/www.scandbook.com\\\/lt\\\/produktai-ir-paslaugos\\\/paruosimas-spaudai\\\/falun-svedija\\\/\",\"url\":\"https:\\\/\\\/www.scandbook.com\\\/lt\\\/produktai-ir-paslaugos\\\/paruosimas-spaudai\\\/falun-svedija\\\/\",\"name\":\"Falun, \u0160vedija - ScandBook\",\"isPartOf\":{\"@id\":\"https:\\\/\\\/www.scandbook.com\\\/lt\\\/#website\"},\"datePublished\":\"2015-12-01T12:55:37+00:00\",\"dateModified\":\"2024-01-30T08:54:18+00:00\",\"breadcrumb\":{\"@id\":\"https:\\\/\\\/www.scandbook.com\\\/lt\\\/produktai-ir-paslaugos\\\/paruosimas-spaudai\\\/falun-svedija\\\/#breadcrumb\"},\"inLanguage\":\"lt-LT\",\"potentialAction\":[{\"@type\":\"ReadAction\",\"target\":[\"https:\\\/\\\/www.scandbook.com\\\/lt\\\/produktai-ir-paslaugos\\\/paruosimas-spaudai\\\/falun-svedija\\\/\"]}]},{\"@type\":\"BreadcrumbList\",\"@id\":\"https:\\\/\\\/www.scandbook.com\\\/lt\\\/produktai-ir-paslaugos\\\/paruosimas-spaudai\\\/falun-svedija\\\/#breadcrumb\",\"itemListElement\":[{\"@type\":\"ListItem\",\"position\":1,\"name\":\"Home\",\"item\":\"https:\\\/\\\/www.scandbook.com\\\/lt\\\/\"},{\"@type\":\"ListItem\",\"position\":2,\"name\":\"Produktai ir paslaugos\",\"item\":\"https:\\\/\\\/www.scandbook.com\\\/lt\\\/produktai-ir-paslaugos\\\/?lang=lt\"},{\"@type\":\"ListItem\",\"position\":3,\"name\":\"Paruo\u0161imas spaudai\",\"item\":\"https:\\\/\\\/www.scandbook.com\\\/lt\\\/produktai-ir-paslaugos\\\/paruosimas-spaudai\\\/?lang=lt\"},{\"@type\":\"ListItem\",\"position\":4,\"name\":\"Falun, \u0160vedija\"}]},{\"@type\":\"WebSite\",\"@id\":\"https:\\\/\\\/www.scandbook.com\\\/lt\\\/#website\",\"url\":\"https:\\\/\\\/www.scandbook.com\\\/lt\\\/\",\"name\":\"ScandBook\",\"description\":\"Scandinavia&#039;s leading printing house\",\"publisher\":{\"@id\":\"https:\\\/\\\/www.scandbook.com\\\/lt\\\/#organization\"},\"potentialAction\":[{\"@type\":\"SearchAction\",\"target\":{\"@type\":\"EntryPoint\",\"urlTemplate\":\"https:\\\/\\\/www.scandbook.com\\\/lt\\\/?s={search_term_string}\"},\"query-input\":{\"@type\":\"PropertyValueSpecification\",\"valueRequired\":true,\"valueName\":\"search_term_string\"}}],\"inLanguage\":\"lt-LT\"},{\"@type\":\"Organization\",\"@id\":\"https:\\\/\\\/www.scandbook.com\\\/lt\\\/#organization\",\"name\":\"ScandBook\",\"url\":\"https:\\\/\\\/www.scandbook.com\\\/lt\\\/\",\"logo\":{\"@type\":\"ImageObject\",\"inLanguage\":\"lt-LT\",\"@id\":\"https:\\\/\\\/www.scandbook.com\\\/lt\\\/#\\\/schema\\\/logo\\\/image\\\/\",\"url\":\"https:\\\/\\\/www.scandbook.com\\\/wp-content\\\/uploads\\\/2023\\\/05\\\/scandbook-funding-climate-action.webp\",\"contentUrl\":\"https:\\\/\\\/www.scandbook.com\\\/wp-content\\\/uploads\\\/2023\\\/05\\\/scandbook-funding-climate-action.webp\",\"width\":256,\"height\":88,\"caption\":\"ScandBook\"},\"image\":{\"@id\":\"https:\\\/\\\/www.scandbook.com\\\/lt\\\/#\\\/schema\\\/logo\\\/image\\\/\"},\"sameAs\":[\"https:\\\/\\\/www.facebook.com\\\/profile.php?id=100063569394878&sk=about&locale=sv_SE\",\"https:\\\/\\\/www.linkedin.com\\\/company\\\/scandbook-ab\\\/\"]}]}<\/script>\n<!-- \/ Yoast SEO Premium plugin. -->","yoast_head_json":{"title":"Falun, \u0160vedija - ScandBook","robots":{"index":"index","follow":"follow","max-snippet":"max-snippet:-1","max-image-preview":"max-image-preview:large","max-video-preview":"max-video-preview:-1"},"canonical":"https:\/\/www.scandbook.com\/lt\/produktai-ir-paslaugos\/paruosimas-spaudai\/falun-svedija\/","og_locale":"lt_LT","og_type":"article","og_title":"Falun, \u0160vedija","og_url":"https:\/\/www.scandbook.com\/lt\/produktai-ir-paslaugos\/paruosimas-spaudai\/falun-svedija\/","og_site_name":"ScandBook","article_publisher":"https:\/\/www.facebook.com\/profile.php?id=100063569394878&sk=about&locale=sv_SE","article_modified_time":"2024-01-30T08:54:18+00:00","twitter_card":"summary_large_image","twitter_misc":{"Est. reading time":"1 minut\u0117"},"schema":{"@context":"https:\/\/schema.org","@graph":[{"@type":"WebPage","@id":"https:\/\/www.scandbook.com\/lt\/produktai-ir-paslaugos\/paruosimas-spaudai\/falun-svedija\/","url":"https:\/\/www.scandbook.com\/lt\/produktai-ir-paslaugos\/paruosimas-spaudai\/falun-svedija\/","name":"Falun, \u0160vedija - ScandBook","isPartOf":{"@id":"https:\/\/www.scandbook.com\/lt\/#website"},"datePublished":"2015-12-01T12:55:37+00:00","dateModified":"2024-01-30T08:54:18+00:00","breadcrumb":{"@id":"https:\/\/www.scandbook.com\/lt\/produktai-ir-paslaugos\/paruosimas-spaudai\/falun-svedija\/#breadcrumb"},"inLanguage":"lt-LT","potentialAction":[{"@type":"ReadAction","target":["https:\/\/www.scandbook.com\/lt\/produktai-ir-paslaugos\/paruosimas-spaudai\/falun-svedija\/"]}]},{"@type":"BreadcrumbList","@id":"https:\/\/www.scandbook.com\/lt\/produktai-ir-paslaugos\/paruosimas-spaudai\/falun-svedija\/#breadcrumb","itemListElement":[{"@type":"ListItem","position":1,"name":"Home","item":"https:\/\/www.scandbook.com\/lt\/"},{"@type":"ListItem","position":2,"name":"Produktai ir paslaugos","item":"https:\/\/www.scandbook.com\/lt\/produktai-ir-paslaugos\/?lang=lt"},{"@type":"ListItem","position":3,"name":"Paruo\u0161imas spaudai","item":"https:\/\/www.scandbook.com\/lt\/produktai-ir-paslaugos\/paruosimas-spaudai\/?lang=lt"},{"@type":"ListItem","position":4,"name":"Falun, \u0160vedija"}]},{"@type":"WebSite","@id":"https:\/\/www.scandbook.com\/lt\/#website","url":"https:\/\/www.scandbook.com\/lt\/","name":"ScandBook","description":"Scandinavia&#039;s leading printing house","publisher":{"@id":"https:\/\/www.scandbook.com\/lt\/#organization"},"potentialAction":[{"@type":"SearchAction","target":{"@type":"EntryPoint","urlTemplate":"https:\/\/www.scandbook.com\/lt\/?s={search_term_string}"},"query-input":{"@type":"PropertyValueSpecification","valueRequired":true,"valueName":"search_term_string"}}],"inLanguage":"lt-LT"},{"@type":"Organization","@id":"https:\/\/www.scandbook.com\/lt\/#organization","name":"ScandBook","url":"https:\/\/www.scandbook.com\/lt\/","logo":{"@type":"ImageObject","inLanguage":"lt-LT","@id":"https:\/\/www.scandbook.com\/lt\/#\/schema\/logo\/image\/","url":"https:\/\/www.scandbook.com\/wp-content\/uploads\/2023\/05\/scandbook-funding-climate-action.webp","contentUrl":"https:\/\/www.scandbook.com\/wp-content\/uploads\/2023\/05\/scandbook-funding-climate-action.webp","width":256,"height":88,"caption":"ScandBook"},"image":{"@id":"https:\/\/www.scandbook.com\/lt\/#\/schema\/logo\/image\/"},"sameAs":["https:\/\/www.facebook.com\/profile.php?id=100063569394878&sk=about&locale=sv_SE","https:\/\/www.linkedin.com\/company\/scandbook-ab\/"]}]}},"_links":{"self":[{"href":"https:\/\/www.scandbook.com\/lt\/wp-json\/wp\/v2\/pages\/2101","targetHints":{"allow":["GET"]}}],"collection":[{"href":"https:\/\/www.scandbook.com\/lt\/wp-json\/wp\/v2\/pages"}],"about":[{"href":"https:\/\/www.scandbook.com\/lt\/wp-json\/wp\/v2\/types\/page"}],"author":[{"embeddable":true,"href":"https:\/\/www.scandbook.com\/lt\/wp-json\/wp\/v2\/users\/9"}],"replies":[{"embeddable":true,"href":"https:\/\/www.scandbook.com\/lt\/wp-json\/wp\/v2\/comments?post=2101"}],"version-history":[{"count":13,"href":"https:\/\/www.scandbook.com\/lt\/wp-json\/wp\/v2\/pages\/2101\/revisions"}],"predecessor-version":[{"id":12106,"href":"https:\/\/www.scandbook.com\/lt\/wp-json\/wp\/v2\/pages\/2101\/revisions\/12106"}],"up":[{"embeddable":true,"href":"https:\/\/www.scandbook.com\/lt\/wp-json\/wp\/v2\/pages\/91"}],"wp:attachment":[{"href":"https:\/\/www.scandbook.com\/lt\/wp-json\/wp\/v2\/media?parent=2101"}],"curies":[{"name":"wp","href":"https:\/\/api.w.org\/{rel}","templated":true}]}}