{"id":2089,"date":"2016-01-22T10:19:23","date_gmt":"2016-01-22T09:19:23","guid":{"rendered":"http:\/\/development.scandbook-internt.se\/produktai-ir-paslaugos\/produktai\/cover-effects-and-extras\/?lang=lt"},"modified":"2023-03-08T11:43:21","modified_gmt":"2023-03-08T10:43:21","slug":"virselio-apdirbimas-ir-pakavimas","status":"publish","type":"page","link":"https:\/\/www.scandbook.com\/lt\/produktai-ir-paslaugos\/produktai\/virselio-apdirbimas-ir-pakavimas\/","title":{"rendered":"Vir\u0161elio apdirbimas ir pakavimas"},"content":{"rendered":"\n\n<style type=\"text\/css\" data-created_by=\"avia_inline_auto\" id=\"style-css-av-av_one_full-9497bbf8bff73ea4c6992cc17fa9ec36\">\n.flex_column.av-av_one_full-9497bbf8bff73ea4c6992cc17fa9ec36{\nborder-radius:0px 0px 0px 0px;\npadding:0px 0px 0px 0px;\n}\n<\/style>\n<div  class='flex_column av-av_one_full-9497bbf8bff73ea4c6992cc17fa9ec36 av_one_full  avia-builder-el-1  el_after_av_codeblock  el_before_av_one_full  first flex_column_div av-zero-column-padding  '     ><section  class='av_textblock_section av-lezjxobu-f3ae926cdedd2af2d16fa688516fa9eb '   itemscope=\"itemscope\" itemtype=\"https:\/\/schema.org\/CreativeWork\" ><div class='avia_textblock'  itemprop=\"text\" ><p><img loading=\"lazy\" decoding=\"async\" class=\"aligncenter wp-image-1948 size-entry_with_sidebar\" src=\"https:\/\/www.scandbook.com\/wp-content\/uploads\/2016\/01\/effects-845x321.jpg\" alt=\"effects\" width=\"845\" height=\"321\" \/><\/p>\n<\/div><\/section><\/div>\n<style type=\"text\/css\" data-created_by=\"avia_inline_auto\" id=\"style-css-av-av_one_full-9497bbf8bff73ea4c6992cc17fa9ec36\">\n.flex_column.av-av_one_full-9497bbf8bff73ea4c6992cc17fa9ec36{\nborder-radius:0px 0px 0px 0px;\npadding:0px 0px 0px 0px;\n}\n<\/style>\n<div  class='flex_column av-av_one_full-9497bbf8bff73ea4c6992cc17fa9ec36 av_one_full  avia-builder-el-3  el_after_av_one_full  avia-builder-el-last  first flex_column_div av-zero-column-padding  column-top-margin'     ><section  class='av_textblock_section av-av_textblock-0366cc7376be6c9e82a3e9cc8987b64f '   itemscope=\"itemscope\" itemtype=\"https:\/\/schema.org\/CreativeWork\" ><div class='avia_textblock'  itemprop=\"text\" ><h2>Vir\u0161elio apdirbimai ir\u00a0pakavimas<\/h2>\n<p>Galite pasirinkti \u012fvair\u0173 vir\u0161elio apdirbim\u0105:<\/p>\n<div class=\"avia_textblock avia_textblock_style\" data-update_with=\"content\">\n<ul>\n<li>Matinis lakas<\/li>\n<li>Blizgus lakas<\/li>\n<li>Blizgus laminatas<\/li>\n<li>Matinis laminatas<\/li>\n<li>&#8222;Soft touch&#8221; laminatas<\/li>\n<li>Dalinis lakas<\/li>\n<li>Reljefinis lakas<\/li>\n<li>Kongrevas<\/li>\n<li>\u012evairi\u0173 r\u016b\u0161i\u0173 folija<\/li>\n<li>Vir\u0161eliais su atvartais<\/li>\n<li>Galimos \u012fvairios kombinacijos<\/li>\n<\/ul>\n<p><strong>Visi vir\u0161elio apdirbimai atliekami patyrusio personalo, dirban\u010dio m\u016bs\u0173 spaustuv\u0117se!<\/strong><\/p>\n<\/div>\n<p>Mes taip pat plastikuojame ir strapeksuojame:<\/p>\n<ul>\n<li>Atskiras knygas<\/li>\n<li>Po kelias knygas<\/li>\n<\/ul>\n<\/div><\/section><\/div><\/p>\n","protected":false},"excerpt":{"rendered":"","protected":false},"author":9,"featured_media":0,"parent":64,"menu_order":11,"comment_status":"closed","ping_status":"closed","template":"","meta":{"footnotes":""},"class_list":["post-2089","page","type-page","status-publish","hentry"],"yoast_head":"<!-- This site is optimized with the Yoast SEO Premium plugin v27.5 (Yoast SEO v27.5) - https:\/\/yoast.com\/product\/yoast-seo-premium-wordpress\/ -->\n<title>Vir\u0161elio apdirbimas ir pakavimas - ScandBook<\/title>\n<meta name=\"robots\" content=\"index, follow, max-snippet:-1, max-image-preview:large, max-video-preview:-1\" \/>\n<link rel=\"canonical\" href=\"https:\/\/www.scandbook.com\/lt\/produktai-ir-paslaugos\/produktai\/virselio-apdirbimas-ir-pakavimas\/\" \/>\n<meta property=\"og:locale\" content=\"lt_LT\" \/>\n<meta property=\"og:type\" content=\"article\" \/>\n<meta property=\"og:title\" content=\"Vir\u0161elio apdirbimas ir pakavimas\" \/>\n<meta property=\"og:url\" content=\"https:\/\/www.scandbook.com\/lt\/produktai-ir-paslaugos\/produktai\/virselio-apdirbimas-ir-pakavimas\/\" \/>\n<meta property=\"og:site_name\" content=\"ScandBook\" \/>\n<meta property=\"article:publisher\" content=\"https:\/\/www.facebook.com\/profile.php?id=100063569394878&amp;sk=about&amp;locale=sv_SE\" \/>\n<meta property=\"article:modified_time\" content=\"2023-03-08T10:43:21+00:00\" \/>\n<meta property=\"og:image\" content=\"https:\/\/www.scandbook.com\/wp-content\/uploads\/2016\/01\/effects-845x321.jpg\" \/>\n<meta name=\"twitter:card\" content=\"summary_large_image\" \/>\n<meta name=\"twitter:label1\" content=\"Est. reading time\" \/>\n\t<meta name=\"twitter:data1\" content=\"1 minut\u0117\" \/>\n<script type=\"application\/ld+json\" class=\"yoast-schema-graph\">{\"@context\":\"https:\\\/\\\/schema.org\",\"@graph\":[{\"@type\":\"WebPage\",\"@id\":\"https:\\\/\\\/www.scandbook.com\\\/lt\\\/produktai-ir-paslaugos\\\/produktai\\\/virselio-apdirbimas-ir-pakavimas\\\/\",\"url\":\"https:\\\/\\\/www.scandbook.com\\\/lt\\\/produktai-ir-paslaugos\\\/produktai\\\/virselio-apdirbimas-ir-pakavimas\\\/\",\"name\":\"Vir\u0161elio apdirbimas ir pakavimas - ScandBook\",\"isPartOf\":{\"@id\":\"https:\\\/\\\/www.scandbook.com\\\/lt\\\/#website\"},\"primaryImageOfPage\":{\"@id\":\"https:\\\/\\\/www.scandbook.com\\\/lt\\\/produktai-ir-paslaugos\\\/produktai\\\/virselio-apdirbimas-ir-pakavimas\\\/#primaryimage\"},\"image\":{\"@id\":\"https:\\\/\\\/www.scandbook.com\\\/lt\\\/produktai-ir-paslaugos\\\/produktai\\\/virselio-apdirbimas-ir-pakavimas\\\/#primaryimage\"},\"thumbnailUrl\":\"https:\\\/\\\/www.scandbook.com\\\/wp-content\\\/uploads\\\/2016\\\/01\\\/effects-845x321.jpg\",\"datePublished\":\"2016-01-22T09:19:23+00:00\",\"dateModified\":\"2023-03-08T10:43:21+00:00\",\"breadcrumb\":{\"@id\":\"https:\\\/\\\/www.scandbook.com\\\/lt\\\/produktai-ir-paslaugos\\\/produktai\\\/virselio-apdirbimas-ir-pakavimas\\\/#breadcrumb\"},\"inLanguage\":\"lt-LT\",\"potentialAction\":[{\"@type\":\"ReadAction\",\"target\":[\"https:\\\/\\\/www.scandbook.com\\\/lt\\\/produktai-ir-paslaugos\\\/produktai\\\/virselio-apdirbimas-ir-pakavimas\\\/\"]}]},{\"@type\":\"ImageObject\",\"inLanguage\":\"lt-LT\",\"@id\":\"https:\\\/\\\/www.scandbook.com\\\/lt\\\/produktai-ir-paslaugos\\\/produktai\\\/virselio-apdirbimas-ir-pakavimas\\\/#primaryimage\",\"url\":\"https:\\\/\\\/www.scandbook.com\\\/wp-content\\\/uploads\\\/2016\\\/01\\\/effects-845x321.jpg\",\"contentUrl\":\"https:\\\/\\\/www.scandbook.com\\\/wp-content\\\/uploads\\\/2016\\\/01\\\/effects-845x321.jpg\"},{\"@type\":\"BreadcrumbList\",\"@id\":\"https:\\\/\\\/www.scandbook.com\\\/lt\\\/produktai-ir-paslaugos\\\/produktai\\\/virselio-apdirbimas-ir-pakavimas\\\/#breadcrumb\",\"itemListElement\":[{\"@type\":\"ListItem\",\"position\":1,\"name\":\"Home\",\"item\":\"https:\\\/\\\/www.scandbook.com\\\/lt\\\/\"},{\"@type\":\"ListItem\",\"position\":2,\"name\":\"Produktai ir paslaugos\",\"item\":\"https:\\\/\\\/www.scandbook.com\\\/lt\\\/produktai-ir-paslaugos\\\/?lang=lt\"},{\"@type\":\"ListItem\",\"position\":3,\"name\":\"Produktai\",\"item\":\"https:\\\/\\\/www.scandbook.com\\\/lt\\\/produktai-ir-paslaugos\\\/produktai\\\/?lang=lt\"},{\"@type\":\"ListItem\",\"position\":4,\"name\":\"Vir\u0161elio apdirbimas ir pakavimas\"}]},{\"@type\":\"WebSite\",\"@id\":\"https:\\\/\\\/www.scandbook.com\\\/lt\\\/#website\",\"url\":\"https:\\\/\\\/www.scandbook.com\\\/lt\\\/\",\"name\":\"ScandBook\",\"description\":\"Scandinavia&#039;s leading printing house\",\"publisher\":{\"@id\":\"https:\\\/\\\/www.scandbook.com\\\/lt\\\/#organization\"},\"potentialAction\":[{\"@type\":\"SearchAction\",\"target\":{\"@type\":\"EntryPoint\",\"urlTemplate\":\"https:\\\/\\\/www.scandbook.com\\\/lt\\\/?s={search_term_string}\"},\"query-input\":{\"@type\":\"PropertyValueSpecification\",\"valueRequired\":true,\"valueName\":\"search_term_string\"}}],\"inLanguage\":\"lt-LT\"},{\"@type\":\"Organization\",\"@id\":\"https:\\\/\\\/www.scandbook.com\\\/lt\\\/#organization\",\"name\":\"ScandBook\",\"url\":\"https:\\\/\\\/www.scandbook.com\\\/lt\\\/\",\"logo\":{\"@type\":\"ImageObject\",\"inLanguage\":\"lt-LT\",\"@id\":\"https:\\\/\\\/www.scandbook.com\\\/lt\\\/#\\\/schema\\\/logo\\\/image\\\/\",\"url\":\"https:\\\/\\\/www.scandbook.com\\\/wp-content\\\/uploads\\\/2023\\\/05\\\/scandbook-funding-climate-action.webp\",\"contentUrl\":\"https:\\\/\\\/www.scandbook.com\\\/wp-content\\\/uploads\\\/2023\\\/05\\\/scandbook-funding-climate-action.webp\",\"width\":256,\"height\":88,\"caption\":\"ScandBook\"},\"image\":{\"@id\":\"https:\\\/\\\/www.scandbook.com\\\/lt\\\/#\\\/schema\\\/logo\\\/image\\\/\"},\"sameAs\":[\"https:\\\/\\\/www.facebook.com\\\/profile.php?id=100063569394878&sk=about&locale=sv_SE\",\"https:\\\/\\\/www.linkedin.com\\\/company\\\/scandbook-ab\\\/\"]}]}<\/script>\n<!-- \/ Yoast SEO Premium plugin. -->","yoast_head_json":{"title":"Vir\u0161elio apdirbimas ir pakavimas - ScandBook","robots":{"index":"index","follow":"follow","max-snippet":"max-snippet:-1","max-image-preview":"max-image-preview:large","max-video-preview":"max-video-preview:-1"},"canonical":"https:\/\/www.scandbook.com\/lt\/produktai-ir-paslaugos\/produktai\/virselio-apdirbimas-ir-pakavimas\/","og_locale":"lt_LT","og_type":"article","og_title":"Vir\u0161elio apdirbimas ir pakavimas","og_url":"https:\/\/www.scandbook.com\/lt\/produktai-ir-paslaugos\/produktai\/virselio-apdirbimas-ir-pakavimas\/","og_site_name":"ScandBook","article_publisher":"https:\/\/www.facebook.com\/profile.php?id=100063569394878&sk=about&locale=sv_SE","article_modified_time":"2023-03-08T10:43:21+00:00","og_image":[{"url":"https:\/\/www.scandbook.com\/wp-content\/uploads\/2016\/01\/effects-845x321.jpg","type":"","width":"","height":""}],"twitter_card":"summary_large_image","twitter_misc":{"Est. reading time":"1 minut\u0117"},"schema":{"@context":"https:\/\/schema.org","@graph":[{"@type":"WebPage","@id":"https:\/\/www.scandbook.com\/lt\/produktai-ir-paslaugos\/produktai\/virselio-apdirbimas-ir-pakavimas\/","url":"https:\/\/www.scandbook.com\/lt\/produktai-ir-paslaugos\/produktai\/virselio-apdirbimas-ir-pakavimas\/","name":"Vir\u0161elio apdirbimas ir pakavimas - ScandBook","isPartOf":{"@id":"https:\/\/www.scandbook.com\/lt\/#website"},"primaryImageOfPage":{"@id":"https:\/\/www.scandbook.com\/lt\/produktai-ir-paslaugos\/produktai\/virselio-apdirbimas-ir-pakavimas\/#primaryimage"},"image":{"@id":"https:\/\/www.scandbook.com\/lt\/produktai-ir-paslaugos\/produktai\/virselio-apdirbimas-ir-pakavimas\/#primaryimage"},"thumbnailUrl":"https:\/\/www.scandbook.com\/wp-content\/uploads\/2016\/01\/effects-845x321.jpg","datePublished":"2016-01-22T09:19:23+00:00","dateModified":"2023-03-08T10:43:21+00:00","breadcrumb":{"@id":"https:\/\/www.scandbook.com\/lt\/produktai-ir-paslaugos\/produktai\/virselio-apdirbimas-ir-pakavimas\/#breadcrumb"},"inLanguage":"lt-LT","potentialAction":[{"@type":"ReadAction","target":["https:\/\/www.scandbook.com\/lt\/produktai-ir-paslaugos\/produktai\/virselio-apdirbimas-ir-pakavimas\/"]}]},{"@type":"ImageObject","inLanguage":"lt-LT","@id":"https:\/\/www.scandbook.com\/lt\/produktai-ir-paslaugos\/produktai\/virselio-apdirbimas-ir-pakavimas\/#primaryimage","url":"https:\/\/www.scandbook.com\/wp-content\/uploads\/2016\/01\/effects-845x321.jpg","contentUrl":"https:\/\/www.scandbook.com\/wp-content\/uploads\/2016\/01\/effects-845x321.jpg"},{"@type":"BreadcrumbList","@id":"https:\/\/www.scandbook.com\/lt\/produktai-ir-paslaugos\/produktai\/virselio-apdirbimas-ir-pakavimas\/#breadcrumb","itemListElement":[{"@type":"ListItem","position":1,"name":"Home","item":"https:\/\/www.scandbook.com\/lt\/"},{"@type":"ListItem","position":2,"name":"Produktai ir paslaugos","item":"https:\/\/www.scandbook.com\/lt\/produktai-ir-paslaugos\/?lang=lt"},{"@type":"ListItem","position":3,"name":"Produktai","item":"https:\/\/www.scandbook.com\/lt\/produktai-ir-paslaugos\/produktai\/?lang=lt"},{"@type":"ListItem","position":4,"name":"Vir\u0161elio apdirbimas ir pakavimas"}]},{"@type":"WebSite","@id":"https:\/\/www.scandbook.com\/lt\/#website","url":"https:\/\/www.scandbook.com\/lt\/","name":"ScandBook","description":"Scandinavia&#039;s leading printing house","publisher":{"@id":"https:\/\/www.scandbook.com\/lt\/#organization"},"potentialAction":[{"@type":"SearchAction","target":{"@type":"EntryPoint","urlTemplate":"https:\/\/www.scandbook.com\/lt\/?s={search_term_string}"},"query-input":{"@type":"PropertyValueSpecification","valueRequired":true,"valueName":"search_term_string"}}],"inLanguage":"lt-LT"},{"@type":"Organization","@id":"https:\/\/www.scandbook.com\/lt\/#organization","name":"ScandBook","url":"https:\/\/www.scandbook.com\/lt\/","logo":{"@type":"ImageObject","inLanguage":"lt-LT","@id":"https:\/\/www.scandbook.com\/lt\/#\/schema\/logo\/image\/","url":"https:\/\/www.scandbook.com\/wp-content\/uploads\/2023\/05\/scandbook-funding-climate-action.webp","contentUrl":"https:\/\/www.scandbook.com\/wp-content\/uploads\/2023\/05\/scandbook-funding-climate-action.webp","width":256,"height":88,"caption":"ScandBook"},"image":{"@id":"https:\/\/www.scandbook.com\/lt\/#\/schema\/logo\/image\/"},"sameAs":["https:\/\/www.facebook.com\/profile.php?id=100063569394878&sk=about&locale=sv_SE","https:\/\/www.linkedin.com\/company\/scandbook-ab\/"]}]}},"_links":{"self":[{"href":"https:\/\/www.scandbook.com\/lt\/wp-json\/wp\/v2\/pages\/2089","targetHints":{"allow":["GET"]}}],"collection":[{"href":"https:\/\/www.scandbook.com\/lt\/wp-json\/wp\/v2\/pages"}],"about":[{"href":"https:\/\/www.scandbook.com\/lt\/wp-json\/wp\/v2\/types\/page"}],"author":[{"embeddable":true,"href":"https:\/\/www.scandbook.com\/lt\/wp-json\/wp\/v2\/users\/9"}],"replies":[{"embeddable":true,"href":"https:\/\/www.scandbook.com\/lt\/wp-json\/wp\/v2\/comments?post=2089"}],"version-history":[{"count":6,"href":"https:\/\/www.scandbook.com\/lt\/wp-json\/wp\/v2\/pages\/2089\/revisions"}],"predecessor-version":[{"id":9197,"href":"https:\/\/www.scandbook.com\/lt\/wp-json\/wp\/v2\/pages\/2089\/revisions\/9197"}],"up":[{"embeddable":true,"href":"https:\/\/www.scandbook.com\/lt\/wp-json\/wp\/v2\/pages\/64"}],"wp:attachment":[{"href":"https:\/\/www.scandbook.com\/lt\/wp-json\/wp\/v2\/media?parent=2089"}],"curies":[{"name":"wp","href":"https:\/\/api.w.org\/{rel}","templated":true}]}}