{"id":2088,"date":"2016-01-21T14:12:13","date_gmt":"2016-01-21T13:12:13","guid":{"rendered":"http:\/\/development.scandbook-internt.se\/produktai-ir-paslaugos\/produktai\/test\/?lang=lt"},"modified":"2023-03-23T13:40:11","modified_gmt":"2023-03-23T12:40:11","slug":"produktu-tipai","status":"publish","type":"page","link":"https:\/\/www.scandbook.com\/lt\/produktai-ir-paslaugos\/produktai\/produktu-tipai\/","title":{"rendered":"Produkt\u0173 tipai"},"content":{"rendered":"\n\n<style type=\"text\/css\" data-created_by=\"avia_inline_auto\" id=\"style-css-av-av_one_full-9497bbf8bff73ea4c6992cc17fa9ec36\">\n.flex_column.av-av_one_full-9497bbf8bff73ea4c6992cc17fa9ec36{\nborder-radius:0px 0px 0px 0px;\npadding:0px 0px 0px 0px;\n}\n<\/style>\n<div  class='flex_column av-av_one_full-9497bbf8bff73ea4c6992cc17fa9ec36 av_one_full  avia-builder-el-1  el_after_av_codeblock  el_before_av_one_half  first flex_column_div av-zero-column-padding  '     ><section  class='av_textblock_section av-av_textblock-0366cc7376be6c9e82a3e9cc8987b64f '   itemscope=\"itemscope\" itemtype=\"https:\/\/schema.org\/CreativeWork\" ><div class='avia_textblock'  itemprop=\"text\" ><h2>Produkt\u0173 tipai<\/h2>\n<\/div><\/section><\/div>\n<div class='flex_column_table av-lfl3gp1a-633f40224a61bccbdfcf27ac29786eb7 sc-av_one_half av-equal-height-column-flextable'>\n<style type=\"text\/css\" data-created_by=\"avia_inline_auto\" id=\"style-css-av-lfl3gp1a-633f40224a61bccbdfcf27ac29786eb7\">\n.flex_column.av-lfl3gp1a-633f40224a61bccbdfcf27ac29786eb7{\nborder-width:1px;\nborder-style:solid;\nborder-radius:2px 2px 2px 2px;\npadding:20px 20px 20px 20px;\nbackground-color:#ffffff;\n}\n<\/style>\n<div  class='flex_column av-lfl3gp1a-633f40224a61bccbdfcf27ac29786eb7 av_one_half  avia-builder-el-3  el_after_av_one_full  el_before_av_one_half  first flex_column_table_cell av-equal-height-column av-align-top  column-top-margin'     ><section  class='av_textblock_section av-lfl3g9s3-4fc4d2bc3d32650d3a30278dadae949f '   itemscope=\"itemscope\" itemtype=\"https:\/\/schema.org\/CreativeWork\" ><div class='avia_textblock'  itemprop=\"text\" ><h3>Kieto vir\u0161elio knyga su aplankalu<\/h3>\n<p><a href=\"https:\/\/www.scandbook.com\/wp-content\/uploads\/2023\/03\/dust-jacket-book.webp\"><img loading=\"lazy\" decoding=\"async\" class=\"alignnone wp-image-10411 size-portfolio\" src=\"https:\/\/www.scandbook.com\/wp-content\/uploads\/2023\/03\/dust-jacket-book-495x400.webp\" alt=\"\" width=\"495\" height=\"400\" \/><\/a><\/p>\n<p>Knygos blokas\u00a0\u012fklijuotas \u012f kiet\u0105 vir\u0161el\u012f, aptraukt\u0105 spalvota med\u017eiaga (pvz. Efalin) arba popieriumi su spauda. Knyga aplenkiama aplankalu, kuris paprastai b\u016bna su spauda.<\/p>\n<\/div><\/section><\/div>\n<div class='av-flex-placeholder'><\/div>\n<style type=\"text\/css\" data-created_by=\"avia_inline_auto\" id=\"style-css-av-lfl3hzws-6d49ed08bdcc49047c9a53849f4a14ed\">\n.flex_column.av-lfl3hzws-6d49ed08bdcc49047c9a53849f4a14ed{\nborder-width:1px;\nborder-style:solid;\nborder-radius:2px 2px 2px 2px;\npadding:20px 20px 20px 20px;\nbackground-color:#ffffff;\n}\n<\/style>\n<div  class='flex_column av-lfl3hzws-6d49ed08bdcc49047c9a53849f4a14ed av_one_half  avia-builder-el-5  el_after_av_one_half  el_before_av_one_half  flex_column_table_cell av-equal-height-column av-align-top  column-top-margin'     ><section  class='av_textblock_section av-lfl3hilb-9ce7ef3f272c5aee174667ba0bb82b6b '   itemscope=\"itemscope\" itemtype=\"https:\/\/schema.org\/CreativeWork\" ><div class='avia_textblock'  itemprop=\"text\" ><h3>Kietvir\u0161is<\/h3>\n<p><a href=\"https:\/\/www.scandbook.com\/wp-content\/uploads\/2023\/03\/hard-cover-book.webp\"><img loading=\"lazy\" decoding=\"async\" class=\"alignnone wp-image-10415 size-portfolio\" src=\"https:\/\/www.scandbook.com\/wp-content\/uploads\/2023\/03\/hard-cover-book-495x400.webp\" alt=\"\" width=\"495\" height=\"400\" \/><\/a><\/p>\n<p>Knygos blokas\u00a0\u012fklijuotas \u012f kiet\u0105 vir\u0161el\u012f, aptraukt\u0105 spalvota med\u017eiaga (pvz. Efalin) arba popieriumi su spauda.<\/p>\n<\/div><\/section><\/div><\/div><!--close column table wrapper. Autoclose: 1 -->\n<div class='flex_column_table av-lfl3jonb-c6b87b9029867d0cb05d9b42e267d402 sc-av_one_half av-equal-height-column-flextable'>\n<style type=\"text\/css\" data-created_by=\"avia_inline_auto\" id=\"style-css-av-lfl3jonb-c6b87b9029867d0cb05d9b42e267d402\">\n.flex_column.av-lfl3jonb-c6b87b9029867d0cb05d9b42e267d402{\nborder-width:1px;\nborder-style:solid;\nborder-radius:2px 2px 2px 2px;\npadding:20px 20px 20px 20px;\nbackground-color:#ffffff;\n}\n<\/style>\n<div  class='flex_column av-lfl3jonb-c6b87b9029867d0cb05d9b42e267d402 av_one_half  avia-builder-el-7  el_after_av_one_half  el_before_av_one_half  first flex_column_table_cell av-equal-height-column av-align-top  column-top-margin'     ><section  class='av_textblock_section av-lfl3jgkh-1707cbbd6f32f7ed24ce7487f7bb2281 '   itemscope=\"itemscope\" itemtype=\"https:\/\/schema.org\/CreativeWork\" ><div class='avia_textblock'  itemprop=\"text\" ><h3>Didelio arba ma\u017eo formato knyga mink\u0161tais vir\u0161eliais<\/h3>\n<p><img loading=\"lazy\" decoding=\"async\" class=\"alignnone wp-image-10419 size-portfolio\" src=\"https:\/\/www.scandbook.com\/wp-content\/uploads\/2023\/03\/soft-cover-book-495x400.webp\" alt=\"\" width=\"495\" height=\"400\" \/><\/p>\n<p>Vir\u0161eliui naudojamas 210 &#8211; 240 g.\u00a0kreiduotas kartonas.\u00a0Popieri\u0173 parenkame i\u0161laikant geriausi\u0105 kainos ir kokyb\u0117s santyk\u012f.<\/p>\n<\/div><\/section><\/div><div class='av-flex-placeholder'><\/div>\n<style type=\"text\/css\" data-created_by=\"avia_inline_auto\" id=\"style-css-av-av_one_half-6152978bc31568f153a0ba4420fd203e\">\n.flex_column.av-av_one_half-6152978bc31568f153a0ba4420fd203e{\nborder-width:1px;\nborder-style:solid;\nborder-radius:2px 2px 2px 2px;\npadding:20px 20px 20px 20px;\nbackground-color:#ffffff;\n}\n<\/style>\n<div  class='flex_column av-av_one_half-6152978bc31568f153a0ba4420fd203e av_one_half  avia-builder-el-9  el_after_av_one_half  avia-builder-el-last  flex_column_table_cell av-equal-height-column av-align-top  column-top-margin'     ><section  class='av_textblock_section av-lfl3k68b-a3979c71cbcfca4860fb2c9915defb76 '   itemscope=\"itemscope\" itemtype=\"https:\/\/schema.org\/CreativeWork\" ><div class='avia_textblock'  itemprop=\"text\" ><h3>Didelio arba ma\u017eo formato knyga mink\u0161tais vir\u0161eliais su atvartais<\/h3>\n<p><a href=\"https:\/\/www.scandbook.com\/wp-content\/uploads\/2023\/03\/cover-with-flaps-book.webp\"><img loading=\"lazy\" decoding=\"async\" class=\"alignnone wp-image-10407 size-portfolio\" src=\"https:\/\/www.scandbook.com\/wp-content\/uploads\/2023\/03\/cover-with-flaps-book-495x400.webp\" alt=\"\" width=\"495\" height=\"400\" \/><\/a><\/p>\n<p><span class=\"HwtZe\" lang=\"sv\"><span class=\"jCAhz ChMk0b\"><span class=\"ryNqvb\">Knygos mink\u0161tais vir\u0161eliais gali b\u016bti ir su atvartais.<\/span><\/span><\/span><\/p>\n<\/div><\/section><\/div><\/div><!--close column table wrapper. Autoclose: 1 --><\/p>\n","protected":false},"excerpt":{"rendered":"","protected":false},"author":2,"featured_media":0,"parent":64,"menu_order":0,"comment_status":"closed","ping_status":"closed","template":"","meta":{"footnotes":""},"class_list":["post-2088","page","type-page","status-publish","hentry"],"yoast_head":"<!-- This site is optimized with the Yoast SEO Premium plugin v27.4 (Yoast SEO v27.4) - https:\/\/yoast.com\/product\/yoast-seo-premium-wordpress\/ -->\n<title>Produkt\u0173 tipai - ScandBook<\/title>\n<meta name=\"robots\" content=\"index, follow, max-snippet:-1, max-image-preview:large, max-video-preview:-1\" \/>\n<link rel=\"canonical\" href=\"https:\/\/www.scandbook.com\/lt\/produktai-ir-paslaugos\/produktai\/produktu-tipai\/\" \/>\n<meta property=\"og:locale\" content=\"lt_LT\" \/>\n<meta property=\"og:type\" content=\"article\" \/>\n<meta property=\"og:title\" content=\"Produkt\u0173 tipai\" \/>\n<meta property=\"og:url\" content=\"https:\/\/www.scandbook.com\/lt\/produktai-ir-paslaugos\/produktai\/produktu-tipai\/\" \/>\n<meta property=\"og:site_name\" content=\"ScandBook\" \/>\n<meta property=\"article:publisher\" content=\"https:\/\/www.facebook.com\/profile.php?id=100063569394878&amp;sk=about&amp;locale=sv_SE\" \/>\n<meta property=\"article:modified_time\" content=\"2023-03-23T12:40:11+00:00\" \/>\n<meta property=\"og:image\" content=\"https:\/\/www.scandbook.com\/wp-content\/uploads\/2023\/03\/dust-jacket-book-495x400.webp\" \/>\n<meta name=\"twitter:card\" content=\"summary_large_image\" \/>\n<meta name=\"twitter:label1\" content=\"Est. reading time\" \/>\n\t<meta name=\"twitter:data1\" content=\"3 minut\u0117s\" \/>\n<script type=\"application\/ld+json\" class=\"yoast-schema-graph\">{\"@context\":\"https:\\\/\\\/schema.org\",\"@graph\":[{\"@type\":\"WebPage\",\"@id\":\"https:\\\/\\\/www.scandbook.com\\\/lt\\\/produktai-ir-paslaugos\\\/produktai\\\/produktu-tipai\\\/\",\"url\":\"https:\\\/\\\/www.scandbook.com\\\/lt\\\/produktai-ir-paslaugos\\\/produktai\\\/produktu-tipai\\\/\",\"name\":\"Produkt\u0173 tipai - ScandBook\",\"isPartOf\":{\"@id\":\"https:\\\/\\\/www.scandbook.com\\\/lt\\\/#website\"},\"primaryImageOfPage\":{\"@id\":\"https:\\\/\\\/www.scandbook.com\\\/lt\\\/produktai-ir-paslaugos\\\/produktai\\\/produktu-tipai\\\/#primaryimage\"},\"image\":{\"@id\":\"https:\\\/\\\/www.scandbook.com\\\/lt\\\/produktai-ir-paslaugos\\\/produktai\\\/produktu-tipai\\\/#primaryimage\"},\"thumbnailUrl\":\"https:\\\/\\\/www.scandbook.com\\\/wp-content\\\/uploads\\\/2023\\\/03\\\/dust-jacket-book-495x400.webp\",\"datePublished\":\"2016-01-21T13:12:13+00:00\",\"dateModified\":\"2023-03-23T12:40:11+00:00\",\"breadcrumb\":{\"@id\":\"https:\\\/\\\/www.scandbook.com\\\/lt\\\/produktai-ir-paslaugos\\\/produktai\\\/produktu-tipai\\\/#breadcrumb\"},\"inLanguage\":\"lt-LT\",\"potentialAction\":[{\"@type\":\"ReadAction\",\"target\":[\"https:\\\/\\\/www.scandbook.com\\\/lt\\\/produktai-ir-paslaugos\\\/produktai\\\/produktu-tipai\\\/\"]}]},{\"@type\":\"ImageObject\",\"inLanguage\":\"lt-LT\",\"@id\":\"https:\\\/\\\/www.scandbook.com\\\/lt\\\/produktai-ir-paslaugos\\\/produktai\\\/produktu-tipai\\\/#primaryimage\",\"url\":\"https:\\\/\\\/www.scandbook.com\\\/wp-content\\\/uploads\\\/2023\\\/03\\\/dust-jacket-book-495x400.webp\",\"contentUrl\":\"https:\\\/\\\/www.scandbook.com\\\/wp-content\\\/uploads\\\/2023\\\/03\\\/dust-jacket-book-495x400.webp\"},{\"@type\":\"BreadcrumbList\",\"@id\":\"https:\\\/\\\/www.scandbook.com\\\/lt\\\/produktai-ir-paslaugos\\\/produktai\\\/produktu-tipai\\\/#breadcrumb\",\"itemListElement\":[{\"@type\":\"ListItem\",\"position\":1,\"name\":\"Home\",\"item\":\"https:\\\/\\\/www.scandbook.com\\\/lt\\\/\"},{\"@type\":\"ListItem\",\"position\":2,\"name\":\"Produktai ir paslaugos\",\"item\":\"https:\\\/\\\/www.scandbook.com\\\/lt\\\/produktai-ir-paslaugos\\\/?lang=lt\"},{\"@type\":\"ListItem\",\"position\":3,\"name\":\"Produktai\",\"item\":\"https:\\\/\\\/www.scandbook.com\\\/lt\\\/produktai-ir-paslaugos\\\/produktai\\\/?lang=lt\"},{\"@type\":\"ListItem\",\"position\":4,\"name\":\"Produkt\u0173 tipai\"}]},{\"@type\":\"WebSite\",\"@id\":\"https:\\\/\\\/www.scandbook.com\\\/lt\\\/#website\",\"url\":\"https:\\\/\\\/www.scandbook.com\\\/lt\\\/\",\"name\":\"ScandBook\",\"description\":\"Scandinavia&#039;s leading printing house\",\"publisher\":{\"@id\":\"https:\\\/\\\/www.scandbook.com\\\/lt\\\/#organization\"},\"potentialAction\":[{\"@type\":\"SearchAction\",\"target\":{\"@type\":\"EntryPoint\",\"urlTemplate\":\"https:\\\/\\\/www.scandbook.com\\\/lt\\\/?s={search_term_string}\"},\"query-input\":{\"@type\":\"PropertyValueSpecification\",\"valueRequired\":true,\"valueName\":\"search_term_string\"}}],\"inLanguage\":\"lt-LT\"},{\"@type\":\"Organization\",\"@id\":\"https:\\\/\\\/www.scandbook.com\\\/lt\\\/#organization\",\"name\":\"ScandBook\",\"url\":\"https:\\\/\\\/www.scandbook.com\\\/lt\\\/\",\"logo\":{\"@type\":\"ImageObject\",\"inLanguage\":\"lt-LT\",\"@id\":\"https:\\\/\\\/www.scandbook.com\\\/lt\\\/#\\\/schema\\\/logo\\\/image\\\/\",\"url\":\"https:\\\/\\\/www.scandbook.com\\\/wp-content\\\/uploads\\\/2023\\\/05\\\/scandbook-funding-climate-action.webp\",\"contentUrl\":\"https:\\\/\\\/www.scandbook.com\\\/wp-content\\\/uploads\\\/2023\\\/05\\\/scandbook-funding-climate-action.webp\",\"width\":256,\"height\":88,\"caption\":\"ScandBook\"},\"image\":{\"@id\":\"https:\\\/\\\/www.scandbook.com\\\/lt\\\/#\\\/schema\\\/logo\\\/image\\\/\"},\"sameAs\":[\"https:\\\/\\\/www.facebook.com\\\/profile.php?id=100063569394878&sk=about&locale=sv_SE\",\"https:\\\/\\\/www.linkedin.com\\\/company\\\/scandbook-ab\\\/\"]}]}<\/script>\n<!-- \/ Yoast SEO Premium plugin. -->","yoast_head_json":{"title":"Produkt\u0173 tipai - ScandBook","robots":{"index":"index","follow":"follow","max-snippet":"max-snippet:-1","max-image-preview":"max-image-preview:large","max-video-preview":"max-video-preview:-1"},"canonical":"https:\/\/www.scandbook.com\/lt\/produktai-ir-paslaugos\/produktai\/produktu-tipai\/","og_locale":"lt_LT","og_type":"article","og_title":"Produkt\u0173 tipai","og_url":"https:\/\/www.scandbook.com\/lt\/produktai-ir-paslaugos\/produktai\/produktu-tipai\/","og_site_name":"ScandBook","article_publisher":"https:\/\/www.facebook.com\/profile.php?id=100063569394878&sk=about&locale=sv_SE","article_modified_time":"2023-03-23T12:40:11+00:00","og_image":[{"url":"https:\/\/www.scandbook.com\/wp-content\/uploads\/2023\/03\/dust-jacket-book-495x400.webp","type":"","width":"","height":""}],"twitter_card":"summary_large_image","twitter_misc":{"Est. reading time":"3 minut\u0117s"},"schema":{"@context":"https:\/\/schema.org","@graph":[{"@type":"WebPage","@id":"https:\/\/www.scandbook.com\/lt\/produktai-ir-paslaugos\/produktai\/produktu-tipai\/","url":"https:\/\/www.scandbook.com\/lt\/produktai-ir-paslaugos\/produktai\/produktu-tipai\/","name":"Produkt\u0173 tipai - ScandBook","isPartOf":{"@id":"https:\/\/www.scandbook.com\/lt\/#website"},"primaryImageOfPage":{"@id":"https:\/\/www.scandbook.com\/lt\/produktai-ir-paslaugos\/produktai\/produktu-tipai\/#primaryimage"},"image":{"@id":"https:\/\/www.scandbook.com\/lt\/produktai-ir-paslaugos\/produktai\/produktu-tipai\/#primaryimage"},"thumbnailUrl":"https:\/\/www.scandbook.com\/wp-content\/uploads\/2023\/03\/dust-jacket-book-495x400.webp","datePublished":"2016-01-21T13:12:13+00:00","dateModified":"2023-03-23T12:40:11+00:00","breadcrumb":{"@id":"https:\/\/www.scandbook.com\/lt\/produktai-ir-paslaugos\/produktai\/produktu-tipai\/#breadcrumb"},"inLanguage":"lt-LT","potentialAction":[{"@type":"ReadAction","target":["https:\/\/www.scandbook.com\/lt\/produktai-ir-paslaugos\/produktai\/produktu-tipai\/"]}]},{"@type":"ImageObject","inLanguage":"lt-LT","@id":"https:\/\/www.scandbook.com\/lt\/produktai-ir-paslaugos\/produktai\/produktu-tipai\/#primaryimage","url":"https:\/\/www.scandbook.com\/wp-content\/uploads\/2023\/03\/dust-jacket-book-495x400.webp","contentUrl":"https:\/\/www.scandbook.com\/wp-content\/uploads\/2023\/03\/dust-jacket-book-495x400.webp"},{"@type":"BreadcrumbList","@id":"https:\/\/www.scandbook.com\/lt\/produktai-ir-paslaugos\/produktai\/produktu-tipai\/#breadcrumb","itemListElement":[{"@type":"ListItem","position":1,"name":"Home","item":"https:\/\/www.scandbook.com\/lt\/"},{"@type":"ListItem","position":2,"name":"Produktai ir paslaugos","item":"https:\/\/www.scandbook.com\/lt\/produktai-ir-paslaugos\/?lang=lt"},{"@type":"ListItem","position":3,"name":"Produktai","item":"https:\/\/www.scandbook.com\/lt\/produktai-ir-paslaugos\/produktai\/?lang=lt"},{"@type":"ListItem","position":4,"name":"Produkt\u0173 tipai"}]},{"@type":"WebSite","@id":"https:\/\/www.scandbook.com\/lt\/#website","url":"https:\/\/www.scandbook.com\/lt\/","name":"ScandBook","description":"Scandinavia&#039;s leading printing house","publisher":{"@id":"https:\/\/www.scandbook.com\/lt\/#organization"},"potentialAction":[{"@type":"SearchAction","target":{"@type":"EntryPoint","urlTemplate":"https:\/\/www.scandbook.com\/lt\/?s={search_term_string}"},"query-input":{"@type":"PropertyValueSpecification","valueRequired":true,"valueName":"search_term_string"}}],"inLanguage":"lt-LT"},{"@type":"Organization","@id":"https:\/\/www.scandbook.com\/lt\/#organization","name":"ScandBook","url":"https:\/\/www.scandbook.com\/lt\/","logo":{"@type":"ImageObject","inLanguage":"lt-LT","@id":"https:\/\/www.scandbook.com\/lt\/#\/schema\/logo\/image\/","url":"https:\/\/www.scandbook.com\/wp-content\/uploads\/2023\/05\/scandbook-funding-climate-action.webp","contentUrl":"https:\/\/www.scandbook.com\/wp-content\/uploads\/2023\/05\/scandbook-funding-climate-action.webp","width":256,"height":88,"caption":"ScandBook"},"image":{"@id":"https:\/\/www.scandbook.com\/lt\/#\/schema\/logo\/image\/"},"sameAs":["https:\/\/www.facebook.com\/profile.php?id=100063569394878&sk=about&locale=sv_SE","https:\/\/www.linkedin.com\/company\/scandbook-ab\/"]}]}},"_links":{"self":[{"href":"https:\/\/www.scandbook.com\/lt\/wp-json\/wp\/v2\/pages\/2088","targetHints":{"allow":["GET"]}}],"collection":[{"href":"https:\/\/www.scandbook.com\/lt\/wp-json\/wp\/v2\/pages"}],"about":[{"href":"https:\/\/www.scandbook.com\/lt\/wp-json\/wp\/v2\/types\/page"}],"author":[{"embeddable":true,"href":"https:\/\/www.scandbook.com\/lt\/wp-json\/wp\/v2\/users\/2"}],"replies":[{"embeddable":true,"href":"https:\/\/www.scandbook.com\/lt\/wp-json\/wp\/v2\/comments?post=2088"}],"version-history":[{"count":8,"href":"https:\/\/www.scandbook.com\/lt\/wp-json\/wp\/v2\/pages\/2088\/revisions"}],"predecessor-version":[{"id":12921,"href":"https:\/\/www.scandbook.com\/lt\/wp-json\/wp\/v2\/pages\/2088\/revisions\/12921"}],"up":[{"embeddable":true,"href":"https:\/\/www.scandbook.com\/lt\/wp-json\/wp\/v2\/pages\/64"}],"wp:attachment":[{"href":"https:\/\/www.scandbook.com\/lt\/wp-json\/wp\/v2\/media?parent=2088"}],"curies":[{"name":"wp","href":"https:\/\/api.w.org\/{rel}","templated":true}]}}