{"id":10868,"date":"2015-11-13T10:56:07","date_gmt":"2015-11-13T09:56:07","guid":{"rendered":"https:\/\/www.scandbook.com\/kontakt\/kundendienst\/falun-sweden\/"},"modified":"2025-02-26T09:34:19","modified_gmt":"2025-02-26T08:34:19","slug":"falun-schweden","status":"publish","type":"page","link":"https:\/\/www.scandbook.com\/de\/kontakt\/kundendienst\/falun-schweden\/","title":{"rendered":"Falun Schweden"},"content":{"rendered":"\n\n<style type=\"text\/css\" data-created_by=\"avia_inline_auto\" id=\"style-css-av-2uvr2x-71c908bac13b0d4a07272517d835d35d\">\n.flex_column.av-2uvr2x-71c908bac13b0d4a07272517d835d35d{\nborder-radius:0px 0px 0px 0px;\npadding:0px 0px 0px 0px;\n}\n<\/style>\n<div  class='flex_column av-2uvr2x-71c908bac13b0d4a07272517d835d35d av_one_full  avia-builder-el-1  el_after_av_codeblock  el_before_av_one_full  first flex_column_div av-zero-column-padding  '     ><div  class='av_gmaps_sc_main_wrap av_gmaps_main_wrap '><div id='av_gmap_0' class='avia-google-map-container avia-google-map-sc av_gmaps_show_unconditionally av-no-fallback-img ' data-mapid='av_gmap_0'  style='height: 300px;'><a class=\"av_gmaps_browser_disabled av_text_confirm_link av_text_confirm_link_visible\" href=\"https:\/\/www.google.com\/maps\/search\/?api=1&#038;query=L\u00f6v\u00e5sv\u00e4gen%2024%20%20Falun%20%20Sweden\" target=\"_blank\">Aufgrund deiner Datenschutz-Einstellungen k\u00f6nnen wir Ihnen die Karte nicht anzeigen. Klicken Sie hier, um die Karte in einem neuen Fenster zu \u00f6ffnen.<\/a><\/div><\/div><\/div>\n\n<style type=\"text\/css\" data-created_by=\"avia_inline_auto\" id=\"style-css-av-2d7e4p-24468dd5c1e1f7e642eaea51037440bc\">\n.flex_column.av-2d7e4p-24468dd5c1e1f7e642eaea51037440bc{\nborder-radius:0px 0px 0px 0px;\npadding:0px 0px 0px 0px;\n}\n<\/style>\n<div  class='flex_column av-2d7e4p-24468dd5c1e1f7e642eaea51037440bc av_one_full  avia-builder-el-3  el_after_av_one_full  el_before_av_one_third  first flex_column_div av-zero-column-padding  column-top-margin'     ><section  class='av_textblock_section av-29rhhd-cda305cba02551c57246be5d3c3c16aa '   itemscope=\"itemscope\" itemtype=\"https:\/\/schema.org\/CreativeWork\" ><div class='avia_textblock'  itemprop=\"text\" ><h1>Falun Schweden<\/h1>\n<\/div><\/section><\/div>\n<div class='flex_column_table av-1sluwx-fb39b8afb8476245dedd9c2a562df57f sc-av_one_third av-break-at-tablet-flextable av-equal-height-column-flextable'>\n<style type=\"text\/css\" data-created_by=\"avia_inline_auto\" id=\"style-css-av-1sluwx-fb39b8afb8476245dedd9c2a562df57f\">\n.flex_column.av-1sluwx-fb39b8afb8476245dedd9c2a562df57f{\nborder-width:1px;\nborder-style:solid;\nborder-radius:2px 2px 2px 2px;\npadding:20px 20px 20px 20px;\nbackground-color:#ffffff;\n}\n<\/style>\n<div  class='flex_column av-1sluwx-fb39b8afb8476245dedd9c2a562df57f av_one_third  avia-builder-el-5  el_after_av_one_full  el_before_av_one_third  first av-break-at-tablet flex_column_table_cell av-equal-height-column av-align-top  column-top-margin'     ><section  class='av_textblock_section av-1inbi9-6b72d0d3174a506064be375a637bf0f3 '   itemscope=\"itemscope\" itemtype=\"https:\/\/schema.org\/CreativeWork\" ><div class='avia_textblock'  itemprop=\"text\" ><p><img loading=\"lazy\" decoding=\"async\" class=\"wp-image-1283 size-full aligncenter\" src=\"https:\/\/www.scandbook.com\/wp-content\/uploads\/2024\/08\/jocke-200x134-1.webp\" alt=\"Joachim Hagstr\u00f6m\" width=\"200\" height=\"134\" \/><\/p>\n<p style=\"text-align: center;\"><strong>Joachim Hagstr\u00f6m<\/strong><br \/>\n<em>Projektmanager (NO, DK, IE, SE, FI)<\/em><br \/>\n<a href=\"tel:+46 23 76 59 14\">+46 23 76 59 14<\/a><br \/>\n<a href=\"tel:+46 70 219 21 83\">+46 70 219 21 83<\/a><br \/>\n<a href=\"mailto:joachim.hagstrom@scandbook.se\">joachim.hagstrom@scandbook.se<\/a><\/p>\n<\/div><\/section><\/div><div class='av-flex-placeholder'><\/div>\n<style type=\"text\/css\" data-created_by=\"avia_inline_auto\" id=\"style-css-av-1cbugp-43455ae51a64a8bd1dc9ad4035af7703\">\n.flex_column.av-1cbugp-43455ae51a64a8bd1dc9ad4035af7703{\nborder-width:1px;\nborder-style:solid;\nborder-radius:2px 2px 2px 2px;\npadding:20px 20px 20px 20px;\nbackground-color:#ffffff;\n}\n<\/style>\n<div  class='flex_column av-1cbugp-43455ae51a64a8bd1dc9ad4035af7703 av_one_third  avia-builder-el-7  el_after_av_one_third  el_before_av_one_third  av-break-at-tablet flex_column_table_cell av-equal-height-column av-align-top  column-top-margin'     ><section  class='av_textblock_section av-4i8hd-7362ba6c371897e794cac49102ecbdc5 '   itemscope=\"itemscope\" itemtype=\"https:\/\/schema.org\/CreativeWork\" ><div class='avia_textblock'  itemprop=\"text\" ><p><img loading=\"lazy\" decoding=\"async\" class=\"aligncenter wp-image-1518 size-full\" src=\"https:\/\/www.scandbook.com\/wp-content\/uploads\/2024\/08\/anna-200x134-1.webp\" alt=\"Anna Johansson\" width=\"200\" height=\"134\" \/><\/p>\n<p style=\"text-align: center;\"><strong>Anna Johansson<\/strong><br \/>\n<em>Projektmanager (SE)<\/em><br \/>\n<a href=\"tel:+46 23 76 59 17\">+46 23 76 59 17<\/a><br \/>\n<a href=\"tel:+46 70 335 02 66\">+46 70 335 02 66<\/a><br \/>\n<a href=\"mailto:anna.johansson@scandbook.se\">anna.johansson@scandbook.se<\/a><\/p>\n<\/div><\/section><\/div><\/p>\n<div class='av-flex-placeholder'><\/div>\n<style type=\"text\/css\" data-created_by=\"avia_inline_auto\" id=\"style-css-av-21ut0x-394f3229cbc2c0b66f350b1a28448f66\">\n.flex_column.av-21ut0x-394f3229cbc2c0b66f350b1a28448f66{\nborder-width:1px;\nborder-style:solid;\nborder-radius:2px 2px 2px 2px;\npadding:20px 20px 20px 20px;\nbackground-color:#ffffff;\n}\n<\/style>\n<div  class='flex_column av-21ut0x-394f3229cbc2c0b66f350b1a28448f66 av_one_third  avia-builder-el-9  el_after_av_one_third  el_before_av_one_third  av-break-at-tablet flex_column_table_cell av-equal-height-column av-align-top  column-top-margin'     ><section  class='av_textblock_section av-1vtk1d-9e30c54694e225f8e1a5a2485a834c8f '   itemscope=\"itemscope\" itemtype=\"https:\/\/schema.org\/CreativeWork\" ><div class='avia_textblock'  itemprop=\"text\" ><p><img loading=\"lazy\" decoding=\"async\" class=\"aligncenter wp-image-5293 size-full\" src=\"https:\/\/www.scandbook.com\/wp-content\/uploads\/2024\/08\/lenita-helala.webp\" alt=\"\" width=\"200\" height=\"134\" \/><\/p>\n<p style=\"text-align: center;\"><strong>Lenita Helala<\/strong><br \/>\n<em>Projektmanager<\/em><br \/>\n<a href=\"tel:+46 23 76 59 33\">+46 23 76 59 33<\/a><br \/>\n<a href=\"mailto:lenita.helala@scandbook.se\">lenita.helala@scandbook.se<\/a><\/p>\n<\/div><\/section><\/div><\/div><!--close column table wrapper. Autoclose: 1 -->\n\n<style type=\"text\/css\" data-created_by=\"avia_inline_auto\" id=\"style-css-av-gvbmp-2b460110a99ef38baceaead323219e06\">\n.flex_column.av-gvbmp-2b460110a99ef38baceaead323219e06{\nborder-width:1px;\nborder-style:solid;\nborder-radius:2px 2px 2px 2px;\npadding:20px 20px 20px 20px;\nbackground-color:#ffffff;\n}\n<\/style>\n<div  class='flex_column av-gvbmp-2b460110a99ef38baceaead323219e06 av_one_third  avia-builder-el-11  el_after_av_one_third  el_before_av_one_third  first flex_column_div  column-top-margin'     ><section  class='av_textblock_section av-8d8c9-1e9230ef41a6450392538e9618244702 '   itemscope=\"itemscope\" itemtype=\"https:\/\/schema.org\/CreativeWork\" ><div class='avia_textblock'  itemprop=\"text\" ><p><img loading=\"lazy\" decoding=\"async\" class=\"wp-image-3332 size-full aligncenter\" src=\"https:\/\/www.scandbook.com\/wp-content\/uploads\/2024\/08\/johan-jansson-200x134-1.webp\" alt=\"Johan jansson\" width=\"200\" height=\"134\" \/><\/p>\n<p style=\"text-align: center;\"><strong>Johan Jansson<\/strong><br \/>\n<em>Projektmanager<\/em><br \/>\n<a href=\"tel:+46 23 76 59 35\">+46 23 76 59 35<\/a><br \/>\n<a href=\"tel:+46 70 446 04 84\">+46 70 446 04 84<\/a><br \/>\n<a href=\"mailto: johan.jansson@scandbook.se\">johan.jansson@scandbook.se<\/a><\/p>\n<\/div><\/section><\/div>\n\n<style type=\"text\/css\" data-created_by=\"avia_inline_auto\" id=\"style-css-av-gvbmp-490aa768d66c44f48886e0138e8a8f39\">\n.flex_column.av-gvbmp-490aa768d66c44f48886e0138e8a8f39{\nborder-radius:0px 0px 0px 0px;\npadding:0px 0px 0px 0px;\n}\n<\/style>\n<div  class='flex_column av-gvbmp-490aa768d66c44f48886e0138e8a8f39 av_one_third  avia-builder-el-13  el_after_av_one_third  el_before_av_one_third  flex_column_div av-zero-column-padding  column-top-margin'     ><section  class='av_textblock_section av-8d8c9-ed8532972ae851d97e59bdfcef4d11c8 '   itemscope=\"itemscope\" itemtype=\"https:\/\/schema.org\/CreativeWork\" ><div class='avia_textblock'  itemprop=\"text\" ><\/div><\/section><\/div>\n\n<style type=\"text\/css\" data-created_by=\"avia_inline_auto\" id=\"style-css-av-av_one_third-699248f23a309dda907cee54960fbaa0\">\n.flex_column.av-av_one_third-699248f23a309dda907cee54960fbaa0{\nborder-radius:0px 0px 0px 0px;\npadding:0px 0px 0px 0px;\n}\n<\/style>\n<div  class='flex_column av-av_one_third-699248f23a309dda907cee54960fbaa0 av_one_third  avia-builder-el-15  el_after_av_one_third  avia-builder-el-last  flex_column_div av-zero-column-padding  column-top-margin'     ><section  class='av_textblock_section av-av_textblock-681aee1dd5a0725615f5b616a49e8b76 '   itemscope=\"itemscope\" itemtype=\"https:\/\/schema.org\/CreativeWork\" ><div class='avia_textblock'  itemprop=\"text\" ><\/div><\/section><\/div>\n","protected":false},"excerpt":{"rendered":"","protected":false},"author":9,"featured_media":13751,"parent":10863,"menu_order":21,"comment_status":"closed","ping_status":"closed","template":"","meta":{"footnotes":""},"class_list":["post-10868","page","type-page","status-publish","has-post-thumbnail","hentry"],"yoast_head":"<!-- This site is optimized with the Yoast SEO Premium plugin v27.4 (Yoast SEO v27.4) - https:\/\/yoast.com\/product\/yoast-seo-premium-wordpress\/ -->\n<title>Falun Schweden - ScandBook<\/title>\n<meta name=\"description\" content=\"Projektmanager: Joachim Hagstr\u00f6m, Anna Johansson, Christina Birath, Lenita Helala und Johan Jansson\" \/>\n<meta name=\"robots\" content=\"index, follow, max-snippet:-1, max-image-preview:large, max-video-preview:-1\" \/>\n<link rel=\"canonical\" href=\"https:\/\/www.scandbook.com\/de\/kontakt\/kundendienst\/falun-schweden\/\" \/>\n<meta property=\"og:locale\" content=\"de_DE\" \/>\n<meta property=\"og:type\" content=\"article\" \/>\n<meta property=\"og:title\" content=\"Falun Schweden\" \/>\n<meta property=\"og:description\" content=\"Projektmanager: Joachim Hagstr\u00f6m, Anna Johansson, Christina Birath, Lenita Helala und Johan Jansson\" \/>\n<meta property=\"og:url\" content=\"https:\/\/www.scandbook.com\/de\/kontakt\/kundendienst\/falun-schweden\/\" \/>\n<meta property=\"og:site_name\" content=\"ScandBook\" \/>\n<meta property=\"article:publisher\" content=\"https:\/\/www.facebook.com\/profile.php?id=100063569394878&amp;sk=about&amp;locale=sv_SE\" \/>\n<meta property=\"article:modified_time\" content=\"2025-02-26T08:34:19+00:00\" \/>\n<meta property=\"og:image\" content=\"https:\/\/www.scandbook.com\/wp-content\/uploads\/2024\/10\/scandbook-funding-climate-action-x.webp\" \/>\n\t<meta property=\"og:image:width\" content=\"200\" \/>\n\t<meta property=\"og:image:height\" content=\"200\" \/>\n\t<meta property=\"og:image:type\" content=\"image\/webp\" \/>\n<meta name=\"twitter:card\" content=\"summary_large_image\" \/>\n<meta name=\"twitter:label1\" content=\"Gesch\u00e4tzte Lesezeit\" \/>\n\t<meta name=\"twitter:data1\" content=\"2\u00a0Minuten\" \/>\n<script type=\"application\/ld+json\" class=\"yoast-schema-graph\">{\"@context\":\"https:\\\/\\\/schema.org\",\"@graph\":[{\"@type\":\"WebPage\",\"@id\":\"https:\\\/\\\/www.scandbook.com\\\/de\\\/kontakt\\\/kundendienst\\\/falun-schweden\\\/\",\"url\":\"https:\\\/\\\/www.scandbook.com\\\/de\\\/kontakt\\\/kundendienst\\\/falun-schweden\\\/\",\"name\":\"Falun Schweden - ScandBook\",\"isPartOf\":{\"@id\":\"https:\\\/\\\/www.scandbook.com\\\/de\\\/#website\"},\"primaryImageOfPage\":{\"@id\":\"https:\\\/\\\/www.scandbook.com\\\/de\\\/kontakt\\\/kundendienst\\\/falun-schweden\\\/#primaryimage\"},\"image\":{\"@id\":\"https:\\\/\\\/www.scandbook.com\\\/de\\\/kontakt\\\/kundendienst\\\/falun-schweden\\\/#primaryimage\"},\"thumbnailUrl\":\"https:\\\/\\\/www.scandbook.com\\\/wp-content\\\/uploads\\\/2024\\\/10\\\/scandbook-funding-climate-action-x.webp\",\"datePublished\":\"2015-11-13T09:56:07+00:00\",\"dateModified\":\"2025-02-26T08:34:19+00:00\",\"description\":\"Projektmanager: Joachim Hagstr\u00f6m, Anna Johansson, Christina Birath, Lenita Helala und Johan Jansson\",\"breadcrumb\":{\"@id\":\"https:\\\/\\\/www.scandbook.com\\\/de\\\/kontakt\\\/kundendienst\\\/falun-schweden\\\/#breadcrumb\"},\"inLanguage\":\"de\",\"potentialAction\":[{\"@type\":\"ReadAction\",\"target\":[\"https:\\\/\\\/www.scandbook.com\\\/de\\\/kontakt\\\/kundendienst\\\/falun-schweden\\\/\"]}]},{\"@type\":\"ImageObject\",\"inLanguage\":\"de\",\"@id\":\"https:\\\/\\\/www.scandbook.com\\\/de\\\/kontakt\\\/kundendienst\\\/falun-schweden\\\/#primaryimage\",\"url\":\"https:\\\/\\\/www.scandbook.com\\\/wp-content\\\/uploads\\\/2024\\\/10\\\/scandbook-funding-climate-action-x.webp\",\"contentUrl\":\"https:\\\/\\\/www.scandbook.com\\\/wp-content\\\/uploads\\\/2024\\\/10\\\/scandbook-funding-climate-action-x.webp\",\"width\":200,\"height\":200},{\"@type\":\"BreadcrumbList\",\"@id\":\"https:\\\/\\\/www.scandbook.com\\\/de\\\/kontakt\\\/kundendienst\\\/falun-schweden\\\/#breadcrumb\",\"itemListElement\":[{\"@type\":\"ListItem\",\"position\":1,\"name\":\"Home\",\"item\":\"https:\\\/\\\/www.scandbook.com\\\/de\\\/\"},{\"@type\":\"ListItem\",\"position\":2,\"name\":\"Kontakt\",\"item\":\"https:\\\/\\\/www.scandbook.com\\\/de\\\/kontakt\\\/?lang=de\"},{\"@type\":\"ListItem\",\"position\":3,\"name\":\"Kundendienst\",\"item\":\"https:\\\/\\\/www.scandbook.com\\\/de\\\/kontakt\\\/kundendienst\\\/\"},{\"@type\":\"ListItem\",\"position\":4,\"name\":\"Falun Schweden\"}]},{\"@type\":\"WebSite\",\"@id\":\"https:\\\/\\\/www.scandbook.com\\\/de\\\/#website\",\"url\":\"https:\\\/\\\/www.scandbook.com\\\/de\\\/\",\"name\":\"ScandBook\",\"description\":\"Skandinaviens f\u00fchrende Druckerei\",\"publisher\":{\"@id\":\"https:\\\/\\\/www.scandbook.com\\\/de\\\/#organization\"},\"potentialAction\":[{\"@type\":\"SearchAction\",\"target\":{\"@type\":\"EntryPoint\",\"urlTemplate\":\"https:\\\/\\\/www.scandbook.com\\\/de\\\/?s={search_term_string}\"},\"query-input\":{\"@type\":\"PropertyValueSpecification\",\"valueRequired\":true,\"valueName\":\"search_term_string\"}}],\"inLanguage\":\"de\"},{\"@type\":\"Organization\",\"@id\":\"https:\\\/\\\/www.scandbook.com\\\/de\\\/#organization\",\"name\":\"ScandBook\",\"url\":\"https:\\\/\\\/www.scandbook.com\\\/de\\\/\",\"logo\":{\"@type\":\"ImageObject\",\"inLanguage\":\"de\",\"@id\":\"https:\\\/\\\/www.scandbook.com\\\/de\\\/#\\\/schema\\\/logo\\\/image\\\/\",\"url\":\"https:\\\/\\\/www.scandbook.com\\\/wp-content\\\/uploads\\\/2023\\\/05\\\/scandbook-funding-climate-action.webp\",\"contentUrl\":\"https:\\\/\\\/www.scandbook.com\\\/wp-content\\\/uploads\\\/2023\\\/05\\\/scandbook-funding-climate-action.webp\",\"width\":256,\"height\":88,\"caption\":\"ScandBook\"},\"image\":{\"@id\":\"https:\\\/\\\/www.scandbook.com\\\/de\\\/#\\\/schema\\\/logo\\\/image\\\/\"},\"sameAs\":[\"https:\\\/\\\/www.facebook.com\\\/profile.php?id=100063569394878&sk=about&locale=sv_SE\",\"https:\\\/\\\/www.linkedin.com\\\/company\\\/scandbook-ab\\\/\"]}]}<\/script>\n<!-- \/ Yoast SEO Premium plugin. -->","yoast_head_json":{"title":"Falun Schweden - ScandBook","description":"Projektmanager: Joachim Hagstr\u00f6m, Anna Johansson, Christina Birath, Lenita Helala und Johan Jansson","robots":{"index":"index","follow":"follow","max-snippet":"max-snippet:-1","max-image-preview":"max-image-preview:large","max-video-preview":"max-video-preview:-1"},"canonical":"https:\/\/www.scandbook.com\/de\/kontakt\/kundendienst\/falun-schweden\/","og_locale":"de_DE","og_type":"article","og_title":"Falun Schweden","og_description":"Projektmanager: Joachim Hagstr\u00f6m, Anna Johansson, Christina Birath, Lenita Helala und Johan Jansson","og_url":"https:\/\/www.scandbook.com\/de\/kontakt\/kundendienst\/falun-schweden\/","og_site_name":"ScandBook","article_publisher":"https:\/\/www.facebook.com\/profile.php?id=100063569394878&sk=about&locale=sv_SE","article_modified_time":"2025-02-26T08:34:19+00:00","og_image":[{"width":200,"height":200,"url":"https:\/\/www.scandbook.com\/wp-content\/uploads\/2024\/10\/scandbook-funding-climate-action-x.webp","type":"image\/webp"}],"twitter_card":"summary_large_image","twitter_misc":{"Gesch\u00e4tzte Lesezeit":"2\u00a0Minuten"},"schema":{"@context":"https:\/\/schema.org","@graph":[{"@type":"WebPage","@id":"https:\/\/www.scandbook.com\/de\/kontakt\/kundendienst\/falun-schweden\/","url":"https:\/\/www.scandbook.com\/de\/kontakt\/kundendienst\/falun-schweden\/","name":"Falun Schweden - ScandBook","isPartOf":{"@id":"https:\/\/www.scandbook.com\/de\/#website"},"primaryImageOfPage":{"@id":"https:\/\/www.scandbook.com\/de\/kontakt\/kundendienst\/falun-schweden\/#primaryimage"},"image":{"@id":"https:\/\/www.scandbook.com\/de\/kontakt\/kundendienst\/falun-schweden\/#primaryimage"},"thumbnailUrl":"https:\/\/www.scandbook.com\/wp-content\/uploads\/2024\/10\/scandbook-funding-climate-action-x.webp","datePublished":"2015-11-13T09:56:07+00:00","dateModified":"2025-02-26T08:34:19+00:00","description":"Projektmanager: Joachim Hagstr\u00f6m, Anna Johansson, Christina Birath, Lenita Helala und Johan Jansson","breadcrumb":{"@id":"https:\/\/www.scandbook.com\/de\/kontakt\/kundendienst\/falun-schweden\/#breadcrumb"},"inLanguage":"de","potentialAction":[{"@type":"ReadAction","target":["https:\/\/www.scandbook.com\/de\/kontakt\/kundendienst\/falun-schweden\/"]}]},{"@type":"ImageObject","inLanguage":"de","@id":"https:\/\/www.scandbook.com\/de\/kontakt\/kundendienst\/falun-schweden\/#primaryimage","url":"https:\/\/www.scandbook.com\/wp-content\/uploads\/2024\/10\/scandbook-funding-climate-action-x.webp","contentUrl":"https:\/\/www.scandbook.com\/wp-content\/uploads\/2024\/10\/scandbook-funding-climate-action-x.webp","width":200,"height":200},{"@type":"BreadcrumbList","@id":"https:\/\/www.scandbook.com\/de\/kontakt\/kundendienst\/falun-schweden\/#breadcrumb","itemListElement":[{"@type":"ListItem","position":1,"name":"Home","item":"https:\/\/www.scandbook.com\/de\/"},{"@type":"ListItem","position":2,"name":"Kontakt","item":"https:\/\/www.scandbook.com\/de\/kontakt\/?lang=de"},{"@type":"ListItem","position":3,"name":"Kundendienst","item":"https:\/\/www.scandbook.com\/de\/kontakt\/kundendienst\/"},{"@type":"ListItem","position":4,"name":"Falun Schweden"}]},{"@type":"WebSite","@id":"https:\/\/www.scandbook.com\/de\/#website","url":"https:\/\/www.scandbook.com\/de\/","name":"ScandBook","description":"Skandinaviens f\u00fchrende Druckerei","publisher":{"@id":"https:\/\/www.scandbook.com\/de\/#organization"},"potentialAction":[{"@type":"SearchAction","target":{"@type":"EntryPoint","urlTemplate":"https:\/\/www.scandbook.com\/de\/?s={search_term_string}"},"query-input":{"@type":"PropertyValueSpecification","valueRequired":true,"valueName":"search_term_string"}}],"inLanguage":"de"},{"@type":"Organization","@id":"https:\/\/www.scandbook.com\/de\/#organization","name":"ScandBook","url":"https:\/\/www.scandbook.com\/de\/","logo":{"@type":"ImageObject","inLanguage":"de","@id":"https:\/\/www.scandbook.com\/de\/#\/schema\/logo\/image\/","url":"https:\/\/www.scandbook.com\/wp-content\/uploads\/2023\/05\/scandbook-funding-climate-action.webp","contentUrl":"https:\/\/www.scandbook.com\/wp-content\/uploads\/2023\/05\/scandbook-funding-climate-action.webp","width":256,"height":88,"caption":"ScandBook"},"image":{"@id":"https:\/\/www.scandbook.com\/de\/#\/schema\/logo\/image\/"},"sameAs":["https:\/\/www.facebook.com\/profile.php?id=100063569394878&sk=about&locale=sv_SE","https:\/\/www.linkedin.com\/company\/scandbook-ab\/"]}]}},"_links":{"self":[{"href":"https:\/\/www.scandbook.com\/de\/wp-json\/wp\/v2\/pages\/10868","targetHints":{"allow":["GET"]}}],"collection":[{"href":"https:\/\/www.scandbook.com\/de\/wp-json\/wp\/v2\/pages"}],"about":[{"href":"https:\/\/www.scandbook.com\/de\/wp-json\/wp\/v2\/types\/page"}],"author":[{"embeddable":true,"href":"https:\/\/www.scandbook.com\/de\/wp-json\/wp\/v2\/users\/9"}],"replies":[{"embeddable":true,"href":"https:\/\/www.scandbook.com\/de\/wp-json\/wp\/v2\/comments?post=10868"}],"version-history":[{"count":19,"href":"https:\/\/www.scandbook.com\/de\/wp-json\/wp\/v2\/pages\/10868\/revisions"}],"predecessor-version":[{"id":14024,"href":"https:\/\/www.scandbook.com\/de\/wp-json\/wp\/v2\/pages\/10868\/revisions\/14024"}],"up":[{"embeddable":true,"href":"https:\/\/www.scandbook.com\/de\/wp-json\/wp\/v2\/pages\/10863"}],"wp:featuredmedia":[{"embeddable":true,"href":"https:\/\/www.scandbook.com\/de\/wp-json\/wp\/v2\/media\/13751"}],"wp:attachment":[{"href":"https:\/\/www.scandbook.com\/de\/wp-json\/wp\/v2\/media?parent=10868"}],"curies":[{"name":"wp","href":"https:\/\/api.w.org\/{rel}","templated":true}]}}