{"id":10863,"date":"2016-01-15T10:16:19","date_gmt":"2016-01-15T09:16:19","guid":{"rendered":"https:\/\/www.scandbook.com\/kontakt\/customer-services\/"},"modified":"2025-02-24T08:28:34","modified_gmt":"2025-02-24T07:28:34","slug":"kundendienst","status":"publish","type":"page","link":"https:\/\/www.scandbook.com\/de\/kontakt\/kundendienst\/","title":{"rendered":"Kundendienst"},"content":{"rendered":"\n\n<style type=\"text\/css\" data-created_by=\"avia_inline_auto\" id=\"style-css-av-1cbllf-54750d4ad889c942803d8afa32c171e3\">\n.flex_column.av-1cbllf-54750d4ad889c942803d8afa32c171e3{\nborder-radius:0px 0px 0px 0px;\npadding:0px 0px 0px 0px;\n}\n<\/style>\n<div  class='flex_column av-1cbllf-54750d4ad889c942803d8afa32c171e3 av_one_full  avia-builder-el-1  el_after_av_codeblock  el_before_av_one_full  first flex_column_div av-zero-column-padding  '     ><style type=\"text\/css\" data-created_by=\"avia_inline_auto\" id=\"style-css-av-16z6wb-bbaf2fc1986f0bdad34d84e41a00f2cc\">\n.avia-image-container.av-16z6wb-bbaf2fc1986f0bdad34d84e41a00f2cc img.avia_image{\nbox-shadow:none;\n}\n.avia-image-container.av-16z6wb-bbaf2fc1986f0bdad34d84e41a00f2cc .av-image-caption-overlay-center{\ncolor:#ffffff;\n}\n<\/style>\n<div  class='avia-image-container av-16z6wb-bbaf2fc1986f0bdad34d84e41a00f2cc av-styling- avia-align-center  avia-builder-el-2  avia-builder-el-no-sibling '   itemprop=\"image\" itemscope=\"itemscope\" itemtype=\"https:\/\/schema.org\/ImageObject\" ><div class=\"avia-image-container-inner\"><div class=\"avia-image-overlay-wrap\"><img decoding=\"async\" fetchpriority=\"high\" class='wp-image-13568 avia-img-lazy-loading-not-13568 avia_image ' src=\"https:\/\/www.scandbook.com\/wp-content\/uploads\/2024\/08\/kontakta.webp\" alt='' title='kontakta'  height=\"402\" width=\"1024\"  itemprop=\"thumbnailUrl\" srcset=\"https:\/\/www.scandbook.com\/wp-content\/uploads\/2024\/08\/kontakta.webp 1024w, https:\/\/www.scandbook.com\/wp-content\/uploads\/2024\/08\/kontakta-300x118.webp 300w, https:\/\/www.scandbook.com\/wp-content\/uploads\/2024\/08\/kontakta-768x302.webp 768w, https:\/\/www.scandbook.com\/wp-content\/uploads\/2024\/08\/kontakta-705x277.webp 705w\" sizes=\"(max-width: 1024px) 100vw, 1024px\" \/><\/div><\/div><\/div><\/div>\n\n<style type=\"text\/css\" data-created_by=\"avia_inline_auto\" id=\"style-css-av-10p1oz-740feff2375fc865be269185ecaa9e79\">\n.flex_column.av-10p1oz-740feff2375fc865be269185ecaa9e79{\nborder-radius:0px 0px 0px 0px;\npadding:0px 0px 0px 0px;\n}\n<\/style>\n<div  class='flex_column av-10p1oz-740feff2375fc865be269185ecaa9e79 av_one_full  avia-builder-el-3  el_after_av_one_full  el_before_av_one_half  first flex_column_div av-zero-column-padding  column-top-margin'     ><section  class='av_textblock_section av-zgyi3-ea10cb39f1d17cf3668ba3f2f2c7b394 '   itemscope=\"itemscope\" itemtype=\"https:\/\/schema.org\/CreativeWork\" ><div class='avia_textblock'  itemprop=\"text\" ><h1>Kundendienst<\/h1>\n<h3>Unser erfahrenes B\u00fcropersonal ist immer f\u00fcr Sie da, um sich um Ihre Fragen und Bestellungen zu k\u00fcmmern und Ihre Produktionen zu \u00fcberwachen.<\/h3>\n<p>Jeder Kunde genie\u00dft seinen eigenen Projektmanager, mit einem Backup im Team.<\/p>\n<\/div><\/section><\/div>\n<div class='flex_column_table av-r1qlv-d845e30984f1b86a157c53d05a72a32d sc-av_one_half av-equal-height-column-flextable'>\n<style type=\"text\/css\" data-created_by=\"avia_inline_auto\" id=\"style-css-av-r1qlv-d845e30984f1b86a157c53d05a72a32d\">\n.flex_column.av-r1qlv-d845e30984f1b86a157c53d05a72a32d{\nborder-width:1px;\nborder-style:solid;\nborder-radius:2px 2px 2px 2px;\npadding:20px 20px 20px 20px;\nbackground-color:#ffffff;\n}\n<\/style>\n<div  class='flex_column av-r1qlv-d845e30984f1b86a157c53d05a72a32d av_one_half  avia-builder-el-5  el_after_av_one_full  el_before_av_one_half  first flex_column_table_cell av-equal-height-column av-align-top  column-top-margin'     ><section  class='av_textblock_section av-kdljn-928ca2a435d9844339c11b2a78ddfacd '   itemscope=\"itemscope\" itemtype=\"https:\/\/schema.org\/CreativeWork\" ><div class='avia_textblock'  itemprop=\"text\" ><h2>Kontakt Schweden<\/h2>\n<p><strong>Besuchsadresse:<\/strong> L\u00f6v\u00e5sv\u00e4gen 24<br \/>\nSE-791 45 Falun, Schweden<br \/>\n<strong>Postanschrift:<\/strong> Postfach 734<br \/>\nSE-791 29 Falun, Schweden<br \/>\n<strong>Telefon:<\/strong> <a href=\"tel:+46 23 76 59 00\">+46 23 76 59 00<\/a><br \/>\n<strong>E-Mail:<\/strong> <a href=\"mailto:info@scandbook.se\">info@scandbook.se<\/a><\/p>\n<\/div><\/section><\/div><div class='av-flex-placeholder'><\/div>\n<style type=\"text\/css\" data-created_by=\"avia_inline_auto\" id=\"style-css-av-av_one_half-d104f8679275b3428066bacd9a5f1443\">\n.flex_column.av-av_one_half-d104f8679275b3428066bacd9a5f1443{\nborder-width:1px;\nborder-style:solid;\nborder-radius:2px 2px 2px 2px;\npadding:20px 20px 20px 20px;\nbackground-color:#ffffff;\n}\n<\/style>\n<div  class='flex_column av-av_one_half-d104f8679275b3428066bacd9a5f1443 av_one_half  avia-builder-el-7  el_after_av_one_half  avia-builder-el-last  flex_column_table_cell av-equal-height-column av-align-top  column-top-margin'     ><section  class='av_textblock_section av-7o23f-56a427f236e0066b6bbf4711942caae7 '   itemscope=\"itemscope\" itemtype=\"https:\/\/schema.org\/CreativeWork\" ><div class='avia_textblock'  itemprop=\"text\" ><h2>Kontakt Litauen<\/h2>\n<p><strong>Adresse:<\/strong> Gamyklos g. 23, Gargzdai, Litauen<br \/>\n<strong>Postleitzahl:<\/strong> LT-96155<br \/>\n<strong>B\u00fcrotelefon:<\/strong> <a href=\"tel:+370 46 42 03 00\">+370 46 42 03 00<\/a><br \/>\n<strong>Fax:<\/strong> +370 46 45 40 40<br \/>\n<strong>E-Mail:<\/strong> <a href=\"mailto:info@scandbook.lt\">info@scandbook.lt<\/a><\/p>\n<hr \/>\n<p><strong>Kundendienstzentrum:<\/strong> <a href=\"tel:+370 46 42 03 02\">+370 46 42 03 02<\/a><br \/>\n<strong>E-Mail:<\/strong> <a href=\"mailto:clientservice@scandbook.lt\">clientservice@scandbook.lt<\/a><\/p>\n<\/div><\/section><\/div><\/div><!--close column table wrapper. Autoclose: 1 --><\/p>\n","protected":false},"excerpt":{"rendered":"","protected":false},"author":9,"featured_media":0,"parent":10845,"menu_order":12,"comment_status":"closed","ping_status":"closed","template":"","meta":{"footnotes":""},"class_list":["post-10863","page","type-page","status-publish","hentry"],"yoast_head":"<!-- This site is optimized with the Yoast SEO Premium plugin v27.5 (Yoast SEO v27.5) - https:\/\/yoast.com\/product\/yoast-seo-premium-wordpress\/ -->\n<title>Kundendienst - ScandBook<\/title>\n<meta name=\"description\" content=\"Our experienced office staff is always there to take care of your questions and orders and to monitor your productions. Each customer enjoys his\/her..\" \/>\n<meta name=\"robots\" content=\"index, follow, max-snippet:-1, max-image-preview:large, max-video-preview:-1\" \/>\n<link rel=\"canonical\" href=\"https:\/\/www.scandbook.com\/de\/kontakt\/kundendienst\/\" \/>\n<meta property=\"og:locale\" content=\"de_DE\" \/>\n<meta property=\"og:type\" content=\"article\" \/>\n<meta property=\"og:title\" content=\"Kundendienst\" \/>\n<meta property=\"og:description\" content=\"Our experienced office staff is always there to take care of your questions and orders and to monitor your productions. Each customer enjoys his\/her..\" \/>\n<meta property=\"og:url\" content=\"https:\/\/www.scandbook.com\/de\/kontakt\/kundendienst\/\" \/>\n<meta property=\"og:site_name\" content=\"ScandBook\" \/>\n<meta property=\"article:publisher\" content=\"https:\/\/www.facebook.com\/profile.php?id=100063569394878&amp;sk=about&amp;locale=sv_SE\" \/>\n<meta property=\"article:modified_time\" content=\"2025-02-24T07:28:34+00:00\" \/>\n<meta name=\"twitter:card\" content=\"summary_large_image\" \/>\n<meta name=\"twitter:label1\" content=\"Gesch\u00e4tzte Lesezeit\" \/>\n\t<meta name=\"twitter:data1\" content=\"1\u00a0Minute\" \/>\n<script type=\"application\/ld+json\" class=\"yoast-schema-graph\">{\"@context\":\"https:\\\/\\\/schema.org\",\"@graph\":[{\"@type\":\"WebPage\",\"@id\":\"https:\\\/\\\/www.scandbook.com\\\/de\\\/kontakt\\\/kundendienst\\\/\",\"url\":\"https:\\\/\\\/www.scandbook.com\\\/de\\\/kontakt\\\/kundendienst\\\/\",\"name\":\"Kundendienst - ScandBook\",\"isPartOf\":{\"@id\":\"https:\\\/\\\/www.scandbook.com\\\/de\\\/#website\"},\"datePublished\":\"2016-01-15T09:16:19+00:00\",\"dateModified\":\"2025-02-24T07:28:34+00:00\",\"description\":\"Our experienced office staff is always there to take care of your questions and orders and to monitor your productions. Each customer enjoys his\\\/her..\",\"breadcrumb\":{\"@id\":\"https:\\\/\\\/www.scandbook.com\\\/de\\\/kontakt\\\/kundendienst\\\/#breadcrumb\"},\"inLanguage\":\"de\",\"potentialAction\":[{\"@type\":\"ReadAction\",\"target\":[\"https:\\\/\\\/www.scandbook.com\\\/de\\\/kontakt\\\/kundendienst\\\/\"]}]},{\"@type\":\"BreadcrumbList\",\"@id\":\"https:\\\/\\\/www.scandbook.com\\\/de\\\/kontakt\\\/kundendienst\\\/#breadcrumb\",\"itemListElement\":[{\"@type\":\"ListItem\",\"position\":1,\"name\":\"Home\",\"item\":\"https:\\\/\\\/www.scandbook.com\\\/de\\\/\"},{\"@type\":\"ListItem\",\"position\":2,\"name\":\"Kontakt\",\"item\":\"https:\\\/\\\/www.scandbook.com\\\/de\\\/kontakt\\\/?lang=de\"},{\"@type\":\"ListItem\",\"position\":3,\"name\":\"Kundendienst\"}]},{\"@type\":\"WebSite\",\"@id\":\"https:\\\/\\\/www.scandbook.com\\\/de\\\/#website\",\"url\":\"https:\\\/\\\/www.scandbook.com\\\/de\\\/\",\"name\":\"ScandBook\",\"description\":\"Skandinaviens f\u00fchrende Druckerei\",\"publisher\":{\"@id\":\"https:\\\/\\\/www.scandbook.com\\\/de\\\/#organization\"},\"potentialAction\":[{\"@type\":\"SearchAction\",\"target\":{\"@type\":\"EntryPoint\",\"urlTemplate\":\"https:\\\/\\\/www.scandbook.com\\\/de\\\/?s={search_term_string}\"},\"query-input\":{\"@type\":\"PropertyValueSpecification\",\"valueRequired\":true,\"valueName\":\"search_term_string\"}}],\"inLanguage\":\"de\"},{\"@type\":\"Organization\",\"@id\":\"https:\\\/\\\/www.scandbook.com\\\/de\\\/#organization\",\"name\":\"ScandBook\",\"url\":\"https:\\\/\\\/www.scandbook.com\\\/de\\\/\",\"logo\":{\"@type\":\"ImageObject\",\"inLanguage\":\"de\",\"@id\":\"https:\\\/\\\/www.scandbook.com\\\/de\\\/#\\\/schema\\\/logo\\\/image\\\/\",\"url\":\"https:\\\/\\\/www.scandbook.com\\\/wp-content\\\/uploads\\\/2023\\\/05\\\/scandbook-funding-climate-action.webp\",\"contentUrl\":\"https:\\\/\\\/www.scandbook.com\\\/wp-content\\\/uploads\\\/2023\\\/05\\\/scandbook-funding-climate-action.webp\",\"width\":256,\"height\":88,\"caption\":\"ScandBook\"},\"image\":{\"@id\":\"https:\\\/\\\/www.scandbook.com\\\/de\\\/#\\\/schema\\\/logo\\\/image\\\/\"},\"sameAs\":[\"https:\\\/\\\/www.facebook.com\\\/profile.php?id=100063569394878&sk=about&locale=sv_SE\",\"https:\\\/\\\/www.linkedin.com\\\/company\\\/scandbook-ab\\\/\"]}]}<\/script>\n<!-- \/ Yoast SEO Premium plugin. -->","yoast_head_json":{"title":"Kundendienst - ScandBook","description":"Our experienced office staff is always there to take care of your questions and orders and to monitor your productions. Each customer enjoys his\/her..","robots":{"index":"index","follow":"follow","max-snippet":"max-snippet:-1","max-image-preview":"max-image-preview:large","max-video-preview":"max-video-preview:-1"},"canonical":"https:\/\/www.scandbook.com\/de\/kontakt\/kundendienst\/","og_locale":"de_DE","og_type":"article","og_title":"Kundendienst","og_description":"Our experienced office staff is always there to take care of your questions and orders and to monitor your productions. Each customer enjoys his\/her..","og_url":"https:\/\/www.scandbook.com\/de\/kontakt\/kundendienst\/","og_site_name":"ScandBook","article_publisher":"https:\/\/www.facebook.com\/profile.php?id=100063569394878&sk=about&locale=sv_SE","article_modified_time":"2025-02-24T07:28:34+00:00","twitter_card":"summary_large_image","twitter_misc":{"Gesch\u00e4tzte Lesezeit":"1\u00a0Minute"},"schema":{"@context":"https:\/\/schema.org","@graph":[{"@type":"WebPage","@id":"https:\/\/www.scandbook.com\/de\/kontakt\/kundendienst\/","url":"https:\/\/www.scandbook.com\/de\/kontakt\/kundendienst\/","name":"Kundendienst - ScandBook","isPartOf":{"@id":"https:\/\/www.scandbook.com\/de\/#website"},"datePublished":"2016-01-15T09:16:19+00:00","dateModified":"2025-02-24T07:28:34+00:00","description":"Our experienced office staff is always there to take care of your questions and orders and to monitor your productions. Each customer enjoys his\/her..","breadcrumb":{"@id":"https:\/\/www.scandbook.com\/de\/kontakt\/kundendienst\/#breadcrumb"},"inLanguage":"de","potentialAction":[{"@type":"ReadAction","target":["https:\/\/www.scandbook.com\/de\/kontakt\/kundendienst\/"]}]},{"@type":"BreadcrumbList","@id":"https:\/\/www.scandbook.com\/de\/kontakt\/kundendienst\/#breadcrumb","itemListElement":[{"@type":"ListItem","position":1,"name":"Home","item":"https:\/\/www.scandbook.com\/de\/"},{"@type":"ListItem","position":2,"name":"Kontakt","item":"https:\/\/www.scandbook.com\/de\/kontakt\/?lang=de"},{"@type":"ListItem","position":3,"name":"Kundendienst"}]},{"@type":"WebSite","@id":"https:\/\/www.scandbook.com\/de\/#website","url":"https:\/\/www.scandbook.com\/de\/","name":"ScandBook","description":"Skandinaviens f\u00fchrende Druckerei","publisher":{"@id":"https:\/\/www.scandbook.com\/de\/#organization"},"potentialAction":[{"@type":"SearchAction","target":{"@type":"EntryPoint","urlTemplate":"https:\/\/www.scandbook.com\/de\/?s={search_term_string}"},"query-input":{"@type":"PropertyValueSpecification","valueRequired":true,"valueName":"search_term_string"}}],"inLanguage":"de"},{"@type":"Organization","@id":"https:\/\/www.scandbook.com\/de\/#organization","name":"ScandBook","url":"https:\/\/www.scandbook.com\/de\/","logo":{"@type":"ImageObject","inLanguage":"de","@id":"https:\/\/www.scandbook.com\/de\/#\/schema\/logo\/image\/","url":"https:\/\/www.scandbook.com\/wp-content\/uploads\/2023\/05\/scandbook-funding-climate-action.webp","contentUrl":"https:\/\/www.scandbook.com\/wp-content\/uploads\/2023\/05\/scandbook-funding-climate-action.webp","width":256,"height":88,"caption":"ScandBook"},"image":{"@id":"https:\/\/www.scandbook.com\/de\/#\/schema\/logo\/image\/"},"sameAs":["https:\/\/www.facebook.com\/profile.php?id=100063569394878&sk=about&locale=sv_SE","https:\/\/www.linkedin.com\/company\/scandbook-ab\/"]}]}},"_links":{"self":[{"href":"https:\/\/www.scandbook.com\/de\/wp-json\/wp\/v2\/pages\/10863","targetHints":{"allow":["GET"]}}],"collection":[{"href":"https:\/\/www.scandbook.com\/de\/wp-json\/wp\/v2\/pages"}],"about":[{"href":"https:\/\/www.scandbook.com\/de\/wp-json\/wp\/v2\/types\/page"}],"author":[{"embeddable":true,"href":"https:\/\/www.scandbook.com\/de\/wp-json\/wp\/v2\/users\/9"}],"replies":[{"embeddable":true,"href":"https:\/\/www.scandbook.com\/de\/wp-json\/wp\/v2\/comments?post=10863"}],"version-history":[{"count":7,"href":"https:\/\/www.scandbook.com\/de\/wp-json\/wp\/v2\/pages\/10863\/revisions"}],"predecessor-version":[{"id":13970,"href":"https:\/\/www.scandbook.com\/de\/wp-json\/wp\/v2\/pages\/10863\/revisions\/13970"}],"up":[{"embeddable":true,"href":"https:\/\/www.scandbook.com\/de\/wp-json\/wp\/v2\/pages\/10845"}],"wp:attachment":[{"href":"https:\/\/www.scandbook.com\/de\/wp-json\/wp\/v2\/media?parent=10863"}],"curies":[{"name":"wp","href":"https:\/\/api.w.org\/{rel}","templated":true}]}}