{"id":10850,"date":"2016-01-25T14:20:21","date_gmt":"2016-01-25T13:20:21","guid":{"rendered":"https:\/\/www.scandbook.com\/kontakt\/sales\/"},"modified":"2026-01-07T14:57:53","modified_gmt":"2026-01-07T13:57:53","slug":"vertrieb","status":"publish","type":"page","link":"https:\/\/www.scandbook.com\/de\/kontakt\/vertrieb\/","title":{"rendered":"Vertrieb"},"content":{"rendered":"\n<div  class='flex_column av-9f17h-ea1896904aa141429ed76f31a9ff8046 av_one_full  avia-builder-el-1  el_after_av_codeblock  el_before_av_one_third  first flex_column_div  '     ><section  class='av_textblock_section av-lewlqbwm-e8772888cb477ec36d68e7bb00272851 '   itemscope=\"itemscope\" itemtype=\"https:\/\/schema.org\/CreativeWork\" ><div class='avia_textblock'  itemprop=\"text\" ><h1>Vertrieb<\/h1>\n<\/div><\/section><\/div>\n<div class='flex_column_table av-1o8q19-9ce8b9d5b384f9541561eded9d2b2034 sc-av_one_third av-equal-height-column-flextable'>\n<style type=\"text\/css\" data-created_by=\"avia_inline_auto\" id=\"style-css-av-1o8q19-9ce8b9d5b384f9541561eded9d2b2034\">\n.flex_column.av-1o8q19-9ce8b9d5b384f9541561eded9d2b2034{\nborder-width:1px;\nborder-style:solid;\nborder-radius:2px 2px 2px 2px;\npadding:20px 20px 20px 20px;\nbackground-color:#ffffff;\n}\n<\/style>\n<div  class='flex_column av-1o8q19-9ce8b9d5b384f9541561eded9d2b2034 av_one_third  avia-builder-el-3  el_after_av_one_full  el_before_av_one_third  first flex_column_table_cell av-equal-height-column av-align-top  column-top-margin'     ><section  class='av_textblock_section av-1ivlvh-7d6a54905f57364edd635d03818db8e9 '   itemscope=\"itemscope\" itemtype=\"https:\/\/schema.org\/CreativeWork\" ><div class='avia_textblock'  itemprop=\"text\" ><p><img loading=\"lazy\" decoding=\"async\" class=\"aligncenter wp-image-1759 size-full\" src=\"https:\/\/www.scandbook.com\/wp-content\/uploads\/2024\/08\/kristen-200x134-1.webp\" alt=\"Kristen Sande Jr\" width=\"200\" height=\"134\" \/><\/p>\n<p style=\"text-align: center;\"><strong>Kristen Sande Jr<br \/>\n<\/strong><em>Vertrieb Finnland und Island<br \/>\n<\/em><a href=\"tel:+358 40825 3210\">+358 40825 3210<\/a><br \/>\n<a href=\"mailto:kristen.sande@ednasprint.com\">kristen.sande@scandbook.se<\/a><\/p>\n<\/div><\/section><\/div>\n<div class='av-flex-placeholder'><\/div>\n<style type=\"text\/css\" data-created_by=\"avia_inline_auto\" id=\"style-css-av-33f3o02-d9bfce98110cce02353a852cd47d9298\">\n.flex_column.av-33f3o02-d9bfce98110cce02353a852cd47d9298{\nborder-width:1px;\nborder-style:solid;\nborder-radius:2px 2px 2px 2px;\npadding:20px 20px 20px 20px;\nbackground-color:#ffffff;\n}\n<\/style>\n<div  class='flex_column av-33f3o02-d9bfce98110cce02353a852cd47d9298 av_one_third  avia-builder-el-5  el_after_av_one_third  el_before_av_one_third  flex_column_table_cell av-equal-height-column av-align-top  column-top-margin'     ><section  class='av_textblock_section av-4fjsd-0204547121ca30f24c5829de1ce6393c '   itemscope=\"itemscope\" itemtype=\"https:\/\/schema.org\/CreativeWork\" ><div class='avia_textblock'  itemprop=\"text\" ><p style=\"text-align: center;\"><img loading=\"lazy\" decoding=\"async\" class=\"aligncenter wp-image-2654 size-full\" src=\"https:\/\/www.scandbook.com\/wp-content\/uploads\/2024\/08\/tage-sieverts-200x134-1.webp\" alt=\"tage-sieverts-200x134\" width=\"200\" height=\"134\" \/><strong>Tage Sieverts<\/strong><br \/>\n<em>Vertrieb D\u00e4nemark, Deutschland, Niederlande, Gr\u00f6nland und F\u00e4r\u00f6er Inseln<\/em><br \/>\n<a href=\"tel:+45 40117032\">+45 40117032<\/a><br \/>\n<a href=\"mailto:tage.sieverts@scandbook.se\">tage.sieverts@scandbook.se<\/a><\/p>\n<\/div><\/section><\/div>\n<div class='av-flex-placeholder'><\/div>\n<style type=\"text\/css\" data-created_by=\"avia_inline_auto\" id=\"style-css-av-2mtelsy-557ed449fcffdfb3dde652f1735cf6bf\">\n.flex_column.av-2mtelsy-557ed449fcffdfb3dde652f1735cf6bf{\nborder-width:1px;\nborder-style:solid;\nborder-radius:2px 2px 2px 2px;\npadding:20px 20px 20px 20px;\nbackground-color:#ffffff;\n}\n<\/style>\n<div  class='flex_column av-2mtelsy-557ed449fcffdfb3dde652f1735cf6bf av_one_third  avia-builder-el-7  el_after_av_one_third  el_before_av_one_third  flex_column_table_cell av-equal-height-column av-align-top  column-top-margin'     ><section  class='av_textblock_section av-mk42wtjp-e0c23c16ef0b76a3456bc3538f946931 '   itemscope=\"itemscope\" itemtype=\"https:\/\/schema.org\/CreativeWork\" ><div class='avia_textblock'  itemprop=\"text\" ><p style=\"text-align: center;\"><img loading=\"lazy\" decoding=\"async\" class=\"aligncenter wp-image-2654 size-full\" src=\"https:\/\/www.scandbook.com\/wp-content\/uploads\/2026\/01\/steffen-janum.webp\" alt=\"tage-sieverts-200x134\" width=\"200\" height=\"134\" \/><strong>Steffen Janum<\/strong><br \/>\n<em>Vertrieb Deutschland, und Frankreich<\/em><br \/>\n<a href=\"tel:+45 5092 5555\">+45 5092 5555<\/a><br \/>\n<a href=\"mailto:steffen.janum@norhaven.com\">steffen.janum@norhaven.com<\/a><\/p>\n<\/div><\/section><\/div><\/div><!--close column table wrapper. Autoclose: 1 -->\n<div class='flex_column_table av-26kqxr6-63c650e99d2c69be32b10311aaeea917 sc-av_one_third av-equal-height-column-flextable'>\n<style type=\"text\/css\" data-created_by=\"avia_inline_auto\" id=\"style-css-av-26kqxr6-63c650e99d2c69be32b10311aaeea917\">\n.flex_column.av-26kqxr6-63c650e99d2c69be32b10311aaeea917{\nborder-width:1px;\nborder-style:solid;\nborder-radius:2px 2px 2px 2px;\npadding:20px 20px 20px 20px;\nbackground-color:#ffffff;\n}\n<\/style>\n<div  class='flex_column av-26kqxr6-63c650e99d2c69be32b10311aaeea917 av_one_third  avia-builder-el-9  el_after_av_one_third  el_before_av_one_third  first flex_column_table_cell av-equal-height-column av-align-top  column-top-margin'     ><section  class='av_textblock_section av-am3d1-1-f636f0572cf36d18fee63974bfcd3fd0 '   itemscope=\"itemscope\" itemtype=\"https:\/\/schema.org\/CreativeWork\" ><div class='avia_textblock'  itemprop=\"text\" ><p><img loading=\"lazy\" decoding=\"async\" class=\"aligncenter wp-image-3921\" src=\"https:\/\/www.scandbook.com\/wp-content\/uploads\/2024\/08\/paulius-budrys-2018-300x199-1.webp\" alt=\"Paulius Budrys\" width=\"200\" height=\"133\" \/><\/p>\n<p style=\"text-align: center;\"><strong>Paulius Budrys<\/strong><br \/>\nKey Account Manager<br \/>\n<a href=\"tel:+370 46 461115\">+370 46 461115<\/a><br \/>\n<a href=\"mailto:paulius.budrys@scandbook.lt\">paulius.budrys@scandbook.lt<\/a><\/p>\n<\/div><\/section><\/div>\n<div class='av-flex-placeholder'><\/div>\n<style type=\"text\/css\" data-created_by=\"avia_inline_auto\" id=\"style-css-av-1p0a5tu-6f47bb454011198cafb8235d0b1c3ab3\">\n.flex_column.av-1p0a5tu-6f47bb454011198cafb8235d0b1c3ab3{\nborder-width:1px;\nborder-style:solid;\nborder-radius:2px 2px 2px 2px;\npadding:20px 20px 20px 20px;\nbackground-color:#ffffff;\n}\n<\/style>\n<div  class='flex_column av-1p0a5tu-6f47bb454011198cafb8235d0b1c3ab3 av_one_third  avia-builder-el-11  el_after_av_one_third  el_before_av_one_third  flex_column_table_cell av-equal-height-column av-align-top  column-top-margin'     ><section  class='av_textblock_section av-myzkd-40fd3a67846cf00aede51b8300940fa1 '   itemscope=\"itemscope\" itemtype=\"https:\/\/schema.org\/CreativeWork\" ><div class='avia_textblock'  itemprop=\"text\" ><p><img loading=\"lazy\" decoding=\"async\" class=\"aligncenter wp-image-1230 size-full\" src=\"https:\/\/www.scandbook.com\/wp-content\/uploads\/2024\/08\/jocke-200x134-1.webp\" alt=\"Joachim Hagstr\u00f6m\" width=\"200\" height=\"134\" \/><\/p>\n<p style=\"text-align: center;\"><strong>Joachim Hagstr\u00f6m<\/strong><br \/>\n<em>Vertrieb Norwegen, UK und Irland<\/em><br \/>\n<a href=\"tel:+46 23 76 59 14\">+46 (0) 23 76 59 14<\/a><br \/>\n<a href=\"tel:+46 70 219 21 83\">+46 (0) 70 219 21 83<\/a><br \/>\n<a href=\"mailto:joachim.hagstrom@scandbook.se\">joachim.hagstrom@scandbook.se<\/a><\/p>\n<\/div><\/section><\/div>\n<div class='av-flex-placeholder'><\/div>\n<style type=\"text\/css\" data-created_by=\"avia_inline_auto\" id=\"style-css-av-12pjew2-3645fb05380d8245fae898e68df403ec\">\n.flex_column.av-12pjew2-3645fb05380d8245fae898e68df403ec{\nborder-width:1px;\nborder-style:solid;\nborder-radius:2px 2px 2px 2px;\npadding:20px 20px 20px 20px;\nbackground-color:#ffffff;\n}\n<\/style>\n<div  class='flex_column av-12pjew2-3645fb05380d8245fae898e68df403ec av_one_third  avia-builder-el-13  el_after_av_one_third  el_before_av_one_third  flex_column_table_cell av-equal-height-column av-align-top  column-top-margin'     ><section  class='av_textblock_section av-myzkd-3-306b2e60e7ab1a9b31ca903c3e380114 '   itemscope=\"itemscope\" itemtype=\"https:\/\/schema.org\/CreativeWork\" ><div class='avia_textblock'  itemprop=\"text\" ><p><img loading=\"lazy\" decoding=\"async\" class=\"wp-image-3332 size-full aligncenter\" src=\"https:\/\/www.scandbook.com\/wp-content\/uploads\/2024\/08\/johan-jansson-200x134-1.webp\" alt=\"Johan jansson\" width=\"200\" height=\"134\" \/><\/p>\n<p style=\"text-align: center;\"><strong>Johan Jansson<\/strong><br \/>\n<em>Vertrieb Schweden<\/em><br \/>\n<a href=\"tel:+46 23 76 59 35\">+46 (0) 23 76 59 35<\/a><br \/>\n<a href=\"tel:+46 70 446 04 84\">+46 (0) 70 446 04 84<\/a><br \/>\n<a href=\"mailto: johan.jansson@scandbook.se\">johan.jansson@scandbook.se<\/a><\/p>\n<\/div><\/section><\/div><\/div><!--close column table wrapper. Autoclose: 1 -->\n<div class='flex_column_table av-l1uwaq-7501549f8cbce9a79e2c575451bcafd5 sc-av_one_third av-equal-height-column-flextable'>\n<style type=\"text\/css\" data-created_by=\"avia_inline_auto\" id=\"style-css-av-l1uwaq-7501549f8cbce9a79e2c575451bcafd5\">\n.flex_column.av-l1uwaq-7501549f8cbce9a79e2c575451bcafd5{\nborder-width:1px;\nborder-style:solid;\nborder-radius:2px 2px 2px 2px;\npadding:20px 20px 20px 20px;\nbackground-color:#ffffff;\n}\n<\/style>\n<div  class='flex_column av-l1uwaq-7501549f8cbce9a79e2c575451bcafd5 av_one_third  avia-builder-el-15  el_after_av_one_third  el_before_av_one_third  first flex_column_table_cell av-equal-height-column av-align-top  column-top-margin'     ><section  class='av_textblock_section av-am3d1-fb2e59ec3f6ba46e9d0fdcdda85eb3de '   itemscope=\"itemscope\" itemtype=\"https:\/\/schema.org\/CreativeWork\" ><div class='avia_textblock'  itemprop=\"text\" ><p><img loading=\"lazy\" decoding=\"async\" class=\"aligncenter wp-image-3919\" src=\"https:\/\/www.scandbook.com\/wp-content\/uploads\/2024\/08\/jurgita-mazeikiene-2018-300x199-1.webp\" alt=\"Jurgita Ma\u017eeikien\u0117\" width=\"200\" height=\"133\" \/><\/p>\n<p style=\"text-align: center;\"><strong>Jurgita Ma\u017eeikien\u0117<br \/>\n<\/strong><em>Vertrieb Litauen<\/em><br \/>\n<a href=\"tel:+370 46 461116\">+370 46 461116<\/a><br \/>\n<a href=\"mailto:jurgita.mazeikiene@scandbook.lt\">jurgita.mazeikiene@scandbook.lt<\/a><\/p>\n<\/div><\/section><\/div>\n<div class='av-flex-placeholder'><\/div>\n<style type=\"text\/css\" data-created_by=\"avia_inline_auto\" id=\"style-css-av-av_one_third-d104f8679275b3428066bacd9a5f1443\">\n.flex_column.av-av_one_third-d104f8679275b3428066bacd9a5f1443{\nborder-width:1px;\nborder-style:solid;\nborder-radius:2px 2px 2px 2px;\npadding:20px 20px 20px 20px;\nbackground-color:#ffffff;\n}\n<\/style>\n<div  class='flex_column av-av_one_third-d104f8679275b3428066bacd9a5f1443 av_one_third  avia-builder-el-17  el_after_av_one_third  el_before_av_one_third  flex_column_table_cell av-equal-height-column av-align-top  column-top-margin'     ><\/div><div class='av-flex-placeholder'><\/div>\n<style type=\"text\/css\" data-created_by=\"avia_inline_auto\" id=\"style-css-av-av_one_third-d104f8679275b3428066bacd9a5f1443\">\n.flex_column.av-av_one_third-d104f8679275b3428066bacd9a5f1443{\nborder-width:1px;\nborder-style:solid;\nborder-radius:2px 2px 2px 2px;\npadding:20px 20px 20px 20px;\nbackground-color:#ffffff;\n}\n<\/style>\n<div  class='flex_column av-av_one_third-d104f8679275b3428066bacd9a5f1443 av_one_third  avia-builder-el-18  el_after_av_one_third  avia-builder-el-last  flex_column_table_cell av-equal-height-column av-align-top  column-top-margin'     ><\/div><\/div><!--close column table wrapper. Autoclose: 1 --><\/p>\n","protected":false},"excerpt":{"rendered":"","protected":false},"author":9,"featured_media":0,"parent":10845,"menu_order":0,"comment_status":"closed","ping_status":"closed","template":"","meta":{"footnotes":""},"class_list":["post-10850","page","type-page","status-publish","hentry"],"yoast_head":"<!-- This site is optimized with the Yoast SEO Premium plugin v27.5 (Yoast SEO v27.5) - https:\/\/yoast.com\/product\/yoast-seo-premium-wordpress\/ -->\n<title>Vertrieb - ScandBook<\/title>\n<meta name=\"description\" content=\"Vertrieb England, Finland, Iceland, Denmark, Greenland, Faroe Islands, Norway, Sweden und Lithuania\" \/>\n<meta name=\"robots\" content=\"index, follow, max-snippet:-1, max-image-preview:large, max-video-preview:-1\" \/>\n<link rel=\"canonical\" href=\"https:\/\/www.scandbook.com\/de\/kontakt\/vertrieb\/\" \/>\n<meta property=\"og:locale\" content=\"de_DE\" \/>\n<meta property=\"og:type\" content=\"article\" \/>\n<meta property=\"og:title\" content=\"Vertrieb\" \/>\n<meta property=\"og:description\" content=\"Vertrieb England, Finland, Iceland, Denmark, Greenland, Faroe Islands, Norway, Sweden und Lithuania\" \/>\n<meta property=\"og:url\" content=\"https:\/\/www.scandbook.com\/de\/kontakt\/vertrieb\/\" \/>\n<meta property=\"og:site_name\" content=\"ScandBook\" \/>\n<meta property=\"article:publisher\" content=\"https:\/\/www.facebook.com\/profile.php?id=100063569394878&amp;sk=about&amp;locale=sv_SE\" \/>\n<meta property=\"article:modified_time\" content=\"2026-01-07T13:57:53+00:00\" \/>\n<meta property=\"og:image\" content=\"https:\/\/www.scandbook.com\/wp-content\/uploads\/2016\/01\/kristen-200x134.jpg\" \/>\n\t<meta property=\"og:image:width\" content=\"200\" \/>\n\t<meta property=\"og:image:height\" content=\"134\" \/>\n\t<meta property=\"og:image:type\" content=\"image\/jpeg\" \/>\n<meta name=\"twitter:card\" content=\"summary_large_image\" \/>\n<meta name=\"twitter:label1\" content=\"Gesch\u00e4tzte Lesezeit\" \/>\n\t<meta name=\"twitter:data1\" content=\"2\u00a0Minuten\" \/>\n<script type=\"application\/ld+json\" class=\"yoast-schema-graph\">{\"@context\":\"https:\\\/\\\/schema.org\",\"@graph\":[{\"@type\":\"WebPage\",\"@id\":\"https:\\\/\\\/www.scandbook.com\\\/de\\\/kontakt\\\/vertrieb\\\/\",\"url\":\"https:\\\/\\\/www.scandbook.com\\\/de\\\/kontakt\\\/vertrieb\\\/\",\"name\":\"Vertrieb - ScandBook\",\"isPartOf\":{\"@id\":\"https:\\\/\\\/www.scandbook.com\\\/de\\\/#website\"},\"primaryImageOfPage\":{\"@id\":\"https:\\\/\\\/www.scandbook.com\\\/de\\\/kontakt\\\/vertrieb\\\/#primaryimage\"},\"image\":{\"@id\":\"https:\\\/\\\/www.scandbook.com\\\/de\\\/kontakt\\\/vertrieb\\\/#primaryimage\"},\"thumbnailUrl\":\"https:\\\/\\\/www.scandbook.com\\\/wp-content\\\/uploads\\\/2024\\\/08\\\/kristen-200x134-1.webp\",\"datePublished\":\"2016-01-25T13:20:21+00:00\",\"dateModified\":\"2026-01-07T13:57:53+00:00\",\"description\":\"Vertrieb England, Finland, Iceland, Denmark, Greenland, Faroe Islands, Norway, Sweden und Lithuania\",\"breadcrumb\":{\"@id\":\"https:\\\/\\\/www.scandbook.com\\\/de\\\/kontakt\\\/vertrieb\\\/#breadcrumb\"},\"inLanguage\":\"de\",\"potentialAction\":[{\"@type\":\"ReadAction\",\"target\":[\"https:\\\/\\\/www.scandbook.com\\\/de\\\/kontakt\\\/vertrieb\\\/\"]}]},{\"@type\":\"ImageObject\",\"inLanguage\":\"de\",\"@id\":\"https:\\\/\\\/www.scandbook.com\\\/de\\\/kontakt\\\/vertrieb\\\/#primaryimage\",\"url\":\"https:\\\/\\\/www.scandbook.com\\\/wp-content\\\/uploads\\\/2024\\\/08\\\/kristen-200x134-1.webp\",\"contentUrl\":\"https:\\\/\\\/www.scandbook.com\\\/wp-content\\\/uploads\\\/2024\\\/08\\\/kristen-200x134-1.webp\"},{\"@type\":\"BreadcrumbList\",\"@id\":\"https:\\\/\\\/www.scandbook.com\\\/de\\\/kontakt\\\/vertrieb\\\/#breadcrumb\",\"itemListElement\":[{\"@type\":\"ListItem\",\"position\":1,\"name\":\"Home\",\"item\":\"https:\\\/\\\/www.scandbook.com\\\/de\\\/\"},{\"@type\":\"ListItem\",\"position\":2,\"name\":\"Kontakt\",\"item\":\"https:\\\/\\\/www.scandbook.com\\\/de\\\/kontakt\\\/?lang=de\"},{\"@type\":\"ListItem\",\"position\":3,\"name\":\"Vertrieb\"}]},{\"@type\":\"WebSite\",\"@id\":\"https:\\\/\\\/www.scandbook.com\\\/de\\\/#website\",\"url\":\"https:\\\/\\\/www.scandbook.com\\\/de\\\/\",\"name\":\"ScandBook\",\"description\":\"Skandinaviens f\u00fchrende Druckerei\",\"publisher\":{\"@id\":\"https:\\\/\\\/www.scandbook.com\\\/de\\\/#organization\"},\"potentialAction\":[{\"@type\":\"SearchAction\",\"target\":{\"@type\":\"EntryPoint\",\"urlTemplate\":\"https:\\\/\\\/www.scandbook.com\\\/de\\\/?s={search_term_string}\"},\"query-input\":{\"@type\":\"PropertyValueSpecification\",\"valueRequired\":true,\"valueName\":\"search_term_string\"}}],\"inLanguage\":\"de\"},{\"@type\":\"Organization\",\"@id\":\"https:\\\/\\\/www.scandbook.com\\\/de\\\/#organization\",\"name\":\"ScandBook\",\"url\":\"https:\\\/\\\/www.scandbook.com\\\/de\\\/\",\"logo\":{\"@type\":\"ImageObject\",\"inLanguage\":\"de\",\"@id\":\"https:\\\/\\\/www.scandbook.com\\\/de\\\/#\\\/schema\\\/logo\\\/image\\\/\",\"url\":\"https:\\\/\\\/www.scandbook.com\\\/wp-content\\\/uploads\\\/2023\\\/05\\\/scandbook-funding-climate-action.webp\",\"contentUrl\":\"https:\\\/\\\/www.scandbook.com\\\/wp-content\\\/uploads\\\/2023\\\/05\\\/scandbook-funding-climate-action.webp\",\"width\":256,\"height\":88,\"caption\":\"ScandBook\"},\"image\":{\"@id\":\"https:\\\/\\\/www.scandbook.com\\\/de\\\/#\\\/schema\\\/logo\\\/image\\\/\"},\"sameAs\":[\"https:\\\/\\\/www.facebook.com\\\/profile.php?id=100063569394878&sk=about&locale=sv_SE\",\"https:\\\/\\\/www.linkedin.com\\\/company\\\/scandbook-ab\\\/\"]}]}<\/script>\n<!-- \/ Yoast SEO Premium plugin. -->","yoast_head_json":{"title":"Vertrieb - ScandBook","description":"Vertrieb England, Finland, Iceland, Denmark, Greenland, Faroe Islands, Norway, Sweden und Lithuania","robots":{"index":"index","follow":"follow","max-snippet":"max-snippet:-1","max-image-preview":"max-image-preview:large","max-video-preview":"max-video-preview:-1"},"canonical":"https:\/\/www.scandbook.com\/de\/kontakt\/vertrieb\/","og_locale":"de_DE","og_type":"article","og_title":"Vertrieb","og_description":"Vertrieb England, Finland, Iceland, Denmark, Greenland, Faroe Islands, Norway, Sweden und Lithuania","og_url":"https:\/\/www.scandbook.com\/de\/kontakt\/vertrieb\/","og_site_name":"ScandBook","article_publisher":"https:\/\/www.facebook.com\/profile.php?id=100063569394878&sk=about&locale=sv_SE","article_modified_time":"2026-01-07T13:57:53+00:00","og_image":[{"width":200,"height":134,"url":"https:\/\/www.scandbook.com\/wp-content\/uploads\/2016\/01\/kristen-200x134.jpg","type":"image\/jpeg"}],"twitter_card":"summary_large_image","twitter_misc":{"Gesch\u00e4tzte Lesezeit":"2\u00a0Minuten"},"schema":{"@context":"https:\/\/schema.org","@graph":[{"@type":"WebPage","@id":"https:\/\/www.scandbook.com\/de\/kontakt\/vertrieb\/","url":"https:\/\/www.scandbook.com\/de\/kontakt\/vertrieb\/","name":"Vertrieb - ScandBook","isPartOf":{"@id":"https:\/\/www.scandbook.com\/de\/#website"},"primaryImageOfPage":{"@id":"https:\/\/www.scandbook.com\/de\/kontakt\/vertrieb\/#primaryimage"},"image":{"@id":"https:\/\/www.scandbook.com\/de\/kontakt\/vertrieb\/#primaryimage"},"thumbnailUrl":"https:\/\/www.scandbook.com\/wp-content\/uploads\/2024\/08\/kristen-200x134-1.webp","datePublished":"2016-01-25T13:20:21+00:00","dateModified":"2026-01-07T13:57:53+00:00","description":"Vertrieb England, Finland, Iceland, Denmark, Greenland, Faroe Islands, Norway, Sweden und Lithuania","breadcrumb":{"@id":"https:\/\/www.scandbook.com\/de\/kontakt\/vertrieb\/#breadcrumb"},"inLanguage":"de","potentialAction":[{"@type":"ReadAction","target":["https:\/\/www.scandbook.com\/de\/kontakt\/vertrieb\/"]}]},{"@type":"ImageObject","inLanguage":"de","@id":"https:\/\/www.scandbook.com\/de\/kontakt\/vertrieb\/#primaryimage","url":"https:\/\/www.scandbook.com\/wp-content\/uploads\/2024\/08\/kristen-200x134-1.webp","contentUrl":"https:\/\/www.scandbook.com\/wp-content\/uploads\/2024\/08\/kristen-200x134-1.webp"},{"@type":"BreadcrumbList","@id":"https:\/\/www.scandbook.com\/de\/kontakt\/vertrieb\/#breadcrumb","itemListElement":[{"@type":"ListItem","position":1,"name":"Home","item":"https:\/\/www.scandbook.com\/de\/"},{"@type":"ListItem","position":2,"name":"Kontakt","item":"https:\/\/www.scandbook.com\/de\/kontakt\/?lang=de"},{"@type":"ListItem","position":3,"name":"Vertrieb"}]},{"@type":"WebSite","@id":"https:\/\/www.scandbook.com\/de\/#website","url":"https:\/\/www.scandbook.com\/de\/","name":"ScandBook","description":"Skandinaviens f\u00fchrende Druckerei","publisher":{"@id":"https:\/\/www.scandbook.com\/de\/#organization"},"potentialAction":[{"@type":"SearchAction","target":{"@type":"EntryPoint","urlTemplate":"https:\/\/www.scandbook.com\/de\/?s={search_term_string}"},"query-input":{"@type":"PropertyValueSpecification","valueRequired":true,"valueName":"search_term_string"}}],"inLanguage":"de"},{"@type":"Organization","@id":"https:\/\/www.scandbook.com\/de\/#organization","name":"ScandBook","url":"https:\/\/www.scandbook.com\/de\/","logo":{"@type":"ImageObject","inLanguage":"de","@id":"https:\/\/www.scandbook.com\/de\/#\/schema\/logo\/image\/","url":"https:\/\/www.scandbook.com\/wp-content\/uploads\/2023\/05\/scandbook-funding-climate-action.webp","contentUrl":"https:\/\/www.scandbook.com\/wp-content\/uploads\/2023\/05\/scandbook-funding-climate-action.webp","width":256,"height":88,"caption":"ScandBook"},"image":{"@id":"https:\/\/www.scandbook.com\/de\/#\/schema\/logo\/image\/"},"sameAs":["https:\/\/www.facebook.com\/profile.php?id=100063569394878&sk=about&locale=sv_SE","https:\/\/www.linkedin.com\/company\/scandbook-ab\/"]}]}},"_links":{"self":[{"href":"https:\/\/www.scandbook.com\/de\/wp-json\/wp\/v2\/pages\/10850","targetHints":{"allow":["GET"]}}],"collection":[{"href":"https:\/\/www.scandbook.com\/de\/wp-json\/wp\/v2\/pages"}],"about":[{"href":"https:\/\/www.scandbook.com\/de\/wp-json\/wp\/v2\/types\/page"}],"author":[{"embeddable":true,"href":"https:\/\/www.scandbook.com\/de\/wp-json\/wp\/v2\/users\/9"}],"replies":[{"embeddable":true,"href":"https:\/\/www.scandbook.com\/de\/wp-json\/wp\/v2\/comments?post=10850"}],"version-history":[{"count":10,"href":"https:\/\/www.scandbook.com\/de\/wp-json\/wp\/v2\/pages\/10850\/revisions"}],"predecessor-version":[{"id":14672,"href":"https:\/\/www.scandbook.com\/de\/wp-json\/wp\/v2\/pages\/10850\/revisions\/14672"}],"up":[{"embeddable":true,"href":"https:\/\/www.scandbook.com\/de\/wp-json\/wp\/v2\/pages\/10845"}],"wp:attachment":[{"href":"https:\/\/www.scandbook.com\/de\/wp-json\/wp\/v2\/media?parent=10850"}],"curies":[{"name":"wp","href":"https:\/\/api.w.org\/{rel}","templated":true}]}}