{"id":10845,"date":"2015-11-12T13:26:29","date_gmt":"2015-11-12T12:26:29","guid":{"rendered":"https:\/\/www.scandbook.com\/contact\/"},"modified":"2023-04-05T13:26:20","modified_gmt":"2023-04-05T12:26:20","slug":"kontakt","status":"publish","type":"page","link":"https:\/\/www.scandbook.com\/de\/kontakt\/","title":{"rendered":"Kontakt"},"content":{"rendered":"\n\n<style type=\"text\/css\" data-created_by=\"avia_inline_auto\" id=\"style-css-av-1t7dhv-8e73d0a50382946025a15a3b9cf2fc3f\">\n.flex_column.av-1t7dhv-8e73d0a50382946025a15a3b9cf2fc3f{\nborder-radius:0px 0px 0px 0px;\npadding:0px 0px 0px 0px;\n}\n<\/style>\n<div  class='flex_column av-1t7dhv-8e73d0a50382946025a15a3b9cf2fc3f av_one_full  avia-builder-el-1  el_after_av_codeblock  el_before_av_one_full  first flex_column_div av-zero-column-padding  '     ><div  class='av_gmaps_sc_main_wrap av_gmaps_main_wrap '><div id='av_gmap_0' class='avia-google-map-container avia-google-map-sc av_gmaps_show_unconditionally av-no-fallback-img ' data-mapid='av_gmap_0'  style='height: 300px;'><a class=\"av_gmaps_browser_disabled av_text_confirm_link av_text_confirm_link_visible\" href=\"https:\/\/www.google.com\/maps\/search\/?api=1&#038;query=L\u00f6v\u00e5sv\u00e4gen%2024%20%20Falun%20%20Sweden\" target=\"_blank\">Aufgrund deiner Datenschutz-Einstellungen k\u00f6nnen wir Ihnen die Karte nicht anzeigen. Klicken Sie hier, um die Karte in einem neuen Fenster zu \u00f6ffnen.<\/a><\/div><\/div><\/div>\n\n<style type=\"text\/css\" data-created_by=\"avia_inline_auto\" id=\"style-css-av-148gdv-6c0ce503ffa85f4c47460a7ff4aaf049\">\n.flex_column.av-148gdv-6c0ce503ffa85f4c47460a7ff4aaf049{\nborder-radius:0px 0px 0px 0px;\npadding:0px 0px 0px 0px;\n}\n<\/style>\n<div  class='flex_column av-148gdv-6c0ce503ffa85f4c47460a7ff4aaf049 av_one_full  avia-builder-el-3  el_after_av_one_full  el_before_av_one_half  first flex_column_div av-zero-column-padding  column-top-margin'     ><section  class='av_textblock_section av-zhwq3-cad8dc33ff6de3cfa7b1dca2b0a95b60 '   itemscope=\"itemscope\" itemtype=\"https:\/\/schema.org\/CreativeWork\" ><div class='avia_textblock'  itemprop=\"text\" ><h2>Kontakt<\/h2>\n<\/div><\/section><\/div>\n<div class='flex_column_table av-2i2dn-fd7704a1c686d664e127d8ebc579e61f sc-av_one_half av-equal-height-column-flextable'>\n<style type=\"text\/css\" data-created_by=\"avia_inline_auto\" id=\"style-css-av-2i2dn-fd7704a1c686d664e127d8ebc579e61f\">\n.flex_column.av-2i2dn-fd7704a1c686d664e127d8ebc579e61f{\nborder-width:1px;\nborder-style:solid;\nborder-radius:2px 2px 2px 2px;\npadding:20px 20px 20px 20px;\nbackground-color:#ffffff;\n}\n<\/style>\n<div  class='flex_column av-2i2dn-fd7704a1c686d664e127d8ebc579e61f av_one_half  avia-builder-el-5  el_after_av_one_full  el_before_av_one_half  first flex_column_table_cell av-equal-height-column av-align-top  column-top-margin'     ><section  class='av_textblock_section av-1ujxf-e328a54aaf252764ed204294f85cbe5f '   itemscope=\"itemscope\" itemtype=\"https:\/\/schema.org\/CreativeWork\" ><div class='avia_textblock'  itemprop=\"text\" ><h3 class=\"widgettitle\" style=\"text-align: center;\">Wenden Sie sich an Falun, Schweden<\/h3>\n<div class=\"textwidget\" style=\"text-align: center;\">Besichtigung\/Lieferung adresse: L\u00f6v\u00e5sv\u00e4gen 24<br \/>\nSE-791 45 Falun, Schweden<br \/>\nPostadresse: PO Box 734<\/div>\n<div class=\"textwidget\" style=\"text-align: center;\">SE-791 29 Falun, Schweden<br \/>\nTelefon: +46 23 76 59 00<br \/>\nE-mail: <span style=\"text-decoration: underline; color: #0000ff;\"><a style=\"color: #0000ff; text-decoration: underline;\" href=\"mailto:info@scandbook.se\">info@scandbook.se<\/a><\/span><\/div>\n<\/div><\/section><\/div>\n<div class='av-flex-placeholder'><\/div>\n<style type=\"text\/css\" data-created_by=\"avia_inline_auto\" id=\"style-css-av-av_one_half-d104f8679275b3428066bacd9a5f1443\">\n.flex_column.av-av_one_half-d104f8679275b3428066bacd9a5f1443{\nborder-width:1px;\nborder-style:solid;\nborder-radius:2px 2px 2px 2px;\npadding:20px 20px 20px 20px;\nbackground-color:#ffffff;\n}\n<\/style>\n<div  class='flex_column av-av_one_half-d104f8679275b3428066bacd9a5f1443 av_one_half  avia-builder-el-7  el_after_av_one_half  avia-builder-el-last  flex_column_table_cell av-equal-height-column av-align-top  column-top-margin'     ><section  class='av_textblock_section av-bc14z-1ad6a71c5b4cf678cb2e6458632b6867 '   itemscope=\"itemscope\" itemtype=\"https:\/\/schema.org\/CreativeWork\" ><div class='avia_textblock'  itemprop=\"text\" ><h3 class=\"widgettitle\" style=\"text-align: center;\">Kontaktieren Sie Litauen<\/h3>\n<div class=\"textwidget\" style=\"text-align: center;\">Adresse: Gamyklos g. 23, Gargzdai, Lithuania<br \/>\nPostleitzahl: LT-96155<br \/>\nB\u00fcrotelefon: +370 46 42 03 00<br \/>\nFax: +370 46 45 40 40<br \/>\nE-mail: <span style=\"text-decoration: underline;\"><span style=\"color: #0000ff; text-decoration: underline;\"><a style=\"color: #0000ff; text-decoration: underline;\" href=\"mailto:info@scandbook.lt\">info@scandbook.lt<\/a><\/span><\/span>Kundendienstzentrum: +370 46 42 03 02<br \/>\nE-mail: <span style=\"color: #0000ff;\"><a style=\"color: #0000ff;\" href=\"mailto:clientservice@scandbook.lt\">clientservice@scandbook.lt<\/a><\/span><\/div>\n<\/div><\/section><\/div><\/div><!--close column table wrapper. Autoclose: 1 -->\n","protected":false},"excerpt":{"rendered":"","protected":false},"author":9,"featured_media":0,"parent":0,"menu_order":6,"comment_status":"closed","ping_status":"closed","template":"","meta":{"footnotes":""},"class_list":["post-10845","page","type-page","status-publish","hentry"],"yoast_head":"<!-- This site is optimized with the Yoast SEO Premium plugin v27.4 (Yoast SEO v27.4) - https:\/\/yoast.com\/product\/yoast-seo-premium-wordpress\/ -->\n<title>Kontakt - ScandBook<\/title>\n<meta name=\"description\" content=\"Wenden Sie sich an Falun, Schweden oder Kontaktieren Sie Litauen\" \/>\n<meta name=\"robots\" content=\"index, follow, max-snippet:-1, max-image-preview:large, max-video-preview:-1\" \/>\n<link rel=\"canonical\" href=\"https:\/\/www.scandbook.com\/de\/kontakt\/\" \/>\n<meta property=\"og:locale\" content=\"de_DE\" \/>\n<meta property=\"og:type\" content=\"article\" \/>\n<meta property=\"og:title\" content=\"Kontakt\" \/>\n<meta property=\"og:description\" content=\"Wenden Sie sich an Falun, Schweden oder Kontaktieren Sie Litauen\" \/>\n<meta property=\"og:url\" content=\"https:\/\/www.scandbook.com\/de\/kontakt\/\" \/>\n<meta property=\"og:site_name\" content=\"ScandBook\" \/>\n<meta property=\"article:publisher\" content=\"https:\/\/www.facebook.com\/profile.php?id=100063569394878&amp;sk=about&amp;locale=sv_SE\" \/>\n<meta property=\"article:modified_time\" content=\"2023-04-05T12:26:20+00:00\" \/>\n<meta name=\"twitter:card\" content=\"summary_large_image\" \/>\n<meta name=\"twitter:label1\" content=\"Gesch\u00e4tzte Lesezeit\" \/>\n\t<meta name=\"twitter:data1\" content=\"2\u00a0Minuten\" \/>\n<script type=\"application\/ld+json\" class=\"yoast-schema-graph\">{\"@context\":\"https:\\\/\\\/schema.org\",\"@graph\":[{\"@type\":\"WebPage\",\"@id\":\"https:\\\/\\\/www.scandbook.com\\\/de\\\/kontakt\\\/\",\"url\":\"https:\\\/\\\/www.scandbook.com\\\/de\\\/kontakt\\\/\",\"name\":\"Kontakt - ScandBook\",\"isPartOf\":{\"@id\":\"https:\\\/\\\/www.scandbook.com\\\/de\\\/#website\"},\"datePublished\":\"2015-11-12T12:26:29+00:00\",\"dateModified\":\"2023-04-05T12:26:20+00:00\",\"description\":\"Wenden Sie sich an Falun, Schweden oder Kontaktieren Sie Litauen\",\"breadcrumb\":{\"@id\":\"https:\\\/\\\/www.scandbook.com\\\/de\\\/kontakt\\\/#breadcrumb\"},\"inLanguage\":\"de\",\"potentialAction\":[{\"@type\":\"ReadAction\",\"target\":[\"https:\\\/\\\/www.scandbook.com\\\/de\\\/kontakt\\\/\"]}]},{\"@type\":\"BreadcrumbList\",\"@id\":\"https:\\\/\\\/www.scandbook.com\\\/de\\\/kontakt\\\/#breadcrumb\",\"itemListElement\":[{\"@type\":\"ListItem\",\"position\":1,\"name\":\"Home\",\"item\":\"https:\\\/\\\/www.scandbook.com\\\/de\\\/\"},{\"@type\":\"ListItem\",\"position\":2,\"name\":\"Kontakt\"}]},{\"@type\":\"WebSite\",\"@id\":\"https:\\\/\\\/www.scandbook.com\\\/de\\\/#website\",\"url\":\"https:\\\/\\\/www.scandbook.com\\\/de\\\/\",\"name\":\"ScandBook\",\"description\":\"Skandinaviens f\u00fchrende Druckerei\",\"publisher\":{\"@id\":\"https:\\\/\\\/www.scandbook.com\\\/de\\\/#organization\"},\"potentialAction\":[{\"@type\":\"SearchAction\",\"target\":{\"@type\":\"EntryPoint\",\"urlTemplate\":\"https:\\\/\\\/www.scandbook.com\\\/de\\\/?s={search_term_string}\"},\"query-input\":{\"@type\":\"PropertyValueSpecification\",\"valueRequired\":true,\"valueName\":\"search_term_string\"}}],\"inLanguage\":\"de\"},{\"@type\":\"Organization\",\"@id\":\"https:\\\/\\\/www.scandbook.com\\\/de\\\/#organization\",\"name\":\"ScandBook\",\"url\":\"https:\\\/\\\/www.scandbook.com\\\/de\\\/\",\"logo\":{\"@type\":\"ImageObject\",\"inLanguage\":\"de\",\"@id\":\"https:\\\/\\\/www.scandbook.com\\\/de\\\/#\\\/schema\\\/logo\\\/image\\\/\",\"url\":\"https:\\\/\\\/www.scandbook.com\\\/wp-content\\\/uploads\\\/2023\\\/05\\\/scandbook-funding-climate-action.webp\",\"contentUrl\":\"https:\\\/\\\/www.scandbook.com\\\/wp-content\\\/uploads\\\/2023\\\/05\\\/scandbook-funding-climate-action.webp\",\"width\":256,\"height\":88,\"caption\":\"ScandBook\"},\"image\":{\"@id\":\"https:\\\/\\\/www.scandbook.com\\\/de\\\/#\\\/schema\\\/logo\\\/image\\\/\"},\"sameAs\":[\"https:\\\/\\\/www.facebook.com\\\/profile.php?id=100063569394878&sk=about&locale=sv_SE\",\"https:\\\/\\\/www.linkedin.com\\\/company\\\/scandbook-ab\\\/\"]}]}<\/script>\n<!-- \/ Yoast SEO Premium plugin. -->","yoast_head_json":{"title":"Kontakt - ScandBook","description":"Wenden Sie sich an Falun, Schweden oder Kontaktieren Sie Litauen","robots":{"index":"index","follow":"follow","max-snippet":"max-snippet:-1","max-image-preview":"max-image-preview:large","max-video-preview":"max-video-preview:-1"},"canonical":"https:\/\/www.scandbook.com\/de\/kontakt\/","og_locale":"de_DE","og_type":"article","og_title":"Kontakt","og_description":"Wenden Sie sich an Falun, Schweden oder Kontaktieren Sie Litauen","og_url":"https:\/\/www.scandbook.com\/de\/kontakt\/","og_site_name":"ScandBook","article_publisher":"https:\/\/www.facebook.com\/profile.php?id=100063569394878&sk=about&locale=sv_SE","article_modified_time":"2023-04-05T12:26:20+00:00","twitter_card":"summary_large_image","twitter_misc":{"Gesch\u00e4tzte Lesezeit":"2\u00a0Minuten"},"schema":{"@context":"https:\/\/schema.org","@graph":[{"@type":"WebPage","@id":"https:\/\/www.scandbook.com\/de\/kontakt\/","url":"https:\/\/www.scandbook.com\/de\/kontakt\/","name":"Kontakt - ScandBook","isPartOf":{"@id":"https:\/\/www.scandbook.com\/de\/#website"},"datePublished":"2015-11-12T12:26:29+00:00","dateModified":"2023-04-05T12:26:20+00:00","description":"Wenden Sie sich an Falun, Schweden oder Kontaktieren Sie Litauen","breadcrumb":{"@id":"https:\/\/www.scandbook.com\/de\/kontakt\/#breadcrumb"},"inLanguage":"de","potentialAction":[{"@type":"ReadAction","target":["https:\/\/www.scandbook.com\/de\/kontakt\/"]}]},{"@type":"BreadcrumbList","@id":"https:\/\/www.scandbook.com\/de\/kontakt\/#breadcrumb","itemListElement":[{"@type":"ListItem","position":1,"name":"Home","item":"https:\/\/www.scandbook.com\/de\/"},{"@type":"ListItem","position":2,"name":"Kontakt"}]},{"@type":"WebSite","@id":"https:\/\/www.scandbook.com\/de\/#website","url":"https:\/\/www.scandbook.com\/de\/","name":"ScandBook","description":"Skandinaviens f\u00fchrende Druckerei","publisher":{"@id":"https:\/\/www.scandbook.com\/de\/#organization"},"potentialAction":[{"@type":"SearchAction","target":{"@type":"EntryPoint","urlTemplate":"https:\/\/www.scandbook.com\/de\/?s={search_term_string}"},"query-input":{"@type":"PropertyValueSpecification","valueRequired":true,"valueName":"search_term_string"}}],"inLanguage":"de"},{"@type":"Organization","@id":"https:\/\/www.scandbook.com\/de\/#organization","name":"ScandBook","url":"https:\/\/www.scandbook.com\/de\/","logo":{"@type":"ImageObject","inLanguage":"de","@id":"https:\/\/www.scandbook.com\/de\/#\/schema\/logo\/image\/","url":"https:\/\/www.scandbook.com\/wp-content\/uploads\/2023\/05\/scandbook-funding-climate-action.webp","contentUrl":"https:\/\/www.scandbook.com\/wp-content\/uploads\/2023\/05\/scandbook-funding-climate-action.webp","width":256,"height":88,"caption":"ScandBook"},"image":{"@id":"https:\/\/www.scandbook.com\/de\/#\/schema\/logo\/image\/"},"sameAs":["https:\/\/www.facebook.com\/profile.php?id=100063569394878&sk=about&locale=sv_SE","https:\/\/www.linkedin.com\/company\/scandbook-ab\/"]}]}},"_links":{"self":[{"href":"https:\/\/www.scandbook.com\/de\/wp-json\/wp\/v2\/pages\/10845","targetHints":{"allow":["GET"]}}],"collection":[{"href":"https:\/\/www.scandbook.com\/de\/wp-json\/wp\/v2\/pages"}],"about":[{"href":"https:\/\/www.scandbook.com\/de\/wp-json\/wp\/v2\/types\/page"}],"author":[{"embeddable":true,"href":"https:\/\/www.scandbook.com\/de\/wp-json\/wp\/v2\/users\/9"}],"replies":[{"embeddable":true,"href":"https:\/\/www.scandbook.com\/de\/wp-json\/wp\/v2\/comments?post=10845"}],"version-history":[{"count":3,"href":"https:\/\/www.scandbook.com\/de\/wp-json\/wp\/v2\/pages\/10845\/revisions"}],"predecessor-version":[{"id":11060,"href":"https:\/\/www.scandbook.com\/de\/wp-json\/wp\/v2\/pages\/10845\/revisions\/11060"}],"wp:attachment":[{"href":"https:\/\/www.scandbook.com\/de\/wp-json\/wp\/v2\/media?parent=10845"}],"curies":[{"name":"wp","href":"https:\/\/api.w.org\/{rel}","templated":true}]}}