{"id":10833,"date":"2015-11-13T09:46:14","date_gmt":"2015-11-13T08:46:14","guid":{"rendered":"https:\/\/www.scandbook.com\/fabriken\/equipment\/"},"modified":"2024-02-16T12:07:05","modified_gmt":"2024-02-16T11:07:05","slug":"ausruestung","status":"publish","type":"page","link":"https:\/\/www.scandbook.com\/de\/ueber-uns\/fabriken\/ausruestung\/","title":{"rendered":"Ausr\u00fcstung"},"content":{"rendered":"\n\n<style type=\"text\/css\" data-created_by=\"avia_inline_auto\" id=\"style-css-av-ewdjb-9724a3f9e76802d41ffe3e2d10905633\">\n.flex_column.av-ewdjb-9724a3f9e76802d41ffe3e2d10905633{\nborder-radius:0px 0px 0px 0px;\npadding:0px 0px 0px 0px;\n}\n<\/style>\n<div  class='flex_column av-ewdjb-9724a3f9e76802d41ffe3e2d10905633 av_one_full  avia-builder-el-1  el_after_av_codeblock  avia-builder-el-last  first flex_column_div av-zero-column-padding  '     ><section  class='av_textblock_section av-83427-fc433f1fb65f1b078d6ac22f2bf06c87 '   itemscope=\"itemscope\" itemtype=\"https:\/\/schema.org\/CreativeWork\" ><div class='avia_textblock'  itemprop=\"text\" ><h1>Ausr\u00fcstung<\/h1>\n<ol>\n<li>Wir produzieren je nach Auflage digital und im Offsetdruck<\/li>\n<li>Im Jahr 2021 haben wir 45 Millionen B\u00fccher produziert<\/li>\n<li>Wir verf\u00fcgen \u00fcber 6 Rollenoffset-, 3 Bogenoffset- und 2 Digitaldruckmaschinen, 4 Klebebinder, 3 Einbandlinien und alle f\u00fcr die Umschlagdekoration erforderlichen Ger\u00e4te.<\/li>\n<li>Wir lassen uns Papier\/andere wichtige Materialien direkt vom Hersteller liefern<\/li>\n<li>Wir verf\u00fcgen \u00fcber qualifizierte und engagierte Mitarbeiter<\/li>\n<li>Attraktive Logistikl\u00f6sungen<\/li>\n<li>Strenge Einhaltung der Lieferfristen<\/li>\n<\/ol>\n<\/div><\/section><\/div>\n","protected":false},"excerpt":{"rendered":"","protected":false},"author":9,"featured_media":0,"parent":10821,"menu_order":0,"comment_status":"closed","ping_status":"closed","template":"","meta":{"footnotes":""},"class_list":["post-10833","page","type-page","status-publish","hentry"],"yoast_head":"<!-- This site is optimized with the Yoast SEO Premium plugin v27.5 (Yoast SEO v27.5) - https:\/\/yoast.com\/product\/yoast-seo-premium-wordpress\/ -->\n<title>Ausr\u00fcstung - ScandBook<\/title>\n<meta name=\"description\" content=\"6 Rollenoffset-, 3 Bogenoffset- und 2 Digitaldruckmaschinen, 4 Klebebinder, 3 Einbandlinien und alle f\u00fcr die Umschlagdekoration erforderlichen Ger\u00e4te.\" \/>\n<meta name=\"robots\" content=\"index, follow, max-snippet:-1, max-image-preview:large, max-video-preview:-1\" \/>\n<link rel=\"canonical\" href=\"https:\/\/www.scandbook.com\/de\/ueber-uns\/fabriken\/ausruestung\/\" \/>\n<meta property=\"og:locale\" content=\"de_DE\" \/>\n<meta property=\"og:type\" content=\"article\" \/>\n<meta property=\"og:title\" content=\"Ausr\u00fcstung\" \/>\n<meta property=\"og:description\" content=\"6 Rollenoffset-, 3 Bogenoffset- und 2 Digitaldruckmaschinen, 4 Klebebinder, 3 Einbandlinien und alle f\u00fcr die Umschlagdekoration erforderlichen Ger\u00e4te.\" \/>\n<meta property=\"og:url\" content=\"https:\/\/www.scandbook.com\/de\/ueber-uns\/fabriken\/ausruestung\/\" \/>\n<meta property=\"og:site_name\" content=\"ScandBook\" \/>\n<meta property=\"article:publisher\" content=\"https:\/\/www.facebook.com\/profile.php?id=100063569394878&amp;sk=about&amp;locale=sv_SE\" \/>\n<meta property=\"article:modified_time\" content=\"2024-02-16T11:07:05+00:00\" \/>\n<meta name=\"twitter:card\" content=\"summary_large_image\" \/>\n<meta name=\"twitter:label1\" content=\"Gesch\u00e4tzte Lesezeit\" \/>\n\t<meta name=\"twitter:data1\" content=\"1\u00a0Minute\" \/>\n<script type=\"application\/ld+json\" class=\"yoast-schema-graph\">{\"@context\":\"https:\\\/\\\/schema.org\",\"@graph\":[{\"@type\":\"WebPage\",\"@id\":\"https:\\\/\\\/www.scandbook.com\\\/de\\\/ueber-uns\\\/fabriken\\\/ausruestung\\\/\",\"url\":\"https:\\\/\\\/www.scandbook.com\\\/de\\\/ueber-uns\\\/fabriken\\\/ausruestung\\\/\",\"name\":\"Ausr\u00fcstung - ScandBook\",\"isPartOf\":{\"@id\":\"https:\\\/\\\/www.scandbook.com\\\/de\\\/#website\"},\"datePublished\":\"2015-11-13T08:46:14+00:00\",\"dateModified\":\"2024-02-16T11:07:05+00:00\",\"description\":\"6 Rollenoffset-, 3 Bogenoffset- und 2 Digitaldruckmaschinen, 4 Klebebinder, 3 Einbandlinien und alle f\u00fcr die Umschlagdekoration erforderlichen Ger\u00e4te.\",\"breadcrumb\":{\"@id\":\"https:\\\/\\\/www.scandbook.com\\\/de\\\/ueber-uns\\\/fabriken\\\/ausruestung\\\/#breadcrumb\"},\"inLanguage\":\"de\",\"potentialAction\":[{\"@type\":\"ReadAction\",\"target\":[\"https:\\\/\\\/www.scandbook.com\\\/de\\\/ueber-uns\\\/fabriken\\\/ausruestung\\\/\"]}]},{\"@type\":\"BreadcrumbList\",\"@id\":\"https:\\\/\\\/www.scandbook.com\\\/de\\\/ueber-uns\\\/fabriken\\\/ausruestung\\\/#breadcrumb\",\"itemListElement\":[{\"@type\":\"ListItem\",\"position\":1,\"name\":\"Home\",\"item\":\"https:\\\/\\\/www.scandbook.com\\\/de\\\/\"},{\"@type\":\"ListItem\",\"position\":2,\"name\":\"\u00dcber uns\",\"item\":\"https:\\\/\\\/www.scandbook.com\\\/de\\\/ueber-uns\\\/?lang=de\"},{\"@type\":\"ListItem\",\"position\":3,\"name\":\"Fabriken\",\"item\":\"https:\\\/\\\/www.scandbook.com\\\/de\\\/ueber-uns\\\/fabriken\\\/?lang=de\"},{\"@type\":\"ListItem\",\"position\":4,\"name\":\"Ausr\u00fcstung\"}]},{\"@type\":\"WebSite\",\"@id\":\"https:\\\/\\\/www.scandbook.com\\\/de\\\/#website\",\"url\":\"https:\\\/\\\/www.scandbook.com\\\/de\\\/\",\"name\":\"ScandBook\",\"description\":\"Skandinaviens f\u00fchrende Druckerei\",\"publisher\":{\"@id\":\"https:\\\/\\\/www.scandbook.com\\\/de\\\/#organization\"},\"potentialAction\":[{\"@type\":\"SearchAction\",\"target\":{\"@type\":\"EntryPoint\",\"urlTemplate\":\"https:\\\/\\\/www.scandbook.com\\\/de\\\/?s={search_term_string}\"},\"query-input\":{\"@type\":\"PropertyValueSpecification\",\"valueRequired\":true,\"valueName\":\"search_term_string\"}}],\"inLanguage\":\"de\"},{\"@type\":\"Organization\",\"@id\":\"https:\\\/\\\/www.scandbook.com\\\/de\\\/#organization\",\"name\":\"ScandBook\",\"url\":\"https:\\\/\\\/www.scandbook.com\\\/de\\\/\",\"logo\":{\"@type\":\"ImageObject\",\"inLanguage\":\"de\",\"@id\":\"https:\\\/\\\/www.scandbook.com\\\/de\\\/#\\\/schema\\\/logo\\\/image\\\/\",\"url\":\"https:\\\/\\\/www.scandbook.com\\\/wp-content\\\/uploads\\\/2023\\\/05\\\/scandbook-funding-climate-action.webp\",\"contentUrl\":\"https:\\\/\\\/www.scandbook.com\\\/wp-content\\\/uploads\\\/2023\\\/05\\\/scandbook-funding-climate-action.webp\",\"width\":256,\"height\":88,\"caption\":\"ScandBook\"},\"image\":{\"@id\":\"https:\\\/\\\/www.scandbook.com\\\/de\\\/#\\\/schema\\\/logo\\\/image\\\/\"},\"sameAs\":[\"https:\\\/\\\/www.facebook.com\\\/profile.php?id=100063569394878&sk=about&locale=sv_SE\",\"https:\\\/\\\/www.linkedin.com\\\/company\\\/scandbook-ab\\\/\"]}]}<\/script>\n<!-- \/ Yoast SEO Premium plugin. -->","yoast_head_json":{"title":"Ausr\u00fcstung - ScandBook","description":"6 Rollenoffset-, 3 Bogenoffset- und 2 Digitaldruckmaschinen, 4 Klebebinder, 3 Einbandlinien und alle f\u00fcr die Umschlagdekoration erforderlichen Ger\u00e4te.","robots":{"index":"index","follow":"follow","max-snippet":"max-snippet:-1","max-image-preview":"max-image-preview:large","max-video-preview":"max-video-preview:-1"},"canonical":"https:\/\/www.scandbook.com\/de\/ueber-uns\/fabriken\/ausruestung\/","og_locale":"de_DE","og_type":"article","og_title":"Ausr\u00fcstung","og_description":"6 Rollenoffset-, 3 Bogenoffset- und 2 Digitaldruckmaschinen, 4 Klebebinder, 3 Einbandlinien und alle f\u00fcr die Umschlagdekoration erforderlichen Ger\u00e4te.","og_url":"https:\/\/www.scandbook.com\/de\/ueber-uns\/fabriken\/ausruestung\/","og_site_name":"ScandBook","article_publisher":"https:\/\/www.facebook.com\/profile.php?id=100063569394878&sk=about&locale=sv_SE","article_modified_time":"2024-02-16T11:07:05+00:00","twitter_card":"summary_large_image","twitter_misc":{"Gesch\u00e4tzte Lesezeit":"1\u00a0Minute"},"schema":{"@context":"https:\/\/schema.org","@graph":[{"@type":"WebPage","@id":"https:\/\/www.scandbook.com\/de\/ueber-uns\/fabriken\/ausruestung\/","url":"https:\/\/www.scandbook.com\/de\/ueber-uns\/fabriken\/ausruestung\/","name":"Ausr\u00fcstung - ScandBook","isPartOf":{"@id":"https:\/\/www.scandbook.com\/de\/#website"},"datePublished":"2015-11-13T08:46:14+00:00","dateModified":"2024-02-16T11:07:05+00:00","description":"6 Rollenoffset-, 3 Bogenoffset- und 2 Digitaldruckmaschinen, 4 Klebebinder, 3 Einbandlinien und alle f\u00fcr die Umschlagdekoration erforderlichen Ger\u00e4te.","breadcrumb":{"@id":"https:\/\/www.scandbook.com\/de\/ueber-uns\/fabriken\/ausruestung\/#breadcrumb"},"inLanguage":"de","potentialAction":[{"@type":"ReadAction","target":["https:\/\/www.scandbook.com\/de\/ueber-uns\/fabriken\/ausruestung\/"]}]},{"@type":"BreadcrumbList","@id":"https:\/\/www.scandbook.com\/de\/ueber-uns\/fabriken\/ausruestung\/#breadcrumb","itemListElement":[{"@type":"ListItem","position":1,"name":"Home","item":"https:\/\/www.scandbook.com\/de\/"},{"@type":"ListItem","position":2,"name":"\u00dcber uns","item":"https:\/\/www.scandbook.com\/de\/ueber-uns\/?lang=de"},{"@type":"ListItem","position":3,"name":"Fabriken","item":"https:\/\/www.scandbook.com\/de\/ueber-uns\/fabriken\/?lang=de"},{"@type":"ListItem","position":4,"name":"Ausr\u00fcstung"}]},{"@type":"WebSite","@id":"https:\/\/www.scandbook.com\/de\/#website","url":"https:\/\/www.scandbook.com\/de\/","name":"ScandBook","description":"Skandinaviens f\u00fchrende Druckerei","publisher":{"@id":"https:\/\/www.scandbook.com\/de\/#organization"},"potentialAction":[{"@type":"SearchAction","target":{"@type":"EntryPoint","urlTemplate":"https:\/\/www.scandbook.com\/de\/?s={search_term_string}"},"query-input":{"@type":"PropertyValueSpecification","valueRequired":true,"valueName":"search_term_string"}}],"inLanguage":"de"},{"@type":"Organization","@id":"https:\/\/www.scandbook.com\/de\/#organization","name":"ScandBook","url":"https:\/\/www.scandbook.com\/de\/","logo":{"@type":"ImageObject","inLanguage":"de","@id":"https:\/\/www.scandbook.com\/de\/#\/schema\/logo\/image\/","url":"https:\/\/www.scandbook.com\/wp-content\/uploads\/2023\/05\/scandbook-funding-climate-action.webp","contentUrl":"https:\/\/www.scandbook.com\/wp-content\/uploads\/2023\/05\/scandbook-funding-climate-action.webp","width":256,"height":88,"caption":"ScandBook"},"image":{"@id":"https:\/\/www.scandbook.com\/de\/#\/schema\/logo\/image\/"},"sameAs":["https:\/\/www.facebook.com\/profile.php?id=100063569394878&sk=about&locale=sv_SE","https:\/\/www.linkedin.com\/company\/scandbook-ab\/"]}]}},"_links":{"self":[{"href":"https:\/\/www.scandbook.com\/de\/wp-json\/wp\/v2\/pages\/10833","targetHints":{"allow":["GET"]}}],"collection":[{"href":"https:\/\/www.scandbook.com\/de\/wp-json\/wp\/v2\/pages"}],"about":[{"href":"https:\/\/www.scandbook.com\/de\/wp-json\/wp\/v2\/types\/page"}],"author":[{"embeddable":true,"href":"https:\/\/www.scandbook.com\/de\/wp-json\/wp\/v2\/users\/9"}],"replies":[{"embeddable":true,"href":"https:\/\/www.scandbook.com\/de\/wp-json\/wp\/v2\/comments?post=10833"}],"version-history":[{"count":3,"href":"https:\/\/www.scandbook.com\/de\/wp-json\/wp\/v2\/pages\/10833\/revisions"}],"predecessor-version":[{"id":12753,"href":"https:\/\/www.scandbook.com\/de\/wp-json\/wp\/v2\/pages\/10833\/revisions\/12753"}],"up":[{"embeddable":true,"href":"https:\/\/www.scandbook.com\/de\/wp-json\/wp\/v2\/pages\/10821"}],"wp:attachment":[{"href":"https:\/\/www.scandbook.com\/de\/wp-json\/wp\/v2\/media?parent=10833"}],"curies":[{"name":"wp","href":"https:\/\/api.w.org\/{rel}","templated":true}]}}