{"id":10821,"date":"2015-11-13T09:45:44","date_gmt":"2015-11-13T08:45:44","guid":{"rendered":"https:\/\/www.scandbook.com\/factories\/"},"modified":"2024-02-16T12:06:35","modified_gmt":"2024-02-16T11:06:35","slug":"fabriken","status":"publish","type":"page","link":"https:\/\/www.scandbook.com\/de\/ueber-uns\/fabriken\/","title":{"rendered":"Fabriken"},"content":{"rendered":"\n\n<style type=\"text\/css\" data-created_by=\"avia_inline_auto\" id=\"style-css-av-1bg7hp-c6df6b722d1f27986a08fe92b99cf9e5\">\n.flex_column.av-1bg7hp-c6df6b722d1f27986a08fe92b99cf9e5{\nborder-radius:0px 0px 0px 0px;\npadding:0px 0px 0px 0px;\n}\n<\/style>\n<div  class='flex_column av-1bg7hp-c6df6b722d1f27986a08fe92b99cf9e5 av_one_full  avia-builder-el-1  el_after_av_codeblock  el_before_av_one_full  first flex_column_div av-zero-column-padding  '     ><div  class='av_gmaps_sc_main_wrap av_gmaps_main_wrap '><div id='av_gmap_0' class='avia-google-map-container avia-google-map-sc av_gmaps_show_unconditionally av-no-fallback-img ' data-mapid='av_gmap_0'  style='height: 300px;'><a class=\"av_gmaps_browser_disabled av_text_confirm_link av_text_confirm_link_visible\" href=\"https:\/\/www.google.com\/maps\/search\/?api=1&#038;query=L\u00f6v\u00e5sv\u00e4gen%2024%20%20Falun%20%20Sweden\" target=\"_blank\">Aufgrund deiner Datenschutz-Einstellungen k\u00f6nnen wir Ihnen die Karte nicht anzeigen. Klicken Sie hier, um die Karte in einem neuen Fenster zu \u00f6ffnen.<\/a><\/div><\/div><\/div>\n\n<style type=\"text\/css\" data-created_by=\"avia_inline_auto\" id=\"style-css-av-lg9th-80d931f4c2406c41467c829e78c2b1a6\">\n.flex_column.av-lg9th-80d931f4c2406c41467c829e78c2b1a6{\nborder-radius:0px 0px 0px 0px;\npadding:0px 0px 0px 0px;\n}\n<\/style>\n<div  class='flex_column av-lg9th-80d931f4c2406c41467c829e78c2b1a6 av_one_full  avia-builder-el-3  el_after_av_one_full  el_before_av_one_full  first flex_column_div av-zero-column-padding  column-top-margin'     ><section  class='av_textblock_section av-fi0ut-6a639c8f3f365aa08411148aa8a8868a '   itemscope=\"itemscope\" itemtype=\"https:\/\/schema.org\/CreativeWork\" ><div class='avia_textblock'  itemprop=\"text\" ><h1>Fabriken<\/h1>\n<h3>Scandbook bietet L\u00f6sungen f\u00fcr Hardcover- und Softcover-B\u00fccher.<\/h3>\n<p>Mit unserer Expansion im Digitaldruck bieten wir Flexibilit\u00e4t und Zuverl\u00e4ssigkeit, die Kunden in jeder Partnerschaft suchen.<br \/>\nScandbook wurde 1982 gegr\u00fcndet. Das Unternehmen fusionierte 2015 mit Print IT und ist der f\u00fchrende Buchdrucker in Nordeuropa.<br \/>\nDie Qualit\u00e4t unserer Dienstleistungen hat sich in Europa und Nordamerika fest etabliert. Mit strategischen Fabrikstandorten in Schweden und Litauen ist keine Grenze zu weit und keine Frist zu knapp.<br \/>\nAls Team von Fachleuten, bieten wir zuverl\u00e4ssige Dienstleistungen, die Verlage rund um den Globus suchen.<\/p>\n<\/div><\/section><\/div>\n<style type=\"text\/css\" data-created_by=\"avia_inline_auto\" id=\"style-css-av-adivp-8d8f4814f9530254218d81b058bfaf3b\">\n.flex_column.av-adivp-8d8f4814f9530254218d81b058bfaf3b{\nborder-radius:0px 0px 0px 0px;\npadding:0px 0px 0px 0px;\n}\n<\/style>\n<div  class='flex_column av-adivp-8d8f4814f9530254218d81b058bfaf3b av_one_full  avia-builder-el-5  el_after_av_one_full  avia-builder-el-last  first flex_column_div av-zero-column-padding  column-top-margin'     ><\/div><\/p>\n","protected":false},"excerpt":{"rendered":"","protected":false},"author":9,"featured_media":0,"parent":10838,"menu_order":17,"comment_status":"closed","ping_status":"closed","template":"","meta":{"footnotes":""},"class_list":["post-10821","page","type-page","status-publish","hentry"],"yoast_head":"<!-- This site is optimized with the Yoast SEO Premium plugin v27.5 (Yoast SEO v27.5) - https:\/\/yoast.com\/product\/yoast-seo-premium-wordpress\/ -->\n<title>Fabriken - ScandBook<\/title>\n<meta name=\"description\" content=\"Scandbook bietet L\u00f6sungen f\u00fcr Hardcover- und Softcover-B\u00fccher Mit strategischen Fabrikstandorten in Schweden und Litauen\" \/>\n<meta name=\"robots\" content=\"index, follow, max-snippet:-1, max-image-preview:large, max-video-preview:-1\" \/>\n<link rel=\"canonical\" href=\"https:\/\/www.scandbook.com\/de\/ueber-uns\/fabriken\/\" \/>\n<meta property=\"og:locale\" content=\"de_DE\" \/>\n<meta property=\"og:type\" content=\"article\" \/>\n<meta property=\"og:title\" content=\"Fabriken\" \/>\n<meta property=\"og:description\" content=\"Scandbook bietet L\u00f6sungen f\u00fcr Hardcover- und Softcover-B\u00fccher Mit strategischen Fabrikstandorten in Schweden und Litauen\" \/>\n<meta property=\"og:url\" content=\"https:\/\/www.scandbook.com\/de\/ueber-uns\/fabriken\/\" \/>\n<meta property=\"og:site_name\" content=\"ScandBook\" \/>\n<meta property=\"article:publisher\" content=\"https:\/\/www.facebook.com\/profile.php?id=100063569394878&amp;sk=about&amp;locale=sv_SE\" \/>\n<meta property=\"article:modified_time\" content=\"2024-02-16T11:06:35+00:00\" \/>\n<meta name=\"twitter:card\" content=\"summary_large_image\" \/>\n<meta name=\"twitter:label1\" content=\"Gesch\u00e4tzte Lesezeit\" \/>\n\t<meta name=\"twitter:data1\" content=\"1\u00a0Minute\" \/>\n<script type=\"application\/ld+json\" class=\"yoast-schema-graph\">{\"@context\":\"https:\\\/\\\/schema.org\",\"@graph\":[{\"@type\":\"WebPage\",\"@id\":\"https:\\\/\\\/www.scandbook.com\\\/de\\\/ueber-uns\\\/fabriken\\\/\",\"url\":\"https:\\\/\\\/www.scandbook.com\\\/de\\\/ueber-uns\\\/fabriken\\\/\",\"name\":\"Fabriken - ScandBook\",\"isPartOf\":{\"@id\":\"https:\\\/\\\/www.scandbook.com\\\/de\\\/#website\"},\"datePublished\":\"2015-11-13T08:45:44+00:00\",\"dateModified\":\"2024-02-16T11:06:35+00:00\",\"description\":\"Scandbook bietet L\u00f6sungen f\u00fcr Hardcover- und Softcover-B\u00fccher Mit strategischen Fabrikstandorten in Schweden und Litauen\",\"breadcrumb\":{\"@id\":\"https:\\\/\\\/www.scandbook.com\\\/de\\\/ueber-uns\\\/fabriken\\\/#breadcrumb\"},\"inLanguage\":\"de\",\"potentialAction\":[{\"@type\":\"ReadAction\",\"target\":[\"https:\\\/\\\/www.scandbook.com\\\/de\\\/ueber-uns\\\/fabriken\\\/\"]}]},{\"@type\":\"BreadcrumbList\",\"@id\":\"https:\\\/\\\/www.scandbook.com\\\/de\\\/ueber-uns\\\/fabriken\\\/#breadcrumb\",\"itemListElement\":[{\"@type\":\"ListItem\",\"position\":1,\"name\":\"Home\",\"item\":\"https:\\\/\\\/www.scandbook.com\\\/de\\\/\"},{\"@type\":\"ListItem\",\"position\":2,\"name\":\"\u00dcber uns\",\"item\":\"https:\\\/\\\/www.scandbook.com\\\/de\\\/ueber-uns\\\/?lang=de\"},{\"@type\":\"ListItem\",\"position\":3,\"name\":\"Fabriken\"}]},{\"@type\":\"WebSite\",\"@id\":\"https:\\\/\\\/www.scandbook.com\\\/de\\\/#website\",\"url\":\"https:\\\/\\\/www.scandbook.com\\\/de\\\/\",\"name\":\"ScandBook\",\"description\":\"Skandinaviens f\u00fchrende Druckerei\",\"publisher\":{\"@id\":\"https:\\\/\\\/www.scandbook.com\\\/de\\\/#organization\"},\"potentialAction\":[{\"@type\":\"SearchAction\",\"target\":{\"@type\":\"EntryPoint\",\"urlTemplate\":\"https:\\\/\\\/www.scandbook.com\\\/de\\\/?s={search_term_string}\"},\"query-input\":{\"@type\":\"PropertyValueSpecification\",\"valueRequired\":true,\"valueName\":\"search_term_string\"}}],\"inLanguage\":\"de\"},{\"@type\":\"Organization\",\"@id\":\"https:\\\/\\\/www.scandbook.com\\\/de\\\/#organization\",\"name\":\"ScandBook\",\"url\":\"https:\\\/\\\/www.scandbook.com\\\/de\\\/\",\"logo\":{\"@type\":\"ImageObject\",\"inLanguage\":\"de\",\"@id\":\"https:\\\/\\\/www.scandbook.com\\\/de\\\/#\\\/schema\\\/logo\\\/image\\\/\",\"url\":\"https:\\\/\\\/www.scandbook.com\\\/wp-content\\\/uploads\\\/2023\\\/05\\\/scandbook-funding-climate-action.webp\",\"contentUrl\":\"https:\\\/\\\/www.scandbook.com\\\/wp-content\\\/uploads\\\/2023\\\/05\\\/scandbook-funding-climate-action.webp\",\"width\":256,\"height\":88,\"caption\":\"ScandBook\"},\"image\":{\"@id\":\"https:\\\/\\\/www.scandbook.com\\\/de\\\/#\\\/schema\\\/logo\\\/image\\\/\"},\"sameAs\":[\"https:\\\/\\\/www.facebook.com\\\/profile.php?id=100063569394878&sk=about&locale=sv_SE\",\"https:\\\/\\\/www.linkedin.com\\\/company\\\/scandbook-ab\\\/\"]}]}<\/script>\n<!-- \/ Yoast SEO Premium plugin. -->","yoast_head_json":{"title":"Fabriken - ScandBook","description":"Scandbook bietet L\u00f6sungen f\u00fcr Hardcover- und Softcover-B\u00fccher Mit strategischen Fabrikstandorten in Schweden und Litauen","robots":{"index":"index","follow":"follow","max-snippet":"max-snippet:-1","max-image-preview":"max-image-preview:large","max-video-preview":"max-video-preview:-1"},"canonical":"https:\/\/www.scandbook.com\/de\/ueber-uns\/fabriken\/","og_locale":"de_DE","og_type":"article","og_title":"Fabriken","og_description":"Scandbook bietet L\u00f6sungen f\u00fcr Hardcover- und Softcover-B\u00fccher Mit strategischen Fabrikstandorten in Schweden und Litauen","og_url":"https:\/\/www.scandbook.com\/de\/ueber-uns\/fabriken\/","og_site_name":"ScandBook","article_publisher":"https:\/\/www.facebook.com\/profile.php?id=100063569394878&sk=about&locale=sv_SE","article_modified_time":"2024-02-16T11:06:35+00:00","twitter_card":"summary_large_image","twitter_misc":{"Gesch\u00e4tzte Lesezeit":"1\u00a0Minute"},"schema":{"@context":"https:\/\/schema.org","@graph":[{"@type":"WebPage","@id":"https:\/\/www.scandbook.com\/de\/ueber-uns\/fabriken\/","url":"https:\/\/www.scandbook.com\/de\/ueber-uns\/fabriken\/","name":"Fabriken - ScandBook","isPartOf":{"@id":"https:\/\/www.scandbook.com\/de\/#website"},"datePublished":"2015-11-13T08:45:44+00:00","dateModified":"2024-02-16T11:06:35+00:00","description":"Scandbook bietet L\u00f6sungen f\u00fcr Hardcover- und Softcover-B\u00fccher Mit strategischen Fabrikstandorten in Schweden und Litauen","breadcrumb":{"@id":"https:\/\/www.scandbook.com\/de\/ueber-uns\/fabriken\/#breadcrumb"},"inLanguage":"de","potentialAction":[{"@type":"ReadAction","target":["https:\/\/www.scandbook.com\/de\/ueber-uns\/fabriken\/"]}]},{"@type":"BreadcrumbList","@id":"https:\/\/www.scandbook.com\/de\/ueber-uns\/fabriken\/#breadcrumb","itemListElement":[{"@type":"ListItem","position":1,"name":"Home","item":"https:\/\/www.scandbook.com\/de\/"},{"@type":"ListItem","position":2,"name":"\u00dcber uns","item":"https:\/\/www.scandbook.com\/de\/ueber-uns\/?lang=de"},{"@type":"ListItem","position":3,"name":"Fabriken"}]},{"@type":"WebSite","@id":"https:\/\/www.scandbook.com\/de\/#website","url":"https:\/\/www.scandbook.com\/de\/","name":"ScandBook","description":"Skandinaviens f\u00fchrende Druckerei","publisher":{"@id":"https:\/\/www.scandbook.com\/de\/#organization"},"potentialAction":[{"@type":"SearchAction","target":{"@type":"EntryPoint","urlTemplate":"https:\/\/www.scandbook.com\/de\/?s={search_term_string}"},"query-input":{"@type":"PropertyValueSpecification","valueRequired":true,"valueName":"search_term_string"}}],"inLanguage":"de"},{"@type":"Organization","@id":"https:\/\/www.scandbook.com\/de\/#organization","name":"ScandBook","url":"https:\/\/www.scandbook.com\/de\/","logo":{"@type":"ImageObject","inLanguage":"de","@id":"https:\/\/www.scandbook.com\/de\/#\/schema\/logo\/image\/","url":"https:\/\/www.scandbook.com\/wp-content\/uploads\/2023\/05\/scandbook-funding-climate-action.webp","contentUrl":"https:\/\/www.scandbook.com\/wp-content\/uploads\/2023\/05\/scandbook-funding-climate-action.webp","width":256,"height":88,"caption":"ScandBook"},"image":{"@id":"https:\/\/www.scandbook.com\/de\/#\/schema\/logo\/image\/"},"sameAs":["https:\/\/www.facebook.com\/profile.php?id=100063569394878&sk=about&locale=sv_SE","https:\/\/www.linkedin.com\/company\/scandbook-ab\/"]}]}},"_links":{"self":[{"href":"https:\/\/www.scandbook.com\/de\/wp-json\/wp\/v2\/pages\/10821","targetHints":{"allow":["GET"]}}],"collection":[{"href":"https:\/\/www.scandbook.com\/de\/wp-json\/wp\/v2\/pages"}],"about":[{"href":"https:\/\/www.scandbook.com\/de\/wp-json\/wp\/v2\/types\/page"}],"author":[{"embeddable":true,"href":"https:\/\/www.scandbook.com\/de\/wp-json\/wp\/v2\/users\/9"}],"replies":[{"embeddable":true,"href":"https:\/\/www.scandbook.com\/de\/wp-json\/wp\/v2\/comments?post=10821"}],"version-history":[{"count":3,"href":"https:\/\/www.scandbook.com\/de\/wp-json\/wp\/v2\/pages\/10821\/revisions"}],"predecessor-version":[{"id":12751,"href":"https:\/\/www.scandbook.com\/de\/wp-json\/wp\/v2\/pages\/10821\/revisions\/12751"}],"up":[{"embeddable":true,"href":"https:\/\/www.scandbook.com\/de\/wp-json\/wp\/v2\/pages\/10838"}],"wp:attachment":[{"href":"https:\/\/www.scandbook.com\/de\/wp-json\/wp\/v2\/media?parent=10821"}],"curies":[{"name":"wp","href":"https:\/\/api.w.org\/{rel}","templated":true}]}}