{"id":10786,"date":"2023-03-07T13:16:30","date_gmt":"2023-03-07T12:16:30","guid":{"rendered":"https:\/\/www.scandbook.com\/esg\/company-policies\/"},"modified":"2024-04-30T08:59:18","modified_gmt":"2024-04-30T07:59:18","slug":"firmenpolitik","status":"publish","type":"page","link":"https:\/\/www.scandbook.com\/de\/esg\/firmenpolitik\/","title":{"rendered":"Firmenpolitik"},"content":{"rendered":"\n<div  class='tabcontainer av-lfjm9dea-8eaa527217cdcc9023a7dddb67463a8f top_tab  avia-builder-el-1  el_after_av_codeblock  avia-builder-el-last '>\n<section class='av_tab_section av_tab_section av-lfjm9b0t-32fe7bdf089681a13ce3b537680b8854'  itemscope=\"itemscope\" itemtype=\"https:\/\/schema.org\/CreativeWork\" ><div id='tab-id-1-tab' class='tab active_tab' role='tab' aria-selected=\"true\" tabindex=\"0\" data-fake-id='#tab-id-1' aria-controls='tab-id-1-content'  itemprop=\"headline\" >Umweltpolitik<\/div><div id='tab-id-1-content' class='tab_content active_tab_content' role='tabpanel' aria-labelledby='tab-id-1-tab' aria-hidden=\"false\"><div class='tab_inner_content invers-color'  itemprop=\"text\" ><h1>Umweltpolitik<\/h1>\n<p>ScandBook wird Gesetze, Vereinbarungen und beh\u00f6rdliche Vorschriften im Umweltbereich einhalten und anwenden. Die Produkte des Unternehmens werden so gesundheits- und umweltvertr\u00e4glich wie m\u00f6glich sein, ohne dass das Unternehmen Abstriche bei seinen Qualit\u00e4tsstandards machen muss. ScandBook strebt nach st\u00e4ndigen Verbesserungen im Umweltbereich.<\/p>\n<h3>Die Umweltziele f\u00fcr die Gesch\u00e4ftsaktivit\u00e4ten von ScandBook sind so formuliert, dass:<\/h3>\n<ul>\n<li>Negative Umweltauswirkungen der Aktivit\u00e4ten auf ein Minimum reduziert werden.<\/li>\n<li>Einfache, umweltfreundliche und energieeffiziente Mittel f\u00fcr Betrieb und Wartung eingesetzt werden.<\/li>\n<li>Keine gesundheitlichen Risiken entstehen.<\/li>\n<li>Die Nutzung der Ressourcen effizient gestaltet wird.<\/li>\n<li>Technologien und Produkte mit guten Umwelteigenschaften ausgew\u00e4hlt werden.<\/li>\n<li>Der Energieverbrauch reduziert wird.<\/li>\n<li>Die zu entsorgenden Abfallmengen reduziert werden.<\/li>\n<\/ul>\n<h3>ScandBook wird:<\/h3>\n<ul>\n<li>Bei der Beschaffung von Produkten mit dem Umweltzeichen und umweltfreundlichen Produkten den Vorzug geben und die Lieferanten \u00fcber die Bedeutung der Einhaltung der Umweltanforderungen von ScandBook informieren.<\/li>\n<li>Pr\u00e4ventiv arbeiten und aktiv die Entwicklungen im Umweltbereich verfolgen.<\/li>\n<li>Neue Technologien und Produkte unter dem Gesichtspunkt des Umweltschutzes bewerten.<\/li>\n<li>Die pers\u00f6nliche Verantwortung der Mitarbeiter durch Schulung, Information und aktive Beteiligung an der Umweltarbeit f\u00f6rdern.<\/li>\n<li>Die einschl\u00e4gige Umweltkennzeichnung der Produkte f\u00f6rdern und auf die Umweltanforderungen der Kunden achten.<\/li>\n<li>Auf Fakten und einer ganzheitlichen Sichtweise basierende Umweltargumente vermarkten<\/li>\n<\/ul>\n<\/div><\/div><\/section>\n<section class='av_tab_section av_tab_section av-lfjmbpv0-6ecc6a77a7084a5f73a332493e084b23'  itemscope=\"itemscope\" itemtype=\"https:\/\/schema.org\/CreativeWork\" ><div id='tab-id-2-tab' class='tab' role='tab' aria-selected=\"false\" tabindex=\"0\" data-fake-id='#tab-id-2' aria-controls='tab-id-2-content'  itemprop=\"headline\" >Datenschutzerkl\u00e4rung<\/div><div id='tab-id-2-content' class='tab_content' role='tabpanel' aria-labelledby='tab-id-2-tab' aria-hidden=\"true\"><div class='tab_inner_content invers-color'  itemprop=\"text\" ><h1>Datenschutzerkl\u00e4rung<\/h1>\n<p><em>2024-01-03<\/em><\/p>\n<h3>Einleitung und Zweck<\/h3>\n<p>Ihre Integrit\u00e4t ist uns wichtig, deshalb haben wir diese Richtlinie erstellt, um klarzustellen, wie wir arbeiten, um Ihre Rechte und Integrit\u00e4t zu sch\u00fctzen.<\/p>\n<p>Ziel ist es, einen \u00dcberblick dar\u00fcber zu geben, wie wir Ihre personenbezogenen Daten behandeln und wof\u00fcr wir sie verwenden. Die neue Datenschutzgesetzgebung GDPR (General Data Protection Regulation) ist die Grundlage f\u00fcr unsere Richtlinie. Die Verordnung gilt ab dem 25. Mai 2018 und ersetzt das Gesetz \u00fcber personenbezogene Daten. Weitere Informationen \u00fcber die Datenschutzverordnung finden Sie auf der Website des EU GDPR-Informationsportals: https:\/\/gdpr-info.eu\/<\/p>\n<h3>Verarbeitung personenbezogener Daten<\/h3>\n<p>Wir verarbeiten in erster Linie personenbezogene Daten, um unsere Verpflichtungen Ihnen gegen\u00fcber zu erf\u00fcllen. Wir bem\u00fchen uns, nicht mehr personenbezogene Daten zu verarbeiten, als f\u00fcr den jeweiligen Zweck erforderlich sind.<\/p>\n<p>Wir ben\u00f6tigen Ihre pers\u00f6nlichen Daten auch, um Ihnen einen guten Service bieten zu k\u00f6nnen, z. B. f\u00fcr Gesch\u00e4fte, Follow-up und Informationen. M\u00f6glicherweise ben\u00f6tigen wir Ihre pers\u00f6nlichen Daten auch zur Einhaltung von Gesetzen sowie zur Durchf\u00fchrung von Kunden- und Marktanalysen.<\/p>\n<p>Personenbezogene Daten werden nur dann verarbeitet, wenn wir eine rechtliche Grundlage haben (um vertragliche und gesetzliche Verpflichtungen zu erf\u00fcllen). Die von Ihnen \u00fcbermittelten personenbezogenen Daten k\u00f6nnen von uns intern oder f\u00fcr Kommunikations- und Werbezwecke verwendet werden.<\/p>\n<ul>\n<li>Newsletter<\/li>\n<li>Gedruckte Verteilung<\/li>\n<li>Sie bestellen ein Produkt<\/li>\n<li>Wir liefern das Produktt<\/li>\n<\/ul>\n<p>Beispiele f\u00fcr personenbezogene Daten, die wir verarbeiten:<\/p>\n<ul>\n<li>Name<\/li>\n<li>Adresse<\/li>\n<li>E-Mail-Adresse<\/li>\n<li>Telefonnummer<\/li>\n<li>Faxnummer<\/li>\n<li>Position<\/li>\n<li>Organisationsnummer<\/li>\n<\/ul>\n<h3>Ihre Rechte<\/h3>\n<p>Sie haben als Person Anspruch auf:<\/p>\n<ul>\n<li>Zugriff auf Ihre pers\u00f6nlichen Daten<\/li>\n<li>Berichtigung falscher pers\u00f6nlicher Daten<\/li>\n<li>L\u00f6schung Ihrer pers\u00f6nlichen Daten<\/li>\n<li>Verlagerung Ihrer pers\u00f6nlichen Daten (Daten\u00fcbertragbarkeit)<\/li>\n<\/ul>\n<p>Nach dem Rechnungslegungsgesetz m\u00fcssen personenbezogene Daten mindestens 7 Jahre lang aufbewahrt werden; dies gilt also nicht f\u00fcr &#8222;L\u00f6schung Ihrer personenbezogenen Daten&#8220;.<br \/>\nWenn die Beziehung zwischen ScandBook und dem Kunden, Interessenten oder Lieferanten ausl\u00e4uft, werden die Daten bei der j\u00e4hrlichen Pr\u00fcfung gel\u00f6scht oder anonymisiert. Wird die L\u00f6schung personenbezogener Daten beantragt, so muss dies innerhalb von 3 Monaten geschehen. Sie k\u00f6nnen auch einen Registerauszug anfordern, um Zugang zu den personenbezogenen Daten zu erhalten, die wir \u00fcber Sie verarbeiten.<\/p>\n<h3>Erhebung von personenbezogenen Daten<\/h3>\n<p>Wir erhalten Ihre pers\u00f6nlichen Daten, wenn::<\/p>\n<ul>\n<li>Sie uns besuchen oder auf andere Weise mit uns in Kontakt treten<\/li>\n<li>Sie ein Angebot anfordern oder uns \u00fcber unsere Website kontaktieren<\/li>\n<li>Wir nach \u00f6ffentlichen Aufzeichnungen suchen<\/li>\n<li>Sie einen unserer Mitarbeiter besch\u00e4ftigen<\/li>\n<li>Sie sich f\u00fcr unsere Veranstaltungen oder Seminare anmelden<\/li>\n<li>Sie sich f\u00fcr Newsletter und andere Ver\u00f6ffentlichungen anmelden<\/li>\n<li>Sie Frageb\u00f6gen und Umfragen beantworten<\/li>\n<\/ul>\n<h3>Sicherheit bei der Verarbeitung von personenbezogenen Daten<\/h3>\n<p>Damit Ihre pers\u00f6nlichen Daten sicher verarbeitet werden k\u00f6nnen, entwickeln wir Regeln und Verfahren f\u00fcr diese Verarbeitung. Wir legen fest, wer auf welche Daten in unseren Unterlagen Zugriff hat. Die Grundregel lautet, dass man nicht mehr zur Verf\u00fcgung haben sollte, als man zur Erf\u00fcllung seiner Aufgabe ben\u00f6tigt.<\/p>\n<p>Unsere Sicherheitssysteme und -vorschriften sind nach dem gleichen Prinzip aufgebaut und sch\u00fctzen vor Eindringlingen und ungewollter Datenvernichtung.<\/p>\n<h3>Weitergabe von pers\u00f6nlichen Informationen<\/h3>\n<p>Unsere Grundregel lautet, dass wir Ihre pers\u00f6nlichen Daten nicht ohne Ihre Zustimmung an Dritte weitergeben oder wenn dies nicht notwendig ist, um unsere vertraglichen oder gesetzlichen Verpflichtungen zu erf\u00fcllen.<\/p>\n<p>ScandBook Holding\/AB\/UAB ist f\u00fcr die Verarbeitung Ihrer personenbezogenen Daten verantwortlich.<\/p>\n<h3>Cookies auf scanbook.com<\/h3>\n<p>Ein Cookie ist eine kurze Textdatei, die auf Ihrem Computer gespeichert wird. Webseiten verwenden Cookies, um sich an die von Ihnen getroffenen Entscheidungen zu erinnern und diese zu speichern.<br \/>\nAuch wenn Sie nicht eingeloggt sind, kann sich eine Website bei Ihrem n\u00e4chsten Besuch Dinge \u00fcber Sie merken und automatisch Formulare mit den Antworten ausf\u00fcllen, die Sie zuvor gegeben haben. Cookies k\u00f6nnen keinen Code enthalten und f\u00fchren daher nicht zu Sicherheitsbedrohungen wie Viren oder Spyware.<\/p>\n<\/div><\/div><\/section>\n<section class='av_tab_section av_tab_section av-lfjmcwmq-ede13462a34c4732bbccf9a94eb76463'  itemscope=\"itemscope\" itemtype=\"https:\/\/schema.org\/CreativeWork\" ><div id='tab-id-3-tab' class='tab' role='tab' aria-selected=\"false\" tabindex=\"0\" data-fake-id='#tab-id-3' aria-controls='tab-id-3-content'  itemprop=\"headline\" >Verhaltenskodex<\/div><div id='tab-id-3-content' class='tab_content' role='tabpanel' aria-labelledby='tab-id-3-tab' aria-hidden=\"true\"><div class='tab_inner_content invers-color'  itemprop=\"text\" ><h1>Verhaltenskodex<\/h1>\n<p>Laden Sie unsere PDF-Dateien zu unserem Verhaltenskodex herunter.<\/p>\n<hr \/>\n<p><a href=\"https:\/\/www.scandbook.com\/wp-content\/uploads\/2023\/04\/Code-of-conductde.pdf\" target=\"_blank\" rel=\"noopener\">\u00bb\u00a0ScandBook-Verhaltenskodex (PDF)<\/a><\/p>\n<p><a href=\"https:\/\/www.scandbook.com\/wp-content\/uploads\/2023\/04\/Suppliers-code-of-conductde.pdf\" target=\"_blank\" rel=\"noopener\">\u00bb\u00a0Verhaltenskodex f\u00fcr ScandBook-Lieferanten (PDF)<\/a><\/p>\n<p><!--<a href=\"https:\/\/www.scandbook.com\/wp-content\/uploads\/2023\/03\/Quality-Environmental-and-Employee-safety-policy.pdf\" target=\"_blank\" rel=\"noopener\">&#091;icon name=\"file-pdf\" style=\"regular\" class=\"\" unprefixed_class=\"\"&#093; Qualit\u00e4tsrichtlinie f\u00fcr Umwelt- und Mitarbeitersicherheit (Englisch PDF)<\/a>--><\/p>\n<\/div><\/div><\/section>\n<\/div>\n","protected":false},"excerpt":{"rendered":"","protected":false},"author":9,"featured_media":0,"parent":10762,"menu_order":0,"comment_status":"closed","ping_status":"closed","template":"","meta":{"footnotes":""},"class_list":["post-10786","page","type-page","status-publish","hentry"],"yoast_head":"<!-- This site is optimized with the Yoast SEO Premium plugin v27.5 (Yoast SEO v27.5) - https:\/\/yoast.com\/product\/yoast-seo-premium-wordpress\/ -->\n<title>Firmenpolitik - ScandBook<\/title>\n<meta name=\"description\" content=\"Umweltpolitik, Datenschutzerkl\u00e4rung und Verhaltenskodex\" \/>\n<meta name=\"robots\" content=\"index, follow, max-snippet:-1, max-image-preview:large, max-video-preview:-1\" \/>\n<link rel=\"canonical\" href=\"https:\/\/www.scandbook.com\/de\/esg\/firmenpolitik\/\" \/>\n<meta property=\"og:locale\" content=\"de_DE\" \/>\n<meta property=\"og:type\" content=\"article\" \/>\n<meta property=\"og:title\" content=\"Firmenpolitik\" \/>\n<meta property=\"og:description\" content=\"Umweltpolitik, Datenschutzerkl\u00e4rung und Verhaltenskodex\" \/>\n<meta property=\"og:url\" content=\"https:\/\/www.scandbook.com\/de\/esg\/firmenpolitik\/\" \/>\n<meta property=\"og:site_name\" content=\"ScandBook\" \/>\n<meta property=\"article:publisher\" content=\"https:\/\/www.facebook.com\/profile.php?id=100063569394878&amp;sk=about&amp;locale=sv_SE\" \/>\n<meta property=\"article:modified_time\" content=\"2024-04-30T07:59:18+00:00\" \/>\n<meta name=\"twitter:card\" content=\"summary_large_image\" \/>\n<meta name=\"twitter:label1\" content=\"Gesch\u00e4tzte Lesezeit\" \/>\n\t<meta name=\"twitter:data1\" content=\"4\u00a0Minuten\" \/>\n<script type=\"application\/ld+json\" class=\"yoast-schema-graph\">{\"@context\":\"https:\\\/\\\/schema.org\",\"@graph\":[{\"@type\":\"WebPage\",\"@id\":\"https:\\\/\\\/www.scandbook.com\\\/de\\\/esg\\\/firmenpolitik\\\/\",\"url\":\"https:\\\/\\\/www.scandbook.com\\\/de\\\/esg\\\/firmenpolitik\\\/\",\"name\":\"Firmenpolitik - ScandBook\",\"isPartOf\":{\"@id\":\"https:\\\/\\\/www.scandbook.com\\\/de\\\/#website\"},\"datePublished\":\"2023-03-07T12:16:30+00:00\",\"dateModified\":\"2024-04-30T07:59:18+00:00\",\"description\":\"Umweltpolitik, Datenschutzerkl\u00e4rung und Verhaltenskodex\",\"breadcrumb\":{\"@id\":\"https:\\\/\\\/www.scandbook.com\\\/de\\\/esg\\\/firmenpolitik\\\/#breadcrumb\"},\"inLanguage\":\"de\",\"potentialAction\":[{\"@type\":\"ReadAction\",\"target\":[\"https:\\\/\\\/www.scandbook.com\\\/de\\\/esg\\\/firmenpolitik\\\/\"]}]},{\"@type\":\"BreadcrumbList\",\"@id\":\"https:\\\/\\\/www.scandbook.com\\\/de\\\/esg\\\/firmenpolitik\\\/#breadcrumb\",\"itemListElement\":[{\"@type\":\"ListItem\",\"position\":1,\"name\":\"Home\",\"item\":\"https:\\\/\\\/www.scandbook.com\\\/de\\\/\"},{\"@type\":\"ListItem\",\"position\":2,\"name\":\"ESG\",\"item\":\"https:\\\/\\\/www.scandbook.com\\\/de\\\/esg\\\/?lang=de\"},{\"@type\":\"ListItem\",\"position\":3,\"name\":\"Firmenpolitik\"}]},{\"@type\":\"WebSite\",\"@id\":\"https:\\\/\\\/www.scandbook.com\\\/de\\\/#website\",\"url\":\"https:\\\/\\\/www.scandbook.com\\\/de\\\/\",\"name\":\"ScandBook\",\"description\":\"Skandinaviens f\u00fchrende Druckerei\",\"publisher\":{\"@id\":\"https:\\\/\\\/www.scandbook.com\\\/de\\\/#organization\"},\"potentialAction\":[{\"@type\":\"SearchAction\",\"target\":{\"@type\":\"EntryPoint\",\"urlTemplate\":\"https:\\\/\\\/www.scandbook.com\\\/de\\\/?s={search_term_string}\"},\"query-input\":{\"@type\":\"PropertyValueSpecification\",\"valueRequired\":true,\"valueName\":\"search_term_string\"}}],\"inLanguage\":\"de\"},{\"@type\":\"Organization\",\"@id\":\"https:\\\/\\\/www.scandbook.com\\\/de\\\/#organization\",\"name\":\"ScandBook\",\"url\":\"https:\\\/\\\/www.scandbook.com\\\/de\\\/\",\"logo\":{\"@type\":\"ImageObject\",\"inLanguage\":\"de\",\"@id\":\"https:\\\/\\\/www.scandbook.com\\\/de\\\/#\\\/schema\\\/logo\\\/image\\\/\",\"url\":\"https:\\\/\\\/www.scandbook.com\\\/wp-content\\\/uploads\\\/2023\\\/05\\\/scandbook-funding-climate-action.webp\",\"contentUrl\":\"https:\\\/\\\/www.scandbook.com\\\/wp-content\\\/uploads\\\/2023\\\/05\\\/scandbook-funding-climate-action.webp\",\"width\":256,\"height\":88,\"caption\":\"ScandBook\"},\"image\":{\"@id\":\"https:\\\/\\\/www.scandbook.com\\\/de\\\/#\\\/schema\\\/logo\\\/image\\\/\"},\"sameAs\":[\"https:\\\/\\\/www.facebook.com\\\/profile.php?id=100063569394878&sk=about&locale=sv_SE\",\"https:\\\/\\\/www.linkedin.com\\\/company\\\/scandbook-ab\\\/\"]}]}<\/script>\n<!-- \/ Yoast SEO Premium plugin. -->","yoast_head_json":{"title":"Firmenpolitik - ScandBook","description":"Umweltpolitik, Datenschutzerkl\u00e4rung und Verhaltenskodex","robots":{"index":"index","follow":"follow","max-snippet":"max-snippet:-1","max-image-preview":"max-image-preview:large","max-video-preview":"max-video-preview:-1"},"canonical":"https:\/\/www.scandbook.com\/de\/esg\/firmenpolitik\/","og_locale":"de_DE","og_type":"article","og_title":"Firmenpolitik","og_description":"Umweltpolitik, Datenschutzerkl\u00e4rung und Verhaltenskodex","og_url":"https:\/\/www.scandbook.com\/de\/esg\/firmenpolitik\/","og_site_name":"ScandBook","article_publisher":"https:\/\/www.facebook.com\/profile.php?id=100063569394878&sk=about&locale=sv_SE","article_modified_time":"2024-04-30T07:59:18+00:00","twitter_card":"summary_large_image","twitter_misc":{"Gesch\u00e4tzte Lesezeit":"4\u00a0Minuten"},"schema":{"@context":"https:\/\/schema.org","@graph":[{"@type":"WebPage","@id":"https:\/\/www.scandbook.com\/de\/esg\/firmenpolitik\/","url":"https:\/\/www.scandbook.com\/de\/esg\/firmenpolitik\/","name":"Firmenpolitik - ScandBook","isPartOf":{"@id":"https:\/\/www.scandbook.com\/de\/#website"},"datePublished":"2023-03-07T12:16:30+00:00","dateModified":"2024-04-30T07:59:18+00:00","description":"Umweltpolitik, Datenschutzerkl\u00e4rung und Verhaltenskodex","breadcrumb":{"@id":"https:\/\/www.scandbook.com\/de\/esg\/firmenpolitik\/#breadcrumb"},"inLanguage":"de","potentialAction":[{"@type":"ReadAction","target":["https:\/\/www.scandbook.com\/de\/esg\/firmenpolitik\/"]}]},{"@type":"BreadcrumbList","@id":"https:\/\/www.scandbook.com\/de\/esg\/firmenpolitik\/#breadcrumb","itemListElement":[{"@type":"ListItem","position":1,"name":"Home","item":"https:\/\/www.scandbook.com\/de\/"},{"@type":"ListItem","position":2,"name":"ESG","item":"https:\/\/www.scandbook.com\/de\/esg\/?lang=de"},{"@type":"ListItem","position":3,"name":"Firmenpolitik"}]},{"@type":"WebSite","@id":"https:\/\/www.scandbook.com\/de\/#website","url":"https:\/\/www.scandbook.com\/de\/","name":"ScandBook","description":"Skandinaviens f\u00fchrende Druckerei","publisher":{"@id":"https:\/\/www.scandbook.com\/de\/#organization"},"potentialAction":[{"@type":"SearchAction","target":{"@type":"EntryPoint","urlTemplate":"https:\/\/www.scandbook.com\/de\/?s={search_term_string}"},"query-input":{"@type":"PropertyValueSpecification","valueRequired":true,"valueName":"search_term_string"}}],"inLanguage":"de"},{"@type":"Organization","@id":"https:\/\/www.scandbook.com\/de\/#organization","name":"ScandBook","url":"https:\/\/www.scandbook.com\/de\/","logo":{"@type":"ImageObject","inLanguage":"de","@id":"https:\/\/www.scandbook.com\/de\/#\/schema\/logo\/image\/","url":"https:\/\/www.scandbook.com\/wp-content\/uploads\/2023\/05\/scandbook-funding-climate-action.webp","contentUrl":"https:\/\/www.scandbook.com\/wp-content\/uploads\/2023\/05\/scandbook-funding-climate-action.webp","width":256,"height":88,"caption":"ScandBook"},"image":{"@id":"https:\/\/www.scandbook.com\/de\/#\/schema\/logo\/image\/"},"sameAs":["https:\/\/www.facebook.com\/profile.php?id=100063569394878&sk=about&locale=sv_SE","https:\/\/www.linkedin.com\/company\/scandbook-ab\/"]}]}},"_links":{"self":[{"href":"https:\/\/www.scandbook.com\/de\/wp-json\/wp\/v2\/pages\/10786","targetHints":{"allow":["GET"]}}],"collection":[{"href":"https:\/\/www.scandbook.com\/de\/wp-json\/wp\/v2\/pages"}],"about":[{"href":"https:\/\/www.scandbook.com\/de\/wp-json\/wp\/v2\/types\/page"}],"author":[{"embeddable":true,"href":"https:\/\/www.scandbook.com\/de\/wp-json\/wp\/v2\/users\/9"}],"replies":[{"embeddable":true,"href":"https:\/\/www.scandbook.com\/de\/wp-json\/wp\/v2\/comments?post=10786"}],"version-history":[{"count":7,"href":"https:\/\/www.scandbook.com\/de\/wp-json\/wp\/v2\/pages\/10786\/revisions"}],"predecessor-version":[{"id":13095,"href":"https:\/\/www.scandbook.com\/de\/wp-json\/wp\/v2\/pages\/10786\/revisions\/13095"}],"up":[{"embeddable":true,"href":"https:\/\/www.scandbook.com\/de\/wp-json\/wp\/v2\/pages\/10762"}],"wp:attachment":[{"href":"https:\/\/www.scandbook.com\/de\/wp-json\/wp\/v2\/media?parent=10786"}],"curies":[{"name":"wp","href":"https:\/\/api.w.org\/{rel}","templated":true}]}}