{"id":10780,"date":"2020-02-05T08:50:24","date_gmt":"2020-02-05T07:50:24","guid":{"rendered":"https:\/\/www.scandbook.com\/esg\/climatecalc\/"},"modified":"2024-09-04T09:08:28","modified_gmt":"2024-09-04T08:08:28","slug":"climatecalc","status":"publish","type":"page","link":"https:\/\/www.scandbook.com\/de\/esg\/climatecalc\/","title":{"rendered":"ClimateCalc"},"content":{"rendered":"\n\n<style type=\"text\/css\" data-created_by=\"avia_inline_auto\" id=\"style-css-av-2rrqjj-bc894d14ed6e6093421b9a3f9d3325ce\">\n.flex_column.av-2rrqjj-bc894d14ed6e6093421b9a3f9d3325ce{\nborder-radius:0px 0px 0px 0px;\npadding:0px 0px 0px 0px;\n}\n<\/style>\n<div  class='flex_column av-2rrqjj-bc894d14ed6e6093421b9a3f9d3325ce av_one_full  avia-builder-el-1  el_after_av_codeblock  avia-builder-el-last  first flex_column_div av-zero-column-padding  '     ><section  class='av_textblock_section av-k690lqm3-8a68e2c6a8b377b671a55054bdfc871c '   itemscope=\"itemscope\" itemtype=\"https:\/\/schema.org\/CreativeWork\" ><div class='avia_textblock'  itemprop=\"text\" ><h1>ClimateCalc<\/h1>\n<p>ClimateCalc wurde entwickelt, um genaue Informationen \u00fcber die Klimaauswirkungen des einzelnen grafischen Produkts in einer Lebenszyklusperspektive zu liefern. Der K\u00e4ufer von Druckerzeugnissen und das grafische Unternehmen sind auf diese Informationen angewiesen, um vorrangig Anstrengungen zur Minimierung der Klimaauswirkungen zu unternehmen, bevor eine Neutralisierung oder Kompensation erfolgt.<\/p>\n<p>Um die Klimaauswirkungen eines bestimmten grafischen Produkts zu berechnen, m\u00fcssen Daten zu den spezifischen Rohstoffen, die bei der Herstellung des Druckerzeugnisses verwendet werden, sowie Daten zu dem grafischen Unternehmen, das das Druckerzeugnis herstellt, einbezogen werden. ClimateCalc bietet eine solche Berechnungsgrundlage.<\/p>\n<h3>Intergraf standard<\/h3>\n<p>Der Intergraf-Standard definiert die Mindestparameter, die bei der Kohlenstoffberechnung sowohl f\u00fcr grafische Unternehmen als auch f\u00fcr grafische Produkte zu ber\u00fccksichtigen sind. Die Besonderheit des Intergraf-Standards ist, dass er neben der Definition des Berechnungsumfangs auch klar beschreibt, wann Durchschnittsdaten und wann produktspezifische Daten in einer Produktkalkulation verwendet werden sollen. Die Konformit\u00e4t wurde von SGS, einem international empfohlenen Unternehmen f\u00fcr Inspektion, Verifizierung, Pr\u00fcfung und Zertifizierung, \u00fcberpr\u00fcft.<\/p>\n<p>Der Intergraf-Standard hat die Emissionen nach den im internationalen <a href=\"https:\/\/uk.climatecalc.eu\/1229.aspx\">Green House Gas Protocol<\/a> definierten Prinzipien klassifiziert.<\/p>\n<div id=\"main-content-center\">\n<h3>ISO 14064-1, ISO 16759 und das GHG-Protokoll<\/h3>\n<p>Das ClimateCalc-Berechnungsprogramm entspricht der Norm ISO 14064-1. Diese ISO-Norm legt fest, wie die Treibhausgasemissionen auf Organisationsebene zu berechnen und zu berichten sind. Die Konformit\u00e4t wurde von SGS, einem international empfohlenen Unternehmen f\u00fcr Inspektion, Verifizierung, Pr\u00fcfung und Zertifizierung, \u00fcberpr\u00fcft.<\/p>\n<p>Das ClimateCalc-Berechnungsprogramm entspricht der Norm ISO 16759. Diese ISO-Norm legt fest, wie die Treibhausgasemissionen von Druckerzeugnissen berechnet werden. Die Konformit\u00e4t wurde von SGS, einem international empfohlenen Unternehmen f\u00fcr Inspektion, Verifizierung, Pr\u00fcfung und Zertifizierung, \u00fcberpr\u00fcft.<\/p>\n<p>ClimateCalc wurde nach den Richtlinien des internationalen Standards The Green House Gas Protocol (GHG Protocol) erstellt, der vom World Business Council for Sustainable Development und dem World Resources Institute ver\u00f6ffentlicht wird. Der Standard ist unter <a href=\"http:\/\/www.ghgprotocol.org\" target=\"_blank\" rel=\"noopener\">www.ghgprotocol.org<\/a> zug\u00e4nglich.<\/p>\n<p>Gem\u00e4\u00df dem GHG-Protokoll muss die Emission von Treibhausgasen in drei Bereiche unterteilt werden:<\/p>\n<ul>\n<li>Bereich 1: Direkte Treibhausgasemissionen des Unternehmens, z. B. durch Verbrennung von \u00d6l oder Gas in eigenen Heizkesseln oder Fahrzeugen..<\/li>\n<li>Bereich 2: Indirekte Treibhausgasemissionen aus der Produktion von zugekaufter Energie wie Strom und Fernw\u00e4rme.<\/li>\n<li>Bereich 3: Andere indirekte Treibhausgasemissionen, z. B. aus der Produktion von Rohstoffen, eingekauften Transportdienstleistungen und dem Arbeitsweg der Mitarbeiter.<\/li>\n<\/ul>\n<\/div>\n<h3>Unternehmensdaten<\/h3>\n<p>Die unternehmenseigenen Daten f\u00fcr Energieverbrauch, Treibstoff, Rohmaterial, Subrohstoffe, Transportleistungen und Abfallproduktion bilden die Grundlage f\u00fcr die Kohlenstoffbilanz des Unternehmens sowie die durchgef\u00fchrten Produktberechnungen. Die unternehmenseigenen Daten werden von Beratern, die ClimateCalc vertreten, \u00fcberpr\u00fcft.<\/p>\n<h3>Standarddaten f\u00fcr grafisches Rohmaterial<\/h3>\n<p>Die Emissionsfaktoren f\u00fcr grafische Rohstoffe beruhen auf den besten verf\u00fcgbaren Erkenntnissen aus der ver\u00f6ffentlichten LCA-Forschung und verschiedenen Entwicklungsprojekten in der grafischen Industrie. Emissionsfaktoren f\u00fcr z. B. Druckfarben, Lacke, Druckplatten, Reinigungsmittel usw. werden in erster Linie auf der Grundlage klar definierter Modelle f\u00fcr den jeweiligen Rohstoff unter Verwendung von Daten aus der Ecoinvent-Datenbank entwickelt. Die D\u00e4nische Technische Universit\u00e4t hat Daten sowie die Definition von Modellen zu grafischen Rohstoffen zur Verf\u00fcgung gestellt, die unter anderem auf dem <a href=\"https:\/\/uk.climatecalc.eu\/GetFile.ashx?path=%7E\/Archive\/139ee3c9-08a9-4679-9e29-7b024508b059.pdf&amp;mimetype=application\/pdf&amp;filename=ecolabelling%20of%20printed%20matter%20-%20part%20ii.pdf\">Ecolabelling of Printed Matter \u2013 Part II<\/a>. basieren.<\/p>\n<h3>Standarddaten f\u00fcr Energie und Kraftstoff<\/h3>\n<p>Die meisten der verwendeten Daten zum Kraftstoff- und Energieverbrauch stammen aus der Ecoinvent-Datenbank und von der UNFCCC (United Nations Framework Convention on Climate Change). Die Emissionsfaktoren f\u00fcr den Stromverbrauch und die Verbrennung von Kraftstoffen sind l\u00e4nderspezifisch, w\u00e4hrend die Emissionsfaktoren f\u00fcr die Kraftstoffherstellung und den Kauf von Verkehrsdienstleistungen die Durchschnittsdaten f\u00fcr Europa sind. Die Universit\u00e4t Aalborg hat Daten zu Energie und Brennstoffen beigesteuert.<\/p>\n<h3>Daten f\u00fcr Papier<\/h3>\n<p>Der Zweck von ClimateCalc ist es, genaue Informationen \u00fcber die Kohlenstoffauswirkungen eines bestimmten grafischen Produkts aus der Perspektive des Lebenszyklus zu liefern. Da die Herstellung von Papier 50 bis 70% der gesamten Kohlenstoffauswirkungen des grafischen Produkts ausmacht, ist es wichtig, Daten zu den spezifischen Papierqualit\u00e4ten in die Kohlenstoffberechnung einzubeziehen. Der K\u00e4ufer von Druckerzeugnissen und das grafische Unternehmen k\u00f6nnen sich nur dann vorrangig um eine Minimierung der Kohlenstoffauswirkungen bem\u00fchen, wenn sie Daten f\u00fcr die spezifischen Papierqualit\u00e4ten verwenden.<\/p>\n<p>Daher verwendet ClimateCalc haupts\u00e4chlich Daten f\u00fcr bestimmte Papierqualit\u00e4ten, die in erster Linie auf der CEPI-Ten-Toes-Methode (<a href=\"http:\/\/www.cepi.org\">www.cepi.org<\/a>) basieren, und in zweiter Linie auf der Papier-Profil-Methode (<a href=\"http:\/\/www.paperprofile.com\">www.paperprofile.com<\/a>), die Emissionsfaktoren f\u00fcr Strom f\u00fcr das Land verwendet, in dem das Papier hergestellt wird.<\/p>\n<p><a href=\"https:\/\/www.scandbook.com\/de\/esg\/zertifikate\">\u00bb Unser ClimateCalc-Zertifikat finden Sie hier<\/a><\/p>\n<\/div><\/section><\/div>\n","protected":false},"excerpt":{"rendered":"","protected":false},"author":9,"featured_media":0,"parent":10762,"menu_order":0,"comment_status":"closed","ping_status":"closed","template":"","meta":{"footnotes":""},"class_list":["post-10780","page","type-page","status-publish","hentry"],"yoast_head":"<!-- This site is optimized with the Yoast SEO Premium plugin v27.5 (Yoast SEO v27.5) - https:\/\/yoast.com\/product\/yoast-seo-premium-wordpress\/ -->\n<title>ClimateCalc - ScandBook<\/title>\n<meta name=\"description\" content=\"ClimateCalc wurde entwickelt, um genaue Informationen \u00fcber die Klimaauswirkungen des einzelnen grafischen Produkts in einer Lebenszyklusperspektive zu liefern.\" \/>\n<meta name=\"robots\" content=\"index, follow, max-snippet:-1, max-image-preview:large, max-video-preview:-1\" \/>\n<link rel=\"canonical\" href=\"https:\/\/www.scandbook.com\/de\/esg\/climatecalc\/\" \/>\n<meta property=\"og:locale\" content=\"de_DE\" \/>\n<meta property=\"og:type\" content=\"article\" \/>\n<meta property=\"og:title\" content=\"ClimateCalc\" \/>\n<meta property=\"og:description\" content=\"ClimateCalc wurde entwickelt, um genaue Informationen \u00fcber die Klimaauswirkungen des einzelnen grafischen Produkts in einer Lebenszyklusperspektive zu liefern.\" \/>\n<meta property=\"og:url\" content=\"https:\/\/www.scandbook.com\/de\/esg\/climatecalc\/\" \/>\n<meta property=\"og:site_name\" content=\"ScandBook\" \/>\n<meta property=\"article:publisher\" content=\"https:\/\/www.facebook.com\/profile.php?id=100063569394878&amp;sk=about&amp;locale=sv_SE\" \/>\n<meta property=\"article:modified_time\" content=\"2024-09-04T08:08:28+00:00\" \/>\n<meta name=\"twitter:card\" content=\"summary_large_image\" \/>\n<meta name=\"twitter:label1\" content=\"Gesch\u00e4tzte Lesezeit\" \/>\n\t<meta name=\"twitter:data1\" content=\"3\u00a0Minuten\" \/>\n<script type=\"application\/ld+json\" class=\"yoast-schema-graph\">{\"@context\":\"https:\\\/\\\/schema.org\",\"@graph\":[{\"@type\":\"WebPage\",\"@id\":\"https:\\\/\\\/www.scandbook.com\\\/de\\\/esg\\\/climatecalc\\\/\",\"url\":\"https:\\\/\\\/www.scandbook.com\\\/de\\\/esg\\\/climatecalc\\\/\",\"name\":\"ClimateCalc - ScandBook\",\"isPartOf\":{\"@id\":\"https:\\\/\\\/www.scandbook.com\\\/de\\\/#website\"},\"datePublished\":\"2020-02-05T07:50:24+00:00\",\"dateModified\":\"2024-09-04T08:08:28+00:00\",\"description\":\"ClimateCalc wurde entwickelt, um genaue Informationen \u00fcber die Klimaauswirkungen des einzelnen grafischen Produkts in einer Lebenszyklusperspektive zu liefern.\",\"breadcrumb\":{\"@id\":\"https:\\\/\\\/www.scandbook.com\\\/de\\\/esg\\\/climatecalc\\\/#breadcrumb\"},\"inLanguage\":\"de\",\"potentialAction\":[{\"@type\":\"ReadAction\",\"target\":[\"https:\\\/\\\/www.scandbook.com\\\/de\\\/esg\\\/climatecalc\\\/\"]}]},{\"@type\":\"BreadcrumbList\",\"@id\":\"https:\\\/\\\/www.scandbook.com\\\/de\\\/esg\\\/climatecalc\\\/#breadcrumb\",\"itemListElement\":[{\"@type\":\"ListItem\",\"position\":1,\"name\":\"Home\",\"item\":\"https:\\\/\\\/www.scandbook.com\\\/de\\\/\"},{\"@type\":\"ListItem\",\"position\":2,\"name\":\"ESG\",\"item\":\"https:\\\/\\\/www.scandbook.com\\\/de\\\/esg\\\/?lang=de\"},{\"@type\":\"ListItem\",\"position\":3,\"name\":\"ClimateCalc\"}]},{\"@type\":\"WebSite\",\"@id\":\"https:\\\/\\\/www.scandbook.com\\\/de\\\/#website\",\"url\":\"https:\\\/\\\/www.scandbook.com\\\/de\\\/\",\"name\":\"ScandBook\",\"description\":\"Skandinaviens f\u00fchrende Druckerei\",\"publisher\":{\"@id\":\"https:\\\/\\\/www.scandbook.com\\\/de\\\/#organization\"},\"potentialAction\":[{\"@type\":\"SearchAction\",\"target\":{\"@type\":\"EntryPoint\",\"urlTemplate\":\"https:\\\/\\\/www.scandbook.com\\\/de\\\/?s={search_term_string}\"},\"query-input\":{\"@type\":\"PropertyValueSpecification\",\"valueRequired\":true,\"valueName\":\"search_term_string\"}}],\"inLanguage\":\"de\"},{\"@type\":\"Organization\",\"@id\":\"https:\\\/\\\/www.scandbook.com\\\/de\\\/#organization\",\"name\":\"ScandBook\",\"url\":\"https:\\\/\\\/www.scandbook.com\\\/de\\\/\",\"logo\":{\"@type\":\"ImageObject\",\"inLanguage\":\"de\",\"@id\":\"https:\\\/\\\/www.scandbook.com\\\/de\\\/#\\\/schema\\\/logo\\\/image\\\/\",\"url\":\"https:\\\/\\\/www.scandbook.com\\\/wp-content\\\/uploads\\\/2023\\\/05\\\/scandbook-funding-climate-action.webp\",\"contentUrl\":\"https:\\\/\\\/www.scandbook.com\\\/wp-content\\\/uploads\\\/2023\\\/05\\\/scandbook-funding-climate-action.webp\",\"width\":256,\"height\":88,\"caption\":\"ScandBook\"},\"image\":{\"@id\":\"https:\\\/\\\/www.scandbook.com\\\/de\\\/#\\\/schema\\\/logo\\\/image\\\/\"},\"sameAs\":[\"https:\\\/\\\/www.facebook.com\\\/profile.php?id=100063569394878&sk=about&locale=sv_SE\",\"https:\\\/\\\/www.linkedin.com\\\/company\\\/scandbook-ab\\\/\"]}]}<\/script>\n<!-- \/ Yoast SEO Premium plugin. -->","yoast_head_json":{"title":"ClimateCalc - ScandBook","description":"ClimateCalc wurde entwickelt, um genaue Informationen \u00fcber die Klimaauswirkungen des einzelnen grafischen Produkts in einer Lebenszyklusperspektive zu liefern.","robots":{"index":"index","follow":"follow","max-snippet":"max-snippet:-1","max-image-preview":"max-image-preview:large","max-video-preview":"max-video-preview:-1"},"canonical":"https:\/\/www.scandbook.com\/de\/esg\/climatecalc\/","og_locale":"de_DE","og_type":"article","og_title":"ClimateCalc","og_description":"ClimateCalc wurde entwickelt, um genaue Informationen \u00fcber die Klimaauswirkungen des einzelnen grafischen Produkts in einer Lebenszyklusperspektive zu liefern.","og_url":"https:\/\/www.scandbook.com\/de\/esg\/climatecalc\/","og_site_name":"ScandBook","article_publisher":"https:\/\/www.facebook.com\/profile.php?id=100063569394878&sk=about&locale=sv_SE","article_modified_time":"2024-09-04T08:08:28+00:00","twitter_card":"summary_large_image","twitter_misc":{"Gesch\u00e4tzte Lesezeit":"3\u00a0Minuten"},"schema":{"@context":"https:\/\/schema.org","@graph":[{"@type":"WebPage","@id":"https:\/\/www.scandbook.com\/de\/esg\/climatecalc\/","url":"https:\/\/www.scandbook.com\/de\/esg\/climatecalc\/","name":"ClimateCalc - ScandBook","isPartOf":{"@id":"https:\/\/www.scandbook.com\/de\/#website"},"datePublished":"2020-02-05T07:50:24+00:00","dateModified":"2024-09-04T08:08:28+00:00","description":"ClimateCalc wurde entwickelt, um genaue Informationen \u00fcber die Klimaauswirkungen des einzelnen grafischen Produkts in einer Lebenszyklusperspektive zu liefern.","breadcrumb":{"@id":"https:\/\/www.scandbook.com\/de\/esg\/climatecalc\/#breadcrumb"},"inLanguage":"de","potentialAction":[{"@type":"ReadAction","target":["https:\/\/www.scandbook.com\/de\/esg\/climatecalc\/"]}]},{"@type":"BreadcrumbList","@id":"https:\/\/www.scandbook.com\/de\/esg\/climatecalc\/#breadcrumb","itemListElement":[{"@type":"ListItem","position":1,"name":"Home","item":"https:\/\/www.scandbook.com\/de\/"},{"@type":"ListItem","position":2,"name":"ESG","item":"https:\/\/www.scandbook.com\/de\/esg\/?lang=de"},{"@type":"ListItem","position":3,"name":"ClimateCalc"}]},{"@type":"WebSite","@id":"https:\/\/www.scandbook.com\/de\/#website","url":"https:\/\/www.scandbook.com\/de\/","name":"ScandBook","description":"Skandinaviens f\u00fchrende Druckerei","publisher":{"@id":"https:\/\/www.scandbook.com\/de\/#organization"},"potentialAction":[{"@type":"SearchAction","target":{"@type":"EntryPoint","urlTemplate":"https:\/\/www.scandbook.com\/de\/?s={search_term_string}"},"query-input":{"@type":"PropertyValueSpecification","valueRequired":true,"valueName":"search_term_string"}}],"inLanguage":"de"},{"@type":"Organization","@id":"https:\/\/www.scandbook.com\/de\/#organization","name":"ScandBook","url":"https:\/\/www.scandbook.com\/de\/","logo":{"@type":"ImageObject","inLanguage":"de","@id":"https:\/\/www.scandbook.com\/de\/#\/schema\/logo\/image\/","url":"https:\/\/www.scandbook.com\/wp-content\/uploads\/2023\/05\/scandbook-funding-climate-action.webp","contentUrl":"https:\/\/www.scandbook.com\/wp-content\/uploads\/2023\/05\/scandbook-funding-climate-action.webp","width":256,"height":88,"caption":"ScandBook"},"image":{"@id":"https:\/\/www.scandbook.com\/de\/#\/schema\/logo\/image\/"},"sameAs":["https:\/\/www.facebook.com\/profile.php?id=100063569394878&sk=about&locale=sv_SE","https:\/\/www.linkedin.com\/company\/scandbook-ab\/"]}]}},"_links":{"self":[{"href":"https:\/\/www.scandbook.com\/de\/wp-json\/wp\/v2\/pages\/10780","targetHints":{"allow":["GET"]}}],"collection":[{"href":"https:\/\/www.scandbook.com\/de\/wp-json\/wp\/v2\/pages"}],"about":[{"href":"https:\/\/www.scandbook.com\/de\/wp-json\/wp\/v2\/types\/page"}],"author":[{"embeddable":true,"href":"https:\/\/www.scandbook.com\/de\/wp-json\/wp\/v2\/users\/9"}],"replies":[{"embeddable":true,"href":"https:\/\/www.scandbook.com\/de\/wp-json\/wp\/v2\/comments?post=10780"}],"version-history":[{"count":5,"href":"https:\/\/www.scandbook.com\/de\/wp-json\/wp\/v2\/pages\/10780\/revisions"}],"predecessor-version":[{"id":13647,"href":"https:\/\/www.scandbook.com\/de\/wp-json\/wp\/v2\/pages\/10780\/revisions\/13647"}],"up":[{"embeddable":true,"href":"https:\/\/www.scandbook.com\/de\/wp-json\/wp\/v2\/pages\/10762"}],"wp:attachment":[{"href":"https:\/\/www.scandbook.com\/de\/wp-json\/wp\/v2\/media?parent=10780"}],"curies":[{"name":"wp","href":"https:\/\/api.w.org\/{rel}","templated":true}]}}