{"id":10762,"date":"2015-11-13T09:48:28","date_gmt":"2015-11-13T08:48:28","guid":{"rendered":"https:\/\/www.scandbook.com\/esg\/"},"modified":"2024-02-16T11:58:53","modified_gmt":"2024-02-16T10:58:53","slug":"esg","status":"publish","type":"page","link":"https:\/\/www.scandbook.com\/de\/esg\/","title":{"rendered":"ESG"},"content":{"rendered":"\n\n<style type=\"text\/css\" data-created_by=\"avia_inline_auto\" id=\"style-css-av-297ql-05c56855ffc71ba0046d2210e427610d\">\n.avia-image-container.av-297ql-05c56855ffc71ba0046d2210e427610d img.avia_image{\nbox-shadow:none;\n}\n.avia-image-container.av-297ql-05c56855ffc71ba0046d2210e427610d .av-image-caption-overlay-center{\ncolor:#ffffff;\n}\n<\/style>\n<div  class='avia-image-container av-297ql-05c56855ffc71ba0046d2210e427610d av-styling- avia-align-center  avia-builder-el-1  el_after_av_codeblock  el_before_av_one_full '   itemprop=\"image\" itemscope=\"itemscope\" itemtype=\"https:\/\/schema.org\/ImageObject\" ><div class=\"avia-image-container-inner\"><div class=\"avia-image-overlay-wrap\"><img decoding=\"async\" fetchpriority=\"high\" class='wp-image-9651 avia-img-lazy-loading-not-9651 avia_image ' src=\"https:\/\/www.scandbook.com\/wp-content\/uploads\/2015\/11\/inviroment.jpg\" alt='' title='inviroment'  height=\"310\" width=\"1024\"  itemprop=\"thumbnailUrl\" srcset=\"https:\/\/www.scandbook.com\/wp-content\/uploads\/2015\/11\/inviroment.jpg 1024w, https:\/\/www.scandbook.com\/wp-content\/uploads\/2015\/11\/inviroment-300x91.jpg 300w, https:\/\/www.scandbook.com\/wp-content\/uploads\/2015\/11\/inviroment-768x233.jpg 768w, https:\/\/www.scandbook.com\/wp-content\/uploads\/2015\/11\/inviroment-705x213.jpg 705w, https:\/\/www.scandbook.com\/wp-content\/uploads\/2015\/11\/inviroment-450x136.jpg 450w\" sizes=\"(max-width: 1024px) 100vw, 1024px\" \/><\/div><\/div><\/div>\n\n<style type=\"text\/css\" data-created_by=\"avia_inline_auto\" id=\"style-css-av-1qz3p-6d561ca90fc7b9806b78d244364d3bda\">\n.flex_column.av-1qz3p-6d561ca90fc7b9806b78d244364d3bda{\nborder-radius:0px 0px 0px 0px;\npadding:0px 0px 0px 0px;\n}\n<\/style>\n<div  class='flex_column av-1qz3p-6d561ca90fc7b9806b78d244364d3bda av_one_full  avia-builder-el-2  el_after_av_image  avia-builder-el-last  first flex_column_div av-zero-column-padding  '     ><section  class='av_textblock_section av-a6lnp-160508224eb7e17099da3ce8b0375fd2 '   itemscope=\"itemscope\" itemtype=\"https:\/\/schema.org\/CreativeWork\" ><div class='avia_textblock'  itemprop=\"text\" ><h1>UMWELT, SOZIALES UND UNTERNEHMENSF\u00dcHRUNG<\/h1>\n<h3>ScandBook \u00fcbt T\u00e4tigkeiten aus, die gem\u00e4\u00df dem Umweltschutzgesetzbuch meldepflichtig sind.<\/h3>\n<p>80 Prozent des Buchpapiers in Europa wird in Skandinavien hergestellt. Das Buchpapier des Unternehmens wird haupts\u00e4chlich aus Schweden geliefert, was die Transportwege im Vergleich zu skandinavischen Verlagen, die ihre Buchproduktion au\u00dferhalb Skandinaviens betreiben, minimiert. In diesem Fall muss das Papier oft erst aus einem skandinavischen Land und dann zur\u00fcck zum Verlag transportiert werden.<\/p>\n<p>ScandBook l\u00e4sst nicht zu, dass gef\u00e4hrliche Stoffe das Werk unzerst\u00f6rt verlassen. Altpapier und andere Abf\u00e4lle werden sortiert und dem Recycling zugef\u00fchrt.<\/p>\n<\/div><\/section><\/div>\n","protected":false},"excerpt":{"rendered":"","protected":false},"author":9,"featured_media":0,"parent":0,"menu_order":21,"comment_status":"closed","ping_status":"closed","template":"","meta":{"footnotes":""},"class_list":["post-10762","page","type-page","status-publish","hentry"],"yoast_head":"<!-- This site is optimized with the Yoast SEO Premium plugin v27.4 (Yoast SEO v27.4) - https:\/\/yoast.com\/product\/yoast-seo-premium-wordpress\/ -->\n<title>ESG - ScandBook<\/title>\n<meta name=\"description\" content=\"ScandBook \u00fcbt T\u00e4tigkeiten aus, die gem\u00e4\u00df dem Umweltschutzgesetzbuch meldepflichtig sind.\" \/>\n<meta name=\"robots\" content=\"index, follow, max-snippet:-1, max-image-preview:large, max-video-preview:-1\" \/>\n<link rel=\"canonical\" href=\"https:\/\/www.scandbook.com\/de\/esg\/\" \/>\n<meta property=\"og:locale\" content=\"de_DE\" \/>\n<meta property=\"og:type\" content=\"article\" \/>\n<meta property=\"og:title\" content=\"ESG\" \/>\n<meta property=\"og:description\" content=\"ScandBook \u00fcbt T\u00e4tigkeiten aus, die gem\u00e4\u00df dem Umweltschutzgesetzbuch meldepflichtig sind.\" \/>\n<meta property=\"og:url\" content=\"https:\/\/www.scandbook.com\/de\/esg\/\" \/>\n<meta property=\"og:site_name\" content=\"ScandBook\" \/>\n<meta property=\"article:publisher\" content=\"https:\/\/www.facebook.com\/profile.php?id=100063569394878&amp;sk=about&amp;locale=sv_SE\" \/>\n<meta property=\"article:modified_time\" content=\"2024-02-16T10:58:53+00:00\" \/>\n<meta name=\"twitter:card\" content=\"summary_large_image\" \/>\n<meta name=\"twitter:label1\" content=\"Gesch\u00e4tzte Lesezeit\" \/>\n\t<meta name=\"twitter:data1\" content=\"1\u00a0Minute\" \/>\n<script type=\"application\/ld+json\" class=\"yoast-schema-graph\">{\"@context\":\"https:\\\/\\\/schema.org\",\"@graph\":[{\"@type\":\"WebPage\",\"@id\":\"https:\\\/\\\/www.scandbook.com\\\/de\\\/esg\\\/\",\"url\":\"https:\\\/\\\/www.scandbook.com\\\/de\\\/esg\\\/\",\"name\":\"ESG - ScandBook\",\"isPartOf\":{\"@id\":\"https:\\\/\\\/www.scandbook.com\\\/de\\\/#website\"},\"datePublished\":\"2015-11-13T08:48:28+00:00\",\"dateModified\":\"2024-02-16T10:58:53+00:00\",\"description\":\"ScandBook \u00fcbt T\u00e4tigkeiten aus, die gem\u00e4\u00df dem Umweltschutzgesetzbuch meldepflichtig sind.\",\"breadcrumb\":{\"@id\":\"https:\\\/\\\/www.scandbook.com\\\/de\\\/esg\\\/#breadcrumb\"},\"inLanguage\":\"de\",\"potentialAction\":[{\"@type\":\"ReadAction\",\"target\":[\"https:\\\/\\\/www.scandbook.com\\\/de\\\/esg\\\/\"]}]},{\"@type\":\"BreadcrumbList\",\"@id\":\"https:\\\/\\\/www.scandbook.com\\\/de\\\/esg\\\/#breadcrumb\",\"itemListElement\":[{\"@type\":\"ListItem\",\"position\":1,\"name\":\"Home\",\"item\":\"https:\\\/\\\/www.scandbook.com\\\/de\\\/\"},{\"@type\":\"ListItem\",\"position\":2,\"name\":\"ESG\"}]},{\"@type\":\"WebSite\",\"@id\":\"https:\\\/\\\/www.scandbook.com\\\/de\\\/#website\",\"url\":\"https:\\\/\\\/www.scandbook.com\\\/de\\\/\",\"name\":\"ScandBook\",\"description\":\"Skandinaviens f\u00fchrende Druckerei\",\"publisher\":{\"@id\":\"https:\\\/\\\/www.scandbook.com\\\/de\\\/#organization\"},\"potentialAction\":[{\"@type\":\"SearchAction\",\"target\":{\"@type\":\"EntryPoint\",\"urlTemplate\":\"https:\\\/\\\/www.scandbook.com\\\/de\\\/?s={search_term_string}\"},\"query-input\":{\"@type\":\"PropertyValueSpecification\",\"valueRequired\":true,\"valueName\":\"search_term_string\"}}],\"inLanguage\":\"de\"},{\"@type\":\"Organization\",\"@id\":\"https:\\\/\\\/www.scandbook.com\\\/de\\\/#organization\",\"name\":\"ScandBook\",\"url\":\"https:\\\/\\\/www.scandbook.com\\\/de\\\/\",\"logo\":{\"@type\":\"ImageObject\",\"inLanguage\":\"de\",\"@id\":\"https:\\\/\\\/www.scandbook.com\\\/de\\\/#\\\/schema\\\/logo\\\/image\\\/\",\"url\":\"https:\\\/\\\/www.scandbook.com\\\/wp-content\\\/uploads\\\/2023\\\/05\\\/scandbook-funding-climate-action.webp\",\"contentUrl\":\"https:\\\/\\\/www.scandbook.com\\\/wp-content\\\/uploads\\\/2023\\\/05\\\/scandbook-funding-climate-action.webp\",\"width\":256,\"height\":88,\"caption\":\"ScandBook\"},\"image\":{\"@id\":\"https:\\\/\\\/www.scandbook.com\\\/de\\\/#\\\/schema\\\/logo\\\/image\\\/\"},\"sameAs\":[\"https:\\\/\\\/www.facebook.com\\\/profile.php?id=100063569394878&sk=about&locale=sv_SE\",\"https:\\\/\\\/www.linkedin.com\\\/company\\\/scandbook-ab\\\/\"]}]}<\/script>\n<!-- \/ Yoast SEO Premium plugin. -->","yoast_head_json":{"title":"ESG - ScandBook","description":"ScandBook \u00fcbt T\u00e4tigkeiten aus, die gem\u00e4\u00df dem Umweltschutzgesetzbuch meldepflichtig sind.","robots":{"index":"index","follow":"follow","max-snippet":"max-snippet:-1","max-image-preview":"max-image-preview:large","max-video-preview":"max-video-preview:-1"},"canonical":"https:\/\/www.scandbook.com\/de\/esg\/","og_locale":"de_DE","og_type":"article","og_title":"ESG","og_description":"ScandBook \u00fcbt T\u00e4tigkeiten aus, die gem\u00e4\u00df dem Umweltschutzgesetzbuch meldepflichtig sind.","og_url":"https:\/\/www.scandbook.com\/de\/esg\/","og_site_name":"ScandBook","article_publisher":"https:\/\/www.facebook.com\/profile.php?id=100063569394878&sk=about&locale=sv_SE","article_modified_time":"2024-02-16T10:58:53+00:00","twitter_card":"summary_large_image","twitter_misc":{"Gesch\u00e4tzte Lesezeit":"1\u00a0Minute"},"schema":{"@context":"https:\/\/schema.org","@graph":[{"@type":"WebPage","@id":"https:\/\/www.scandbook.com\/de\/esg\/","url":"https:\/\/www.scandbook.com\/de\/esg\/","name":"ESG - ScandBook","isPartOf":{"@id":"https:\/\/www.scandbook.com\/de\/#website"},"datePublished":"2015-11-13T08:48:28+00:00","dateModified":"2024-02-16T10:58:53+00:00","description":"ScandBook \u00fcbt T\u00e4tigkeiten aus, die gem\u00e4\u00df dem Umweltschutzgesetzbuch meldepflichtig sind.","breadcrumb":{"@id":"https:\/\/www.scandbook.com\/de\/esg\/#breadcrumb"},"inLanguage":"de","potentialAction":[{"@type":"ReadAction","target":["https:\/\/www.scandbook.com\/de\/esg\/"]}]},{"@type":"BreadcrumbList","@id":"https:\/\/www.scandbook.com\/de\/esg\/#breadcrumb","itemListElement":[{"@type":"ListItem","position":1,"name":"Home","item":"https:\/\/www.scandbook.com\/de\/"},{"@type":"ListItem","position":2,"name":"ESG"}]},{"@type":"WebSite","@id":"https:\/\/www.scandbook.com\/de\/#website","url":"https:\/\/www.scandbook.com\/de\/","name":"ScandBook","description":"Skandinaviens f\u00fchrende Druckerei","publisher":{"@id":"https:\/\/www.scandbook.com\/de\/#organization"},"potentialAction":[{"@type":"SearchAction","target":{"@type":"EntryPoint","urlTemplate":"https:\/\/www.scandbook.com\/de\/?s={search_term_string}"},"query-input":{"@type":"PropertyValueSpecification","valueRequired":true,"valueName":"search_term_string"}}],"inLanguage":"de"},{"@type":"Organization","@id":"https:\/\/www.scandbook.com\/de\/#organization","name":"ScandBook","url":"https:\/\/www.scandbook.com\/de\/","logo":{"@type":"ImageObject","inLanguage":"de","@id":"https:\/\/www.scandbook.com\/de\/#\/schema\/logo\/image\/","url":"https:\/\/www.scandbook.com\/wp-content\/uploads\/2023\/05\/scandbook-funding-climate-action.webp","contentUrl":"https:\/\/www.scandbook.com\/wp-content\/uploads\/2023\/05\/scandbook-funding-climate-action.webp","width":256,"height":88,"caption":"ScandBook"},"image":{"@id":"https:\/\/www.scandbook.com\/de\/#\/schema\/logo\/image\/"},"sameAs":["https:\/\/www.facebook.com\/profile.php?id=100063569394878&sk=about&locale=sv_SE","https:\/\/www.linkedin.com\/company\/scandbook-ab\/"]}]}},"_links":{"self":[{"href":"https:\/\/www.scandbook.com\/de\/wp-json\/wp\/v2\/pages\/10762","targetHints":{"allow":["GET"]}}],"collection":[{"href":"https:\/\/www.scandbook.com\/de\/wp-json\/wp\/v2\/pages"}],"about":[{"href":"https:\/\/www.scandbook.com\/de\/wp-json\/wp\/v2\/types\/page"}],"author":[{"embeddable":true,"href":"https:\/\/www.scandbook.com\/de\/wp-json\/wp\/v2\/users\/9"}],"replies":[{"embeddable":true,"href":"https:\/\/www.scandbook.com\/de\/wp-json\/wp\/v2\/comments?post=10762"}],"version-history":[{"count":4,"href":"https:\/\/www.scandbook.com\/de\/wp-json\/wp\/v2\/pages\/10762\/revisions"}],"predecessor-version":[{"id":12735,"href":"https:\/\/www.scandbook.com\/de\/wp-json\/wp\/v2\/pages\/10762\/revisions\/12735"}],"wp:attachment":[{"href":"https:\/\/www.scandbook.com\/de\/wp-json\/wp\/v2\/media?parent=10762"}],"curies":[{"name":"wp","href":"https:\/\/api.w.org\/{rel}","templated":true}]}}