{"id":10756,"date":"2016-02-02T14:09:36","date_gmt":"2016-02-02T13:09:36","guid":{"rendered":"https:\/\/www.scandbook.com\/logistics\/"},"modified":"2024-08-23T11:30:41","modified_gmt":"2024-08-23T10:30:41","slug":"logistik","status":"publish","type":"page","link":"https:\/\/www.scandbook.com\/de\/produkte-und-services\/logistik\/","title":{"rendered":"Logistik"},"content":{"rendered":"\n\n<style type=\"text\/css\" data-created_by=\"avia_inline_auto\" id=\"style-css-av-27c60-8278d43adb9a7887b9fafa9c9aa8a87f\">\n.avia-image-container.av-27c60-8278d43adb9a7887b9fafa9c9aa8a87f img.avia_image{\nbox-shadow:none;\n}\n.avia-image-container.av-27c60-8278d43adb9a7887b9fafa9c9aa8a87f .av-image-caption-overlay-center{\ncolor:#ffffff;\n}\n<\/style>\n<div  class='avia-image-container av-27c60-8278d43adb9a7887b9fafa9c9aa8a87f av-styling- avia-align-center  avia-builder-el-1  el_after_av_codeblock  el_before_av_one_full '   itemprop=\"image\" itemscope=\"itemscope\" itemtype=\"https:\/\/schema.org\/ImageObject\" ><div class=\"avia-image-container-inner\"><div class=\"avia-image-overlay-wrap\"><img decoding=\"async\" fetchpriority=\"high\" class='wp-image-13596 avia-img-lazy-loading-not-13596 avia_image ' src=\"https:\/\/www.scandbook.com\/wp-content\/uploads\/2024\/08\/logistics.webp\" alt='Logistics' title='logistics'  height=\"365\" width=\"1024\"  itemprop=\"thumbnailUrl\" srcset=\"https:\/\/www.scandbook.com\/wp-content\/uploads\/2024\/08\/logistics.webp 1024w, https:\/\/www.scandbook.com\/wp-content\/uploads\/2024\/08\/logistics-300x107.webp 300w, https:\/\/www.scandbook.com\/wp-content\/uploads\/2024\/08\/logistics-768x274.webp 768w, https:\/\/www.scandbook.com\/wp-content\/uploads\/2024\/08\/logistics-705x251.webp 705w\" sizes=\"(max-width: 1024px) 100vw, 1024px\" \/><\/div><\/div><\/div>\n\n<style type=\"text\/css\" data-created_by=\"avia_inline_auto\" id=\"style-css-av-4kfqso-2863280b857718cb550d198e24435f6b\">\n.flex_column.av-4kfqso-2863280b857718cb550d198e24435f6b{\nborder-radius:0px 0px 0px 0px;\npadding:0px 0px 0px 0px;\n}\n<\/style>\n<div  class='flex_column av-4kfqso-2863280b857718cb550d198e24435f6b av_one_full  avia-builder-el-2  el_after_av_image  el_before_av_tab_container  first flex_column_div av-zero-column-padding  '     ><section  class='av_textblock_section av-1wmgew-662b56d666ace191efedf7cb79cdee15 '   itemscope=\"itemscope\" itemtype=\"https:\/\/schema.org\/CreativeWork\" ><div class='avia_textblock'  itemprop=\"text\" ><h1>Logistik<\/h1>\n<\/div><\/section><\/div>\n<div  class='tabcontainer av-lfkps4c6-80d4b22b5640b887edc07e162920af7b top_tab  avia-builder-el-4  el_after_av_one_full  avia-builder-el-last '>\n<section class='av_tab_section av_tab_section av-lfkpsrg6-75c48eea9109d616d53bde5da2898386'  itemscope=\"itemscope\" itemtype=\"https:\/\/schema.org\/CreativeWork\" ><div id='tab-id-1-tab' class='tab active_tab' role='tab' aria-selected=\"true\" tabindex=\"0\" data-fake-id='#tab-id-1' aria-controls='tab-id-1-content'  itemprop=\"headline\" >Voraussichtliche Lieferzeiten<\/div><div id='tab-id-1-content' class='tab_content active_tab_content' role='tabpanel' aria-labelledby='tab-id-1-tab' aria-hidden=\"false\"><div class='tab_inner_content invers-color'  itemprop=\"text\" ><h3>Voraussichtliche Lieferzeit in L\u00e4nder ab Falun<\/h3>\n<p>Schweden 1-2 Werktage.<br \/>\nNorwegen 1-2 Werktage.<br \/>\nFinnland 2-3 Werktage.<br \/>\nDeutschland 2-3 Werktage.<br \/>\nPolen 2-3 Werktage.<br \/>\nTschechische Republik 2-3 Werktage.<br \/>\nNiederlande 2-3 Werktage.<br \/>\nD\u00e4nemark 2 Werktage.<br \/>\nLettland 2-3 Werktage.<br \/>\nEstland 2-3 Werktage.<br \/>\nLitauen 2-3 Werktage.<\/p>\n<p><em>Bitte beachten Sie, dass sich diese Lieferzeiten abh\u00e4ngig von verschiedenen Faktoren \u00e4ndern k\u00f6nnen.<\/em><\/p>\n<hr \/>\n<h3>Voraussichtliche Lieferzeiten f\u00fcr L\u00e4nder ab Klaipeda<\/h3>\n<p>Schweden 1-2 Werktage.<br \/>\nNorwegen 2-3 Werktage.<br \/>\nFinnland 2 Werktage.<br \/>\nDeutschland 2 Werktage.<br \/>\nPolen 1-2 Werktage.<br \/>\nTschechische Republik 2-3 Werktage.<br \/>\nNiederlande 2-3 Werktage.<br \/>\nD\u00e4nemark 2 Werktage.<br \/>\nLettland 1-2 Werktage.<br \/>\nEstland 1-2 Werktage.<br \/>\nLitauen 1 Werktag.<\/p>\n<p><em>Bitte beachten Sie, dass sich diese Lieferzeiten abh\u00e4ngig von verschiedenen Faktoren \u00e4ndern k\u00f6nnen.<\/em><\/p>\n<\/div><\/div><\/section>\n<section class='av_tab_section av_tab_section av-lfkps0x1-4f2f5fec84c2389a1c12808ab0eb25cf'  itemscope=\"itemscope\" itemtype=\"https:\/\/schema.org\/CreativeWork\" ><div id='tab-id-2-tab' class='tab' role='tab' aria-selected=\"false\" tabindex=\"0\" data-fake-id='#tab-id-2' aria-controls='tab-id-2-content'  itemprop=\"headline\" >Transporte<\/div><div id='tab-id-2-content' class='tab_content' role='tabpanel' aria-labelledby='tab-id-2-tab' aria-hidden=\"true\"><div class='tab_inner_content invers-color'  itemprop=\"text\" ><h2>Transporte<\/h2>\n<p>Die p\u00fcnktliche Lieferung Ihrer B\u00fccher ist f\u00fcr uns einer der wichtigsten Teile des Produktionsprozesses.<br \/>\nWenn Sie wissen m\u00f6chten, wie wir den Versand in Ihr Land und an Ihren endg\u00fcltigen Bestimmungsort durchf\u00fchren w\u00fcrden, wenden Sie sich bitte an Ihren Projektmanager bei ScandBook.<\/p>\n<p align=\"justify\">Derzeit versenden wir ca. 2500 EURO-Paletten mit B\u00fcchern pro Monat. Jede Woche verlassen 4 Lastwagen voller B\u00fccher unser Lager in Litauen nach Norwegen, Schweden, Finnland, D\u00e4nemark, Polen und f\u00fcr lokale Lieferungen nach Litauen. Vom Lager in Falun aus fahren an mehreren Tagen in der Woche LKWs nach D\u00e4nemark und Finnland, und nach Norwegen liefern wir t\u00e4glich \u00fcber Nacht nach Oslo.<\/p>\n<p><strong>Unsere Partner f\u00fcr internationale Lieferungen:<\/strong><\/p>\n<p>DSV<br \/>\nItella logistics<br \/>\nWm H.Muller &amp; Co (Burger group)<br \/>\nDHL<\/p>\n<\/div><\/div><\/section>\n<\/div>\n","protected":false},"excerpt":{"rendered":"","protected":false},"author":9,"featured_media":0,"parent":11052,"menu_order":23,"comment_status":"closed","ping_status":"closed","template":"","meta":{"footnotes":""},"class_list":["post-10756","page","type-page","status-publish","hentry"],"yoast_head":"<!-- This site is optimized with the Yoast SEO Premium plugin v27.5 (Yoast SEO v27.5) - https:\/\/yoast.com\/product\/yoast-seo-premium-wordpress\/ -->\n<title>Logistik - ScandBook<\/title>\n<meta name=\"description\" content=\"Voraussichtliche Lieferzeit in L\u00e4nder ab Falun und Klaipeda\" \/>\n<meta name=\"robots\" content=\"index, follow, max-snippet:-1, max-image-preview:large, max-video-preview:-1\" \/>\n<link rel=\"canonical\" href=\"https:\/\/www.scandbook.com\/de\/produkte-und-services\/logistik\/\" \/>\n<meta property=\"og:locale\" content=\"de_DE\" \/>\n<meta property=\"og:type\" content=\"article\" \/>\n<meta property=\"og:title\" content=\"Logistik\" \/>\n<meta property=\"og:description\" content=\"Voraussichtliche Lieferzeit in L\u00e4nder ab Falun und Klaipeda\" \/>\n<meta property=\"og:url\" content=\"https:\/\/www.scandbook.com\/de\/produkte-und-services\/logistik\/\" \/>\n<meta property=\"og:site_name\" content=\"ScandBook\" \/>\n<meta property=\"article:publisher\" content=\"https:\/\/www.facebook.com\/profile.php?id=100063569394878&amp;sk=about&amp;locale=sv_SE\" \/>\n<meta property=\"article:modified_time\" content=\"2024-08-23T10:30:41+00:00\" \/>\n<meta name=\"twitter:card\" content=\"summary_large_image\" \/>\n<meta name=\"twitter:label1\" content=\"Gesch\u00e4tzte Lesezeit\" \/>\n\t<meta name=\"twitter:data1\" content=\"2\u00a0Minuten\" \/>\n<script type=\"application\/ld+json\" class=\"yoast-schema-graph\">{\"@context\":\"https:\\\/\\\/schema.org\",\"@graph\":[{\"@type\":\"WebPage\",\"@id\":\"https:\\\/\\\/www.scandbook.com\\\/de\\\/produkte-und-services\\\/logistik\\\/\",\"url\":\"https:\\\/\\\/www.scandbook.com\\\/de\\\/produkte-und-services\\\/logistik\\\/\",\"name\":\"Logistik - ScandBook\",\"isPartOf\":{\"@id\":\"https:\\\/\\\/www.scandbook.com\\\/de\\\/#website\"},\"datePublished\":\"2016-02-02T13:09:36+00:00\",\"dateModified\":\"2024-08-23T10:30:41+00:00\",\"description\":\"Voraussichtliche Lieferzeit in L\u00e4nder ab Falun und Klaipeda\",\"breadcrumb\":{\"@id\":\"https:\\\/\\\/www.scandbook.com\\\/de\\\/produkte-und-services\\\/logistik\\\/#breadcrumb\"},\"inLanguage\":\"de\",\"potentialAction\":[{\"@type\":\"ReadAction\",\"target\":[\"https:\\\/\\\/www.scandbook.com\\\/de\\\/produkte-und-services\\\/logistik\\\/\"]}]},{\"@type\":\"BreadcrumbList\",\"@id\":\"https:\\\/\\\/www.scandbook.com\\\/de\\\/produkte-und-services\\\/logistik\\\/#breadcrumb\",\"itemListElement\":[{\"@type\":\"ListItem\",\"position\":1,\"name\":\"Home\",\"item\":\"https:\\\/\\\/www.scandbook.com\\\/de\\\/\"},{\"@type\":\"ListItem\",\"position\":2,\"name\":\"Produkte und Services\",\"item\":\"https:\\\/\\\/www.scandbook.com\\\/de\\\/produkte-und-services\\\/?lang=de\"},{\"@type\":\"ListItem\",\"position\":3,\"name\":\"Logistik\"}]},{\"@type\":\"WebSite\",\"@id\":\"https:\\\/\\\/www.scandbook.com\\\/de\\\/#website\",\"url\":\"https:\\\/\\\/www.scandbook.com\\\/de\\\/\",\"name\":\"ScandBook\",\"description\":\"Skandinaviens f\u00fchrende Druckerei\",\"publisher\":{\"@id\":\"https:\\\/\\\/www.scandbook.com\\\/de\\\/#organization\"},\"potentialAction\":[{\"@type\":\"SearchAction\",\"target\":{\"@type\":\"EntryPoint\",\"urlTemplate\":\"https:\\\/\\\/www.scandbook.com\\\/de\\\/?s={search_term_string}\"},\"query-input\":{\"@type\":\"PropertyValueSpecification\",\"valueRequired\":true,\"valueName\":\"search_term_string\"}}],\"inLanguage\":\"de\"},{\"@type\":\"Organization\",\"@id\":\"https:\\\/\\\/www.scandbook.com\\\/de\\\/#organization\",\"name\":\"ScandBook\",\"url\":\"https:\\\/\\\/www.scandbook.com\\\/de\\\/\",\"logo\":{\"@type\":\"ImageObject\",\"inLanguage\":\"de\",\"@id\":\"https:\\\/\\\/www.scandbook.com\\\/de\\\/#\\\/schema\\\/logo\\\/image\\\/\",\"url\":\"https:\\\/\\\/www.scandbook.com\\\/wp-content\\\/uploads\\\/2023\\\/05\\\/scandbook-funding-climate-action.webp\",\"contentUrl\":\"https:\\\/\\\/www.scandbook.com\\\/wp-content\\\/uploads\\\/2023\\\/05\\\/scandbook-funding-climate-action.webp\",\"width\":256,\"height\":88,\"caption\":\"ScandBook\"},\"image\":{\"@id\":\"https:\\\/\\\/www.scandbook.com\\\/de\\\/#\\\/schema\\\/logo\\\/image\\\/\"},\"sameAs\":[\"https:\\\/\\\/www.facebook.com\\\/profile.php?id=100063569394878&sk=about&locale=sv_SE\",\"https:\\\/\\\/www.linkedin.com\\\/company\\\/scandbook-ab\\\/\"]}]}<\/script>\n<!-- \/ Yoast SEO Premium plugin. -->","yoast_head_json":{"title":"Logistik - ScandBook","description":"Voraussichtliche Lieferzeit in L\u00e4nder ab Falun und Klaipeda","robots":{"index":"index","follow":"follow","max-snippet":"max-snippet:-1","max-image-preview":"max-image-preview:large","max-video-preview":"max-video-preview:-1"},"canonical":"https:\/\/www.scandbook.com\/de\/produkte-und-services\/logistik\/","og_locale":"de_DE","og_type":"article","og_title":"Logistik","og_description":"Voraussichtliche Lieferzeit in L\u00e4nder ab Falun und Klaipeda","og_url":"https:\/\/www.scandbook.com\/de\/produkte-und-services\/logistik\/","og_site_name":"ScandBook","article_publisher":"https:\/\/www.facebook.com\/profile.php?id=100063569394878&sk=about&locale=sv_SE","article_modified_time":"2024-08-23T10:30:41+00:00","twitter_card":"summary_large_image","twitter_misc":{"Gesch\u00e4tzte Lesezeit":"2\u00a0Minuten"},"schema":{"@context":"https:\/\/schema.org","@graph":[{"@type":"WebPage","@id":"https:\/\/www.scandbook.com\/de\/produkte-und-services\/logistik\/","url":"https:\/\/www.scandbook.com\/de\/produkte-und-services\/logistik\/","name":"Logistik - ScandBook","isPartOf":{"@id":"https:\/\/www.scandbook.com\/de\/#website"},"datePublished":"2016-02-02T13:09:36+00:00","dateModified":"2024-08-23T10:30:41+00:00","description":"Voraussichtliche Lieferzeit in L\u00e4nder ab Falun und Klaipeda","breadcrumb":{"@id":"https:\/\/www.scandbook.com\/de\/produkte-und-services\/logistik\/#breadcrumb"},"inLanguage":"de","potentialAction":[{"@type":"ReadAction","target":["https:\/\/www.scandbook.com\/de\/produkte-und-services\/logistik\/"]}]},{"@type":"BreadcrumbList","@id":"https:\/\/www.scandbook.com\/de\/produkte-und-services\/logistik\/#breadcrumb","itemListElement":[{"@type":"ListItem","position":1,"name":"Home","item":"https:\/\/www.scandbook.com\/de\/"},{"@type":"ListItem","position":2,"name":"Produkte und Services","item":"https:\/\/www.scandbook.com\/de\/produkte-und-services\/?lang=de"},{"@type":"ListItem","position":3,"name":"Logistik"}]},{"@type":"WebSite","@id":"https:\/\/www.scandbook.com\/de\/#website","url":"https:\/\/www.scandbook.com\/de\/","name":"ScandBook","description":"Skandinaviens f\u00fchrende Druckerei","publisher":{"@id":"https:\/\/www.scandbook.com\/de\/#organization"},"potentialAction":[{"@type":"SearchAction","target":{"@type":"EntryPoint","urlTemplate":"https:\/\/www.scandbook.com\/de\/?s={search_term_string}"},"query-input":{"@type":"PropertyValueSpecification","valueRequired":true,"valueName":"search_term_string"}}],"inLanguage":"de"},{"@type":"Organization","@id":"https:\/\/www.scandbook.com\/de\/#organization","name":"ScandBook","url":"https:\/\/www.scandbook.com\/de\/","logo":{"@type":"ImageObject","inLanguage":"de","@id":"https:\/\/www.scandbook.com\/de\/#\/schema\/logo\/image\/","url":"https:\/\/www.scandbook.com\/wp-content\/uploads\/2023\/05\/scandbook-funding-climate-action.webp","contentUrl":"https:\/\/www.scandbook.com\/wp-content\/uploads\/2023\/05\/scandbook-funding-climate-action.webp","width":256,"height":88,"caption":"ScandBook"},"image":{"@id":"https:\/\/www.scandbook.com\/de\/#\/schema\/logo\/image\/"},"sameAs":["https:\/\/www.facebook.com\/profile.php?id=100063569394878&sk=about&locale=sv_SE","https:\/\/www.linkedin.com\/company\/scandbook-ab\/"]}]}},"_links":{"self":[{"href":"https:\/\/www.scandbook.com\/de\/wp-json\/wp\/v2\/pages\/10756","targetHints":{"allow":["GET"]}}],"collection":[{"href":"https:\/\/www.scandbook.com\/de\/wp-json\/wp\/v2\/pages"}],"about":[{"href":"https:\/\/www.scandbook.com\/de\/wp-json\/wp\/v2\/types\/page"}],"author":[{"embeddable":true,"href":"https:\/\/www.scandbook.com\/de\/wp-json\/wp\/v2\/users\/9"}],"replies":[{"embeddable":true,"href":"https:\/\/www.scandbook.com\/de\/wp-json\/wp\/v2\/comments?post=10756"}],"version-history":[{"count":4,"href":"https:\/\/www.scandbook.com\/de\/wp-json\/wp\/v2\/pages\/10756\/revisions"}],"predecessor-version":[{"id":13599,"href":"https:\/\/www.scandbook.com\/de\/wp-json\/wp\/v2\/pages\/10756\/revisions\/13599"}],"up":[{"embeddable":true,"href":"https:\/\/www.scandbook.com\/de\/wp-json\/wp\/v2\/pages\/11052"}],"wp:attachment":[{"href":"https:\/\/www.scandbook.com\/de\/wp-json\/wp\/v2\/media?parent=10756"}],"curies":[{"name":"wp","href":"https:\/\/api.w.org\/{rel}","templated":true}]}}