{"id":10725,"date":"2018-05-25T11:45:38","date_gmt":"2018-05-25T10:45:38","guid":{"rendered":"https:\/\/www.scandbook.com\/produkte\/standard-cover-paper-colors\/"},"modified":"2024-02-16T11:54:55","modified_gmt":"2024-02-16T10:54:55","slug":"standard-umschlagpapierfarben","status":"publish","type":"page","link":"https:\/\/www.scandbook.com\/de\/produkte-und-services\/produkte\/standard-umschlagpapierfarben\/","title":{"rendered":"Standard-umschlagpapierfarben"},"content":{"rendered":"\n\n<style type=\"text\/css\" data-created_by=\"avia_inline_auto\" id=\"style-css-av-42ql6n-fbc39dc497269cf94f476382e399f978\">\n.flex_column.av-42ql6n-fbc39dc497269cf94f476382e399f978{\nborder-radius:0px 0px 0px 0px;\npadding:0px 0px 0px 0px;\n}\n<\/style>\n<div  class='flex_column av-42ql6n-fbc39dc497269cf94f476382e399f978 av_one_full  avia-builder-el-1  el_after_av_codeblock  avia-builder-el-last  first flex_column_div av-zero-column-padding  '     ><section  class='av_textblock_section av-21jk2n-018ed343fc37b59c7554e6e9adf8af09 '   itemscope=\"itemscope\" itemtype=\"https:\/\/schema.org\/CreativeWork\" ><div class='avia_textblock'  itemprop=\"text\" ><h1>Standard-umschlagpapierfarben<\/h1>\n<p><span id=\"result_box\" class=\"\" lang=\"en\"><span class=\"\">Wir haben eine Liste von Standardfarben f\u00fcr Geltex, Buchr\u00fcckenfolie und Kapitalb\u00e4nder zusammengestellt, die Sie ausw\u00e4hlen k\u00f6nnen.<\/span><br \/>\n<span class=\"\">Nutzen Sie die Schaltfl\u00e4chen, um eine Farbkombination auszuprobieren, die Ihnen gef\u00e4llt.<\/span><\/span><\/p>\n<h4><span style=\"color: #ff0000;\">\n<style type=\"text\/css\" data-created_by=\"avia_inline_auto\" id=\"style-css-av-av_font_icon-87f1bc1eb2aa455c5d59b801311a41f2\">\n.av_font_icon.av-av_font_icon-87f1bc1eb2aa455c5d59b801311a41f2{\ncolor:#d63333;\nborder-color:#d63333;\n}\n.avia-svg-icon.av-av_font_icon-87f1bc1eb2aa455c5d59b801311a41f2 svg:first-child{\nstroke:#d63333;\nfill:#d63333;\n}\n.av_font_icon.av-av_font_icon-87f1bc1eb2aa455c5d59b801311a41f2 .av-icon-char{\nfont-size:22px;\nline-height:22px;\n}\n<\/style>\n<span  class='av_font_icon av-av_font_icon-87f1bc1eb2aa455c5d59b801311a41f2 avia_animate_when_visible av-icon-style- avia-icon-pos-left avia-iconfont avia-font-entypo-fontello'><span class='av-icon-char' data-av_icon='\ue81f' data-av_iconfont='entypo-fontello' aria-hidden=\"true\" ><\/span><\/span><\/span> <span id=\"result_box\" class=\"\" lang=\"en\"><span class=\"\"> Bitte beachten Sie, dass die Farben je nach Bildschirm variieren k\u00f6nnen.<\/span><\/span>.<\/h4>\n<hr \/>\n<p><a href=\"http:\/\/www.scandbook.com\/standard-mat\/geltex\/index-de.html\" class=\"popup\" data-width=\"1240\" data-height=\"960\" data-scrollbars=\"1\" alt=\"popup\">Geltex<\/a><a href=\"http:\/\/www.scandbook.com\/standard-mat\/ryggfolie\/index-de.html\" class=\"popup\" data-width=\"1024\" data-height=\"960\" data-scrollbars=\"1\" alt=\"popup\"><span id=\"result_box\" class=\"\" lang=\"de\"><span class=\"\">R\u00fcckenfolie<\/span><\/span><\/a><a href=\"http:\/\/www.scandbook.com\/standard-mat\/kapitalband\/index-de.html\" class=\"popup\" data-width=\"1200\" data-height=\"960\" data-scrollbars=\"1\" alt=\"popup\"><span id=\"result_box\" class=\"\" lang=\"de\"><span class=\"\">Head &amp; Tail Bands<\/span><\/span><\/a><\/p>\n<\/div><\/section><\/div>\n","protected":false},"excerpt":{"rendered":"","protected":false},"author":9,"featured_media":0,"parent":10690,"menu_order":0,"comment_status":"closed","ping_status":"closed","template":"","meta":{"footnotes":""},"class_list":["post-10725","page","type-page","status-publish","hentry"],"yoast_head":"<!-- This site is optimized with the Yoast SEO Premium plugin v27.5 (Yoast SEO v27.5) - https:\/\/yoast.com\/product\/yoast-seo-premium-wordpress\/ -->\n<title>Standard-umschlagpapierfarben - ScandBook<\/title>\n<meta name=\"description\" content=\"Wir haben eine Liste von Standardfarben f\u00fcr Geltex, Buchr\u00fcckenfolie und Kapitalb\u00e4nder zusammengestellt, die Sie ausw\u00e4hlen k\u00f6nnen.\" \/>\n<meta name=\"robots\" content=\"index, follow, max-snippet:-1, max-image-preview:large, max-video-preview:-1\" \/>\n<link rel=\"canonical\" href=\"https:\/\/www.scandbook.com\/de\/produkte-und-services\/produkte\/standard-umschlagpapierfarben\/\" \/>\n<meta property=\"og:locale\" content=\"de_DE\" \/>\n<meta property=\"og:type\" content=\"article\" \/>\n<meta property=\"og:title\" content=\"Standard-umschlagpapierfarben\" \/>\n<meta property=\"og:description\" content=\"Wir haben eine Liste von Standardfarben f\u00fcr Geltex, Buchr\u00fcckenfolie und Kapitalb\u00e4nder zusammengestellt, die Sie ausw\u00e4hlen k\u00f6nnen.\" \/>\n<meta property=\"og:url\" content=\"https:\/\/www.scandbook.com\/de\/produkte-und-services\/produkte\/standard-umschlagpapierfarben\/\" \/>\n<meta property=\"og:site_name\" content=\"ScandBook\" \/>\n<meta property=\"article:publisher\" content=\"https:\/\/www.facebook.com\/profile.php?id=100063569394878&amp;sk=about&amp;locale=sv_SE\" \/>\n<meta property=\"article:modified_time\" content=\"2024-02-16T10:54:55+00:00\" \/>\n<meta name=\"twitter:card\" content=\"summary_large_image\" \/>\n<meta name=\"twitter:label1\" content=\"Gesch\u00e4tzte Lesezeit\" \/>\n\t<meta name=\"twitter:data1\" content=\"1\u00a0Minute\" \/>\n<script type=\"application\/ld+json\" class=\"yoast-schema-graph\">{\"@context\":\"https:\\\/\\\/schema.org\",\"@graph\":[{\"@type\":\"WebPage\",\"@id\":\"https:\\\/\\\/www.scandbook.com\\\/de\\\/produkte-und-services\\\/produkte\\\/standard-umschlagpapierfarben\\\/\",\"url\":\"https:\\\/\\\/www.scandbook.com\\\/de\\\/produkte-und-services\\\/produkte\\\/standard-umschlagpapierfarben\\\/\",\"name\":\"Standard-umschlagpapierfarben - ScandBook\",\"isPartOf\":{\"@id\":\"https:\\\/\\\/www.scandbook.com\\\/de\\\/#website\"},\"datePublished\":\"2018-05-25T10:45:38+00:00\",\"dateModified\":\"2024-02-16T10:54:55+00:00\",\"description\":\"Wir haben eine Liste von Standardfarben f\u00fcr Geltex, Buchr\u00fcckenfolie und Kapitalb\u00e4nder zusammengestellt, die Sie ausw\u00e4hlen k\u00f6nnen.\",\"breadcrumb\":{\"@id\":\"https:\\\/\\\/www.scandbook.com\\\/de\\\/produkte-und-services\\\/produkte\\\/standard-umschlagpapierfarben\\\/#breadcrumb\"},\"inLanguage\":\"de\",\"potentialAction\":[{\"@type\":\"ReadAction\",\"target\":[\"https:\\\/\\\/www.scandbook.com\\\/de\\\/produkte-und-services\\\/produkte\\\/standard-umschlagpapierfarben\\\/\"]}]},{\"@type\":\"BreadcrumbList\",\"@id\":\"https:\\\/\\\/www.scandbook.com\\\/de\\\/produkte-und-services\\\/produkte\\\/standard-umschlagpapierfarben\\\/#breadcrumb\",\"itemListElement\":[{\"@type\":\"ListItem\",\"position\":1,\"name\":\"Home\",\"item\":\"https:\\\/\\\/www.scandbook.com\\\/de\\\/\"},{\"@type\":\"ListItem\",\"position\":2,\"name\":\"Produkte und Services\",\"item\":\"https:\\\/\\\/www.scandbook.com\\\/de\\\/produkte-und-services\\\/?lang=de\"},{\"@type\":\"ListItem\",\"position\":3,\"name\":\"Produkte\",\"item\":\"https:\\\/\\\/www.scandbook.com\\\/de\\\/produkte-und-services\\\/produkte\\\/?lang=de\"},{\"@type\":\"ListItem\",\"position\":4,\"name\":\"Standard-umschlagpapierfarben\"}]},{\"@type\":\"WebSite\",\"@id\":\"https:\\\/\\\/www.scandbook.com\\\/de\\\/#website\",\"url\":\"https:\\\/\\\/www.scandbook.com\\\/de\\\/\",\"name\":\"ScandBook\",\"description\":\"Skandinaviens f\u00fchrende Druckerei\",\"publisher\":{\"@id\":\"https:\\\/\\\/www.scandbook.com\\\/de\\\/#organization\"},\"potentialAction\":[{\"@type\":\"SearchAction\",\"target\":{\"@type\":\"EntryPoint\",\"urlTemplate\":\"https:\\\/\\\/www.scandbook.com\\\/de\\\/?s={search_term_string}\"},\"query-input\":{\"@type\":\"PropertyValueSpecification\",\"valueRequired\":true,\"valueName\":\"search_term_string\"}}],\"inLanguage\":\"de\"},{\"@type\":\"Organization\",\"@id\":\"https:\\\/\\\/www.scandbook.com\\\/de\\\/#organization\",\"name\":\"ScandBook\",\"url\":\"https:\\\/\\\/www.scandbook.com\\\/de\\\/\",\"logo\":{\"@type\":\"ImageObject\",\"inLanguage\":\"de\",\"@id\":\"https:\\\/\\\/www.scandbook.com\\\/de\\\/#\\\/schema\\\/logo\\\/image\\\/\",\"url\":\"https:\\\/\\\/www.scandbook.com\\\/wp-content\\\/uploads\\\/2023\\\/05\\\/scandbook-funding-climate-action.webp\",\"contentUrl\":\"https:\\\/\\\/www.scandbook.com\\\/wp-content\\\/uploads\\\/2023\\\/05\\\/scandbook-funding-climate-action.webp\",\"width\":256,\"height\":88,\"caption\":\"ScandBook\"},\"image\":{\"@id\":\"https:\\\/\\\/www.scandbook.com\\\/de\\\/#\\\/schema\\\/logo\\\/image\\\/\"},\"sameAs\":[\"https:\\\/\\\/www.facebook.com\\\/profile.php?id=100063569394878&sk=about&locale=sv_SE\",\"https:\\\/\\\/www.linkedin.com\\\/company\\\/scandbook-ab\\\/\"]}]}<\/script>\n<!-- \/ Yoast SEO Premium plugin. -->","yoast_head_json":{"title":"Standard-umschlagpapierfarben - ScandBook","description":"Wir haben eine Liste von Standardfarben f\u00fcr Geltex, Buchr\u00fcckenfolie und Kapitalb\u00e4nder zusammengestellt, die Sie ausw\u00e4hlen k\u00f6nnen.","robots":{"index":"index","follow":"follow","max-snippet":"max-snippet:-1","max-image-preview":"max-image-preview:large","max-video-preview":"max-video-preview:-1"},"canonical":"https:\/\/www.scandbook.com\/de\/produkte-und-services\/produkte\/standard-umschlagpapierfarben\/","og_locale":"de_DE","og_type":"article","og_title":"Standard-umschlagpapierfarben","og_description":"Wir haben eine Liste von Standardfarben f\u00fcr Geltex, Buchr\u00fcckenfolie und Kapitalb\u00e4nder zusammengestellt, die Sie ausw\u00e4hlen k\u00f6nnen.","og_url":"https:\/\/www.scandbook.com\/de\/produkte-und-services\/produkte\/standard-umschlagpapierfarben\/","og_site_name":"ScandBook","article_publisher":"https:\/\/www.facebook.com\/profile.php?id=100063569394878&sk=about&locale=sv_SE","article_modified_time":"2024-02-16T10:54:55+00:00","twitter_card":"summary_large_image","twitter_misc":{"Gesch\u00e4tzte Lesezeit":"1\u00a0Minute"},"schema":{"@context":"https:\/\/schema.org","@graph":[{"@type":"WebPage","@id":"https:\/\/www.scandbook.com\/de\/produkte-und-services\/produkte\/standard-umschlagpapierfarben\/","url":"https:\/\/www.scandbook.com\/de\/produkte-und-services\/produkte\/standard-umschlagpapierfarben\/","name":"Standard-umschlagpapierfarben - ScandBook","isPartOf":{"@id":"https:\/\/www.scandbook.com\/de\/#website"},"datePublished":"2018-05-25T10:45:38+00:00","dateModified":"2024-02-16T10:54:55+00:00","description":"Wir haben eine Liste von Standardfarben f\u00fcr Geltex, Buchr\u00fcckenfolie und Kapitalb\u00e4nder zusammengestellt, die Sie ausw\u00e4hlen k\u00f6nnen.","breadcrumb":{"@id":"https:\/\/www.scandbook.com\/de\/produkte-und-services\/produkte\/standard-umschlagpapierfarben\/#breadcrumb"},"inLanguage":"de","potentialAction":[{"@type":"ReadAction","target":["https:\/\/www.scandbook.com\/de\/produkte-und-services\/produkte\/standard-umschlagpapierfarben\/"]}]},{"@type":"BreadcrumbList","@id":"https:\/\/www.scandbook.com\/de\/produkte-und-services\/produkte\/standard-umschlagpapierfarben\/#breadcrumb","itemListElement":[{"@type":"ListItem","position":1,"name":"Home","item":"https:\/\/www.scandbook.com\/de\/"},{"@type":"ListItem","position":2,"name":"Produkte und Services","item":"https:\/\/www.scandbook.com\/de\/produkte-und-services\/?lang=de"},{"@type":"ListItem","position":3,"name":"Produkte","item":"https:\/\/www.scandbook.com\/de\/produkte-und-services\/produkte\/?lang=de"},{"@type":"ListItem","position":4,"name":"Standard-umschlagpapierfarben"}]},{"@type":"WebSite","@id":"https:\/\/www.scandbook.com\/de\/#website","url":"https:\/\/www.scandbook.com\/de\/","name":"ScandBook","description":"Skandinaviens f\u00fchrende Druckerei","publisher":{"@id":"https:\/\/www.scandbook.com\/de\/#organization"},"potentialAction":[{"@type":"SearchAction","target":{"@type":"EntryPoint","urlTemplate":"https:\/\/www.scandbook.com\/de\/?s={search_term_string}"},"query-input":{"@type":"PropertyValueSpecification","valueRequired":true,"valueName":"search_term_string"}}],"inLanguage":"de"},{"@type":"Organization","@id":"https:\/\/www.scandbook.com\/de\/#organization","name":"ScandBook","url":"https:\/\/www.scandbook.com\/de\/","logo":{"@type":"ImageObject","inLanguage":"de","@id":"https:\/\/www.scandbook.com\/de\/#\/schema\/logo\/image\/","url":"https:\/\/www.scandbook.com\/wp-content\/uploads\/2023\/05\/scandbook-funding-climate-action.webp","contentUrl":"https:\/\/www.scandbook.com\/wp-content\/uploads\/2023\/05\/scandbook-funding-climate-action.webp","width":256,"height":88,"caption":"ScandBook"},"image":{"@id":"https:\/\/www.scandbook.com\/de\/#\/schema\/logo\/image\/"},"sameAs":["https:\/\/www.facebook.com\/profile.php?id=100063569394878&sk=about&locale=sv_SE","https:\/\/www.linkedin.com\/company\/scandbook-ab\/"]}]}},"_links":{"self":[{"href":"https:\/\/www.scandbook.com\/de\/wp-json\/wp\/v2\/pages\/10725","targetHints":{"allow":["GET"]}}],"collection":[{"href":"https:\/\/www.scandbook.com\/de\/wp-json\/wp\/v2\/pages"}],"about":[{"href":"https:\/\/www.scandbook.com\/de\/wp-json\/wp\/v2\/types\/page"}],"author":[{"embeddable":true,"href":"https:\/\/www.scandbook.com\/de\/wp-json\/wp\/v2\/users\/9"}],"replies":[{"embeddable":true,"href":"https:\/\/www.scandbook.com\/de\/wp-json\/wp\/v2\/comments?post=10725"}],"version-history":[{"count":5,"href":"https:\/\/www.scandbook.com\/de\/wp-json\/wp\/v2\/pages\/10725\/revisions"}],"predecessor-version":[{"id":12726,"href":"https:\/\/www.scandbook.com\/de\/wp-json\/wp\/v2\/pages\/10725\/revisions\/12726"}],"up":[{"embeddable":true,"href":"https:\/\/www.scandbook.com\/de\/wp-json\/wp\/v2\/pages\/10690"}],"wp:attachment":[{"href":"https:\/\/www.scandbook.com\/de\/wp-json\/wp\/v2\/media?parent=10725"}],"curies":[{"name":"wp","href":"https:\/\/api.w.org\/{rel}","templated":true}]}}