{"id":10718,"date":"2016-01-22T13:35:42","date_gmt":"2016-01-22T12:35:42","guid":{"rendered":"https:\/\/www.scandbook.com\/produkte\/standard-formats\/"},"modified":"2024-02-16T11:54:11","modified_gmt":"2024-02-16T10:54:11","slug":"standardformate","status":"publish","type":"page","link":"https:\/\/www.scandbook.com\/de\/produkte-und-services\/produkte\/standardformate\/","title":{"rendered":"Standardformate"},"content":{"rendered":"\n\n<style type=\"text\/css\" data-created_by=\"avia_inline_auto\" id=\"style-css-av-3ad2s6-44220c0058aa7b2103e76f8d8584a779\">\n.flex_column.av-3ad2s6-44220c0058aa7b2103e76f8d8584a779{\nborder-radius:0px 0px 0px 0px;\npadding:0px 0px 0px 0px;\n}\n<\/style>\n<div  class='flex_column av-3ad2s6-44220c0058aa7b2103e76f8d8584a779 av_one_full  avia-builder-el-1  el_after_av_codeblock  avia-builder-el-last  first flex_column_div av-zero-column-padding  '     ><section  class='av_textblock_section av-335a5q-46fd57277dd6ce491db5677cd4c40240 '   itemscope=\"itemscope\" itemtype=\"https:\/\/schema.org\/CreativeWork\" ><div class='avia_textblock'  itemprop=\"text\" ><h1>Standardformate<\/h1>\n<h3>In unserem Bestreben, kosteng\u00fcnstige, optimierte Produkte herzustellen, konzentrieren wir uns auf eine begrenzte Anzahl von Standardformaten.<\/h3>\n<p>Nachfolgend finden Sie die von uns bevorzugten Standardformate. Nat\u00fcrlich k\u00f6nnen wir auch andere Formate produzieren, aber diese sind am kosteng\u00fcnstigsten.<\/p>\n<\/div><\/section><br \/>\n<div  class='avia-table av-2xxz3q-d1a473ac2cd1c356fa3748b7d9e3ab53 main_color avia-pricing-table-container avia_pricing_minimal  avia-builder-el-3  el_after_av_textblock  avia-builder-el-last  avia-table-1'  itemscope=\"itemscope\" itemtype=\"https:\/\/schema.org\/Table\" ><div class=\"pricing-table-wrap\"><ul class='pricing-table '><li class='avia-heading-row'><div class='first-table-item'>Breite x H\u00f6he (mm)<\/div><span class='pricing-extra'><\/span><\/li><li class=''>130 x 205<\/li><li class=''>134 x 213<\/li><li class=''>135 x 210<\/li><li class=''>148 x210<\/li><li class=''>151 x 226<\/li><li class=''>110 x 178 (paperback)<\/li><li class=''>115 x 185 (paperback)<\/li><\/ul><\/div><\/div><\/p><\/div>\n","protected":false},"excerpt":{"rendered":"","protected":false},"author":9,"featured_media":0,"parent":10690,"menu_order":11,"comment_status":"closed","ping_status":"closed","template":"","meta":{"footnotes":""},"class_list":["post-10718","page","type-page","status-publish","hentry"],"yoast_head":"<!-- This site is optimized with the Yoast SEO Premium plugin v27.5 (Yoast SEO v27.5) - https:\/\/yoast.com\/product\/yoast-seo-premium-wordpress\/ -->\n<title>Standardformate - ScandBook<\/title>\n<meta name=\"description\" content=\"In unserem Bestreben, kosteng\u00fcnstige, optimierte Produkte herzustellen, konzentrieren wir uns auf eine begrenzte Anzahl von Standardformaten.\" \/>\n<meta name=\"robots\" content=\"index, follow, max-snippet:-1, max-image-preview:large, max-video-preview:-1\" \/>\n<link rel=\"canonical\" href=\"https:\/\/www.scandbook.com\/de\/produkte-und-services\/produkte\/standardformate\/\" \/>\n<meta property=\"og:locale\" content=\"de_DE\" \/>\n<meta property=\"og:type\" content=\"article\" \/>\n<meta property=\"og:title\" content=\"Standardformate\" \/>\n<meta property=\"og:description\" content=\"In unserem Bestreben, kosteng\u00fcnstige, optimierte Produkte herzustellen, konzentrieren wir uns auf eine begrenzte Anzahl von Standardformaten.\" \/>\n<meta property=\"og:url\" content=\"https:\/\/www.scandbook.com\/de\/produkte-und-services\/produkte\/standardformate\/\" \/>\n<meta property=\"og:site_name\" content=\"ScandBook\" \/>\n<meta property=\"article:publisher\" content=\"https:\/\/www.facebook.com\/profile.php?id=100063569394878&amp;sk=about&amp;locale=sv_SE\" \/>\n<meta property=\"article:modified_time\" content=\"2024-02-16T10:54:11+00:00\" \/>\n<meta name=\"twitter:card\" content=\"summary_large_image\" \/>\n<meta name=\"twitter:label1\" content=\"Gesch\u00e4tzte Lesezeit\" \/>\n\t<meta name=\"twitter:data1\" content=\"1\u00a0Minute\" \/>\n<script type=\"application\/ld+json\" class=\"yoast-schema-graph\">{\"@context\":\"https:\\\/\\\/schema.org\",\"@graph\":[{\"@type\":\"WebPage\",\"@id\":\"https:\\\/\\\/www.scandbook.com\\\/de\\\/produkte-und-services\\\/produkte\\\/standardformate\\\/\",\"url\":\"https:\\\/\\\/www.scandbook.com\\\/de\\\/produkte-und-services\\\/produkte\\\/standardformate\\\/\",\"name\":\"Standardformate - ScandBook\",\"isPartOf\":{\"@id\":\"https:\\\/\\\/www.scandbook.com\\\/de\\\/#website\"},\"datePublished\":\"2016-01-22T12:35:42+00:00\",\"dateModified\":\"2024-02-16T10:54:11+00:00\",\"description\":\"In unserem Bestreben, kosteng\u00fcnstige, optimierte Produkte herzustellen, konzentrieren wir uns auf eine begrenzte Anzahl von Standardformaten.\",\"breadcrumb\":{\"@id\":\"https:\\\/\\\/www.scandbook.com\\\/de\\\/produkte-und-services\\\/produkte\\\/standardformate\\\/#breadcrumb\"},\"inLanguage\":\"de\",\"potentialAction\":[{\"@type\":\"ReadAction\",\"target\":[\"https:\\\/\\\/www.scandbook.com\\\/de\\\/produkte-und-services\\\/produkte\\\/standardformate\\\/\"]}]},{\"@type\":\"BreadcrumbList\",\"@id\":\"https:\\\/\\\/www.scandbook.com\\\/de\\\/produkte-und-services\\\/produkte\\\/standardformate\\\/#breadcrumb\",\"itemListElement\":[{\"@type\":\"ListItem\",\"position\":1,\"name\":\"Home\",\"item\":\"https:\\\/\\\/www.scandbook.com\\\/de\\\/\"},{\"@type\":\"ListItem\",\"position\":2,\"name\":\"Produkte und Services\",\"item\":\"https:\\\/\\\/www.scandbook.com\\\/de\\\/produkte-und-services\\\/?lang=de\"},{\"@type\":\"ListItem\",\"position\":3,\"name\":\"Produkte\",\"item\":\"https:\\\/\\\/www.scandbook.com\\\/de\\\/produkte-und-services\\\/produkte\\\/?lang=de\"},{\"@type\":\"ListItem\",\"position\":4,\"name\":\"Standardformate\"}]},{\"@type\":\"WebSite\",\"@id\":\"https:\\\/\\\/www.scandbook.com\\\/de\\\/#website\",\"url\":\"https:\\\/\\\/www.scandbook.com\\\/de\\\/\",\"name\":\"ScandBook\",\"description\":\"Skandinaviens f\u00fchrende Druckerei\",\"publisher\":{\"@id\":\"https:\\\/\\\/www.scandbook.com\\\/de\\\/#organization\"},\"potentialAction\":[{\"@type\":\"SearchAction\",\"target\":{\"@type\":\"EntryPoint\",\"urlTemplate\":\"https:\\\/\\\/www.scandbook.com\\\/de\\\/?s={search_term_string}\"},\"query-input\":{\"@type\":\"PropertyValueSpecification\",\"valueRequired\":true,\"valueName\":\"search_term_string\"}}],\"inLanguage\":\"de\"},{\"@type\":\"Organization\",\"@id\":\"https:\\\/\\\/www.scandbook.com\\\/de\\\/#organization\",\"name\":\"ScandBook\",\"url\":\"https:\\\/\\\/www.scandbook.com\\\/de\\\/\",\"logo\":{\"@type\":\"ImageObject\",\"inLanguage\":\"de\",\"@id\":\"https:\\\/\\\/www.scandbook.com\\\/de\\\/#\\\/schema\\\/logo\\\/image\\\/\",\"url\":\"https:\\\/\\\/www.scandbook.com\\\/wp-content\\\/uploads\\\/2023\\\/05\\\/scandbook-funding-climate-action.webp\",\"contentUrl\":\"https:\\\/\\\/www.scandbook.com\\\/wp-content\\\/uploads\\\/2023\\\/05\\\/scandbook-funding-climate-action.webp\",\"width\":256,\"height\":88,\"caption\":\"ScandBook\"},\"image\":{\"@id\":\"https:\\\/\\\/www.scandbook.com\\\/de\\\/#\\\/schema\\\/logo\\\/image\\\/\"},\"sameAs\":[\"https:\\\/\\\/www.facebook.com\\\/profile.php?id=100063569394878&sk=about&locale=sv_SE\",\"https:\\\/\\\/www.linkedin.com\\\/company\\\/scandbook-ab\\\/\"]}]}<\/script>\n<!-- \/ Yoast SEO Premium plugin. -->","yoast_head_json":{"title":"Standardformate - ScandBook","description":"In unserem Bestreben, kosteng\u00fcnstige, optimierte Produkte herzustellen, konzentrieren wir uns auf eine begrenzte Anzahl von Standardformaten.","robots":{"index":"index","follow":"follow","max-snippet":"max-snippet:-1","max-image-preview":"max-image-preview:large","max-video-preview":"max-video-preview:-1"},"canonical":"https:\/\/www.scandbook.com\/de\/produkte-und-services\/produkte\/standardformate\/","og_locale":"de_DE","og_type":"article","og_title":"Standardformate","og_description":"In unserem Bestreben, kosteng\u00fcnstige, optimierte Produkte herzustellen, konzentrieren wir uns auf eine begrenzte Anzahl von Standardformaten.","og_url":"https:\/\/www.scandbook.com\/de\/produkte-und-services\/produkte\/standardformate\/","og_site_name":"ScandBook","article_publisher":"https:\/\/www.facebook.com\/profile.php?id=100063569394878&sk=about&locale=sv_SE","article_modified_time":"2024-02-16T10:54:11+00:00","twitter_card":"summary_large_image","twitter_misc":{"Gesch\u00e4tzte Lesezeit":"1\u00a0Minute"},"schema":{"@context":"https:\/\/schema.org","@graph":[{"@type":"WebPage","@id":"https:\/\/www.scandbook.com\/de\/produkte-und-services\/produkte\/standardformate\/","url":"https:\/\/www.scandbook.com\/de\/produkte-und-services\/produkte\/standardformate\/","name":"Standardformate - ScandBook","isPartOf":{"@id":"https:\/\/www.scandbook.com\/de\/#website"},"datePublished":"2016-01-22T12:35:42+00:00","dateModified":"2024-02-16T10:54:11+00:00","description":"In unserem Bestreben, kosteng\u00fcnstige, optimierte Produkte herzustellen, konzentrieren wir uns auf eine begrenzte Anzahl von Standardformaten.","breadcrumb":{"@id":"https:\/\/www.scandbook.com\/de\/produkte-und-services\/produkte\/standardformate\/#breadcrumb"},"inLanguage":"de","potentialAction":[{"@type":"ReadAction","target":["https:\/\/www.scandbook.com\/de\/produkte-und-services\/produkte\/standardformate\/"]}]},{"@type":"BreadcrumbList","@id":"https:\/\/www.scandbook.com\/de\/produkte-und-services\/produkte\/standardformate\/#breadcrumb","itemListElement":[{"@type":"ListItem","position":1,"name":"Home","item":"https:\/\/www.scandbook.com\/de\/"},{"@type":"ListItem","position":2,"name":"Produkte und Services","item":"https:\/\/www.scandbook.com\/de\/produkte-und-services\/?lang=de"},{"@type":"ListItem","position":3,"name":"Produkte","item":"https:\/\/www.scandbook.com\/de\/produkte-und-services\/produkte\/?lang=de"},{"@type":"ListItem","position":4,"name":"Standardformate"}]},{"@type":"WebSite","@id":"https:\/\/www.scandbook.com\/de\/#website","url":"https:\/\/www.scandbook.com\/de\/","name":"ScandBook","description":"Skandinaviens f\u00fchrende Druckerei","publisher":{"@id":"https:\/\/www.scandbook.com\/de\/#organization"},"potentialAction":[{"@type":"SearchAction","target":{"@type":"EntryPoint","urlTemplate":"https:\/\/www.scandbook.com\/de\/?s={search_term_string}"},"query-input":{"@type":"PropertyValueSpecification","valueRequired":true,"valueName":"search_term_string"}}],"inLanguage":"de"},{"@type":"Organization","@id":"https:\/\/www.scandbook.com\/de\/#organization","name":"ScandBook","url":"https:\/\/www.scandbook.com\/de\/","logo":{"@type":"ImageObject","inLanguage":"de","@id":"https:\/\/www.scandbook.com\/de\/#\/schema\/logo\/image\/","url":"https:\/\/www.scandbook.com\/wp-content\/uploads\/2023\/05\/scandbook-funding-climate-action.webp","contentUrl":"https:\/\/www.scandbook.com\/wp-content\/uploads\/2023\/05\/scandbook-funding-climate-action.webp","width":256,"height":88,"caption":"ScandBook"},"image":{"@id":"https:\/\/www.scandbook.com\/de\/#\/schema\/logo\/image\/"},"sameAs":["https:\/\/www.facebook.com\/profile.php?id=100063569394878&sk=about&locale=sv_SE","https:\/\/www.linkedin.com\/company\/scandbook-ab\/"]}]}},"_links":{"self":[{"href":"https:\/\/www.scandbook.com\/de\/wp-json\/wp\/v2\/pages\/10718","targetHints":{"allow":["GET"]}}],"collection":[{"href":"https:\/\/www.scandbook.com\/de\/wp-json\/wp\/v2\/pages"}],"about":[{"href":"https:\/\/www.scandbook.com\/de\/wp-json\/wp\/v2\/types\/page"}],"author":[{"embeddable":true,"href":"https:\/\/www.scandbook.com\/de\/wp-json\/wp\/v2\/users\/9"}],"replies":[{"embeddable":true,"href":"https:\/\/www.scandbook.com\/de\/wp-json\/wp\/v2\/comments?post=10718"}],"version-history":[{"count":3,"href":"https:\/\/www.scandbook.com\/de\/wp-json\/wp\/v2\/pages\/10718\/revisions"}],"predecessor-version":[{"id":12723,"href":"https:\/\/www.scandbook.com\/de\/wp-json\/wp\/v2\/pages\/10718\/revisions\/12723"}],"up":[{"embeddable":true,"href":"https:\/\/www.scandbook.com\/de\/wp-json\/wp\/v2\/pages\/10690"}],"wp:attachment":[{"href":"https:\/\/www.scandbook.com\/de\/wp-json\/wp\/v2\/media?parent=10718"}],"curies":[{"name":"wp","href":"https:\/\/api.w.org\/{rel}","templated":true}]}}