{"id":10702,"date":"2016-01-22T10:19:23","date_gmt":"2016-01-22T09:19:23","guid":{"rendered":"https:\/\/www.scandbook.com\/produkte\/cover-effects-extras\/"},"modified":"2024-02-16T11:53:15","modified_gmt":"2024-02-16T10:53:15","slug":"buchumschlag-effekte-und-extras","status":"publish","type":"page","link":"https:\/\/www.scandbook.com\/de\/produkte-und-services\/produkte\/buchumschlag-effekte-und-extras\/","title":{"rendered":"Buchumschlag-effekte und extras"},"content":{"rendered":"\n\n<style type=\"text\/css\" data-created_by=\"avia_inline_auto\" id=\"style-css-av-pxf8r-f6de69561982a7e9eea6124c02d26144\">\n.flex_column.av-pxf8r-f6de69561982a7e9eea6124c02d26144{\nborder-radius:0px 0px 0px 0px;\npadding:0px 0px 0px 0px;\n}\n<\/style>\n<div  class='flex_column av-pxf8r-f6de69561982a7e9eea6124c02d26144 av_one_full  avia-builder-el-1  el_after_av_codeblock  el_before_av_one_full  first flex_column_div av-zero-column-padding  '     ><section  class='av_textblock_section av-m4ctv-3a1d513200b7eadffe86f776fd4785b4 '   itemscope=\"itemscope\" itemtype=\"https:\/\/schema.org\/CreativeWork\" ><div class='avia_textblock'  itemprop=\"text\" ><p><img loading=\"lazy\" decoding=\"async\" class=\"aligncenter wp-image-1948 size-entry_with_sidebar\" src=\"https:\/\/www.scandbook.com\/wp-content\/uploads\/2016\/01\/effects-845x321.jpg\" alt=\"effects\" width=\"845\" height=\"321\" \/><\/p>\n<\/div><\/section><\/div>\n\n<style type=\"text\/css\" data-created_by=\"avia_inline_auto\" id=\"style-css-av-g90sz-a3bb03f1a408decd64a6aaf9c66b51ff\">\n.flex_column.av-g90sz-a3bb03f1a408decd64a6aaf9c66b51ff{\nborder-radius:0px 0px 0px 0px;\npadding:0px 0px 0px 0px;\n}\n<\/style>\n<div  class='flex_column av-g90sz-a3bb03f1a408decd64a6aaf9c66b51ff av_one_full  avia-builder-el-3  el_after_av_one_full  avia-builder-el-last  first flex_column_div av-zero-column-padding  column-top-margin'     ><section  class='av_textblock_section av-a24vv-67bb67086cd7ca2e91a0d67af1c66977 '   itemscope=\"itemscope\" itemtype=\"https:\/\/schema.org\/CreativeWork\" ><div class='avia_textblock'  itemprop=\"text\" ><h1>Buchumschlag-effekte und extras<\/h1>\n<h3>Sie k\u00f6nnen die Umschlaggestaltung aus einer breiten Palette von Optionen ausw\u00e4hlen:<\/h3>\n<div class=\"avia_textblock avia_textblock_style\" data-update_with=\"content\">\n<ul>\n<li>Gl\u00e4nzender UV-Lack<\/li>\n<li>Gl\u00e4nzende Laminierung<\/li>\n<li>Matte Laminierung<\/li>\n<li>Soft-Touch-Laminierung<\/li>\n<li>Spot-UV-Lack<\/li>\n<li>Relief-UV-Lack<\/li>\n<li>Pr\u00e4gung<\/li>\n<li>Alle Arten von Folien<\/li>\n<li>Umschl\u00e4ge mit Klappen<\/li>\n<li>Kombinationen der oben genannten<\/li>\n<\/ul>\n<h3><strong>Alle oben genannten Dekorationen und Effekte werden von unserem eigenen erfahrenen Personal durchgef\u00fchrt!<\/strong><\/h3>\n<\/div>\n<p>Wir schrumpfen auch in Kunststoff ein:<\/p>\n<ul>\n<li>Einzelne B\u00fccher<\/li>\n<li>B\u00fcndel<\/li>\n<\/ul>\n<\/div><\/section><\/div>\n","protected":false},"excerpt":{"rendered":"","protected":false},"author":9,"featured_media":0,"parent":10690,"menu_order":11,"comment_status":"closed","ping_status":"closed","template":"","meta":{"footnotes":""},"class_list":["post-10702","page","type-page","status-publish","hentry"],"yoast_head":"<!-- This site is optimized with the Yoast SEO Premium plugin v27.5 (Yoast SEO v27.5) - https:\/\/yoast.com\/product\/yoast-seo-premium-wordpress\/ -->\n<title>Buchumschlag-effekte und extras - ScandBook<\/title>\n<meta name=\"description\" content=\"Umschlaggestaltung aus einer breiten Palette von Optionen ausw\u00e4hlen: UV-Lack. Gl\u00e4nzende, matte, soft-touch laminierung. Spot, relief UV-Lack. Pr\u00e4gung und folien\" \/>\n<meta name=\"robots\" content=\"index, follow, max-snippet:-1, max-image-preview:large, max-video-preview:-1\" \/>\n<link rel=\"canonical\" href=\"https:\/\/www.scandbook.com\/de\/produkte-und-services\/produkte\/buchumschlag-effekte-und-extras\/\" \/>\n<meta property=\"og:locale\" content=\"de_DE\" \/>\n<meta property=\"og:type\" content=\"article\" \/>\n<meta property=\"og:title\" content=\"Buchumschlag-effekte und extras\" \/>\n<meta property=\"og:description\" content=\"Umschlaggestaltung aus einer breiten Palette von Optionen ausw\u00e4hlen: UV-Lack. Gl\u00e4nzende, matte, soft-touch laminierung. Spot, relief UV-Lack. Pr\u00e4gung und folien\" \/>\n<meta property=\"og:url\" content=\"https:\/\/www.scandbook.com\/de\/produkte-und-services\/produkte\/buchumschlag-effekte-und-extras\/\" \/>\n<meta property=\"og:site_name\" content=\"ScandBook\" \/>\n<meta property=\"article:publisher\" content=\"https:\/\/www.facebook.com\/profile.php?id=100063569394878&amp;sk=about&amp;locale=sv_SE\" \/>\n<meta property=\"article:modified_time\" content=\"2024-02-16T10:53:15+00:00\" \/>\n<meta property=\"og:image\" content=\"https:\/\/www.scandbook.com\/wp-content\/uploads\/2016\/01\/effects-845x321.jpg\" \/>\n<meta name=\"twitter:card\" content=\"summary_large_image\" \/>\n<meta name=\"twitter:label1\" content=\"Gesch\u00e4tzte Lesezeit\" \/>\n\t<meta name=\"twitter:data1\" content=\"1\u00a0Minute\" \/>\n<script type=\"application\/ld+json\" class=\"yoast-schema-graph\">{\"@context\":\"https:\\\/\\\/schema.org\",\"@graph\":[{\"@type\":\"WebPage\",\"@id\":\"https:\\\/\\\/www.scandbook.com\\\/de\\\/produkte-und-services\\\/produkte\\\/buchumschlag-effekte-und-extras\\\/\",\"url\":\"https:\\\/\\\/www.scandbook.com\\\/de\\\/produkte-und-services\\\/produkte\\\/buchumschlag-effekte-und-extras\\\/\",\"name\":\"Buchumschlag-effekte und extras - ScandBook\",\"isPartOf\":{\"@id\":\"https:\\\/\\\/www.scandbook.com\\\/de\\\/#website\"},\"primaryImageOfPage\":{\"@id\":\"https:\\\/\\\/www.scandbook.com\\\/de\\\/produkte-und-services\\\/produkte\\\/buchumschlag-effekte-und-extras\\\/#primaryimage\"},\"image\":{\"@id\":\"https:\\\/\\\/www.scandbook.com\\\/de\\\/produkte-und-services\\\/produkte\\\/buchumschlag-effekte-und-extras\\\/#primaryimage\"},\"thumbnailUrl\":\"https:\\\/\\\/www.scandbook.com\\\/wp-content\\\/uploads\\\/2016\\\/01\\\/effects-845x321.jpg\",\"datePublished\":\"2016-01-22T09:19:23+00:00\",\"dateModified\":\"2024-02-16T10:53:15+00:00\",\"description\":\"Umschlaggestaltung aus einer breiten Palette von Optionen ausw\u00e4hlen: UV-Lack. Gl\u00e4nzende, matte, soft-touch laminierung. Spot, relief UV-Lack. Pr\u00e4gung und folien\",\"breadcrumb\":{\"@id\":\"https:\\\/\\\/www.scandbook.com\\\/de\\\/produkte-und-services\\\/produkte\\\/buchumschlag-effekte-und-extras\\\/#breadcrumb\"},\"inLanguage\":\"de\",\"potentialAction\":[{\"@type\":\"ReadAction\",\"target\":[\"https:\\\/\\\/www.scandbook.com\\\/de\\\/produkte-und-services\\\/produkte\\\/buchumschlag-effekte-und-extras\\\/\"]}]},{\"@type\":\"ImageObject\",\"inLanguage\":\"de\",\"@id\":\"https:\\\/\\\/www.scandbook.com\\\/de\\\/produkte-und-services\\\/produkte\\\/buchumschlag-effekte-und-extras\\\/#primaryimage\",\"url\":\"https:\\\/\\\/www.scandbook.com\\\/wp-content\\\/uploads\\\/2016\\\/01\\\/effects-845x321.jpg\",\"contentUrl\":\"https:\\\/\\\/www.scandbook.com\\\/wp-content\\\/uploads\\\/2016\\\/01\\\/effects-845x321.jpg\"},{\"@type\":\"BreadcrumbList\",\"@id\":\"https:\\\/\\\/www.scandbook.com\\\/de\\\/produkte-und-services\\\/produkte\\\/buchumschlag-effekte-und-extras\\\/#breadcrumb\",\"itemListElement\":[{\"@type\":\"ListItem\",\"position\":1,\"name\":\"Home\",\"item\":\"https:\\\/\\\/www.scandbook.com\\\/de\\\/\"},{\"@type\":\"ListItem\",\"position\":2,\"name\":\"Produkte und Services\",\"item\":\"https:\\\/\\\/www.scandbook.com\\\/de\\\/produkte-und-services\\\/?lang=de\"},{\"@type\":\"ListItem\",\"position\":3,\"name\":\"Produkte\",\"item\":\"https:\\\/\\\/www.scandbook.com\\\/de\\\/produkte-und-services\\\/produkte\\\/?lang=de\"},{\"@type\":\"ListItem\",\"position\":4,\"name\":\"Buchumschlag-effekte und extras\"}]},{\"@type\":\"WebSite\",\"@id\":\"https:\\\/\\\/www.scandbook.com\\\/de\\\/#website\",\"url\":\"https:\\\/\\\/www.scandbook.com\\\/de\\\/\",\"name\":\"ScandBook\",\"description\":\"Skandinaviens f\u00fchrende Druckerei\",\"publisher\":{\"@id\":\"https:\\\/\\\/www.scandbook.com\\\/de\\\/#organization\"},\"potentialAction\":[{\"@type\":\"SearchAction\",\"target\":{\"@type\":\"EntryPoint\",\"urlTemplate\":\"https:\\\/\\\/www.scandbook.com\\\/de\\\/?s={search_term_string}\"},\"query-input\":{\"@type\":\"PropertyValueSpecification\",\"valueRequired\":true,\"valueName\":\"search_term_string\"}}],\"inLanguage\":\"de\"},{\"@type\":\"Organization\",\"@id\":\"https:\\\/\\\/www.scandbook.com\\\/de\\\/#organization\",\"name\":\"ScandBook\",\"url\":\"https:\\\/\\\/www.scandbook.com\\\/de\\\/\",\"logo\":{\"@type\":\"ImageObject\",\"inLanguage\":\"de\",\"@id\":\"https:\\\/\\\/www.scandbook.com\\\/de\\\/#\\\/schema\\\/logo\\\/image\\\/\",\"url\":\"https:\\\/\\\/www.scandbook.com\\\/wp-content\\\/uploads\\\/2023\\\/05\\\/scandbook-funding-climate-action.webp\",\"contentUrl\":\"https:\\\/\\\/www.scandbook.com\\\/wp-content\\\/uploads\\\/2023\\\/05\\\/scandbook-funding-climate-action.webp\",\"width\":256,\"height\":88,\"caption\":\"ScandBook\"},\"image\":{\"@id\":\"https:\\\/\\\/www.scandbook.com\\\/de\\\/#\\\/schema\\\/logo\\\/image\\\/\"},\"sameAs\":[\"https:\\\/\\\/www.facebook.com\\\/profile.php?id=100063569394878&sk=about&locale=sv_SE\",\"https:\\\/\\\/www.linkedin.com\\\/company\\\/scandbook-ab\\\/\"]}]}<\/script>\n<!-- \/ Yoast SEO Premium plugin. -->","yoast_head_json":{"title":"Buchumschlag-effekte und extras - ScandBook","description":"Umschlaggestaltung aus einer breiten Palette von Optionen ausw\u00e4hlen: UV-Lack. Gl\u00e4nzende, matte, soft-touch laminierung. Spot, relief UV-Lack. Pr\u00e4gung und folien","robots":{"index":"index","follow":"follow","max-snippet":"max-snippet:-1","max-image-preview":"max-image-preview:large","max-video-preview":"max-video-preview:-1"},"canonical":"https:\/\/www.scandbook.com\/de\/produkte-und-services\/produkte\/buchumschlag-effekte-und-extras\/","og_locale":"de_DE","og_type":"article","og_title":"Buchumschlag-effekte und extras","og_description":"Umschlaggestaltung aus einer breiten Palette von Optionen ausw\u00e4hlen: UV-Lack. Gl\u00e4nzende, matte, soft-touch laminierung. Spot, relief UV-Lack. Pr\u00e4gung und folien","og_url":"https:\/\/www.scandbook.com\/de\/produkte-und-services\/produkte\/buchumschlag-effekte-und-extras\/","og_site_name":"ScandBook","article_publisher":"https:\/\/www.facebook.com\/profile.php?id=100063569394878&sk=about&locale=sv_SE","article_modified_time":"2024-02-16T10:53:15+00:00","og_image":[{"url":"https:\/\/www.scandbook.com\/wp-content\/uploads\/2016\/01\/effects-845x321.jpg","type":"","width":"","height":""}],"twitter_card":"summary_large_image","twitter_misc":{"Gesch\u00e4tzte Lesezeit":"1\u00a0Minute"},"schema":{"@context":"https:\/\/schema.org","@graph":[{"@type":"WebPage","@id":"https:\/\/www.scandbook.com\/de\/produkte-und-services\/produkte\/buchumschlag-effekte-und-extras\/","url":"https:\/\/www.scandbook.com\/de\/produkte-und-services\/produkte\/buchumschlag-effekte-und-extras\/","name":"Buchumschlag-effekte und extras - ScandBook","isPartOf":{"@id":"https:\/\/www.scandbook.com\/de\/#website"},"primaryImageOfPage":{"@id":"https:\/\/www.scandbook.com\/de\/produkte-und-services\/produkte\/buchumschlag-effekte-und-extras\/#primaryimage"},"image":{"@id":"https:\/\/www.scandbook.com\/de\/produkte-und-services\/produkte\/buchumschlag-effekte-und-extras\/#primaryimage"},"thumbnailUrl":"https:\/\/www.scandbook.com\/wp-content\/uploads\/2016\/01\/effects-845x321.jpg","datePublished":"2016-01-22T09:19:23+00:00","dateModified":"2024-02-16T10:53:15+00:00","description":"Umschlaggestaltung aus einer breiten Palette von Optionen ausw\u00e4hlen: UV-Lack. Gl\u00e4nzende, matte, soft-touch laminierung. Spot, relief UV-Lack. Pr\u00e4gung und folien","breadcrumb":{"@id":"https:\/\/www.scandbook.com\/de\/produkte-und-services\/produkte\/buchumschlag-effekte-und-extras\/#breadcrumb"},"inLanguage":"de","potentialAction":[{"@type":"ReadAction","target":["https:\/\/www.scandbook.com\/de\/produkte-und-services\/produkte\/buchumschlag-effekte-und-extras\/"]}]},{"@type":"ImageObject","inLanguage":"de","@id":"https:\/\/www.scandbook.com\/de\/produkte-und-services\/produkte\/buchumschlag-effekte-und-extras\/#primaryimage","url":"https:\/\/www.scandbook.com\/wp-content\/uploads\/2016\/01\/effects-845x321.jpg","contentUrl":"https:\/\/www.scandbook.com\/wp-content\/uploads\/2016\/01\/effects-845x321.jpg"},{"@type":"BreadcrumbList","@id":"https:\/\/www.scandbook.com\/de\/produkte-und-services\/produkte\/buchumschlag-effekte-und-extras\/#breadcrumb","itemListElement":[{"@type":"ListItem","position":1,"name":"Home","item":"https:\/\/www.scandbook.com\/de\/"},{"@type":"ListItem","position":2,"name":"Produkte und Services","item":"https:\/\/www.scandbook.com\/de\/produkte-und-services\/?lang=de"},{"@type":"ListItem","position":3,"name":"Produkte","item":"https:\/\/www.scandbook.com\/de\/produkte-und-services\/produkte\/?lang=de"},{"@type":"ListItem","position":4,"name":"Buchumschlag-effekte und extras"}]},{"@type":"WebSite","@id":"https:\/\/www.scandbook.com\/de\/#website","url":"https:\/\/www.scandbook.com\/de\/","name":"ScandBook","description":"Skandinaviens f\u00fchrende Druckerei","publisher":{"@id":"https:\/\/www.scandbook.com\/de\/#organization"},"potentialAction":[{"@type":"SearchAction","target":{"@type":"EntryPoint","urlTemplate":"https:\/\/www.scandbook.com\/de\/?s={search_term_string}"},"query-input":{"@type":"PropertyValueSpecification","valueRequired":true,"valueName":"search_term_string"}}],"inLanguage":"de"},{"@type":"Organization","@id":"https:\/\/www.scandbook.com\/de\/#organization","name":"ScandBook","url":"https:\/\/www.scandbook.com\/de\/","logo":{"@type":"ImageObject","inLanguage":"de","@id":"https:\/\/www.scandbook.com\/de\/#\/schema\/logo\/image\/","url":"https:\/\/www.scandbook.com\/wp-content\/uploads\/2023\/05\/scandbook-funding-climate-action.webp","contentUrl":"https:\/\/www.scandbook.com\/wp-content\/uploads\/2023\/05\/scandbook-funding-climate-action.webp","width":256,"height":88,"caption":"ScandBook"},"image":{"@id":"https:\/\/www.scandbook.com\/de\/#\/schema\/logo\/image\/"},"sameAs":["https:\/\/www.facebook.com\/profile.php?id=100063569394878&sk=about&locale=sv_SE","https:\/\/www.linkedin.com\/company\/scandbook-ab\/"]}]}},"_links":{"self":[{"href":"https:\/\/www.scandbook.com\/de\/wp-json\/wp\/v2\/pages\/10702","targetHints":{"allow":["GET"]}}],"collection":[{"href":"https:\/\/www.scandbook.com\/de\/wp-json\/wp\/v2\/pages"}],"about":[{"href":"https:\/\/www.scandbook.com\/de\/wp-json\/wp\/v2\/types\/page"}],"author":[{"embeddable":true,"href":"https:\/\/www.scandbook.com\/de\/wp-json\/wp\/v2\/users\/9"}],"replies":[{"embeddable":true,"href":"https:\/\/www.scandbook.com\/de\/wp-json\/wp\/v2\/comments?post=10702"}],"version-history":[{"count":4,"href":"https:\/\/www.scandbook.com\/de\/wp-json\/wp\/v2\/pages\/10702\/revisions"}],"predecessor-version":[{"id":12722,"href":"https:\/\/www.scandbook.com\/de\/wp-json\/wp\/v2\/pages\/10702\/revisions\/12722"}],"up":[{"embeddable":true,"href":"https:\/\/www.scandbook.com\/de\/wp-json\/wp\/v2\/pages\/10690"}],"wp:attachment":[{"href":"https:\/\/www.scandbook.com\/de\/wp-json\/wp\/v2\/media?parent=10702"}],"curies":[{"name":"wp","href":"https:\/\/api.w.org\/{rel}","templated":true}]}}